{"id":12806,"date":"2024-02-22T13:39:53","date_gmt":"2024-02-22T12:39:53","guid":{"rendered":"https:\/\/www.ecosolucionesquimicas.es\/producto\/detartrant-pour-salle-de-bains\/"},"modified":"2026-04-21T12:00:59","modified_gmt":"2026-04-21T10:00:59","slug":"detartrant-pour-salle-de-bains","status":"publish","type":"product","link":"https:\/\/www.ecosolucionesquimicas.es\/fr\/producto\/detartrant-pour-salle-de-bains\/","title":{"rendered":"D\u00e9tartrant pour salle de bains"},"content":{"rendered":"<p><img fetchpriority=\"high\" decoding=\"async\" class=\"alignnone wp-image-3160\" src=\"https:\/\/www.ecosolucionesquimicas.es\/wp-content\/uploads\/2024\/02\/house-cleaning-woman-is-cleaning-bathroom-home-300x200.jpg\" alt=\"\" width=\"550\" height=\"367\" srcset=\"https:\/\/www.ecosolucionesquimicas.es\/wp-content\/uploads\/2024\/02\/house-cleaning-woman-is-cleaning-bathroom-home-300x200.jpg 300w, https:\/\/www.ecosolucionesquimicas.es\/wp-content\/uploads\/2024\/02\/house-cleaning-woman-is-cleaning-bathroom-home-1024x683.jpg 1024w, https:\/\/www.ecosolucionesquimicas.es\/wp-content\/uploads\/2024\/02\/house-cleaning-woman-is-cleaning-bathroom-home-768x512.jpg 768w, https:\/\/www.ecosolucionesquimicas.es\/wp-content\/uploads\/2024\/02\/house-cleaning-woman-is-cleaning-bathroom-home-1536x1024.jpg 1536w, https:\/\/www.ecosolucionesquimicas.es\/wp-content\/uploads\/2024\/02\/house-cleaning-woman-is-cleaning-bathroom-home-2048x1365.jpg 2048w, https:\/\/www.ecosolucionesquimicas.es\/wp-content\/uploads\/2024\/02\/house-cleaning-woman-is-cleaning-bathroom-home-600x400.jpg 600w\" sizes=\"(max-width: 550px) 100vw, 550px\" \/><\/p>\n<p><strong>mode d&#8217;emploi<\/strong><\/p>\n<p>\ud83d\udd18 <strong>Calcaire et joints de carrelage<\/strong>: Applique le d\u00e9tartrant pur \u00e0 l&rsquo;aide d&rsquo;un pulv\u00e9risateur, laisse agir 2 minutes, frotte avec un chiffon ou une brosse, rince \u00e0 l&rsquo;eau claire et renouvelle l&rsquo;op\u00e9ration si n\u00e9cessaire.<\/p>\n<p>\ud83d\udd18 <strong>Calcaire dans les sorties d&rsquo;eau :<\/strong> Remplis un r\u00e9cipient avec le d\u00e9tartrant non dilu\u00e9, immerge les parties concern\u00e9es pendant 2 minutes maximum, frotte si n\u00e9cessaire et rince abondamment \u00e0 l&rsquo;eau claire.<\/p>\n","protected":false},"excerpt":{"rendered":"<p><strong>NETTOYANT EFFICACE \u00c0 ACTION RAPIDE.<\/strong> ECO-205 est con\u00e7u pour \u00e9liminer efficacement le calcaire, la rouille et le tartre, laissant les surfaces brillantes apr\u00e8s utilisation.<\/p>\n<p><strong>IL S&rsquo;APPLIQUE FACILEMENT SUR UNE GRANDE VARI\u00c9T\u00c9 DE SURFACES.<\/strong> Il peut \u00eatre utilis\u00e9 sur les douches, les toilettes, les lavabos, les \u00e9viers, les cabines de douche et les robinets, assurant un nettoyage complet et efficace sur toutes les surfaces.<\/p>\n<p><strong>\u00c9LIMINE LES TACHES TENACES.<\/strong> \u00c9limine les taches jaunes et la rouille dans les toilettes et autres endroits de la salle de bain, avec une formule d\u00e9tartrante sans danger pour les mat\u00e9riaux courants de la salle de bain.<\/p>\n<p><strong>ID\u00c9AL POUR LE NETTOYAGE DES JOINTS DE CARRELAGE.<\/strong> ECO-205 restaure les joints, en \u00e9liminant la salet\u00e9 accumul\u00e9e et en leur redonnant leur couleur d&rsquo;origine. Il est \u00e9galement tr\u00e8s efficace pour \u00e9liminer le calcaire des robinets et des douches. <\/p>\n<p><strong>\u2705<\/strong><strong> FORMAT DE 5 ET 20 LITRES.<\/strong><\/p>\n<p><strong>R\u00e9f\u00e9rence : ECO-205<\/strong><\/p>\n","protected":false},"featured_media":12807,"template":"","meta":[],"product_brand":[225],"product_cat":[413],"product_tag":[643,644,645,488],"class_list":{"0":"post-12806","1":"product","2":"type-product","3":"status-publish","4":"has-post-thumbnail","6":"product_brand-eqm","7":"product_cat-limpieza-profesional","8":"product_tag-anti-calcaire","9":"product_tag-antioxyde","10":"product_tag-carreau","11":"product_tag-desincrustante","13":"first","14":"instock","15":"taxable","16":"shipping-taxable","17":"purchasable","18":"product-type-variable"},"acf":[],"yoast_head":"<!-- This site is optimized with the Yoast SEO Premium plugin v27.1 (Yoast SEO v27.4) - https:\/\/yoast.com\/product\/yoast-seo-premium-wordpress\/ -->\n<title>D\u00e9tartrant pour salle de bains - Ecosoluciones Qu\u00edmicas<\/title>\n<meta name=\"robots\" content=\"index, follow, max-snippet:-1, max-image-preview:large, max-video-preview:-1\" \/>\n<link rel=\"canonical\" href=\"https:\/\/www.ecosolucionesquimicas.es\/fr\/producto\/detartrant-pour-salle-de-bains\/\" \/>\n<meta property=\"og:locale\" content=\"fr_FR\" \/>\n<meta property=\"og:type\" content=\"article\" \/>\n<meta property=\"og:title\" content=\"D\u00e9tartrant pour salle de bains\" \/>\n<meta property=\"og:description\" content=\"NETTOYANT EFFICACE \u00c0 ACTION RAPIDE. ECO-205 est con\u00e7u pour \u00e9liminer efficacement le calcaire, la rouille et le tartre, laissant les surfaces brillantes apr\u00e8s utilisation. IL S&#039;APPLIQUE FACILEMENT SUR UNE GRANDE VARI\u00c9T\u00c9 DE SURFACES. Il peut \u00eatre utilis\u00e9 sur les douches, les toilettes, les lavabos, les \u00e9viers, les cabines de douche et les robinets, assurant un nettoyage complet et efficace sur toutes les surfaces. \u00c9LIMINE LES TACHES TENACES. \u00c9limine les taches jaunes et la rouille dans les toilettes et autres endroits de la salle de bain, avec une formule d\u00e9tartrante sans danger pour les mat\u00e9riaux courants de la salle de bain. ID\u00c9AL POUR LE NETTOYAGE DES JOINTS DE CARRELAGE. ECO-205 restaure les joints, en \u00e9liminant la salet\u00e9 accumul\u00e9e et en leur redonnant leur couleur d&#039;origine. Il est \u00e9galement tr\u00e8s efficace pour \u00e9liminer le calcaire des robinets et des douches.  \u2705 FORMAT DE 5 ET 20 LITRES. R\u00e9f\u00e9rence : ECO-205\" \/>\n<meta property=\"og:url\" content=\"https:\/\/www.ecosolucionesquimicas.es\/fr\/producto\/detartrant-pour-salle-de-bains\/\" \/>\n<meta property=\"og:site_name\" content=\"Ecosoluciones Qu\u00edmicas\" \/>\n<meta property=\"article:publisher\" content=\"https:\/\/www.facebook.com\/ecosolucionesquimicasmadrid\/\" \/>\n<meta property=\"article:modified_time\" content=\"2026-04-21T10:00:59+00:00\" \/>\n<meta property=\"og:image\" content=\"https:\/\/www.ecosolucionesquimicas.es\/wp-content\/uploads\/2024\/02\/house-cleaning-woman-is-cleaning-bathroom-home-300x200.jpg\" \/>\n<meta name=\"twitter:card\" content=\"summary_large_image\" \/>\n<meta name=\"twitter:label1\" content=\"Disponibilit\u00e9\" \/>\n\t<meta name=\"twitter:data1\" content=\"En stock\" \/>\n<script type=\"application\/ld+json\" class=\"yoast-schema-graph\">{\"@context\":\"https:\\\/\\\/schema.org\",\"@graph\":[{\"@type\":\"WebPage\",\"@id\":\"https:\\\/\\\/www.ecosolucionesquimicas.es\\\/fr\\\/producto\\\/detartrant-pour-salle-de-bains\\\/\",\"url\":\"https:\\\/\\\/www.ecosolucionesquimicas.es\\\/fr\\\/producto\\\/detartrant-pour-salle-de-bains\\\/\",\"name\":\"D\u00e9tartrant pour salle de bains - Ecosoluciones Qu\u00edmicas\",\"isPartOf\":{\"@id\":\"https:\\\/\\\/www.ecosolucionesquimicas.es\\\/fr\\\/#website\"},\"primaryImageOfPage\":{\"@id\":\"https:\\\/\\\/www.ecosolucionesquimicas.es\\\/fr\\\/producto\\\/detartrant-pour-salle-de-bains\\\/#primaryimage\"},\"image\":{\"@id\":\"https:\\\/\\\/www.ecosolucionesquimicas.es\\\/fr\\\/producto\\\/detartrant-pour-salle-de-bains\\\/#primaryimage\"},\"thumbnailUrl\":\"https:\\\/\\\/www.ecosolucionesquimicas.es\\\/wp-content\\\/uploads\\\/2024\\\/02\\\/ECO-205-5L-scaled.jpg\",\"datePublished\":\"2024-02-22T12:39:53+00:00\",\"dateModified\":\"2026-04-21T10:00:59+00:00\",\"breadcrumb\":{\"@id\":\"https:\\\/\\\/www.ecosolucionesquimicas.es\\\/fr\\\/producto\\\/detartrant-pour-salle-de-bains\\\/#breadcrumb\"},\"inLanguage\":\"fr-FR\",\"potentialAction\":[{\"@type\":\"ReadAction\",\"target\":[\"https:\\\/\\\/www.ecosolucionesquimicas.es\\\/fr\\\/producto\\\/detartrant-pour-salle-de-bains\\\/\"]}]},{\"@type\":\"ImageObject\",\"inLanguage\":\"fr-FR\",\"@id\":\"https:\\\/\\\/www.ecosolucionesquimicas.es\\\/fr\\\/producto\\\/detartrant-pour-salle-de-bains\\\/#primaryimage\",\"url\":\"https:\\\/\\\/www.ecosolucionesquimicas.es\\\/wp-content\\\/uploads\\\/2024\\\/02\\\/ECO-205-5L-scaled.jpg\",\"contentUrl\":\"https:\\\/\\\/www.ecosolucionesquimicas.es\\\/wp-content\\\/uploads\\\/2024\\\/02\\\/ECO-205-5L-scaled.jpg\",\"width\":2350,\"height\":2560},{\"@type\":\"BreadcrumbList\",\"@id\":\"https:\\\/\\\/www.ecosolucionesquimicas.es\\\/fr\\\/producto\\\/detartrant-pour-salle-de-bains\\\/#breadcrumb\",\"itemListElement\":[{\"@type\":\"ListItem\",\"position\":1,\"name\":\"Portada\",\"item\":\"https:\\\/\\\/www.ecosolucionesquimicas.es\\\/fr\\\/home\\\/\"},{\"@type\":\"ListItem\",\"position\":2,\"name\":\"D\u00e9tartrant pour salle de bains\"}]},{\"@type\":\"WebSite\",\"@id\":\"https:\\\/\\\/www.ecosolucionesquimicas.es\\\/fr\\\/#website\",\"url\":\"https:\\\/\\\/www.ecosolucionesquimicas.es\\\/fr\\\/\",\"name\":\"Ecosoluciones Qu\u00edmicas\",\"description\":\"Achetez en ligne des produits d'entretien et des produits chimiques fabriqu\u00e9s par nos soins.\",\"publisher\":{\"@id\":\"https:\\\/\\\/www.ecosolucionesquimicas.es\\\/fr\\\/#organization\"},\"alternateName\":\"EQM\",\"potentialAction\":[{\"@type\":\"SearchAction\",\"target\":{\"@type\":\"EntryPoint\",\"urlTemplate\":\"https:\\\/\\\/www.ecosolucionesquimicas.es\\\/fr\\\/?s={search_term_string}\"},\"query-input\":{\"@type\":\"PropertyValueSpecification\",\"valueRequired\":true,\"valueName\":\"search_term_string\"}}],\"inLanguage\":\"fr-FR\"},{\"@type\":\"Organization\",\"@id\":\"https:\\\/\\\/www.ecosolucionesquimicas.es\\\/fr\\\/#organization\",\"name\":\"Ecosoluciones Qu\u00edmicas\",\"url\":\"https:\\\/\\\/www.ecosolucionesquimicas.es\\\/fr\\\/\",\"logo\":{\"@type\":\"ImageObject\",\"inLanguage\":\"fr-FR\",\"@id\":\"https:\\\/\\\/www.ecosolucionesquimicas.es\\\/fr\\\/#\\\/schema\\\/logo\\\/image\\\/\",\"url\":\"https:\\\/\\\/www.ecosolucionesquimicas.es\\\/wp-content\\\/uploads\\\/2024\\\/08\\\/LOGO-EQM-NUEVO-.png\",\"contentUrl\":\"https:\\\/\\\/www.ecosolucionesquimicas.es\\\/wp-content\\\/uploads\\\/2024\\\/08\\\/LOGO-EQM-NUEVO-.png\",\"width\":1060,\"height\":456,\"caption\":\"Ecosoluciones Qu\u00edmicas\"},\"image\":{\"@id\":\"https:\\\/\\\/www.ecosolucionesquimicas.es\\\/fr\\\/#\\\/schema\\\/logo\\\/image\\\/\"},\"sameAs\":[\"https:\\\/\\\/www.facebook.com\\\/ecosolucionesquimicasmadrid\\\/\",\"https:\\\/\\\/www.instagram.com\\\/ecosolucionesquimicas\\\/\"],\"hasMerchantReturnPolicy\":{\"@type\":\"MerchantReturnPolicy\",\"merchantReturnLink\":\"https:\\\/\\\/www.ecosolucionesquimicas.es\\\/refund_returns\\\/\"}}]}<\/script>\n<meta property=\"product:brand\" content=\"EQM\" \/>\n<meta property=\"og:availability\" content=\"instock\" \/>\n<meta property=\"product:availability\" content=\"instock\" \/>\n<meta property=\"product:retailer_item_id\" content=\"ECO-205\" \/>\n<meta property=\"product:condition\" content=\"new\" \/>\n<!-- \/ Yoast SEO Premium plugin. -->","yoast_head_json":{"title":"D\u00e9tartrant pour salle de bains - Ecosoluciones Qu\u00edmicas","robots":{"index":"index","follow":"follow","max-snippet":"max-snippet:-1","max-image-preview":"max-image-preview:large","max-video-preview":"max-video-preview:-1"},"canonical":"https:\/\/www.ecosolucionesquimicas.es\/fr\/producto\/detartrant-pour-salle-de-bains\/","og_locale":"fr_FR","og_type":"article","og_title":"D\u00e9tartrant pour salle de bains","og_description":"NETTOYANT EFFICACE \u00c0 ACTION RAPIDE. ECO-205 est con\u00e7u pour \u00e9liminer efficacement le calcaire, la rouille et le tartre, laissant les surfaces brillantes apr\u00e8s utilisation. IL S'APPLIQUE FACILEMENT SUR UNE GRANDE VARI\u00c9T\u00c9 DE SURFACES. Il peut \u00eatre utilis\u00e9 sur les douches, les toilettes, les lavabos, les \u00e9viers, les cabines de douche et les robinets, assurant un nettoyage complet et efficace sur toutes les surfaces. \u00c9LIMINE LES TACHES TENACES. \u00c9limine les taches jaunes et la rouille dans les toilettes et autres endroits de la salle de bain, avec une formule d\u00e9tartrante sans danger pour les mat\u00e9riaux courants de la salle de bain. ID\u00c9AL POUR LE NETTOYAGE DES JOINTS DE CARRELAGE. ECO-205 restaure les joints, en \u00e9liminant la salet\u00e9 accumul\u00e9e et en leur redonnant leur couleur d'origine. Il est \u00e9galement tr\u00e8s efficace pour \u00e9liminer le calcaire des robinets et des douches.  \u2705 FORMAT DE 5 ET 20 LITRES. R\u00e9f\u00e9rence : ECO-205","og_url":"https:\/\/www.ecosolucionesquimicas.es\/fr\/producto\/detartrant-pour-salle-de-bains\/","og_site_name":"Ecosoluciones Qu\u00edmicas","article_publisher":"https:\/\/www.facebook.com\/ecosolucionesquimicasmadrid\/","article_modified_time":"2026-04-21T10:00:59+00:00","og_image":[{"url":"https:\/\/www.ecosolucionesquimicas.es\/wp-content\/uploads\/2024\/02\/house-cleaning-woman-is-cleaning-bathroom-home-300x200.jpg","type":"","width":"","height":""}],"twitter_card":"summary_large_image","twitter_misc":{"Disponibilit\u00e9":"En stock"},"schema":{"@context":"https:\/\/schema.org","@graph":[{"@type":"WebPage","@id":"https:\/\/www.ecosolucionesquimicas.es\/fr\/producto\/detartrant-pour-salle-de-bains\/","url":"https:\/\/www.ecosolucionesquimicas.es\/fr\/producto\/detartrant-pour-salle-de-bains\/","name":"D\u00e9tartrant pour salle de bains - Ecosoluciones Qu\u00edmicas","isPartOf":{"@id":"https:\/\/www.ecosolucionesquimicas.es\/fr\/#website"},"primaryImageOfPage":{"@id":"https:\/\/www.ecosolucionesquimicas.es\/fr\/producto\/detartrant-pour-salle-de-bains\/#primaryimage"},"image":{"@id":"https:\/\/www.ecosolucionesquimicas.es\/fr\/producto\/detartrant-pour-salle-de-bains\/#primaryimage"},"thumbnailUrl":"https:\/\/www.ecosolucionesquimicas.es\/wp-content\/uploads\/2024\/02\/ECO-205-5L-scaled.jpg","datePublished":"2024-02-22T12:39:53+00:00","dateModified":"2026-04-21T10:00:59+00:00","breadcrumb":{"@id":"https:\/\/www.ecosolucionesquimicas.es\/fr\/producto\/detartrant-pour-salle-de-bains\/#breadcrumb"},"inLanguage":"fr-FR","potentialAction":[{"@type":"ReadAction","target":["https:\/\/www.ecosolucionesquimicas.es\/fr\/producto\/detartrant-pour-salle-de-bains\/"]}]},{"@type":"ImageObject","inLanguage":"fr-FR","@id":"https:\/\/www.ecosolucionesquimicas.es\/fr\/producto\/detartrant-pour-salle-de-bains\/#primaryimage","url":"https:\/\/www.ecosolucionesquimicas.es\/wp-content\/uploads\/2024\/02\/ECO-205-5L-scaled.jpg","contentUrl":"https:\/\/www.ecosolucionesquimicas.es\/wp-content\/uploads\/2024\/02\/ECO-205-5L-scaled.jpg","width":2350,"height":2560},{"@type":"BreadcrumbList","@id":"https:\/\/www.ecosolucionesquimicas.es\/fr\/producto\/detartrant-pour-salle-de-bains\/#breadcrumb","itemListElement":[{"@type":"ListItem","position":1,"name":"Portada","item":"https:\/\/www.ecosolucionesquimicas.es\/fr\/home\/"},{"@type":"ListItem","position":2,"name":"D\u00e9tartrant pour salle de bains"}]},{"@type":"WebSite","@id":"https:\/\/www.ecosolucionesquimicas.es\/fr\/#website","url":"https:\/\/www.ecosolucionesquimicas.es\/fr\/","name":"Ecosoluciones Qu\u00edmicas","description":"Achetez en ligne des produits d'entretien et des produits chimiques fabriqu\u00e9s par nos soins.","publisher":{"@id":"https:\/\/www.ecosolucionesquimicas.es\/fr\/#organization"},"alternateName":"EQM","potentialAction":[{"@type":"SearchAction","target":{"@type":"EntryPoint","urlTemplate":"https:\/\/www.ecosolucionesquimicas.es\/fr\/?s={search_term_string}"},"query-input":{"@type":"PropertyValueSpecification","valueRequired":true,"valueName":"search_term_string"}}],"inLanguage":"fr-FR"},{"@type":"Organization","@id":"https:\/\/www.ecosolucionesquimicas.es\/fr\/#organization","name":"Ecosoluciones Qu\u00edmicas","url":"https:\/\/www.ecosolucionesquimicas.es\/fr\/","logo":{"@type":"ImageObject","inLanguage":"fr-FR","@id":"https:\/\/www.ecosolucionesquimicas.es\/fr\/#\/schema\/logo\/image\/","url":"https:\/\/www.ecosolucionesquimicas.es\/wp-content\/uploads\/2024\/08\/LOGO-EQM-NUEVO-.png","contentUrl":"https:\/\/www.ecosolucionesquimicas.es\/wp-content\/uploads\/2024\/08\/LOGO-EQM-NUEVO-.png","width":1060,"height":456,"caption":"Ecosoluciones Qu\u00edmicas"},"image":{"@id":"https:\/\/www.ecosolucionesquimicas.es\/fr\/#\/schema\/logo\/image\/"},"sameAs":["https:\/\/www.facebook.com\/ecosolucionesquimicasmadrid\/","https:\/\/www.instagram.com\/ecosolucionesquimicas\/"],"hasMerchantReturnPolicy":{"@type":"MerchantReturnPolicy","merchantReturnLink":"https:\/\/www.ecosolucionesquimicas.es\/refund_returns\/"}}]},"product_brand":"EQM","og_availability":"instock","product_availability":"instock","product_retailer_item_id":"ECO-205","product_condition":"new"},"_links":{"self":[{"href":"https:\/\/www.ecosolucionesquimicas.es\/fr\/wp-json\/wp\/v2\/product\/12806","targetHints":{"allow":["GET"]}}],"collection":[{"href":"https:\/\/www.ecosolucionesquimicas.es\/fr\/wp-json\/wp\/v2\/product"}],"about":[{"href":"https:\/\/www.ecosolucionesquimicas.es\/fr\/wp-json\/wp\/v2\/types\/product"}],"wp:featuredmedia":[{"embeddable":true,"href":"https:\/\/www.ecosolucionesquimicas.es\/fr\/wp-json\/wp\/v2\/media\/12807"}],"wp:attachment":[{"href":"https:\/\/www.ecosolucionesquimicas.es\/fr\/wp-json\/wp\/v2\/media?parent=12806"}],"wp:term":[{"taxonomy":"product_brand","embeddable":true,"href":"https:\/\/www.ecosolucionesquimicas.es\/fr\/wp-json\/wp\/v2\/product_brand?post=12806"},{"taxonomy":"product_cat","embeddable":true,"href":"https:\/\/www.ecosolucionesquimicas.es\/fr\/wp-json\/wp\/v2\/product_cat?post=12806"},{"taxonomy":"product_tag","embeddable":true,"href":"https:\/\/www.ecosolucionesquimicas.es\/fr\/wp-json\/wp\/v2\/product_tag?post=12806"}],"curies":[{"name":"wp","href":"https:\/\/api.w.org\/{rel}","templated":true}]}}