{"id":12797,"date":"2024-02-22T15:11:41","date_gmt":"2024-02-22T14:11:41","guid":{"rendered":"https:\/\/www.ecosolucionesquimicas.es\/producto\/nettoyant-pour-barbecue-four-et-gril\/"},"modified":"2026-03-28T16:28:55","modified_gmt":"2026-03-28T15:28:55","slug":"nettoyant-pour-barbecue-four-et-gril","status":"publish","type":"product","link":"https:\/\/www.ecosolucionesquimicas.es\/fr\/producto\/nettoyant-pour-barbecue-four-et-gril\/","title":{"rendered":"Nettoyant pour barbecue, four et gril"},"content":{"rendered":"<p><img fetchpriority=\"high\" decoding=\"async\" class=\"alignnone wp-image-3220\" src=\"https:\/\/www.ecosolucionesquimicas.es\/wp-content\/uploads\/2024\/02\/DALL%C2%B7E-2024-08-18-14.32.28-A-scene-showing-someone-cleaning-a-barbecue-grill-with-a-cloth-with-more-of-the-barbecue-and-some-garden-visible-in-the-background.-The-person-is-wip-300x171.webp\" alt=\"\" width=\"550\" height=\"314\"><\/p>\n<p><strong>MODE D&rsquo;EMPLOI<\/strong><\/p>\n<p><strong>\ud83d\udd18 Vaporiser :<\/strong> Appliquer le d\u00e9graissant sur la surface refroidie du barbecue.<br \/>\n<strong>\ud83d\udd18 Frotter :<\/strong> Utiliser une \u00e9ponge ou une brosse pour frotter, en veillant \u00e0 ce que le produit p\u00e9n\u00e8tre bien.<br \/>\n<strong>\ud83d\udd18 Laisser agir :<\/strong> Laisser agir le produit pendant 5 \u00e0 15 minutes, selon le niveau de salissure.<br \/>\n<strong>\ud83d\udd18 Rincer :<\/strong> Rincer abondamment \u00e0 l&rsquo;eau jusqu&rsquo;\u00e0 ce que tous les r\u00e9sidus soient \u00e9limin\u00e9s.<br \/>\n<strong>\ud83d\udd18 S\u00e9cher :<\/strong> Essuyer \u00e0 l&rsquo;aide d&rsquo;un chiffon propre.<\/p>\n","protected":false},"excerpt":{"rendered":"<p><strong>D\u00c9GRAISSANT HAUTEMENT CONCENTR\u00c9<\/strong>. ECO-211 est formul\u00e9 avec des ingr\u00e9dients avanc\u00e9s pour permettre un nettoyage efficace en profondeur des barbecues, des fours et des grils, y compris des surfaces les plus difficiles \u00e0 traiter. <\/p>\n<p><strong>\u00c9LIMINE LES R\u00c9SIDUS DE CUISSON ET LA GRAISSE INCRUST\u00c9E<\/strong>. Ce produit dissout efficacement les r\u00e9sidus carbonis\u00e9s et la graisse accumul\u00e9e, laissant les surfaces de ton barbecue, de ton four ou de ton gril compl\u00e8tement propres. <\/p>\n<p><strong>ACTION RAPIDE ET EFFICACE DU SOLVANT<\/strong>. La formule puissante agit rapidement sur la graisse, r\u00e9duisant ainsi le temps et les efforts n\u00e9cessaires pour un nettoyage en profondeur, sans n\u00e9cessiter un r\u00e9curage excessif. <\/p>\n<p><strong>POLYVALENT ET S\u00dbR POUR DE MULTIPLES SURFACES<\/strong>. ECO-211 convient non seulement aux fours, aux barbecues et aux grils, mais aussi aux plaques en acier inoxydable, aux po\u00eales \u00e0 frire, aux plateaux de cuisson et aux autres accessoires de cuisine qui n\u00e9cessitent un nettoyage intensif. <\/p>\n<p><strong>\u2705<\/strong><strong> FORMAT DE 5 LITRES.<\/strong><\/p>\n<p><strong>R\u00e9f\u00e9rence : ECO-211<\/strong><\/p>\n","protected":false},"featured_media":12798,"template":"","meta":[],"product_brand":[225],"product_cat":[413],"product_tag":[638,415,550],"class_list":{"0":"post-12797","1":"product","2":"type-product","3":"status-publish","4":"has-post-thumbnail","6":"product_brand-eqm","7":"product_cat-limpieza-profesional","8":"product_tag-barbecue","9":"product_tag-desengrasante","10":"product_tag-four","12":"first","13":"instock","14":"taxable","15":"shipping-taxable","16":"purchasable","17":"product-type-simple"},"acf":[],"yoast_head":"<!-- This site is optimized with the Yoast SEO Premium plugin v27.1 (Yoast SEO v27.4) - https:\/\/yoast.com\/product\/yoast-seo-premium-wordpress\/ -->\n<title>Nettoyant pour barbecue, four et gril - Ecosoluciones Qu\u00edmicas<\/title>\n<meta name=\"robots\" content=\"index, follow, max-snippet:-1, max-image-preview:large, max-video-preview:-1\" \/>\n<link rel=\"canonical\" href=\"https:\/\/www.ecosolucionesquimicas.es\/fr\/producto\/nettoyant-pour-barbecue-four-et-gril\/\" \/>\n<meta property=\"og:locale\" content=\"fr_FR\" \/>\n<meta property=\"og:type\" content=\"article\" \/>\n<meta property=\"og:title\" content=\"Nettoyant pour barbecue, four et gril\" \/>\n<meta property=\"og:description\" content=\"D\u00c9GRAISSANT HAUTEMENT CONCENTR\u00c9. ECO-211 est formul\u00e9 avec des ingr\u00e9dients avanc\u00e9s pour permettre un nettoyage efficace en profondeur des barbecues, des fours et des grils, y compris des surfaces les plus difficiles \u00e0 traiter.  \u00c9LIMINE LES R\u00c9SIDUS DE CUISSON ET LA GRAISSE INCRUST\u00c9E. Ce produit dissout efficacement les r\u00e9sidus carbonis\u00e9s et la graisse accumul\u00e9e, laissant les surfaces de ton barbecue, de ton four ou de ton gril compl\u00e8tement propres.  ACTION RAPIDE ET EFFICACE DU SOLVANT. La formule puissante agit rapidement sur la graisse, r\u00e9duisant ainsi le temps et les efforts n\u00e9cessaires pour un nettoyage en profondeur, sans n\u00e9cessiter un r\u00e9curage excessif.  POLYVALENT ET S\u00dbR POUR DE MULTIPLES SURFACES. ECO-211 convient non seulement aux fours, aux barbecues et aux grils, mais aussi aux plaques en acier inoxydable, aux po\u00eales \u00e0 frire, aux plateaux de cuisson et aux autres accessoires de cuisine qui n\u00e9cessitent un nettoyage intensif.  \u2705 FORMAT DE 5 LITRES. R\u00e9f\u00e9rence : ECO-211\" \/>\n<meta property=\"og:url\" content=\"https:\/\/www.ecosolucionesquimicas.es\/fr\/producto\/nettoyant-pour-barbecue-four-et-gril\/\" \/>\n<meta property=\"og:site_name\" content=\"Ecosoluciones Qu\u00edmicas\" \/>\n<meta property=\"article:publisher\" content=\"https:\/\/www.facebook.com\/ecosolucionesquimicasmadrid\/\" \/>\n<meta property=\"article:modified_time\" content=\"2026-03-28T15:28:55+00:00\" \/>\n<meta property=\"og:image\" content=\"https:\/\/www.ecosolucionesquimicas.es\/wp-content\/uploads\/2024\/02\/DALL%C2%B7E-2024-08-18-14.32.28-A-scene-showing-someone-cleaning-a-barbecue-grill-with-a-cloth-with-more-of-the-barbecue-and-some-garden-visible-in-the-background.-The-person-is-wip-300x171.webp\" \/>\n<meta name=\"twitter:card\" content=\"summary_large_image\" \/>\n<meta name=\"twitter:label1\" content=\"Prix\" \/>\n\t<meta name=\"twitter:data1\" content=\"12,09&nbsp;&euro; TVA incluse.\" \/>\n\t<meta name=\"twitter:label2\" content=\"Disponibilit\u00e9\" \/>\n\t<meta name=\"twitter:data2\" content=\"En stock\" \/>\n<script type=\"application\/ld+json\" class=\"yoast-schema-graph\">{\"@context\":\"https:\\\/\\\/schema.org\",\"@graph\":[{\"@type\":\"WebPage\",\"@id\":\"https:\\\/\\\/www.ecosolucionesquimicas.es\\\/fr\\\/producto\\\/nettoyant-pour-barbecue-four-et-gril\\\/\",\"url\":\"https:\\\/\\\/www.ecosolucionesquimicas.es\\\/fr\\\/producto\\\/nettoyant-pour-barbecue-four-et-gril\\\/\",\"name\":\"Nettoyant pour barbecue, four et gril - Ecosoluciones Qu\u00edmicas\",\"isPartOf\":{\"@id\":\"https:\\\/\\\/www.ecosolucionesquimicas.es\\\/fr\\\/#website\"},\"primaryImageOfPage\":{\"@id\":\"https:\\\/\\\/www.ecosolucionesquimicas.es\\\/fr\\\/producto\\\/nettoyant-pour-barbecue-four-et-gril\\\/#primaryimage\"},\"image\":{\"@id\":\"https:\\\/\\\/www.ecosolucionesquimicas.es\\\/fr\\\/producto\\\/nettoyant-pour-barbecue-four-et-gril\\\/#primaryimage\"},\"thumbnailUrl\":\"https:\\\/\\\/www.ecosolucionesquimicas.es\\\/wp-content\\\/uploads\\\/2024\\\/02\\\/ECO-211-5L-scaled.jpg\",\"datePublished\":\"2024-02-22T14:11:41+00:00\",\"dateModified\":\"2026-03-28T15:28:55+00:00\",\"breadcrumb\":{\"@id\":\"https:\\\/\\\/www.ecosolucionesquimicas.es\\\/fr\\\/producto\\\/nettoyant-pour-barbecue-four-et-gril\\\/#breadcrumb\"},\"inLanguage\":\"fr-FR\",\"potentialAction\":[{\"@type\":\"ReadAction\",\"target\":[\"https:\\\/\\\/www.ecosolucionesquimicas.es\\\/fr\\\/producto\\\/nettoyant-pour-barbecue-four-et-gril\\\/\"]}]},{\"@type\":\"ImageObject\",\"inLanguage\":\"fr-FR\",\"@id\":\"https:\\\/\\\/www.ecosolucionesquimicas.es\\\/fr\\\/producto\\\/nettoyant-pour-barbecue-four-et-gril\\\/#primaryimage\",\"url\":\"https:\\\/\\\/www.ecosolucionesquimicas.es\\\/wp-content\\\/uploads\\\/2024\\\/02\\\/ECO-211-5L-scaled.jpg\",\"contentUrl\":\"https:\\\/\\\/www.ecosolucionesquimicas.es\\\/wp-content\\\/uploads\\\/2024\\\/02\\\/ECO-211-5L-scaled.jpg\",\"width\":2350,\"height\":2560},{\"@type\":\"BreadcrumbList\",\"@id\":\"https:\\\/\\\/www.ecosolucionesquimicas.es\\\/fr\\\/producto\\\/nettoyant-pour-barbecue-four-et-gril\\\/#breadcrumb\",\"itemListElement\":[{\"@type\":\"ListItem\",\"position\":1,\"name\":\"Portada\",\"item\":\"https:\\\/\\\/www.ecosolucionesquimicas.es\\\/fr\\\/home\\\/\"},{\"@type\":\"ListItem\",\"position\":2,\"name\":\"Nettoyant pour barbecue, four et gril\"}]},{\"@type\":\"WebSite\",\"@id\":\"https:\\\/\\\/www.ecosolucionesquimicas.es\\\/fr\\\/#website\",\"url\":\"https:\\\/\\\/www.ecosolucionesquimicas.es\\\/fr\\\/\",\"name\":\"Ecosoluciones Qu\u00edmicas\",\"description\":\"Achetez en ligne des produits d'entretien et des produits chimiques fabriqu\u00e9s par nos soins.\",\"publisher\":{\"@id\":\"https:\\\/\\\/www.ecosolucionesquimicas.es\\\/fr\\\/#organization\"},\"alternateName\":\"EQM\",\"potentialAction\":[{\"@type\":\"SearchAction\",\"target\":{\"@type\":\"EntryPoint\",\"urlTemplate\":\"https:\\\/\\\/www.ecosolucionesquimicas.es\\\/fr\\\/?s={search_term_string}\"},\"query-input\":{\"@type\":\"PropertyValueSpecification\",\"valueRequired\":true,\"valueName\":\"search_term_string\"}}],\"inLanguage\":\"fr-FR\"},{\"@type\":\"Organization\",\"@id\":\"https:\\\/\\\/www.ecosolucionesquimicas.es\\\/fr\\\/#organization\",\"name\":\"Ecosoluciones Qu\u00edmicas\",\"url\":\"https:\\\/\\\/www.ecosolucionesquimicas.es\\\/fr\\\/\",\"logo\":{\"@type\":\"ImageObject\",\"inLanguage\":\"fr-FR\",\"@id\":\"https:\\\/\\\/www.ecosolucionesquimicas.es\\\/fr\\\/#\\\/schema\\\/logo\\\/image\\\/\",\"url\":\"https:\\\/\\\/www.ecosolucionesquimicas.es\\\/wp-content\\\/uploads\\\/2024\\\/08\\\/LOGO-EQM-NUEVO-.png\",\"contentUrl\":\"https:\\\/\\\/www.ecosolucionesquimicas.es\\\/wp-content\\\/uploads\\\/2024\\\/08\\\/LOGO-EQM-NUEVO-.png\",\"width\":1060,\"height\":456,\"caption\":\"Ecosoluciones Qu\u00edmicas\"},\"image\":{\"@id\":\"https:\\\/\\\/www.ecosolucionesquimicas.es\\\/fr\\\/#\\\/schema\\\/logo\\\/image\\\/\"},\"sameAs\":[\"https:\\\/\\\/www.facebook.com\\\/ecosolucionesquimicasmadrid\\\/\",\"https:\\\/\\\/www.instagram.com\\\/ecosolucionesquimicas\\\/\"],\"hasMerchantReturnPolicy\":{\"@type\":\"MerchantReturnPolicy\",\"merchantReturnLink\":\"https:\\\/\\\/www.ecosolucionesquimicas.es\\\/refund_returns\\\/\"}}]}<\/script>\n<meta property=\"product:brand\" content=\"EQM\" \/>\n<meta property=\"product:price:amount\" content=\"12.09\" \/>\n<meta property=\"product:price:currency\" content=\"EUR\" \/>\n<meta property=\"og:availability\" content=\"instock\" \/>\n<meta property=\"product:availability\" content=\"instock\" \/>\n<meta property=\"product:retailer_item_id\" content=\"ECO-211\" \/>\n<meta property=\"product:condition\" content=\"new\" \/>\n<!-- \/ Yoast SEO Premium plugin. -->","yoast_head_json":{"title":"Nettoyant pour barbecue, four et gril - Ecosoluciones Qu\u00edmicas","robots":{"index":"index","follow":"follow","max-snippet":"max-snippet:-1","max-image-preview":"max-image-preview:large","max-video-preview":"max-video-preview:-1"},"canonical":"https:\/\/www.ecosolucionesquimicas.es\/fr\/producto\/nettoyant-pour-barbecue-four-et-gril\/","og_locale":"fr_FR","og_type":"article","og_title":"Nettoyant pour barbecue, four et gril","og_description":"D\u00c9GRAISSANT HAUTEMENT CONCENTR\u00c9. ECO-211 est formul\u00e9 avec des ingr\u00e9dients avanc\u00e9s pour permettre un nettoyage efficace en profondeur des barbecues, des fours et des grils, y compris des surfaces les plus difficiles \u00e0 traiter.  \u00c9LIMINE LES R\u00c9SIDUS DE CUISSON ET LA GRAISSE INCRUST\u00c9E. Ce produit dissout efficacement les r\u00e9sidus carbonis\u00e9s et la graisse accumul\u00e9e, laissant les surfaces de ton barbecue, de ton four ou de ton gril compl\u00e8tement propres.  ACTION RAPIDE ET EFFICACE DU SOLVANT. La formule puissante agit rapidement sur la graisse, r\u00e9duisant ainsi le temps et les efforts n\u00e9cessaires pour un nettoyage en profondeur, sans n\u00e9cessiter un r\u00e9curage excessif.  POLYVALENT ET S\u00dbR POUR DE MULTIPLES SURFACES. ECO-211 convient non seulement aux fours, aux barbecues et aux grils, mais aussi aux plaques en acier inoxydable, aux po\u00eales \u00e0 frire, aux plateaux de cuisson et aux autres accessoires de cuisine qui n\u00e9cessitent un nettoyage intensif.  \u2705 FORMAT DE 5 LITRES. R\u00e9f\u00e9rence : ECO-211","og_url":"https:\/\/www.ecosolucionesquimicas.es\/fr\/producto\/nettoyant-pour-barbecue-four-et-gril\/","og_site_name":"Ecosoluciones Qu\u00edmicas","article_publisher":"https:\/\/www.facebook.com\/ecosolucionesquimicasmadrid\/","article_modified_time":"2026-03-28T15:28:55+00:00","og_image":[{"url":"https:\/\/www.ecosolucionesquimicas.es\/wp-content\/uploads\/2024\/02\/DALL%C2%B7E-2024-08-18-14.32.28-A-scene-showing-someone-cleaning-a-barbecue-grill-with-a-cloth-with-more-of-the-barbecue-and-some-garden-visible-in-the-background.-The-person-is-wip-300x171.webp","type":"","width":"","height":""}],"twitter_card":"summary_large_image","twitter_misc":{"Prix":"12,09&nbsp;&euro; TVA incluse.","Disponibilit\u00e9":"En stock"},"schema":{"@context":"https:\/\/schema.org","@graph":[{"@type":"WebPage","@id":"https:\/\/www.ecosolucionesquimicas.es\/fr\/producto\/nettoyant-pour-barbecue-four-et-gril\/","url":"https:\/\/www.ecosolucionesquimicas.es\/fr\/producto\/nettoyant-pour-barbecue-four-et-gril\/","name":"Nettoyant pour barbecue, four et gril - Ecosoluciones Qu\u00edmicas","isPartOf":{"@id":"https:\/\/www.ecosolucionesquimicas.es\/fr\/#website"},"primaryImageOfPage":{"@id":"https:\/\/www.ecosolucionesquimicas.es\/fr\/producto\/nettoyant-pour-barbecue-four-et-gril\/#primaryimage"},"image":{"@id":"https:\/\/www.ecosolucionesquimicas.es\/fr\/producto\/nettoyant-pour-barbecue-four-et-gril\/#primaryimage"},"thumbnailUrl":"https:\/\/www.ecosolucionesquimicas.es\/wp-content\/uploads\/2024\/02\/ECO-211-5L-scaled.jpg","datePublished":"2024-02-22T14:11:41+00:00","dateModified":"2026-03-28T15:28:55+00:00","breadcrumb":{"@id":"https:\/\/www.ecosolucionesquimicas.es\/fr\/producto\/nettoyant-pour-barbecue-four-et-gril\/#breadcrumb"},"inLanguage":"fr-FR","potentialAction":[{"@type":"ReadAction","target":["https:\/\/www.ecosolucionesquimicas.es\/fr\/producto\/nettoyant-pour-barbecue-four-et-gril\/"]}]},{"@type":"ImageObject","inLanguage":"fr-FR","@id":"https:\/\/www.ecosolucionesquimicas.es\/fr\/producto\/nettoyant-pour-barbecue-four-et-gril\/#primaryimage","url":"https:\/\/www.ecosolucionesquimicas.es\/wp-content\/uploads\/2024\/02\/ECO-211-5L-scaled.jpg","contentUrl":"https:\/\/www.ecosolucionesquimicas.es\/wp-content\/uploads\/2024\/02\/ECO-211-5L-scaled.jpg","width":2350,"height":2560},{"@type":"BreadcrumbList","@id":"https:\/\/www.ecosolucionesquimicas.es\/fr\/producto\/nettoyant-pour-barbecue-four-et-gril\/#breadcrumb","itemListElement":[{"@type":"ListItem","position":1,"name":"Portada","item":"https:\/\/www.ecosolucionesquimicas.es\/fr\/home\/"},{"@type":"ListItem","position":2,"name":"Nettoyant pour barbecue, four et gril"}]},{"@type":"WebSite","@id":"https:\/\/www.ecosolucionesquimicas.es\/fr\/#website","url":"https:\/\/www.ecosolucionesquimicas.es\/fr\/","name":"Ecosoluciones Qu\u00edmicas","description":"Achetez en ligne des produits d'entretien et des produits chimiques fabriqu\u00e9s par nos soins.","publisher":{"@id":"https:\/\/www.ecosolucionesquimicas.es\/fr\/#organization"},"alternateName":"EQM","potentialAction":[{"@type":"SearchAction","target":{"@type":"EntryPoint","urlTemplate":"https:\/\/www.ecosolucionesquimicas.es\/fr\/?s={search_term_string}"},"query-input":{"@type":"PropertyValueSpecification","valueRequired":true,"valueName":"search_term_string"}}],"inLanguage":"fr-FR"},{"@type":"Organization","@id":"https:\/\/www.ecosolucionesquimicas.es\/fr\/#organization","name":"Ecosoluciones Qu\u00edmicas","url":"https:\/\/www.ecosolucionesquimicas.es\/fr\/","logo":{"@type":"ImageObject","inLanguage":"fr-FR","@id":"https:\/\/www.ecosolucionesquimicas.es\/fr\/#\/schema\/logo\/image\/","url":"https:\/\/www.ecosolucionesquimicas.es\/wp-content\/uploads\/2024\/08\/LOGO-EQM-NUEVO-.png","contentUrl":"https:\/\/www.ecosolucionesquimicas.es\/wp-content\/uploads\/2024\/08\/LOGO-EQM-NUEVO-.png","width":1060,"height":456,"caption":"Ecosoluciones Qu\u00edmicas"},"image":{"@id":"https:\/\/www.ecosolucionesquimicas.es\/fr\/#\/schema\/logo\/image\/"},"sameAs":["https:\/\/www.facebook.com\/ecosolucionesquimicasmadrid\/","https:\/\/www.instagram.com\/ecosolucionesquimicas\/"],"hasMerchantReturnPolicy":{"@type":"MerchantReturnPolicy","merchantReturnLink":"https:\/\/www.ecosolucionesquimicas.es\/refund_returns\/"}}]},"product_brand":"EQM","product_price_amount":"12.09","product_price_currency":"EUR","og_availability":"instock","product_availability":"instock","product_retailer_item_id":"ECO-211","product_condition":"new"},"_links":{"self":[{"href":"https:\/\/www.ecosolucionesquimicas.es\/fr\/wp-json\/wp\/v2\/product\/12797","targetHints":{"allow":["GET"]}}],"collection":[{"href":"https:\/\/www.ecosolucionesquimicas.es\/fr\/wp-json\/wp\/v2\/product"}],"about":[{"href":"https:\/\/www.ecosolucionesquimicas.es\/fr\/wp-json\/wp\/v2\/types\/product"}],"wp:featuredmedia":[{"embeddable":true,"href":"https:\/\/www.ecosolucionesquimicas.es\/fr\/wp-json\/wp\/v2\/media\/12798"}],"wp:attachment":[{"href":"https:\/\/www.ecosolucionesquimicas.es\/fr\/wp-json\/wp\/v2\/media?parent=12797"}],"wp:term":[{"taxonomy":"product_brand","embeddable":true,"href":"https:\/\/www.ecosolucionesquimicas.es\/fr\/wp-json\/wp\/v2\/product_brand?post=12797"},{"taxonomy":"product_cat","embeddable":true,"href":"https:\/\/www.ecosolucionesquimicas.es\/fr\/wp-json\/wp\/v2\/product_cat?post=12797"},{"taxonomy":"product_tag","embeddable":true,"href":"https:\/\/www.ecosolucionesquimicas.es\/fr\/wp-json\/wp\/v2\/product_tag?post=12797"}],"curies":[{"name":"wp","href":"https:\/\/api.w.org\/{rel}","templated":true}]}}