{"id":12788,"date":"2024-02-22T15:11:41","date_gmt":"2024-02-22T14:11:41","guid":{"rendered":"https:\/\/www.ecosolucionesquimicas.es\/producto\/nettoyant-pour-mouchoirs-en-papier-a-la-citronnelle\/"},"modified":"2024-02-22T15:11:41","modified_gmt":"2024-02-22T14:11:41","slug":"nettoyant-pour-mouchoirs-en-papier-a-la-citronnelle","status":"publish","type":"product","link":"https:\/\/www.ecosolucionesquimicas.es\/fr\/producto\/nettoyant-pour-mouchoirs-en-papier-a-la-citronnelle\/","title":{"rendered":"Nettoyant pour mouchoirs en papier \u00e0 la citronnelle"},"content":{"rendered":"<p><img fetchpriority=\"high\" decoding=\"async\" class=\"alignnone wp-image-3184\" src=\"https:\/\/www.ecosolucionesquimicas.es\/wp-content\/uploads\/2024\/02\/DALL%C2%B7E-2024-08-13-23.59.11-A-highly-realistic-scene-showing-a-mop-cleaning-a-shiny-floor-with-a-visible-barrier-forming-behind-it-as-it-moves.-The-barrier-appears-as-a-transluc-300x171.webp\" alt=\"\" width=\"550\" height=\"314\"><\/p>\n<p><strong>MODE D&rsquo;EMPLOI<\/strong><\/p>\n<p>\ud83d\udd18 <strong>Dilution :<\/strong> Diluer 100 ml dans 5 litres d&rsquo;eau pour un nettoyage efficace et une protection durable.<br \/>\n\ud83d\udd18 <strong>Activation :<\/strong> Le produit active les ingr\u00e9dients de nettoyage, \u00e9limine la salet\u00e9, neutralise les mauvaises odeurs et repousse les insectes gr\u00e2ce \u00e0 la citronnelle.<br \/>\n\ud83d\udd18 <strong>Application :<\/strong> Convient aux sols en bois, en carrelage et en marbre, nettoie sans ab\u00eemer ni laisser de r\u00e9sidus.<br \/>\n\ud83d\udd18 <strong>Frottage :<\/strong> Appliquer avec une serpilli\u00e8re essor\u00e9e pour couvrir toute la surface et obtenir un fini impeccable.<\/p>\n","protected":false},"excerpt":{"rendered":"<p><strong>ECO-210 EST POLYVALENT POUR LES SOLS ET LES SURFACES.<\/strong> Formul\u00e9 avec des tensioactifs avanc\u00e9s, il dissout efficacement la salet\u00e9 et assure un nettoyage en profondeur sans effort suppl\u00e9mentaire, ce qui rend le nettoyage plus facile et plus efficace.<\/p>\n<p>\u2705 <strong>CONTIENT DE LA CITRONNELLE.<\/strong> Un ingr\u00e9dient naturel qui non seulement d\u00e9sodorise, mais agit \u00e9galement comme un bouclier protecteur contre les insectes, aidant ainsi \u00e0 garder les espaces exempts de nuisibles.<\/p>\n<p><strong>PR\u00c9SERVE LA BEAUT\u00c9 ET L&rsquo;\u00c9CLAT NATUREL DES SURFACES.<\/strong> ECO-210 veille \u00e0 ce que les sols et autres surfaces conservent leur aspect d&rsquo;origine et leur \u00e9clat naturel apr\u00e8s chaque nettoyage, sans provoquer d&rsquo;usure.<\/p>\n<p><strong>Convient \u00e0 tous les types de sols.<\/strong> pH neutre et soigneusement formul\u00e9, il assure un nettoyage efficace et s\u00fbr sur une vari\u00e9t\u00e9 de surfaces, en prot\u00e9geant les mat\u00e9riaux et en pr\u00e9venant les dommages.<\/p>\n<p><strong>\u2705<\/strong><strong> FORMAT DE 5 LITRES.<\/strong><\/p>\n<p><strong>R\u00e9f\u00e9rence : ECO-210<\/strong><\/p>\n","protected":false},"featured_media":12789,"template":"","meta":[],"product_brand":[225],"product_cat":[413],"product_tag":[630,631],"class_list":{"0":"post-12788","1":"product","2":"type-product","3":"status-publish","4":"has-post-thumbnail","6":"product_brand-eqm","7":"product_cat-limpieza-profesional","8":"product_tag-citronnelle","9":"product_tag-nettoyeurs-de-sol","11":"first","12":"instock","13":"taxable","14":"shipping-taxable","15":"purchasable","16":"product-type-simple"},"acf":[],"yoast_head":"<!-- This site is optimized with the Yoast SEO Premium plugin v27.1 (Yoast SEO v27.4) - https:\/\/yoast.com\/product\/yoast-seo-premium-wordpress\/ -->\n<title>Nettoyant pour mouchoirs en papier \u00e0 la citronnelle - Ecosoluciones Qu\u00edmicas<\/title>\n<meta name=\"robots\" content=\"index, follow, max-snippet:-1, max-image-preview:large, max-video-preview:-1\" \/>\n<link rel=\"canonical\" href=\"https:\/\/www.ecosolucionesquimicas.es\/fr\/producto\/nettoyant-pour-mouchoirs-en-papier-a-la-citronnelle\/\" \/>\n<meta property=\"og:locale\" content=\"fr_FR\" \/>\n<meta property=\"og:type\" content=\"article\" \/>\n<meta property=\"og:title\" content=\"Nettoyant pour mouchoirs en papier \u00e0 la citronnelle\" \/>\n<meta property=\"og:description\" content=\"ECO-210 EST POLYVALENT POUR LES SOLS ET LES SURFACES. Formul\u00e9 avec des tensioactifs avanc\u00e9s, il dissout efficacement la salet\u00e9 et assure un nettoyage en profondeur sans effort suppl\u00e9mentaire, ce qui rend le nettoyage plus facile et plus efficace. \u2705 CONTIENT DE LA CITRONNELLE. Un ingr\u00e9dient naturel qui non seulement d\u00e9sodorise, mais agit \u00e9galement comme un bouclier protecteur contre les insectes, aidant ainsi \u00e0 garder les espaces exempts de nuisibles. PR\u00c9SERVE LA BEAUT\u00c9 ET L&#039;\u00c9CLAT NATUREL DES SURFACES. ECO-210 veille \u00e0 ce que les sols et autres surfaces conservent leur aspect d&#039;origine et leur \u00e9clat naturel apr\u00e8s chaque nettoyage, sans provoquer d&#039;usure. Convient \u00e0 tous les types de sols. pH neutre et soigneusement formul\u00e9, il assure un nettoyage efficace et s\u00fbr sur une vari\u00e9t\u00e9 de surfaces, en prot\u00e9geant les mat\u00e9riaux et en pr\u00e9venant les dommages. \u2705 FORMAT DE 5 LITRES. R\u00e9f\u00e9rence : ECO-210\" \/>\n<meta property=\"og:url\" content=\"https:\/\/www.ecosolucionesquimicas.es\/fr\/producto\/nettoyant-pour-mouchoirs-en-papier-a-la-citronnelle\/\" \/>\n<meta property=\"og:site_name\" content=\"Ecosoluciones Qu\u00edmicas\" \/>\n<meta property=\"article:publisher\" content=\"https:\/\/www.facebook.com\/ecosolucionesquimicasmadrid\/\" \/>\n<meta property=\"og:image\" content=\"https:\/\/www.ecosolucionesquimicas.es\/wp-content\/uploads\/2024\/02\/DALL%C2%B7E-2024-08-13-23.59.11-A-highly-realistic-scene-showing-a-mop-cleaning-a-shiny-floor-with-a-visible-barrier-forming-behind-it-as-it-moves.-The-barrier-appears-as-a-transluc-300x171.webp\" \/>\n<meta name=\"twitter:card\" content=\"summary_large_image\" \/>\n<meta name=\"twitter:label1\" content=\"Prix\" \/>\n\t<meta name=\"twitter:data1\" content=\"10,88&nbsp;&euro; TVA incluse.\" \/>\n\t<meta name=\"twitter:label2\" content=\"Disponibilit\u00e9\" \/>\n\t<meta name=\"twitter:data2\" content=\"En stock\" \/>\n<script type=\"application\/ld+json\" class=\"yoast-schema-graph\">{\"@context\":\"https:\\\/\\\/schema.org\",\"@graph\":[{\"@type\":\"WebPage\",\"@id\":\"https:\\\/\\\/www.ecosolucionesquimicas.es\\\/fr\\\/producto\\\/nettoyant-pour-mouchoirs-en-papier-a-la-citronnelle\\\/\",\"url\":\"https:\\\/\\\/www.ecosolucionesquimicas.es\\\/fr\\\/producto\\\/nettoyant-pour-mouchoirs-en-papier-a-la-citronnelle\\\/\",\"name\":\"Nettoyant pour mouchoirs en papier \u00e0 la citronnelle - Ecosoluciones Qu\u00edmicas\",\"isPartOf\":{\"@id\":\"https:\\\/\\\/www.ecosolucionesquimicas.es\\\/fr\\\/#website\"},\"primaryImageOfPage\":{\"@id\":\"https:\\\/\\\/www.ecosolucionesquimicas.es\\\/fr\\\/producto\\\/nettoyant-pour-mouchoirs-en-papier-a-la-citronnelle\\\/#primaryimage\"},\"image\":{\"@id\":\"https:\\\/\\\/www.ecosolucionesquimicas.es\\\/fr\\\/producto\\\/nettoyant-pour-mouchoirs-en-papier-a-la-citronnelle\\\/#primaryimage\"},\"thumbnailUrl\":\"https:\\\/\\\/www.ecosolucionesquimicas.es\\\/wp-content\\\/uploads\\\/2024\\\/02\\\/ECO-210-5L-scaled.jpg\",\"datePublished\":\"2024-02-22T14:11:41+00:00\",\"breadcrumb\":{\"@id\":\"https:\\\/\\\/www.ecosolucionesquimicas.es\\\/fr\\\/producto\\\/nettoyant-pour-mouchoirs-en-papier-a-la-citronnelle\\\/#breadcrumb\"},\"inLanguage\":\"fr-FR\",\"potentialAction\":[{\"@type\":\"ReadAction\",\"target\":[\"https:\\\/\\\/www.ecosolucionesquimicas.es\\\/fr\\\/producto\\\/nettoyant-pour-mouchoirs-en-papier-a-la-citronnelle\\\/\"]}]},{\"@type\":\"ImageObject\",\"inLanguage\":\"fr-FR\",\"@id\":\"https:\\\/\\\/www.ecosolucionesquimicas.es\\\/fr\\\/producto\\\/nettoyant-pour-mouchoirs-en-papier-a-la-citronnelle\\\/#primaryimage\",\"url\":\"https:\\\/\\\/www.ecosolucionesquimicas.es\\\/wp-content\\\/uploads\\\/2024\\\/02\\\/ECO-210-5L-scaled.jpg\",\"contentUrl\":\"https:\\\/\\\/www.ecosolucionesquimicas.es\\\/wp-content\\\/uploads\\\/2024\\\/02\\\/ECO-210-5L-scaled.jpg\",\"width\":2350,\"height\":2560},{\"@type\":\"BreadcrumbList\",\"@id\":\"https:\\\/\\\/www.ecosolucionesquimicas.es\\\/fr\\\/producto\\\/nettoyant-pour-mouchoirs-en-papier-a-la-citronnelle\\\/#breadcrumb\",\"itemListElement\":[{\"@type\":\"ListItem\",\"position\":1,\"name\":\"Portada\",\"item\":\"https:\\\/\\\/www.ecosolucionesquimicas.es\\\/fr\\\/home\\\/\"},{\"@type\":\"ListItem\",\"position\":2,\"name\":\"Nettoyant pour mouchoirs en papier \u00e0 la citronnelle\"}]},{\"@type\":\"WebSite\",\"@id\":\"https:\\\/\\\/www.ecosolucionesquimicas.es\\\/fr\\\/#website\",\"url\":\"https:\\\/\\\/www.ecosolucionesquimicas.es\\\/fr\\\/\",\"name\":\"Ecosoluciones Qu\u00edmicas\",\"description\":\"Achetez en ligne des produits d'entretien et des produits chimiques fabriqu\u00e9s par nos soins.\",\"publisher\":{\"@id\":\"https:\\\/\\\/www.ecosolucionesquimicas.es\\\/fr\\\/#organization\"},\"alternateName\":\"EQM\",\"potentialAction\":[{\"@type\":\"SearchAction\",\"target\":{\"@type\":\"EntryPoint\",\"urlTemplate\":\"https:\\\/\\\/www.ecosolucionesquimicas.es\\\/fr\\\/?s={search_term_string}\"},\"query-input\":{\"@type\":\"PropertyValueSpecification\",\"valueRequired\":true,\"valueName\":\"search_term_string\"}}],\"inLanguage\":\"fr-FR\"},{\"@type\":\"Organization\",\"@id\":\"https:\\\/\\\/www.ecosolucionesquimicas.es\\\/fr\\\/#organization\",\"name\":\"Ecosoluciones Qu\u00edmicas\",\"url\":\"https:\\\/\\\/www.ecosolucionesquimicas.es\\\/fr\\\/\",\"logo\":{\"@type\":\"ImageObject\",\"inLanguage\":\"fr-FR\",\"@id\":\"https:\\\/\\\/www.ecosolucionesquimicas.es\\\/fr\\\/#\\\/schema\\\/logo\\\/image\\\/\",\"url\":\"https:\\\/\\\/www.ecosolucionesquimicas.es\\\/wp-content\\\/uploads\\\/2024\\\/08\\\/LOGO-EQM-NUEVO-.png\",\"contentUrl\":\"https:\\\/\\\/www.ecosolucionesquimicas.es\\\/wp-content\\\/uploads\\\/2024\\\/08\\\/LOGO-EQM-NUEVO-.png\",\"width\":1060,\"height\":456,\"caption\":\"Ecosoluciones Qu\u00edmicas\"},\"image\":{\"@id\":\"https:\\\/\\\/www.ecosolucionesquimicas.es\\\/fr\\\/#\\\/schema\\\/logo\\\/image\\\/\"},\"sameAs\":[\"https:\\\/\\\/www.facebook.com\\\/ecosolucionesquimicasmadrid\\\/\",\"https:\\\/\\\/www.instagram.com\\\/ecosolucionesquimicas\\\/\"],\"hasMerchantReturnPolicy\":{\"@type\":\"MerchantReturnPolicy\",\"merchantReturnLink\":\"https:\\\/\\\/www.ecosolucionesquimicas.es\\\/refund_returns\\\/\"}}]}<\/script>\n<meta property=\"product:brand\" content=\"EQM\" \/>\n<meta property=\"product:price:amount\" content=\"10.88\" \/>\n<meta property=\"product:price:currency\" content=\"EUR\" \/>\n<meta property=\"og:availability\" content=\"instock\" \/>\n<meta property=\"product:availability\" content=\"instock\" \/>\n<meta property=\"product:retailer_item_id\" content=\"ECO-210\" \/>\n<meta property=\"product:condition\" content=\"new\" \/>\n<!-- \/ Yoast SEO Premium plugin. -->","yoast_head_json":{"title":"Nettoyant pour mouchoirs en papier \u00e0 la citronnelle - Ecosoluciones Qu\u00edmicas","robots":{"index":"index","follow":"follow","max-snippet":"max-snippet:-1","max-image-preview":"max-image-preview:large","max-video-preview":"max-video-preview:-1"},"canonical":"https:\/\/www.ecosolucionesquimicas.es\/fr\/producto\/nettoyant-pour-mouchoirs-en-papier-a-la-citronnelle\/","og_locale":"fr_FR","og_type":"article","og_title":"Nettoyant pour mouchoirs en papier \u00e0 la citronnelle","og_description":"ECO-210 EST POLYVALENT POUR LES SOLS ET LES SURFACES. Formul\u00e9 avec des tensioactifs avanc\u00e9s, il dissout efficacement la salet\u00e9 et assure un nettoyage en profondeur sans effort suppl\u00e9mentaire, ce qui rend le nettoyage plus facile et plus efficace. \u2705 CONTIENT DE LA CITRONNELLE. Un ingr\u00e9dient naturel qui non seulement d\u00e9sodorise, mais agit \u00e9galement comme un bouclier protecteur contre les insectes, aidant ainsi \u00e0 garder les espaces exempts de nuisibles. PR\u00c9SERVE LA BEAUT\u00c9 ET L'\u00c9CLAT NATUREL DES SURFACES. ECO-210 veille \u00e0 ce que les sols et autres surfaces conservent leur aspect d'origine et leur \u00e9clat naturel apr\u00e8s chaque nettoyage, sans provoquer d'usure. Convient \u00e0 tous les types de sols. pH neutre et soigneusement formul\u00e9, il assure un nettoyage efficace et s\u00fbr sur une vari\u00e9t\u00e9 de surfaces, en prot\u00e9geant les mat\u00e9riaux et en pr\u00e9venant les dommages. \u2705 FORMAT DE 5 LITRES. R\u00e9f\u00e9rence : ECO-210","og_url":"https:\/\/www.ecosolucionesquimicas.es\/fr\/producto\/nettoyant-pour-mouchoirs-en-papier-a-la-citronnelle\/","og_site_name":"Ecosoluciones Qu\u00edmicas","article_publisher":"https:\/\/www.facebook.com\/ecosolucionesquimicasmadrid\/","og_image":[{"url":"https:\/\/www.ecosolucionesquimicas.es\/wp-content\/uploads\/2024\/02\/DALL%C2%B7E-2024-08-13-23.59.11-A-highly-realistic-scene-showing-a-mop-cleaning-a-shiny-floor-with-a-visible-barrier-forming-behind-it-as-it-moves.-The-barrier-appears-as-a-transluc-300x171.webp","type":"","width":"","height":""}],"twitter_card":"summary_large_image","twitter_misc":{"Prix":"10,88&nbsp;&euro; TVA incluse.","Disponibilit\u00e9":"En stock"},"schema":{"@context":"https:\/\/schema.org","@graph":[{"@type":"WebPage","@id":"https:\/\/www.ecosolucionesquimicas.es\/fr\/producto\/nettoyant-pour-mouchoirs-en-papier-a-la-citronnelle\/","url":"https:\/\/www.ecosolucionesquimicas.es\/fr\/producto\/nettoyant-pour-mouchoirs-en-papier-a-la-citronnelle\/","name":"Nettoyant pour mouchoirs en papier \u00e0 la citronnelle - Ecosoluciones Qu\u00edmicas","isPartOf":{"@id":"https:\/\/www.ecosolucionesquimicas.es\/fr\/#website"},"primaryImageOfPage":{"@id":"https:\/\/www.ecosolucionesquimicas.es\/fr\/producto\/nettoyant-pour-mouchoirs-en-papier-a-la-citronnelle\/#primaryimage"},"image":{"@id":"https:\/\/www.ecosolucionesquimicas.es\/fr\/producto\/nettoyant-pour-mouchoirs-en-papier-a-la-citronnelle\/#primaryimage"},"thumbnailUrl":"https:\/\/www.ecosolucionesquimicas.es\/wp-content\/uploads\/2024\/02\/ECO-210-5L-scaled.jpg","datePublished":"2024-02-22T14:11:41+00:00","breadcrumb":{"@id":"https:\/\/www.ecosolucionesquimicas.es\/fr\/producto\/nettoyant-pour-mouchoirs-en-papier-a-la-citronnelle\/#breadcrumb"},"inLanguage":"fr-FR","potentialAction":[{"@type":"ReadAction","target":["https:\/\/www.ecosolucionesquimicas.es\/fr\/producto\/nettoyant-pour-mouchoirs-en-papier-a-la-citronnelle\/"]}]},{"@type":"ImageObject","inLanguage":"fr-FR","@id":"https:\/\/www.ecosolucionesquimicas.es\/fr\/producto\/nettoyant-pour-mouchoirs-en-papier-a-la-citronnelle\/#primaryimage","url":"https:\/\/www.ecosolucionesquimicas.es\/wp-content\/uploads\/2024\/02\/ECO-210-5L-scaled.jpg","contentUrl":"https:\/\/www.ecosolucionesquimicas.es\/wp-content\/uploads\/2024\/02\/ECO-210-5L-scaled.jpg","width":2350,"height":2560},{"@type":"BreadcrumbList","@id":"https:\/\/www.ecosolucionesquimicas.es\/fr\/producto\/nettoyant-pour-mouchoirs-en-papier-a-la-citronnelle\/#breadcrumb","itemListElement":[{"@type":"ListItem","position":1,"name":"Portada","item":"https:\/\/www.ecosolucionesquimicas.es\/fr\/home\/"},{"@type":"ListItem","position":2,"name":"Nettoyant pour mouchoirs en papier \u00e0 la citronnelle"}]},{"@type":"WebSite","@id":"https:\/\/www.ecosolucionesquimicas.es\/fr\/#website","url":"https:\/\/www.ecosolucionesquimicas.es\/fr\/","name":"Ecosoluciones Qu\u00edmicas","description":"Achetez en ligne des produits d'entretien et des produits chimiques fabriqu\u00e9s par nos soins.","publisher":{"@id":"https:\/\/www.ecosolucionesquimicas.es\/fr\/#organization"},"alternateName":"EQM","potentialAction":[{"@type":"SearchAction","target":{"@type":"EntryPoint","urlTemplate":"https:\/\/www.ecosolucionesquimicas.es\/fr\/?s={search_term_string}"},"query-input":{"@type":"PropertyValueSpecification","valueRequired":true,"valueName":"search_term_string"}}],"inLanguage":"fr-FR"},{"@type":"Organization","@id":"https:\/\/www.ecosolucionesquimicas.es\/fr\/#organization","name":"Ecosoluciones Qu\u00edmicas","url":"https:\/\/www.ecosolucionesquimicas.es\/fr\/","logo":{"@type":"ImageObject","inLanguage":"fr-FR","@id":"https:\/\/www.ecosolucionesquimicas.es\/fr\/#\/schema\/logo\/image\/","url":"https:\/\/www.ecosolucionesquimicas.es\/wp-content\/uploads\/2024\/08\/LOGO-EQM-NUEVO-.png","contentUrl":"https:\/\/www.ecosolucionesquimicas.es\/wp-content\/uploads\/2024\/08\/LOGO-EQM-NUEVO-.png","width":1060,"height":456,"caption":"Ecosoluciones Qu\u00edmicas"},"image":{"@id":"https:\/\/www.ecosolucionesquimicas.es\/fr\/#\/schema\/logo\/image\/"},"sameAs":["https:\/\/www.facebook.com\/ecosolucionesquimicasmadrid\/","https:\/\/www.instagram.com\/ecosolucionesquimicas\/"],"hasMerchantReturnPolicy":{"@type":"MerchantReturnPolicy","merchantReturnLink":"https:\/\/www.ecosolucionesquimicas.es\/refund_returns\/"}}]},"product_brand":"EQM","product_price_amount":"10.88","product_price_currency":"EUR","og_availability":"instock","product_availability":"instock","product_retailer_item_id":"ECO-210","product_condition":"new"},"_links":{"self":[{"href":"https:\/\/www.ecosolucionesquimicas.es\/fr\/wp-json\/wp\/v2\/product\/12788","targetHints":{"allow":["GET"]}}],"collection":[{"href":"https:\/\/www.ecosolucionesquimicas.es\/fr\/wp-json\/wp\/v2\/product"}],"about":[{"href":"https:\/\/www.ecosolucionesquimicas.es\/fr\/wp-json\/wp\/v2\/types\/product"}],"wp:featuredmedia":[{"embeddable":true,"href":"https:\/\/www.ecosolucionesquimicas.es\/fr\/wp-json\/wp\/v2\/media\/12789"}],"wp:attachment":[{"href":"https:\/\/www.ecosolucionesquimicas.es\/fr\/wp-json\/wp\/v2\/media?parent=12788"}],"wp:term":[{"taxonomy":"product_brand","embeddable":true,"href":"https:\/\/www.ecosolucionesquimicas.es\/fr\/wp-json\/wp\/v2\/product_brand?post=12788"},{"taxonomy":"product_cat","embeddable":true,"href":"https:\/\/www.ecosolucionesquimicas.es\/fr\/wp-json\/wp\/v2\/product_cat?post=12788"},{"taxonomy":"product_tag","embeddable":true,"href":"https:\/\/www.ecosolucionesquimicas.es\/fr\/wp-json\/wp\/v2\/product_tag?post=12788"}],"curies":[{"name":"wp","href":"https:\/\/api.w.org\/{rel}","templated":true}]}}