{"id":12786,"date":"2024-02-22T15:11:41","date_gmt":"2024-02-22T14:11:41","guid":{"rendered":"https:\/\/www.ecosolucionesquimicas.es\/producto\/soude-caustique-liquide\/"},"modified":"2024-02-22T15:11:41","modified_gmt":"2024-02-22T14:11:41","slug":"soude-caustique-liquide","status":"publish","type":"product","link":"https:\/\/www.ecosolucionesquimicas.es\/fr\/producto\/soude-caustique-liquide\/","title":{"rendered":"Soude caustique liquide"},"content":{"rendered":"<p><img fetchpriority=\"high\" decoding=\"async\" class=\"alignnone wp-image-3951\" src=\"https:\/\/www.ecosolucionesquimicas.es\/wp-content\/uploads\/2024\/02\/2243-300x200.jpg\" alt=\"\" width=\"550\" height=\"367\" srcset=\"https:\/\/www.ecosolucionesquimicas.es\/wp-content\/uploads\/2024\/02\/2243-300x200.jpg 300w, https:\/\/www.ecosolucionesquimicas.es\/wp-content\/uploads\/2024\/02\/2243-768x512.jpg 768w, https:\/\/www.ecosolucionesquimicas.es\/wp-content\/uploads\/2024\/02\/2243-600x400.jpg 600w, https:\/\/www.ecosolucionesquimicas.es\/wp-content\/uploads\/2024\/02\/2243.jpg 1000w\" sizes=\"(max-width: 550px) 100vw, 550px\" \/><\/p>\n<p><strong>CANDIDATURES<\/strong><\/p>\n<p>\u2714 <strong>Plongeur : Dissout les<\/strong> blocages de graisse et les r\u00e9sidus dans les canalisations.<br \/>\n\u2714 <strong>D\u00e9graisseur :<\/strong> Enl\u00e8ve la graisse des machines et des surfaces industrielles.<br \/>\n\u2714 <strong>Fabrication de produits chimiques :<\/strong> Saponifie les graisses pour produire des d\u00e9tergents.<br \/>\n<strong>Traitement de l&rsquo;eau :<\/strong> Neutralise les acides et ajuste le pH des eaux us\u00e9es.<br \/>\n\u2714 <strong>D\u00e9shydratation :<\/strong> Aide aux processus de d\u00e9shydratation dans les industries alimentaires et papeti\u00e8res.<br \/>\n\u2714 <strong>Production de biodiesel :<\/strong> Transforme les huiles en biodiesel.<br \/>\n\u2714 <strong>Nettoyage et d\u00e9sinfection :<\/strong> Nettoie et d\u00e9sinfecte les surfaces.<br \/>\n\u2714 <strong>D\u00e9tachage :<\/strong> Enl\u00e8ve les taches tenaces sur les textiles et les surfaces.<\/p>\n<p><strong>Recommandations<\/strong>:<\/p>\n<div class=\"flex max-w-full flex-col flex-grow\">\n<div class=\"min-h-[20px] text-message flex w-full flex-col items-end gap-2 break-words [.text-message+&amp;]:mt-5 overflow-x-auto whitespace-normal\" dir=\"auto\" data-message-author-role=\"assistant\" data-message-id=\"59eab24a-547c-42d6-989f-5068598a3d12\">\n<div class=\"flex w-full flex-col gap-1 empty:hidden first:pt-[3px]\">\n<div class=\"markdown prose w-full break-words dark:prose-invert light\">\n<p><strong>Protection individuelle<\/strong>: Porter des gants, des lunettes et un masque lors de la manipulation de la soude caustique pour \u00e9viter les br\u00fblures et les blessures.<br \/>\n<strong>\u2757Ventilation<\/strong>: Travailler dans un endroit bien ventil\u00e9 ou \u00e0 l&rsquo;ext\u00e9rieur pour \u00e9viter l&rsquo;inhalation de vapeurs.<\/p>\n<\/div>\n<\/div>\n<\/div>\n<\/div>\n<div class=\"mt-1 flex gap-3 empty:hidden -ml-2\">\n<div class=\"items-center justify-start rounded-xl p-1 flex\"><\/div>\n<\/div>\n","protected":false},"excerpt":{"rendered":"<p><strong> ECO-805 EST UNE SOUDE CAUSTIQUE LIQUIDE TR\u00c8S EFFICACE POUR \u00c9LIMINER LA GRAISSE, L&rsquo;HUILE ET LES R\u00c9SIDUS ORGANIQUES.<\/strong> Il est id\u00e9al pour nettoyer les surfaces industrielles et commerciales, telles que les \u00e9quipements industriels et les cuisines, pour un nettoyage efficace et en profondeur.<\/p>\n<p><strong> ID\u00c9AL POUR LES APPLICATIONS INDUSTRIELLES ET DOMESTIQUES.<\/strong> Sa polyvalence lui permet d&rsquo;\u00eatre utilis\u00e9 pour nettoyer et d\u00e9boucher les canalisations, d\u00e9tartrer les d\u00e9p\u00f4ts et \u00e9liminer les d\u00e9bris alimentaires, offrant ainsi des r\u00e9sultats efficaces dans une vari\u00e9t\u00e9 d&rsquo;environnements.<\/p>\n<p>\u2705<strong> SA FORMULE CONCENTR\u00c9E PERMET UNE ACTION RAPIDE ET PUISSANTE.<\/strong> Gr\u00e2ce \u00e0 cette concentration, le produit est capable d&rsquo;agir efficacement sur les taches et les accumulations de r\u00e9sidus les plus tenaces, r\u00e9duisant ainsi le temps n\u00e9cessaire pour obtenir des r\u00e9sultats visibles.<\/p>\n<p><strong> LA SOUDE CAUSTIQUE \u00c9TANT EXTR\u00caMEMENT CORROSIVE, L&rsquo;UTILISATION D&rsquo;UN \u00c9QUIPEMENT DE PROTECTION INDIVIDUELLE EST INDISPENSABLE.<\/strong> Il est indispensable de porter des gants, des lunettes de protection et un masque lors de la manipulation de ce produit pour \u00e9viter les br\u00fblures et autres dommages.<\/p>\n<p><strong> FORMAT DE 40 KILOGRAMMES.<\/strong><\/p>\n<p><strong>\u26ab<\/strong><strong> N\u00b0 de r\u00e9f. : ECO-805<\/strong><\/p>\n","protected":false},"featured_media":12787,"template":"","meta":[],"product_brand":[225],"product_cat":[487],"product_tag":[627,629,610,628,626],"class_list":{"0":"post-12786","1":"product","2":"type-product","3":"status-publish","4":"has-post-thumbnail","6":"product_brand-eqm","7":"product_cat-quimicos","8":"product_tag-caustique","9":"product_tag-degraissant-industriel","10":"product_tag-plongeur","11":"product_tag-savons","12":"product_tag-sosa","14":"first","15":"instock","16":"taxable","17":"shipping-taxable","18":"purchasable","19":"product-type-simple"},"acf":[],"yoast_head":"<!-- This site is optimized with the Yoast SEO Premium plugin v27.1 (Yoast SEO v27.4) - https:\/\/yoast.com\/product\/yoast-seo-premium-wordpress\/ -->\n<title>Soude caustique liquide - Ecosoluciones Qu\u00edmicas<\/title>\n<meta name=\"robots\" content=\"index, follow, max-snippet:-1, max-image-preview:large, max-video-preview:-1\" \/>\n<link rel=\"canonical\" href=\"https:\/\/www.ecosolucionesquimicas.es\/fr\/producto\/soude-caustique-liquide\/\" \/>\n<meta property=\"og:locale\" content=\"fr_FR\" \/>\n<meta property=\"og:type\" content=\"article\" \/>\n<meta property=\"og:title\" content=\"Soude caustique liquide\" \/>\n<meta property=\"og:description\" content=\"ECO-805 EST UNE SOUDE CAUSTIQUE LIQUIDE TR\u00c8S EFFICACE POUR \u00c9LIMINER LA GRAISSE, L&#039;HUILE ET LES R\u00c9SIDUS ORGANIQUES. Il est id\u00e9al pour nettoyer les surfaces industrielles et commerciales, telles que les \u00e9quipements industriels et les cuisines, pour un nettoyage efficace et en profondeur.  ID\u00c9AL POUR LES APPLICATIONS INDUSTRIELLES ET DOMESTIQUES. Sa polyvalence lui permet d&#039;\u00eatre utilis\u00e9 pour nettoyer et d\u00e9boucher les canalisations, d\u00e9tartrer les d\u00e9p\u00f4ts et \u00e9liminer les d\u00e9bris alimentaires, offrant ainsi des r\u00e9sultats efficaces dans une vari\u00e9t\u00e9 d&#039;environnements. \u2705 SA FORMULE CONCENTR\u00c9E PERMET UNE ACTION RAPIDE ET PUISSANTE. Gr\u00e2ce \u00e0 cette concentration, le produit est capable d&#039;agir efficacement sur les taches et les accumulations de r\u00e9sidus les plus tenaces, r\u00e9duisant ainsi le temps n\u00e9cessaire pour obtenir des r\u00e9sultats visibles.  LA SOUDE CAUSTIQUE \u00c9TANT EXTR\u00caMEMENT CORROSIVE, L&#039;UTILISATION D&#039;UN \u00c9QUIPEMENT DE PROTECTION INDIVIDUELLE EST INDISPENSABLE. Il est indispensable de porter des gants, des lunettes de protection et un masque lors de la manipulation de ce produit pour \u00e9viter les br\u00fblures et autres dommages.  FORMAT DE 40 KILOGRAMMES. \u26ab N\u00b0 de r\u00e9f. : ECO-805\" \/>\n<meta property=\"og:url\" content=\"https:\/\/www.ecosolucionesquimicas.es\/fr\/producto\/soude-caustique-liquide\/\" \/>\n<meta property=\"og:site_name\" content=\"Ecosoluciones Qu\u00edmicas\" \/>\n<meta property=\"article:publisher\" content=\"https:\/\/www.facebook.com\/ecosolucionesquimicasmadrid\/\" \/>\n<meta property=\"og:image\" content=\"https:\/\/www.ecosolucionesquimicas.es\/wp-content\/uploads\/2024\/02\/2243-300x200.jpg\" \/>\n<meta name=\"twitter:card\" content=\"summary_large_image\" \/>\n<meta name=\"twitter:label1\" content=\"Prix\" \/>\n\t<meta name=\"twitter:data1\" content=\"153,66&nbsp;&euro; TVA incluse.\" \/>\n\t<meta name=\"twitter:label2\" content=\"Disponibilit\u00e9\" \/>\n\t<meta name=\"twitter:data2\" content=\"En stock\" \/>\n<script type=\"application\/ld+json\" class=\"yoast-schema-graph\">{\"@context\":\"https:\\\/\\\/schema.org\",\"@graph\":[{\"@type\":\"WebPage\",\"@id\":\"https:\\\/\\\/www.ecosolucionesquimicas.es\\\/fr\\\/producto\\\/soude-caustique-liquide\\\/\",\"url\":\"https:\\\/\\\/www.ecosolucionesquimicas.es\\\/fr\\\/producto\\\/soude-caustique-liquide\\\/\",\"name\":\"Soude caustique liquide - Ecosoluciones Qu\u00edmicas\",\"isPartOf\":{\"@id\":\"https:\\\/\\\/www.ecosolucionesquimicas.es\\\/fr\\\/#website\"},\"primaryImageOfPage\":{\"@id\":\"https:\\\/\\\/www.ecosolucionesquimicas.es\\\/fr\\\/producto\\\/soude-caustique-liquide\\\/#primaryimage\"},\"image\":{\"@id\":\"https:\\\/\\\/www.ecosolucionesquimicas.es\\\/fr\\\/producto\\\/soude-caustique-liquide\\\/#primaryimage\"},\"thumbnailUrl\":\"https:\\\/\\\/www.ecosolucionesquimicas.es\\\/wp-content\\\/uploads\\\/2024\\\/02\\\/ECO-805-ES.jpg\",\"datePublished\":\"2024-02-22T14:11:41+00:00\",\"breadcrumb\":{\"@id\":\"https:\\\/\\\/www.ecosolucionesquimicas.es\\\/fr\\\/producto\\\/soude-caustique-liquide\\\/#breadcrumb\"},\"inLanguage\":\"fr-FR\",\"potentialAction\":[{\"@type\":\"ReadAction\",\"target\":[\"https:\\\/\\\/www.ecosolucionesquimicas.es\\\/fr\\\/producto\\\/soude-caustique-liquide\\\/\"]}]},{\"@type\":\"ImageObject\",\"inLanguage\":\"fr-FR\",\"@id\":\"https:\\\/\\\/www.ecosolucionesquimicas.es\\\/fr\\\/producto\\\/soude-caustique-liquide\\\/#primaryimage\",\"url\":\"https:\\\/\\\/www.ecosolucionesquimicas.es\\\/wp-content\\\/uploads\\\/2024\\\/02\\\/ECO-805-ES.jpg\",\"contentUrl\":\"https:\\\/\\\/www.ecosolucionesquimicas.es\\\/wp-content\\\/uploads\\\/2024\\\/02\\\/ECO-805-ES.jpg\",\"width\":1500,\"height\":1500},{\"@type\":\"BreadcrumbList\",\"@id\":\"https:\\\/\\\/www.ecosolucionesquimicas.es\\\/fr\\\/producto\\\/soude-caustique-liquide\\\/#breadcrumb\",\"itemListElement\":[{\"@type\":\"ListItem\",\"position\":1,\"name\":\"Portada\",\"item\":\"https:\\\/\\\/www.ecosolucionesquimicas.es\\\/fr\\\/home\\\/\"},{\"@type\":\"ListItem\",\"position\":2,\"name\":\"Soude caustique liquide\"}]},{\"@type\":\"WebSite\",\"@id\":\"https:\\\/\\\/www.ecosolucionesquimicas.es\\\/fr\\\/#website\",\"url\":\"https:\\\/\\\/www.ecosolucionesquimicas.es\\\/fr\\\/\",\"name\":\"Ecosoluciones Qu\u00edmicas\",\"description\":\"Achetez en ligne des produits d'entretien et des produits chimiques fabriqu\u00e9s par nos soins.\",\"publisher\":{\"@id\":\"https:\\\/\\\/www.ecosolucionesquimicas.es\\\/fr\\\/#organization\"},\"alternateName\":\"EQM\",\"potentialAction\":[{\"@type\":\"SearchAction\",\"target\":{\"@type\":\"EntryPoint\",\"urlTemplate\":\"https:\\\/\\\/www.ecosolucionesquimicas.es\\\/fr\\\/?s={search_term_string}\"},\"query-input\":{\"@type\":\"PropertyValueSpecification\",\"valueRequired\":true,\"valueName\":\"search_term_string\"}}],\"inLanguage\":\"fr-FR\"},{\"@type\":\"Organization\",\"@id\":\"https:\\\/\\\/www.ecosolucionesquimicas.es\\\/fr\\\/#organization\",\"name\":\"Ecosoluciones Qu\u00edmicas\",\"url\":\"https:\\\/\\\/www.ecosolucionesquimicas.es\\\/fr\\\/\",\"logo\":{\"@type\":\"ImageObject\",\"inLanguage\":\"fr-FR\",\"@id\":\"https:\\\/\\\/www.ecosolucionesquimicas.es\\\/fr\\\/#\\\/schema\\\/logo\\\/image\\\/\",\"url\":\"https:\\\/\\\/www.ecosolucionesquimicas.es\\\/wp-content\\\/uploads\\\/2024\\\/08\\\/LOGO-EQM-NUEVO-.png\",\"contentUrl\":\"https:\\\/\\\/www.ecosolucionesquimicas.es\\\/wp-content\\\/uploads\\\/2024\\\/08\\\/LOGO-EQM-NUEVO-.png\",\"width\":1060,\"height\":456,\"caption\":\"Ecosoluciones Qu\u00edmicas\"},\"image\":{\"@id\":\"https:\\\/\\\/www.ecosolucionesquimicas.es\\\/fr\\\/#\\\/schema\\\/logo\\\/image\\\/\"},\"sameAs\":[\"https:\\\/\\\/www.facebook.com\\\/ecosolucionesquimicasmadrid\\\/\",\"https:\\\/\\\/www.instagram.com\\\/ecosolucionesquimicas\\\/\"],\"hasMerchantReturnPolicy\":{\"@type\":\"MerchantReturnPolicy\",\"merchantReturnLink\":\"https:\\\/\\\/www.ecosolucionesquimicas.es\\\/refund_returns\\\/\"}}]}<\/script>\n<meta property=\"product:brand\" content=\"EQM\" \/>\n<meta property=\"product:price:amount\" content=\"153.66\" \/>\n<meta property=\"product:price:currency\" content=\"EUR\" \/>\n<meta property=\"og:availability\" content=\"instock\" \/>\n<meta property=\"product:availability\" content=\"instock\" \/>\n<meta property=\"product:retailer_item_id\" content=\"ECO-805\" \/>\n<meta property=\"product:condition\" content=\"new\" \/>\n<!-- \/ Yoast SEO Premium plugin. -->","yoast_head_json":{"title":"Soude caustique liquide - Ecosoluciones Qu\u00edmicas","robots":{"index":"index","follow":"follow","max-snippet":"max-snippet:-1","max-image-preview":"max-image-preview:large","max-video-preview":"max-video-preview:-1"},"canonical":"https:\/\/www.ecosolucionesquimicas.es\/fr\/producto\/soude-caustique-liquide\/","og_locale":"fr_FR","og_type":"article","og_title":"Soude caustique liquide","og_description":"ECO-805 EST UNE SOUDE CAUSTIQUE LIQUIDE TR\u00c8S EFFICACE POUR \u00c9LIMINER LA GRAISSE, L'HUILE ET LES R\u00c9SIDUS ORGANIQUES. Il est id\u00e9al pour nettoyer les surfaces industrielles et commerciales, telles que les \u00e9quipements industriels et les cuisines, pour un nettoyage efficace et en profondeur.  ID\u00c9AL POUR LES APPLICATIONS INDUSTRIELLES ET DOMESTIQUES. Sa polyvalence lui permet d'\u00eatre utilis\u00e9 pour nettoyer et d\u00e9boucher les canalisations, d\u00e9tartrer les d\u00e9p\u00f4ts et \u00e9liminer les d\u00e9bris alimentaires, offrant ainsi des r\u00e9sultats efficaces dans une vari\u00e9t\u00e9 d'environnements. \u2705 SA FORMULE CONCENTR\u00c9E PERMET UNE ACTION RAPIDE ET PUISSANTE. Gr\u00e2ce \u00e0 cette concentration, le produit est capable d'agir efficacement sur les taches et les accumulations de r\u00e9sidus les plus tenaces, r\u00e9duisant ainsi le temps n\u00e9cessaire pour obtenir des r\u00e9sultats visibles.  LA SOUDE CAUSTIQUE \u00c9TANT EXTR\u00caMEMENT CORROSIVE, L'UTILISATION D'UN \u00c9QUIPEMENT DE PROTECTION INDIVIDUELLE EST INDISPENSABLE. Il est indispensable de porter des gants, des lunettes de protection et un masque lors de la manipulation de ce produit pour \u00e9viter les br\u00fblures et autres dommages.  FORMAT DE 40 KILOGRAMMES. \u26ab N\u00b0 de r\u00e9f. : ECO-805","og_url":"https:\/\/www.ecosolucionesquimicas.es\/fr\/producto\/soude-caustique-liquide\/","og_site_name":"Ecosoluciones Qu\u00edmicas","article_publisher":"https:\/\/www.facebook.com\/ecosolucionesquimicasmadrid\/","og_image":[{"url":"https:\/\/www.ecosolucionesquimicas.es\/wp-content\/uploads\/2024\/02\/2243-300x200.jpg","type":"","width":"","height":""}],"twitter_card":"summary_large_image","twitter_misc":{"Prix":"153,66&nbsp;&euro; TVA incluse.","Disponibilit\u00e9":"En stock"},"schema":{"@context":"https:\/\/schema.org","@graph":[{"@type":"WebPage","@id":"https:\/\/www.ecosolucionesquimicas.es\/fr\/producto\/soude-caustique-liquide\/","url":"https:\/\/www.ecosolucionesquimicas.es\/fr\/producto\/soude-caustique-liquide\/","name":"Soude caustique liquide - Ecosoluciones Qu\u00edmicas","isPartOf":{"@id":"https:\/\/www.ecosolucionesquimicas.es\/fr\/#website"},"primaryImageOfPage":{"@id":"https:\/\/www.ecosolucionesquimicas.es\/fr\/producto\/soude-caustique-liquide\/#primaryimage"},"image":{"@id":"https:\/\/www.ecosolucionesquimicas.es\/fr\/producto\/soude-caustique-liquide\/#primaryimage"},"thumbnailUrl":"https:\/\/www.ecosolucionesquimicas.es\/wp-content\/uploads\/2024\/02\/ECO-805-ES.jpg","datePublished":"2024-02-22T14:11:41+00:00","breadcrumb":{"@id":"https:\/\/www.ecosolucionesquimicas.es\/fr\/producto\/soude-caustique-liquide\/#breadcrumb"},"inLanguage":"fr-FR","potentialAction":[{"@type":"ReadAction","target":["https:\/\/www.ecosolucionesquimicas.es\/fr\/producto\/soude-caustique-liquide\/"]}]},{"@type":"ImageObject","inLanguage":"fr-FR","@id":"https:\/\/www.ecosolucionesquimicas.es\/fr\/producto\/soude-caustique-liquide\/#primaryimage","url":"https:\/\/www.ecosolucionesquimicas.es\/wp-content\/uploads\/2024\/02\/ECO-805-ES.jpg","contentUrl":"https:\/\/www.ecosolucionesquimicas.es\/wp-content\/uploads\/2024\/02\/ECO-805-ES.jpg","width":1500,"height":1500},{"@type":"BreadcrumbList","@id":"https:\/\/www.ecosolucionesquimicas.es\/fr\/producto\/soude-caustique-liquide\/#breadcrumb","itemListElement":[{"@type":"ListItem","position":1,"name":"Portada","item":"https:\/\/www.ecosolucionesquimicas.es\/fr\/home\/"},{"@type":"ListItem","position":2,"name":"Soude caustique liquide"}]},{"@type":"WebSite","@id":"https:\/\/www.ecosolucionesquimicas.es\/fr\/#website","url":"https:\/\/www.ecosolucionesquimicas.es\/fr\/","name":"Ecosoluciones Qu\u00edmicas","description":"Achetez en ligne des produits d'entretien et des produits chimiques fabriqu\u00e9s par nos soins.","publisher":{"@id":"https:\/\/www.ecosolucionesquimicas.es\/fr\/#organization"},"alternateName":"EQM","potentialAction":[{"@type":"SearchAction","target":{"@type":"EntryPoint","urlTemplate":"https:\/\/www.ecosolucionesquimicas.es\/fr\/?s={search_term_string}"},"query-input":{"@type":"PropertyValueSpecification","valueRequired":true,"valueName":"search_term_string"}}],"inLanguage":"fr-FR"},{"@type":"Organization","@id":"https:\/\/www.ecosolucionesquimicas.es\/fr\/#organization","name":"Ecosoluciones Qu\u00edmicas","url":"https:\/\/www.ecosolucionesquimicas.es\/fr\/","logo":{"@type":"ImageObject","inLanguage":"fr-FR","@id":"https:\/\/www.ecosolucionesquimicas.es\/fr\/#\/schema\/logo\/image\/","url":"https:\/\/www.ecosolucionesquimicas.es\/wp-content\/uploads\/2024\/08\/LOGO-EQM-NUEVO-.png","contentUrl":"https:\/\/www.ecosolucionesquimicas.es\/wp-content\/uploads\/2024\/08\/LOGO-EQM-NUEVO-.png","width":1060,"height":456,"caption":"Ecosoluciones Qu\u00edmicas"},"image":{"@id":"https:\/\/www.ecosolucionesquimicas.es\/fr\/#\/schema\/logo\/image\/"},"sameAs":["https:\/\/www.facebook.com\/ecosolucionesquimicasmadrid\/","https:\/\/www.instagram.com\/ecosolucionesquimicas\/"],"hasMerchantReturnPolicy":{"@type":"MerchantReturnPolicy","merchantReturnLink":"https:\/\/www.ecosolucionesquimicas.es\/refund_returns\/"}}]},"product_brand":"EQM","product_price_amount":"153.66","product_price_currency":"EUR","og_availability":"instock","product_availability":"instock","product_retailer_item_id":"ECO-805","product_condition":"new"},"_links":{"self":[{"href":"https:\/\/www.ecosolucionesquimicas.es\/fr\/wp-json\/wp\/v2\/product\/12786","targetHints":{"allow":["GET"]}}],"collection":[{"href":"https:\/\/www.ecosolucionesquimicas.es\/fr\/wp-json\/wp\/v2\/product"}],"about":[{"href":"https:\/\/www.ecosolucionesquimicas.es\/fr\/wp-json\/wp\/v2\/types\/product"}],"wp:featuredmedia":[{"embeddable":true,"href":"https:\/\/www.ecosolucionesquimicas.es\/fr\/wp-json\/wp\/v2\/media\/12787"}],"wp:attachment":[{"href":"https:\/\/www.ecosolucionesquimicas.es\/fr\/wp-json\/wp\/v2\/media?parent=12786"}],"wp:term":[{"taxonomy":"product_brand","embeddable":true,"href":"https:\/\/www.ecosolucionesquimicas.es\/fr\/wp-json\/wp\/v2\/product_brand?post=12786"},{"taxonomy":"product_cat","embeddable":true,"href":"https:\/\/www.ecosolucionesquimicas.es\/fr\/wp-json\/wp\/v2\/product_cat?post=12786"},{"taxonomy":"product_tag","embeddable":true,"href":"https:\/\/www.ecosolucionesquimicas.es\/fr\/wp-json\/wp\/v2\/product_tag?post=12786"}],"curies":[{"name":"wp","href":"https:\/\/api.w.org\/{rel}","templated":true}]}}