{"id":12753,"date":"2024-02-22T15:11:41","date_gmt":"2024-02-22T14:11:41","guid":{"rendered":"https:\/\/www.ecosolucionesquimicas.es\/producto\/debloqueur-de-tuyaux\/"},"modified":"2026-02-25T09:45:50","modified_gmt":"2026-02-25T08:45:50","slug":"debloqueur-de-tuyaux","status":"publish","type":"product","link":"https:\/\/www.ecosolucionesquimicas.es\/fr\/producto\/debloqueur-de-tuyaux\/","title":{"rendered":"D\u00e9bloqueur de tuyaux"},"content":{"rendered":"<p><img fetchpriority=\"high\" decoding=\"async\" class=\"alignnone wp-image-3822\" src=\"https:\/\/www.ecosolucionesquimicas.es\/wp-content\/uploads\/2024\/02\/TUBERIAS-300x200.jpg\" alt=\"\" width=\"550\" height=\"367\" srcset=\"https:\/\/www.ecosolucionesquimicas.es\/wp-content\/uploads\/2024\/02\/TUBERIAS-300x200.jpg 300w, https:\/\/www.ecosolucionesquimicas.es\/wp-content\/uploads\/2024\/02\/TUBERIAS-1024x683.jpg 1024w, https:\/\/www.ecosolucionesquimicas.es\/wp-content\/uploads\/2024\/02\/TUBERIAS-768x512.jpg 768w, https:\/\/www.ecosolucionesquimicas.es\/wp-content\/uploads\/2024\/02\/TUBERIAS-1536x1024.jpg 1536w, https:\/\/www.ecosolucionesquimicas.es\/wp-content\/uploads\/2024\/02\/TUBERIAS-2048x1365.jpg 2048w, https:\/\/www.ecosolucionesquimicas.es\/wp-content\/uploads\/2024\/02\/TUBERIAS-600x400.jpg 600w\" sizes=\"(max-width: 550px) 100vw, 550px\" \/><\/p>\n<p><strong>MODE D&rsquo;EMPLOI<\/strong><\/p>\n<p><strong>Pr\u00e9paration :<\/strong> Assurer une bonne ventilation et porter des gants de protection.<br \/>\n\ud83d\udd18 <strong>Application :<\/strong> Appliquer le produit directement sur la canalisation bouch\u00e9e, en couvrant bien la zone.<br \/>\n<strong>Temps d&rsquo;action :<\/strong> Laisser agir pendant au moins 30 minutes, ou plus longtemps si le blocage est important.<br \/>\n\ud83d\udd18 <strong>Rin\u00e7age :<\/strong> Rincer \u00e0 l&rsquo;eau ti\u00e8de pour \u00e9liminer les r\u00e9sidus et les blocages dissous.<br \/>\n\ud83d\udd18 <strong>R\u00e9p\u00e9tition :<\/strong> Si le blocage persiste, r\u00e9p\u00e9ter l&rsquo;op\u00e9ration.<\/p>\n<p><strong>Recommandations :<\/strong><\/p>\n<p><strong>Protection personnelle<\/strong>: Porte toujours des gants et travaille dans un endroit bien ventil\u00e9 pour \u00e9viter tout contact avec la peau et les vapeurs du produit.<br \/>\n<strong>Utilisation correcte<\/strong>: n&rsquo;applique que la quantit\u00e9 n\u00e9cessaire de produit pour \u00e9viter toute surconsommation et pour que le gel agisse efficacement sur le blocage.<br \/>\n<strong>Entretien pr\u00e9ventif<\/strong>: pour \u00e9viter de futures obstructions, pense \u00e0 utiliser r\u00e9guli\u00e8rement le produit en petites doses pour garder les tuyaux propres et en bon \u00e9tat.<\/p>\n","protected":false},"excerpt":{"rendered":"<p><strong> L&rsquo;ECO-808 EST CON\u00c7U POUR \u00c9LIMINER EFFICACEMENT LES BLOCAGES DANS LES TUYAUX, LES \u00c9VIERS, LES LAVABOS ET LES CANALISATIONS.<\/strong> Son action garantit un nettoyage approfondi et professionnel, assurant l&rsquo;\u00e9limination compl\u00e8te des blocages les plus courants.<\/p>\n<p><strong> IL AGIT RAPIDEMENT ET EFFICACEMENT SUR LES BOUCHONS CAUS\u00c9S PAR LA GRAISSE, L&rsquo;HUILE, LES ALIMENTS, LES CHEVEUX, LE SAVON ET AUTRES D\u00c9BRIS.<\/strong> Ces \u00e9l\u00e9ments sont souvent difficiles \u00e0 \u00e9liminer, mais ECO-808 parvient \u00e0 les d\u00e9sint\u00e9grer efficacement, optimisant ainsi le nettoyage des canalisations.<\/p>\n<p><strong> SA FORMULE AVANC\u00c9E LUI PERMET DE P\u00c9N\u00c9TRER L&rsquo;EAU STAGNANTE ET DE DISSOUDRE LES BLOCAGES AVEC UNE GRANDE EFFICACIT\u00c9.<\/strong> M\u00eame en cas de colmatage compliqu\u00e9, le produit garantit des r\u00e9sultats efficaces en brisant rapidement les accumulations tenaces.<\/p>\n<p><strong> EN PLUS D&rsquo;\u00c9LIMINER LES ODEURS D\u00c9SAGR\u00c9ABLES, L&rsquo;ECO-808 ASSURE UNE ACTION PR\u00c9VENTIVE.<\/strong> Non seulement il r\u00e9sout les probl\u00e8mes actuels, mais il emp\u00eache \u00e9galement la formation de futurs blocages, ce qui permet de garder les canalisations exemptes d&rsquo;odeurs d\u00e9sagr\u00e9ables et en bon \u00e9tat.<\/p>\n<p><strong> FORMATS DE 1 ET 5 LITRES.<\/strong><\/p>\n<p><strong>\u26ab<\/strong><strong> N\u00b0 de r\u00e9f. : ECO-808<\/strong><\/p>\n","protected":false},"featured_media":12759,"template":"","meta":[],"product_brand":[225],"product_cat":[487],"product_tag":[526,612,610,611],"class_list":{"0":"post-12753","1":"product","2":"type-product","3":"status-publish","4":"has-post-thumbnail","6":"product_brand-eqm","7":"product_cat-quimicos","8":"product_tag-desagues","9":"product_tag-eviers","10":"product_tag-plongeur","11":"product_tag-tuyaux","13":"first","14":"instock","15":"taxable","16":"shipping-taxable","17":"purchasable","18":"product-type-variable"},"acf":[],"yoast_head":"<!-- This site is optimized with the Yoast SEO Premium plugin v27.1 (Yoast SEO v27.4) - https:\/\/yoast.com\/product\/yoast-seo-premium-wordpress\/ -->\n<title>D\u00e9bloqueur de tuyaux - Ecosoluciones Qu\u00edmicas<\/title>\n<meta name=\"robots\" content=\"index, follow, max-snippet:-1, max-image-preview:large, max-video-preview:-1\" \/>\n<link rel=\"canonical\" href=\"https:\/\/www.ecosolucionesquimicas.es\/fr\/producto\/debloqueur-de-tuyaux\/\" \/>\n<meta property=\"og:locale\" content=\"fr_FR\" \/>\n<meta property=\"og:type\" content=\"article\" \/>\n<meta property=\"og:title\" content=\"D\u00e9bloqueur de tuyaux\" \/>\n<meta property=\"og:description\" content=\"L&#039;ECO-808 EST CON\u00c7U POUR \u00c9LIMINER EFFICACEMENT LES BLOCAGES DANS LES TUYAUX, LES \u00c9VIERS, LES LAVABOS ET LES CANALISATIONS. Son action garantit un nettoyage approfondi et professionnel, assurant l&#039;\u00e9limination compl\u00e8te des blocages les plus courants.  IL AGIT RAPIDEMENT ET EFFICACEMENT SUR LES BOUCHONS CAUS\u00c9S PAR LA GRAISSE, L&#039;HUILE, LES ALIMENTS, LES CHEVEUX, LE SAVON ET AUTRES D\u00c9BRIS. Ces \u00e9l\u00e9ments sont souvent difficiles \u00e0 \u00e9liminer, mais ECO-808 parvient \u00e0 les d\u00e9sint\u00e9grer efficacement, optimisant ainsi le nettoyage des canalisations.  SA FORMULE AVANC\u00c9E LUI PERMET DE P\u00c9N\u00c9TRER L&#039;EAU STAGNANTE ET DE DISSOUDRE LES BLOCAGES AVEC UNE GRANDE EFFICACIT\u00c9. M\u00eame en cas de colmatage compliqu\u00e9, le produit garantit des r\u00e9sultats efficaces en brisant rapidement les accumulations tenaces.  EN PLUS D&#039;\u00c9LIMINER LES ODEURS D\u00c9SAGR\u00c9ABLES, L&#039;ECO-808 ASSURE UNE ACTION PR\u00c9VENTIVE. Non seulement il r\u00e9sout les probl\u00e8mes actuels, mais il emp\u00eache \u00e9galement la formation de futurs blocages, ce qui permet de garder les canalisations exemptes d&#039;odeurs d\u00e9sagr\u00e9ables et en bon \u00e9tat.  FORMATS DE 1 ET 5 LITRES. \u26ab N\u00b0 de r\u00e9f. : ECO-808\" \/>\n<meta property=\"og:url\" content=\"https:\/\/www.ecosolucionesquimicas.es\/fr\/producto\/debloqueur-de-tuyaux\/\" \/>\n<meta property=\"og:site_name\" content=\"Ecosoluciones Qu\u00edmicas\" \/>\n<meta property=\"article:publisher\" content=\"https:\/\/www.facebook.com\/ecosolucionesquimicasmadrid\/\" \/>\n<meta property=\"article:modified_time\" content=\"2026-02-25T08:45:50+00:00\" \/>\n<meta property=\"og:image\" content=\"https:\/\/www.ecosolucionesquimicas.es\/wp-content\/uploads\/2024\/02\/TUBERIAS-300x200.jpg\" \/>\n<meta name=\"twitter:card\" content=\"summary_large_image\" \/>\n<meta name=\"twitter:label1\" content=\"Disponibilit\u00e9\" \/>\n\t<meta name=\"twitter:data1\" content=\"En stock\" \/>\n<script type=\"application\/ld+json\" class=\"yoast-schema-graph\">{\"@context\":\"https:\\\/\\\/schema.org\",\"@graph\":[{\"@type\":\"WebPage\",\"@id\":\"https:\\\/\\\/www.ecosolucionesquimicas.es\\\/fr\\\/producto\\\/debloqueur-de-tuyaux\\\/\",\"url\":\"https:\\\/\\\/www.ecosolucionesquimicas.es\\\/fr\\\/producto\\\/debloqueur-de-tuyaux\\\/\",\"name\":\"D\u00e9bloqueur de tuyaux - Ecosoluciones Qu\u00edmicas\",\"isPartOf\":{\"@id\":\"https:\\\/\\\/www.ecosolucionesquimicas.es\\\/fr\\\/#website\"},\"primaryImageOfPage\":{\"@id\":\"https:\\\/\\\/www.ecosolucionesquimicas.es\\\/fr\\\/producto\\\/debloqueur-de-tuyaux\\\/#primaryimage\"},\"image\":{\"@id\":\"https:\\\/\\\/www.ecosolucionesquimicas.es\\\/fr\\\/producto\\\/debloqueur-de-tuyaux\\\/#primaryimage\"},\"thumbnailUrl\":\"https:\\\/\\\/www.ecosolucionesquimicas.es\\\/wp-content\\\/uploads\\\/2025\\\/11\\\/ECO-808-1L-scaled.jpg\",\"datePublished\":\"2024-02-22T14:11:41+00:00\",\"dateModified\":\"2026-02-25T08:45:50+00:00\",\"breadcrumb\":{\"@id\":\"https:\\\/\\\/www.ecosolucionesquimicas.es\\\/fr\\\/producto\\\/debloqueur-de-tuyaux\\\/#breadcrumb\"},\"inLanguage\":\"fr-FR\",\"potentialAction\":[{\"@type\":\"ReadAction\",\"target\":[\"https:\\\/\\\/www.ecosolucionesquimicas.es\\\/fr\\\/producto\\\/debloqueur-de-tuyaux\\\/\"]}]},{\"@type\":\"ImageObject\",\"inLanguage\":\"fr-FR\",\"@id\":\"https:\\\/\\\/www.ecosolucionesquimicas.es\\\/fr\\\/producto\\\/debloqueur-de-tuyaux\\\/#primaryimage\",\"url\":\"https:\\\/\\\/www.ecosolucionesquimicas.es\\\/wp-content\\\/uploads\\\/2025\\\/11\\\/ECO-808-1L-scaled.jpg\",\"contentUrl\":\"https:\\\/\\\/www.ecosolucionesquimicas.es\\\/wp-content\\\/uploads\\\/2025\\\/11\\\/ECO-808-1L-scaled.jpg\",\"width\":2350,\"height\":2560},{\"@type\":\"BreadcrumbList\",\"@id\":\"https:\\\/\\\/www.ecosolucionesquimicas.es\\\/fr\\\/producto\\\/debloqueur-de-tuyaux\\\/#breadcrumb\",\"itemListElement\":[{\"@type\":\"ListItem\",\"position\":1,\"name\":\"Portada\",\"item\":\"https:\\\/\\\/www.ecosolucionesquimicas.es\\\/fr\\\/home\\\/\"},{\"@type\":\"ListItem\",\"position\":2,\"name\":\"D\u00e9bloqueur de tuyaux\"}]},{\"@type\":\"WebSite\",\"@id\":\"https:\\\/\\\/www.ecosolucionesquimicas.es\\\/fr\\\/#website\",\"url\":\"https:\\\/\\\/www.ecosolucionesquimicas.es\\\/fr\\\/\",\"name\":\"Ecosoluciones Qu\u00edmicas\",\"description\":\"Achetez en ligne des produits d'entretien et des produits chimiques fabriqu\u00e9s par nos soins.\",\"publisher\":{\"@id\":\"https:\\\/\\\/www.ecosolucionesquimicas.es\\\/fr\\\/#organization\"},\"alternateName\":\"EQM\",\"potentialAction\":[{\"@type\":\"SearchAction\",\"target\":{\"@type\":\"EntryPoint\",\"urlTemplate\":\"https:\\\/\\\/www.ecosolucionesquimicas.es\\\/fr\\\/?s={search_term_string}\"},\"query-input\":{\"@type\":\"PropertyValueSpecification\",\"valueRequired\":true,\"valueName\":\"search_term_string\"}}],\"inLanguage\":\"fr-FR\"},{\"@type\":\"Organization\",\"@id\":\"https:\\\/\\\/www.ecosolucionesquimicas.es\\\/fr\\\/#organization\",\"name\":\"Ecosoluciones Qu\u00edmicas\",\"url\":\"https:\\\/\\\/www.ecosolucionesquimicas.es\\\/fr\\\/\",\"logo\":{\"@type\":\"ImageObject\",\"inLanguage\":\"fr-FR\",\"@id\":\"https:\\\/\\\/www.ecosolucionesquimicas.es\\\/fr\\\/#\\\/schema\\\/logo\\\/image\\\/\",\"url\":\"https:\\\/\\\/www.ecosolucionesquimicas.es\\\/wp-content\\\/uploads\\\/2024\\\/08\\\/LOGO-EQM-NUEVO-.png\",\"contentUrl\":\"https:\\\/\\\/www.ecosolucionesquimicas.es\\\/wp-content\\\/uploads\\\/2024\\\/08\\\/LOGO-EQM-NUEVO-.png\",\"width\":1060,\"height\":456,\"caption\":\"Ecosoluciones Qu\u00edmicas\"},\"image\":{\"@id\":\"https:\\\/\\\/www.ecosolucionesquimicas.es\\\/fr\\\/#\\\/schema\\\/logo\\\/image\\\/\"},\"sameAs\":[\"https:\\\/\\\/www.facebook.com\\\/ecosolucionesquimicasmadrid\\\/\",\"https:\\\/\\\/www.instagram.com\\\/ecosolucionesquimicas\\\/\"],\"hasMerchantReturnPolicy\":{\"@type\":\"MerchantReturnPolicy\",\"merchantReturnLink\":\"https:\\\/\\\/www.ecosolucionesquimicas.es\\\/refund_returns\\\/\"}}]}<\/script>\n<meta property=\"product:brand\" content=\"EQM\" \/>\n<meta property=\"og:availability\" content=\"instock\" \/>\n<meta property=\"product:availability\" content=\"instock\" \/>\n<meta property=\"product:retailer_item_id\" content=\"ECO-808\" \/>\n<meta property=\"product:condition\" content=\"new\" \/>\n<!-- \/ Yoast SEO Premium plugin. -->","yoast_head_json":{"title":"D\u00e9bloqueur de tuyaux - Ecosoluciones Qu\u00edmicas","robots":{"index":"index","follow":"follow","max-snippet":"max-snippet:-1","max-image-preview":"max-image-preview:large","max-video-preview":"max-video-preview:-1"},"canonical":"https:\/\/www.ecosolucionesquimicas.es\/fr\/producto\/debloqueur-de-tuyaux\/","og_locale":"fr_FR","og_type":"article","og_title":"D\u00e9bloqueur de tuyaux","og_description":"L'ECO-808 EST CON\u00c7U POUR \u00c9LIMINER EFFICACEMENT LES BLOCAGES DANS LES TUYAUX, LES \u00c9VIERS, LES LAVABOS ET LES CANALISATIONS. Son action garantit un nettoyage approfondi et professionnel, assurant l'\u00e9limination compl\u00e8te des blocages les plus courants.  IL AGIT RAPIDEMENT ET EFFICACEMENT SUR LES BOUCHONS CAUS\u00c9S PAR LA GRAISSE, L'HUILE, LES ALIMENTS, LES CHEVEUX, LE SAVON ET AUTRES D\u00c9BRIS. Ces \u00e9l\u00e9ments sont souvent difficiles \u00e0 \u00e9liminer, mais ECO-808 parvient \u00e0 les d\u00e9sint\u00e9grer efficacement, optimisant ainsi le nettoyage des canalisations.  SA FORMULE AVANC\u00c9E LUI PERMET DE P\u00c9N\u00c9TRER L'EAU STAGNANTE ET DE DISSOUDRE LES BLOCAGES AVEC UNE GRANDE EFFICACIT\u00c9. M\u00eame en cas de colmatage compliqu\u00e9, le produit garantit des r\u00e9sultats efficaces en brisant rapidement les accumulations tenaces.  EN PLUS D'\u00c9LIMINER LES ODEURS D\u00c9SAGR\u00c9ABLES, L'ECO-808 ASSURE UNE ACTION PR\u00c9VENTIVE. Non seulement il r\u00e9sout les probl\u00e8mes actuels, mais il emp\u00eache \u00e9galement la formation de futurs blocages, ce qui permet de garder les canalisations exemptes d'odeurs d\u00e9sagr\u00e9ables et en bon \u00e9tat.  FORMATS DE 1 ET 5 LITRES. \u26ab N\u00b0 de r\u00e9f. : ECO-808","og_url":"https:\/\/www.ecosolucionesquimicas.es\/fr\/producto\/debloqueur-de-tuyaux\/","og_site_name":"Ecosoluciones Qu\u00edmicas","article_publisher":"https:\/\/www.facebook.com\/ecosolucionesquimicasmadrid\/","article_modified_time":"2026-02-25T08:45:50+00:00","og_image":[{"url":"https:\/\/www.ecosolucionesquimicas.es\/wp-content\/uploads\/2024\/02\/TUBERIAS-300x200.jpg","type":"","width":"","height":""}],"twitter_card":"summary_large_image","twitter_misc":{"Disponibilit\u00e9":"En stock"},"schema":{"@context":"https:\/\/schema.org","@graph":[{"@type":"WebPage","@id":"https:\/\/www.ecosolucionesquimicas.es\/fr\/producto\/debloqueur-de-tuyaux\/","url":"https:\/\/www.ecosolucionesquimicas.es\/fr\/producto\/debloqueur-de-tuyaux\/","name":"D\u00e9bloqueur de tuyaux - Ecosoluciones Qu\u00edmicas","isPartOf":{"@id":"https:\/\/www.ecosolucionesquimicas.es\/fr\/#website"},"primaryImageOfPage":{"@id":"https:\/\/www.ecosolucionesquimicas.es\/fr\/producto\/debloqueur-de-tuyaux\/#primaryimage"},"image":{"@id":"https:\/\/www.ecosolucionesquimicas.es\/fr\/producto\/debloqueur-de-tuyaux\/#primaryimage"},"thumbnailUrl":"https:\/\/www.ecosolucionesquimicas.es\/wp-content\/uploads\/2025\/11\/ECO-808-1L-scaled.jpg","datePublished":"2024-02-22T14:11:41+00:00","dateModified":"2026-02-25T08:45:50+00:00","breadcrumb":{"@id":"https:\/\/www.ecosolucionesquimicas.es\/fr\/producto\/debloqueur-de-tuyaux\/#breadcrumb"},"inLanguage":"fr-FR","potentialAction":[{"@type":"ReadAction","target":["https:\/\/www.ecosolucionesquimicas.es\/fr\/producto\/debloqueur-de-tuyaux\/"]}]},{"@type":"ImageObject","inLanguage":"fr-FR","@id":"https:\/\/www.ecosolucionesquimicas.es\/fr\/producto\/debloqueur-de-tuyaux\/#primaryimage","url":"https:\/\/www.ecosolucionesquimicas.es\/wp-content\/uploads\/2025\/11\/ECO-808-1L-scaled.jpg","contentUrl":"https:\/\/www.ecosolucionesquimicas.es\/wp-content\/uploads\/2025\/11\/ECO-808-1L-scaled.jpg","width":2350,"height":2560},{"@type":"BreadcrumbList","@id":"https:\/\/www.ecosolucionesquimicas.es\/fr\/producto\/debloqueur-de-tuyaux\/#breadcrumb","itemListElement":[{"@type":"ListItem","position":1,"name":"Portada","item":"https:\/\/www.ecosolucionesquimicas.es\/fr\/home\/"},{"@type":"ListItem","position":2,"name":"D\u00e9bloqueur de tuyaux"}]},{"@type":"WebSite","@id":"https:\/\/www.ecosolucionesquimicas.es\/fr\/#website","url":"https:\/\/www.ecosolucionesquimicas.es\/fr\/","name":"Ecosoluciones Qu\u00edmicas","description":"Achetez en ligne des produits d'entretien et des produits chimiques fabriqu\u00e9s par nos soins.","publisher":{"@id":"https:\/\/www.ecosolucionesquimicas.es\/fr\/#organization"},"alternateName":"EQM","potentialAction":[{"@type":"SearchAction","target":{"@type":"EntryPoint","urlTemplate":"https:\/\/www.ecosolucionesquimicas.es\/fr\/?s={search_term_string}"},"query-input":{"@type":"PropertyValueSpecification","valueRequired":true,"valueName":"search_term_string"}}],"inLanguage":"fr-FR"},{"@type":"Organization","@id":"https:\/\/www.ecosolucionesquimicas.es\/fr\/#organization","name":"Ecosoluciones Qu\u00edmicas","url":"https:\/\/www.ecosolucionesquimicas.es\/fr\/","logo":{"@type":"ImageObject","inLanguage":"fr-FR","@id":"https:\/\/www.ecosolucionesquimicas.es\/fr\/#\/schema\/logo\/image\/","url":"https:\/\/www.ecosolucionesquimicas.es\/wp-content\/uploads\/2024\/08\/LOGO-EQM-NUEVO-.png","contentUrl":"https:\/\/www.ecosolucionesquimicas.es\/wp-content\/uploads\/2024\/08\/LOGO-EQM-NUEVO-.png","width":1060,"height":456,"caption":"Ecosoluciones Qu\u00edmicas"},"image":{"@id":"https:\/\/www.ecosolucionesquimicas.es\/fr\/#\/schema\/logo\/image\/"},"sameAs":["https:\/\/www.facebook.com\/ecosolucionesquimicasmadrid\/","https:\/\/www.instagram.com\/ecosolucionesquimicas\/"],"hasMerchantReturnPolicy":{"@type":"MerchantReturnPolicy","merchantReturnLink":"https:\/\/www.ecosolucionesquimicas.es\/refund_returns\/"}}]},"product_brand":"EQM","og_availability":"instock","product_availability":"instock","product_retailer_item_id":"ECO-808","product_condition":"new"},"_links":{"self":[{"href":"https:\/\/www.ecosolucionesquimicas.es\/fr\/wp-json\/wp\/v2\/product\/12753","targetHints":{"allow":["GET"]}}],"collection":[{"href":"https:\/\/www.ecosolucionesquimicas.es\/fr\/wp-json\/wp\/v2\/product"}],"about":[{"href":"https:\/\/www.ecosolucionesquimicas.es\/fr\/wp-json\/wp\/v2\/types\/product"}],"wp:featuredmedia":[{"embeddable":true,"href":"https:\/\/www.ecosolucionesquimicas.es\/fr\/wp-json\/wp\/v2\/media\/12759"}],"wp:attachment":[{"href":"https:\/\/www.ecosolucionesquimicas.es\/fr\/wp-json\/wp\/v2\/media?parent=12753"}],"wp:term":[{"taxonomy":"product_brand","embeddable":true,"href":"https:\/\/www.ecosolucionesquimicas.es\/fr\/wp-json\/wp\/v2\/product_brand?post=12753"},{"taxonomy":"product_cat","embeddable":true,"href":"https:\/\/www.ecosolucionesquimicas.es\/fr\/wp-json\/wp\/v2\/product_cat?post=12753"},{"taxonomy":"product_tag","embeddable":true,"href":"https:\/\/www.ecosolucionesquimicas.es\/fr\/wp-json\/wp\/v2\/product_tag?post=12753"}],"curies":[{"name":"wp","href":"https:\/\/api.w.org\/{rel}","templated":true}]}}