{"id":12712,"date":"2024-02-22T15:11:41","date_gmt":"2024-02-22T14:11:41","guid":{"rendered":"https:\/\/www.ecosolucionesquimicas.es\/producto\/nettoyant-detartrant-pour-piscines-en-ciment-et-en-gresite\/"},"modified":"2024-02-22T15:11:41","modified_gmt":"2024-02-22T14:11:41","slug":"nettoyant-detartrant-pour-piscines-en-ciment-et-en-gresite","status":"publish","type":"product","link":"https:\/\/www.ecosolucionesquimicas.es\/fr\/producto\/nettoyant-detartrant-pour-piscines-en-ciment-et-en-gresite\/","title":{"rendered":"Nettoyant d\u00e9tartrant pour piscines en ciment et en gr\u00e9site"},"content":{"rendered":"<p><img fetchpriority=\"high\" decoding=\"async\" class=\"alignnone wp-image-3814\" src=\"https:\/\/www.ecosolucionesquimicas.es\/wp-content\/uploads\/2024\/02\/swimming-pool-with-stair-300x201.jpg\" alt=\"\" width=\"550\" height=\"368\" srcset=\"https:\/\/www.ecosolucionesquimicas.es\/wp-content\/uploads\/2024\/02\/swimming-pool-with-stair-300x201.jpg 300w, https:\/\/www.ecosolucionesquimicas.es\/wp-content\/uploads\/2024\/02\/swimming-pool-with-stair-1024x686.jpg 1024w, https:\/\/www.ecosolucionesquimicas.es\/wp-content\/uploads\/2024\/02\/swimming-pool-with-stair-768x514.jpg 768w, https:\/\/www.ecosolucionesquimicas.es\/wp-content\/uploads\/2024\/02\/swimming-pool-with-stair-1536x1029.jpg 1536w, https:\/\/www.ecosolucionesquimicas.es\/wp-content\/uploads\/2024\/02\/swimming-pool-with-stair-2048x1372.jpg 2048w, https:\/\/www.ecosolucionesquimicas.es\/wp-content\/uploads\/2024\/02\/swimming-pool-with-stair-600x402.jpg 600w\" sizes=\"(max-width: 550px) 100vw, 550px\" \/><\/p>\n<p><strong>MODE D&rsquo;EMPLOI<\/strong><\/p>\n<div class=\"flex-shrink-0 flex flex-col relative items-end\">\n<div>\n<div class=\"pt-0\">\n<div class=\"gizmo-bot-avatar flex h-8 w-8 items-center justify-center overflow-hidden rounded-full\">\n<div class=\"relative p-1 rounded-sm flex items-center justify-center bg-token-main-surface-primary text-token-text-primary h-8 w-8\"><strong>Pr\u00e9paration<\/strong>: assure-toi que la piscine est vide, s\u00e8che et exempte de d\u00e9bris d\u00e9tach\u00e9s.<\/div>\n<div class=\"relative p-1 rounded-sm flex items-center justify-center bg-token-main-surface-primary text-token-text-primary h-8 w-8\"><strong>Application<\/strong>: applique le nettoyant uniform\u00e9ment sur les taches et les incrustations.<\/div>\n<div class=\"relative p-1 rounded-sm flex items-center justify-center bg-token-main-surface-primary text-token-text-primary h-8 w-8\"><strong>Temps d&rsquo;action<\/strong>: laisse agir le produit pendant 10 \u00e0 15 minutes en fonction de la gravit\u00e9.<\/div>\n<div class=\"relative p-1 rounded-sm flex items-center justify-center bg-token-main-surface-primary text-token-text-primary h-8 w-8\"><strong>Frotter et rincer<\/strong>: Frotter avec une brosse ou une \u00e9ponge et rincer \u00e0 l&rsquo;eau claire.<\/div>\n<div class=\"relative p-1 rounded-sm flex items-center justify-center bg-token-main-surface-primary text-token-text-primary h-8 w-8\"><strong>S\u00e9chage<\/strong>: attends que les surfaces s\u00e8chent compl\u00e8tement avant de remplir \u00e0 nouveau la piscine.<\/div>\n<\/div>\n<\/div>\n<\/div>\n<\/div>\n<p><strong>Recommandations :<\/strong><\/p>\n<p><strong>Utiliser un \u00e9quipement de protection :<\/strong> porter des gants et des lunettes de protection pour \u00e9viter tout contact direct avec le produit et pour se prot\u00e9ger contre une \u00e9ventuelle irritation.<br \/>\n<strong>Ventilation ad\u00e9quate :<\/strong> si tu travailles dans un endroit ferm\u00e9, assure-toi qu&rsquo;il est bien ventil\u00e9 pour \u00e9viter l&rsquo;accumulation de vapeurs.<\/p>\n","protected":false},"excerpt":{"rendered":"<div class=\"flex max-w-full flex-col flex-grow\">\n<div class=\"min-h-[20px] text-message flex w-full flex-col items-end gap-2 whitespace-normal break-words [.text-message+&amp;]:mt-5 overflow-x-auto\" dir=\"auto\" data-message-author-role=\"assistant\" data-message-id=\"7b760005-c54a-4539-8d0e-675e5742254a\">\n<div class=\"flex w-full flex-col gap-1 empty:hidden first:pt-[3px]\">\n<div class=\"markdown prose w-full break-words dark:prose-invert light\">\n<p><strong> ECO-501 EST UN PUISSANT D\u00c9TERGENT NETTOYANT ET D\u00c9TARTRANT<\/strong>. Facile \u00e0 appliquer et \u00e0 action rapide, il offre une solution efficace pour le nettoyage intensif des surfaces difficiles. <\/p>\n<p><strong> SP\u00c9CIFIQUEMENT FORMUL\u00c9 POUR LE NETTOYAGE EN PROFONDEUR DES PISCINES CONSTRUITES EN B\u00c9TON, EN CARRELAGE ET EN PIERRE<\/strong>. Ce produit est con\u00e7u pour offrir un nettoyage efficace sur les surfaces dures, garantissant des r\u00e9sultats professionnels sur les mat\u00e9riaux r\u00e9sistants tels que le b\u00e9ton, le carrelage et la gresite, qui sont souvent difficiles \u00e0 nettoyer. <\/p>\n<p><strong> \u00c9LIMINE LE CALCIUM, LE MAGN\u00c9SIUM ET LES D\u00c9P\u00d4TS ORGANIQUES<\/strong><strong>.<\/strong> ECO-501 dissout et \u00e9limine efficacement le tartre et les d\u00e9p\u00f4ts qui adh\u00e8rent aux parois et au fond de la piscine, am\u00e9liorant ainsi son aspect g\u00e9n\u00e9ral. <\/p>\n<p><strong> FORMULE AVANC\u00c9E QUI R\u00c9DUIT LE TEMPS ET LES EFFORTS DE NETTOYAGE<\/strong>. Gr\u00e2ce \u00e0 son action rapide et efficace, ECO-501 optimise les processus d&rsquo;entretien des piscines, ce qui permet d&rsquo;\u00e9conomiser du temps et des efforts. <\/p>\n<p><strong>FORMAT DE 5 LITRES.<\/strong><\/p>\n<\/div>\n<\/div>\n<\/div>\n<\/div>\n<p><strong>\u26ab<\/strong><strong> N\u00b0 de r\u00e9f. : ECO-501<\/strong><\/p>\n","protected":false},"featured_media":12716,"template":"","meta":[],"product_brand":[225],"product_cat":[540],"product_tag":[563,562,541],"class_list":{"0":"post-12712","1":"product","2":"type-product","3":"status-publish","4":"has-post-thumbnail","6":"product_brand-eqm","7":"product_cat-piscinas","8":"product_tag-eau-trouble","9":"product_tag-nettoyeurs-de-piscine","10":"product_tag-piscina","12":"first","13":"instock","14":"taxable","15":"shipping-taxable","16":"purchasable","17":"product-type-simple"},"acf":[],"yoast_head":"<!-- This site is optimized with the Yoast SEO Premium plugin v27.1 (Yoast SEO v27.4) - https:\/\/yoast.com\/product\/yoast-seo-premium-wordpress\/ -->\n<title>Nettoyant d\u00e9tartrant pour piscines en ciment et en gr\u00e9site - Ecosoluciones Qu\u00edmicas<\/title>\n<meta name=\"robots\" content=\"index, follow, max-snippet:-1, max-image-preview:large, max-video-preview:-1\" \/>\n<link rel=\"canonical\" href=\"https:\/\/www.ecosolucionesquimicas.es\/fr\/producto\/nettoyant-detartrant-pour-piscines-en-ciment-et-en-gresite\/\" \/>\n<meta property=\"og:locale\" content=\"fr_FR\" \/>\n<meta property=\"og:type\" content=\"article\" \/>\n<meta property=\"og:title\" content=\"Nettoyant d\u00e9tartrant pour piscines en ciment et en gr\u00e9site\" \/>\n<meta property=\"og:description\" content=\"ECO-501 EST UN PUISSANT D\u00c9TERGENT NETTOYANT ET D\u00c9TARTRANT. Facile \u00e0 appliquer et \u00e0 action rapide, il offre une solution efficace pour le nettoyage intensif des surfaces difficiles.  SP\u00c9CIFIQUEMENT FORMUL\u00c9 POUR LE NETTOYAGE EN PROFONDEUR DES PISCINES CONSTRUITES EN B\u00c9TON, EN CARRELAGE ET EN PIERRE. Ce produit est con\u00e7u pour offrir un nettoyage efficace sur les surfaces dures, garantissant des r\u00e9sultats professionnels sur les mat\u00e9riaux r\u00e9sistants tels que le b\u00e9ton, le carrelage et la gresite, qui sont souvent difficiles \u00e0 nettoyer.  \u00c9LIMINE LE CALCIUM, LE MAGN\u00c9SIUM ET LES D\u00c9P\u00d4TS ORGANIQUES. ECO-501 dissout et \u00e9limine efficacement le tartre et les d\u00e9p\u00f4ts qui adh\u00e8rent aux parois et au fond de la piscine, am\u00e9liorant ainsi son aspect g\u00e9n\u00e9ral.  FORMULE AVANC\u00c9E QUI R\u00c9DUIT LE TEMPS ET LES EFFORTS DE NETTOYAGE. Gr\u00e2ce \u00e0 son action rapide et efficace, ECO-501 optimise les processus d&#039;entretien des piscines, ce qui permet d&#039;\u00e9conomiser du temps et des efforts.  FORMAT DE 5 LITRES.   \u26ab N\u00b0 de r\u00e9f. : ECO-501\" \/>\n<meta property=\"og:url\" content=\"https:\/\/www.ecosolucionesquimicas.es\/fr\/producto\/nettoyant-detartrant-pour-piscines-en-ciment-et-en-gresite\/\" \/>\n<meta property=\"og:site_name\" content=\"Ecosoluciones Qu\u00edmicas\" \/>\n<meta property=\"article:publisher\" content=\"https:\/\/www.facebook.com\/ecosolucionesquimicasmadrid\/\" \/>\n<meta property=\"og:image\" content=\"https:\/\/www.ecosolucionesquimicas.es\/wp-content\/uploads\/2024\/02\/swimming-pool-with-stair-300x201.jpg\" \/>\n<meta name=\"twitter:card\" content=\"summary_large_image\" \/>\n<meta name=\"twitter:label1\" content=\"Prix\" \/>\n\t<meta name=\"twitter:data1\" content=\"15,72&nbsp;&euro; TVA incluse.\" \/>\n\t<meta name=\"twitter:label2\" content=\"Disponibilit\u00e9\" \/>\n\t<meta name=\"twitter:data2\" content=\"En stock\" \/>\n<script type=\"application\/ld+json\" class=\"yoast-schema-graph\">{\"@context\":\"https:\\\/\\\/schema.org\",\"@graph\":[{\"@type\":\"WebPage\",\"@id\":\"https:\\\/\\\/www.ecosolucionesquimicas.es\\\/fr\\\/producto\\\/nettoyant-detartrant-pour-piscines-en-ciment-et-en-gresite\\\/\",\"url\":\"https:\\\/\\\/www.ecosolucionesquimicas.es\\\/fr\\\/producto\\\/nettoyant-detartrant-pour-piscines-en-ciment-et-en-gresite\\\/\",\"name\":\"Nettoyant d\u00e9tartrant pour piscines en ciment et en gr\u00e9site - Ecosoluciones Qu\u00edmicas\",\"isPartOf\":{\"@id\":\"https:\\\/\\\/www.ecosolucionesquimicas.es\\\/fr\\\/#website\"},\"primaryImageOfPage\":{\"@id\":\"https:\\\/\\\/www.ecosolucionesquimicas.es\\\/fr\\\/producto\\\/nettoyant-detartrant-pour-piscines-en-ciment-et-en-gresite\\\/#primaryimage\"},\"image\":{\"@id\":\"https:\\\/\\\/www.ecosolucionesquimicas.es\\\/fr\\\/producto\\\/nettoyant-detartrant-pour-piscines-en-ciment-et-en-gresite\\\/#primaryimage\"},\"thumbnailUrl\":\"https:\\\/\\\/www.ecosolucionesquimicas.es\\\/wp-content\\\/uploads\\\/2024\\\/02\\\/ECO-501-5L-scaled.jpg\",\"datePublished\":\"2024-02-22T14:11:41+00:00\",\"breadcrumb\":{\"@id\":\"https:\\\/\\\/www.ecosolucionesquimicas.es\\\/fr\\\/producto\\\/nettoyant-detartrant-pour-piscines-en-ciment-et-en-gresite\\\/#breadcrumb\"},\"inLanguage\":\"fr-FR\",\"potentialAction\":[{\"@type\":\"ReadAction\",\"target\":[\"https:\\\/\\\/www.ecosolucionesquimicas.es\\\/fr\\\/producto\\\/nettoyant-detartrant-pour-piscines-en-ciment-et-en-gresite\\\/\"]}]},{\"@type\":\"ImageObject\",\"inLanguage\":\"fr-FR\",\"@id\":\"https:\\\/\\\/www.ecosolucionesquimicas.es\\\/fr\\\/producto\\\/nettoyant-detartrant-pour-piscines-en-ciment-et-en-gresite\\\/#primaryimage\",\"url\":\"https:\\\/\\\/www.ecosolucionesquimicas.es\\\/wp-content\\\/uploads\\\/2024\\\/02\\\/ECO-501-5L-scaled.jpg\",\"contentUrl\":\"https:\\\/\\\/www.ecosolucionesquimicas.es\\\/wp-content\\\/uploads\\\/2024\\\/02\\\/ECO-501-5L-scaled.jpg\",\"width\":2350,\"height\":2560},{\"@type\":\"BreadcrumbList\",\"@id\":\"https:\\\/\\\/www.ecosolucionesquimicas.es\\\/fr\\\/producto\\\/nettoyant-detartrant-pour-piscines-en-ciment-et-en-gresite\\\/#breadcrumb\",\"itemListElement\":[{\"@type\":\"ListItem\",\"position\":1,\"name\":\"Portada\",\"item\":\"https:\\\/\\\/www.ecosolucionesquimicas.es\\\/fr\\\/home\\\/\"},{\"@type\":\"ListItem\",\"position\":2,\"name\":\"Nettoyant d\u00e9tartrant pour piscines en ciment et en gr\u00e9site\"}]},{\"@type\":\"WebSite\",\"@id\":\"https:\\\/\\\/www.ecosolucionesquimicas.es\\\/fr\\\/#website\",\"url\":\"https:\\\/\\\/www.ecosolucionesquimicas.es\\\/fr\\\/\",\"name\":\"Ecosoluciones Qu\u00edmicas\",\"description\":\"Achetez en ligne des produits d'entretien et des produits chimiques fabriqu\u00e9s par nos soins.\",\"publisher\":{\"@id\":\"https:\\\/\\\/www.ecosolucionesquimicas.es\\\/fr\\\/#organization\"},\"alternateName\":\"EQM\",\"potentialAction\":[{\"@type\":\"SearchAction\",\"target\":{\"@type\":\"EntryPoint\",\"urlTemplate\":\"https:\\\/\\\/www.ecosolucionesquimicas.es\\\/fr\\\/?s={search_term_string}\"},\"query-input\":{\"@type\":\"PropertyValueSpecification\",\"valueRequired\":true,\"valueName\":\"search_term_string\"}}],\"inLanguage\":\"fr-FR\"},{\"@type\":\"Organization\",\"@id\":\"https:\\\/\\\/www.ecosolucionesquimicas.es\\\/fr\\\/#organization\",\"name\":\"Ecosoluciones Qu\u00edmicas\",\"url\":\"https:\\\/\\\/www.ecosolucionesquimicas.es\\\/fr\\\/\",\"logo\":{\"@type\":\"ImageObject\",\"inLanguage\":\"fr-FR\",\"@id\":\"https:\\\/\\\/www.ecosolucionesquimicas.es\\\/fr\\\/#\\\/schema\\\/logo\\\/image\\\/\",\"url\":\"https:\\\/\\\/www.ecosolucionesquimicas.es\\\/wp-content\\\/uploads\\\/2024\\\/08\\\/LOGO-EQM-NUEVO-.png\",\"contentUrl\":\"https:\\\/\\\/www.ecosolucionesquimicas.es\\\/wp-content\\\/uploads\\\/2024\\\/08\\\/LOGO-EQM-NUEVO-.png\",\"width\":1060,\"height\":456,\"caption\":\"Ecosoluciones Qu\u00edmicas\"},\"image\":{\"@id\":\"https:\\\/\\\/www.ecosolucionesquimicas.es\\\/fr\\\/#\\\/schema\\\/logo\\\/image\\\/\"},\"sameAs\":[\"https:\\\/\\\/www.facebook.com\\\/ecosolucionesquimicasmadrid\\\/\",\"https:\\\/\\\/www.instagram.com\\\/ecosolucionesquimicas\\\/\"],\"hasMerchantReturnPolicy\":{\"@type\":\"MerchantReturnPolicy\",\"merchantReturnLink\":\"https:\\\/\\\/www.ecosolucionesquimicas.es\\\/refund_returns\\\/\"}}]}<\/script>\n<meta property=\"product:brand\" content=\"EQM\" \/>\n<meta property=\"product:price:amount\" content=\"15.72\" \/>\n<meta property=\"product:price:currency\" content=\"EUR\" \/>\n<meta property=\"og:availability\" content=\"instock\" \/>\n<meta property=\"product:availability\" content=\"instock\" \/>\n<meta property=\"product:retailer_item_id\" content=\"ECO-501\" \/>\n<meta property=\"product:condition\" content=\"new\" \/>\n<!-- \/ Yoast SEO Premium plugin. -->","yoast_head_json":{"title":"Nettoyant d\u00e9tartrant pour piscines en ciment et en gr\u00e9site - Ecosoluciones Qu\u00edmicas","robots":{"index":"index","follow":"follow","max-snippet":"max-snippet:-1","max-image-preview":"max-image-preview:large","max-video-preview":"max-video-preview:-1"},"canonical":"https:\/\/www.ecosolucionesquimicas.es\/fr\/producto\/nettoyant-detartrant-pour-piscines-en-ciment-et-en-gresite\/","og_locale":"fr_FR","og_type":"article","og_title":"Nettoyant d\u00e9tartrant pour piscines en ciment et en gr\u00e9site","og_description":"ECO-501 EST UN PUISSANT D\u00c9TERGENT NETTOYANT ET D\u00c9TARTRANT. Facile \u00e0 appliquer et \u00e0 action rapide, il offre une solution efficace pour le nettoyage intensif des surfaces difficiles.  SP\u00c9CIFIQUEMENT FORMUL\u00c9 POUR LE NETTOYAGE EN PROFONDEUR DES PISCINES CONSTRUITES EN B\u00c9TON, EN CARRELAGE ET EN PIERRE. Ce produit est con\u00e7u pour offrir un nettoyage efficace sur les surfaces dures, garantissant des r\u00e9sultats professionnels sur les mat\u00e9riaux r\u00e9sistants tels que le b\u00e9ton, le carrelage et la gresite, qui sont souvent difficiles \u00e0 nettoyer.  \u00c9LIMINE LE CALCIUM, LE MAGN\u00c9SIUM ET LES D\u00c9P\u00d4TS ORGANIQUES. ECO-501 dissout et \u00e9limine efficacement le tartre et les d\u00e9p\u00f4ts qui adh\u00e8rent aux parois et au fond de la piscine, am\u00e9liorant ainsi son aspect g\u00e9n\u00e9ral.  FORMULE AVANC\u00c9E QUI R\u00c9DUIT LE TEMPS ET LES EFFORTS DE NETTOYAGE. Gr\u00e2ce \u00e0 son action rapide et efficace, ECO-501 optimise les processus d'entretien des piscines, ce qui permet d'\u00e9conomiser du temps et des efforts.  FORMAT DE 5 LITRES.   \u26ab N\u00b0 de r\u00e9f. : ECO-501","og_url":"https:\/\/www.ecosolucionesquimicas.es\/fr\/producto\/nettoyant-detartrant-pour-piscines-en-ciment-et-en-gresite\/","og_site_name":"Ecosoluciones Qu\u00edmicas","article_publisher":"https:\/\/www.facebook.com\/ecosolucionesquimicasmadrid\/","og_image":[{"url":"https:\/\/www.ecosolucionesquimicas.es\/wp-content\/uploads\/2024\/02\/swimming-pool-with-stair-300x201.jpg","type":"","width":"","height":""}],"twitter_card":"summary_large_image","twitter_misc":{"Prix":"15,72&nbsp;&euro; TVA incluse.","Disponibilit\u00e9":"En stock"},"schema":{"@context":"https:\/\/schema.org","@graph":[{"@type":"WebPage","@id":"https:\/\/www.ecosolucionesquimicas.es\/fr\/producto\/nettoyant-detartrant-pour-piscines-en-ciment-et-en-gresite\/","url":"https:\/\/www.ecosolucionesquimicas.es\/fr\/producto\/nettoyant-detartrant-pour-piscines-en-ciment-et-en-gresite\/","name":"Nettoyant d\u00e9tartrant pour piscines en ciment et en gr\u00e9site - Ecosoluciones Qu\u00edmicas","isPartOf":{"@id":"https:\/\/www.ecosolucionesquimicas.es\/fr\/#website"},"primaryImageOfPage":{"@id":"https:\/\/www.ecosolucionesquimicas.es\/fr\/producto\/nettoyant-detartrant-pour-piscines-en-ciment-et-en-gresite\/#primaryimage"},"image":{"@id":"https:\/\/www.ecosolucionesquimicas.es\/fr\/producto\/nettoyant-detartrant-pour-piscines-en-ciment-et-en-gresite\/#primaryimage"},"thumbnailUrl":"https:\/\/www.ecosolucionesquimicas.es\/wp-content\/uploads\/2024\/02\/ECO-501-5L-scaled.jpg","datePublished":"2024-02-22T14:11:41+00:00","breadcrumb":{"@id":"https:\/\/www.ecosolucionesquimicas.es\/fr\/producto\/nettoyant-detartrant-pour-piscines-en-ciment-et-en-gresite\/#breadcrumb"},"inLanguage":"fr-FR","potentialAction":[{"@type":"ReadAction","target":["https:\/\/www.ecosolucionesquimicas.es\/fr\/producto\/nettoyant-detartrant-pour-piscines-en-ciment-et-en-gresite\/"]}]},{"@type":"ImageObject","inLanguage":"fr-FR","@id":"https:\/\/www.ecosolucionesquimicas.es\/fr\/producto\/nettoyant-detartrant-pour-piscines-en-ciment-et-en-gresite\/#primaryimage","url":"https:\/\/www.ecosolucionesquimicas.es\/wp-content\/uploads\/2024\/02\/ECO-501-5L-scaled.jpg","contentUrl":"https:\/\/www.ecosolucionesquimicas.es\/wp-content\/uploads\/2024\/02\/ECO-501-5L-scaled.jpg","width":2350,"height":2560},{"@type":"BreadcrumbList","@id":"https:\/\/www.ecosolucionesquimicas.es\/fr\/producto\/nettoyant-detartrant-pour-piscines-en-ciment-et-en-gresite\/#breadcrumb","itemListElement":[{"@type":"ListItem","position":1,"name":"Portada","item":"https:\/\/www.ecosolucionesquimicas.es\/fr\/home\/"},{"@type":"ListItem","position":2,"name":"Nettoyant d\u00e9tartrant pour piscines en ciment et en gr\u00e9site"}]},{"@type":"WebSite","@id":"https:\/\/www.ecosolucionesquimicas.es\/fr\/#website","url":"https:\/\/www.ecosolucionesquimicas.es\/fr\/","name":"Ecosoluciones Qu\u00edmicas","description":"Achetez en ligne des produits d'entretien et des produits chimiques fabriqu\u00e9s par nos soins.","publisher":{"@id":"https:\/\/www.ecosolucionesquimicas.es\/fr\/#organization"},"alternateName":"EQM","potentialAction":[{"@type":"SearchAction","target":{"@type":"EntryPoint","urlTemplate":"https:\/\/www.ecosolucionesquimicas.es\/fr\/?s={search_term_string}"},"query-input":{"@type":"PropertyValueSpecification","valueRequired":true,"valueName":"search_term_string"}}],"inLanguage":"fr-FR"},{"@type":"Organization","@id":"https:\/\/www.ecosolucionesquimicas.es\/fr\/#organization","name":"Ecosoluciones Qu\u00edmicas","url":"https:\/\/www.ecosolucionesquimicas.es\/fr\/","logo":{"@type":"ImageObject","inLanguage":"fr-FR","@id":"https:\/\/www.ecosolucionesquimicas.es\/fr\/#\/schema\/logo\/image\/","url":"https:\/\/www.ecosolucionesquimicas.es\/wp-content\/uploads\/2024\/08\/LOGO-EQM-NUEVO-.png","contentUrl":"https:\/\/www.ecosolucionesquimicas.es\/wp-content\/uploads\/2024\/08\/LOGO-EQM-NUEVO-.png","width":1060,"height":456,"caption":"Ecosoluciones Qu\u00edmicas"},"image":{"@id":"https:\/\/www.ecosolucionesquimicas.es\/fr\/#\/schema\/logo\/image\/"},"sameAs":["https:\/\/www.facebook.com\/ecosolucionesquimicasmadrid\/","https:\/\/www.instagram.com\/ecosolucionesquimicas\/"],"hasMerchantReturnPolicy":{"@type":"MerchantReturnPolicy","merchantReturnLink":"https:\/\/www.ecosolucionesquimicas.es\/refund_returns\/"}}]},"product_brand":"EQM","product_price_amount":"15.72","product_price_currency":"EUR","og_availability":"instock","product_availability":"instock","product_retailer_item_id":"ECO-501","product_condition":"new"},"_links":{"self":[{"href":"https:\/\/www.ecosolucionesquimicas.es\/fr\/wp-json\/wp\/v2\/product\/12712","targetHints":{"allow":["GET"]}}],"collection":[{"href":"https:\/\/www.ecosolucionesquimicas.es\/fr\/wp-json\/wp\/v2\/product"}],"about":[{"href":"https:\/\/www.ecosolucionesquimicas.es\/fr\/wp-json\/wp\/v2\/types\/product"}],"wp:featuredmedia":[{"embeddable":true,"href":"https:\/\/www.ecosolucionesquimicas.es\/fr\/wp-json\/wp\/v2\/media\/12716"}],"wp:attachment":[{"href":"https:\/\/www.ecosolucionesquimicas.es\/fr\/wp-json\/wp\/v2\/media?parent=12712"}],"wp:term":[{"taxonomy":"product_brand","embeddable":true,"href":"https:\/\/www.ecosolucionesquimicas.es\/fr\/wp-json\/wp\/v2\/product_brand?post=12712"},{"taxonomy":"product_cat","embeddable":true,"href":"https:\/\/www.ecosolucionesquimicas.es\/fr\/wp-json\/wp\/v2\/product_cat?post=12712"},{"taxonomy":"product_tag","embeddable":true,"href":"https:\/\/www.ecosolucionesquimicas.es\/fr\/wp-json\/wp\/v2\/product_tag?post=12712"}],"curies":[{"name":"wp","href":"https:\/\/api.w.org\/{rel}","templated":true}]}}