{"id":12686,"date":"2024-02-22T15:11:41","date_gmt":"2024-02-22T14:11:41","guid":{"rendered":"https:\/\/www.ecosolucionesquimicas.es\/producto\/detartreur-de-cafetiere\/"},"modified":"2026-04-08T16:39:46","modified_gmt":"2026-04-08T14:39:46","slug":"detartreur-de-cafetiere","status":"publish","type":"product","link":"https:\/\/www.ecosolucionesquimicas.es\/fr\/producto\/detartreur-de-cafetiere\/","title":{"rendered":"D\u00e9tartreur de cafeti\u00e8re"},"content":{"rendered":"<p><img fetchpriority=\"high\" decoding=\"async\" class=\"alignnone wp-image-3309\" src=\"https:\/\/www.ecosolucionesquimicas.es\/wp-content\/uploads\/2024\/02\/A_beautiful_coffee_machine_in_a_modern_kitchen_set-300x171.jpg\" alt=\"\" width=\"550\" height=\"314\" srcset=\"https:\/\/www.ecosolucionesquimicas.es\/wp-content\/uploads\/2024\/02\/A_beautiful_coffee_machine_in_a_modern_kitchen_set-300x171.jpg 300w, https:\/\/www.ecosolucionesquimicas.es\/wp-content\/uploads\/2024\/02\/A_beautiful_coffee_machine_in_a_modern_kitchen_set-1024x585.jpg 1024w, https:\/\/www.ecosolucionesquimicas.es\/wp-content\/uploads\/2024\/02\/A_beautiful_coffee_machine_in_a_modern_kitchen_set-768x439.jpg 768w, https:\/\/www.ecosolucionesquimicas.es\/wp-content\/uploads\/2024\/02\/A_beautiful_coffee_machine_in_a_modern_kitchen_set-1536x878.jpg 1536w, https:\/\/www.ecosolucionesquimicas.es\/wp-content\/uploads\/2024\/02\/A_beautiful_coffee_machine_in_a_modern_kitchen_set-600x343.jpg 600w, https:\/\/www.ecosolucionesquimicas.es\/wp-content\/uploads\/2024\/02\/A_beautiful_coffee_machine_in_a_modern_kitchen_set.jpg 1792w\" sizes=\"(max-width: 550px) 100vw, 550px\" \/><\/p>\n<p><strong>MODE D&rsquo;EMPLOI<\/strong><\/p>\n<p><strong>\ud83d\udd18 Pr\u00e9paration :<\/strong> M\u00e9langer 1 volume de d\u00e9tartrant avec 3 volumes d&rsquo;eau dans le r\u00e9servoir (machine \u00e0 caf\u00e9 \u00e9teinte).<br \/>\n<strong>\ud83d\udd18 Circulation :<\/strong> Allumer la machine \u00e0 caf\u00e9 et laisser le liquide circuler.<br \/>\n<strong>\ud83d\udd18 Action :<\/strong> \u00c9teindre et laisser agir pendant 10 minutes.<br \/>\n<strong>\ud83d\udd18 Rin\u00e7age :<\/strong> Rincer \u00e0 l&rsquo;eau claire 3 fois.<\/p>\n","protected":false},"excerpt":{"rendered":"<p><strong>LIQUIDE D\u00c9TARTRANT ID\u00c9AL POUR \u00c9LIMINER LE CALCAIRE DES MACHINES \u00c0 CAF\u00c9<\/strong>. Garde les machines \u00e0 caf\u00e9 exemptes de calcaire et assure des performances optimales et un caf\u00e9 toujours d\u00e9licieux. <\/p>\n<p><strong>ECO-212 PROLONGE LA DUR\u00c9E DE VIE DE LA MACHINE \u00c0 CAF\u00c9 ET PR\u00c9SERVE LE GO\u00dbT DU CAF\u00c9.<\/strong>  Une utilisation r\u00e9guli\u00e8re pr\u00e9vient l&rsquo;accumulation de calcaire, ce qui permet \u00e0 la machine de bien fonctionner plus longtemps et au go\u00fbt du caf\u00e9 de rester pur et inalt\u00e9r\u00e9.<\/p>\n<p><strong>POLYVALENT POUR UNE UTILISATION DANS LES MACHINES \u00c0 CAF\u00c9 ET AUTRES APPAREILS M\u00c9NAGERS.<\/strong>  Il \u00e9limine \u00e9galement le calcaire des fers \u00e0 repasser, des robinets, des carreaux et des autres appareils m\u00e9nagers, ce qui leur permet de rester en parfait \u00e9tat et de fonctionner efficacement.<\/p>\n<p><strong>\u2705 FORMUL\u00c9 AVEC DE L&rsquo;ACIDE CITRIQUE 100 % NATUREL.<\/strong>  Il est sans danger pour la maison et respectueux de l&rsquo;environnement, car il \u00e9limine efficacement le calcaire sans laisser de r\u00e9sidus toxiques.<\/p>\n<p><strong>\u2705<\/strong><strong> FORMATS DE 500 ML, 1 ET 5 LITRES.<\/strong><\/p>\n<p><strong>R\u00e9f\u00e9rence : ECO-212<\/strong><\/p>\n","protected":false},"featured_media":12693,"template":"","meta":[],"product_brand":[225],"product_cat":[413],"product_tag":[591,590,592],"class_list":{"0":"post-12686","1":"product","2":"type-product","3":"status-publish","4":"has-post-thumbnail","6":"product_brand-eqm","7":"product_cat-limpieza-profesional","8":"product_tag-adoucisseur-deau","9":"product_tag-cafetiere","10":"product_tag-chaux","12":"first","13":"instock","14":"taxable","15":"shipping-taxable","16":"purchasable","17":"product-type-variable"},"acf":[],"yoast_head":"<!-- This site is optimized with the Yoast SEO Premium plugin v27.1 (Yoast SEO v27.4) - https:\/\/yoast.com\/product\/yoast-seo-premium-wordpress\/ -->\n<title>D\u00e9tartreur de cafeti\u00e8re - Ecosoluciones Qu\u00edmicas<\/title>\n<meta name=\"robots\" content=\"index, follow, max-snippet:-1, max-image-preview:large, max-video-preview:-1\" \/>\n<link rel=\"canonical\" href=\"https:\/\/www.ecosolucionesquimicas.es\/fr\/producto\/detartreur-de-cafetiere\/\" \/>\n<meta property=\"og:locale\" content=\"fr_FR\" \/>\n<meta property=\"og:type\" content=\"article\" \/>\n<meta property=\"og:title\" content=\"D\u00e9tartreur de cafeti\u00e8re\" \/>\n<meta property=\"og:description\" content=\"LIQUIDE D\u00c9TARTRANT ID\u00c9AL POUR \u00c9LIMINER LE CALCAIRE DES MACHINES \u00c0 CAF\u00c9. Garde les machines \u00e0 caf\u00e9 exemptes de calcaire et assure des performances optimales et un caf\u00e9 toujours d\u00e9licieux.  ECO-212 PROLONGE LA DUR\u00c9E DE VIE DE LA MACHINE \u00c0 CAF\u00c9 ET PR\u00c9SERVE LE GO\u00dbT DU CAF\u00c9. Une utilisation r\u00e9guli\u00e8re pr\u00e9vient l&#039;accumulation de calcaire, ce qui permet \u00e0 la machine de bien fonctionner plus longtemps et au go\u00fbt du caf\u00e9 de rester pur et inalt\u00e9r\u00e9. POLYVALENT POUR UNE UTILISATION DANS LES MACHINES \u00c0 CAF\u00c9 ET AUTRES APPAREILS M\u00c9NAGERS. Il \u00e9limine \u00e9galement le calcaire des fers \u00e0 repasser, des robinets, des carreaux et des autres appareils m\u00e9nagers, ce qui leur permet de rester en parfait \u00e9tat et de fonctionner efficacement. \u2705 FORMUL\u00c9 AVEC DE L&#039;ACIDE CITRIQUE 100 % NATUREL. Il est sans danger pour la maison et respectueux de l&#039;environnement, car il \u00e9limine efficacement le calcaire sans laisser de r\u00e9sidus toxiques. \u2705 FORMATS DE 500 ML, 1 ET 5 LITRES. R\u00e9f\u00e9rence : ECO-212\" \/>\n<meta property=\"og:url\" content=\"https:\/\/www.ecosolucionesquimicas.es\/fr\/producto\/detartreur-de-cafetiere\/\" \/>\n<meta property=\"og:site_name\" content=\"Ecosoluciones Qu\u00edmicas\" \/>\n<meta property=\"article:publisher\" content=\"https:\/\/www.facebook.com\/ecosolucionesquimicasmadrid\/\" \/>\n<meta property=\"article:modified_time\" content=\"2026-04-08T14:39:46+00:00\" \/>\n<meta property=\"og:image\" content=\"https:\/\/www.ecosolucionesquimicas.es\/wp-content\/uploads\/2024\/02\/A_beautiful_coffee_machine_in_a_modern_kitchen_set-300x171.jpg\" \/>\n<meta name=\"twitter:card\" content=\"summary_large_image\" \/>\n<meta name=\"twitter:label1\" content=\"Disponibilit\u00e9\" \/>\n\t<meta name=\"twitter:data1\" content=\"En stock\" \/>\n<script type=\"application\/ld+json\" class=\"yoast-schema-graph\">{\"@context\":\"https:\\\/\\\/schema.org\",\"@graph\":[{\"@type\":\"WebPage\",\"@id\":\"https:\\\/\\\/www.ecosolucionesquimicas.es\\\/fr\\\/producto\\\/detartreur-de-cafetiere\\\/\",\"url\":\"https:\\\/\\\/www.ecosolucionesquimicas.es\\\/fr\\\/producto\\\/detartreur-de-cafetiere\\\/\",\"name\":\"D\u00e9tartreur de cafeti\u00e8re - Ecosoluciones Qu\u00edmicas\",\"isPartOf\":{\"@id\":\"https:\\\/\\\/www.ecosolucionesquimicas.es\\\/fr\\\/#website\"},\"primaryImageOfPage\":{\"@id\":\"https:\\\/\\\/www.ecosolucionesquimicas.es\\\/fr\\\/producto\\\/detartreur-de-cafetiere\\\/#primaryimage\"},\"image\":{\"@id\":\"https:\\\/\\\/www.ecosolucionesquimicas.es\\\/fr\\\/producto\\\/detartreur-de-cafetiere\\\/#primaryimage\"},\"thumbnailUrl\":\"https:\\\/\\\/www.ecosolucionesquimicas.es\\\/wp-content\\\/uploads\\\/2024\\\/02\\\/ECO-212-1L-scaled.jpg\",\"datePublished\":\"2024-02-22T14:11:41+00:00\",\"dateModified\":\"2026-04-08T14:39:46+00:00\",\"breadcrumb\":{\"@id\":\"https:\\\/\\\/www.ecosolucionesquimicas.es\\\/fr\\\/producto\\\/detartreur-de-cafetiere\\\/#breadcrumb\"},\"inLanguage\":\"fr-FR\",\"potentialAction\":[{\"@type\":\"ReadAction\",\"target\":[\"https:\\\/\\\/www.ecosolucionesquimicas.es\\\/fr\\\/producto\\\/detartreur-de-cafetiere\\\/\"]}]},{\"@type\":\"ImageObject\",\"inLanguage\":\"fr-FR\",\"@id\":\"https:\\\/\\\/www.ecosolucionesquimicas.es\\\/fr\\\/producto\\\/detartreur-de-cafetiere\\\/#primaryimage\",\"url\":\"https:\\\/\\\/www.ecosolucionesquimicas.es\\\/wp-content\\\/uploads\\\/2024\\\/02\\\/ECO-212-1L-scaled.jpg\",\"contentUrl\":\"https:\\\/\\\/www.ecosolucionesquimicas.es\\\/wp-content\\\/uploads\\\/2024\\\/02\\\/ECO-212-1L-scaled.jpg\",\"width\":2350,\"height\":2560},{\"@type\":\"BreadcrumbList\",\"@id\":\"https:\\\/\\\/www.ecosolucionesquimicas.es\\\/fr\\\/producto\\\/detartreur-de-cafetiere\\\/#breadcrumb\",\"itemListElement\":[{\"@type\":\"ListItem\",\"position\":1,\"name\":\"Portada\",\"item\":\"https:\\\/\\\/www.ecosolucionesquimicas.es\\\/fr\\\/home\\\/\"},{\"@type\":\"ListItem\",\"position\":2,\"name\":\"D\u00e9tartreur de cafeti\u00e8re\"}]},{\"@type\":\"WebSite\",\"@id\":\"https:\\\/\\\/www.ecosolucionesquimicas.es\\\/fr\\\/#website\",\"url\":\"https:\\\/\\\/www.ecosolucionesquimicas.es\\\/fr\\\/\",\"name\":\"Ecosoluciones Qu\u00edmicas\",\"description\":\"Achetez en ligne des produits d'entretien et des produits chimiques fabriqu\u00e9s par nos soins.\",\"publisher\":{\"@id\":\"https:\\\/\\\/www.ecosolucionesquimicas.es\\\/fr\\\/#organization\"},\"alternateName\":\"EQM\",\"potentialAction\":[{\"@type\":\"SearchAction\",\"target\":{\"@type\":\"EntryPoint\",\"urlTemplate\":\"https:\\\/\\\/www.ecosolucionesquimicas.es\\\/fr\\\/?s={search_term_string}\"},\"query-input\":{\"@type\":\"PropertyValueSpecification\",\"valueRequired\":true,\"valueName\":\"search_term_string\"}}],\"inLanguage\":\"fr-FR\"},{\"@type\":\"Organization\",\"@id\":\"https:\\\/\\\/www.ecosolucionesquimicas.es\\\/fr\\\/#organization\",\"name\":\"Ecosoluciones Qu\u00edmicas\",\"url\":\"https:\\\/\\\/www.ecosolucionesquimicas.es\\\/fr\\\/\",\"logo\":{\"@type\":\"ImageObject\",\"inLanguage\":\"fr-FR\",\"@id\":\"https:\\\/\\\/www.ecosolucionesquimicas.es\\\/fr\\\/#\\\/schema\\\/logo\\\/image\\\/\",\"url\":\"https:\\\/\\\/www.ecosolucionesquimicas.es\\\/wp-content\\\/uploads\\\/2024\\\/08\\\/LOGO-EQM-NUEVO-.png\",\"contentUrl\":\"https:\\\/\\\/www.ecosolucionesquimicas.es\\\/wp-content\\\/uploads\\\/2024\\\/08\\\/LOGO-EQM-NUEVO-.png\",\"width\":1060,\"height\":456,\"caption\":\"Ecosoluciones Qu\u00edmicas\"},\"image\":{\"@id\":\"https:\\\/\\\/www.ecosolucionesquimicas.es\\\/fr\\\/#\\\/schema\\\/logo\\\/image\\\/\"},\"sameAs\":[\"https:\\\/\\\/www.facebook.com\\\/ecosolucionesquimicasmadrid\\\/\",\"https:\\\/\\\/www.instagram.com\\\/ecosolucionesquimicas\\\/\"],\"hasMerchantReturnPolicy\":{\"@type\":\"MerchantReturnPolicy\",\"merchantReturnLink\":\"https:\\\/\\\/www.ecosolucionesquimicas.es\\\/refund_returns\\\/\"}}]}<\/script>\n<meta property=\"product:brand\" content=\"EQM\" \/>\n<meta property=\"og:availability\" content=\"instock\" \/>\n<meta property=\"product:availability\" content=\"instock\" \/>\n<meta property=\"product:retailer_item_id\" content=\"ECO-212\" \/>\n<meta property=\"product:condition\" content=\"new\" \/>\n<!-- \/ Yoast SEO Premium plugin. -->","yoast_head_json":{"title":"D\u00e9tartreur de cafeti\u00e8re - Ecosoluciones Qu\u00edmicas","robots":{"index":"index","follow":"follow","max-snippet":"max-snippet:-1","max-image-preview":"max-image-preview:large","max-video-preview":"max-video-preview:-1"},"canonical":"https:\/\/www.ecosolucionesquimicas.es\/fr\/producto\/detartreur-de-cafetiere\/","og_locale":"fr_FR","og_type":"article","og_title":"D\u00e9tartreur de cafeti\u00e8re","og_description":"LIQUIDE D\u00c9TARTRANT ID\u00c9AL POUR \u00c9LIMINER LE CALCAIRE DES MACHINES \u00c0 CAF\u00c9. Garde les machines \u00e0 caf\u00e9 exemptes de calcaire et assure des performances optimales et un caf\u00e9 toujours d\u00e9licieux.  ECO-212 PROLONGE LA DUR\u00c9E DE VIE DE LA MACHINE \u00c0 CAF\u00c9 ET PR\u00c9SERVE LE GO\u00dbT DU CAF\u00c9. Une utilisation r\u00e9guli\u00e8re pr\u00e9vient l'accumulation de calcaire, ce qui permet \u00e0 la machine de bien fonctionner plus longtemps et au go\u00fbt du caf\u00e9 de rester pur et inalt\u00e9r\u00e9. POLYVALENT POUR UNE UTILISATION DANS LES MACHINES \u00c0 CAF\u00c9 ET AUTRES APPAREILS M\u00c9NAGERS. Il \u00e9limine \u00e9galement le calcaire des fers \u00e0 repasser, des robinets, des carreaux et des autres appareils m\u00e9nagers, ce qui leur permet de rester en parfait \u00e9tat et de fonctionner efficacement. \u2705 FORMUL\u00c9 AVEC DE L'ACIDE CITRIQUE 100 % NATUREL. Il est sans danger pour la maison et respectueux de l'environnement, car il \u00e9limine efficacement le calcaire sans laisser de r\u00e9sidus toxiques. \u2705 FORMATS DE 500 ML, 1 ET 5 LITRES. R\u00e9f\u00e9rence : ECO-212","og_url":"https:\/\/www.ecosolucionesquimicas.es\/fr\/producto\/detartreur-de-cafetiere\/","og_site_name":"Ecosoluciones Qu\u00edmicas","article_publisher":"https:\/\/www.facebook.com\/ecosolucionesquimicasmadrid\/","article_modified_time":"2026-04-08T14:39:46+00:00","og_image":[{"url":"https:\/\/www.ecosolucionesquimicas.es\/wp-content\/uploads\/2024\/02\/A_beautiful_coffee_machine_in_a_modern_kitchen_set-300x171.jpg","type":"","width":"","height":""}],"twitter_card":"summary_large_image","twitter_misc":{"Disponibilit\u00e9":"En stock"},"schema":{"@context":"https:\/\/schema.org","@graph":[{"@type":"WebPage","@id":"https:\/\/www.ecosolucionesquimicas.es\/fr\/producto\/detartreur-de-cafetiere\/","url":"https:\/\/www.ecosolucionesquimicas.es\/fr\/producto\/detartreur-de-cafetiere\/","name":"D\u00e9tartreur de cafeti\u00e8re - Ecosoluciones Qu\u00edmicas","isPartOf":{"@id":"https:\/\/www.ecosolucionesquimicas.es\/fr\/#website"},"primaryImageOfPage":{"@id":"https:\/\/www.ecosolucionesquimicas.es\/fr\/producto\/detartreur-de-cafetiere\/#primaryimage"},"image":{"@id":"https:\/\/www.ecosolucionesquimicas.es\/fr\/producto\/detartreur-de-cafetiere\/#primaryimage"},"thumbnailUrl":"https:\/\/www.ecosolucionesquimicas.es\/wp-content\/uploads\/2024\/02\/ECO-212-1L-scaled.jpg","datePublished":"2024-02-22T14:11:41+00:00","dateModified":"2026-04-08T14:39:46+00:00","breadcrumb":{"@id":"https:\/\/www.ecosolucionesquimicas.es\/fr\/producto\/detartreur-de-cafetiere\/#breadcrumb"},"inLanguage":"fr-FR","potentialAction":[{"@type":"ReadAction","target":["https:\/\/www.ecosolucionesquimicas.es\/fr\/producto\/detartreur-de-cafetiere\/"]}]},{"@type":"ImageObject","inLanguage":"fr-FR","@id":"https:\/\/www.ecosolucionesquimicas.es\/fr\/producto\/detartreur-de-cafetiere\/#primaryimage","url":"https:\/\/www.ecosolucionesquimicas.es\/wp-content\/uploads\/2024\/02\/ECO-212-1L-scaled.jpg","contentUrl":"https:\/\/www.ecosolucionesquimicas.es\/wp-content\/uploads\/2024\/02\/ECO-212-1L-scaled.jpg","width":2350,"height":2560},{"@type":"BreadcrumbList","@id":"https:\/\/www.ecosolucionesquimicas.es\/fr\/producto\/detartreur-de-cafetiere\/#breadcrumb","itemListElement":[{"@type":"ListItem","position":1,"name":"Portada","item":"https:\/\/www.ecosolucionesquimicas.es\/fr\/home\/"},{"@type":"ListItem","position":2,"name":"D\u00e9tartreur de cafeti\u00e8re"}]},{"@type":"WebSite","@id":"https:\/\/www.ecosolucionesquimicas.es\/fr\/#website","url":"https:\/\/www.ecosolucionesquimicas.es\/fr\/","name":"Ecosoluciones Qu\u00edmicas","description":"Achetez en ligne des produits d'entretien et des produits chimiques fabriqu\u00e9s par nos soins.","publisher":{"@id":"https:\/\/www.ecosolucionesquimicas.es\/fr\/#organization"},"alternateName":"EQM","potentialAction":[{"@type":"SearchAction","target":{"@type":"EntryPoint","urlTemplate":"https:\/\/www.ecosolucionesquimicas.es\/fr\/?s={search_term_string}"},"query-input":{"@type":"PropertyValueSpecification","valueRequired":true,"valueName":"search_term_string"}}],"inLanguage":"fr-FR"},{"@type":"Organization","@id":"https:\/\/www.ecosolucionesquimicas.es\/fr\/#organization","name":"Ecosoluciones Qu\u00edmicas","url":"https:\/\/www.ecosolucionesquimicas.es\/fr\/","logo":{"@type":"ImageObject","inLanguage":"fr-FR","@id":"https:\/\/www.ecosolucionesquimicas.es\/fr\/#\/schema\/logo\/image\/","url":"https:\/\/www.ecosolucionesquimicas.es\/wp-content\/uploads\/2024\/08\/LOGO-EQM-NUEVO-.png","contentUrl":"https:\/\/www.ecosolucionesquimicas.es\/wp-content\/uploads\/2024\/08\/LOGO-EQM-NUEVO-.png","width":1060,"height":456,"caption":"Ecosoluciones Qu\u00edmicas"},"image":{"@id":"https:\/\/www.ecosolucionesquimicas.es\/fr\/#\/schema\/logo\/image\/"},"sameAs":["https:\/\/www.facebook.com\/ecosolucionesquimicasmadrid\/","https:\/\/www.instagram.com\/ecosolucionesquimicas\/"],"hasMerchantReturnPolicy":{"@type":"MerchantReturnPolicy","merchantReturnLink":"https:\/\/www.ecosolucionesquimicas.es\/refund_returns\/"}}]},"product_brand":"EQM","og_availability":"instock","product_availability":"instock","product_retailer_item_id":"ECO-212","product_condition":"new"},"_links":{"self":[{"href":"https:\/\/www.ecosolucionesquimicas.es\/fr\/wp-json\/wp\/v2\/product\/12686","targetHints":{"allow":["GET"]}}],"collection":[{"href":"https:\/\/www.ecosolucionesquimicas.es\/fr\/wp-json\/wp\/v2\/product"}],"about":[{"href":"https:\/\/www.ecosolucionesquimicas.es\/fr\/wp-json\/wp\/v2\/types\/product"}],"wp:featuredmedia":[{"embeddable":true,"href":"https:\/\/www.ecosolucionesquimicas.es\/fr\/wp-json\/wp\/v2\/media\/12693"}],"wp:attachment":[{"href":"https:\/\/www.ecosolucionesquimicas.es\/fr\/wp-json\/wp\/v2\/media?parent=12686"}],"wp:term":[{"taxonomy":"product_brand","embeddable":true,"href":"https:\/\/www.ecosolucionesquimicas.es\/fr\/wp-json\/wp\/v2\/product_brand?post=12686"},{"taxonomy":"product_cat","embeddable":true,"href":"https:\/\/www.ecosolucionesquimicas.es\/fr\/wp-json\/wp\/v2\/product_cat?post=12686"},{"taxonomy":"product_tag","embeddable":true,"href":"https:\/\/www.ecosolucionesquimicas.es\/fr\/wp-json\/wp\/v2\/product_tag?post=12686"}],"curies":[{"name":"wp","href":"https:\/\/api.w.org\/{rel}","templated":true}]}}