{"id":12665,"date":"2024-02-22T15:11:41","date_gmt":"2024-02-22T14:11:41","guid":{"rendered":"https:\/\/www.ecosolucionesquimicas.es\/producto\/nettoyant-polisseur-pour-sols-en-marbre-terrazzo-et-granit\/"},"modified":"2026-04-12T01:26:48","modified_gmt":"2026-04-11T23:26:48","slug":"nettoyant-polisseur-pour-sols-en-marbre-terrazzo-et-granit","status":"publish","type":"product","link":"https:\/\/www.ecosolucionesquimicas.es\/fr\/producto\/nettoyant-polisseur-pour-sols-en-marbre-terrazzo-et-granit\/","title":{"rendered":"Nettoyant &#8211; Polisseur pour sols en marbre, terrazzo et granit"},"content":{"rendered":"<p><img fetchpriority=\"high\" decoding=\"async\" class=\"alignnone wp-image-3382\" src=\"https:\/\/www.ecosolucionesquimicas.es\/wp-content\/uploads\/2024\/02\/A_detailed_image_of_someone_cleaning_a_marble_floo-300x171.jpg\" alt=\"\" width=\"550\" height=\"314\" srcset=\"https:\/\/www.ecosolucionesquimicas.es\/wp-content\/uploads\/2024\/02\/A_detailed_image_of_someone_cleaning_a_marble_floo-300x171.jpg 300w, https:\/\/www.ecosolucionesquimicas.es\/wp-content\/uploads\/2024\/02\/A_detailed_image_of_someone_cleaning_a_marble_floo-1024x585.jpg 1024w, https:\/\/www.ecosolucionesquimicas.es\/wp-content\/uploads\/2024\/02\/A_detailed_image_of_someone_cleaning_a_marble_floo-768x439.jpg 768w, https:\/\/www.ecosolucionesquimicas.es\/wp-content\/uploads\/2024\/02\/A_detailed_image_of_someone_cleaning_a_marble_floo-1536x878.jpg 1536w, https:\/\/www.ecosolucionesquimicas.es\/wp-content\/uploads\/2024\/02\/A_detailed_image_of_someone_cleaning_a_marble_floo-600x343.jpg 600w, https:\/\/www.ecosolucionesquimicas.es\/wp-content\/uploads\/2024\/02\/A_detailed_image_of_someone_cleaning_a_marble_floo.jpg 1792w\" sizes=\"(max-width: 550px) 100vw, 550px\" \/><\/p>\n<p><strong>MODE D&rsquo;EMPLOI<\/strong><\/p>\n<p>\ud83d\udd18 <strong>Pr\u00e9paration :<\/strong> Diluer 125 ml dans 5 litres d&rsquo;eau pour nettoyer le marbre en toute s\u00e9curit\u00e9.<br \/>\n\ud83d\udd18 <strong>Application :<\/strong> \u00c9tendre avec une serpilli\u00e8re essor\u00e9e, en couvrant toute la surface.<br \/>\n\ud83d\udd18 <strong>S\u00e9chage :<\/strong> Laisser s\u00e9cher pendant 15 minutes et \u00e9viter de marcher sur la zone pendant ce temps.<\/p>\n","protected":false},"excerpt":{"rendered":"<p><strong>\u2705 FORMUL\u00c9 POUR LE NETTOYAGE ET L&rsquo;ENTRETIEN DU MARBRE, DU GRANIT ET DU TERRAZZO.  <\/strong>ECO-214 est sp\u00e9cialement con\u00e7u pour l&rsquo;entretien r\u00e9gulier et le soin des sols, en veillant \u00e0 ce qu&rsquo;ils restent en parfait \u00e9tat en cas d&rsquo;utilisation continue.<\/p>\n<p><strong>ECO-214 \u00c9LIMINE LES SALET\u00c9S INCRUST\u00c9ES DANS LE MARBRE ET LA PIERRE CALCAIRE.  <\/strong>Sa formule permet d&rsquo;\u00e9liminer rapidement et facilement les salet\u00e9s les plus tenaces sur ces types de surfaces, en laissant une odeur de propret\u00e9 agr\u00e9able et durable.<\/p>\n<p><strong>\u2705 MET EN VALEUR LA COULEUR ET LA BRILLANCE NATURELLES DE LA PIERRE.  <\/strong>ECO-214 ne se contente pas de nettoyer, mais revitalise \u00e9galement la couleur et la brillance d&rsquo;origine de la pierre, en lui donnant une apparence renouvel\u00e9e et en lui redonnant son aspect naturel.<\/p>\n<p><strong>\u2705 HYDRATE ET PROT\u00c8GE CONTRE LES TACHES.  <\/strong>Lorsque le produit est appliqu\u00e9, un film protecteur se forme, ce qui prolonge la dur\u00e9e de vie du sol, en renfor\u00e7ant sa r\u00e9sistance \u00e0 l&rsquo;usure quotidienne et aux taches.<\/p>\n<p><strong>\u2705<\/strong><strong> FORMAT DE 1 ET 5 LITRES.<\/strong><\/p>\n<p><strong>R\u00e9f\u00e9rence : ECO-214<\/strong><\/p>\n","protected":false},"featured_media":12669,"template":"","meta":[],"product_brand":[225],"product_cat":[413],"product_tag":[581,579,414,580],"class_list":{"0":"post-12665","1":"product","2":"type-product","3":"status-publish","4":"has-post-thumbnail","6":"product_brand-eqm","7":"product_cat-limpieza-profesional","8":"product_tag-anti-taches","9":"product_tag-aprilantador","10":"product_tag-limpiador","11":"product_tag-marbre","13":"first","14":"instock","15":"taxable","16":"shipping-taxable","17":"purchasable","18":"product-type-variable"},"acf":[],"yoast_head":"<!-- This site is optimized with the Yoast SEO Premium plugin v27.1 (Yoast SEO v27.4) - https:\/\/yoast.com\/product\/yoast-seo-premium-wordpress\/ -->\n<title>Nettoyant - Polisseur pour sols en marbre, terrazzo et granit - Ecosoluciones Qu\u00edmicas<\/title>\n<meta name=\"robots\" content=\"index, follow, max-snippet:-1, max-image-preview:large, max-video-preview:-1\" \/>\n<link rel=\"canonical\" href=\"https:\/\/www.ecosolucionesquimicas.es\/fr\/producto\/nettoyant-polisseur-pour-sols-en-marbre-terrazzo-et-granit\/\" \/>\n<meta property=\"og:locale\" content=\"fr_FR\" \/>\n<meta property=\"og:type\" content=\"article\" \/>\n<meta property=\"og:title\" content=\"Nettoyant - Polisseur pour sols en marbre, terrazzo et granit\" \/>\n<meta property=\"og:description\" content=\"\u2705 FORMUL\u00c9 POUR LE NETTOYAGE ET L&#039;ENTRETIEN DU MARBRE, DU GRANIT ET DU TERRAZZO. ECO-214 est sp\u00e9cialement con\u00e7u pour l&#039;entretien r\u00e9gulier et le soin des sols, en veillant \u00e0 ce qu&#039;ils restent en parfait \u00e9tat en cas d&#039;utilisation continue. ECO-214 \u00c9LIMINE LES SALET\u00c9S INCRUST\u00c9ES DANS LE MARBRE ET LA PIERRE CALCAIRE. Sa formule permet d&#039;\u00e9liminer rapidement et facilement les salet\u00e9s les plus tenaces sur ces types de surfaces, en laissant une odeur de propret\u00e9 agr\u00e9able et durable. \u2705 MET EN VALEUR LA COULEUR ET LA BRILLANCE NATURELLES DE LA PIERRE. ECO-214 ne se contente pas de nettoyer, mais revitalise \u00e9galement la couleur et la brillance d&#039;origine de la pierre, en lui donnant une apparence renouvel\u00e9e et en lui redonnant son aspect naturel. \u2705 HYDRATE ET PROT\u00c8GE CONTRE LES TACHES. Lorsque le produit est appliqu\u00e9, un film protecteur se forme, ce qui prolonge la dur\u00e9e de vie du sol, en renfor\u00e7ant sa r\u00e9sistance \u00e0 l&#039;usure quotidienne et aux taches. \u2705 FORMAT DE 1 ET 5 LITRES. R\u00e9f\u00e9rence : ECO-214\" \/>\n<meta property=\"og:url\" content=\"https:\/\/www.ecosolucionesquimicas.es\/fr\/producto\/nettoyant-polisseur-pour-sols-en-marbre-terrazzo-et-granit\/\" \/>\n<meta property=\"og:site_name\" content=\"Ecosoluciones Qu\u00edmicas\" \/>\n<meta property=\"article:publisher\" content=\"https:\/\/www.facebook.com\/ecosolucionesquimicasmadrid\/\" \/>\n<meta property=\"article:modified_time\" content=\"2026-04-11T23:26:48+00:00\" \/>\n<meta property=\"og:image\" content=\"https:\/\/www.ecosolucionesquimicas.es\/wp-content\/uploads\/2024\/02\/A_detailed_image_of_someone_cleaning_a_marble_floo-300x171.jpg\" \/>\n<meta name=\"twitter:card\" content=\"summary_large_image\" \/>\n<meta name=\"twitter:label1\" content=\"Disponibilit\u00e9\" \/>\n\t<meta name=\"twitter:data1\" content=\"En stock\" \/>\n<script type=\"application\/ld+json\" class=\"yoast-schema-graph\">{\"@context\":\"https:\\\/\\\/schema.org\",\"@graph\":[{\"@type\":\"WebPage\",\"@id\":\"https:\\\/\\\/www.ecosolucionesquimicas.es\\\/fr\\\/producto\\\/nettoyant-polisseur-pour-sols-en-marbre-terrazzo-et-granit\\\/\",\"url\":\"https:\\\/\\\/www.ecosolucionesquimicas.es\\\/fr\\\/producto\\\/nettoyant-polisseur-pour-sols-en-marbre-terrazzo-et-granit\\\/\",\"name\":\"Nettoyant - Polisseur pour sols en marbre, terrazzo et granit - Ecosoluciones Qu\u00edmicas\",\"isPartOf\":{\"@id\":\"https:\\\/\\\/www.ecosolucionesquimicas.es\\\/fr\\\/#website\"},\"primaryImageOfPage\":{\"@id\":\"https:\\\/\\\/www.ecosolucionesquimicas.es\\\/fr\\\/producto\\\/nettoyant-polisseur-pour-sols-en-marbre-terrazzo-et-granit\\\/#primaryimage\"},\"image\":{\"@id\":\"https:\\\/\\\/www.ecosolucionesquimicas.es\\\/fr\\\/producto\\\/nettoyant-polisseur-pour-sols-en-marbre-terrazzo-et-granit\\\/#primaryimage\"},\"thumbnailUrl\":\"https:\\\/\\\/www.ecosolucionesquimicas.es\\\/wp-content\\\/uploads\\\/2024\\\/02\\\/ECO-214-5L-scaled.jpg\",\"datePublished\":\"2024-02-22T14:11:41+00:00\",\"dateModified\":\"2026-04-11T23:26:48+00:00\",\"breadcrumb\":{\"@id\":\"https:\\\/\\\/www.ecosolucionesquimicas.es\\\/fr\\\/producto\\\/nettoyant-polisseur-pour-sols-en-marbre-terrazzo-et-granit\\\/#breadcrumb\"},\"inLanguage\":\"fr-FR\",\"potentialAction\":[{\"@type\":\"ReadAction\",\"target\":[\"https:\\\/\\\/www.ecosolucionesquimicas.es\\\/fr\\\/producto\\\/nettoyant-polisseur-pour-sols-en-marbre-terrazzo-et-granit\\\/\"]}]},{\"@type\":\"ImageObject\",\"inLanguage\":\"fr-FR\",\"@id\":\"https:\\\/\\\/www.ecosolucionesquimicas.es\\\/fr\\\/producto\\\/nettoyant-polisseur-pour-sols-en-marbre-terrazzo-et-granit\\\/#primaryimage\",\"url\":\"https:\\\/\\\/www.ecosolucionesquimicas.es\\\/wp-content\\\/uploads\\\/2024\\\/02\\\/ECO-214-5L-scaled.jpg\",\"contentUrl\":\"https:\\\/\\\/www.ecosolucionesquimicas.es\\\/wp-content\\\/uploads\\\/2024\\\/02\\\/ECO-214-5L-scaled.jpg\",\"width\":2350,\"height\":2560},{\"@type\":\"BreadcrumbList\",\"@id\":\"https:\\\/\\\/www.ecosolucionesquimicas.es\\\/fr\\\/producto\\\/nettoyant-polisseur-pour-sols-en-marbre-terrazzo-et-granit\\\/#breadcrumb\",\"itemListElement\":[{\"@type\":\"ListItem\",\"position\":1,\"name\":\"Portada\",\"item\":\"https:\\\/\\\/www.ecosolucionesquimicas.es\\\/fr\\\/home\\\/\"},{\"@type\":\"ListItem\",\"position\":2,\"name\":\"Nettoyant &#8211; Polisseur pour sols en marbre, terrazzo et granit\"}]},{\"@type\":\"WebSite\",\"@id\":\"https:\\\/\\\/www.ecosolucionesquimicas.es\\\/fr\\\/#website\",\"url\":\"https:\\\/\\\/www.ecosolucionesquimicas.es\\\/fr\\\/\",\"name\":\"Ecosoluciones Qu\u00edmicas\",\"description\":\"Achetez en ligne des produits d'entretien et des produits chimiques fabriqu\u00e9s par nos soins.\",\"publisher\":{\"@id\":\"https:\\\/\\\/www.ecosolucionesquimicas.es\\\/fr\\\/#organization\"},\"alternateName\":\"EQM\",\"potentialAction\":[{\"@type\":\"SearchAction\",\"target\":{\"@type\":\"EntryPoint\",\"urlTemplate\":\"https:\\\/\\\/www.ecosolucionesquimicas.es\\\/fr\\\/?s={search_term_string}\"},\"query-input\":{\"@type\":\"PropertyValueSpecification\",\"valueRequired\":true,\"valueName\":\"search_term_string\"}}],\"inLanguage\":\"fr-FR\"},{\"@type\":\"Organization\",\"@id\":\"https:\\\/\\\/www.ecosolucionesquimicas.es\\\/fr\\\/#organization\",\"name\":\"Ecosoluciones Qu\u00edmicas\",\"url\":\"https:\\\/\\\/www.ecosolucionesquimicas.es\\\/fr\\\/\",\"logo\":{\"@type\":\"ImageObject\",\"inLanguage\":\"fr-FR\",\"@id\":\"https:\\\/\\\/www.ecosolucionesquimicas.es\\\/fr\\\/#\\\/schema\\\/logo\\\/image\\\/\",\"url\":\"https:\\\/\\\/www.ecosolucionesquimicas.es\\\/wp-content\\\/uploads\\\/2024\\\/08\\\/LOGO-EQM-NUEVO-.png\",\"contentUrl\":\"https:\\\/\\\/www.ecosolucionesquimicas.es\\\/wp-content\\\/uploads\\\/2024\\\/08\\\/LOGO-EQM-NUEVO-.png\",\"width\":1060,\"height\":456,\"caption\":\"Ecosoluciones Qu\u00edmicas\"},\"image\":{\"@id\":\"https:\\\/\\\/www.ecosolucionesquimicas.es\\\/fr\\\/#\\\/schema\\\/logo\\\/image\\\/\"},\"sameAs\":[\"https:\\\/\\\/www.facebook.com\\\/ecosolucionesquimicasmadrid\\\/\",\"https:\\\/\\\/www.instagram.com\\\/ecosolucionesquimicas\\\/\"],\"hasMerchantReturnPolicy\":{\"@type\":\"MerchantReturnPolicy\",\"merchantReturnLink\":\"https:\\\/\\\/www.ecosolucionesquimicas.es\\\/refund_returns\\\/\"}}]}<\/script>\n<meta property=\"product:brand\" content=\"EQM\" \/>\n<meta property=\"og:availability\" content=\"instock\" \/>\n<meta property=\"product:availability\" content=\"instock\" \/>\n<meta property=\"product:retailer_item_id\" content=\"ECO-214\" \/>\n<meta property=\"product:condition\" content=\"new\" \/>\n<!-- \/ Yoast SEO Premium plugin. -->","yoast_head_json":{"title":"Nettoyant - Polisseur pour sols en marbre, terrazzo et granit - Ecosoluciones Qu\u00edmicas","robots":{"index":"index","follow":"follow","max-snippet":"max-snippet:-1","max-image-preview":"max-image-preview:large","max-video-preview":"max-video-preview:-1"},"canonical":"https:\/\/www.ecosolucionesquimicas.es\/fr\/producto\/nettoyant-polisseur-pour-sols-en-marbre-terrazzo-et-granit\/","og_locale":"fr_FR","og_type":"article","og_title":"Nettoyant - Polisseur pour sols en marbre, terrazzo et granit","og_description":"\u2705 FORMUL\u00c9 POUR LE NETTOYAGE ET L'ENTRETIEN DU MARBRE, DU GRANIT ET DU TERRAZZO. ECO-214 est sp\u00e9cialement con\u00e7u pour l'entretien r\u00e9gulier et le soin des sols, en veillant \u00e0 ce qu'ils restent en parfait \u00e9tat en cas d'utilisation continue. ECO-214 \u00c9LIMINE LES SALET\u00c9S INCRUST\u00c9ES DANS LE MARBRE ET LA PIERRE CALCAIRE. Sa formule permet d'\u00e9liminer rapidement et facilement les salet\u00e9s les plus tenaces sur ces types de surfaces, en laissant une odeur de propret\u00e9 agr\u00e9able et durable. \u2705 MET EN VALEUR LA COULEUR ET LA BRILLANCE NATURELLES DE LA PIERRE. ECO-214 ne se contente pas de nettoyer, mais revitalise \u00e9galement la couleur et la brillance d'origine de la pierre, en lui donnant une apparence renouvel\u00e9e et en lui redonnant son aspect naturel. \u2705 HYDRATE ET PROT\u00c8GE CONTRE LES TACHES. Lorsque le produit est appliqu\u00e9, un film protecteur se forme, ce qui prolonge la dur\u00e9e de vie du sol, en renfor\u00e7ant sa r\u00e9sistance \u00e0 l'usure quotidienne et aux taches. \u2705 FORMAT DE 1 ET 5 LITRES. R\u00e9f\u00e9rence : ECO-214","og_url":"https:\/\/www.ecosolucionesquimicas.es\/fr\/producto\/nettoyant-polisseur-pour-sols-en-marbre-terrazzo-et-granit\/","og_site_name":"Ecosoluciones Qu\u00edmicas","article_publisher":"https:\/\/www.facebook.com\/ecosolucionesquimicasmadrid\/","article_modified_time":"2026-04-11T23:26:48+00:00","og_image":[{"url":"https:\/\/www.ecosolucionesquimicas.es\/wp-content\/uploads\/2024\/02\/A_detailed_image_of_someone_cleaning_a_marble_floo-300x171.jpg","type":"","width":"","height":""}],"twitter_card":"summary_large_image","twitter_misc":{"Disponibilit\u00e9":"En stock"},"schema":{"@context":"https:\/\/schema.org","@graph":[{"@type":"WebPage","@id":"https:\/\/www.ecosolucionesquimicas.es\/fr\/producto\/nettoyant-polisseur-pour-sols-en-marbre-terrazzo-et-granit\/","url":"https:\/\/www.ecosolucionesquimicas.es\/fr\/producto\/nettoyant-polisseur-pour-sols-en-marbre-terrazzo-et-granit\/","name":"Nettoyant - Polisseur pour sols en marbre, terrazzo et granit - Ecosoluciones Qu\u00edmicas","isPartOf":{"@id":"https:\/\/www.ecosolucionesquimicas.es\/fr\/#website"},"primaryImageOfPage":{"@id":"https:\/\/www.ecosolucionesquimicas.es\/fr\/producto\/nettoyant-polisseur-pour-sols-en-marbre-terrazzo-et-granit\/#primaryimage"},"image":{"@id":"https:\/\/www.ecosolucionesquimicas.es\/fr\/producto\/nettoyant-polisseur-pour-sols-en-marbre-terrazzo-et-granit\/#primaryimage"},"thumbnailUrl":"https:\/\/www.ecosolucionesquimicas.es\/wp-content\/uploads\/2024\/02\/ECO-214-5L-scaled.jpg","datePublished":"2024-02-22T14:11:41+00:00","dateModified":"2026-04-11T23:26:48+00:00","breadcrumb":{"@id":"https:\/\/www.ecosolucionesquimicas.es\/fr\/producto\/nettoyant-polisseur-pour-sols-en-marbre-terrazzo-et-granit\/#breadcrumb"},"inLanguage":"fr-FR","potentialAction":[{"@type":"ReadAction","target":["https:\/\/www.ecosolucionesquimicas.es\/fr\/producto\/nettoyant-polisseur-pour-sols-en-marbre-terrazzo-et-granit\/"]}]},{"@type":"ImageObject","inLanguage":"fr-FR","@id":"https:\/\/www.ecosolucionesquimicas.es\/fr\/producto\/nettoyant-polisseur-pour-sols-en-marbre-terrazzo-et-granit\/#primaryimage","url":"https:\/\/www.ecosolucionesquimicas.es\/wp-content\/uploads\/2024\/02\/ECO-214-5L-scaled.jpg","contentUrl":"https:\/\/www.ecosolucionesquimicas.es\/wp-content\/uploads\/2024\/02\/ECO-214-5L-scaled.jpg","width":2350,"height":2560},{"@type":"BreadcrumbList","@id":"https:\/\/www.ecosolucionesquimicas.es\/fr\/producto\/nettoyant-polisseur-pour-sols-en-marbre-terrazzo-et-granit\/#breadcrumb","itemListElement":[{"@type":"ListItem","position":1,"name":"Portada","item":"https:\/\/www.ecosolucionesquimicas.es\/fr\/home\/"},{"@type":"ListItem","position":2,"name":"Nettoyant &#8211; Polisseur pour sols en marbre, terrazzo et granit"}]},{"@type":"WebSite","@id":"https:\/\/www.ecosolucionesquimicas.es\/fr\/#website","url":"https:\/\/www.ecosolucionesquimicas.es\/fr\/","name":"Ecosoluciones Qu\u00edmicas","description":"Achetez en ligne des produits d'entretien et des produits chimiques fabriqu\u00e9s par nos soins.","publisher":{"@id":"https:\/\/www.ecosolucionesquimicas.es\/fr\/#organization"},"alternateName":"EQM","potentialAction":[{"@type":"SearchAction","target":{"@type":"EntryPoint","urlTemplate":"https:\/\/www.ecosolucionesquimicas.es\/fr\/?s={search_term_string}"},"query-input":{"@type":"PropertyValueSpecification","valueRequired":true,"valueName":"search_term_string"}}],"inLanguage":"fr-FR"},{"@type":"Organization","@id":"https:\/\/www.ecosolucionesquimicas.es\/fr\/#organization","name":"Ecosoluciones Qu\u00edmicas","url":"https:\/\/www.ecosolucionesquimicas.es\/fr\/","logo":{"@type":"ImageObject","inLanguage":"fr-FR","@id":"https:\/\/www.ecosolucionesquimicas.es\/fr\/#\/schema\/logo\/image\/","url":"https:\/\/www.ecosolucionesquimicas.es\/wp-content\/uploads\/2024\/08\/LOGO-EQM-NUEVO-.png","contentUrl":"https:\/\/www.ecosolucionesquimicas.es\/wp-content\/uploads\/2024\/08\/LOGO-EQM-NUEVO-.png","width":1060,"height":456,"caption":"Ecosoluciones Qu\u00edmicas"},"image":{"@id":"https:\/\/www.ecosolucionesquimicas.es\/fr\/#\/schema\/logo\/image\/"},"sameAs":["https:\/\/www.facebook.com\/ecosolucionesquimicasmadrid\/","https:\/\/www.instagram.com\/ecosolucionesquimicas\/"],"hasMerchantReturnPolicy":{"@type":"MerchantReturnPolicy","merchantReturnLink":"https:\/\/www.ecosolucionesquimicas.es\/refund_returns\/"}}]},"product_brand":"EQM","og_availability":"instock","product_availability":"instock","product_retailer_item_id":"ECO-214","product_condition":"new"},"_links":{"self":[{"href":"https:\/\/www.ecosolucionesquimicas.es\/fr\/wp-json\/wp\/v2\/product\/12665","targetHints":{"allow":["GET"]}}],"collection":[{"href":"https:\/\/www.ecosolucionesquimicas.es\/fr\/wp-json\/wp\/v2\/product"}],"about":[{"href":"https:\/\/www.ecosolucionesquimicas.es\/fr\/wp-json\/wp\/v2\/types\/product"}],"wp:featuredmedia":[{"embeddable":true,"href":"https:\/\/www.ecosolucionesquimicas.es\/fr\/wp-json\/wp\/v2\/media\/12669"}],"wp:attachment":[{"href":"https:\/\/www.ecosolucionesquimicas.es\/fr\/wp-json\/wp\/v2\/media?parent=12665"}],"wp:term":[{"taxonomy":"product_brand","embeddable":true,"href":"https:\/\/www.ecosolucionesquimicas.es\/fr\/wp-json\/wp\/v2\/product_brand?post=12665"},{"taxonomy":"product_cat","embeddable":true,"href":"https:\/\/www.ecosolucionesquimicas.es\/fr\/wp-json\/wp\/v2\/product_cat?post=12665"},{"taxonomy":"product_tag","embeddable":true,"href":"https:\/\/www.ecosolucionesquimicas.es\/fr\/wp-json\/wp\/v2\/product_tag?post=12665"}],"curies":[{"name":"wp","href":"https:\/\/api.w.org\/{rel}","templated":true}]}}