{"id":12621,"date":"2024-02-22T13:39:53","date_gmt":"2024-02-22T12:39:53","guid":{"rendered":"https:\/\/www.ecosolucionesquimicas.es\/producto\/nettoyant-pour-planchers-en-bois\/"},"modified":"2026-04-21T12:00:58","modified_gmt":"2026-04-21T10:00:58","slug":"nettoyant-pour-planchers-en-bois","status":"publish","type":"product","link":"https:\/\/www.ecosolucionesquimicas.es\/fr\/producto\/nettoyant-pour-planchers-en-bois\/","title":{"rendered":"Nettoyant pour planchers en bois"},"content":{"rendered":"<p><img fetchpriority=\"high\" decoding=\"async\" class=\"alignnone wp-image-3176\" src=\"https:\/\/www.ecosolucionesquimicas.es\/wp-content\/uploads\/2024\/02\/closeup-floor-cleaning-process-300x168.jpg\" alt=\"\" width=\"550\" height=\"308\" srcset=\"https:\/\/www.ecosolucionesquimicas.es\/wp-content\/uploads\/2024\/02\/closeup-floor-cleaning-process-300x168.jpg 300w, https:\/\/www.ecosolucionesquimicas.es\/wp-content\/uploads\/2024\/02\/closeup-floor-cleaning-process-1024x574.jpg 1024w, https:\/\/www.ecosolucionesquimicas.es\/wp-content\/uploads\/2024\/02\/closeup-floor-cleaning-process-768x430.jpg 768w, https:\/\/www.ecosolucionesquimicas.es\/wp-content\/uploads\/2024\/02\/closeup-floor-cleaning-process-1536x861.jpg 1536w, https:\/\/www.ecosolucionesquimicas.es\/wp-content\/uploads\/2024\/02\/closeup-floor-cleaning-process-2048x1148.jpg 2048w, https:\/\/www.ecosolucionesquimicas.es\/wp-content\/uploads\/2024\/02\/closeup-floor-cleaning-process-600x336.jpg 600w\" sizes=\"(max-width: 550px) 100vw, 550px\" \/><\/p>\n<div class=\"group\/conversation-turn relative flex w-full min-w-0 flex-col agent-turn\">\n<div class=\"flex-col gap-1 md:gap-3\">\n<div class=\"flex max-w-full flex-col flex-grow\">\n<div class=\"min-h-[20px] text-message flex w-full flex-col items-end gap-2 whitespace-pre-wrap break-words [.text-message+&amp;]:mt-5 overflow-x-auto\" dir=\"auto\" data-message-author-role=\"assistant\" data-message-id=\"7d7bb4c9-fa03-4fe6-92d9-ad8ba0023bf9\">\n<div class=\"flex w-full flex-col gap-1 empty:hidden first:pt-[3px]\">\n<div class=\"markdown prose w-full break-words dark:prose-invert light\">\n<p><strong>MODE D&rsquo;EMPLOI<\/strong><\/p>\n<p><strong>Dilution :<\/strong> M\u00e9lange 40 \u00e0 50 ml de produit dans 5 litres d&rsquo;eau chaude pour un nettoyage efficace des sols en bois.<br \/>\n\ud83d\udd18 <strong>Application :<\/strong> Utilise un chiffon propre et doux ou une serpilli\u00e8re pour appliquer la solution, en couvrant uniform\u00e9ment toute la surface. Le nettoyant \u00e9liminera la salet\u00e9 et am\u00e9liorera la brillance naturelle du bois sans qu&rsquo;il soit n\u00e9cessaire de le rincer. <\/p>\n<\/div>\n<\/div>\n<\/div>\n<\/div>\n<\/div>\n<\/div>\n","protected":false},"excerpt":{"rendered":"<p><strong>PRODUIT POLYVALENT POUR LE BOIS.<\/strong> Id\u00e9al pour nettoyer les sols stratifi\u00e9s, les parquets, les meubles et les portes en bois. Ce nettoyant assure un nettoyage en profondeur et en douceur, pr\u00e9servant la beaut\u00e9 et l&rsquo;int\u00e9grit\u00e9 de toutes les surfaces en bois. <\/p>\n<p><strong>PROTECTION ET HYDRATATION.<\/strong> Respecte la brillance naturelle du bois, tout en agissant comme un protecteur. Sa formule hydratante pr\u00e9vient le dess\u00e8chement et l&rsquo;usure, pr\u00e9servant ainsi l&rsquo;\u00e9clat et la vitalit\u00e9 du bois au fil du temps. <\/p>\n<p><strong>PARFUM FRAIS DE CITRON. <\/strong>En plus de nettoyer efficacement, ECO-208 laisse un d\u00e9licat parfum de citron qui rafra\u00eechit l&rsquo;air et procure une sensation de fra\u00eecheur et de propret\u00e9 dans la maison.<\/p>\n<p><strong>SANS TACHES NI R\u00c9SIDUS.<\/strong> Sa formulation sp\u00e9ciale garantit que les surfaces sont compl\u00e8tement propres, exemptes de taches et de r\u00e9sidus. Laisse le bois avec une finition naturelle et propre, sans traces visibles. <\/p>\n<p><strong>\u2705<\/strong><strong> FORMATS DE 1, 5 ET 20 LITRES.<\/strong><\/p>\n<p><strong> R\u00e9f\u00e9rence : ECO-208<\/strong><\/p>\n","protected":false},"featured_media":12627,"template":"","meta":[],"product_brand":[225],"product_cat":[413],"product_tag":[568,569,567],"class_list":{"0":"post-12621","1":"product","2":"type-product","3":"status-publish","4":"has-post-thumbnail","6":"product_brand-eqm","7":"product_cat-limpieza-profesional","8":"product_tag-bois","9":"product_tag-meubles","10":"product_tag-parquet","12":"first","13":"instock","14":"taxable","15":"shipping-taxable","16":"purchasable","17":"product-type-variable"},"acf":[],"yoast_head":"<!-- This site is optimized with the Yoast SEO Premium plugin v27.1 (Yoast SEO v27.4) - https:\/\/yoast.com\/product\/yoast-seo-premium-wordpress\/ -->\n<title>Nettoyant pour planchers en bois - Ecosoluciones Qu\u00edmicas<\/title>\n<meta name=\"robots\" content=\"index, follow, max-snippet:-1, max-image-preview:large, max-video-preview:-1\" \/>\n<link rel=\"canonical\" href=\"https:\/\/www.ecosolucionesquimicas.es\/fr\/producto\/nettoyant-pour-planchers-en-bois\/\" \/>\n<meta property=\"og:locale\" content=\"fr_FR\" \/>\n<meta property=\"og:type\" content=\"article\" \/>\n<meta property=\"og:title\" content=\"Nettoyant pour planchers en bois\" \/>\n<meta property=\"og:description\" content=\"PRODUIT POLYVALENT POUR LE BOIS. Id\u00e9al pour nettoyer les sols stratifi\u00e9s, les parquets, les meubles et les portes en bois. Ce nettoyant assure un nettoyage en profondeur et en douceur, pr\u00e9servant la beaut\u00e9 et l&#039;int\u00e9grit\u00e9 de toutes les surfaces en bois.  PROTECTION ET HYDRATATION. Respecte la brillance naturelle du bois, tout en agissant comme un protecteur. Sa formule hydratante pr\u00e9vient le dess\u00e8chement et l&#039;usure, pr\u00e9servant ainsi l&#039;\u00e9clat et la vitalit\u00e9 du bois au fil du temps.  PARFUM FRAIS DE CITRON. En plus de nettoyer efficacement, ECO-208 laisse un d\u00e9licat parfum de citron qui rafra\u00eechit l&#039;air et procure une sensation de fra\u00eecheur et de propret\u00e9 dans la maison. SANS TACHES NI R\u00c9SIDUS. Sa formulation sp\u00e9ciale garantit que les surfaces sont compl\u00e8tement propres, exemptes de taches et de r\u00e9sidus. Laisse le bois avec une finition naturelle et propre, sans traces visibles.  \u2705 FORMATS DE 1, 5 ET 20 LITRES.  R\u00e9f\u00e9rence : ECO-208\" \/>\n<meta property=\"og:url\" content=\"https:\/\/www.ecosolucionesquimicas.es\/fr\/producto\/nettoyant-pour-planchers-en-bois\/\" \/>\n<meta property=\"og:site_name\" content=\"Ecosoluciones Qu\u00edmicas\" \/>\n<meta property=\"article:publisher\" content=\"https:\/\/www.facebook.com\/ecosolucionesquimicasmadrid\/\" \/>\n<meta property=\"article:modified_time\" content=\"2026-04-21T10:00:58+00:00\" \/>\n<meta property=\"og:image\" content=\"https:\/\/www.ecosolucionesquimicas.es\/wp-content\/uploads\/2024\/02\/closeup-floor-cleaning-process-300x168.jpg\" \/>\n<meta name=\"twitter:card\" content=\"summary_large_image\" \/>\n<meta name=\"twitter:label1\" content=\"Disponibilit\u00e9\" \/>\n\t<meta name=\"twitter:data1\" content=\"En stock\" \/>\n<script type=\"application\/ld+json\" class=\"yoast-schema-graph\">{\"@context\":\"https:\\\/\\\/schema.org\",\"@graph\":[{\"@type\":\"WebPage\",\"@id\":\"https:\\\/\\\/www.ecosolucionesquimicas.es\\\/fr\\\/producto\\\/nettoyant-pour-planchers-en-bois\\\/\",\"url\":\"https:\\\/\\\/www.ecosolucionesquimicas.es\\\/fr\\\/producto\\\/nettoyant-pour-planchers-en-bois\\\/\",\"name\":\"Nettoyant pour planchers en bois - Ecosoluciones Qu\u00edmicas\",\"isPartOf\":{\"@id\":\"https:\\\/\\\/www.ecosolucionesquimicas.es\\\/fr\\\/#website\"},\"primaryImageOfPage\":{\"@id\":\"https:\\\/\\\/www.ecosolucionesquimicas.es\\\/fr\\\/producto\\\/nettoyant-pour-planchers-en-bois\\\/#primaryimage\"},\"image\":{\"@id\":\"https:\\\/\\\/www.ecosolucionesquimicas.es\\\/fr\\\/producto\\\/nettoyant-pour-planchers-en-bois\\\/#primaryimage\"},\"thumbnailUrl\":\"https:\\\/\\\/www.ecosolucionesquimicas.es\\\/wp-content\\\/uploads\\\/2024\\\/02\\\/ECO-208-5L-scaled.jpg\",\"datePublished\":\"2024-02-22T12:39:53+00:00\",\"dateModified\":\"2026-04-21T10:00:58+00:00\",\"breadcrumb\":{\"@id\":\"https:\\\/\\\/www.ecosolucionesquimicas.es\\\/fr\\\/producto\\\/nettoyant-pour-planchers-en-bois\\\/#breadcrumb\"},\"inLanguage\":\"fr-FR\",\"potentialAction\":[{\"@type\":\"ReadAction\",\"target\":[\"https:\\\/\\\/www.ecosolucionesquimicas.es\\\/fr\\\/producto\\\/nettoyant-pour-planchers-en-bois\\\/\"]}]},{\"@type\":\"ImageObject\",\"inLanguage\":\"fr-FR\",\"@id\":\"https:\\\/\\\/www.ecosolucionesquimicas.es\\\/fr\\\/producto\\\/nettoyant-pour-planchers-en-bois\\\/#primaryimage\",\"url\":\"https:\\\/\\\/www.ecosolucionesquimicas.es\\\/wp-content\\\/uploads\\\/2024\\\/02\\\/ECO-208-5L-scaled.jpg\",\"contentUrl\":\"https:\\\/\\\/www.ecosolucionesquimicas.es\\\/wp-content\\\/uploads\\\/2024\\\/02\\\/ECO-208-5L-scaled.jpg\",\"width\":2350,\"height\":2560},{\"@type\":\"BreadcrumbList\",\"@id\":\"https:\\\/\\\/www.ecosolucionesquimicas.es\\\/fr\\\/producto\\\/nettoyant-pour-planchers-en-bois\\\/#breadcrumb\",\"itemListElement\":[{\"@type\":\"ListItem\",\"position\":1,\"name\":\"Portada\",\"item\":\"https:\\\/\\\/www.ecosolucionesquimicas.es\\\/fr\\\/home\\\/\"},{\"@type\":\"ListItem\",\"position\":2,\"name\":\"Nettoyant pour planchers en bois\"}]},{\"@type\":\"WebSite\",\"@id\":\"https:\\\/\\\/www.ecosolucionesquimicas.es\\\/fr\\\/#website\",\"url\":\"https:\\\/\\\/www.ecosolucionesquimicas.es\\\/fr\\\/\",\"name\":\"Ecosoluciones Qu\u00edmicas\",\"description\":\"Achetez en ligne des produits d'entretien et des produits chimiques fabriqu\u00e9s par nos soins.\",\"publisher\":{\"@id\":\"https:\\\/\\\/www.ecosolucionesquimicas.es\\\/fr\\\/#organization\"},\"alternateName\":\"EQM\",\"potentialAction\":[{\"@type\":\"SearchAction\",\"target\":{\"@type\":\"EntryPoint\",\"urlTemplate\":\"https:\\\/\\\/www.ecosolucionesquimicas.es\\\/fr\\\/?s={search_term_string}\"},\"query-input\":{\"@type\":\"PropertyValueSpecification\",\"valueRequired\":true,\"valueName\":\"search_term_string\"}}],\"inLanguage\":\"fr-FR\"},{\"@type\":\"Organization\",\"@id\":\"https:\\\/\\\/www.ecosolucionesquimicas.es\\\/fr\\\/#organization\",\"name\":\"Ecosoluciones Qu\u00edmicas\",\"url\":\"https:\\\/\\\/www.ecosolucionesquimicas.es\\\/fr\\\/\",\"logo\":{\"@type\":\"ImageObject\",\"inLanguage\":\"fr-FR\",\"@id\":\"https:\\\/\\\/www.ecosolucionesquimicas.es\\\/fr\\\/#\\\/schema\\\/logo\\\/image\\\/\",\"url\":\"https:\\\/\\\/www.ecosolucionesquimicas.es\\\/wp-content\\\/uploads\\\/2024\\\/08\\\/LOGO-EQM-NUEVO-.png\",\"contentUrl\":\"https:\\\/\\\/www.ecosolucionesquimicas.es\\\/wp-content\\\/uploads\\\/2024\\\/08\\\/LOGO-EQM-NUEVO-.png\",\"width\":1060,\"height\":456,\"caption\":\"Ecosoluciones Qu\u00edmicas\"},\"image\":{\"@id\":\"https:\\\/\\\/www.ecosolucionesquimicas.es\\\/fr\\\/#\\\/schema\\\/logo\\\/image\\\/\"},\"sameAs\":[\"https:\\\/\\\/www.facebook.com\\\/ecosolucionesquimicasmadrid\\\/\",\"https:\\\/\\\/www.instagram.com\\\/ecosolucionesquimicas\\\/\"],\"hasMerchantReturnPolicy\":{\"@type\":\"MerchantReturnPolicy\",\"merchantReturnLink\":\"https:\\\/\\\/www.ecosolucionesquimicas.es\\\/refund_returns\\\/\"}}]}<\/script>\n<meta property=\"product:brand\" content=\"EQM\" \/>\n<meta property=\"og:availability\" content=\"instock\" \/>\n<meta property=\"product:availability\" content=\"instock\" \/>\n<meta property=\"product:retailer_item_id\" content=\"ECO-208\" \/>\n<meta property=\"product:condition\" content=\"new\" \/>\n<!-- \/ Yoast SEO Premium plugin. -->","yoast_head_json":{"title":"Nettoyant pour planchers en bois - Ecosoluciones Qu\u00edmicas","robots":{"index":"index","follow":"follow","max-snippet":"max-snippet:-1","max-image-preview":"max-image-preview:large","max-video-preview":"max-video-preview:-1"},"canonical":"https:\/\/www.ecosolucionesquimicas.es\/fr\/producto\/nettoyant-pour-planchers-en-bois\/","og_locale":"fr_FR","og_type":"article","og_title":"Nettoyant pour planchers en bois","og_description":"PRODUIT POLYVALENT POUR LE BOIS. Id\u00e9al pour nettoyer les sols stratifi\u00e9s, les parquets, les meubles et les portes en bois. Ce nettoyant assure un nettoyage en profondeur et en douceur, pr\u00e9servant la beaut\u00e9 et l'int\u00e9grit\u00e9 de toutes les surfaces en bois.  PROTECTION ET HYDRATATION. Respecte la brillance naturelle du bois, tout en agissant comme un protecteur. Sa formule hydratante pr\u00e9vient le dess\u00e8chement et l'usure, pr\u00e9servant ainsi l'\u00e9clat et la vitalit\u00e9 du bois au fil du temps.  PARFUM FRAIS DE CITRON. En plus de nettoyer efficacement, ECO-208 laisse un d\u00e9licat parfum de citron qui rafra\u00eechit l'air et procure une sensation de fra\u00eecheur et de propret\u00e9 dans la maison. SANS TACHES NI R\u00c9SIDUS. Sa formulation sp\u00e9ciale garantit que les surfaces sont compl\u00e8tement propres, exemptes de taches et de r\u00e9sidus. Laisse le bois avec une finition naturelle et propre, sans traces visibles.  \u2705 FORMATS DE 1, 5 ET 20 LITRES.  R\u00e9f\u00e9rence : ECO-208","og_url":"https:\/\/www.ecosolucionesquimicas.es\/fr\/producto\/nettoyant-pour-planchers-en-bois\/","og_site_name":"Ecosoluciones Qu\u00edmicas","article_publisher":"https:\/\/www.facebook.com\/ecosolucionesquimicasmadrid\/","article_modified_time":"2026-04-21T10:00:58+00:00","og_image":[{"url":"https:\/\/www.ecosolucionesquimicas.es\/wp-content\/uploads\/2024\/02\/closeup-floor-cleaning-process-300x168.jpg","type":"","width":"","height":""}],"twitter_card":"summary_large_image","twitter_misc":{"Disponibilit\u00e9":"En stock"},"schema":{"@context":"https:\/\/schema.org","@graph":[{"@type":"WebPage","@id":"https:\/\/www.ecosolucionesquimicas.es\/fr\/producto\/nettoyant-pour-planchers-en-bois\/","url":"https:\/\/www.ecosolucionesquimicas.es\/fr\/producto\/nettoyant-pour-planchers-en-bois\/","name":"Nettoyant pour planchers en bois - Ecosoluciones Qu\u00edmicas","isPartOf":{"@id":"https:\/\/www.ecosolucionesquimicas.es\/fr\/#website"},"primaryImageOfPage":{"@id":"https:\/\/www.ecosolucionesquimicas.es\/fr\/producto\/nettoyant-pour-planchers-en-bois\/#primaryimage"},"image":{"@id":"https:\/\/www.ecosolucionesquimicas.es\/fr\/producto\/nettoyant-pour-planchers-en-bois\/#primaryimage"},"thumbnailUrl":"https:\/\/www.ecosolucionesquimicas.es\/wp-content\/uploads\/2024\/02\/ECO-208-5L-scaled.jpg","datePublished":"2024-02-22T12:39:53+00:00","dateModified":"2026-04-21T10:00:58+00:00","breadcrumb":{"@id":"https:\/\/www.ecosolucionesquimicas.es\/fr\/producto\/nettoyant-pour-planchers-en-bois\/#breadcrumb"},"inLanguage":"fr-FR","potentialAction":[{"@type":"ReadAction","target":["https:\/\/www.ecosolucionesquimicas.es\/fr\/producto\/nettoyant-pour-planchers-en-bois\/"]}]},{"@type":"ImageObject","inLanguage":"fr-FR","@id":"https:\/\/www.ecosolucionesquimicas.es\/fr\/producto\/nettoyant-pour-planchers-en-bois\/#primaryimage","url":"https:\/\/www.ecosolucionesquimicas.es\/wp-content\/uploads\/2024\/02\/ECO-208-5L-scaled.jpg","contentUrl":"https:\/\/www.ecosolucionesquimicas.es\/wp-content\/uploads\/2024\/02\/ECO-208-5L-scaled.jpg","width":2350,"height":2560},{"@type":"BreadcrumbList","@id":"https:\/\/www.ecosolucionesquimicas.es\/fr\/producto\/nettoyant-pour-planchers-en-bois\/#breadcrumb","itemListElement":[{"@type":"ListItem","position":1,"name":"Portada","item":"https:\/\/www.ecosolucionesquimicas.es\/fr\/home\/"},{"@type":"ListItem","position":2,"name":"Nettoyant pour planchers en bois"}]},{"@type":"WebSite","@id":"https:\/\/www.ecosolucionesquimicas.es\/fr\/#website","url":"https:\/\/www.ecosolucionesquimicas.es\/fr\/","name":"Ecosoluciones Qu\u00edmicas","description":"Achetez en ligne des produits d'entretien et des produits chimiques fabriqu\u00e9s par nos soins.","publisher":{"@id":"https:\/\/www.ecosolucionesquimicas.es\/fr\/#organization"},"alternateName":"EQM","potentialAction":[{"@type":"SearchAction","target":{"@type":"EntryPoint","urlTemplate":"https:\/\/www.ecosolucionesquimicas.es\/fr\/?s={search_term_string}"},"query-input":{"@type":"PropertyValueSpecification","valueRequired":true,"valueName":"search_term_string"}}],"inLanguage":"fr-FR"},{"@type":"Organization","@id":"https:\/\/www.ecosolucionesquimicas.es\/fr\/#organization","name":"Ecosoluciones Qu\u00edmicas","url":"https:\/\/www.ecosolucionesquimicas.es\/fr\/","logo":{"@type":"ImageObject","inLanguage":"fr-FR","@id":"https:\/\/www.ecosolucionesquimicas.es\/fr\/#\/schema\/logo\/image\/","url":"https:\/\/www.ecosolucionesquimicas.es\/wp-content\/uploads\/2024\/08\/LOGO-EQM-NUEVO-.png","contentUrl":"https:\/\/www.ecosolucionesquimicas.es\/wp-content\/uploads\/2024\/08\/LOGO-EQM-NUEVO-.png","width":1060,"height":456,"caption":"Ecosoluciones Qu\u00edmicas"},"image":{"@id":"https:\/\/www.ecosolucionesquimicas.es\/fr\/#\/schema\/logo\/image\/"},"sameAs":["https:\/\/www.facebook.com\/ecosolucionesquimicasmadrid\/","https:\/\/www.instagram.com\/ecosolucionesquimicas\/"],"hasMerchantReturnPolicy":{"@type":"MerchantReturnPolicy","merchantReturnLink":"https:\/\/www.ecosolucionesquimicas.es\/refund_returns\/"}}]},"product_brand":"EQM","og_availability":"instock","product_availability":"instock","product_retailer_item_id":"ECO-208","product_condition":"new"},"_links":{"self":[{"href":"https:\/\/www.ecosolucionesquimicas.es\/fr\/wp-json\/wp\/v2\/product\/12621","targetHints":{"allow":["GET"]}}],"collection":[{"href":"https:\/\/www.ecosolucionesquimicas.es\/fr\/wp-json\/wp\/v2\/product"}],"about":[{"href":"https:\/\/www.ecosolucionesquimicas.es\/fr\/wp-json\/wp\/v2\/types\/product"}],"wp:featuredmedia":[{"embeddable":true,"href":"https:\/\/www.ecosolucionesquimicas.es\/fr\/wp-json\/wp\/v2\/media\/12627"}],"wp:attachment":[{"href":"https:\/\/www.ecosolucionesquimicas.es\/fr\/wp-json\/wp\/v2\/media?parent=12621"}],"wp:term":[{"taxonomy":"product_brand","embeddable":true,"href":"https:\/\/www.ecosolucionesquimicas.es\/fr\/wp-json\/wp\/v2\/product_brand?post=12621"},{"taxonomy":"product_cat","embeddable":true,"href":"https:\/\/www.ecosolucionesquimicas.es\/fr\/wp-json\/wp\/v2\/product_cat?post=12621"},{"taxonomy":"product_tag","embeddable":true,"href":"https:\/\/www.ecosolucionesquimicas.es\/fr\/wp-json\/wp\/v2\/product_tag?post=12621"}],"curies":[{"name":"wp","href":"https:\/\/api.w.org\/{rel}","templated":true}]}}