{"id":12602,"date":"2024-02-22T13:40:05","date_gmt":"2024-02-22T12:40:05","guid":{"rendered":"https:\/\/www.ecosolucionesquimicas.es\/producto\/laveuses-a-tunnel-de-shampoing-et-nettoyeurs-a-pression\/"},"modified":"2024-02-22T13:40:05","modified_gmt":"2024-02-22T12:40:05","slug":"laveuses-a-tunnel-de-shampoing-et-nettoyeurs-a-pression","status":"publish","type":"product","link":"https:\/\/www.ecosolucionesquimicas.es\/fr\/producto\/laveuses-a-tunnel-de-shampoing-et-nettoyeurs-a-pression\/","title":{"rendered":"Laveuses \u00e0 tunnel de shampoing et nettoyeurs \u00e0 pression"},"content":{"rendered":"<div class=\"flex-shrink-0 flex flex-col relative items-end\">\n<div class=\"pt-0\">\n<div class=\"gizmo-bot-avatar flex h-8 w-8 items-center justify-center overflow-hidden rounded-full\">\n<div><\/div>\n<div>\n<p><img fetchpriority=\"high\" decoding=\"async\" class=\" wp-image-3723\" src=\"https:\/\/www.ecosolucionesquimicas.es\/wp-content\/uploads\/2024\/02\/car-is-being-washed-automatic-car-wash-with-red-brushes-300x168.jpg\" alt=\"\" width=\"633\" height=\"354\" srcset=\"https:\/\/www.ecosolucionesquimicas.es\/wp-content\/uploads\/2024\/02\/car-is-being-washed-automatic-car-wash-with-red-brushes-300x168.jpg 300w, https:\/\/www.ecosolucionesquimicas.es\/wp-content\/uploads\/2024\/02\/car-is-being-washed-automatic-car-wash-with-red-brushes-1024x574.jpg 1024w, https:\/\/www.ecosolucionesquimicas.es\/wp-content\/uploads\/2024\/02\/car-is-being-washed-automatic-car-wash-with-red-brushes-768x430.jpg 768w, https:\/\/www.ecosolucionesquimicas.es\/wp-content\/uploads\/2024\/02\/car-is-being-washed-automatic-car-wash-with-red-brushes-1536x861.jpg 1536w, https:\/\/www.ecosolucionesquimicas.es\/wp-content\/uploads\/2024\/02\/car-is-being-washed-automatic-car-wash-with-red-brushes-2048x1148.jpg 2048w, https:\/\/www.ecosolucionesquimicas.es\/wp-content\/uploads\/2024\/02\/car-is-being-washed-automatic-car-wash-with-red-brushes-600x336.jpg 600w\" sizes=\"(max-width: 633px) 100vw, 633px\" \/><\/p>\n<p><strong>MODE D&rsquo;EMPLOI :<\/strong><\/p>\n<\/div>\n<\/div>\n<\/div>\n<\/div>\n<div class=\"group\/conversation-turn relative flex w-full min-w-0 flex-col agent-turn\">\n<div class=\"flex-col gap-1 md:gap-3\">\n<div class=\"flex max-w-full flex-col flex-grow\">\n<div class=\"min-h-[20px] text-message flex w-full flex-col items-end gap-2 break-words [.text-message+&amp;]:mt-5 overflow-x-auto whitespace-normal\" dir=\"auto\" data-message-author-role=\"assistant\" data-message-id=\"1790ae53-b877-4ee9-8486-7cf68247d9cf\">\n<div class=\"flex w-full flex-col gap-1 empty:hidden first:pt-[3px]\">\n<div class=\"markdown prose w-full break-words dark:prose-invert light\">\n<div class=\"group\/conversation-turn relative flex w-full min-w-0 flex-col agent-turn\">\n<div class=\"flex-col gap-1 md:gap-3\">\n<div class=\"flex max-w-full flex-col flex-grow\">\n<div class=\"min-h-[20px] text-message flex w-full flex-col items-end gap-2 break-words [.text-message+&amp;]:mt-5 overflow-x-auto whitespace-normal\" dir=\"auto\" data-message-author-role=\"assistant\" data-message-id=\"1790ae53-b877-4ee9-8486-7cf68247d9cf\">\n<div class=\"flex w-full flex-col gap-1 empty:hidden first:pt-[3px]\">\n<div class=\"markdown prose w-full break-words dark:prose-invert light\">\n<p><strong>Pr\u00e9paration :<\/strong> diluer sur la base d&rsquo;un litre de shampoing pour 4 \u00e0 5 litres d&rsquo;eau.<br \/>\n<strong>Application :<\/strong> remplis la solution dilu\u00e9e dans le syst\u00e8me de dosage du tunnel. Veille \u00e0 ce que l&rsquo;\u00e9quipement r\u00e9partisse le shampooing uniform\u00e9ment sur la carrosserie.<br \/>\n<strong>\ud83d\udd18 Mode op\u00e9ratoire :<\/strong> d\u00e9marre le cycle de lavage. La mousse g\u00e9n\u00e9r\u00e9e aidera \u00e0 d\u00e9tartrer et \u00e0 \u00e9liminer la salet\u00e9. <\/p>\n<\/div>\n<\/div>\n<\/div>\n<\/div>\n<\/div>\n<\/div>\n<p><strong>Application avec des machines \u00e0 pression :<\/strong><\/p>\n<p>\ud83d\udd18 Verse la solution dilu\u00e9e dans le r\u00e9servoir de la machine.<br \/>\n\ud83d\udd18 Applique le m\u00e9lange sur la surface du v\u00e9hicule en exer\u00e7ant une pression ad\u00e9quate, en veillant \u00e0 couvrir toute la carrosserie.<br \/>\nRince soigneusement \u00e0 l&rsquo;eau claire apr\u00e8s l&rsquo;application.<\/p>\n<p><strong>Recommandations :<\/strong><\/p>\n<p>\u00c9vite d&rsquo;appliquer le produit en plein soleil ou sur des surfaces chaudes pour \u00e9viter les taches ou le s\u00e9chage pr\u00e9matur\u00e9.<\/p>\n<\/div>\n<\/div>\n<\/div>\n<\/div>\n<\/div>\n<\/div>\n","protected":false},"excerpt":{"rendered":"<div class=\"flex max-w-full flex-col flex-grow\">\n<div class=\"min-h-[20px] text-message flex w-full flex-col items-end gap-2 break-words [.text-message+&amp;]:mt-5 overflow-x-auto whitespace-normal\" dir=\"auto\" data-message-author-role=\"assistant\" data-message-id=\"c28ea39d-b2cc-4f4c-8cb3-ea4c3b14758c\">\n<div class=\"flex w-full flex-col gap-1 empty:hidden first:pt-[3px]\">\n<div class=\"markdown prose w-full break-words dark:prose-invert light\">\n<p><strong>ECO-104 EST FORMUL\u00c9 POUR \u00c9LIMINER EFFICACEMENT LA SALET\u00c9, LA POUSSI\u00c8RE ET LES D\u00c9BRIS DE LA ROUTE.<\/strong> Sans affecter la peinture ou le fini du v\u00e9hicule. Sa formule nettoie en profondeur sans compromettre l&rsquo;int\u00e9grit\u00e9 de la surface. <\/p>\n<p>\u2705 <strong>G\u00c9N\u00c8RE UNE MOUSSE DENSE QUI RECOUVRE ENTI\u00c8REMENT LA CARROSSERIE<\/strong>. Cela facilite l&rsquo;\u00e9limination des contaminants qui adh\u00e8rent et r\u00e9duit le risque de rayures. La mousse agit comme une couche protectrice qui dissout la salet\u00e9 et prot\u00e8ge la peinture.  <\/p>\n<p><strong>SA FORMULE \u00c9QUILIBR\u00c9E EST SANS DANGER POUR TOUS LES TYPES DE PEINTURES ET DE MAT\u00c9RIAUX<\/strong>. Garantit un nettoyage en profondeur sans provoquer la corrosion et l&rsquo;usure des diff\u00e9rents composants du v\u00e9hicule. <\/p>\n<p>\u2705 <strong>EST ID\u00c9AL POUR LES TUNNELS DE LAVAGE AUTOMATIS\u00c9S ET LES NETTOYEURS \u00c0 PRESSION<\/strong>. Optimis\u00e9 pour une utilisation dans les syst\u00e8mes industriels et commerciaux, il garantit des performances efficaces et un nettoyage professionnel. <\/p>\n<\/div>\n<\/div>\n<\/div>\n<\/div>\n<div class=\"mt-1 flex gap-3 empty:hidden -ml-2\">\n<div class=\"items-center justify-start rounded-xl p-1 flex\"><span style=\"color: #000000;\"><strong>FORMAT DE 5 ET 20 LITRES.<\/strong><\/span><\/div>\n<div><\/div>\n<div class=\"items-center justify-start rounded-xl p-1 flex\"><strong><span style=\"color: #000000;\">R\u00e9f\u00e9rence : ECO-104<\/span><\/strong><\/div>\n<\/div>\n","protected":false},"featured_media":12608,"template":"","meta":[],"product_brand":[225],"product_cat":[424],"product_tag":[451,565,564,566],"class_list":{"0":"post-12602","1":"product","2":"type-product","3":"status-publish","4":"has-post-thumbnail","6":"product_brand-eqm","7":"product_cat-automocion","8":"product_tag-coche","9":"product_tag-lavage","10":"product_tag-travail-corporel","11":"product_tag-tunnels-sous-pression","13":"first","14":"instock","15":"taxable","16":"shipping-taxable","17":"purchasable","18":"product-type-variable"},"acf":[],"yoast_head":"<!-- This site is optimized with the Yoast SEO Premium plugin v27.1 (Yoast SEO v27.4) - https:\/\/yoast.com\/product\/yoast-seo-premium-wordpress\/ -->\n<title>Laveuses \u00e0 tunnel de shampoing et nettoyeurs \u00e0 pression - Ecosoluciones Qu\u00edmicas<\/title>\n<meta name=\"robots\" content=\"index, follow, max-snippet:-1, max-image-preview:large, max-video-preview:-1\" \/>\n<link rel=\"canonical\" href=\"https:\/\/www.ecosolucionesquimicas.es\/fr\/producto\/laveuses-a-tunnel-de-shampoing-et-nettoyeurs-a-pression\/\" \/>\n<meta property=\"og:locale\" content=\"fr_FR\" \/>\n<meta property=\"og:type\" content=\"article\" \/>\n<meta property=\"og:title\" content=\"Laveuses \u00e0 tunnel de shampoing et nettoyeurs \u00e0 pression\" \/>\n<meta property=\"og:description\" content=\"ECO-104 EST FORMUL\u00c9 POUR \u00c9LIMINER EFFICACEMENT LA SALET\u00c9, LA POUSSI\u00c8RE ET LES D\u00c9BRIS DE LA ROUTE. Sans affecter la peinture ou le fini du v\u00e9hicule. Sa formule nettoie en profondeur sans compromettre l&#039;int\u00e9grit\u00e9 de la surface.  \u2705 G\u00c9N\u00c8RE UNE MOUSSE DENSE QUI RECOUVRE ENTI\u00c8REMENT LA CARROSSERIE. Cela facilite l&#039;\u00e9limination des contaminants qui adh\u00e8rent et r\u00e9duit le risque de rayures. La mousse agit comme une couche protectrice qui dissout la salet\u00e9 et prot\u00e8ge la peinture.  SA FORMULE \u00c9QUILIBR\u00c9E EST SANS DANGER POUR TOUS LES TYPES DE PEINTURES ET DE MAT\u00c9RIAUX. Garantit un nettoyage en profondeur sans provoquer la corrosion et l&#039;usure des diff\u00e9rents composants du v\u00e9hicule.  \u2705 EST ID\u00c9AL POUR LES TUNNELS DE LAVAGE AUTOMATIS\u00c9S ET LES NETTOYEURS \u00c0 PRESSION. Optimis\u00e9 pour une utilisation dans les syst\u00e8mes industriels et commerciaux, il garantit des performances efficaces et un nettoyage professionnel.    FORMAT DE 5 ET 20 LITRES. R\u00e9f\u00e9rence : ECO-104\" \/>\n<meta property=\"og:url\" content=\"https:\/\/www.ecosolucionesquimicas.es\/fr\/producto\/laveuses-a-tunnel-de-shampoing-et-nettoyeurs-a-pression\/\" \/>\n<meta property=\"og:site_name\" content=\"Ecosoluciones Qu\u00edmicas\" \/>\n<meta property=\"article:publisher\" content=\"https:\/\/www.facebook.com\/ecosolucionesquimicasmadrid\/\" \/>\n<meta property=\"og:image\" content=\"https:\/\/www.ecosolucionesquimicas.es\/wp-content\/uploads\/2024\/02\/car-is-being-washed-automatic-car-wash-with-red-brushes-300x168.jpg\" \/>\n<meta name=\"twitter:card\" content=\"summary_large_image\" \/>\n<meta name=\"twitter:label1\" content=\"Disponibilit\u00e9\" \/>\n\t<meta name=\"twitter:data1\" content=\"En stock\" \/>\n<script type=\"application\/ld+json\" class=\"yoast-schema-graph\">{\"@context\":\"https:\\\/\\\/schema.org\",\"@graph\":[{\"@type\":\"WebPage\",\"@id\":\"https:\\\/\\\/www.ecosolucionesquimicas.es\\\/fr\\\/producto\\\/laveuses-a-tunnel-de-shampoing-et-nettoyeurs-a-pression\\\/\",\"url\":\"https:\\\/\\\/www.ecosolucionesquimicas.es\\\/fr\\\/producto\\\/laveuses-a-tunnel-de-shampoing-et-nettoyeurs-a-pression\\\/\",\"name\":\"Laveuses \u00e0 tunnel de shampoing et nettoyeurs \u00e0 pression - Ecosoluciones Qu\u00edmicas\",\"isPartOf\":{\"@id\":\"https:\\\/\\\/www.ecosolucionesquimicas.es\\\/fr\\\/#website\"},\"primaryImageOfPage\":{\"@id\":\"https:\\\/\\\/www.ecosolucionesquimicas.es\\\/fr\\\/producto\\\/laveuses-a-tunnel-de-shampoing-et-nettoyeurs-a-pression\\\/#primaryimage\"},\"image\":{\"@id\":\"https:\\\/\\\/www.ecosolucionesquimicas.es\\\/fr\\\/producto\\\/laveuses-a-tunnel-de-shampoing-et-nettoyeurs-a-pression\\\/#primaryimage\"},\"thumbnailUrl\":\"https:\\\/\\\/www.ecosolucionesquimicas.es\\\/wp-content\\\/uploads\\\/2024\\\/02\\\/ECO-104444-scaled.jpg\",\"datePublished\":\"2024-02-22T12:40:05+00:00\",\"breadcrumb\":{\"@id\":\"https:\\\/\\\/www.ecosolucionesquimicas.es\\\/fr\\\/producto\\\/laveuses-a-tunnel-de-shampoing-et-nettoyeurs-a-pression\\\/#breadcrumb\"},\"inLanguage\":\"fr-FR\",\"potentialAction\":[{\"@type\":\"ReadAction\",\"target\":[\"https:\\\/\\\/www.ecosolucionesquimicas.es\\\/fr\\\/producto\\\/laveuses-a-tunnel-de-shampoing-et-nettoyeurs-a-pression\\\/\"]}]},{\"@type\":\"ImageObject\",\"inLanguage\":\"fr-FR\",\"@id\":\"https:\\\/\\\/www.ecosolucionesquimicas.es\\\/fr\\\/producto\\\/laveuses-a-tunnel-de-shampoing-et-nettoyeurs-a-pression\\\/#primaryimage\",\"url\":\"https:\\\/\\\/www.ecosolucionesquimicas.es\\\/wp-content\\\/uploads\\\/2024\\\/02\\\/ECO-104444-scaled.jpg\",\"contentUrl\":\"https:\\\/\\\/www.ecosolucionesquimicas.es\\\/wp-content\\\/uploads\\\/2024\\\/02\\\/ECO-104444-scaled.jpg\",\"width\":2350,\"height\":2560},{\"@type\":\"BreadcrumbList\",\"@id\":\"https:\\\/\\\/www.ecosolucionesquimicas.es\\\/fr\\\/producto\\\/laveuses-a-tunnel-de-shampoing-et-nettoyeurs-a-pression\\\/#breadcrumb\",\"itemListElement\":[{\"@type\":\"ListItem\",\"position\":1,\"name\":\"Portada\",\"item\":\"https:\\\/\\\/www.ecosolucionesquimicas.es\\\/fr\\\/home\\\/\"},{\"@type\":\"ListItem\",\"position\":2,\"name\":\"Laveuses \u00e0 tunnel de shampoing et nettoyeurs \u00e0 pression\"}]},{\"@type\":\"WebSite\",\"@id\":\"https:\\\/\\\/www.ecosolucionesquimicas.es\\\/fr\\\/#website\",\"url\":\"https:\\\/\\\/www.ecosolucionesquimicas.es\\\/fr\\\/\",\"name\":\"Ecosoluciones Qu\u00edmicas\",\"description\":\"Achetez en ligne des produits d'entretien et des produits chimiques fabriqu\u00e9s par nos soins.\",\"publisher\":{\"@id\":\"https:\\\/\\\/www.ecosolucionesquimicas.es\\\/fr\\\/#organization\"},\"alternateName\":\"EQM\",\"potentialAction\":[{\"@type\":\"SearchAction\",\"target\":{\"@type\":\"EntryPoint\",\"urlTemplate\":\"https:\\\/\\\/www.ecosolucionesquimicas.es\\\/fr\\\/?s={search_term_string}\"},\"query-input\":{\"@type\":\"PropertyValueSpecification\",\"valueRequired\":true,\"valueName\":\"search_term_string\"}}],\"inLanguage\":\"fr-FR\"},{\"@type\":\"Organization\",\"@id\":\"https:\\\/\\\/www.ecosolucionesquimicas.es\\\/fr\\\/#organization\",\"name\":\"Ecosoluciones Qu\u00edmicas\",\"url\":\"https:\\\/\\\/www.ecosolucionesquimicas.es\\\/fr\\\/\",\"logo\":{\"@type\":\"ImageObject\",\"inLanguage\":\"fr-FR\",\"@id\":\"https:\\\/\\\/www.ecosolucionesquimicas.es\\\/fr\\\/#\\\/schema\\\/logo\\\/image\\\/\",\"url\":\"https:\\\/\\\/www.ecosolucionesquimicas.es\\\/wp-content\\\/uploads\\\/2024\\\/08\\\/LOGO-EQM-NUEVO-.png\",\"contentUrl\":\"https:\\\/\\\/www.ecosolucionesquimicas.es\\\/wp-content\\\/uploads\\\/2024\\\/08\\\/LOGO-EQM-NUEVO-.png\",\"width\":1060,\"height\":456,\"caption\":\"Ecosoluciones Qu\u00edmicas\"},\"image\":{\"@id\":\"https:\\\/\\\/www.ecosolucionesquimicas.es\\\/fr\\\/#\\\/schema\\\/logo\\\/image\\\/\"},\"sameAs\":[\"https:\\\/\\\/www.facebook.com\\\/ecosolucionesquimicasmadrid\\\/\",\"https:\\\/\\\/www.instagram.com\\\/ecosolucionesquimicas\\\/\"],\"hasMerchantReturnPolicy\":{\"@type\":\"MerchantReturnPolicy\",\"merchantReturnLink\":\"https:\\\/\\\/www.ecosolucionesquimicas.es\\\/refund_returns\\\/\"}}]}<\/script>\n<meta property=\"product:brand\" content=\"EQM\" \/>\n<meta property=\"og:availability\" content=\"instock\" \/>\n<meta property=\"product:availability\" content=\"instock\" \/>\n<meta property=\"product:retailer_item_id\" content=\"ECO-104\" \/>\n<meta property=\"product:condition\" content=\"new\" \/>\n<!-- \/ Yoast SEO Premium plugin. -->","yoast_head_json":{"title":"Laveuses \u00e0 tunnel de shampoing et nettoyeurs \u00e0 pression - Ecosoluciones Qu\u00edmicas","robots":{"index":"index","follow":"follow","max-snippet":"max-snippet:-1","max-image-preview":"max-image-preview:large","max-video-preview":"max-video-preview:-1"},"canonical":"https:\/\/www.ecosolucionesquimicas.es\/fr\/producto\/laveuses-a-tunnel-de-shampoing-et-nettoyeurs-a-pression\/","og_locale":"fr_FR","og_type":"article","og_title":"Laveuses \u00e0 tunnel de shampoing et nettoyeurs \u00e0 pression","og_description":"ECO-104 EST FORMUL\u00c9 POUR \u00c9LIMINER EFFICACEMENT LA SALET\u00c9, LA POUSSI\u00c8RE ET LES D\u00c9BRIS DE LA ROUTE. Sans affecter la peinture ou le fini du v\u00e9hicule. Sa formule nettoie en profondeur sans compromettre l'int\u00e9grit\u00e9 de la surface.  \u2705 G\u00c9N\u00c8RE UNE MOUSSE DENSE QUI RECOUVRE ENTI\u00c8REMENT LA CARROSSERIE. Cela facilite l'\u00e9limination des contaminants qui adh\u00e8rent et r\u00e9duit le risque de rayures. La mousse agit comme une couche protectrice qui dissout la salet\u00e9 et prot\u00e8ge la peinture.  SA FORMULE \u00c9QUILIBR\u00c9E EST SANS DANGER POUR TOUS LES TYPES DE PEINTURES ET DE MAT\u00c9RIAUX. Garantit un nettoyage en profondeur sans provoquer la corrosion et l'usure des diff\u00e9rents composants du v\u00e9hicule.  \u2705 EST ID\u00c9AL POUR LES TUNNELS DE LAVAGE AUTOMATIS\u00c9S ET LES NETTOYEURS \u00c0 PRESSION. Optimis\u00e9 pour une utilisation dans les syst\u00e8mes industriels et commerciaux, il garantit des performances efficaces et un nettoyage professionnel.    FORMAT DE 5 ET 20 LITRES. R\u00e9f\u00e9rence : ECO-104","og_url":"https:\/\/www.ecosolucionesquimicas.es\/fr\/producto\/laveuses-a-tunnel-de-shampoing-et-nettoyeurs-a-pression\/","og_site_name":"Ecosoluciones Qu\u00edmicas","article_publisher":"https:\/\/www.facebook.com\/ecosolucionesquimicasmadrid\/","og_image":[{"url":"https:\/\/www.ecosolucionesquimicas.es\/wp-content\/uploads\/2024\/02\/car-is-being-washed-automatic-car-wash-with-red-brushes-300x168.jpg","type":"","width":"","height":""}],"twitter_card":"summary_large_image","twitter_misc":{"Disponibilit\u00e9":"En stock"},"schema":{"@context":"https:\/\/schema.org","@graph":[{"@type":"WebPage","@id":"https:\/\/www.ecosolucionesquimicas.es\/fr\/producto\/laveuses-a-tunnel-de-shampoing-et-nettoyeurs-a-pression\/","url":"https:\/\/www.ecosolucionesquimicas.es\/fr\/producto\/laveuses-a-tunnel-de-shampoing-et-nettoyeurs-a-pression\/","name":"Laveuses \u00e0 tunnel de shampoing et nettoyeurs \u00e0 pression - Ecosoluciones Qu\u00edmicas","isPartOf":{"@id":"https:\/\/www.ecosolucionesquimicas.es\/fr\/#website"},"primaryImageOfPage":{"@id":"https:\/\/www.ecosolucionesquimicas.es\/fr\/producto\/laveuses-a-tunnel-de-shampoing-et-nettoyeurs-a-pression\/#primaryimage"},"image":{"@id":"https:\/\/www.ecosolucionesquimicas.es\/fr\/producto\/laveuses-a-tunnel-de-shampoing-et-nettoyeurs-a-pression\/#primaryimage"},"thumbnailUrl":"https:\/\/www.ecosolucionesquimicas.es\/wp-content\/uploads\/2024\/02\/ECO-104444-scaled.jpg","datePublished":"2024-02-22T12:40:05+00:00","breadcrumb":{"@id":"https:\/\/www.ecosolucionesquimicas.es\/fr\/producto\/laveuses-a-tunnel-de-shampoing-et-nettoyeurs-a-pression\/#breadcrumb"},"inLanguage":"fr-FR","potentialAction":[{"@type":"ReadAction","target":["https:\/\/www.ecosolucionesquimicas.es\/fr\/producto\/laveuses-a-tunnel-de-shampoing-et-nettoyeurs-a-pression\/"]}]},{"@type":"ImageObject","inLanguage":"fr-FR","@id":"https:\/\/www.ecosolucionesquimicas.es\/fr\/producto\/laveuses-a-tunnel-de-shampoing-et-nettoyeurs-a-pression\/#primaryimage","url":"https:\/\/www.ecosolucionesquimicas.es\/wp-content\/uploads\/2024\/02\/ECO-104444-scaled.jpg","contentUrl":"https:\/\/www.ecosolucionesquimicas.es\/wp-content\/uploads\/2024\/02\/ECO-104444-scaled.jpg","width":2350,"height":2560},{"@type":"BreadcrumbList","@id":"https:\/\/www.ecosolucionesquimicas.es\/fr\/producto\/laveuses-a-tunnel-de-shampoing-et-nettoyeurs-a-pression\/#breadcrumb","itemListElement":[{"@type":"ListItem","position":1,"name":"Portada","item":"https:\/\/www.ecosolucionesquimicas.es\/fr\/home\/"},{"@type":"ListItem","position":2,"name":"Laveuses \u00e0 tunnel de shampoing et nettoyeurs \u00e0 pression"}]},{"@type":"WebSite","@id":"https:\/\/www.ecosolucionesquimicas.es\/fr\/#website","url":"https:\/\/www.ecosolucionesquimicas.es\/fr\/","name":"Ecosoluciones Qu\u00edmicas","description":"Achetez en ligne des produits d'entretien et des produits chimiques fabriqu\u00e9s par nos soins.","publisher":{"@id":"https:\/\/www.ecosolucionesquimicas.es\/fr\/#organization"},"alternateName":"EQM","potentialAction":[{"@type":"SearchAction","target":{"@type":"EntryPoint","urlTemplate":"https:\/\/www.ecosolucionesquimicas.es\/fr\/?s={search_term_string}"},"query-input":{"@type":"PropertyValueSpecification","valueRequired":true,"valueName":"search_term_string"}}],"inLanguage":"fr-FR"},{"@type":"Organization","@id":"https:\/\/www.ecosolucionesquimicas.es\/fr\/#organization","name":"Ecosoluciones Qu\u00edmicas","url":"https:\/\/www.ecosolucionesquimicas.es\/fr\/","logo":{"@type":"ImageObject","inLanguage":"fr-FR","@id":"https:\/\/www.ecosolucionesquimicas.es\/fr\/#\/schema\/logo\/image\/","url":"https:\/\/www.ecosolucionesquimicas.es\/wp-content\/uploads\/2024\/08\/LOGO-EQM-NUEVO-.png","contentUrl":"https:\/\/www.ecosolucionesquimicas.es\/wp-content\/uploads\/2024\/08\/LOGO-EQM-NUEVO-.png","width":1060,"height":456,"caption":"Ecosoluciones Qu\u00edmicas"},"image":{"@id":"https:\/\/www.ecosolucionesquimicas.es\/fr\/#\/schema\/logo\/image\/"},"sameAs":["https:\/\/www.facebook.com\/ecosolucionesquimicasmadrid\/","https:\/\/www.instagram.com\/ecosolucionesquimicas\/"],"hasMerchantReturnPolicy":{"@type":"MerchantReturnPolicy","merchantReturnLink":"https:\/\/www.ecosolucionesquimicas.es\/refund_returns\/"}}]},"product_brand":"EQM","og_availability":"instock","product_availability":"instock","product_retailer_item_id":"ECO-104","product_condition":"new"},"_links":{"self":[{"href":"https:\/\/www.ecosolucionesquimicas.es\/fr\/wp-json\/wp\/v2\/product\/12602","targetHints":{"allow":["GET"]}}],"collection":[{"href":"https:\/\/www.ecosolucionesquimicas.es\/fr\/wp-json\/wp\/v2\/product"}],"about":[{"href":"https:\/\/www.ecosolucionesquimicas.es\/fr\/wp-json\/wp\/v2\/types\/product"}],"wp:featuredmedia":[{"embeddable":true,"href":"https:\/\/www.ecosolucionesquimicas.es\/fr\/wp-json\/wp\/v2\/media\/12608"}],"wp:attachment":[{"href":"https:\/\/www.ecosolucionesquimicas.es\/fr\/wp-json\/wp\/v2\/media?parent=12602"}],"wp:term":[{"taxonomy":"product_brand","embeddable":true,"href":"https:\/\/www.ecosolucionesquimicas.es\/fr\/wp-json\/wp\/v2\/product_brand?post=12602"},{"taxonomy":"product_cat","embeddable":true,"href":"https:\/\/www.ecosolucionesquimicas.es\/fr\/wp-json\/wp\/v2\/product_cat?post=12602"},{"taxonomy":"product_tag","embeddable":true,"href":"https:\/\/www.ecosolucionesquimicas.es\/fr\/wp-json\/wp\/v2\/product_tag?post=12602"}],"curies":[{"name":"wp","href":"https:\/\/api.w.org\/{rel}","templated":true}]}}