{"id":12598,"date":"2024-02-22T15:11:41","date_gmt":"2024-02-22T14:11:41","guid":{"rendered":"https:\/\/www.ecosolucionesquimicas.es\/producto\/floculant-liquide\/"},"modified":"2024-02-22T15:11:41","modified_gmt":"2024-02-22T14:11:41","slug":"floculant-liquide","status":"publish","type":"product","link":"https:\/\/www.ecosolucionesquimicas.es\/fr\/producto\/floculant-liquide\/","title":{"rendered":"Floculant liquide"},"content":{"rendered":"<p><img fetchpriority=\"high\" decoding=\"async\" class=\"alignnone wp-image-2132\" src=\"https:\/\/www.ecosolucionesquimicas.es\/wp-content\/uploads\/2024\/02\/FLOCULANTE-LIQUIDO-foto-descripcion-300x200.png\" alt=\"\" width=\"550\" height=\"367\" srcset=\"https:\/\/www.ecosolucionesquimicas.es\/wp-content\/uploads\/2024\/02\/FLOCULANTE-LIQUIDO-foto-descripcion-300x200.png 300w, https:\/\/www.ecosolucionesquimicas.es\/wp-content\/uploads\/2024\/02\/FLOCULANTE-LIQUIDO-foto-descripcion-600x400.png 600w, https:\/\/www.ecosolucionesquimicas.es\/wp-content\/uploads\/2024\/02\/FLOCULANTE-LIQUIDO-foto-descripcion.png 768w\" sizes=\"(max-width: 550px) 100vw, 550px\" \/><\/p>\n<p><strong>MODE D&rsquo;EMPLOI<\/strong><\/p>\n<p><strong>Pr\u00e9paration :<\/strong> \u00e9teins la filtration avant d&rsquo;appliquer le produit.<br \/>\n<strong>Dosage :<\/strong> ajuster selon les instructions du fabricant.<br \/>\n<strong>Application :<\/strong> Dissoudre 1 \u00e0 2 litres de floculant par 100 m\u00b2 d&rsquo;eau.<br \/>\n<strong>M\u00e9lange et circulation :<\/strong> laisse agir pendant 12 \u00e0 14 heures, la station d&rsquo;\u00e9puration \u00e9tant arr\u00eat\u00e9e.<br \/>\n<strong>\u00c9limination des impuret\u00e9s :<\/strong> utilise un nettoyeur de piscine et filtre l&rsquo;eau.<br \/>\n<strong>R\u00e9\u00e9valuation :<\/strong> v\u00e9rifie la clart\u00e9 et recommence si n\u00e9cessaire.<\/p>\n<p><strong>Recommandations :<\/strong><\/p>\n<p><strong>Utilise un \u00e9quipement de protection :<\/strong> Bien que l&rsquo;ECO-506 soit g\u00e9n\u00e9ralement sans danger, il est conseill\u00e9 de porter des gants et des lunettes de protection lors de la manipulation du produit afin d&rsquo;\u00e9viter une \u00e9ventuelle irritation.<br \/>\n<strong>V\u00e9rifier le pH :<\/strong> bien que l&rsquo;ECO-506 ne modifie pas le pH, il est bon de v\u00e9rifier et d&rsquo;ajuster le pH de l&rsquo;eau pour garantir une qualit\u00e9 optimale de l&rsquo;eau et l&rsquo;efficacit\u00e9 du syst\u00e8me de filtration.<\/p>\n","protected":false},"excerpt":{"rendered":"<p><strong> CONVIENT POUR CLARIFIER L&rsquo;EAU TROUBLE<\/strong><strong>.<\/strong> ECO-506 recueille les impuret\u00e9s non filtrables, les faisant se d\u00e9poser au fond de la piscine pour les \u00e9liminer \u00e0 l&rsquo;aide d&rsquo;un nettoyeur de piscine et d&rsquo;un syst\u00e8me de filtration. <\/p>\n<p><strong> IL RECUEILLE LES PARTICULES COLLO\u00cfDALES EN SUSPENSION<\/strong>. Le produit \u00e9limine ces particules lors de la filtration, ce qui permet d&rsquo;obtenir une eau cristalline. <\/p>\n<p><strong> NE MODIFIE PAS LE PH DE L&rsquo;EAU.<\/strong> Utilis\u00e9 aux doses recommand\u00e9es, ECO-506 maintient le pH entre 6 et 9, garantissant son efficacit\u00e9 sans alt\u00e9rer l&rsquo;\u00e9quilibre de l&rsquo;eau. <\/p>\n<p><strong>\u2705<\/strong><strong> AGIT RAPIDEMENT<\/strong>. Les particules responsables de la turbidit\u00e9 s&rsquo;agglutinent et se d\u00e9posent au fond de la piscine en quelques heures, ce qui \u00e9vite les longues p\u00e9riodes d&rsquo;attente. <\/p>\n<p><strong>FORMAT DE 5 LITRES.<\/strong><\/p>\n<p><strong>\u26ab<\/strong><strong> N\u00b0 de r\u00e9f. : ECO-506<\/strong><\/p>\n","protected":false},"featured_media":12601,"template":"","meta":[],"product_brand":[225],"product_cat":[540],"product_tag":[563,562,541],"class_list":{"0":"post-12598","1":"product","2":"type-product","3":"status-publish","4":"has-post-thumbnail","6":"product_brand-eqm","7":"product_cat-piscinas","8":"product_tag-eau-trouble","9":"product_tag-nettoyeurs-de-piscine","10":"product_tag-piscina","12":"first","13":"instock","14":"taxable","15":"shipping-taxable","16":"purchasable","17":"product-type-simple"},"acf":[],"yoast_head":"<!-- This site is optimized with the Yoast SEO Premium plugin v27.1 (Yoast SEO v27.4) - https:\/\/yoast.com\/product\/yoast-seo-premium-wordpress\/ -->\n<title>Floculant liquide - Ecosoluciones Qu\u00edmicas<\/title>\n<meta name=\"robots\" content=\"index, follow, max-snippet:-1, max-image-preview:large, max-video-preview:-1\" \/>\n<link rel=\"canonical\" href=\"https:\/\/www.ecosolucionesquimicas.es\/fr\/producto\/floculant-liquide\/\" \/>\n<meta property=\"og:locale\" content=\"fr_FR\" \/>\n<meta property=\"og:type\" content=\"article\" \/>\n<meta property=\"og:title\" content=\"Floculant liquide\" \/>\n<meta property=\"og:description\" content=\"CONVIENT POUR CLARIFIER L&#039;EAU TROUBLE. ECO-506 recueille les impuret\u00e9s non filtrables, les faisant se d\u00e9poser au fond de la piscine pour les \u00e9liminer \u00e0 l&#039;aide d&#039;un nettoyeur de piscine et d&#039;un syst\u00e8me de filtration.  IL RECUEILLE LES PARTICULES COLLO\u00cfDALES EN SUSPENSION. Le produit \u00e9limine ces particules lors de la filtration, ce qui permet d&#039;obtenir une eau cristalline.  NE MODIFIE PAS LE PH DE L&#039;EAU. Utilis\u00e9 aux doses recommand\u00e9es, ECO-506 maintient le pH entre 6 et 9, garantissant son efficacit\u00e9 sans alt\u00e9rer l&#039;\u00e9quilibre de l&#039;eau.  \u2705 AGIT RAPIDEMENT. Les particules responsables de la turbidit\u00e9 s&#039;agglutinent et se d\u00e9posent au fond de la piscine en quelques heures, ce qui \u00e9vite les longues p\u00e9riodes d&#039;attente.  FORMAT DE 5 LITRES. \u26ab N\u00b0 de r\u00e9f. : ECO-506\" \/>\n<meta property=\"og:url\" content=\"https:\/\/www.ecosolucionesquimicas.es\/fr\/producto\/floculant-liquide\/\" \/>\n<meta property=\"og:site_name\" content=\"Ecosoluciones Qu\u00edmicas\" \/>\n<meta property=\"article:publisher\" content=\"https:\/\/www.facebook.com\/ecosolucionesquimicasmadrid\/\" \/>\n<meta property=\"og:image\" content=\"https:\/\/www.ecosolucionesquimicas.es\/wp-content\/uploads\/2024\/02\/FLOCULANTE-LIQUIDO-foto-descripcion-300x200.png\" \/>\n<meta name=\"twitter:card\" content=\"summary_large_image\" \/>\n<meta name=\"twitter:label1\" content=\"Prix\" \/>\n\t<meta name=\"twitter:data1\" content=\"15,72&nbsp;&euro; TVA incluse.\" \/>\n\t<meta name=\"twitter:label2\" content=\"Disponibilit\u00e9\" \/>\n\t<meta name=\"twitter:data2\" content=\"En stock\" \/>\n<script type=\"application\/ld+json\" class=\"yoast-schema-graph\">{\"@context\":\"https:\\\/\\\/schema.org\",\"@graph\":[{\"@type\":\"WebPage\",\"@id\":\"https:\\\/\\\/www.ecosolucionesquimicas.es\\\/fr\\\/producto\\\/floculant-liquide\\\/\",\"url\":\"https:\\\/\\\/www.ecosolucionesquimicas.es\\\/fr\\\/producto\\\/floculant-liquide\\\/\",\"name\":\"Floculant liquide - Ecosoluciones Qu\u00edmicas\",\"isPartOf\":{\"@id\":\"https:\\\/\\\/www.ecosolucionesquimicas.es\\\/fr\\\/#website\"},\"primaryImageOfPage\":{\"@id\":\"https:\\\/\\\/www.ecosolucionesquimicas.es\\\/fr\\\/producto\\\/floculant-liquide\\\/#primaryimage\"},\"image\":{\"@id\":\"https:\\\/\\\/www.ecosolucionesquimicas.es\\\/fr\\\/producto\\\/floculant-liquide\\\/#primaryimage\"},\"thumbnailUrl\":\"https:\\\/\\\/www.ecosolucionesquimicas.es\\\/wp-content\\\/uploads\\\/2024\\\/02\\\/ECO-506666-scaled.jpg\",\"datePublished\":\"2024-02-22T14:11:41+00:00\",\"breadcrumb\":{\"@id\":\"https:\\\/\\\/www.ecosolucionesquimicas.es\\\/fr\\\/producto\\\/floculant-liquide\\\/#breadcrumb\"},\"inLanguage\":\"fr-FR\",\"potentialAction\":[{\"@type\":\"ReadAction\",\"target\":[\"https:\\\/\\\/www.ecosolucionesquimicas.es\\\/fr\\\/producto\\\/floculant-liquide\\\/\"]}]},{\"@type\":\"ImageObject\",\"inLanguage\":\"fr-FR\",\"@id\":\"https:\\\/\\\/www.ecosolucionesquimicas.es\\\/fr\\\/producto\\\/floculant-liquide\\\/#primaryimage\",\"url\":\"https:\\\/\\\/www.ecosolucionesquimicas.es\\\/wp-content\\\/uploads\\\/2024\\\/02\\\/ECO-506666-scaled.jpg\",\"contentUrl\":\"https:\\\/\\\/www.ecosolucionesquimicas.es\\\/wp-content\\\/uploads\\\/2024\\\/02\\\/ECO-506666-scaled.jpg\",\"width\":2350,\"height\":2560},{\"@type\":\"BreadcrumbList\",\"@id\":\"https:\\\/\\\/www.ecosolucionesquimicas.es\\\/fr\\\/producto\\\/floculant-liquide\\\/#breadcrumb\",\"itemListElement\":[{\"@type\":\"ListItem\",\"position\":1,\"name\":\"Portada\",\"item\":\"https:\\\/\\\/www.ecosolucionesquimicas.es\\\/fr\\\/home\\\/\"},{\"@type\":\"ListItem\",\"position\":2,\"name\":\"Floculant liquide\"}]},{\"@type\":\"WebSite\",\"@id\":\"https:\\\/\\\/www.ecosolucionesquimicas.es\\\/fr\\\/#website\",\"url\":\"https:\\\/\\\/www.ecosolucionesquimicas.es\\\/fr\\\/\",\"name\":\"Ecosoluciones Qu\u00edmicas\",\"description\":\"Achetez en ligne des produits d'entretien et des produits chimiques fabriqu\u00e9s par nos soins.\",\"publisher\":{\"@id\":\"https:\\\/\\\/www.ecosolucionesquimicas.es\\\/fr\\\/#organization\"},\"alternateName\":\"EQM\",\"potentialAction\":[{\"@type\":\"SearchAction\",\"target\":{\"@type\":\"EntryPoint\",\"urlTemplate\":\"https:\\\/\\\/www.ecosolucionesquimicas.es\\\/fr\\\/?s={search_term_string}\"},\"query-input\":{\"@type\":\"PropertyValueSpecification\",\"valueRequired\":true,\"valueName\":\"search_term_string\"}}],\"inLanguage\":\"fr-FR\"},{\"@type\":\"Organization\",\"@id\":\"https:\\\/\\\/www.ecosolucionesquimicas.es\\\/fr\\\/#organization\",\"name\":\"Ecosoluciones Qu\u00edmicas\",\"url\":\"https:\\\/\\\/www.ecosolucionesquimicas.es\\\/fr\\\/\",\"logo\":{\"@type\":\"ImageObject\",\"inLanguage\":\"fr-FR\",\"@id\":\"https:\\\/\\\/www.ecosolucionesquimicas.es\\\/fr\\\/#\\\/schema\\\/logo\\\/image\\\/\",\"url\":\"https:\\\/\\\/www.ecosolucionesquimicas.es\\\/wp-content\\\/uploads\\\/2024\\\/08\\\/LOGO-EQM-NUEVO-.png\",\"contentUrl\":\"https:\\\/\\\/www.ecosolucionesquimicas.es\\\/wp-content\\\/uploads\\\/2024\\\/08\\\/LOGO-EQM-NUEVO-.png\",\"width\":1060,\"height\":456,\"caption\":\"Ecosoluciones Qu\u00edmicas\"},\"image\":{\"@id\":\"https:\\\/\\\/www.ecosolucionesquimicas.es\\\/fr\\\/#\\\/schema\\\/logo\\\/image\\\/\"},\"sameAs\":[\"https:\\\/\\\/www.facebook.com\\\/ecosolucionesquimicasmadrid\\\/\",\"https:\\\/\\\/www.instagram.com\\\/ecosolucionesquimicas\\\/\"],\"hasMerchantReturnPolicy\":{\"@type\":\"MerchantReturnPolicy\",\"merchantReturnLink\":\"https:\\\/\\\/www.ecosolucionesquimicas.es\\\/refund_returns\\\/\"}}]}<\/script>\n<meta property=\"product:brand\" content=\"EQM\" \/>\n<meta property=\"product:price:amount\" content=\"15.72\" \/>\n<meta property=\"product:price:currency\" content=\"EUR\" \/>\n<meta property=\"og:availability\" content=\"instock\" \/>\n<meta property=\"product:availability\" content=\"instock\" \/>\n<meta property=\"product:retailer_item_id\" content=\"ECO-506\" \/>\n<meta property=\"product:condition\" content=\"new\" \/>\n<!-- \/ Yoast SEO Premium plugin. -->","yoast_head_json":{"title":"Floculant liquide - Ecosoluciones Qu\u00edmicas","robots":{"index":"index","follow":"follow","max-snippet":"max-snippet:-1","max-image-preview":"max-image-preview:large","max-video-preview":"max-video-preview:-1"},"canonical":"https:\/\/www.ecosolucionesquimicas.es\/fr\/producto\/floculant-liquide\/","og_locale":"fr_FR","og_type":"article","og_title":"Floculant liquide","og_description":"CONVIENT POUR CLARIFIER L'EAU TROUBLE. ECO-506 recueille les impuret\u00e9s non filtrables, les faisant se d\u00e9poser au fond de la piscine pour les \u00e9liminer \u00e0 l'aide d'un nettoyeur de piscine et d'un syst\u00e8me de filtration.  IL RECUEILLE LES PARTICULES COLLO\u00cfDALES EN SUSPENSION. Le produit \u00e9limine ces particules lors de la filtration, ce qui permet d'obtenir une eau cristalline.  NE MODIFIE PAS LE PH DE L'EAU. Utilis\u00e9 aux doses recommand\u00e9es, ECO-506 maintient le pH entre 6 et 9, garantissant son efficacit\u00e9 sans alt\u00e9rer l'\u00e9quilibre de l'eau.  \u2705 AGIT RAPIDEMENT. Les particules responsables de la turbidit\u00e9 s'agglutinent et se d\u00e9posent au fond de la piscine en quelques heures, ce qui \u00e9vite les longues p\u00e9riodes d'attente.  FORMAT DE 5 LITRES. \u26ab N\u00b0 de r\u00e9f. : ECO-506","og_url":"https:\/\/www.ecosolucionesquimicas.es\/fr\/producto\/floculant-liquide\/","og_site_name":"Ecosoluciones Qu\u00edmicas","article_publisher":"https:\/\/www.facebook.com\/ecosolucionesquimicasmadrid\/","og_image":[{"url":"https:\/\/www.ecosolucionesquimicas.es\/wp-content\/uploads\/2024\/02\/FLOCULANTE-LIQUIDO-foto-descripcion-300x200.png","type":"","width":"","height":""}],"twitter_card":"summary_large_image","twitter_misc":{"Prix":"15,72&nbsp;&euro; TVA incluse.","Disponibilit\u00e9":"En stock"},"schema":{"@context":"https:\/\/schema.org","@graph":[{"@type":"WebPage","@id":"https:\/\/www.ecosolucionesquimicas.es\/fr\/producto\/floculant-liquide\/","url":"https:\/\/www.ecosolucionesquimicas.es\/fr\/producto\/floculant-liquide\/","name":"Floculant liquide - Ecosoluciones Qu\u00edmicas","isPartOf":{"@id":"https:\/\/www.ecosolucionesquimicas.es\/fr\/#website"},"primaryImageOfPage":{"@id":"https:\/\/www.ecosolucionesquimicas.es\/fr\/producto\/floculant-liquide\/#primaryimage"},"image":{"@id":"https:\/\/www.ecosolucionesquimicas.es\/fr\/producto\/floculant-liquide\/#primaryimage"},"thumbnailUrl":"https:\/\/www.ecosolucionesquimicas.es\/wp-content\/uploads\/2024\/02\/ECO-506666-scaled.jpg","datePublished":"2024-02-22T14:11:41+00:00","breadcrumb":{"@id":"https:\/\/www.ecosolucionesquimicas.es\/fr\/producto\/floculant-liquide\/#breadcrumb"},"inLanguage":"fr-FR","potentialAction":[{"@type":"ReadAction","target":["https:\/\/www.ecosolucionesquimicas.es\/fr\/producto\/floculant-liquide\/"]}]},{"@type":"ImageObject","inLanguage":"fr-FR","@id":"https:\/\/www.ecosolucionesquimicas.es\/fr\/producto\/floculant-liquide\/#primaryimage","url":"https:\/\/www.ecosolucionesquimicas.es\/wp-content\/uploads\/2024\/02\/ECO-506666-scaled.jpg","contentUrl":"https:\/\/www.ecosolucionesquimicas.es\/wp-content\/uploads\/2024\/02\/ECO-506666-scaled.jpg","width":2350,"height":2560},{"@type":"BreadcrumbList","@id":"https:\/\/www.ecosolucionesquimicas.es\/fr\/producto\/floculant-liquide\/#breadcrumb","itemListElement":[{"@type":"ListItem","position":1,"name":"Portada","item":"https:\/\/www.ecosolucionesquimicas.es\/fr\/home\/"},{"@type":"ListItem","position":2,"name":"Floculant liquide"}]},{"@type":"WebSite","@id":"https:\/\/www.ecosolucionesquimicas.es\/fr\/#website","url":"https:\/\/www.ecosolucionesquimicas.es\/fr\/","name":"Ecosoluciones Qu\u00edmicas","description":"Achetez en ligne des produits d'entretien et des produits chimiques fabriqu\u00e9s par nos soins.","publisher":{"@id":"https:\/\/www.ecosolucionesquimicas.es\/fr\/#organization"},"alternateName":"EQM","potentialAction":[{"@type":"SearchAction","target":{"@type":"EntryPoint","urlTemplate":"https:\/\/www.ecosolucionesquimicas.es\/fr\/?s={search_term_string}"},"query-input":{"@type":"PropertyValueSpecification","valueRequired":true,"valueName":"search_term_string"}}],"inLanguage":"fr-FR"},{"@type":"Organization","@id":"https:\/\/www.ecosolucionesquimicas.es\/fr\/#organization","name":"Ecosoluciones Qu\u00edmicas","url":"https:\/\/www.ecosolucionesquimicas.es\/fr\/","logo":{"@type":"ImageObject","inLanguage":"fr-FR","@id":"https:\/\/www.ecosolucionesquimicas.es\/fr\/#\/schema\/logo\/image\/","url":"https:\/\/www.ecosolucionesquimicas.es\/wp-content\/uploads\/2024\/08\/LOGO-EQM-NUEVO-.png","contentUrl":"https:\/\/www.ecosolucionesquimicas.es\/wp-content\/uploads\/2024\/08\/LOGO-EQM-NUEVO-.png","width":1060,"height":456,"caption":"Ecosoluciones Qu\u00edmicas"},"image":{"@id":"https:\/\/www.ecosolucionesquimicas.es\/fr\/#\/schema\/logo\/image\/"},"sameAs":["https:\/\/www.facebook.com\/ecosolucionesquimicasmadrid\/","https:\/\/www.instagram.com\/ecosolucionesquimicas\/"],"hasMerchantReturnPolicy":{"@type":"MerchantReturnPolicy","merchantReturnLink":"https:\/\/www.ecosolucionesquimicas.es\/refund_returns\/"}}]},"product_brand":"EQM","product_price_amount":"15.72","product_price_currency":"EUR","og_availability":"instock","product_availability":"instock","product_retailer_item_id":"ECO-506","product_condition":"new"},"_links":{"self":[{"href":"https:\/\/www.ecosolucionesquimicas.es\/fr\/wp-json\/wp\/v2\/product\/12598","targetHints":{"allow":["GET"]}}],"collection":[{"href":"https:\/\/www.ecosolucionesquimicas.es\/fr\/wp-json\/wp\/v2\/product"}],"about":[{"href":"https:\/\/www.ecosolucionesquimicas.es\/fr\/wp-json\/wp\/v2\/types\/product"}],"wp:featuredmedia":[{"embeddable":true,"href":"https:\/\/www.ecosolucionesquimicas.es\/fr\/wp-json\/wp\/v2\/media\/12601"}],"wp:attachment":[{"href":"https:\/\/www.ecosolucionesquimicas.es\/fr\/wp-json\/wp\/v2\/media?parent=12598"}],"wp:term":[{"taxonomy":"product_brand","embeddable":true,"href":"https:\/\/www.ecosolucionesquimicas.es\/fr\/wp-json\/wp\/v2\/product_brand?post=12598"},{"taxonomy":"product_cat","embeddable":true,"href":"https:\/\/www.ecosolucionesquimicas.es\/fr\/wp-json\/wp\/v2\/product_cat?post=12598"},{"taxonomy":"product_tag","embeddable":true,"href":"https:\/\/www.ecosolucionesquimicas.es\/fr\/wp-json\/wp\/v2\/product_tag?post=12598"}],"curies":[{"name":"wp","href":"https:\/\/api.w.org\/{rel}","templated":true}]}}