{"id":12593,"date":"2024-02-22T15:11:41","date_gmt":"2024-02-22T14:11:41","guid":{"rendered":"https:\/\/www.ecosolucionesquimicas.es\/producto\/nettoyant-detartrant-pour-piscine-en-polyester-fibres\/"},"modified":"2024-02-22T15:11:41","modified_gmt":"2024-02-22T14:11:41","slug":"nettoyant-detartrant-pour-piscine-en-polyester-fibres","status":"publish","type":"product","link":"https:\/\/www.ecosolucionesquimicas.es\/fr\/producto\/nettoyant-detartrant-pour-piscine-en-polyester-fibres\/","title":{"rendered":"Nettoyant d\u00e9tartrant pour piscine en polyester\/fibres"},"content":{"rendered":"<p><img fetchpriority=\"high\" decoding=\"async\" class=\"alignnone wp-image-2152\" src=\"https:\/\/www.ecosolucionesquimicas.es\/wp-content\/uploads\/2024\/02\/LIMPIADOR-DESINCRUSTANTE-PISCINAS-POLfoto-descripcion-300x192.jpeg\" alt=\"\" width=\"550\" height=\"352\" srcset=\"https:\/\/www.ecosolucionesquimicas.es\/wp-content\/uploads\/2024\/02\/LIMPIADOR-DESINCRUSTANTE-PISCINAS-POLfoto-descripcion-300x192.jpeg 300w, https:\/\/www.ecosolucionesquimicas.es\/wp-content\/uploads\/2024\/02\/LIMPIADOR-DESINCRUSTANTE-PISCINAS-POLfoto-descripcion-600x384.jpeg 600w, https:\/\/www.ecosolucionesquimicas.es\/wp-content\/uploads\/2024\/02\/LIMPIADOR-DESINCRUSTANTE-PISCINAS-POLfoto-descripcion.jpeg 768w\" sizes=\"(max-width: 550px) 100vw, 550px\" \/><\/p>\n<p><strong>MODE D&rsquo;EMPLOI<\/strong><\/p>\n<p><strong>Pr\u00e9paration<\/strong>: S&rsquo;assurer que la piscine est vide et s\u00e8che ; enlever les d\u00e9bris non fix\u00e9s.<br \/>\n\ud83d\udd18 <strong>Application<\/strong>: Appliquer ECO-502 uniform\u00e9ment sur les zones telles que les skimmers et les lignes d&rsquo;eau \u00e0 l&rsquo;aide d&rsquo;un rouleau, d&rsquo;une brosse ou d&rsquo;une \u00e9ponge.<br \/>\n<strong>Temps d&rsquo;action<\/strong>: Attendre 10 \u00e0 15 minutes pour que le produit agisse.<br \/>\n\ud83d\udd18 <strong>Frotter et rincer<\/strong>: Frotter avec une brosse ou une \u00e9ponge et rincer \u00e0 l&rsquo;eau claire.<br \/>\n\ud83d\udd18 <strong>S\u00e9chage<\/strong>: Attendre que les surfaces s\u00e8chent avant de remplir la piscine ou d&rsquo;effectuer l&rsquo;entretien.<\/p>\n<p><strong>Recommandations :<\/strong><\/p>\n<p><strong>Utiliser un \u00e9quipement de protection :<\/strong> porter des gants et des lunettes de protection pour \u00e9viter tout contact direct avec le produit et pour se prot\u00e9ger contre une \u00e9ventuelle irritation.<br \/>\n<strong>Ventilation ad\u00e9quate :<\/strong> si tu travailles dans un endroit ferm\u00e9, assure-toi qu&rsquo;il est bien ventil\u00e9 pour \u00e9viter l&rsquo;accumulation de vapeurs.<\/p>\n","protected":false},"excerpt":{"rendered":"<p><strong> ECO-502 EST UN PUISSANT D\u00c9TERGENT DE NETTOYAGE ET DE D\u00c9TARTRAGE<\/strong>. Il se distingue par son application facile et son action rapide, ce qui le rend id\u00e9al pour un nettoyage efficace des surfaces difficiles. <\/p>\n<p><strong> FORMUL\u00c9 POUR LE NETTOYAGE DES PISCINES EN POLYESTER OU EN FIBRE DE VERRE.<\/strong> Ce produit assure un nettoyage en profondeur et durable des cuves de piscine fabriqu\u00e9es dans ces mat\u00e9riaux sp\u00e9cifiques. <\/p>\n<p><strong> \u00c9LIMINE LE CALCAIRE, LES R\u00c9SIDUS ORGANIQUES ET LES S\u00c9DIMENTS MIN\u00c9RAUX<\/strong><strong>.<\/strong> ECO-502 est con\u00e7u pour traiter les surfaces telles que les skimmers, les lignes flottantes et les \u00e9chelles, notamment dans les piscines en polyester ou en fibre de verre. <\/p>\n<p><strong> FORMULE AVANC\u00c9E QUI FACILITE L&rsquo;ENTRETIEN R\u00c9GULIER<\/strong>. Elle agit rapidement, ce qui r\u00e9duit le temps et les efforts n\u00e9cessaires pour \u00e9liminer les d\u00e9p\u00f4ts les plus tenaces et facilite l&rsquo;entretien de la piscine. <\/p>\n<p><strong>FORMAT DE 5 LITRES.<\/strong><\/p>\n<p><strong>\u26ab<\/strong><strong> N\u00b0 de r\u00e9f. : ECO-502<\/strong><\/p>\n","protected":false},"featured_media":12596,"template":"","meta":[],"product_brand":[225],"product_cat":[540],"product_tag":[563,562,541],"class_list":{"0":"post-12593","1":"product","2":"type-product","3":"status-publish","4":"has-post-thumbnail","6":"product_brand-eqm","7":"product_cat-piscinas","8":"product_tag-eau-trouble","9":"product_tag-nettoyeurs-de-piscine","10":"product_tag-piscina","12":"first","13":"instock","14":"taxable","15":"shipping-taxable","16":"purchasable","17":"product-type-simple"},"acf":[],"yoast_head":"<!-- This site is optimized with the Yoast SEO Premium plugin v27.1 (Yoast SEO v27.4) - https:\/\/yoast.com\/product\/yoast-seo-premium-wordpress\/ -->\n<title>Nettoyant d\u00e9tartrant pour piscine en polyester\/fibres - Ecosoluciones Qu\u00edmicas<\/title>\n<meta name=\"robots\" content=\"index, follow, max-snippet:-1, max-image-preview:large, max-video-preview:-1\" \/>\n<link rel=\"canonical\" href=\"https:\/\/www.ecosolucionesquimicas.es\/fr\/producto\/nettoyant-detartrant-pour-piscine-en-polyester-fibres\/\" \/>\n<meta property=\"og:locale\" content=\"fr_FR\" \/>\n<meta property=\"og:type\" content=\"article\" \/>\n<meta property=\"og:title\" content=\"Nettoyant d\u00e9tartrant pour piscine en polyester\/fibres\" \/>\n<meta property=\"og:description\" content=\"ECO-502 EST UN PUISSANT D\u00c9TERGENT DE NETTOYAGE ET DE D\u00c9TARTRAGE. Il se distingue par son application facile et son action rapide, ce qui le rend id\u00e9al pour un nettoyage efficace des surfaces difficiles.  FORMUL\u00c9 POUR LE NETTOYAGE DES PISCINES EN POLYESTER OU EN FIBRE DE VERRE. Ce produit assure un nettoyage en profondeur et durable des cuves de piscine fabriqu\u00e9es dans ces mat\u00e9riaux sp\u00e9cifiques.  \u00c9LIMINE LE CALCAIRE, LES R\u00c9SIDUS ORGANIQUES ET LES S\u00c9DIMENTS MIN\u00c9RAUX. ECO-502 est con\u00e7u pour traiter les surfaces telles que les skimmers, les lignes flottantes et les \u00e9chelles, notamment dans les piscines en polyester ou en fibre de verre.  FORMULE AVANC\u00c9E QUI FACILITE L&#039;ENTRETIEN R\u00c9GULIER. Elle agit rapidement, ce qui r\u00e9duit le temps et les efforts n\u00e9cessaires pour \u00e9liminer les d\u00e9p\u00f4ts les plus tenaces et facilite l&#039;entretien de la piscine.  FORMAT DE 5 LITRES. \u26ab N\u00b0 de r\u00e9f. : ECO-502\" \/>\n<meta property=\"og:url\" content=\"https:\/\/www.ecosolucionesquimicas.es\/fr\/producto\/nettoyant-detartrant-pour-piscine-en-polyester-fibres\/\" \/>\n<meta property=\"og:site_name\" content=\"Ecosoluciones Qu\u00edmicas\" \/>\n<meta property=\"article:publisher\" content=\"https:\/\/www.facebook.com\/ecosolucionesquimicasmadrid\/\" \/>\n<meta property=\"og:image\" content=\"https:\/\/www.ecosolucionesquimicas.es\/wp-content\/uploads\/2024\/02\/LIMPIADOR-DESINCRUSTANTE-PISCINAS-POLfoto-descripcion-300x192.jpeg\" \/>\n<meta name=\"twitter:card\" content=\"summary_large_image\" \/>\n<meta name=\"twitter:label1\" content=\"Prix\" \/>\n\t<meta name=\"twitter:data1\" content=\"24,19&nbsp;&euro; TVA incluse.\" \/>\n\t<meta name=\"twitter:label2\" content=\"Disponibilit\u00e9\" \/>\n\t<meta name=\"twitter:data2\" content=\"En stock\" \/>\n<script type=\"application\/ld+json\" class=\"yoast-schema-graph\">{\"@context\":\"https:\\\/\\\/schema.org\",\"@graph\":[{\"@type\":\"WebPage\",\"@id\":\"https:\\\/\\\/www.ecosolucionesquimicas.es\\\/fr\\\/producto\\\/nettoyant-detartrant-pour-piscine-en-polyester-fibres\\\/\",\"url\":\"https:\\\/\\\/www.ecosolucionesquimicas.es\\\/fr\\\/producto\\\/nettoyant-detartrant-pour-piscine-en-polyester-fibres\\\/\",\"name\":\"Nettoyant d\u00e9tartrant pour piscine en polyester\\\/fibres - Ecosoluciones Qu\u00edmicas\",\"isPartOf\":{\"@id\":\"https:\\\/\\\/www.ecosolucionesquimicas.es\\\/fr\\\/#website\"},\"primaryImageOfPage\":{\"@id\":\"https:\\\/\\\/www.ecosolucionesquimicas.es\\\/fr\\\/producto\\\/nettoyant-detartrant-pour-piscine-en-polyester-fibres\\\/#primaryimage\"},\"image\":{\"@id\":\"https:\\\/\\\/www.ecosolucionesquimicas.es\\\/fr\\\/producto\\\/nettoyant-detartrant-pour-piscine-en-polyester-fibres\\\/#primaryimage\"},\"thumbnailUrl\":\"https:\\\/\\\/www.ecosolucionesquimicas.es\\\/wp-content\\\/uploads\\\/2024\\\/02\\\/ECO-5022222-scaled.jpg\",\"datePublished\":\"2024-02-22T14:11:41+00:00\",\"breadcrumb\":{\"@id\":\"https:\\\/\\\/www.ecosolucionesquimicas.es\\\/fr\\\/producto\\\/nettoyant-detartrant-pour-piscine-en-polyester-fibres\\\/#breadcrumb\"},\"inLanguage\":\"fr-FR\",\"potentialAction\":[{\"@type\":\"ReadAction\",\"target\":[\"https:\\\/\\\/www.ecosolucionesquimicas.es\\\/fr\\\/producto\\\/nettoyant-detartrant-pour-piscine-en-polyester-fibres\\\/\"]}]},{\"@type\":\"ImageObject\",\"inLanguage\":\"fr-FR\",\"@id\":\"https:\\\/\\\/www.ecosolucionesquimicas.es\\\/fr\\\/producto\\\/nettoyant-detartrant-pour-piscine-en-polyester-fibres\\\/#primaryimage\",\"url\":\"https:\\\/\\\/www.ecosolucionesquimicas.es\\\/wp-content\\\/uploads\\\/2024\\\/02\\\/ECO-5022222-scaled.jpg\",\"contentUrl\":\"https:\\\/\\\/www.ecosolucionesquimicas.es\\\/wp-content\\\/uploads\\\/2024\\\/02\\\/ECO-5022222-scaled.jpg\",\"width\":2350,\"height\":2560},{\"@type\":\"BreadcrumbList\",\"@id\":\"https:\\\/\\\/www.ecosolucionesquimicas.es\\\/fr\\\/producto\\\/nettoyant-detartrant-pour-piscine-en-polyester-fibres\\\/#breadcrumb\",\"itemListElement\":[{\"@type\":\"ListItem\",\"position\":1,\"name\":\"Portada\",\"item\":\"https:\\\/\\\/www.ecosolucionesquimicas.es\\\/fr\\\/home\\\/\"},{\"@type\":\"ListItem\",\"position\":2,\"name\":\"Nettoyant d\u00e9tartrant pour piscine en polyester\\\/fibres\"}]},{\"@type\":\"WebSite\",\"@id\":\"https:\\\/\\\/www.ecosolucionesquimicas.es\\\/fr\\\/#website\",\"url\":\"https:\\\/\\\/www.ecosolucionesquimicas.es\\\/fr\\\/\",\"name\":\"Ecosoluciones Qu\u00edmicas\",\"description\":\"Achetez en ligne des produits d'entretien et des produits chimiques fabriqu\u00e9s par nos soins.\",\"publisher\":{\"@id\":\"https:\\\/\\\/www.ecosolucionesquimicas.es\\\/fr\\\/#organization\"},\"alternateName\":\"EQM\",\"potentialAction\":[{\"@type\":\"SearchAction\",\"target\":{\"@type\":\"EntryPoint\",\"urlTemplate\":\"https:\\\/\\\/www.ecosolucionesquimicas.es\\\/fr\\\/?s={search_term_string}\"},\"query-input\":{\"@type\":\"PropertyValueSpecification\",\"valueRequired\":true,\"valueName\":\"search_term_string\"}}],\"inLanguage\":\"fr-FR\"},{\"@type\":\"Organization\",\"@id\":\"https:\\\/\\\/www.ecosolucionesquimicas.es\\\/fr\\\/#organization\",\"name\":\"Ecosoluciones Qu\u00edmicas\",\"url\":\"https:\\\/\\\/www.ecosolucionesquimicas.es\\\/fr\\\/\",\"logo\":{\"@type\":\"ImageObject\",\"inLanguage\":\"fr-FR\",\"@id\":\"https:\\\/\\\/www.ecosolucionesquimicas.es\\\/fr\\\/#\\\/schema\\\/logo\\\/image\\\/\",\"url\":\"https:\\\/\\\/www.ecosolucionesquimicas.es\\\/wp-content\\\/uploads\\\/2024\\\/08\\\/LOGO-EQM-NUEVO-.png\",\"contentUrl\":\"https:\\\/\\\/www.ecosolucionesquimicas.es\\\/wp-content\\\/uploads\\\/2024\\\/08\\\/LOGO-EQM-NUEVO-.png\",\"width\":1060,\"height\":456,\"caption\":\"Ecosoluciones Qu\u00edmicas\"},\"image\":{\"@id\":\"https:\\\/\\\/www.ecosolucionesquimicas.es\\\/fr\\\/#\\\/schema\\\/logo\\\/image\\\/\"},\"sameAs\":[\"https:\\\/\\\/www.facebook.com\\\/ecosolucionesquimicasmadrid\\\/\",\"https:\\\/\\\/www.instagram.com\\\/ecosolucionesquimicas\\\/\"],\"hasMerchantReturnPolicy\":{\"@type\":\"MerchantReturnPolicy\",\"merchantReturnLink\":\"https:\\\/\\\/www.ecosolucionesquimicas.es\\\/refund_returns\\\/\"}}]}<\/script>\n<meta property=\"product:brand\" content=\"EQM\" \/>\n<meta property=\"product:price:amount\" content=\"24.19\" \/>\n<meta property=\"product:price:currency\" content=\"EUR\" \/>\n<meta property=\"og:availability\" content=\"instock\" \/>\n<meta property=\"product:availability\" content=\"instock\" \/>\n<meta property=\"product:retailer_item_id\" content=\"ECO-502\" \/>\n<meta property=\"product:condition\" content=\"new\" \/>\n<!-- \/ Yoast SEO Premium plugin. -->","yoast_head_json":{"title":"Nettoyant d\u00e9tartrant pour piscine en polyester\/fibres - Ecosoluciones Qu\u00edmicas","robots":{"index":"index","follow":"follow","max-snippet":"max-snippet:-1","max-image-preview":"max-image-preview:large","max-video-preview":"max-video-preview:-1"},"canonical":"https:\/\/www.ecosolucionesquimicas.es\/fr\/producto\/nettoyant-detartrant-pour-piscine-en-polyester-fibres\/","og_locale":"fr_FR","og_type":"article","og_title":"Nettoyant d\u00e9tartrant pour piscine en polyester\/fibres","og_description":"ECO-502 EST UN PUISSANT D\u00c9TERGENT DE NETTOYAGE ET DE D\u00c9TARTRAGE. Il se distingue par son application facile et son action rapide, ce qui le rend id\u00e9al pour un nettoyage efficace des surfaces difficiles.  FORMUL\u00c9 POUR LE NETTOYAGE DES PISCINES EN POLYESTER OU EN FIBRE DE VERRE. Ce produit assure un nettoyage en profondeur et durable des cuves de piscine fabriqu\u00e9es dans ces mat\u00e9riaux sp\u00e9cifiques.  \u00c9LIMINE LE CALCAIRE, LES R\u00c9SIDUS ORGANIQUES ET LES S\u00c9DIMENTS MIN\u00c9RAUX. ECO-502 est con\u00e7u pour traiter les surfaces telles que les skimmers, les lignes flottantes et les \u00e9chelles, notamment dans les piscines en polyester ou en fibre de verre.  FORMULE AVANC\u00c9E QUI FACILITE L'ENTRETIEN R\u00c9GULIER. Elle agit rapidement, ce qui r\u00e9duit le temps et les efforts n\u00e9cessaires pour \u00e9liminer les d\u00e9p\u00f4ts les plus tenaces et facilite l'entretien de la piscine.  FORMAT DE 5 LITRES. \u26ab N\u00b0 de r\u00e9f. : ECO-502","og_url":"https:\/\/www.ecosolucionesquimicas.es\/fr\/producto\/nettoyant-detartrant-pour-piscine-en-polyester-fibres\/","og_site_name":"Ecosoluciones Qu\u00edmicas","article_publisher":"https:\/\/www.facebook.com\/ecosolucionesquimicasmadrid\/","og_image":[{"url":"https:\/\/www.ecosolucionesquimicas.es\/wp-content\/uploads\/2024\/02\/LIMPIADOR-DESINCRUSTANTE-PISCINAS-POLfoto-descripcion-300x192.jpeg","type":"","width":"","height":""}],"twitter_card":"summary_large_image","twitter_misc":{"Prix":"24,19&nbsp;&euro; TVA incluse.","Disponibilit\u00e9":"En stock"},"schema":{"@context":"https:\/\/schema.org","@graph":[{"@type":"WebPage","@id":"https:\/\/www.ecosolucionesquimicas.es\/fr\/producto\/nettoyant-detartrant-pour-piscine-en-polyester-fibres\/","url":"https:\/\/www.ecosolucionesquimicas.es\/fr\/producto\/nettoyant-detartrant-pour-piscine-en-polyester-fibres\/","name":"Nettoyant d\u00e9tartrant pour piscine en polyester\/fibres - Ecosoluciones Qu\u00edmicas","isPartOf":{"@id":"https:\/\/www.ecosolucionesquimicas.es\/fr\/#website"},"primaryImageOfPage":{"@id":"https:\/\/www.ecosolucionesquimicas.es\/fr\/producto\/nettoyant-detartrant-pour-piscine-en-polyester-fibres\/#primaryimage"},"image":{"@id":"https:\/\/www.ecosolucionesquimicas.es\/fr\/producto\/nettoyant-detartrant-pour-piscine-en-polyester-fibres\/#primaryimage"},"thumbnailUrl":"https:\/\/www.ecosolucionesquimicas.es\/wp-content\/uploads\/2024\/02\/ECO-5022222-scaled.jpg","datePublished":"2024-02-22T14:11:41+00:00","breadcrumb":{"@id":"https:\/\/www.ecosolucionesquimicas.es\/fr\/producto\/nettoyant-detartrant-pour-piscine-en-polyester-fibres\/#breadcrumb"},"inLanguage":"fr-FR","potentialAction":[{"@type":"ReadAction","target":["https:\/\/www.ecosolucionesquimicas.es\/fr\/producto\/nettoyant-detartrant-pour-piscine-en-polyester-fibres\/"]}]},{"@type":"ImageObject","inLanguage":"fr-FR","@id":"https:\/\/www.ecosolucionesquimicas.es\/fr\/producto\/nettoyant-detartrant-pour-piscine-en-polyester-fibres\/#primaryimage","url":"https:\/\/www.ecosolucionesquimicas.es\/wp-content\/uploads\/2024\/02\/ECO-5022222-scaled.jpg","contentUrl":"https:\/\/www.ecosolucionesquimicas.es\/wp-content\/uploads\/2024\/02\/ECO-5022222-scaled.jpg","width":2350,"height":2560},{"@type":"BreadcrumbList","@id":"https:\/\/www.ecosolucionesquimicas.es\/fr\/producto\/nettoyant-detartrant-pour-piscine-en-polyester-fibres\/#breadcrumb","itemListElement":[{"@type":"ListItem","position":1,"name":"Portada","item":"https:\/\/www.ecosolucionesquimicas.es\/fr\/home\/"},{"@type":"ListItem","position":2,"name":"Nettoyant d\u00e9tartrant pour piscine en polyester\/fibres"}]},{"@type":"WebSite","@id":"https:\/\/www.ecosolucionesquimicas.es\/fr\/#website","url":"https:\/\/www.ecosolucionesquimicas.es\/fr\/","name":"Ecosoluciones Qu\u00edmicas","description":"Achetez en ligne des produits d'entretien et des produits chimiques fabriqu\u00e9s par nos soins.","publisher":{"@id":"https:\/\/www.ecosolucionesquimicas.es\/fr\/#organization"},"alternateName":"EQM","potentialAction":[{"@type":"SearchAction","target":{"@type":"EntryPoint","urlTemplate":"https:\/\/www.ecosolucionesquimicas.es\/fr\/?s={search_term_string}"},"query-input":{"@type":"PropertyValueSpecification","valueRequired":true,"valueName":"search_term_string"}}],"inLanguage":"fr-FR"},{"@type":"Organization","@id":"https:\/\/www.ecosolucionesquimicas.es\/fr\/#organization","name":"Ecosoluciones Qu\u00edmicas","url":"https:\/\/www.ecosolucionesquimicas.es\/fr\/","logo":{"@type":"ImageObject","inLanguage":"fr-FR","@id":"https:\/\/www.ecosolucionesquimicas.es\/fr\/#\/schema\/logo\/image\/","url":"https:\/\/www.ecosolucionesquimicas.es\/wp-content\/uploads\/2024\/08\/LOGO-EQM-NUEVO-.png","contentUrl":"https:\/\/www.ecosolucionesquimicas.es\/wp-content\/uploads\/2024\/08\/LOGO-EQM-NUEVO-.png","width":1060,"height":456,"caption":"Ecosoluciones Qu\u00edmicas"},"image":{"@id":"https:\/\/www.ecosolucionesquimicas.es\/fr\/#\/schema\/logo\/image\/"},"sameAs":["https:\/\/www.facebook.com\/ecosolucionesquimicasmadrid\/","https:\/\/www.instagram.com\/ecosolucionesquimicas\/"],"hasMerchantReturnPolicy":{"@type":"MerchantReturnPolicy","merchantReturnLink":"https:\/\/www.ecosolucionesquimicas.es\/refund_returns\/"}}]},"product_brand":"EQM","product_price_amount":"24.19","product_price_currency":"EUR","og_availability":"instock","product_availability":"instock","product_retailer_item_id":"ECO-502","product_condition":"new"},"_links":{"self":[{"href":"https:\/\/www.ecosolucionesquimicas.es\/fr\/wp-json\/wp\/v2\/product\/12593","targetHints":{"allow":["GET"]}}],"collection":[{"href":"https:\/\/www.ecosolucionesquimicas.es\/fr\/wp-json\/wp\/v2\/product"}],"about":[{"href":"https:\/\/www.ecosolucionesquimicas.es\/fr\/wp-json\/wp\/v2\/types\/product"}],"wp:featuredmedia":[{"embeddable":true,"href":"https:\/\/www.ecosolucionesquimicas.es\/fr\/wp-json\/wp\/v2\/media\/12596"}],"wp:attachment":[{"href":"https:\/\/www.ecosolucionesquimicas.es\/fr\/wp-json\/wp\/v2\/media?parent=12593"}],"wp:term":[{"taxonomy":"product_brand","embeddable":true,"href":"https:\/\/www.ecosolucionesquimicas.es\/fr\/wp-json\/wp\/v2\/product_brand?post=12593"},{"taxonomy":"product_cat","embeddable":true,"href":"https:\/\/www.ecosolucionesquimicas.es\/fr\/wp-json\/wp\/v2\/product_cat?post=12593"},{"taxonomy":"product_tag","embeddable":true,"href":"https:\/\/www.ecosolucionesquimicas.es\/fr\/wp-json\/wp\/v2\/product_tag?post=12593"}],"curies":[{"name":"wp","href":"https:\/\/api.w.org\/{rel}","templated":true}]}}