{"id":12579,"date":"2024-02-22T15:11:41","date_gmt":"2024-02-22T14:11:41","guid":{"rendered":"https:\/\/www.ecosolucionesquimicas.es\/producto\/nettoyant-pour-gazon-artificiel\/"},"modified":"2026-04-08T16:39:47","modified_gmt":"2026-04-08T14:39:47","slug":"nettoyant-pour-gazon-artificiel","status":"publish","type":"product","link":"https:\/\/www.ecosolucionesquimicas.es\/fr\/producto\/nettoyant-pour-gazon-artificiel\/","title":{"rendered":"Nettoyant pour gazon artificiel"},"content":{"rendered":"<p><img fetchpriority=\"high\" decoding=\"async\" class=\"alignnone wp-image-2146\" src=\"https:\/\/www.ecosolucionesquimicas.es\/wp-content\/uploads\/2024\/02\/LIMPIADOR-CESPED-ARTIFICIAL-foto-descripcion.jpg\" alt=\"\" width=\"550\" height=\"367\"><\/p>\n<p><strong>MODE D&rsquo;EMPLOI<\/strong><\/p>\n<p> <strong> Application :<\/strong> vaporiser ECO-507 directement sur le gazon artificiel, en couvrant toute la surface de mani\u00e8re uniforme.<br \/>\n<strong>Temps d&rsquo;action :<\/strong> laisser ECO-507 agir pendant quelques minutes pour p\u00e9n\u00e9trer et \u00e9liminer la salet\u00e9 et les odeurs.<br \/>\n<strong>Rin\u00e7age : <\/strong>rince la surface avec beaucoup d&rsquo;eau pour \u00e9liminer le produit et les r\u00e9sidus.<br \/>\n<strong>R\u00e9p\u00e9ter :<\/strong> appliquer au besoin, surtout apr\u00e8s l&rsquo;activit\u00e9 de l&rsquo;animal ou lorsque tu remarques des odeurs d\u00e9sagr\u00e9ables.<\/p>\n<p><strong>Recommandations :<\/strong><\/p>\n<p><strong>Fr\u00e9quence :<\/strong> Pour maintenir la pelouse dans un \u00e9tat optimal, il est recommand\u00e9 d&rsquo;utiliser ECO-507 une fois par semaine ou apr\u00e8s une activit\u00e9 intense des animaux domestiques.<br \/>\n<strong>\u2757M\u00e9t\u00e9o :<\/strong> Par temps chaud, applique le produit t\u00f4t le matin ou en fin d&rsquo;apr\u00e8s-midi pour \u00e9viter une \u00e9vaporation rapide.<\/p>\n","protected":false},"excerpt":{"rendered":"<p>\u2705 <strong>GARDE TON GAZON ARTIFICIEL PROPRE ET SAIN.<\/strong> ECO-507 ne se contente pas d&rsquo;\u00e9liminer la salet\u00e9, mais agit \u00e9galement comme une barri\u00e8re protectrice contre les micro-organismes, garantissant ainsi un environnement s\u00fbr et propre pour ton jardin.<\/p>\n<p><strong>\u2705 NEUTRALISATION DES ODEURS .<\/strong> Ce produit \u00e9limine les odeurs caus\u00e9es par les animaux domestiques tels que les chiens et les chats, laissant \u00e0 la place un parfum frais et naturel d&rsquo;herbe fra\u00eechement coup\u00e9e, am\u00e9liorant ainsi l&rsquo;exp\u00e9rience dans ton jardin.<\/p>\n<p><strong>FORMULE SANS DANGER POUR LES PERSONNES ET LES ANIMAUX.<\/strong> ECO-507 est totalement s\u00fbr pour les enfants, les adultes et les animaux domestiques, ce qui te permet de l&rsquo;utiliser en toute confiance sans risque pour la sant\u00e9.<\/p>\n<p><strong>UN NETTOYAGE EN PROFONDEUR ET DURABLE.<\/strong> ECO-507 assure un nettoyage efficace, \u00e9limine rapidement la salet\u00e9 et laisse un parfum agr\u00e9able qui prolonge la sensation de fra\u00eecheur dans la pelouse.<\/p>\n<p><strong>\u2705<\/strong><strong> FORMAT DE 5 LITRES.<\/strong><\/p>\n<p><strong>R\u00e9f\u00e9rence : ECO-507<\/strong><\/p>\n","protected":false},"featured_media":12590,"template":"","meta":[],"product_brand":[225],"product_cat":[556,465,540],"product_tag":[559,561,414],"class_list":{"0":"post-12579","1":"product","2":"type-product","3":"status-publish","4":"has-post-thumbnail","6":"product_brand-eqm","7":"product_cat-nouvelles","8":"product_cat-ofertas","9":"product_cat-piscinas","10":"product_tag-cesped","11":"product_tag-jardin","12":"product_tag-limpiador","14":"first","15":"instock","16":"sale","17":"taxable","18":"shipping-taxable","19":"purchasable","20":"product-type-simple"},"acf":[],"yoast_head":"<!-- This site is optimized with the Yoast SEO Premium plugin v27.1 (Yoast SEO v27.4) - https:\/\/yoast.com\/product\/yoast-seo-premium-wordpress\/ -->\n<title>Nettoyant pour gazon artificiel - Ecosoluciones Qu\u00edmicas<\/title>\n<meta name=\"robots\" content=\"index, follow, max-snippet:-1, max-image-preview:large, max-video-preview:-1\" \/>\n<link rel=\"canonical\" href=\"https:\/\/www.ecosolucionesquimicas.es\/fr\/producto\/nettoyant-pour-gazon-artificiel\/\" \/>\n<meta property=\"og:locale\" content=\"fr_FR\" \/>\n<meta property=\"og:type\" content=\"article\" \/>\n<meta property=\"og:title\" content=\"Nettoyant pour gazon artificiel\" \/>\n<meta property=\"og:description\" content=\"\u2705 GARDE TON GAZON ARTIFICIEL PROPRE ET SAIN. ECO-507 ne se contente pas d&#039;\u00e9liminer la salet\u00e9, mais agit \u00e9galement comme une barri\u00e8re protectrice contre les micro-organismes, garantissant ainsi un environnement s\u00fbr et propre pour ton jardin. \u2705 NEUTRALISATION DES ODEURS . Ce produit \u00e9limine les odeurs caus\u00e9es par les animaux domestiques tels que les chiens et les chats, laissant \u00e0 la place un parfum frais et naturel d&#039;herbe fra\u00eechement coup\u00e9e, am\u00e9liorant ainsi l&#039;exp\u00e9rience dans ton jardin. FORMULE SANS DANGER POUR LES PERSONNES ET LES ANIMAUX. ECO-507 est totalement s\u00fbr pour les enfants, les adultes et les animaux domestiques, ce qui te permet de l&#039;utiliser en toute confiance sans risque pour la sant\u00e9. UN NETTOYAGE EN PROFONDEUR ET DURABLE. ECO-507 assure un nettoyage efficace, \u00e9limine rapidement la salet\u00e9 et laisse un parfum agr\u00e9able qui prolonge la sensation de fra\u00eecheur dans la pelouse. \u2705 FORMAT DE 5 LITRES. R\u00e9f\u00e9rence : ECO-507\" \/>\n<meta property=\"og:url\" content=\"https:\/\/www.ecosolucionesquimicas.es\/fr\/producto\/nettoyant-pour-gazon-artificiel\/\" \/>\n<meta property=\"og:site_name\" content=\"Ecosoluciones Qu\u00edmicas\" \/>\n<meta property=\"article:publisher\" content=\"https:\/\/www.facebook.com\/ecosolucionesquimicasmadrid\/\" \/>\n<meta property=\"article:modified_time\" content=\"2026-04-08T14:39:47+00:00\" \/>\n<meta property=\"og:image\" content=\"https:\/\/www.ecosolucionesquimicas.es\/wp-content\/uploads\/2024\/02\/LIMPIADOR-CESPED-ARTIFICIAL-foto-descripcion.jpg\" \/>\n<meta name=\"twitter:card\" content=\"summary_large_image\" \/>\n<meta name=\"twitter:label1\" content=\"Prix\" \/>\n\t<meta name=\"twitter:data1\" content=\"16,93&nbsp;&euro; TVA incluse.\" \/>\n\t<meta name=\"twitter:label2\" content=\"Disponibilit\u00e9\" \/>\n\t<meta name=\"twitter:data2\" content=\"En stock\" \/>\n<script type=\"application\/ld+json\" class=\"yoast-schema-graph\">{\"@context\":\"https:\\\/\\\/schema.org\",\"@graph\":[{\"@type\":\"WebPage\",\"@id\":\"https:\\\/\\\/www.ecosolucionesquimicas.es\\\/fr\\\/producto\\\/nettoyant-pour-gazon-artificiel\\\/\",\"url\":\"https:\\\/\\\/www.ecosolucionesquimicas.es\\\/fr\\\/producto\\\/nettoyant-pour-gazon-artificiel\\\/\",\"name\":\"Nettoyant pour gazon artificiel - Ecosoluciones Qu\u00edmicas\",\"isPartOf\":{\"@id\":\"https:\\\/\\\/www.ecosolucionesquimicas.es\\\/fr\\\/#website\"},\"primaryImageOfPage\":{\"@id\":\"https:\\\/\\\/www.ecosolucionesquimicas.es\\\/fr\\\/producto\\\/nettoyant-pour-gazon-artificiel\\\/#primaryimage\"},\"image\":{\"@id\":\"https:\\\/\\\/www.ecosolucionesquimicas.es\\\/fr\\\/producto\\\/nettoyant-pour-gazon-artificiel\\\/#primaryimage\"},\"thumbnailUrl\":\"https:\\\/\\\/www.ecosolucionesquimicas.es\\\/wp-content\\\/uploads\\\/2024\\\/02\\\/ECO-507-5L-scaled.jpg\",\"datePublished\":\"2024-02-22T14:11:41+00:00\",\"dateModified\":\"2026-04-08T14:39:47+00:00\",\"breadcrumb\":{\"@id\":\"https:\\\/\\\/www.ecosolucionesquimicas.es\\\/fr\\\/producto\\\/nettoyant-pour-gazon-artificiel\\\/#breadcrumb\"},\"inLanguage\":\"fr-FR\",\"potentialAction\":[{\"@type\":\"ReadAction\",\"target\":[\"https:\\\/\\\/www.ecosolucionesquimicas.es\\\/fr\\\/producto\\\/nettoyant-pour-gazon-artificiel\\\/\"]}]},{\"@type\":\"ImageObject\",\"inLanguage\":\"fr-FR\",\"@id\":\"https:\\\/\\\/www.ecosolucionesquimicas.es\\\/fr\\\/producto\\\/nettoyant-pour-gazon-artificiel\\\/#primaryimage\",\"url\":\"https:\\\/\\\/www.ecosolucionesquimicas.es\\\/wp-content\\\/uploads\\\/2024\\\/02\\\/ECO-507-5L-scaled.jpg\",\"contentUrl\":\"https:\\\/\\\/www.ecosolucionesquimicas.es\\\/wp-content\\\/uploads\\\/2024\\\/02\\\/ECO-507-5L-scaled.jpg\",\"width\":2350,\"height\":2560},{\"@type\":\"BreadcrumbList\",\"@id\":\"https:\\\/\\\/www.ecosolucionesquimicas.es\\\/fr\\\/producto\\\/nettoyant-pour-gazon-artificiel\\\/#breadcrumb\",\"itemListElement\":[{\"@type\":\"ListItem\",\"position\":1,\"name\":\"Portada\",\"item\":\"https:\\\/\\\/www.ecosolucionesquimicas.es\\\/fr\\\/home\\\/\"},{\"@type\":\"ListItem\",\"position\":2,\"name\":\"Nettoyant pour gazon artificiel\"}]},{\"@type\":\"WebSite\",\"@id\":\"https:\\\/\\\/www.ecosolucionesquimicas.es\\\/fr\\\/#website\",\"url\":\"https:\\\/\\\/www.ecosolucionesquimicas.es\\\/fr\\\/\",\"name\":\"Ecosoluciones Qu\u00edmicas\",\"description\":\"Achetez en ligne des produits d'entretien et des produits chimiques fabriqu\u00e9s par nos soins.\",\"publisher\":{\"@id\":\"https:\\\/\\\/www.ecosolucionesquimicas.es\\\/fr\\\/#organization\"},\"alternateName\":\"EQM\",\"potentialAction\":[{\"@type\":\"SearchAction\",\"target\":{\"@type\":\"EntryPoint\",\"urlTemplate\":\"https:\\\/\\\/www.ecosolucionesquimicas.es\\\/fr\\\/?s={search_term_string}\"},\"query-input\":{\"@type\":\"PropertyValueSpecification\",\"valueRequired\":true,\"valueName\":\"search_term_string\"}}],\"inLanguage\":\"fr-FR\"},{\"@type\":\"Organization\",\"@id\":\"https:\\\/\\\/www.ecosolucionesquimicas.es\\\/fr\\\/#organization\",\"name\":\"Ecosoluciones Qu\u00edmicas\",\"url\":\"https:\\\/\\\/www.ecosolucionesquimicas.es\\\/fr\\\/\",\"logo\":{\"@type\":\"ImageObject\",\"inLanguage\":\"fr-FR\",\"@id\":\"https:\\\/\\\/www.ecosolucionesquimicas.es\\\/fr\\\/#\\\/schema\\\/logo\\\/image\\\/\",\"url\":\"https:\\\/\\\/www.ecosolucionesquimicas.es\\\/wp-content\\\/uploads\\\/2024\\\/08\\\/LOGO-EQM-NUEVO-.png\",\"contentUrl\":\"https:\\\/\\\/www.ecosolucionesquimicas.es\\\/wp-content\\\/uploads\\\/2024\\\/08\\\/LOGO-EQM-NUEVO-.png\",\"width\":1060,\"height\":456,\"caption\":\"Ecosoluciones Qu\u00edmicas\"},\"image\":{\"@id\":\"https:\\\/\\\/www.ecosolucionesquimicas.es\\\/fr\\\/#\\\/schema\\\/logo\\\/image\\\/\"},\"sameAs\":[\"https:\\\/\\\/www.facebook.com\\\/ecosolucionesquimicasmadrid\\\/\",\"https:\\\/\\\/www.instagram.com\\\/ecosolucionesquimicas\\\/\"],\"hasMerchantReturnPolicy\":{\"@type\":\"MerchantReturnPolicy\",\"merchantReturnLink\":\"https:\\\/\\\/www.ecosolucionesquimicas.es\\\/refund_returns\\\/\"}}]}<\/script>\n<meta property=\"product:brand\" content=\"EQM\" \/>\n<meta property=\"product:price:amount\" content=\"16.93\" \/>\n<meta property=\"product:price:currency\" content=\"EUR\" \/>\n<meta property=\"og:availability\" content=\"instock\" \/>\n<meta property=\"product:availability\" content=\"instock\" \/>\n<meta property=\"product:retailer_item_id\" content=\"ECO-507\" \/>\n<meta property=\"product:condition\" content=\"new\" \/>\n<!-- \/ Yoast SEO Premium plugin. -->","yoast_head_json":{"title":"Nettoyant pour gazon artificiel - Ecosoluciones Qu\u00edmicas","robots":{"index":"index","follow":"follow","max-snippet":"max-snippet:-1","max-image-preview":"max-image-preview:large","max-video-preview":"max-video-preview:-1"},"canonical":"https:\/\/www.ecosolucionesquimicas.es\/fr\/producto\/nettoyant-pour-gazon-artificiel\/","og_locale":"fr_FR","og_type":"article","og_title":"Nettoyant pour gazon artificiel","og_description":"\u2705 GARDE TON GAZON ARTIFICIEL PROPRE ET SAIN. ECO-507 ne se contente pas d'\u00e9liminer la salet\u00e9, mais agit \u00e9galement comme une barri\u00e8re protectrice contre les micro-organismes, garantissant ainsi un environnement s\u00fbr et propre pour ton jardin. \u2705 NEUTRALISATION DES ODEURS . Ce produit \u00e9limine les odeurs caus\u00e9es par les animaux domestiques tels que les chiens et les chats, laissant \u00e0 la place un parfum frais et naturel d'herbe fra\u00eechement coup\u00e9e, am\u00e9liorant ainsi l'exp\u00e9rience dans ton jardin. FORMULE SANS DANGER POUR LES PERSONNES ET LES ANIMAUX. ECO-507 est totalement s\u00fbr pour les enfants, les adultes et les animaux domestiques, ce qui te permet de l'utiliser en toute confiance sans risque pour la sant\u00e9. UN NETTOYAGE EN PROFONDEUR ET DURABLE. ECO-507 assure un nettoyage efficace, \u00e9limine rapidement la salet\u00e9 et laisse un parfum agr\u00e9able qui prolonge la sensation de fra\u00eecheur dans la pelouse. \u2705 FORMAT DE 5 LITRES. R\u00e9f\u00e9rence : ECO-507","og_url":"https:\/\/www.ecosolucionesquimicas.es\/fr\/producto\/nettoyant-pour-gazon-artificiel\/","og_site_name":"Ecosoluciones Qu\u00edmicas","article_publisher":"https:\/\/www.facebook.com\/ecosolucionesquimicasmadrid\/","article_modified_time":"2026-04-08T14:39:47+00:00","og_image":[{"url":"https:\/\/www.ecosolucionesquimicas.es\/wp-content\/uploads\/2024\/02\/LIMPIADOR-CESPED-ARTIFICIAL-foto-descripcion.jpg","type":"","width":"","height":""}],"twitter_card":"summary_large_image","twitter_misc":{"Prix":"16,93&nbsp;&euro; TVA incluse.","Disponibilit\u00e9":"En stock"},"schema":{"@context":"https:\/\/schema.org","@graph":[{"@type":"WebPage","@id":"https:\/\/www.ecosolucionesquimicas.es\/fr\/producto\/nettoyant-pour-gazon-artificiel\/","url":"https:\/\/www.ecosolucionesquimicas.es\/fr\/producto\/nettoyant-pour-gazon-artificiel\/","name":"Nettoyant pour gazon artificiel - Ecosoluciones Qu\u00edmicas","isPartOf":{"@id":"https:\/\/www.ecosolucionesquimicas.es\/fr\/#website"},"primaryImageOfPage":{"@id":"https:\/\/www.ecosolucionesquimicas.es\/fr\/producto\/nettoyant-pour-gazon-artificiel\/#primaryimage"},"image":{"@id":"https:\/\/www.ecosolucionesquimicas.es\/fr\/producto\/nettoyant-pour-gazon-artificiel\/#primaryimage"},"thumbnailUrl":"https:\/\/www.ecosolucionesquimicas.es\/wp-content\/uploads\/2024\/02\/ECO-507-5L-scaled.jpg","datePublished":"2024-02-22T14:11:41+00:00","dateModified":"2026-04-08T14:39:47+00:00","breadcrumb":{"@id":"https:\/\/www.ecosolucionesquimicas.es\/fr\/producto\/nettoyant-pour-gazon-artificiel\/#breadcrumb"},"inLanguage":"fr-FR","potentialAction":[{"@type":"ReadAction","target":["https:\/\/www.ecosolucionesquimicas.es\/fr\/producto\/nettoyant-pour-gazon-artificiel\/"]}]},{"@type":"ImageObject","inLanguage":"fr-FR","@id":"https:\/\/www.ecosolucionesquimicas.es\/fr\/producto\/nettoyant-pour-gazon-artificiel\/#primaryimage","url":"https:\/\/www.ecosolucionesquimicas.es\/wp-content\/uploads\/2024\/02\/ECO-507-5L-scaled.jpg","contentUrl":"https:\/\/www.ecosolucionesquimicas.es\/wp-content\/uploads\/2024\/02\/ECO-507-5L-scaled.jpg","width":2350,"height":2560},{"@type":"BreadcrumbList","@id":"https:\/\/www.ecosolucionesquimicas.es\/fr\/producto\/nettoyant-pour-gazon-artificiel\/#breadcrumb","itemListElement":[{"@type":"ListItem","position":1,"name":"Portada","item":"https:\/\/www.ecosolucionesquimicas.es\/fr\/home\/"},{"@type":"ListItem","position":2,"name":"Nettoyant pour gazon artificiel"}]},{"@type":"WebSite","@id":"https:\/\/www.ecosolucionesquimicas.es\/fr\/#website","url":"https:\/\/www.ecosolucionesquimicas.es\/fr\/","name":"Ecosoluciones Qu\u00edmicas","description":"Achetez en ligne des produits d'entretien et des produits chimiques fabriqu\u00e9s par nos soins.","publisher":{"@id":"https:\/\/www.ecosolucionesquimicas.es\/fr\/#organization"},"alternateName":"EQM","potentialAction":[{"@type":"SearchAction","target":{"@type":"EntryPoint","urlTemplate":"https:\/\/www.ecosolucionesquimicas.es\/fr\/?s={search_term_string}"},"query-input":{"@type":"PropertyValueSpecification","valueRequired":true,"valueName":"search_term_string"}}],"inLanguage":"fr-FR"},{"@type":"Organization","@id":"https:\/\/www.ecosolucionesquimicas.es\/fr\/#organization","name":"Ecosoluciones Qu\u00edmicas","url":"https:\/\/www.ecosolucionesquimicas.es\/fr\/","logo":{"@type":"ImageObject","inLanguage":"fr-FR","@id":"https:\/\/www.ecosolucionesquimicas.es\/fr\/#\/schema\/logo\/image\/","url":"https:\/\/www.ecosolucionesquimicas.es\/wp-content\/uploads\/2024\/08\/LOGO-EQM-NUEVO-.png","contentUrl":"https:\/\/www.ecosolucionesquimicas.es\/wp-content\/uploads\/2024\/08\/LOGO-EQM-NUEVO-.png","width":1060,"height":456,"caption":"Ecosoluciones Qu\u00edmicas"},"image":{"@id":"https:\/\/www.ecosolucionesquimicas.es\/fr\/#\/schema\/logo\/image\/"},"sameAs":["https:\/\/www.facebook.com\/ecosolucionesquimicasmadrid\/","https:\/\/www.instagram.com\/ecosolucionesquimicas\/"],"hasMerchantReturnPolicy":{"@type":"MerchantReturnPolicy","merchantReturnLink":"https:\/\/www.ecosolucionesquimicas.es\/refund_returns\/"}}]},"product_brand":"EQM","product_price_amount":"16.93","product_price_currency":"EUR","og_availability":"instock","product_availability":"instock","product_retailer_item_id":"ECO-507","product_condition":"new"},"_links":{"self":[{"href":"https:\/\/www.ecosolucionesquimicas.es\/fr\/wp-json\/wp\/v2\/product\/12579","targetHints":{"allow":["GET"]}}],"collection":[{"href":"https:\/\/www.ecosolucionesquimicas.es\/fr\/wp-json\/wp\/v2\/product"}],"about":[{"href":"https:\/\/www.ecosolucionesquimicas.es\/fr\/wp-json\/wp\/v2\/types\/product"}],"wp:featuredmedia":[{"embeddable":true,"href":"https:\/\/www.ecosolucionesquimicas.es\/fr\/wp-json\/wp\/v2\/media\/12590"}],"wp:attachment":[{"href":"https:\/\/www.ecosolucionesquimicas.es\/fr\/wp-json\/wp\/v2\/media?parent=12579"}],"wp:term":[{"taxonomy":"product_brand","embeddable":true,"href":"https:\/\/www.ecosolucionesquimicas.es\/fr\/wp-json\/wp\/v2\/product_brand?post=12579"},{"taxonomy":"product_cat","embeddable":true,"href":"https:\/\/www.ecosolucionesquimicas.es\/fr\/wp-json\/wp\/v2\/product_cat?post=12579"},{"taxonomy":"product_tag","embeddable":true,"href":"https:\/\/www.ecosolucionesquimicas.es\/fr\/wp-json\/wp\/v2\/product_tag?post=12579"}],"curies":[{"name":"wp","href":"https:\/\/api.w.org\/{rel}","templated":true}]}}