{"id":12553,"date":"2024-02-22T15:11:41","date_gmt":"2024-02-22T14:11:41","guid":{"rendered":"https:\/\/www.ecosolucionesquimicas.es\/producto\/vinaigre-de-nettoyage\/"},"modified":"2024-02-22T15:11:41","modified_gmt":"2024-02-22T14:11:41","slug":"vinaigre-de-nettoyage","status":"publish","type":"product","link":"https:\/\/www.ecosolucionesquimicas.es\/fr\/producto\/vinaigre-de-nettoyage\/","title":{"rendered":"Vinaigre de nettoyage"},"content":{"rendered":"<p><img fetchpriority=\"high\" decoding=\"async\" class=\"alignnone wp-image-3407\" src=\"https:\/\/www.ecosolucionesquimicas.es\/wp-content\/uploads\/2024\/02\/cocinaas-18.52.03-300x170.jpg\" alt=\"\" width=\"550\" height=\"312\" srcset=\"https:\/\/www.ecosolucionesquimicas.es\/wp-content\/uploads\/2024\/02\/cocinaas-18.52.03-300x170.jpg 300w, https:\/\/www.ecosolucionesquimicas.es\/wp-content\/uploads\/2024\/02\/cocinaas-18.52.03-1024x581.jpg 1024w, https:\/\/www.ecosolucionesquimicas.es\/wp-content\/uploads\/2024\/02\/cocinaas-18.52.03-768x436.jpg 768w, https:\/\/www.ecosolucionesquimicas.es\/wp-content\/uploads\/2024\/02\/cocinaas-18.52.03-1536x872.jpg 1536w, https:\/\/www.ecosolucionesquimicas.es\/wp-content\/uploads\/2024\/02\/cocinaas-18.52.03-2048x1162.jpg 2048w, https:\/\/www.ecosolucionesquimicas.es\/wp-content\/uploads\/2024\/02\/cocinaas-18.52.03-600x341.jpg 600w\" sizes=\"(max-width: 550px) 100vw, 550px\" \/><\/p>\n<p><strong>CANDIDATURES<\/strong><\/p>\n<p><strong>Nettoyage g\u00e9n\u00e9ral<\/strong>: M\u00e9lange \u00e0 parts \u00e9gales du vinaigre et de l&rsquo;eau et vaporise sur les surfaces telles que les comptoirs et les appareils \u00e9lectrom\u00e9nagers. Essuyer avec un chiffon doux ; aucun rin\u00e7age n&rsquo;est n\u00e9cessaire.<x id=\"gid_1\"><\/x>\u2714 <g id=\"gid_2\">D\u00e9tartrage<\/g>: Appliquer le vinaigre directement sur les zones entartr\u00e9es, comme les robinets et les douches. Laisse agir pendant 15 \u00e0 30 minutes, frotte avec une brosse douce et rince \u00e0 l&rsquo;eau.<x id=\"gid_3\"><\/x>\u2714 <g id=\"gid_4\">D\u00e9graissage<\/g>: Utilise du vinaigre non dilu\u00e9 sur les surfaces graisseuses de la cuisine. Laisse agir quelques minutes, frotte et rince \u00e0 l&rsquo;eau.<x id=\"gid_5\"><\/x>\u2714 <g id=\"gid_6\">\u00c9limination des odeurs<\/g>: Place un bol de vinaigre dans la pi\u00e8ce pour la d\u00e9sodoriser. Pour les v\u00eatements, ajoute une demi-tasse au cycle de rin\u00e7age de la machine \u00e0 laver.<x id=\"gid_7\"><\/x>\u2714 <g id=\"gid_8\">D\u00e9boucher les canalisations<\/g>: verse du bicarbonate de soude suivi de vinaigre dans la canalisation. Laisse agir pendant 15 minutes et rince \u00e0 l&rsquo;eau chaude.<br \/>\n\u2714 <strong>Polir les surfaces<\/strong>: Applique du vinaigre avec un chiffon doux sur le carrelage, le verre ou l&rsquo;argent et frotte pour faire briller.     <\/p>\n<p><strong>Recommandations<\/strong>:<\/p>\n<p>\u00c9vite d&rsquo;utiliser le vinaigre de nettoyage sur les surfaces en marbre, en granit ou en pierre naturelle, car sa forte acidit\u00e9 peut les endommager.<\/p>\n","protected":false},"excerpt":{"rendered":"<p><strong>ECO-216 EST UN PUISSANT NETTOYANT 100 % NATUREL<\/strong>. Son large \u00e9ventail d&rsquo;utilisations domestiques comprend le nettoyage, la d\u00e9sinfection, le d\u00e9graissage et le d\u00e9tartrage, gr\u00e2ce \u00e0 ses propri\u00e9t\u00e9s naturelles. <\/p>\n<p><strong>HAUTEMENT CONCENTR\u00c9 AVEC 10 % D&rsquo;ACIDE<\/strong> Cette concentration \u00e9lev\u00e9e d\u00e9passe celle des vinaigres conventionnels, ce qui permet un nettoyage plus efficace dans une vari\u00e9t\u00e9 d&rsquo;applications. <\/p>\n<p><strong>ECO-216 LUTTE CONTRE LES MAUVAISES ODEURS ET LE D\u00c9GRAISSAGE<\/strong>. Il est efficace pour \u00e9liminer les odeurs dans les chambres et la buanderie, d\u00e9boucher les canalisations, polir les surfaces telles que les carreaux et le verre, et d\u00e9tartrer les robinets et les douches. Id\u00e9al pour nettoyer en profondeur les salles de bains et les cuisines.  <\/p>\n<p>En tant que produit organique et biod\u00e9gradable, ECO-216 est respectueux de l&rsquo;environnement <strong>et<\/strong> constitue un choix durable pour la maison. <\/p>\n<p><strong>\u2705<\/strong><strong> FORMAT DE 1 ET 5 LITRES.<\/strong><\/p>\n<p><strong>R\u00e9f\u00e9rence : ECO-216<\/strong><\/p>\n","protected":false},"featured_media":12561,"template":"","meta":[],"product_brand":[225],"product_cat":[413],"product_tag":[488,414,553,552],"class_list":{"0":"post-12553","1":"product","2":"type-product","3":"status-publish","4":"has-post-thumbnail","6":"product_brand-eqm","7":"product_cat-limpieza-profesional","8":"product_tag-desincrustante","9":"product_tag-limpiador","10":"product_tag-maison","11":"product_tag-vinaigre-de-nettoyage","13":"first","14":"instock","15":"sale","16":"taxable","17":"shipping-taxable","18":"purchasable","19":"product-type-variable"},"acf":[],"yoast_head":"<!-- This site is optimized with the Yoast SEO Premium plugin v27.1 (Yoast SEO v27.4) - https:\/\/yoast.com\/product\/yoast-seo-premium-wordpress\/ -->\n<title>Vinaigre de nettoyage - Ecosoluciones Qu\u00edmicas<\/title>\n<meta name=\"robots\" content=\"index, follow, max-snippet:-1, max-image-preview:large, max-video-preview:-1\" \/>\n<link rel=\"canonical\" href=\"https:\/\/www.ecosolucionesquimicas.es\/fr\/producto\/vinaigre-de-nettoyage\/\" \/>\n<meta property=\"og:locale\" content=\"fr_FR\" \/>\n<meta property=\"og:type\" content=\"article\" \/>\n<meta property=\"og:title\" content=\"Vinaigre de nettoyage\" \/>\n<meta property=\"og:description\" content=\"ECO-216 EST UN PUISSANT NETTOYANT 100 % NATUREL. Son large \u00e9ventail d&#039;utilisations domestiques comprend le nettoyage, la d\u00e9sinfection, le d\u00e9graissage et le d\u00e9tartrage, gr\u00e2ce \u00e0 ses propri\u00e9t\u00e9s naturelles.  HAUTEMENT CONCENTR\u00c9 AVEC 10 % D&#039;ACIDE Cette concentration \u00e9lev\u00e9e d\u00e9passe celle des vinaigres conventionnels, ce qui permet un nettoyage plus efficace dans une vari\u00e9t\u00e9 d&#039;applications.  ECO-216 LUTTE CONTRE LES MAUVAISES ODEURS ET LE D\u00c9GRAISSAGE. Il est efficace pour \u00e9liminer les odeurs dans les chambres et la buanderie, d\u00e9boucher les canalisations, polir les surfaces telles que les carreaux et le verre, et d\u00e9tartrer les robinets et les douches. Id\u00e9al pour nettoyer en profondeur les salles de bains et les cuisines.  En tant que produit organique et biod\u00e9gradable, ECO-216 est respectueux de l&#039;environnement et constitue un choix durable pour la maison.  \u2705 FORMAT DE 1 ET 5 LITRES. R\u00e9f\u00e9rence : ECO-216\" \/>\n<meta property=\"og:url\" content=\"https:\/\/www.ecosolucionesquimicas.es\/fr\/producto\/vinaigre-de-nettoyage\/\" \/>\n<meta property=\"og:site_name\" content=\"Ecosoluciones Qu\u00edmicas\" \/>\n<meta property=\"article:publisher\" content=\"https:\/\/www.facebook.com\/ecosolucionesquimicasmadrid\/\" \/>\n<meta property=\"og:image\" content=\"https:\/\/www.ecosolucionesquimicas.es\/wp-content\/uploads\/2024\/02\/cocinaas-18.52.03-300x170.jpg\" \/>\n<meta name=\"twitter:card\" content=\"summary_large_image\" \/>\n<meta name=\"twitter:label1\" content=\"Disponibilit\u00e9\" \/>\n\t<meta name=\"twitter:data1\" content=\"En stock\" \/>\n<script type=\"application\/ld+json\" class=\"yoast-schema-graph\">{\"@context\":\"https:\\\/\\\/schema.org\",\"@graph\":[{\"@type\":\"WebPage\",\"@id\":\"https:\\\/\\\/www.ecosolucionesquimicas.es\\\/fr\\\/producto\\\/vinaigre-de-nettoyage\\\/\",\"url\":\"https:\\\/\\\/www.ecosolucionesquimicas.es\\\/fr\\\/producto\\\/vinaigre-de-nettoyage\\\/\",\"name\":\"Vinaigre de nettoyage - Ecosoluciones Qu\u00edmicas\",\"isPartOf\":{\"@id\":\"https:\\\/\\\/www.ecosolucionesquimicas.es\\\/fr\\\/#website\"},\"primaryImageOfPage\":{\"@id\":\"https:\\\/\\\/www.ecosolucionesquimicas.es\\\/fr\\\/producto\\\/vinaigre-de-nettoyage\\\/#primaryimage\"},\"image\":{\"@id\":\"https:\\\/\\\/www.ecosolucionesquimicas.es\\\/fr\\\/producto\\\/vinaigre-de-nettoyage\\\/#primaryimage\"},\"thumbnailUrl\":\"https:\\\/\\\/www.ecosolucionesquimicas.es\\\/wp-content\\\/uploads\\\/2024\\\/02\\\/ECO-216-5L-scaled.jpg\",\"datePublished\":\"2024-02-22T14:11:41+00:00\",\"breadcrumb\":{\"@id\":\"https:\\\/\\\/www.ecosolucionesquimicas.es\\\/fr\\\/producto\\\/vinaigre-de-nettoyage\\\/#breadcrumb\"},\"inLanguage\":\"fr-FR\",\"potentialAction\":[{\"@type\":\"ReadAction\",\"target\":[\"https:\\\/\\\/www.ecosolucionesquimicas.es\\\/fr\\\/producto\\\/vinaigre-de-nettoyage\\\/\"]}]},{\"@type\":\"ImageObject\",\"inLanguage\":\"fr-FR\",\"@id\":\"https:\\\/\\\/www.ecosolucionesquimicas.es\\\/fr\\\/producto\\\/vinaigre-de-nettoyage\\\/#primaryimage\",\"url\":\"https:\\\/\\\/www.ecosolucionesquimicas.es\\\/wp-content\\\/uploads\\\/2024\\\/02\\\/ECO-216-5L-scaled.jpg\",\"contentUrl\":\"https:\\\/\\\/www.ecosolucionesquimicas.es\\\/wp-content\\\/uploads\\\/2024\\\/02\\\/ECO-216-5L-scaled.jpg\",\"width\":2350,\"height\":2560},{\"@type\":\"BreadcrumbList\",\"@id\":\"https:\\\/\\\/www.ecosolucionesquimicas.es\\\/fr\\\/producto\\\/vinaigre-de-nettoyage\\\/#breadcrumb\",\"itemListElement\":[{\"@type\":\"ListItem\",\"position\":1,\"name\":\"Portada\",\"item\":\"https:\\\/\\\/www.ecosolucionesquimicas.es\\\/fr\\\/home\\\/\"},{\"@type\":\"ListItem\",\"position\":2,\"name\":\"Vinaigre de nettoyage\"}]},{\"@type\":\"WebSite\",\"@id\":\"https:\\\/\\\/www.ecosolucionesquimicas.es\\\/fr\\\/#website\",\"url\":\"https:\\\/\\\/www.ecosolucionesquimicas.es\\\/fr\\\/\",\"name\":\"Ecosoluciones Qu\u00edmicas\",\"description\":\"Achetez en ligne des produits d'entretien et des produits chimiques fabriqu\u00e9s par nos soins.\",\"publisher\":{\"@id\":\"https:\\\/\\\/www.ecosolucionesquimicas.es\\\/fr\\\/#organization\"},\"alternateName\":\"EQM\",\"potentialAction\":[{\"@type\":\"SearchAction\",\"target\":{\"@type\":\"EntryPoint\",\"urlTemplate\":\"https:\\\/\\\/www.ecosolucionesquimicas.es\\\/fr\\\/?s={search_term_string}\"},\"query-input\":{\"@type\":\"PropertyValueSpecification\",\"valueRequired\":true,\"valueName\":\"search_term_string\"}}],\"inLanguage\":\"fr-FR\"},{\"@type\":\"Organization\",\"@id\":\"https:\\\/\\\/www.ecosolucionesquimicas.es\\\/fr\\\/#organization\",\"name\":\"Ecosoluciones Qu\u00edmicas\",\"url\":\"https:\\\/\\\/www.ecosolucionesquimicas.es\\\/fr\\\/\",\"logo\":{\"@type\":\"ImageObject\",\"inLanguage\":\"fr-FR\",\"@id\":\"https:\\\/\\\/www.ecosolucionesquimicas.es\\\/fr\\\/#\\\/schema\\\/logo\\\/image\\\/\",\"url\":\"https:\\\/\\\/www.ecosolucionesquimicas.es\\\/wp-content\\\/uploads\\\/2024\\\/08\\\/LOGO-EQM-NUEVO-.png\",\"contentUrl\":\"https:\\\/\\\/www.ecosolucionesquimicas.es\\\/wp-content\\\/uploads\\\/2024\\\/08\\\/LOGO-EQM-NUEVO-.png\",\"width\":1060,\"height\":456,\"caption\":\"Ecosoluciones Qu\u00edmicas\"},\"image\":{\"@id\":\"https:\\\/\\\/www.ecosolucionesquimicas.es\\\/fr\\\/#\\\/schema\\\/logo\\\/image\\\/\"},\"sameAs\":[\"https:\\\/\\\/www.facebook.com\\\/ecosolucionesquimicasmadrid\\\/\",\"https:\\\/\\\/www.instagram.com\\\/ecosolucionesquimicas\\\/\"],\"hasMerchantReturnPolicy\":{\"@type\":\"MerchantReturnPolicy\",\"merchantReturnLink\":\"https:\\\/\\\/www.ecosolucionesquimicas.es\\\/refund_returns\\\/\"}}]}<\/script>\n<meta property=\"product:brand\" content=\"EQM\" \/>\n<meta property=\"og:availability\" content=\"instock\" \/>\n<meta property=\"product:availability\" content=\"instock\" \/>\n<meta property=\"product:retailer_item_id\" content=\"ECO-216\" \/>\n<meta property=\"product:condition\" content=\"new\" \/>\n<!-- \/ Yoast SEO Premium plugin. -->","yoast_head_json":{"title":"Vinaigre de nettoyage - Ecosoluciones Qu\u00edmicas","robots":{"index":"index","follow":"follow","max-snippet":"max-snippet:-1","max-image-preview":"max-image-preview:large","max-video-preview":"max-video-preview:-1"},"canonical":"https:\/\/www.ecosolucionesquimicas.es\/fr\/producto\/vinaigre-de-nettoyage\/","og_locale":"fr_FR","og_type":"article","og_title":"Vinaigre de nettoyage","og_description":"ECO-216 EST UN PUISSANT NETTOYANT 100 % NATUREL. Son large \u00e9ventail d'utilisations domestiques comprend le nettoyage, la d\u00e9sinfection, le d\u00e9graissage et le d\u00e9tartrage, gr\u00e2ce \u00e0 ses propri\u00e9t\u00e9s naturelles.  HAUTEMENT CONCENTR\u00c9 AVEC 10 % D'ACIDE Cette concentration \u00e9lev\u00e9e d\u00e9passe celle des vinaigres conventionnels, ce qui permet un nettoyage plus efficace dans une vari\u00e9t\u00e9 d'applications.  ECO-216 LUTTE CONTRE LES MAUVAISES ODEURS ET LE D\u00c9GRAISSAGE. Il est efficace pour \u00e9liminer les odeurs dans les chambres et la buanderie, d\u00e9boucher les canalisations, polir les surfaces telles que les carreaux et le verre, et d\u00e9tartrer les robinets et les douches. Id\u00e9al pour nettoyer en profondeur les salles de bains et les cuisines.  En tant que produit organique et biod\u00e9gradable, ECO-216 est respectueux de l'environnement et constitue un choix durable pour la maison.  \u2705 FORMAT DE 1 ET 5 LITRES. R\u00e9f\u00e9rence : ECO-216","og_url":"https:\/\/www.ecosolucionesquimicas.es\/fr\/producto\/vinaigre-de-nettoyage\/","og_site_name":"Ecosoluciones Qu\u00edmicas","article_publisher":"https:\/\/www.facebook.com\/ecosolucionesquimicasmadrid\/","og_image":[{"url":"https:\/\/www.ecosolucionesquimicas.es\/wp-content\/uploads\/2024\/02\/cocinaas-18.52.03-300x170.jpg","type":"","width":"","height":""}],"twitter_card":"summary_large_image","twitter_misc":{"Disponibilit\u00e9":"En stock"},"schema":{"@context":"https:\/\/schema.org","@graph":[{"@type":"WebPage","@id":"https:\/\/www.ecosolucionesquimicas.es\/fr\/producto\/vinaigre-de-nettoyage\/","url":"https:\/\/www.ecosolucionesquimicas.es\/fr\/producto\/vinaigre-de-nettoyage\/","name":"Vinaigre de nettoyage - Ecosoluciones Qu\u00edmicas","isPartOf":{"@id":"https:\/\/www.ecosolucionesquimicas.es\/fr\/#website"},"primaryImageOfPage":{"@id":"https:\/\/www.ecosolucionesquimicas.es\/fr\/producto\/vinaigre-de-nettoyage\/#primaryimage"},"image":{"@id":"https:\/\/www.ecosolucionesquimicas.es\/fr\/producto\/vinaigre-de-nettoyage\/#primaryimage"},"thumbnailUrl":"https:\/\/www.ecosolucionesquimicas.es\/wp-content\/uploads\/2024\/02\/ECO-216-5L-scaled.jpg","datePublished":"2024-02-22T14:11:41+00:00","breadcrumb":{"@id":"https:\/\/www.ecosolucionesquimicas.es\/fr\/producto\/vinaigre-de-nettoyage\/#breadcrumb"},"inLanguage":"fr-FR","potentialAction":[{"@type":"ReadAction","target":["https:\/\/www.ecosolucionesquimicas.es\/fr\/producto\/vinaigre-de-nettoyage\/"]}]},{"@type":"ImageObject","inLanguage":"fr-FR","@id":"https:\/\/www.ecosolucionesquimicas.es\/fr\/producto\/vinaigre-de-nettoyage\/#primaryimage","url":"https:\/\/www.ecosolucionesquimicas.es\/wp-content\/uploads\/2024\/02\/ECO-216-5L-scaled.jpg","contentUrl":"https:\/\/www.ecosolucionesquimicas.es\/wp-content\/uploads\/2024\/02\/ECO-216-5L-scaled.jpg","width":2350,"height":2560},{"@type":"BreadcrumbList","@id":"https:\/\/www.ecosolucionesquimicas.es\/fr\/producto\/vinaigre-de-nettoyage\/#breadcrumb","itemListElement":[{"@type":"ListItem","position":1,"name":"Portada","item":"https:\/\/www.ecosolucionesquimicas.es\/fr\/home\/"},{"@type":"ListItem","position":2,"name":"Vinaigre de nettoyage"}]},{"@type":"WebSite","@id":"https:\/\/www.ecosolucionesquimicas.es\/fr\/#website","url":"https:\/\/www.ecosolucionesquimicas.es\/fr\/","name":"Ecosoluciones Qu\u00edmicas","description":"Achetez en ligne des produits d'entretien et des produits chimiques fabriqu\u00e9s par nos soins.","publisher":{"@id":"https:\/\/www.ecosolucionesquimicas.es\/fr\/#organization"},"alternateName":"EQM","potentialAction":[{"@type":"SearchAction","target":{"@type":"EntryPoint","urlTemplate":"https:\/\/www.ecosolucionesquimicas.es\/fr\/?s={search_term_string}"},"query-input":{"@type":"PropertyValueSpecification","valueRequired":true,"valueName":"search_term_string"}}],"inLanguage":"fr-FR"},{"@type":"Organization","@id":"https:\/\/www.ecosolucionesquimicas.es\/fr\/#organization","name":"Ecosoluciones Qu\u00edmicas","url":"https:\/\/www.ecosolucionesquimicas.es\/fr\/","logo":{"@type":"ImageObject","inLanguage":"fr-FR","@id":"https:\/\/www.ecosolucionesquimicas.es\/fr\/#\/schema\/logo\/image\/","url":"https:\/\/www.ecosolucionesquimicas.es\/wp-content\/uploads\/2024\/08\/LOGO-EQM-NUEVO-.png","contentUrl":"https:\/\/www.ecosolucionesquimicas.es\/wp-content\/uploads\/2024\/08\/LOGO-EQM-NUEVO-.png","width":1060,"height":456,"caption":"Ecosoluciones Qu\u00edmicas"},"image":{"@id":"https:\/\/www.ecosolucionesquimicas.es\/fr\/#\/schema\/logo\/image\/"},"sameAs":["https:\/\/www.facebook.com\/ecosolucionesquimicasmadrid\/","https:\/\/www.instagram.com\/ecosolucionesquimicas\/"],"hasMerchantReturnPolicy":{"@type":"MerchantReturnPolicy","merchantReturnLink":"https:\/\/www.ecosolucionesquimicas.es\/refund_returns\/"}}]},"product_brand":"EQM","og_availability":"instock","product_availability":"instock","product_retailer_item_id":"ECO-216","product_condition":"new"},"_links":{"self":[{"href":"https:\/\/www.ecosolucionesquimicas.es\/fr\/wp-json\/wp\/v2\/product\/12553","targetHints":{"allow":["GET"]}}],"collection":[{"href":"https:\/\/www.ecosolucionesquimicas.es\/fr\/wp-json\/wp\/v2\/product"}],"about":[{"href":"https:\/\/www.ecosolucionesquimicas.es\/fr\/wp-json\/wp\/v2\/types\/product"}],"wp:featuredmedia":[{"embeddable":true,"href":"https:\/\/www.ecosolucionesquimicas.es\/fr\/wp-json\/wp\/v2\/media\/12561"}],"wp:attachment":[{"href":"https:\/\/www.ecosolucionesquimicas.es\/fr\/wp-json\/wp\/v2\/media?parent=12553"}],"wp:term":[{"taxonomy":"product_brand","embeddable":true,"href":"https:\/\/www.ecosolucionesquimicas.es\/fr\/wp-json\/wp\/v2\/product_brand?post=12553"},{"taxonomy":"product_cat","embeddable":true,"href":"https:\/\/www.ecosolucionesquimicas.es\/fr\/wp-json\/wp\/v2\/product_cat?post=12553"},{"taxonomy":"product_tag","embeddable":true,"href":"https:\/\/www.ecosolucionesquimicas.es\/fr\/wp-json\/wp\/v2\/product_tag?post=12553"}],"curies":[{"name":"wp","href":"https:\/\/api.w.org\/{rel}","templated":true}]}}