{"id":12544,"date":"2024-02-22T15:11:41","date_gmt":"2024-02-22T14:11:41","guid":{"rendered":"https:\/\/www.ecosolucionesquimicas.es\/producto\/nettoyant-pour-vitre-de-cheminee\/"},"modified":"2026-01-17T15:17:30","modified_gmt":"2026-01-17T14:17:30","slug":"nettoyant-pour-vitre-de-cheminee","status":"publish","type":"product","link":"https:\/\/www.ecosolucionesquimicas.es\/fr\/producto\/nettoyant-pour-vitre-de-cheminee\/","title":{"rendered":"Nettoyant pour vitre de chemin\u00e9e"},"content":{"rendered":"<p><img fetchpriority=\"high\" decoding=\"async\" class=\"alignnone wp-image-3381\" src=\"https:\/\/www.ecosolucionesquimicas.es\/wp-content\/uploads\/2024\/02\/DALL%C2%B7E-2024-08-24-00.39.52-A-person-cleaning-the-glass-of-a-fireplace-using-only-a-cloth-with-no-cleaning-products-visible.-The-scene-focuses-on-the-person-wiping-the-glass-cle-300x171.webp\" alt=\"\" width=\"550\" height=\"314\"><\/p>\n<div class=\"group\/conversation-turn relative flex w-full min-w-0 flex-col agent-turn\">\n<div class=\"flex-col gap-1 md:gap-3\">\n<div class=\"flex max-w-full flex-col flex-grow\">\n<div class=\"min-h-[20px] text-message flex w-full flex-col items-end gap-2 break-words [.text-message+&amp;]:mt-5 overflow-x-auto whitespace-normal\" dir=\"auto\" data-message-author-role=\"assistant\" data-message-id=\"c2a6719c-c6b4-4561-9b86-b0e45a4fd5a9\">\n<div class=\"flex w-full flex-col gap-1 empty:hidden first:pt-[3px]\">\n<div class=\"markdown prose w-full break-words dark:prose-invert light\">\n<p><strong>MODE D&rsquo;EMPLOI<\/strong><\/p>\n<p><strong>Application :<\/strong> Vaporiser le produit directement sur le verre ou la surface \u00e0 nettoyer.<br \/>\n\ud83d\udd18 <strong>Frotter :<\/strong> Utiliser un chiffon ou une \u00e9ponge propre et frotter jusqu&rsquo;\u00e0 ce que les r\u00e9sidus soient compl\u00e8tement \u00e9limin\u00e9s.<br \/>\n\ud83d\udd18 <strong>S\u00e9cher :<\/strong> Laisser s\u00e9cher ou essuyer avec un chiffon sec pour une finition brillante et sans traces.<\/p>\n<p><strong>Recommandations :<\/strong><\/p>\n<p>\u2757 <strong>Dilution :<\/strong> Pour les surfaces peintes et en aluminium, diluer 1 litre de produit dans 15 litres d&rsquo;eau pour \u00e9viter tout dommage. Il est recommand\u00e9 d&rsquo;utiliser de l&rsquo;eau chaude pour am\u00e9liorer l&rsquo;efficacit\u00e9.<br \/>\n\u2757 <strong>Nettoyage :<\/strong> Pour les r\u00e9sidus tenaces, soutenir l&rsquo;action du nettoyant avec un chiffon, une \u00e9ponge, un tampon \u00e0 r\u00e9curer ou une brosse.<br \/>\n\u2757 <strong>Rin\u00e7age : Rincer<\/strong> abondamment pour \u00e9viter la corrosion, car les r\u00e9sidus de produit peuvent endommager les surfaces au fil du temps. <\/p>\n<\/div>\n<\/div>\n<\/div>\n<\/div>\n<\/div>\n<\/div>\n","protected":false},"excerpt":{"rendered":"<p><strong>\u00c9LIMINE LES SALET\u00c9S TENACES.<\/strong> ECO-213 est con\u00e7u pour \u00e9liminer rapidement les taches de suie, de graisse, de fum\u00e9e et de goudron sur les vitres de chemin\u00e9e, les cuisini\u00e8res, les inserts et les fours, assurant ainsi un nettoyage en profondeur des surfaces expos\u00e9es au feu.<\/p>\n<p><strong>DISSOLUTION RAPIDE SANS EFFORT.<\/strong> P\u00e9n\u00e8tre les taches les plus tenaces, les dissout sans qu&rsquo;il soit n\u00e9cessaire de frotter excessivement, ce qui permet au verre d&rsquo;\u00eatre comme neuf avec moins d&rsquo;efforts.<\/p>\n<p><strong>Il<\/strong> \u00e9limine efficacement les r\u00e9sidus qui collent au verre lors de la combustion du bois ou des pellets, redonnant brillance et transparence totale aux surfaces.<\/p>\n<p><strong>POLYVALENCE SUR UNE GRANDE VARI\u00c9T\u00c9 DE SURFACES.<\/strong> En plus de nettoyer le verre, il est id\u00e9al pour enlever la suie des briques et autres surfaces expos\u00e9es au feu, et leur redonner leur aspect original et propre.<\/p>\n<p><strong>\u2705<\/strong><strong> FORMATS DE 500 ML ET DE 5 LITRES.<\/strong><\/p>\n<p><strong>R\u00e9f\u00e9rence : ECO-213<\/strong><\/p>\n","protected":false},"featured_media":12548,"template":"","meta":[],"product_brand":[225],"product_cat":[413,465],"product_tag":[551,549,548,550,414],"class_list":{"0":"post-12544","1":"product","2":"type-product","3":"status-publish","4":"has-post-thumbnail","6":"product_brand-eqm","7":"product_cat-limpieza-profesional","8":"product_cat-ofertas","9":"product_tag-bois-de-chauffage","10":"product_tag-cheminee","11":"product_tag-feu","12":"product_tag-four","13":"product_tag-limpiador","15":"first","16":"instock","17":"taxable","18":"shipping-taxable","19":"purchasable","20":"product-type-variable"},"acf":[],"yoast_head":"<!-- This site is optimized with the Yoast SEO Premium plugin v27.1 (Yoast SEO v27.4) - https:\/\/yoast.com\/product\/yoast-seo-premium-wordpress\/ -->\n<title>Nettoyant pour vitre de chemin\u00e9e - Ecosoluciones Qu\u00edmicas<\/title>\n<meta name=\"robots\" content=\"index, follow, max-snippet:-1, max-image-preview:large, max-video-preview:-1\" \/>\n<link rel=\"canonical\" href=\"https:\/\/www.ecosolucionesquimicas.es\/fr\/producto\/nettoyant-pour-vitre-de-cheminee\/\" \/>\n<meta property=\"og:locale\" content=\"fr_FR\" \/>\n<meta property=\"og:type\" content=\"article\" \/>\n<meta property=\"og:title\" content=\"Nettoyant pour vitre de chemin\u00e9e\" \/>\n<meta property=\"og:description\" content=\"\u00c9LIMINE LES SALET\u00c9S TENACES. ECO-213 est con\u00e7u pour \u00e9liminer rapidement les taches de suie, de graisse, de fum\u00e9e et de goudron sur les vitres de chemin\u00e9e, les cuisini\u00e8res, les inserts et les fours, assurant ainsi un nettoyage en profondeur des surfaces expos\u00e9es au feu. DISSOLUTION RAPIDE SANS EFFORT. P\u00e9n\u00e8tre les taches les plus tenaces, les dissout sans qu&#039;il soit n\u00e9cessaire de frotter excessivement, ce qui permet au verre d&#039;\u00eatre comme neuf avec moins d&#039;efforts. Il \u00e9limine efficacement les r\u00e9sidus qui collent au verre lors de la combustion du bois ou des pellets, redonnant brillance et transparence totale aux surfaces. POLYVALENCE SUR UNE GRANDE VARI\u00c9T\u00c9 DE SURFACES. En plus de nettoyer le verre, il est id\u00e9al pour enlever la suie des briques et autres surfaces expos\u00e9es au feu, et leur redonner leur aspect original et propre. \u2705 FORMATS DE 500 ML ET DE 5 LITRES. R\u00e9f\u00e9rence : ECO-213\" \/>\n<meta property=\"og:url\" content=\"https:\/\/www.ecosolucionesquimicas.es\/fr\/producto\/nettoyant-pour-vitre-de-cheminee\/\" \/>\n<meta property=\"og:site_name\" content=\"Ecosoluciones Qu\u00edmicas\" \/>\n<meta property=\"article:publisher\" content=\"https:\/\/www.facebook.com\/ecosolucionesquimicasmadrid\/\" \/>\n<meta property=\"article:modified_time\" content=\"2026-01-17T14:17:30+00:00\" \/>\n<meta property=\"og:image\" content=\"https:\/\/www.ecosolucionesquimicas.es\/wp-content\/uploads\/2024\/02\/ECO-213-5L-scaled.jpg\" \/>\n\t<meta property=\"og:image:width\" content=\"2350\" \/>\n\t<meta property=\"og:image:height\" content=\"2560\" \/>\n\t<meta property=\"og:image:type\" content=\"image\/jpeg\" \/>\n<meta name=\"twitter:card\" content=\"summary_large_image\" \/>\n<meta name=\"twitter:label1\" content=\"Disponibilit\u00e9\" \/>\n\t<meta name=\"twitter:data1\" content=\"En stock\" \/>\n<script type=\"application\/ld+json\" class=\"yoast-schema-graph\">{\"@context\":\"https:\\\/\\\/schema.org\",\"@graph\":[{\"@type\":\"WebPage\",\"@id\":\"https:\\\/\\\/www.ecosolucionesquimicas.es\\\/fr\\\/producto\\\/nettoyant-pour-vitre-de-cheminee\\\/\",\"url\":\"https:\\\/\\\/www.ecosolucionesquimicas.es\\\/fr\\\/producto\\\/nettoyant-pour-vitre-de-cheminee\\\/\",\"name\":\"Nettoyant pour vitre de chemin\u00e9e - Ecosoluciones Qu\u00edmicas\",\"isPartOf\":{\"@id\":\"https:\\\/\\\/www.ecosolucionesquimicas.es\\\/fr\\\/#website\"},\"primaryImageOfPage\":{\"@id\":\"https:\\\/\\\/www.ecosolucionesquimicas.es\\\/fr\\\/producto\\\/nettoyant-pour-vitre-de-cheminee\\\/#primaryimage\"},\"image\":{\"@id\":\"https:\\\/\\\/www.ecosolucionesquimicas.es\\\/fr\\\/producto\\\/nettoyant-pour-vitre-de-cheminee\\\/#primaryimage\"},\"thumbnailUrl\":\"https:\\\/\\\/www.ecosolucionesquimicas.es\\\/wp-content\\\/uploads\\\/2024\\\/02\\\/ECO-213-5L-scaled.jpg\",\"datePublished\":\"2024-02-22T14:11:41+00:00\",\"dateModified\":\"2026-01-17T14:17:30+00:00\",\"breadcrumb\":{\"@id\":\"https:\\\/\\\/www.ecosolucionesquimicas.es\\\/fr\\\/producto\\\/nettoyant-pour-vitre-de-cheminee\\\/#breadcrumb\"},\"inLanguage\":\"fr-FR\",\"potentialAction\":[{\"@type\":\"ReadAction\",\"target\":[\"https:\\\/\\\/www.ecosolucionesquimicas.es\\\/fr\\\/producto\\\/nettoyant-pour-vitre-de-cheminee\\\/\"]}]},{\"@type\":\"ImageObject\",\"inLanguage\":\"fr-FR\",\"@id\":\"https:\\\/\\\/www.ecosolucionesquimicas.es\\\/fr\\\/producto\\\/nettoyant-pour-vitre-de-cheminee\\\/#primaryimage\",\"url\":\"https:\\\/\\\/www.ecosolucionesquimicas.es\\\/wp-content\\\/uploads\\\/2024\\\/02\\\/ECO-213-5L-scaled.jpg\",\"contentUrl\":\"https:\\\/\\\/www.ecosolucionesquimicas.es\\\/wp-content\\\/uploads\\\/2024\\\/02\\\/ECO-213-5L-scaled.jpg\",\"width\":2350,\"height\":2560},{\"@type\":\"BreadcrumbList\",\"@id\":\"https:\\\/\\\/www.ecosolucionesquimicas.es\\\/fr\\\/producto\\\/nettoyant-pour-vitre-de-cheminee\\\/#breadcrumb\",\"itemListElement\":[{\"@type\":\"ListItem\",\"position\":1,\"name\":\"Portada\",\"item\":\"https:\\\/\\\/www.ecosolucionesquimicas.es\\\/fr\\\/home\\\/\"},{\"@type\":\"ListItem\",\"position\":2,\"name\":\"Nettoyant pour vitre de chemin\u00e9e\"}]},{\"@type\":\"WebSite\",\"@id\":\"https:\\\/\\\/www.ecosolucionesquimicas.es\\\/fr\\\/#website\",\"url\":\"https:\\\/\\\/www.ecosolucionesquimicas.es\\\/fr\\\/\",\"name\":\"Ecosoluciones Qu\u00edmicas\",\"description\":\"Achetez en ligne des produits d'entretien et des produits chimiques fabriqu\u00e9s par nos soins.\",\"publisher\":{\"@id\":\"https:\\\/\\\/www.ecosolucionesquimicas.es\\\/fr\\\/#organization\"},\"alternateName\":\"EQM\",\"potentialAction\":[{\"@type\":\"SearchAction\",\"target\":{\"@type\":\"EntryPoint\",\"urlTemplate\":\"https:\\\/\\\/www.ecosolucionesquimicas.es\\\/fr\\\/?s={search_term_string}\"},\"query-input\":{\"@type\":\"PropertyValueSpecification\",\"valueRequired\":true,\"valueName\":\"search_term_string\"}}],\"inLanguage\":\"fr-FR\"},{\"@type\":\"Organization\",\"@id\":\"https:\\\/\\\/www.ecosolucionesquimicas.es\\\/fr\\\/#organization\",\"name\":\"Ecosoluciones Qu\u00edmicas\",\"url\":\"https:\\\/\\\/www.ecosolucionesquimicas.es\\\/fr\\\/\",\"logo\":{\"@type\":\"ImageObject\",\"inLanguage\":\"fr-FR\",\"@id\":\"https:\\\/\\\/www.ecosolucionesquimicas.es\\\/fr\\\/#\\\/schema\\\/logo\\\/image\\\/\",\"url\":\"https:\\\/\\\/www.ecosolucionesquimicas.es\\\/wp-content\\\/uploads\\\/2024\\\/08\\\/LOGO-EQM-NUEVO-.png\",\"contentUrl\":\"https:\\\/\\\/www.ecosolucionesquimicas.es\\\/wp-content\\\/uploads\\\/2024\\\/08\\\/LOGO-EQM-NUEVO-.png\",\"width\":1060,\"height\":456,\"caption\":\"Ecosoluciones Qu\u00edmicas\"},\"image\":{\"@id\":\"https:\\\/\\\/www.ecosolucionesquimicas.es\\\/fr\\\/#\\\/schema\\\/logo\\\/image\\\/\"},\"sameAs\":[\"https:\\\/\\\/www.facebook.com\\\/ecosolucionesquimicasmadrid\\\/\",\"https:\\\/\\\/www.instagram.com\\\/ecosolucionesquimicas\\\/\"],\"hasMerchantReturnPolicy\":{\"@type\":\"MerchantReturnPolicy\",\"merchantReturnLink\":\"https:\\\/\\\/www.ecosolucionesquimicas.es\\\/refund_returns\\\/\"}}]}<\/script>\n<meta property=\"product:brand\" content=\"EQM\" \/>\n<meta property=\"og:availability\" content=\"instock\" \/>\n<meta property=\"product:availability\" content=\"instock\" \/>\n<meta property=\"product:retailer_item_id\" content=\"ECO-213\" \/>\n<meta property=\"product:condition\" content=\"new\" \/>\n<!-- \/ Yoast SEO Premium plugin. -->","yoast_head_json":{"title":"Nettoyant pour vitre de chemin\u00e9e - Ecosoluciones Qu\u00edmicas","robots":{"index":"index","follow":"follow","max-snippet":"max-snippet:-1","max-image-preview":"max-image-preview:large","max-video-preview":"max-video-preview:-1"},"canonical":"https:\/\/www.ecosolucionesquimicas.es\/fr\/producto\/nettoyant-pour-vitre-de-cheminee\/","og_locale":"fr_FR","og_type":"article","og_title":"Nettoyant pour vitre de chemin\u00e9e","og_description":"\u00c9LIMINE LES SALET\u00c9S TENACES. ECO-213 est con\u00e7u pour \u00e9liminer rapidement les taches de suie, de graisse, de fum\u00e9e et de goudron sur les vitres de chemin\u00e9e, les cuisini\u00e8res, les inserts et les fours, assurant ainsi un nettoyage en profondeur des surfaces expos\u00e9es au feu. DISSOLUTION RAPIDE SANS EFFORT. P\u00e9n\u00e8tre les taches les plus tenaces, les dissout sans qu'il soit n\u00e9cessaire de frotter excessivement, ce qui permet au verre d'\u00eatre comme neuf avec moins d'efforts. Il \u00e9limine efficacement les r\u00e9sidus qui collent au verre lors de la combustion du bois ou des pellets, redonnant brillance et transparence totale aux surfaces. POLYVALENCE SUR UNE GRANDE VARI\u00c9T\u00c9 DE SURFACES. En plus de nettoyer le verre, il est id\u00e9al pour enlever la suie des briques et autres surfaces expos\u00e9es au feu, et leur redonner leur aspect original et propre. \u2705 FORMATS DE 500 ML ET DE 5 LITRES. R\u00e9f\u00e9rence : ECO-213","og_url":"https:\/\/www.ecosolucionesquimicas.es\/fr\/producto\/nettoyant-pour-vitre-de-cheminee\/","og_site_name":"Ecosoluciones Qu\u00edmicas","article_publisher":"https:\/\/www.facebook.com\/ecosolucionesquimicasmadrid\/","article_modified_time":"2026-01-17T14:17:30+00:00","og_image":[{"width":2350,"height":2560,"url":"https:\/\/www.ecosolucionesquimicas.es\/wp-content\/uploads\/2024\/02\/ECO-213-5L-scaled.jpg","type":"image\/jpeg"}],"twitter_card":"summary_large_image","twitter_misc":{"Disponibilit\u00e9":"En stock"},"schema":{"@context":"https:\/\/schema.org","@graph":[{"@type":"WebPage","@id":"https:\/\/www.ecosolucionesquimicas.es\/fr\/producto\/nettoyant-pour-vitre-de-cheminee\/","url":"https:\/\/www.ecosolucionesquimicas.es\/fr\/producto\/nettoyant-pour-vitre-de-cheminee\/","name":"Nettoyant pour vitre de chemin\u00e9e - Ecosoluciones Qu\u00edmicas","isPartOf":{"@id":"https:\/\/www.ecosolucionesquimicas.es\/fr\/#website"},"primaryImageOfPage":{"@id":"https:\/\/www.ecosolucionesquimicas.es\/fr\/producto\/nettoyant-pour-vitre-de-cheminee\/#primaryimage"},"image":{"@id":"https:\/\/www.ecosolucionesquimicas.es\/fr\/producto\/nettoyant-pour-vitre-de-cheminee\/#primaryimage"},"thumbnailUrl":"https:\/\/www.ecosolucionesquimicas.es\/wp-content\/uploads\/2024\/02\/ECO-213-5L-scaled.jpg","datePublished":"2024-02-22T14:11:41+00:00","dateModified":"2026-01-17T14:17:30+00:00","breadcrumb":{"@id":"https:\/\/www.ecosolucionesquimicas.es\/fr\/producto\/nettoyant-pour-vitre-de-cheminee\/#breadcrumb"},"inLanguage":"fr-FR","potentialAction":[{"@type":"ReadAction","target":["https:\/\/www.ecosolucionesquimicas.es\/fr\/producto\/nettoyant-pour-vitre-de-cheminee\/"]}]},{"@type":"ImageObject","inLanguage":"fr-FR","@id":"https:\/\/www.ecosolucionesquimicas.es\/fr\/producto\/nettoyant-pour-vitre-de-cheminee\/#primaryimage","url":"https:\/\/www.ecosolucionesquimicas.es\/wp-content\/uploads\/2024\/02\/ECO-213-5L-scaled.jpg","contentUrl":"https:\/\/www.ecosolucionesquimicas.es\/wp-content\/uploads\/2024\/02\/ECO-213-5L-scaled.jpg","width":2350,"height":2560},{"@type":"BreadcrumbList","@id":"https:\/\/www.ecosolucionesquimicas.es\/fr\/producto\/nettoyant-pour-vitre-de-cheminee\/#breadcrumb","itemListElement":[{"@type":"ListItem","position":1,"name":"Portada","item":"https:\/\/www.ecosolucionesquimicas.es\/fr\/home\/"},{"@type":"ListItem","position":2,"name":"Nettoyant pour vitre de chemin\u00e9e"}]},{"@type":"WebSite","@id":"https:\/\/www.ecosolucionesquimicas.es\/fr\/#website","url":"https:\/\/www.ecosolucionesquimicas.es\/fr\/","name":"Ecosoluciones Qu\u00edmicas","description":"Achetez en ligne des produits d'entretien et des produits chimiques fabriqu\u00e9s par nos soins.","publisher":{"@id":"https:\/\/www.ecosolucionesquimicas.es\/fr\/#organization"},"alternateName":"EQM","potentialAction":[{"@type":"SearchAction","target":{"@type":"EntryPoint","urlTemplate":"https:\/\/www.ecosolucionesquimicas.es\/fr\/?s={search_term_string}"},"query-input":{"@type":"PropertyValueSpecification","valueRequired":true,"valueName":"search_term_string"}}],"inLanguage":"fr-FR"},{"@type":"Organization","@id":"https:\/\/www.ecosolucionesquimicas.es\/fr\/#organization","name":"Ecosoluciones Qu\u00edmicas","url":"https:\/\/www.ecosolucionesquimicas.es\/fr\/","logo":{"@type":"ImageObject","inLanguage":"fr-FR","@id":"https:\/\/www.ecosolucionesquimicas.es\/fr\/#\/schema\/logo\/image\/","url":"https:\/\/www.ecosolucionesquimicas.es\/wp-content\/uploads\/2024\/08\/LOGO-EQM-NUEVO-.png","contentUrl":"https:\/\/www.ecosolucionesquimicas.es\/wp-content\/uploads\/2024\/08\/LOGO-EQM-NUEVO-.png","width":1060,"height":456,"caption":"Ecosoluciones Qu\u00edmicas"},"image":{"@id":"https:\/\/www.ecosolucionesquimicas.es\/fr\/#\/schema\/logo\/image\/"},"sameAs":["https:\/\/www.facebook.com\/ecosolucionesquimicasmadrid\/","https:\/\/www.instagram.com\/ecosolucionesquimicas\/"],"hasMerchantReturnPolicy":{"@type":"MerchantReturnPolicy","merchantReturnLink":"https:\/\/www.ecosolucionesquimicas.es\/refund_returns\/"}}]},"product_brand":"EQM","og_availability":"instock","product_availability":"instock","product_retailer_item_id":"ECO-213","product_condition":"new"},"_links":{"self":[{"href":"https:\/\/www.ecosolucionesquimicas.es\/fr\/wp-json\/wp\/v2\/product\/12544","targetHints":{"allow":["GET"]}}],"collection":[{"href":"https:\/\/www.ecosolucionesquimicas.es\/fr\/wp-json\/wp\/v2\/product"}],"about":[{"href":"https:\/\/www.ecosolucionesquimicas.es\/fr\/wp-json\/wp\/v2\/types\/product"}],"wp:featuredmedia":[{"embeddable":true,"href":"https:\/\/www.ecosolucionesquimicas.es\/fr\/wp-json\/wp\/v2\/media\/12548"}],"wp:attachment":[{"href":"https:\/\/www.ecosolucionesquimicas.es\/fr\/wp-json\/wp\/v2\/media?parent=12544"}],"wp:term":[{"taxonomy":"product_brand","embeddable":true,"href":"https:\/\/www.ecosolucionesquimicas.es\/fr\/wp-json\/wp\/v2\/product_brand?post=12544"},{"taxonomy":"product_cat","embeddable":true,"href":"https:\/\/www.ecosolucionesquimicas.es\/fr\/wp-json\/wp\/v2\/product_cat?post=12544"},{"taxonomy":"product_tag","embeddable":true,"href":"https:\/\/www.ecosolucionesquimicas.es\/fr\/wp-json\/wp\/v2\/product_tag?post=12544"}],"curies":[{"name":"wp","href":"https:\/\/api.w.org\/{rel}","templated":true}]}}