{"id":12526,"date":"2024-02-22T15:11:41","date_gmt":"2024-02-22T14:11:41","guid":{"rendered":"https:\/\/www.ecosolucionesquimicas.es\/producto\/nettoyant-multi-usages-a-lammoniaque-parfume\/"},"modified":"2026-01-06T16:42:45","modified_gmt":"2026-01-06T15:42:45","slug":"nettoyant-multi-usages-a-lammoniaque-parfume","status":"publish","type":"product","link":"https:\/\/www.ecosolucionesquimicas.es\/fr\/producto\/nettoyant-multi-usages-a-lammoniaque-parfume\/","title":{"rendered":"Nettoyant multi-usages \u00e0 l&rsquo;ammoniaque parfum\u00e9"},"content":{"rendered":"<p><img fetchpriority=\"high\" decoding=\"async\" class=\"alignnone wp-image-3384\" src=\"https:\/\/www.ecosolucionesquimicas.es\/wp-content\/uploads\/2024\/02\/white-sink-with-faucet-water-running-down-side-300x168.jpg\" alt=\"\" width=\"550\" height=\"308\" srcset=\"https:\/\/www.ecosolucionesquimicas.es\/wp-content\/uploads\/2024\/02\/white-sink-with-faucet-water-running-down-side-300x168.jpg 300w, https:\/\/www.ecosolucionesquimicas.es\/wp-content\/uploads\/2024\/02\/white-sink-with-faucet-water-running-down-side-1024x574.jpg 1024w, https:\/\/www.ecosolucionesquimicas.es\/wp-content\/uploads\/2024\/02\/white-sink-with-faucet-water-running-down-side-768x430.jpg 768w, https:\/\/www.ecosolucionesquimicas.es\/wp-content\/uploads\/2024\/02\/white-sink-with-faucet-water-running-down-side-1536x861.jpg 1536w, https:\/\/www.ecosolucionesquimicas.es\/wp-content\/uploads\/2024\/02\/white-sink-with-faucet-water-running-down-side-2048x1148.jpg 2048w, https:\/\/www.ecosolucionesquimicas.es\/wp-content\/uploads\/2024\/02\/white-sink-with-faucet-water-running-down-side-600x336.jpg 600w\" sizes=\"(max-width: 550px) 100vw, 550px\" \/><\/p>\n<p><strong>MODE D&rsquo;EMPLOI<\/strong><\/p>\n<div class=\"group\/conversation-turn relative flex w-full min-w-0 flex-col agent-turn\">\n<div class=\"flex-col gap-1 md:gap-3\">\n<div class=\"flex max-w-full flex-col flex-grow\">\n<div class=\"min-h-[20px] text-message flex w-full flex-col items-end gap-2 whitespace-normal break-words [.text-message+&amp;]:mt-5\" dir=\"auto\" data-message-author-role=\"assistant\" data-message-id=\"762a746f-f808-4305-856c-1341a6ee50c9\">\n<div class=\"flex w-full flex-col gap-1 empty:hidden first:pt-[3px]\">\n<div class=\"markdown prose w-full break-words dark:prose-invert light\">\n<p><strong>Application :<\/strong> Vaporiser le nettoyant anticalcaire directement sur la surface affect\u00e9e par le calcaire.<br \/>\n\ud83d\udd18 <strong>Temps d&rsquo;action :<\/strong> Laisser agir quelques minutes pour dissoudre le calcaire et les taches.<br \/>\n\ud83d\udd18 <strong>Nettoyage :<\/strong> Frotter avec une \u00e9ponge ou un chiffon humide, en utilisant une \u00e9ponge douce pour les surfaces d\u00e9licates.<br \/>\n\ud83d\udd18 <strong>Rin\u00e7age :<\/strong> Rincer abondamment \u00e0 l&rsquo;eau claire pour \u00e9liminer les r\u00e9sidus et \u00e9viter les dommages.<\/p>\n<\/div>\n<\/div>\n<\/div>\n<\/div>\n<\/div>\n<\/div>\n<p><b>Recommandations :<\/b><\/p>\n<div class=\"flex max-w-full flex-col flex-grow\">\n<div class=\"min-h-[20px] text-message flex w-full flex-col items-end gap-2 whitespace-normal break-words [.text-message+&amp;]:mt-5\" dir=\"auto\" data-message-author-role=\"assistant\" data-message-id=\"b813a9de-fbc9-4792-a800-5a7d911cca71\">\n<div class=\"flex w-full flex-col gap-1 empty:hidden first:pt-[3px]\">\n<div class=\"markdown prose w-full break-words dark:prose-invert light\">\n<p>\u2757 <strong>Utilisation recommand\u00e9e pour les surfaces dures :<\/strong> Id\u00e9al pour le nettoyage quotidien des sols, des carrelages, de la porcelaine, des salles de bains, des cuisines et des meubles, en les pr\u00e9servant du calcaire et en leur donnant une brillance impeccable.<\/p>\n<\/div>\n<\/div>\n<\/div>\n<\/div>\n","protected":false},"excerpt":{"rendered":"<p><strong>ECO-215 EST ID\u00c9AL POUR LE NETTOYAGE EN PROFONDEUR DE TOUS LES TYPES DE SURFACES.<\/strong><\/p>\n<p><strong>ENLEVER LA SALET\u00c9 ET LES TRACES DE DOIGTS SUR LES MIROIRS ET LE VERRE EST FACILE AVEC L&rsquo;AMMONIAQUE.<\/strong> En plus de laisser les surfaces impeccables, il donne aux portes et aux fen\u00eatres un \u00e9clat incomparable.<\/p>\n<p><strong>PARFAIT POUR NETTOYER LES SALLES DE BAINS EN PROFONDEUR<\/strong>. L&rsquo;ammoniaque est tr\u00e8s efficace pour \u00e9liminer les taches de calcaire et de rouille sur les robinets et les joints de carrelage, ce qui permet de r\u00e9soudre deux des probl\u00e8mes de salissure les plus courants dans les salles de bains.<\/p>\n<p><strong>PUISSANT D\u00c9GRAISSANT, ID\u00c9AL POUR LA CUISINE.<\/strong> L&rsquo;ammoniaque \u00e9limine facilement les taches de graisse sur les carreaux, les appareils \u00e9lectrom\u00e9nagers, les hottes aspirantes et m\u00eame les fours, ce qui en fait un outil tr\u00e8s utile pour les t\u00e2ches de nettoyage quotidiennes.<\/p>\n<p><strong>\u2705<\/strong><strong> FORMAT DE 1 ET 5 LITRES.<\/strong><\/p>\n<p><strong>R\u00e9f\u00e9rence : ECO-215<\/strong><\/p>\n","protected":false},"featured_media":12536,"template":"","meta":[],"product_brand":[225],"product_cat":[413],"product_tag":[547,414,513],"class_list":{"0":"post-12526","1":"product","2":"type-product","3":"status-publish","4":"has-post-thumbnail","6":"product_brand-eqm","7":"product_cat-limpieza-profesional","8":"product_tag-ammoniaque","9":"product_tag-limpiador","10":"product_tag-superficies","12":"first","13":"instock","14":"taxable","15":"shipping-taxable","16":"purchasable","17":"product-type-variable"},"acf":[],"yoast_head":"<!-- This site is optimized with the Yoast SEO Premium plugin v27.1 (Yoast SEO v27.4) - https:\/\/yoast.com\/product\/yoast-seo-premium-wordpress\/ -->\n<title>Nettoyant multi-usages \u00e0 l&#039;ammoniaque parfum\u00e9 - Ecosoluciones Qu\u00edmicas<\/title>\n<meta name=\"robots\" content=\"index, follow, max-snippet:-1, max-image-preview:large, max-video-preview:-1\" \/>\n<link rel=\"canonical\" href=\"https:\/\/www.ecosolucionesquimicas.es\/fr\/producto\/nettoyant-multi-usages-a-lammoniaque-parfume\/\" \/>\n<meta property=\"og:locale\" content=\"fr_FR\" \/>\n<meta property=\"og:type\" content=\"article\" \/>\n<meta property=\"og:title\" content=\"Nettoyant multi-usages \u00e0 l&#039;ammoniaque parfum\u00e9\" \/>\n<meta property=\"og:description\" content=\"ECO-215 EST ID\u00c9AL POUR LE NETTOYAGE EN PROFONDEUR DE TOUS LES TYPES DE SURFACES.  ENLEVER LA SALET\u00c9 ET LES TRACES DE DOIGTS SUR LES MIROIRS ET LE VERRE EST FACILE AVEC L&#039;AMMONIAQUE. En plus de laisser les surfaces impeccables, il donne aux portes et aux fen\u00eatres un \u00e9clat incomparable.  PARFAIT POUR NETTOYER LES SALLES DE BAINS EN PROFONDEUR. L&#039;ammoniaque est tr\u00e8s efficace pour \u00e9liminer les taches de calcaire et de rouille sur les robinets et les joints de carrelage, ce qui permet de r\u00e9soudre deux des probl\u00e8mes de salissure les plus courants dans les salles de bains.  PUISSANT D\u00c9GRAISSANT, ID\u00c9AL POUR LA CUISINE. L&#039;ammoniaque \u00e9limine facilement les taches de graisse sur les carreaux, les appareils \u00e9lectrom\u00e9nagers, les hottes aspirantes et m\u00eame les fours, ce qui en fait un outil tr\u00e8s utile pour les t\u00e2ches de nettoyage quotidiennes.  \u2705 FORMAT DE 1 ET 5 LITRES.  R\u00e9f\u00e9rence : ECO-215\" \/>\n<meta property=\"og:url\" content=\"https:\/\/www.ecosolucionesquimicas.es\/fr\/producto\/nettoyant-multi-usages-a-lammoniaque-parfume\/\" \/>\n<meta property=\"og:site_name\" content=\"Ecosoluciones Qu\u00edmicas\" \/>\n<meta property=\"article:publisher\" content=\"https:\/\/www.facebook.com\/ecosolucionesquimicasmadrid\/\" \/>\n<meta property=\"article:modified_time\" content=\"2026-01-06T15:42:45+00:00\" \/>\n<meta property=\"og:image\" content=\"https:\/\/www.ecosolucionesquimicas.es\/wp-content\/uploads\/2025\/10\/ECO-215-1L-scaled.jpg\" \/>\n\t<meta property=\"og:image:width\" content=\"2350\" \/>\n\t<meta property=\"og:image:height\" content=\"2560\" \/>\n\t<meta property=\"og:image:type\" content=\"image\/jpeg\" \/>\n<meta name=\"twitter:card\" content=\"summary_large_image\" \/>\n<meta name=\"twitter:label1\" content=\"Disponibilit\u00e9\" \/>\n\t<meta name=\"twitter:data1\" content=\"En stock\" \/>\n<script type=\"application\/ld+json\" class=\"yoast-schema-graph\">{\"@context\":\"https:\\\/\\\/schema.org\",\"@graph\":[{\"@type\":\"WebPage\",\"@id\":\"https:\\\/\\\/www.ecosolucionesquimicas.es\\\/fr\\\/producto\\\/nettoyant-multi-usages-a-lammoniaque-parfume\\\/\",\"url\":\"https:\\\/\\\/www.ecosolucionesquimicas.es\\\/fr\\\/producto\\\/nettoyant-multi-usages-a-lammoniaque-parfume\\\/\",\"name\":\"Nettoyant multi-usages \u00e0 l'ammoniaque parfum\u00e9 - Ecosoluciones Qu\u00edmicas\",\"isPartOf\":{\"@id\":\"https:\\\/\\\/www.ecosolucionesquimicas.es\\\/fr\\\/#website\"},\"primaryImageOfPage\":{\"@id\":\"https:\\\/\\\/www.ecosolucionesquimicas.es\\\/fr\\\/producto\\\/nettoyant-multi-usages-a-lammoniaque-parfume\\\/#primaryimage\"},\"image\":{\"@id\":\"https:\\\/\\\/www.ecosolucionesquimicas.es\\\/fr\\\/producto\\\/nettoyant-multi-usages-a-lammoniaque-parfume\\\/#primaryimage\"},\"thumbnailUrl\":\"https:\\\/\\\/www.ecosolucionesquimicas.es\\\/wp-content\\\/uploads\\\/2025\\\/10\\\/ECO-215-1L-scaled.jpg\",\"datePublished\":\"2024-02-22T14:11:41+00:00\",\"dateModified\":\"2026-01-06T15:42:45+00:00\",\"breadcrumb\":{\"@id\":\"https:\\\/\\\/www.ecosolucionesquimicas.es\\\/fr\\\/producto\\\/nettoyant-multi-usages-a-lammoniaque-parfume\\\/#breadcrumb\"},\"inLanguage\":\"fr-FR\",\"potentialAction\":[{\"@type\":\"ReadAction\",\"target\":[\"https:\\\/\\\/www.ecosolucionesquimicas.es\\\/fr\\\/producto\\\/nettoyant-multi-usages-a-lammoniaque-parfume\\\/\"]}]},{\"@type\":\"ImageObject\",\"inLanguage\":\"fr-FR\",\"@id\":\"https:\\\/\\\/www.ecosolucionesquimicas.es\\\/fr\\\/producto\\\/nettoyant-multi-usages-a-lammoniaque-parfume\\\/#primaryimage\",\"url\":\"https:\\\/\\\/www.ecosolucionesquimicas.es\\\/wp-content\\\/uploads\\\/2025\\\/10\\\/ECO-215-1L-scaled.jpg\",\"contentUrl\":\"https:\\\/\\\/www.ecosolucionesquimicas.es\\\/wp-content\\\/uploads\\\/2025\\\/10\\\/ECO-215-1L-scaled.jpg\",\"width\":2350,\"height\":2560},{\"@type\":\"BreadcrumbList\",\"@id\":\"https:\\\/\\\/www.ecosolucionesquimicas.es\\\/fr\\\/producto\\\/nettoyant-multi-usages-a-lammoniaque-parfume\\\/#breadcrumb\",\"itemListElement\":[{\"@type\":\"ListItem\",\"position\":1,\"name\":\"Portada\",\"item\":\"https:\\\/\\\/www.ecosolucionesquimicas.es\\\/fr\\\/home\\\/\"},{\"@type\":\"ListItem\",\"position\":2,\"name\":\"Nettoyant multi-usages \u00e0 l&#8217;ammoniaque parfum\u00e9\"}]},{\"@type\":\"WebSite\",\"@id\":\"https:\\\/\\\/www.ecosolucionesquimicas.es\\\/fr\\\/#website\",\"url\":\"https:\\\/\\\/www.ecosolucionesquimicas.es\\\/fr\\\/\",\"name\":\"Ecosoluciones Qu\u00edmicas\",\"description\":\"Achetez en ligne des produits d'entretien et des produits chimiques fabriqu\u00e9s par nos soins.\",\"publisher\":{\"@id\":\"https:\\\/\\\/www.ecosolucionesquimicas.es\\\/fr\\\/#organization\"},\"alternateName\":\"EQM\",\"potentialAction\":[{\"@type\":\"SearchAction\",\"target\":{\"@type\":\"EntryPoint\",\"urlTemplate\":\"https:\\\/\\\/www.ecosolucionesquimicas.es\\\/fr\\\/?s={search_term_string}\"},\"query-input\":{\"@type\":\"PropertyValueSpecification\",\"valueRequired\":true,\"valueName\":\"search_term_string\"}}],\"inLanguage\":\"fr-FR\"},{\"@type\":\"Organization\",\"@id\":\"https:\\\/\\\/www.ecosolucionesquimicas.es\\\/fr\\\/#organization\",\"name\":\"Ecosoluciones Qu\u00edmicas\",\"url\":\"https:\\\/\\\/www.ecosolucionesquimicas.es\\\/fr\\\/\",\"logo\":{\"@type\":\"ImageObject\",\"inLanguage\":\"fr-FR\",\"@id\":\"https:\\\/\\\/www.ecosolucionesquimicas.es\\\/fr\\\/#\\\/schema\\\/logo\\\/image\\\/\",\"url\":\"https:\\\/\\\/www.ecosolucionesquimicas.es\\\/wp-content\\\/uploads\\\/2024\\\/08\\\/LOGO-EQM-NUEVO-.png\",\"contentUrl\":\"https:\\\/\\\/www.ecosolucionesquimicas.es\\\/wp-content\\\/uploads\\\/2024\\\/08\\\/LOGO-EQM-NUEVO-.png\",\"width\":1060,\"height\":456,\"caption\":\"Ecosoluciones Qu\u00edmicas\"},\"image\":{\"@id\":\"https:\\\/\\\/www.ecosolucionesquimicas.es\\\/fr\\\/#\\\/schema\\\/logo\\\/image\\\/\"},\"sameAs\":[\"https:\\\/\\\/www.facebook.com\\\/ecosolucionesquimicasmadrid\\\/\",\"https:\\\/\\\/www.instagram.com\\\/ecosolucionesquimicas\\\/\"],\"hasMerchantReturnPolicy\":{\"@type\":\"MerchantReturnPolicy\",\"merchantReturnLink\":\"https:\\\/\\\/www.ecosolucionesquimicas.es\\\/refund_returns\\\/\"}}]}<\/script>\n<meta property=\"product:brand\" content=\"EQM\" \/>\n<meta property=\"og:availability\" content=\"instock\" \/>\n<meta property=\"product:availability\" content=\"instock\" \/>\n<meta property=\"product:retailer_item_id\" content=\"ECO-215\" \/>\n<meta property=\"product:condition\" content=\"new\" \/>\n<!-- \/ Yoast SEO Premium plugin. -->","yoast_head_json":{"title":"Nettoyant multi-usages \u00e0 l'ammoniaque parfum\u00e9 - Ecosoluciones Qu\u00edmicas","robots":{"index":"index","follow":"follow","max-snippet":"max-snippet:-1","max-image-preview":"max-image-preview:large","max-video-preview":"max-video-preview:-1"},"canonical":"https:\/\/www.ecosolucionesquimicas.es\/fr\/producto\/nettoyant-multi-usages-a-lammoniaque-parfume\/","og_locale":"fr_FR","og_type":"article","og_title":"Nettoyant multi-usages \u00e0 l'ammoniaque parfum\u00e9","og_description":"ECO-215 EST ID\u00c9AL POUR LE NETTOYAGE EN PROFONDEUR DE TOUS LES TYPES DE SURFACES.  ENLEVER LA SALET\u00c9 ET LES TRACES DE DOIGTS SUR LES MIROIRS ET LE VERRE EST FACILE AVEC L'AMMONIAQUE. En plus de laisser les surfaces impeccables, il donne aux portes et aux fen\u00eatres un \u00e9clat incomparable.  PARFAIT POUR NETTOYER LES SALLES DE BAINS EN PROFONDEUR. L'ammoniaque est tr\u00e8s efficace pour \u00e9liminer les taches de calcaire et de rouille sur les robinets et les joints de carrelage, ce qui permet de r\u00e9soudre deux des probl\u00e8mes de salissure les plus courants dans les salles de bains.  PUISSANT D\u00c9GRAISSANT, ID\u00c9AL POUR LA CUISINE. L'ammoniaque \u00e9limine facilement les taches de graisse sur les carreaux, les appareils \u00e9lectrom\u00e9nagers, les hottes aspirantes et m\u00eame les fours, ce qui en fait un outil tr\u00e8s utile pour les t\u00e2ches de nettoyage quotidiennes.  \u2705 FORMAT DE 1 ET 5 LITRES.  R\u00e9f\u00e9rence : ECO-215","og_url":"https:\/\/www.ecosolucionesquimicas.es\/fr\/producto\/nettoyant-multi-usages-a-lammoniaque-parfume\/","og_site_name":"Ecosoluciones Qu\u00edmicas","article_publisher":"https:\/\/www.facebook.com\/ecosolucionesquimicasmadrid\/","article_modified_time":"2026-01-06T15:42:45+00:00","og_image":[{"width":2350,"height":2560,"url":"https:\/\/www.ecosolucionesquimicas.es\/wp-content\/uploads\/2025\/10\/ECO-215-1L-scaled.jpg","type":"image\/jpeg"}],"twitter_card":"summary_large_image","twitter_misc":{"Disponibilit\u00e9":"En stock"},"schema":{"@context":"https:\/\/schema.org","@graph":[{"@type":"WebPage","@id":"https:\/\/www.ecosolucionesquimicas.es\/fr\/producto\/nettoyant-multi-usages-a-lammoniaque-parfume\/","url":"https:\/\/www.ecosolucionesquimicas.es\/fr\/producto\/nettoyant-multi-usages-a-lammoniaque-parfume\/","name":"Nettoyant multi-usages \u00e0 l'ammoniaque parfum\u00e9 - Ecosoluciones Qu\u00edmicas","isPartOf":{"@id":"https:\/\/www.ecosolucionesquimicas.es\/fr\/#website"},"primaryImageOfPage":{"@id":"https:\/\/www.ecosolucionesquimicas.es\/fr\/producto\/nettoyant-multi-usages-a-lammoniaque-parfume\/#primaryimage"},"image":{"@id":"https:\/\/www.ecosolucionesquimicas.es\/fr\/producto\/nettoyant-multi-usages-a-lammoniaque-parfume\/#primaryimage"},"thumbnailUrl":"https:\/\/www.ecosolucionesquimicas.es\/wp-content\/uploads\/2025\/10\/ECO-215-1L-scaled.jpg","datePublished":"2024-02-22T14:11:41+00:00","dateModified":"2026-01-06T15:42:45+00:00","breadcrumb":{"@id":"https:\/\/www.ecosolucionesquimicas.es\/fr\/producto\/nettoyant-multi-usages-a-lammoniaque-parfume\/#breadcrumb"},"inLanguage":"fr-FR","potentialAction":[{"@type":"ReadAction","target":["https:\/\/www.ecosolucionesquimicas.es\/fr\/producto\/nettoyant-multi-usages-a-lammoniaque-parfume\/"]}]},{"@type":"ImageObject","inLanguage":"fr-FR","@id":"https:\/\/www.ecosolucionesquimicas.es\/fr\/producto\/nettoyant-multi-usages-a-lammoniaque-parfume\/#primaryimage","url":"https:\/\/www.ecosolucionesquimicas.es\/wp-content\/uploads\/2025\/10\/ECO-215-1L-scaled.jpg","contentUrl":"https:\/\/www.ecosolucionesquimicas.es\/wp-content\/uploads\/2025\/10\/ECO-215-1L-scaled.jpg","width":2350,"height":2560},{"@type":"BreadcrumbList","@id":"https:\/\/www.ecosolucionesquimicas.es\/fr\/producto\/nettoyant-multi-usages-a-lammoniaque-parfume\/#breadcrumb","itemListElement":[{"@type":"ListItem","position":1,"name":"Portada","item":"https:\/\/www.ecosolucionesquimicas.es\/fr\/home\/"},{"@type":"ListItem","position":2,"name":"Nettoyant multi-usages \u00e0 l&#8217;ammoniaque parfum\u00e9"}]},{"@type":"WebSite","@id":"https:\/\/www.ecosolucionesquimicas.es\/fr\/#website","url":"https:\/\/www.ecosolucionesquimicas.es\/fr\/","name":"Ecosoluciones Qu\u00edmicas","description":"Achetez en ligne des produits d'entretien et des produits chimiques fabriqu\u00e9s par nos soins.","publisher":{"@id":"https:\/\/www.ecosolucionesquimicas.es\/fr\/#organization"},"alternateName":"EQM","potentialAction":[{"@type":"SearchAction","target":{"@type":"EntryPoint","urlTemplate":"https:\/\/www.ecosolucionesquimicas.es\/fr\/?s={search_term_string}"},"query-input":{"@type":"PropertyValueSpecification","valueRequired":true,"valueName":"search_term_string"}}],"inLanguage":"fr-FR"},{"@type":"Organization","@id":"https:\/\/www.ecosolucionesquimicas.es\/fr\/#organization","name":"Ecosoluciones Qu\u00edmicas","url":"https:\/\/www.ecosolucionesquimicas.es\/fr\/","logo":{"@type":"ImageObject","inLanguage":"fr-FR","@id":"https:\/\/www.ecosolucionesquimicas.es\/fr\/#\/schema\/logo\/image\/","url":"https:\/\/www.ecosolucionesquimicas.es\/wp-content\/uploads\/2024\/08\/LOGO-EQM-NUEVO-.png","contentUrl":"https:\/\/www.ecosolucionesquimicas.es\/wp-content\/uploads\/2024\/08\/LOGO-EQM-NUEVO-.png","width":1060,"height":456,"caption":"Ecosoluciones Qu\u00edmicas"},"image":{"@id":"https:\/\/www.ecosolucionesquimicas.es\/fr\/#\/schema\/logo\/image\/"},"sameAs":["https:\/\/www.facebook.com\/ecosolucionesquimicasmadrid\/","https:\/\/www.instagram.com\/ecosolucionesquimicas\/"],"hasMerchantReturnPolicy":{"@type":"MerchantReturnPolicy","merchantReturnLink":"https:\/\/www.ecosolucionesquimicas.es\/refund_returns\/"}}]},"product_brand":"EQM","og_availability":"instock","product_availability":"instock","product_retailer_item_id":"ECO-215","product_condition":"new"},"_links":{"self":[{"href":"https:\/\/www.ecosolucionesquimicas.es\/fr\/wp-json\/wp\/v2\/product\/12526","targetHints":{"allow":["GET"]}}],"collection":[{"href":"https:\/\/www.ecosolucionesquimicas.es\/fr\/wp-json\/wp\/v2\/product"}],"about":[{"href":"https:\/\/www.ecosolucionesquimicas.es\/fr\/wp-json\/wp\/v2\/types\/product"}],"wp:featuredmedia":[{"embeddable":true,"href":"https:\/\/www.ecosolucionesquimicas.es\/fr\/wp-json\/wp\/v2\/media\/12536"}],"wp:attachment":[{"href":"https:\/\/www.ecosolucionesquimicas.es\/fr\/wp-json\/wp\/v2\/media?parent=12526"}],"wp:term":[{"taxonomy":"product_brand","embeddable":true,"href":"https:\/\/www.ecosolucionesquimicas.es\/fr\/wp-json\/wp\/v2\/product_brand?post=12526"},{"taxonomy":"product_cat","embeddable":true,"href":"https:\/\/www.ecosolucionesquimicas.es\/fr\/wp-json\/wp\/v2\/product_cat?post=12526"},{"taxonomy":"product_tag","embeddable":true,"href":"https:\/\/www.ecosolucionesquimicas.es\/fr\/wp-json\/wp\/v2\/product_tag?post=12526"}],"curies":[{"name":"wp","href":"https:\/\/api.w.org\/{rel}","templated":true}]}}