{"id":12076,"date":"2024-02-22T13:39:52","date_gmt":"2024-02-22T12:39:52","guid":{"rendered":"https:\/\/www.ecosolucionesquimicas.es\/producto\/reductor-ph-natural-para-piscinas\/"},"modified":"2025-11-20T16:56:22","modified_gmt":"2025-11-20T15:56:22","slug":"reductor-ph-natural-para-piscinas","status":"publish","type":"product","link":"https:\/\/www.ecosolucionesquimicas.es\/fr\/producto\/reductor-ph-natural-para-piscinas\/","title":{"rendered":"R\u00e9ducteur de pH naturel pour les piscines"},"content":{"rendered":"<p><img fetchpriority=\"high\" decoding=\"async\" class=\"alignnone wp-image-3817\" src=\"https:\/\/www.ecosolucionesquimicas.es\/wp-content\/uploads\/2024\/02\/man-holds-tester-ph-chlorine-levels-against-backdrop-swimming-pool-300x158.jpg\" alt=\"\" width=\"550\" height=\"290\" srcset=\"https:\/\/www.ecosolucionesquimicas.es\/wp-content\/uploads\/2024\/02\/man-holds-tester-ph-chlorine-levels-against-backdrop-swimming-pool-300x158.jpg 300w, https:\/\/www.ecosolucionesquimicas.es\/wp-content\/uploads\/2024\/02\/man-holds-tester-ph-chlorine-levels-against-backdrop-swimming-pool-1024x540.jpg 1024w, https:\/\/www.ecosolucionesquimicas.es\/wp-content\/uploads\/2024\/02\/man-holds-tester-ph-chlorine-levels-against-backdrop-swimming-pool-768x405.jpg 768w, https:\/\/www.ecosolucionesquimicas.es\/wp-content\/uploads\/2024\/02\/man-holds-tester-ph-chlorine-levels-against-backdrop-swimming-pool-1536x810.jpg 1536w, https:\/\/www.ecosolucionesquimicas.es\/wp-content\/uploads\/2024\/02\/man-holds-tester-ph-chlorine-levels-against-backdrop-swimming-pool-2048x1080.jpg 2048w, https:\/\/www.ecosolucionesquimicas.es\/wp-content\/uploads\/2024\/02\/man-holds-tester-ph-chlorine-levels-against-backdrop-swimming-pool-600x316.jpg 600w\" sizes=\"(max-width: 550px) 100vw, 550px\" \/><\/p>\n<p><strong>MODE D&rsquo;EMPLOI<\/strong><\/p>\n<p><strong>Mesurer le pH : <\/strong>D\u00e9terminer le pH de l&rsquo;eau avant d&rsquo;appliquer l&rsquo;ECO-504.<br \/>\n\ud83d\udd18 <strong>Pr\u00e9paration : <\/strong>Utiliser le produit directement, sans le diluer.<br \/>\n\ud83d\udd18 <strong>Application manuelle : <\/strong>R\u00e9partir le produit sur l&rsquo;eau ; utiliser un tuyau si n\u00e9cessaire.<br \/>\n\ud83d\udd18 <strong>Application automatique : <\/strong>Ajuster le dosage en fonction des indications de l&rsquo;\u00e9quipement automatique.<br \/>\n\ud83d\udd18 <strong>Circulation : <\/strong>Mettre en marche le syst\u00e8me de circulation pendant 30 minutes.<br \/>\n\ud83d\udd18 <strong>R\u00e9\u00e9valuer le pH : <\/strong>Mesurer le pH apr\u00e8s le m\u00e9lange et l&rsquo;ajuster si n\u00e9cessaire.<\/p>\n<p><strong>Recommandations :<\/strong><\/p>\n<p><strong>Porter un \u00e9quipement de protection : <\/strong>Utiliser des gants et des lunettes de protection pour \u00e9viter tout contact avec le produit.<br \/>\n\u2757 <strong>\u00c9viter de m\u00e9langer avec du chlore : <\/strong>Ne pas combiner ECO-504 avec des produits \u00e0 base de chlore. S&rsquo;assurer que l&rsquo;eau ne contient pas d&rsquo;autres produits chimiques.<br \/>\n\u2757 <strong>Pas pour la chloration au sel : <\/strong>Ne pas utiliser ECO-504 dans les syst\u00e8mes de chloration au sel. Utilise des produits adapt\u00e9s \u00e0 ces syst\u00e8mes.  <\/p>\n","protected":false},"excerpt":{"rendered":"<p><strong>ECO-504 EST UN R\u00c9DUCTEUR DE PH \u00c0 BASE D&rsquo;ACIDES CITRIQUES ORGANIQUES<\/strong>. C&rsquo;est un antioxydant naturel, respectueux de la peau et exempt de produits chimiques agressifs tels que l&rsquo;acide sulfurique ou nitrique, b\u00e9n\u00e9fique pour la sant\u00e9. <\/p>\n<p>\u2705 <strong>MAINTIENT L&rsquo;\u00c9QUILIBRE DE L&rsquo;EAU ET ASSURE L&rsquo;EFFICACIT\u00c9 DU CHLORE<\/strong>. Le bon pH est crucial pour l&rsquo;efficacit\u00e9 du chlore ou des d\u00e9sinfectants, en \u00e9vitant les d\u00e9s\u00e9quilibres dans l&rsquo;eau. <\/p>\n<p><strong>\u00c9COLOGIQUE ET NATUREL, ADAPT\u00c9 \u00c0 TOUS LES TYPES DE PISCINES ET DE SPAS<\/strong>. C&rsquo;est une solution de correction du pH sans danger pour les personnes et respectueuse de l&rsquo;environnement. <\/p>\n<p><strong>NE CONVIENT PAS \u00c0 LA CHLORATION AU SEL<\/strong>. Conserve le produit dans son emballage d&rsquo;origine dans un endroit frais et sec, \u00e0 l&rsquo;abri de la lumi\u00e8re du soleil. Convient \u00e0 l&rsquo;utilisation manuelle et aux \u00e9quipements de dosage automatique et de contr\u00f4le du pH.  <\/p>\n<p>\u2705 <strong>FORMAT DE 5 ET 20 LITRES.<\/strong><\/p>\n<p><strong>\u26ab<\/strong><strong> N\u00b0 de r\u00e9f. : ECO-504<\/strong><\/p>\n","protected":false},"featured_media":12077,"template":"","meta":[],"product_brand":[225],"product_cat":[540],"product_tag":[543,542,541],"class_list":{"0":"post-12076","1":"product","2":"type-product","3":"status-publish","4":"has-post-thumbnail","6":"product_brand-eqm","7":"product_cat-piscinas","8":"product_tag-cloro","9":"product_tag-ph","10":"product_tag-piscina","12":"first","13":"instock","14":"taxable","15":"shipping-taxable","16":"purchasable","17":"product-type-variable"},"acf":[],"yoast_head":"<!-- This site is optimized with the Yoast SEO Premium plugin v27.1 (Yoast SEO v27.4) - https:\/\/yoast.com\/product\/yoast-seo-premium-wordpress\/ -->\n<title>R\u00e9ducteur de pH naturel pour les piscines - Ecosoluciones Qu\u00edmicas<\/title>\n<meta name=\"robots\" content=\"index, follow, max-snippet:-1, max-image-preview:large, max-video-preview:-1\" \/>\n<link rel=\"canonical\" href=\"https:\/\/www.ecosolucionesquimicas.es\/fr\/producto\/reductor-ph-natural-para-piscinas\/\" \/>\n<meta property=\"og:locale\" content=\"fr_FR\" \/>\n<meta property=\"og:type\" content=\"article\" \/>\n<meta property=\"og:title\" content=\"R\u00e9ducteur de pH naturel pour les piscines\" \/>\n<meta property=\"og:description\" content=\"ECO-504 EST UN R\u00c9DUCTEUR DE PH \u00c0 BASE D&#039;ACIDES CITRIQUES ORGANIQUES. C&#039;est un antioxydant naturel, respectueux de la peau et exempt de produits chimiques agressifs tels que l&#039;acide sulfurique ou nitrique, b\u00e9n\u00e9fique pour la sant\u00e9.  \u2705 MAINTIENT L&#039;\u00c9QUILIBRE DE L&#039;EAU ET ASSURE L&#039;EFFICACIT\u00c9 DU CHLORE. Le bon pH est crucial pour l&#039;efficacit\u00e9 du chlore ou des d\u00e9sinfectants, en \u00e9vitant les d\u00e9s\u00e9quilibres dans l&#039;eau.  \u00c9COLOGIQUE ET NATUREL, ADAPT\u00c9 \u00c0 TOUS LES TYPES DE PISCINES ET DE SPAS. C&#039;est une solution de correction du pH sans danger pour les personnes et respectueuse de l&#039;environnement.  NE CONVIENT PAS \u00c0 LA CHLORATION AU SEL. Conserve le produit dans son emballage d&#039;origine dans un endroit frais et sec, \u00e0 l&#039;abri de la lumi\u00e8re du soleil. Convient \u00e0 l&#039;utilisation manuelle et aux \u00e9quipements de dosage automatique et de contr\u00f4le du pH.  \u2705 FORMAT DE 5 ET 20 LITRES. \u26ab N\u00b0 de r\u00e9f. : ECO-504\" \/>\n<meta property=\"og:url\" content=\"https:\/\/www.ecosolucionesquimicas.es\/fr\/producto\/reductor-ph-natural-para-piscinas\/\" \/>\n<meta property=\"og:site_name\" content=\"Ecosoluciones Qu\u00edmicas\" \/>\n<meta property=\"article:publisher\" content=\"https:\/\/www.facebook.com\/ecosolucionesquimicasmadrid\/\" \/>\n<meta property=\"article:modified_time\" content=\"2025-11-20T15:56:22+00:00\" \/>\n<meta property=\"og:image\" content=\"https:\/\/www.ecosolucionesquimicas.es\/wp-content\/uploads\/2024\/02\/man-holds-tester-ph-chlorine-levels-against-backdrop-swimming-pool-300x158.jpg\" \/>\n<meta name=\"twitter:card\" content=\"summary_large_image\" \/>\n<meta name=\"twitter:label1\" content=\"Disponibilit\u00e9\" \/>\n\t<meta name=\"twitter:data1\" content=\"En stock\" \/>\n<script type=\"application\/ld+json\" class=\"yoast-schema-graph\">{\"@context\":\"https:\\\/\\\/schema.org\",\"@graph\":[{\"@type\":\"WebPage\",\"@id\":\"https:\\\/\\\/www.ecosolucionesquimicas.es\\\/fr\\\/producto\\\/reductor-ph-natural-para-piscinas\\\/\",\"url\":\"https:\\\/\\\/www.ecosolucionesquimicas.es\\\/fr\\\/producto\\\/reductor-ph-natural-para-piscinas\\\/\",\"name\":\"R\u00e9ducteur de pH naturel pour les piscines - Ecosoluciones Qu\u00edmicas\",\"isPartOf\":{\"@id\":\"https:\\\/\\\/www.ecosolucionesquimicas.es\\\/fr\\\/#website\"},\"primaryImageOfPage\":{\"@id\":\"https:\\\/\\\/www.ecosolucionesquimicas.es\\\/fr\\\/producto\\\/reductor-ph-natural-para-piscinas\\\/#primaryimage\"},\"image\":{\"@id\":\"https:\\\/\\\/www.ecosolucionesquimicas.es\\\/fr\\\/producto\\\/reductor-ph-natural-para-piscinas\\\/#primaryimage\"},\"thumbnailUrl\":\"https:\\\/\\\/www.ecosolucionesquimicas.es\\\/wp-content\\\/uploads\\\/2024\\\/02\\\/ECO-504444-scaled.jpg\",\"datePublished\":\"2024-02-22T12:39:52+00:00\",\"dateModified\":\"2025-11-20T15:56:22+00:00\",\"breadcrumb\":{\"@id\":\"https:\\\/\\\/www.ecosolucionesquimicas.es\\\/fr\\\/producto\\\/reductor-ph-natural-para-piscinas\\\/#breadcrumb\"},\"inLanguage\":\"fr-FR\",\"potentialAction\":[{\"@type\":\"ReadAction\",\"target\":[\"https:\\\/\\\/www.ecosolucionesquimicas.es\\\/fr\\\/producto\\\/reductor-ph-natural-para-piscinas\\\/\"]}]},{\"@type\":\"ImageObject\",\"inLanguage\":\"fr-FR\",\"@id\":\"https:\\\/\\\/www.ecosolucionesquimicas.es\\\/fr\\\/producto\\\/reductor-ph-natural-para-piscinas\\\/#primaryimage\",\"url\":\"https:\\\/\\\/www.ecosolucionesquimicas.es\\\/wp-content\\\/uploads\\\/2024\\\/02\\\/ECO-504444-scaled.jpg\",\"contentUrl\":\"https:\\\/\\\/www.ecosolucionesquimicas.es\\\/wp-content\\\/uploads\\\/2024\\\/02\\\/ECO-504444-scaled.jpg\",\"width\":2350,\"height\":2560},{\"@type\":\"BreadcrumbList\",\"@id\":\"https:\\\/\\\/www.ecosolucionesquimicas.es\\\/fr\\\/producto\\\/reductor-ph-natural-para-piscinas\\\/#breadcrumb\",\"itemListElement\":[{\"@type\":\"ListItem\",\"position\":1,\"name\":\"Portada\",\"item\":\"https:\\\/\\\/www.ecosolucionesquimicas.es\\\/fr\\\/home\\\/\"},{\"@type\":\"ListItem\",\"position\":2,\"name\":\"R\u00e9ducteur de pH naturel pour les piscines\"}]},{\"@type\":\"WebSite\",\"@id\":\"https:\\\/\\\/www.ecosolucionesquimicas.es\\\/fr\\\/#website\",\"url\":\"https:\\\/\\\/www.ecosolucionesquimicas.es\\\/fr\\\/\",\"name\":\"Ecosoluciones Qu\u00edmicas\",\"description\":\"Achetez en ligne des produits d'entretien et des produits chimiques fabriqu\u00e9s par nos soins.\",\"publisher\":{\"@id\":\"https:\\\/\\\/www.ecosolucionesquimicas.es\\\/fr\\\/#organization\"},\"alternateName\":\"EQM\",\"potentialAction\":[{\"@type\":\"SearchAction\",\"target\":{\"@type\":\"EntryPoint\",\"urlTemplate\":\"https:\\\/\\\/www.ecosolucionesquimicas.es\\\/fr\\\/?s={search_term_string}\"},\"query-input\":{\"@type\":\"PropertyValueSpecification\",\"valueRequired\":true,\"valueName\":\"search_term_string\"}}],\"inLanguage\":\"fr-FR\"},{\"@type\":\"Organization\",\"@id\":\"https:\\\/\\\/www.ecosolucionesquimicas.es\\\/fr\\\/#organization\",\"name\":\"Ecosoluciones Qu\u00edmicas\",\"url\":\"https:\\\/\\\/www.ecosolucionesquimicas.es\\\/fr\\\/\",\"logo\":{\"@type\":\"ImageObject\",\"inLanguage\":\"fr-FR\",\"@id\":\"https:\\\/\\\/www.ecosolucionesquimicas.es\\\/fr\\\/#\\\/schema\\\/logo\\\/image\\\/\",\"url\":\"https:\\\/\\\/www.ecosolucionesquimicas.es\\\/wp-content\\\/uploads\\\/2024\\\/08\\\/LOGO-EQM-NUEVO-.png\",\"contentUrl\":\"https:\\\/\\\/www.ecosolucionesquimicas.es\\\/wp-content\\\/uploads\\\/2024\\\/08\\\/LOGO-EQM-NUEVO-.png\",\"width\":1060,\"height\":456,\"caption\":\"Ecosoluciones Qu\u00edmicas\"},\"image\":{\"@id\":\"https:\\\/\\\/www.ecosolucionesquimicas.es\\\/fr\\\/#\\\/schema\\\/logo\\\/image\\\/\"},\"sameAs\":[\"https:\\\/\\\/www.facebook.com\\\/ecosolucionesquimicasmadrid\\\/\",\"https:\\\/\\\/www.instagram.com\\\/ecosolucionesquimicas\\\/\"],\"hasMerchantReturnPolicy\":{\"@type\":\"MerchantReturnPolicy\",\"merchantReturnLink\":\"https:\\\/\\\/www.ecosolucionesquimicas.es\\\/refund_returns\\\/\"}}]}<\/script>\n<meta property=\"product:brand\" content=\"EQM\" \/>\n<meta property=\"og:availability\" content=\"instock\" \/>\n<meta property=\"product:availability\" content=\"instock\" \/>\n<meta property=\"product:retailer_item_id\" content=\"ECO-504\" \/>\n<meta property=\"product:condition\" content=\"new\" \/>\n<!-- \/ Yoast SEO Premium plugin. -->","yoast_head_json":{"title":"R\u00e9ducteur de pH naturel pour les piscines - Ecosoluciones Qu\u00edmicas","robots":{"index":"index","follow":"follow","max-snippet":"max-snippet:-1","max-image-preview":"max-image-preview:large","max-video-preview":"max-video-preview:-1"},"canonical":"https:\/\/www.ecosolucionesquimicas.es\/fr\/producto\/reductor-ph-natural-para-piscinas\/","og_locale":"fr_FR","og_type":"article","og_title":"R\u00e9ducteur de pH naturel pour les piscines","og_description":"ECO-504 EST UN R\u00c9DUCTEUR DE PH \u00c0 BASE D'ACIDES CITRIQUES ORGANIQUES. C'est un antioxydant naturel, respectueux de la peau et exempt de produits chimiques agressifs tels que l'acide sulfurique ou nitrique, b\u00e9n\u00e9fique pour la sant\u00e9.  \u2705 MAINTIENT L'\u00c9QUILIBRE DE L'EAU ET ASSURE L'EFFICACIT\u00c9 DU CHLORE. Le bon pH est crucial pour l'efficacit\u00e9 du chlore ou des d\u00e9sinfectants, en \u00e9vitant les d\u00e9s\u00e9quilibres dans l'eau.  \u00c9COLOGIQUE ET NATUREL, ADAPT\u00c9 \u00c0 TOUS LES TYPES DE PISCINES ET DE SPAS. C'est une solution de correction du pH sans danger pour les personnes et respectueuse de l'environnement.  NE CONVIENT PAS \u00c0 LA CHLORATION AU SEL. Conserve le produit dans son emballage d'origine dans un endroit frais et sec, \u00e0 l'abri de la lumi\u00e8re du soleil. Convient \u00e0 l'utilisation manuelle et aux \u00e9quipements de dosage automatique et de contr\u00f4le du pH.  \u2705 FORMAT DE 5 ET 20 LITRES. \u26ab N\u00b0 de r\u00e9f. : ECO-504","og_url":"https:\/\/www.ecosolucionesquimicas.es\/fr\/producto\/reductor-ph-natural-para-piscinas\/","og_site_name":"Ecosoluciones Qu\u00edmicas","article_publisher":"https:\/\/www.facebook.com\/ecosolucionesquimicasmadrid\/","article_modified_time":"2025-11-20T15:56:22+00:00","og_image":[{"url":"https:\/\/www.ecosolucionesquimicas.es\/wp-content\/uploads\/2024\/02\/man-holds-tester-ph-chlorine-levels-against-backdrop-swimming-pool-300x158.jpg","type":"","width":"","height":""}],"twitter_card":"summary_large_image","twitter_misc":{"Disponibilit\u00e9":"En stock"},"schema":{"@context":"https:\/\/schema.org","@graph":[{"@type":"WebPage","@id":"https:\/\/www.ecosolucionesquimicas.es\/fr\/producto\/reductor-ph-natural-para-piscinas\/","url":"https:\/\/www.ecosolucionesquimicas.es\/fr\/producto\/reductor-ph-natural-para-piscinas\/","name":"R\u00e9ducteur de pH naturel pour les piscines - Ecosoluciones Qu\u00edmicas","isPartOf":{"@id":"https:\/\/www.ecosolucionesquimicas.es\/fr\/#website"},"primaryImageOfPage":{"@id":"https:\/\/www.ecosolucionesquimicas.es\/fr\/producto\/reductor-ph-natural-para-piscinas\/#primaryimage"},"image":{"@id":"https:\/\/www.ecosolucionesquimicas.es\/fr\/producto\/reductor-ph-natural-para-piscinas\/#primaryimage"},"thumbnailUrl":"https:\/\/www.ecosolucionesquimicas.es\/wp-content\/uploads\/2024\/02\/ECO-504444-scaled.jpg","datePublished":"2024-02-22T12:39:52+00:00","dateModified":"2025-11-20T15:56:22+00:00","breadcrumb":{"@id":"https:\/\/www.ecosolucionesquimicas.es\/fr\/producto\/reductor-ph-natural-para-piscinas\/#breadcrumb"},"inLanguage":"fr-FR","potentialAction":[{"@type":"ReadAction","target":["https:\/\/www.ecosolucionesquimicas.es\/fr\/producto\/reductor-ph-natural-para-piscinas\/"]}]},{"@type":"ImageObject","inLanguage":"fr-FR","@id":"https:\/\/www.ecosolucionesquimicas.es\/fr\/producto\/reductor-ph-natural-para-piscinas\/#primaryimage","url":"https:\/\/www.ecosolucionesquimicas.es\/wp-content\/uploads\/2024\/02\/ECO-504444-scaled.jpg","contentUrl":"https:\/\/www.ecosolucionesquimicas.es\/wp-content\/uploads\/2024\/02\/ECO-504444-scaled.jpg","width":2350,"height":2560},{"@type":"BreadcrumbList","@id":"https:\/\/www.ecosolucionesquimicas.es\/fr\/producto\/reductor-ph-natural-para-piscinas\/#breadcrumb","itemListElement":[{"@type":"ListItem","position":1,"name":"Portada","item":"https:\/\/www.ecosolucionesquimicas.es\/fr\/home\/"},{"@type":"ListItem","position":2,"name":"R\u00e9ducteur de pH naturel pour les piscines"}]},{"@type":"WebSite","@id":"https:\/\/www.ecosolucionesquimicas.es\/fr\/#website","url":"https:\/\/www.ecosolucionesquimicas.es\/fr\/","name":"Ecosoluciones Qu\u00edmicas","description":"Achetez en ligne des produits d'entretien et des produits chimiques fabriqu\u00e9s par nos soins.","publisher":{"@id":"https:\/\/www.ecosolucionesquimicas.es\/fr\/#organization"},"alternateName":"EQM","potentialAction":[{"@type":"SearchAction","target":{"@type":"EntryPoint","urlTemplate":"https:\/\/www.ecosolucionesquimicas.es\/fr\/?s={search_term_string}"},"query-input":{"@type":"PropertyValueSpecification","valueRequired":true,"valueName":"search_term_string"}}],"inLanguage":"fr-FR"},{"@type":"Organization","@id":"https:\/\/www.ecosolucionesquimicas.es\/fr\/#organization","name":"Ecosoluciones Qu\u00edmicas","url":"https:\/\/www.ecosolucionesquimicas.es\/fr\/","logo":{"@type":"ImageObject","inLanguage":"fr-FR","@id":"https:\/\/www.ecosolucionesquimicas.es\/fr\/#\/schema\/logo\/image\/","url":"https:\/\/www.ecosolucionesquimicas.es\/wp-content\/uploads\/2024\/08\/LOGO-EQM-NUEVO-.png","contentUrl":"https:\/\/www.ecosolucionesquimicas.es\/wp-content\/uploads\/2024\/08\/LOGO-EQM-NUEVO-.png","width":1060,"height":456,"caption":"Ecosoluciones Qu\u00edmicas"},"image":{"@id":"https:\/\/www.ecosolucionesquimicas.es\/fr\/#\/schema\/logo\/image\/"},"sameAs":["https:\/\/www.facebook.com\/ecosolucionesquimicasmadrid\/","https:\/\/www.instagram.com\/ecosolucionesquimicas\/"],"hasMerchantReturnPolicy":{"@type":"MerchantReturnPolicy","merchantReturnLink":"https:\/\/www.ecosolucionesquimicas.es\/refund_returns\/"}}]},"product_brand":"EQM","og_availability":"instock","product_availability":"instock","product_retailer_item_id":"ECO-504","product_condition":"new"},"_links":{"self":[{"href":"https:\/\/www.ecosolucionesquimicas.es\/fr\/wp-json\/wp\/v2\/product\/12076","targetHints":{"allow":["GET"]}}],"collection":[{"href":"https:\/\/www.ecosolucionesquimicas.es\/fr\/wp-json\/wp\/v2\/product"}],"about":[{"href":"https:\/\/www.ecosolucionesquimicas.es\/fr\/wp-json\/wp\/v2\/types\/product"}],"wp:featuredmedia":[{"embeddable":true,"href":"https:\/\/www.ecosolucionesquimicas.es\/fr\/wp-json\/wp\/v2\/media\/12077"}],"wp:attachment":[{"href":"https:\/\/www.ecosolucionesquimicas.es\/fr\/wp-json\/wp\/v2\/media?parent=12076"}],"wp:term":[{"taxonomy":"product_brand","embeddable":true,"href":"https:\/\/www.ecosolucionesquimicas.es\/fr\/wp-json\/wp\/v2\/product_brand?post=12076"},{"taxonomy":"product_cat","embeddable":true,"href":"https:\/\/www.ecosolucionesquimicas.es\/fr\/wp-json\/wp\/v2\/product_cat?post=12076"},{"taxonomy":"product_tag","embeddable":true,"href":"https:\/\/www.ecosolucionesquimicas.es\/fr\/wp-json\/wp\/v2\/product_tag?post=12076"}],"curies":[{"name":"wp","href":"https:\/\/api.w.org\/{rel}","templated":true}]}}