{"id":12068,"date":"2024-02-22T13:39:52","date_gmt":"2024-02-22T12:39:52","guid":{"rendered":"https:\/\/www.ecosolucionesquimicas.es\/producto\/reductor-ph-para-piscinas\/"},"modified":"2025-11-20T16:56:06","modified_gmt":"2025-11-20T15:56:06","slug":"reductor-ph-para-piscinas","status":"publish","type":"product","link":"https:\/\/www.ecosolucionesquimicas.es\/fr\/producto\/reductor-ph-para-piscinas\/","title":{"rendered":"R\u00e9ducteur de pH pour les piscines"},"content":{"rendered":"<p><img fetchpriority=\"high\" decoding=\"async\" class=\"alignnone wp-image-3834\" src=\"https:\/\/www.ecosolucionesquimicas.es\/wp-content\/uploads\/2024\/02\/man-holding-lacmus-paper-after-water-testing-300x200.jpg\" alt=\"\" width=\"550\" height=\"366\" srcset=\"https:\/\/www.ecosolucionesquimicas.es\/wp-content\/uploads\/2024\/02\/man-holding-lacmus-paper-after-water-testing-300x200.jpg 300w, https:\/\/www.ecosolucionesquimicas.es\/wp-content\/uploads\/2024\/02\/man-holding-lacmus-paper-after-water-testing-1024x681.jpg 1024w, https:\/\/www.ecosolucionesquimicas.es\/wp-content\/uploads\/2024\/02\/man-holding-lacmus-paper-after-water-testing-768x511.jpg 768w, https:\/\/www.ecosolucionesquimicas.es\/wp-content\/uploads\/2024\/02\/man-holding-lacmus-paper-after-water-testing-1536x1022.jpg 1536w, https:\/\/www.ecosolucionesquimicas.es\/wp-content\/uploads\/2024\/02\/man-holding-lacmus-paper-after-water-testing-2048x1363.jpg 2048w, https:\/\/www.ecosolucionesquimicas.es\/wp-content\/uploads\/2024\/02\/man-holding-lacmus-paper-after-water-testing-600x399.jpg 600w\" sizes=\"(max-width: 550px) 100vw, 550px\" \/><\/p>\n<p><strong>MODE D&rsquo;EMPLOI<\/strong><\/p>\n<p>\ud83d\udd18 <strong>Mesurer le pH : <\/strong>D\u00e9terminer le niveau de pH de l&rsquo;eau \u00e0 l&rsquo;aide d&rsquo;un appareil de mesure ou d&rsquo;une bandelette r\u00e9active.<br \/>\n\ud83d\udd18 <strong>Pr\u00e9paration du produit : <\/strong>Utiliser le produit directement sans le diluer.<br \/>\n\ud83d\udd18 <strong>Application manuelle : <\/strong>Verser le produit sur l&rsquo;eau et utiliser un tuyau pour am\u00e9liorer la r\u00e9partition.<br \/>\n\ud83d\udd18 <strong>Application automatique : <\/strong>Ajuster le dosage avec un \u00e9quipement automatique en suivant les instructions du fabricant.<br \/>\n\ud83d\udd18 <strong>M\u00e9lange et circulation : <\/strong>Mettre en marche le syst\u00e8me de circulation pendant au moins 30 minutes pour un m\u00e9lange complet.<br \/>\n\ud83d\udd18 <strong>R\u00e9\u00e9valuation du pH : <\/strong>Mesurer \u00e0 nouveau le pH et l&rsquo;ajuster avec ECO-505 ou un produit augmentant le pH si n\u00e9cessaire.<\/p>\n<p><strong>Recommandations :<\/strong><\/p>\n<p><strong>Porte un \u00e9quipement de protection : <\/strong>Utilise des gants et des lunettes pour \u00e9viter tout contact avec le produit.<br \/>\n\u2757 <strong>\u00c9vite les m\u00e9langes avec le chlore : <\/strong>Ne combine pas ECO-505 avec des produits chlor\u00e9s. Assure-toi que l&rsquo;eau ne contient pas d&rsquo;autres produits chimiques. <\/p>\n","protected":false},"excerpt":{"rendered":"<p><strong> AVEC ECO-505, TU \u00c9VITES LES D\u00c9S\u00c9QUILIBRES DANS L&rsquo;EAU ET TU GARANTIS L&rsquo;EFFICACIT\u00c9 DU CHLORE.<\/strong> Ce produit ajuste le pH de l&rsquo;eau lorsqu&rsquo;il d\u00e9passe 7,6, ce qui garantit un fonctionnement optimal du chlore.<\/p>\n<p><strong> CONVIENT POUR UNE UTILISATION MANUELLE ET AUTOMATIQUE.<\/strong> Tu peux appliquer le produit manuellement ou \u00e0 l&rsquo;aide d&rsquo;un \u00e9quipement de dosage automatique et de contr\u00f4le du pH.<\/p>\n<p><strong> IL CONTIENT 15 % D&rsquo;ACIDE SULFURIQUE.<\/strong> Cette concentration est id\u00e9ale pour les applications r\u00e9sidentielles.<\/p>\n<p><strong> COMPATIBLE AVEC TOUS LES TYPES DE PISCINES.<\/strong> ECO-505 convient aux piscines en b\u00e9ton, pr\u00e9fabriqu\u00e9es, d\u00e9montables et en sable, ainsi qu&rsquo;aux piscines chauff\u00e9es, aux jacuzzis et aux spas.<\/p>\n<p>\u2705<strong> FORMAT DE 5 ET 20 LITRES.<\/strong><\/p>\n<p><strong>\u26ab<\/strong><strong> N\u00b0 de r\u00e9f. : ECO-505<\/strong><\/p>\n","protected":false},"featured_media":12069,"template":"","meta":[],"product_brand":[225],"product_cat":[540],"product_tag":[543,542,541],"class_list":{"0":"post-12068","1":"product","2":"type-product","3":"status-publish","4":"has-post-thumbnail","6":"product_brand-eqm","7":"product_cat-piscinas","8":"product_tag-cloro","9":"product_tag-ph","10":"product_tag-piscina","12":"first","13":"instock","14":"taxable","15":"shipping-taxable","16":"purchasable","17":"product-type-variable"},"acf":[],"yoast_head":"<!-- This site is optimized with the Yoast SEO Premium plugin v27.1 (Yoast SEO v27.4) - https:\/\/yoast.com\/product\/yoast-seo-premium-wordpress\/ -->\n<title>R\u00e9ducteur de pH pour les piscines - Ecosoluciones Qu\u00edmicas<\/title>\n<meta name=\"robots\" content=\"index, follow, max-snippet:-1, max-image-preview:large, max-video-preview:-1\" \/>\n<link rel=\"canonical\" href=\"https:\/\/www.ecosolucionesquimicas.es\/fr\/producto\/reductor-ph-para-piscinas\/\" \/>\n<meta property=\"og:locale\" content=\"fr_FR\" \/>\n<meta property=\"og:type\" content=\"article\" \/>\n<meta property=\"og:title\" content=\"R\u00e9ducteur de pH pour les piscines\" \/>\n<meta property=\"og:description\" content=\"AVEC ECO-505, TU \u00c9VITES LES D\u00c9S\u00c9QUILIBRES DANS L&#039;EAU ET TU GARANTIS L&#039;EFFICACIT\u00c9 DU CHLORE. Ce produit ajuste le pH de l&#039;eau lorsqu&#039;il d\u00e9passe 7,6, ce qui garantit un fonctionnement optimal du chlore.  CONVIENT POUR UNE UTILISATION MANUELLE ET AUTOMATIQUE. Tu peux appliquer le produit manuellement ou \u00e0 l&#039;aide d&#039;un \u00e9quipement de dosage automatique et de contr\u00f4le du pH.  IL CONTIENT 15 % D&#039;ACIDE SULFURIQUE. Cette concentration est id\u00e9ale pour les applications r\u00e9sidentielles.  COMPATIBLE AVEC TOUS LES TYPES DE PISCINES. ECO-505 convient aux piscines en b\u00e9ton, pr\u00e9fabriqu\u00e9es, d\u00e9montables et en sable, ainsi qu&#039;aux piscines chauff\u00e9es, aux jacuzzis et aux spas. \u2705 FORMAT DE 5 ET 20 LITRES. \u26ab N\u00b0 de r\u00e9f. : ECO-505\" \/>\n<meta property=\"og:url\" content=\"https:\/\/www.ecosolucionesquimicas.es\/fr\/producto\/reductor-ph-para-piscinas\/\" \/>\n<meta property=\"og:site_name\" content=\"Ecosoluciones Qu\u00edmicas\" \/>\n<meta property=\"article:publisher\" content=\"https:\/\/www.facebook.com\/ecosolucionesquimicasmadrid\/\" \/>\n<meta property=\"article:modified_time\" content=\"2025-11-20T15:56:06+00:00\" \/>\n<meta property=\"og:image\" content=\"https:\/\/www.ecosolucionesquimicas.es\/wp-content\/uploads\/2024\/02\/man-holding-lacmus-paper-after-water-testing-300x200.jpg\" \/>\n<meta name=\"twitter:card\" content=\"summary_large_image\" \/>\n<meta name=\"twitter:label1\" content=\"Disponibilit\u00e9\" \/>\n\t<meta name=\"twitter:data1\" content=\"En stock\" \/>\n<script type=\"application\/ld+json\" class=\"yoast-schema-graph\">{\"@context\":\"https:\\\/\\\/schema.org\",\"@graph\":[{\"@type\":\"WebPage\",\"@id\":\"https:\\\/\\\/www.ecosolucionesquimicas.es\\\/fr\\\/producto\\\/reductor-ph-para-piscinas\\\/\",\"url\":\"https:\\\/\\\/www.ecosolucionesquimicas.es\\\/fr\\\/producto\\\/reductor-ph-para-piscinas\\\/\",\"name\":\"R\u00e9ducteur de pH pour les piscines - Ecosoluciones Qu\u00edmicas\",\"isPartOf\":{\"@id\":\"https:\\\/\\\/www.ecosolucionesquimicas.es\\\/fr\\\/#website\"},\"primaryImageOfPage\":{\"@id\":\"https:\\\/\\\/www.ecosolucionesquimicas.es\\\/fr\\\/producto\\\/reductor-ph-para-piscinas\\\/#primaryimage\"},\"image\":{\"@id\":\"https:\\\/\\\/www.ecosolucionesquimicas.es\\\/fr\\\/producto\\\/reductor-ph-para-piscinas\\\/#primaryimage\"},\"thumbnailUrl\":\"https:\\\/\\\/www.ecosolucionesquimicas.es\\\/wp-content\\\/uploads\\\/2024\\\/02\\\/ECO-505555-scaled.jpg\",\"datePublished\":\"2024-02-22T12:39:52+00:00\",\"dateModified\":\"2025-11-20T15:56:06+00:00\",\"breadcrumb\":{\"@id\":\"https:\\\/\\\/www.ecosolucionesquimicas.es\\\/fr\\\/producto\\\/reductor-ph-para-piscinas\\\/#breadcrumb\"},\"inLanguage\":\"fr-FR\",\"potentialAction\":[{\"@type\":\"ReadAction\",\"target\":[\"https:\\\/\\\/www.ecosolucionesquimicas.es\\\/fr\\\/producto\\\/reductor-ph-para-piscinas\\\/\"]}]},{\"@type\":\"ImageObject\",\"inLanguage\":\"fr-FR\",\"@id\":\"https:\\\/\\\/www.ecosolucionesquimicas.es\\\/fr\\\/producto\\\/reductor-ph-para-piscinas\\\/#primaryimage\",\"url\":\"https:\\\/\\\/www.ecosolucionesquimicas.es\\\/wp-content\\\/uploads\\\/2024\\\/02\\\/ECO-505555-scaled.jpg\",\"contentUrl\":\"https:\\\/\\\/www.ecosolucionesquimicas.es\\\/wp-content\\\/uploads\\\/2024\\\/02\\\/ECO-505555-scaled.jpg\",\"width\":2350,\"height\":2560},{\"@type\":\"BreadcrumbList\",\"@id\":\"https:\\\/\\\/www.ecosolucionesquimicas.es\\\/fr\\\/producto\\\/reductor-ph-para-piscinas\\\/#breadcrumb\",\"itemListElement\":[{\"@type\":\"ListItem\",\"position\":1,\"name\":\"Portada\",\"item\":\"https:\\\/\\\/www.ecosolucionesquimicas.es\\\/fr\\\/home\\\/\"},{\"@type\":\"ListItem\",\"position\":2,\"name\":\"R\u00e9ducteur de pH pour les piscines\"}]},{\"@type\":\"WebSite\",\"@id\":\"https:\\\/\\\/www.ecosolucionesquimicas.es\\\/fr\\\/#website\",\"url\":\"https:\\\/\\\/www.ecosolucionesquimicas.es\\\/fr\\\/\",\"name\":\"Ecosoluciones Qu\u00edmicas\",\"description\":\"Achetez en ligne des produits d'entretien et des produits chimiques fabriqu\u00e9s par nos soins.\",\"publisher\":{\"@id\":\"https:\\\/\\\/www.ecosolucionesquimicas.es\\\/fr\\\/#organization\"},\"alternateName\":\"EQM\",\"potentialAction\":[{\"@type\":\"SearchAction\",\"target\":{\"@type\":\"EntryPoint\",\"urlTemplate\":\"https:\\\/\\\/www.ecosolucionesquimicas.es\\\/fr\\\/?s={search_term_string}\"},\"query-input\":{\"@type\":\"PropertyValueSpecification\",\"valueRequired\":true,\"valueName\":\"search_term_string\"}}],\"inLanguage\":\"fr-FR\"},{\"@type\":\"Organization\",\"@id\":\"https:\\\/\\\/www.ecosolucionesquimicas.es\\\/fr\\\/#organization\",\"name\":\"Ecosoluciones Qu\u00edmicas\",\"url\":\"https:\\\/\\\/www.ecosolucionesquimicas.es\\\/fr\\\/\",\"logo\":{\"@type\":\"ImageObject\",\"inLanguage\":\"fr-FR\",\"@id\":\"https:\\\/\\\/www.ecosolucionesquimicas.es\\\/fr\\\/#\\\/schema\\\/logo\\\/image\\\/\",\"url\":\"https:\\\/\\\/www.ecosolucionesquimicas.es\\\/wp-content\\\/uploads\\\/2024\\\/08\\\/LOGO-EQM-NUEVO-.png\",\"contentUrl\":\"https:\\\/\\\/www.ecosolucionesquimicas.es\\\/wp-content\\\/uploads\\\/2024\\\/08\\\/LOGO-EQM-NUEVO-.png\",\"width\":1060,\"height\":456,\"caption\":\"Ecosoluciones Qu\u00edmicas\"},\"image\":{\"@id\":\"https:\\\/\\\/www.ecosolucionesquimicas.es\\\/fr\\\/#\\\/schema\\\/logo\\\/image\\\/\"},\"sameAs\":[\"https:\\\/\\\/www.facebook.com\\\/ecosolucionesquimicasmadrid\\\/\",\"https:\\\/\\\/www.instagram.com\\\/ecosolucionesquimicas\\\/\"],\"hasMerchantReturnPolicy\":{\"@type\":\"MerchantReturnPolicy\",\"merchantReturnLink\":\"https:\\\/\\\/www.ecosolucionesquimicas.es\\\/refund_returns\\\/\"}}]}<\/script>\n<meta property=\"product:brand\" content=\"EQM\" \/>\n<meta property=\"og:availability\" content=\"instock\" \/>\n<meta property=\"product:availability\" content=\"instock\" \/>\n<meta property=\"product:retailer_item_id\" content=\"ECO-505\" \/>\n<meta property=\"product:condition\" content=\"new\" \/>\n<!-- \/ Yoast SEO Premium plugin. -->","yoast_head_json":{"title":"R\u00e9ducteur de pH pour les piscines - Ecosoluciones Qu\u00edmicas","robots":{"index":"index","follow":"follow","max-snippet":"max-snippet:-1","max-image-preview":"max-image-preview:large","max-video-preview":"max-video-preview:-1"},"canonical":"https:\/\/www.ecosolucionesquimicas.es\/fr\/producto\/reductor-ph-para-piscinas\/","og_locale":"fr_FR","og_type":"article","og_title":"R\u00e9ducteur de pH pour les piscines","og_description":"AVEC ECO-505, TU \u00c9VITES LES D\u00c9S\u00c9QUILIBRES DANS L'EAU ET TU GARANTIS L'EFFICACIT\u00c9 DU CHLORE. Ce produit ajuste le pH de l'eau lorsqu'il d\u00e9passe 7,6, ce qui garantit un fonctionnement optimal du chlore.  CONVIENT POUR UNE UTILISATION MANUELLE ET AUTOMATIQUE. Tu peux appliquer le produit manuellement ou \u00e0 l'aide d'un \u00e9quipement de dosage automatique et de contr\u00f4le du pH.  IL CONTIENT 15 % D'ACIDE SULFURIQUE. Cette concentration est id\u00e9ale pour les applications r\u00e9sidentielles.  COMPATIBLE AVEC TOUS LES TYPES DE PISCINES. ECO-505 convient aux piscines en b\u00e9ton, pr\u00e9fabriqu\u00e9es, d\u00e9montables et en sable, ainsi qu'aux piscines chauff\u00e9es, aux jacuzzis et aux spas. \u2705 FORMAT DE 5 ET 20 LITRES. \u26ab N\u00b0 de r\u00e9f. : ECO-505","og_url":"https:\/\/www.ecosolucionesquimicas.es\/fr\/producto\/reductor-ph-para-piscinas\/","og_site_name":"Ecosoluciones Qu\u00edmicas","article_publisher":"https:\/\/www.facebook.com\/ecosolucionesquimicasmadrid\/","article_modified_time":"2025-11-20T15:56:06+00:00","og_image":[{"url":"https:\/\/www.ecosolucionesquimicas.es\/wp-content\/uploads\/2024\/02\/man-holding-lacmus-paper-after-water-testing-300x200.jpg","type":"","width":"","height":""}],"twitter_card":"summary_large_image","twitter_misc":{"Disponibilit\u00e9":"En stock"},"schema":{"@context":"https:\/\/schema.org","@graph":[{"@type":"WebPage","@id":"https:\/\/www.ecosolucionesquimicas.es\/fr\/producto\/reductor-ph-para-piscinas\/","url":"https:\/\/www.ecosolucionesquimicas.es\/fr\/producto\/reductor-ph-para-piscinas\/","name":"R\u00e9ducteur de pH pour les piscines - Ecosoluciones Qu\u00edmicas","isPartOf":{"@id":"https:\/\/www.ecosolucionesquimicas.es\/fr\/#website"},"primaryImageOfPage":{"@id":"https:\/\/www.ecosolucionesquimicas.es\/fr\/producto\/reductor-ph-para-piscinas\/#primaryimage"},"image":{"@id":"https:\/\/www.ecosolucionesquimicas.es\/fr\/producto\/reductor-ph-para-piscinas\/#primaryimage"},"thumbnailUrl":"https:\/\/www.ecosolucionesquimicas.es\/wp-content\/uploads\/2024\/02\/ECO-505555-scaled.jpg","datePublished":"2024-02-22T12:39:52+00:00","dateModified":"2025-11-20T15:56:06+00:00","breadcrumb":{"@id":"https:\/\/www.ecosolucionesquimicas.es\/fr\/producto\/reductor-ph-para-piscinas\/#breadcrumb"},"inLanguage":"fr-FR","potentialAction":[{"@type":"ReadAction","target":["https:\/\/www.ecosolucionesquimicas.es\/fr\/producto\/reductor-ph-para-piscinas\/"]}]},{"@type":"ImageObject","inLanguage":"fr-FR","@id":"https:\/\/www.ecosolucionesquimicas.es\/fr\/producto\/reductor-ph-para-piscinas\/#primaryimage","url":"https:\/\/www.ecosolucionesquimicas.es\/wp-content\/uploads\/2024\/02\/ECO-505555-scaled.jpg","contentUrl":"https:\/\/www.ecosolucionesquimicas.es\/wp-content\/uploads\/2024\/02\/ECO-505555-scaled.jpg","width":2350,"height":2560},{"@type":"BreadcrumbList","@id":"https:\/\/www.ecosolucionesquimicas.es\/fr\/producto\/reductor-ph-para-piscinas\/#breadcrumb","itemListElement":[{"@type":"ListItem","position":1,"name":"Portada","item":"https:\/\/www.ecosolucionesquimicas.es\/fr\/home\/"},{"@type":"ListItem","position":2,"name":"R\u00e9ducteur de pH pour les piscines"}]},{"@type":"WebSite","@id":"https:\/\/www.ecosolucionesquimicas.es\/fr\/#website","url":"https:\/\/www.ecosolucionesquimicas.es\/fr\/","name":"Ecosoluciones Qu\u00edmicas","description":"Achetez en ligne des produits d'entretien et des produits chimiques fabriqu\u00e9s par nos soins.","publisher":{"@id":"https:\/\/www.ecosolucionesquimicas.es\/fr\/#organization"},"alternateName":"EQM","potentialAction":[{"@type":"SearchAction","target":{"@type":"EntryPoint","urlTemplate":"https:\/\/www.ecosolucionesquimicas.es\/fr\/?s={search_term_string}"},"query-input":{"@type":"PropertyValueSpecification","valueRequired":true,"valueName":"search_term_string"}}],"inLanguage":"fr-FR"},{"@type":"Organization","@id":"https:\/\/www.ecosolucionesquimicas.es\/fr\/#organization","name":"Ecosoluciones Qu\u00edmicas","url":"https:\/\/www.ecosolucionesquimicas.es\/fr\/","logo":{"@type":"ImageObject","inLanguage":"fr-FR","@id":"https:\/\/www.ecosolucionesquimicas.es\/fr\/#\/schema\/logo\/image\/","url":"https:\/\/www.ecosolucionesquimicas.es\/wp-content\/uploads\/2024\/08\/LOGO-EQM-NUEVO-.png","contentUrl":"https:\/\/www.ecosolucionesquimicas.es\/wp-content\/uploads\/2024\/08\/LOGO-EQM-NUEVO-.png","width":1060,"height":456,"caption":"Ecosoluciones Qu\u00edmicas"},"image":{"@id":"https:\/\/www.ecosolucionesquimicas.es\/fr\/#\/schema\/logo\/image\/"},"sameAs":["https:\/\/www.facebook.com\/ecosolucionesquimicasmadrid\/","https:\/\/www.instagram.com\/ecosolucionesquimicas\/"],"hasMerchantReturnPolicy":{"@type":"MerchantReturnPolicy","merchantReturnLink":"https:\/\/www.ecosolucionesquimicas.es\/refund_returns\/"}}]},"product_brand":"EQM","og_availability":"instock","product_availability":"instock","product_retailer_item_id":"ECO-505","product_condition":"new"},"_links":{"self":[{"href":"https:\/\/www.ecosolucionesquimicas.es\/fr\/wp-json\/wp\/v2\/product\/12068","targetHints":{"allow":["GET"]}}],"collection":[{"href":"https:\/\/www.ecosolucionesquimicas.es\/fr\/wp-json\/wp\/v2\/product"}],"about":[{"href":"https:\/\/www.ecosolucionesquimicas.es\/fr\/wp-json\/wp\/v2\/types\/product"}],"wp:featuredmedia":[{"embeddable":true,"href":"https:\/\/www.ecosolucionesquimicas.es\/fr\/wp-json\/wp\/v2\/media\/12069"}],"wp:attachment":[{"href":"https:\/\/www.ecosolucionesquimicas.es\/fr\/wp-json\/wp\/v2\/media?parent=12068"}],"wp:term":[{"taxonomy":"product_brand","embeddable":true,"href":"https:\/\/www.ecosolucionesquimicas.es\/fr\/wp-json\/wp\/v2\/product_brand?post=12068"},{"taxonomy":"product_cat","embeddable":true,"href":"https:\/\/www.ecosolucionesquimicas.es\/fr\/wp-json\/wp\/v2\/product_cat?post=12068"},{"taxonomy":"product_tag","embeddable":true,"href":"https:\/\/www.ecosolucionesquimicas.es\/fr\/wp-json\/wp\/v2\/product_tag?post=12068"}],"curies":[{"name":"wp","href":"https:\/\/api.w.org\/{rel}","templated":true}]}}