{"id":11776,"date":"2024-02-22T13:39:56","date_gmt":"2024-02-22T12:39:56","guid":{"rendered":"https:\/\/www.ecosolucionesquimicas.es\/producto\/glicerina-vegetal\/"},"modified":"2026-01-10T12:02:26","modified_gmt":"2026-01-10T11:02:26","slug":"glicerina-vegetal","status":"publish","type":"product","link":"https:\/\/www.ecosolucionesquimicas.es\/fr\/producto\/glicerina-vegetal\/","title":{"rendered":"Glyc\u00e9rine v\u00e9g\u00e9tale"},"content":{"rendered":"<p><img fetchpriority=\"high\" decoding=\"async\" class=\"alignnone wp-image-3965\" src=\"https:\/\/www.ecosolucionesquimicas.es\/wp-content\/uploads\/2024\/02\/ECO-904-300x157.jpg\" alt=\"\" width=\"550\" height=\"288\" srcset=\"https:\/\/www.ecosolucionesquimicas.es\/wp-content\/uploads\/2024\/02\/ECO-904-300x157.jpg 300w, https:\/\/www.ecosolucionesquimicas.es\/wp-content\/uploads\/2024\/02\/ECO-904-1024x536.jpg 1024w, https:\/\/www.ecosolucionesquimicas.es\/wp-content\/uploads\/2024\/02\/ECO-904-768x402.jpg 768w, https:\/\/www.ecosolucionesquimicas.es\/wp-content\/uploads\/2024\/02\/ECO-904-1536x804.jpg 1536w, https:\/\/www.ecosolucionesquimicas.es\/wp-content\/uploads\/2024\/02\/ECO-904-2048x1072.jpg 2048w, https:\/\/www.ecosolucionesquimicas.es\/wp-content\/uploads\/2024\/02\/ECO-904-600x314.jpg 600w\" sizes=\"(max-width: 550px) 100vw, 550px\" \/><\/p>\n<p><strong>CANDIDATURES<\/strong><\/p>\n<p><strong>Hydratant dans les cosm\u00e9tiques :<\/strong> maintient la peau hydrat\u00e9e dans les cr\u00e8mes et les lotions.<br \/>\n<strong>Production de savons :<\/strong> A base de savons \u00e0 la glyc\u00e9rine, id\u00e9aux pour les peaux sensibles.<br \/>\n<strong>Industrie alimentaire :<\/strong> \u00e9dulcorant et humectant dans les produits de boulangerie, prolongeant leur fra\u00eecheur.<br \/>\n\u2714 <strong>So<\/strong> <strong>ins des cheveux :<\/strong> Hydratation dans les shampooings et les apr\u00e8s-shampooings.<br \/>\n<strong>\u2714<\/strong> <strong>Formulation de produits m\u00e9dicinaux :<\/strong> Stabilise les solutions dans les sirops et les suppositoires.<br \/>\n<strong>Produits dentaires :<\/strong> maintient la consistance des dentifrices et des bains de bouche.<br \/>\n<strong>Peintures et encres :<\/strong> agent plastifiant et stabilisant pour emp\u00eacher un s\u00e9chage rapide.<br \/>\n<strong>E-liquides :<\/strong> Base dans les liquides pour e-cigarettes, am\u00e9liore la formation et la texture de la vapeur.<\/p>\n","protected":false},"excerpt":{"rendered":"<div class=\"flex-shrink-0 flex flex-col relative items-end\">\n<div class=\"pt-0\">\n<div class=\"gizmo-bot-avatar flex h-8 w-8 items-center justify-center overflow-hidden rounded-full\">\n<p><strong> L&rsquo;ECO-904 EST UN LIQUIDE INCOLORE, INODORE ET AU GO\u00dbT SUCR\u00c9 QUI SE DISSOUT DANS L&rsquo;EAU ET L&rsquo;ALCOOL<\/strong>. Ce produit naturel, extrait d&rsquo;huiles v\u00e9g\u00e9tales, se distingue par sa haute qualit\u00e9 et sa polyvalence dans diff\u00e9rentes applications. <\/p>\n<p><strong> UN EXCELLENT HYDRATANT D&rsquo;ORIGINE V\u00c9G\u00c9TALE.<\/strong> La glyc\u00e9rine v\u00e9g\u00e9tale absorbe l&rsquo;humidit\u00e9 de l&rsquo;air, ce qui permet \u00e0 la peau et aux cheveux de rester nourris et d&rsquo;am\u00e9liorer leur apparence et leur brillance.<\/p>\n<p><strong> ID\u00c9AL POUR TOUS LES TYPES DE PEAU, M\u00caME LES PEAUX SENSIBLES OU IRRIT\u00c9ES<\/strong><strong>.<\/strong> La glyc\u00e9rine v\u00e9g\u00e9tale est hypoallerg\u00e9nique, ce qui la rend adapt\u00e9e au soin des peaux d\u00e9licates, car elle est douce et non irritante. <\/p>\n<p><strong> UN COMPOSANT ESSENTIEL DES LOTIONS, DES CR\u00c8MES, DES SHAMPOOINGS ET DES GELS<\/strong>. <strong>PURE \u00c0 99,5 % <\/strong>. Sa capacit\u00e9 \u00e0 attirer et \u00e0 retenir l&rsquo;humidit\u00e9 en fait un hydratant profond pour la peau et les cheveux, am\u00e9liorant la douceur et la brillance avec une utilisation constante.<\/p>\n<\/div>\n<\/div>\n<\/div>\n<div class=\"group\/conversation-turn relative flex w-full min-w-0 flex-col agent-turn\">\n<div class=\"flex-col gap-1 md:gap-3\">\n<div class=\"flex max-w-full flex-col flex-grow\">\n<div class=\"min-h-[20px] text-message flex w-full flex-col items-end gap-2 whitespace-normal break-words [.text-message+&amp;]:mt-5 overflow-x-auto\" dir=\"auto\" data-message-author-role=\"assistant\" data-message-id=\"1b9762a4-961a-4fe5-962c-8ff0dacba8d4\">\n<div class=\"flex w-full flex-col gap-1 empty:hidden first:pt-[3px]\">\n<div class=\"markdown prose w-full break-words dark:prose-invert light\">\n<p><strong>\u2705<\/strong><strong> FORMATS DE 500 ML, 1, 5 ET 20 LITRES.<\/strong><\/p>\n<p><strong>\u26ab<\/strong><strong> N\u00b0 de r\u00e9f. : ECO-904<\/strong><\/p>\n<\/div>\n<\/div>\n<\/div>\n<\/div>\n<\/div>\n<\/div>\n","protected":false},"featured_media":11780,"template":"","meta":[],"product_brand":[225],"product_cat":[479],"product_tag":[535],"class_list":{"0":"post-11776","1":"product","2":"type-product","3":"status-publish","4":"has-post-thumbnail","6":"product_brand-eqm","7":"product_cat-cuidado-personal","8":"product_tag-glicerina","10":"first","11":"instock","12":"taxable","13":"shipping-taxable","14":"purchasable","15":"product-type-variable"},"acf":[],"yoast_head":"<!-- This site is optimized with the Yoast SEO Premium plugin v27.1 (Yoast SEO v27.4) - https:\/\/yoast.com\/product\/yoast-seo-premium-wordpress\/ -->\n<title>Glyc\u00e9rine v\u00e9g\u00e9tale - Ecosoluciones Qu\u00edmicas<\/title>\n<meta name=\"robots\" content=\"index, follow, max-snippet:-1, max-image-preview:large, max-video-preview:-1\" \/>\n<link rel=\"canonical\" href=\"https:\/\/www.ecosolucionesquimicas.es\/fr\/producto\/glicerina-vegetal\/\" \/>\n<meta property=\"og:locale\" content=\"fr_FR\" \/>\n<meta property=\"og:type\" content=\"article\" \/>\n<meta property=\"og:title\" content=\"Glyc\u00e9rine v\u00e9g\u00e9tale\" \/>\n<meta property=\"og:description\" content=\"L&#039;ECO-904 EST UN LIQUIDE INCOLORE, INODORE ET AU GO\u00dbT SUCR\u00c9 QUI SE DISSOUT DANS L&#039;EAU ET L&#039;ALCOOL. Ce produit naturel, extrait d&#039;huiles v\u00e9g\u00e9tales, se distingue par sa haute qualit\u00e9 et sa polyvalence dans diff\u00e9rentes applications.  UN EXCELLENT HYDRATANT D&#039;ORIGINE V\u00c9G\u00c9TALE. La glyc\u00e9rine v\u00e9g\u00e9tale absorbe l&#039;humidit\u00e9 de l&#039;air, ce qui permet \u00e0 la peau et aux cheveux de rester nourris et d&#039;am\u00e9liorer leur apparence et leur brillance.  ID\u00c9AL POUR TOUS LES TYPES DE PEAU, M\u00caME LES PEAUX SENSIBLES OU IRRIT\u00c9ES. La glyc\u00e9rine v\u00e9g\u00e9tale est hypoallerg\u00e9nique, ce qui la rend adapt\u00e9e au soin des peaux d\u00e9licates, car elle est douce et non irritante.  UN COMPOSANT ESSENTIEL DES LOTIONS, DES CR\u00c8MES, DES SHAMPOOINGS ET DES GELS. PURE \u00c0 99,5 % . Sa capacit\u00e9 \u00e0 attirer et \u00e0 retenir l&#039;humidit\u00e9 en fait un hydratant profond pour la peau et les cheveux, am\u00e9liorant la douceur et la brillance avec une utilisation constante.      \u2705 FORMATS DE 500 ML, 1, 5 ET 20 LITRES. \u26ab N\u00b0 de r\u00e9f. : ECO-904\" \/>\n<meta property=\"og:url\" content=\"https:\/\/www.ecosolucionesquimicas.es\/fr\/producto\/glicerina-vegetal\/\" \/>\n<meta property=\"og:site_name\" content=\"Ecosoluciones Qu\u00edmicas\" \/>\n<meta property=\"article:publisher\" content=\"https:\/\/www.facebook.com\/ecosolucionesquimicasmadrid\/\" \/>\n<meta property=\"article:modified_time\" content=\"2026-01-10T11:02:26+00:00\" \/>\n<meta property=\"og:image\" content=\"https:\/\/www.ecosolucionesquimicas.es\/wp-content\/uploads\/2024\/02\/ECO-904-1L-scaled.jpg\" \/>\n\t<meta property=\"og:image:width\" content=\"2350\" \/>\n\t<meta property=\"og:image:height\" content=\"2560\" \/>\n\t<meta property=\"og:image:type\" content=\"image\/jpeg\" \/>\n<meta name=\"twitter:card\" content=\"summary_large_image\" \/>\n<meta name=\"twitter:label1\" content=\"Disponibilit\u00e9\" \/>\n\t<meta name=\"twitter:data1\" content=\"En stock\" \/>\n<script type=\"application\/ld+json\" class=\"yoast-schema-graph\">{\"@context\":\"https:\\\/\\\/schema.org\",\"@graph\":[{\"@type\":\"WebPage\",\"@id\":\"https:\\\/\\\/www.ecosolucionesquimicas.es\\\/fr\\\/producto\\\/glicerina-vegetal\\\/\",\"url\":\"https:\\\/\\\/www.ecosolucionesquimicas.es\\\/fr\\\/producto\\\/glicerina-vegetal\\\/\",\"name\":\"Glyc\u00e9rine v\u00e9g\u00e9tale - Ecosoluciones Qu\u00edmicas\",\"isPartOf\":{\"@id\":\"https:\\\/\\\/www.ecosolucionesquimicas.es\\\/fr\\\/#website\"},\"primaryImageOfPage\":{\"@id\":\"https:\\\/\\\/www.ecosolucionesquimicas.es\\\/fr\\\/producto\\\/glicerina-vegetal\\\/#primaryimage\"},\"image\":{\"@id\":\"https:\\\/\\\/www.ecosolucionesquimicas.es\\\/fr\\\/producto\\\/glicerina-vegetal\\\/#primaryimage\"},\"thumbnailUrl\":\"https:\\\/\\\/www.ecosolucionesquimicas.es\\\/wp-content\\\/uploads\\\/2024\\\/02\\\/ECO-904-1L-scaled.jpg\",\"datePublished\":\"2024-02-22T12:39:56+00:00\",\"dateModified\":\"2026-01-10T11:02:26+00:00\",\"breadcrumb\":{\"@id\":\"https:\\\/\\\/www.ecosolucionesquimicas.es\\\/fr\\\/producto\\\/glicerina-vegetal\\\/#breadcrumb\"},\"inLanguage\":\"fr-FR\",\"potentialAction\":[{\"@type\":\"ReadAction\",\"target\":[\"https:\\\/\\\/www.ecosolucionesquimicas.es\\\/fr\\\/producto\\\/glicerina-vegetal\\\/\"]}]},{\"@type\":\"ImageObject\",\"inLanguage\":\"fr-FR\",\"@id\":\"https:\\\/\\\/www.ecosolucionesquimicas.es\\\/fr\\\/producto\\\/glicerina-vegetal\\\/#primaryimage\",\"url\":\"https:\\\/\\\/www.ecosolucionesquimicas.es\\\/wp-content\\\/uploads\\\/2024\\\/02\\\/ECO-904-1L-scaled.jpg\",\"contentUrl\":\"https:\\\/\\\/www.ecosolucionesquimicas.es\\\/wp-content\\\/uploads\\\/2024\\\/02\\\/ECO-904-1L-scaled.jpg\",\"width\":2350,\"height\":2560},{\"@type\":\"BreadcrumbList\",\"@id\":\"https:\\\/\\\/www.ecosolucionesquimicas.es\\\/fr\\\/producto\\\/glicerina-vegetal\\\/#breadcrumb\",\"itemListElement\":[{\"@type\":\"ListItem\",\"position\":1,\"name\":\"Portada\",\"item\":\"https:\\\/\\\/www.ecosolucionesquimicas.es\\\/fr\\\/home\\\/\"},{\"@type\":\"ListItem\",\"position\":2,\"name\":\"Glyc\u00e9rine v\u00e9g\u00e9tale\"}]},{\"@type\":\"WebSite\",\"@id\":\"https:\\\/\\\/www.ecosolucionesquimicas.es\\\/fr\\\/#website\",\"url\":\"https:\\\/\\\/www.ecosolucionesquimicas.es\\\/fr\\\/\",\"name\":\"Ecosoluciones Qu\u00edmicas\",\"description\":\"Achetez en ligne des produits d'entretien et des produits chimiques fabriqu\u00e9s par nos soins.\",\"publisher\":{\"@id\":\"https:\\\/\\\/www.ecosolucionesquimicas.es\\\/fr\\\/#organization\"},\"alternateName\":\"EQM\",\"potentialAction\":[{\"@type\":\"SearchAction\",\"target\":{\"@type\":\"EntryPoint\",\"urlTemplate\":\"https:\\\/\\\/www.ecosolucionesquimicas.es\\\/fr\\\/?s={search_term_string}\"},\"query-input\":{\"@type\":\"PropertyValueSpecification\",\"valueRequired\":true,\"valueName\":\"search_term_string\"}}],\"inLanguage\":\"fr-FR\"},{\"@type\":\"Organization\",\"@id\":\"https:\\\/\\\/www.ecosolucionesquimicas.es\\\/fr\\\/#organization\",\"name\":\"Ecosoluciones Qu\u00edmicas\",\"url\":\"https:\\\/\\\/www.ecosolucionesquimicas.es\\\/fr\\\/\",\"logo\":{\"@type\":\"ImageObject\",\"inLanguage\":\"fr-FR\",\"@id\":\"https:\\\/\\\/www.ecosolucionesquimicas.es\\\/fr\\\/#\\\/schema\\\/logo\\\/image\\\/\",\"url\":\"https:\\\/\\\/www.ecosolucionesquimicas.es\\\/wp-content\\\/uploads\\\/2024\\\/08\\\/LOGO-EQM-NUEVO-.png\",\"contentUrl\":\"https:\\\/\\\/www.ecosolucionesquimicas.es\\\/wp-content\\\/uploads\\\/2024\\\/08\\\/LOGO-EQM-NUEVO-.png\",\"width\":1060,\"height\":456,\"caption\":\"Ecosoluciones Qu\u00edmicas\"},\"image\":{\"@id\":\"https:\\\/\\\/www.ecosolucionesquimicas.es\\\/fr\\\/#\\\/schema\\\/logo\\\/image\\\/\"},\"sameAs\":[\"https:\\\/\\\/www.facebook.com\\\/ecosolucionesquimicasmadrid\\\/\",\"https:\\\/\\\/www.instagram.com\\\/ecosolucionesquimicas\\\/\"],\"hasMerchantReturnPolicy\":{\"@type\":\"MerchantReturnPolicy\",\"merchantReturnLink\":\"https:\\\/\\\/www.ecosolucionesquimicas.es\\\/refund_returns\\\/\"}}]}<\/script>\n<meta property=\"product:brand\" content=\"EQM\" \/>\n<meta property=\"og:availability\" content=\"instock\" \/>\n<meta property=\"product:availability\" content=\"instock\" \/>\n<meta property=\"product:retailer_item_id\" content=\"ECO-904\" \/>\n<meta property=\"product:condition\" content=\"new\" \/>\n<!-- \/ Yoast SEO Premium plugin. -->","yoast_head_json":{"title":"Glyc\u00e9rine v\u00e9g\u00e9tale - Ecosoluciones Qu\u00edmicas","robots":{"index":"index","follow":"follow","max-snippet":"max-snippet:-1","max-image-preview":"max-image-preview:large","max-video-preview":"max-video-preview:-1"},"canonical":"https:\/\/www.ecosolucionesquimicas.es\/fr\/producto\/glicerina-vegetal\/","og_locale":"fr_FR","og_type":"article","og_title":"Glyc\u00e9rine v\u00e9g\u00e9tale","og_description":"L'ECO-904 EST UN LIQUIDE INCOLORE, INODORE ET AU GO\u00dbT SUCR\u00c9 QUI SE DISSOUT DANS L'EAU ET L'ALCOOL. Ce produit naturel, extrait d'huiles v\u00e9g\u00e9tales, se distingue par sa haute qualit\u00e9 et sa polyvalence dans diff\u00e9rentes applications.  UN EXCELLENT HYDRATANT D'ORIGINE V\u00c9G\u00c9TALE. La glyc\u00e9rine v\u00e9g\u00e9tale absorbe l'humidit\u00e9 de l'air, ce qui permet \u00e0 la peau et aux cheveux de rester nourris et d'am\u00e9liorer leur apparence et leur brillance.  ID\u00c9AL POUR TOUS LES TYPES DE PEAU, M\u00caME LES PEAUX SENSIBLES OU IRRIT\u00c9ES. La glyc\u00e9rine v\u00e9g\u00e9tale est hypoallerg\u00e9nique, ce qui la rend adapt\u00e9e au soin des peaux d\u00e9licates, car elle est douce et non irritante.  UN COMPOSANT ESSENTIEL DES LOTIONS, DES CR\u00c8MES, DES SHAMPOOINGS ET DES GELS. PURE \u00c0 99,5 % . Sa capacit\u00e9 \u00e0 attirer et \u00e0 retenir l'humidit\u00e9 en fait un hydratant profond pour la peau et les cheveux, am\u00e9liorant la douceur et la brillance avec une utilisation constante.      \u2705 FORMATS DE 500 ML, 1, 5 ET 20 LITRES. \u26ab N\u00b0 de r\u00e9f. : ECO-904","og_url":"https:\/\/www.ecosolucionesquimicas.es\/fr\/producto\/glicerina-vegetal\/","og_site_name":"Ecosoluciones Qu\u00edmicas","article_publisher":"https:\/\/www.facebook.com\/ecosolucionesquimicasmadrid\/","article_modified_time":"2026-01-10T11:02:26+00:00","og_image":[{"width":2350,"height":2560,"url":"https:\/\/www.ecosolucionesquimicas.es\/wp-content\/uploads\/2024\/02\/ECO-904-1L-scaled.jpg","type":"image\/jpeg"}],"twitter_card":"summary_large_image","twitter_misc":{"Disponibilit\u00e9":"En stock"},"schema":{"@context":"https:\/\/schema.org","@graph":[{"@type":"WebPage","@id":"https:\/\/www.ecosolucionesquimicas.es\/fr\/producto\/glicerina-vegetal\/","url":"https:\/\/www.ecosolucionesquimicas.es\/fr\/producto\/glicerina-vegetal\/","name":"Glyc\u00e9rine v\u00e9g\u00e9tale - Ecosoluciones Qu\u00edmicas","isPartOf":{"@id":"https:\/\/www.ecosolucionesquimicas.es\/fr\/#website"},"primaryImageOfPage":{"@id":"https:\/\/www.ecosolucionesquimicas.es\/fr\/producto\/glicerina-vegetal\/#primaryimage"},"image":{"@id":"https:\/\/www.ecosolucionesquimicas.es\/fr\/producto\/glicerina-vegetal\/#primaryimage"},"thumbnailUrl":"https:\/\/www.ecosolucionesquimicas.es\/wp-content\/uploads\/2024\/02\/ECO-904-1L-scaled.jpg","datePublished":"2024-02-22T12:39:56+00:00","dateModified":"2026-01-10T11:02:26+00:00","breadcrumb":{"@id":"https:\/\/www.ecosolucionesquimicas.es\/fr\/producto\/glicerina-vegetal\/#breadcrumb"},"inLanguage":"fr-FR","potentialAction":[{"@type":"ReadAction","target":["https:\/\/www.ecosolucionesquimicas.es\/fr\/producto\/glicerina-vegetal\/"]}]},{"@type":"ImageObject","inLanguage":"fr-FR","@id":"https:\/\/www.ecosolucionesquimicas.es\/fr\/producto\/glicerina-vegetal\/#primaryimage","url":"https:\/\/www.ecosolucionesquimicas.es\/wp-content\/uploads\/2024\/02\/ECO-904-1L-scaled.jpg","contentUrl":"https:\/\/www.ecosolucionesquimicas.es\/wp-content\/uploads\/2024\/02\/ECO-904-1L-scaled.jpg","width":2350,"height":2560},{"@type":"BreadcrumbList","@id":"https:\/\/www.ecosolucionesquimicas.es\/fr\/producto\/glicerina-vegetal\/#breadcrumb","itemListElement":[{"@type":"ListItem","position":1,"name":"Portada","item":"https:\/\/www.ecosolucionesquimicas.es\/fr\/home\/"},{"@type":"ListItem","position":2,"name":"Glyc\u00e9rine v\u00e9g\u00e9tale"}]},{"@type":"WebSite","@id":"https:\/\/www.ecosolucionesquimicas.es\/fr\/#website","url":"https:\/\/www.ecosolucionesquimicas.es\/fr\/","name":"Ecosoluciones Qu\u00edmicas","description":"Achetez en ligne des produits d'entretien et des produits chimiques fabriqu\u00e9s par nos soins.","publisher":{"@id":"https:\/\/www.ecosolucionesquimicas.es\/fr\/#organization"},"alternateName":"EQM","potentialAction":[{"@type":"SearchAction","target":{"@type":"EntryPoint","urlTemplate":"https:\/\/www.ecosolucionesquimicas.es\/fr\/?s={search_term_string}"},"query-input":{"@type":"PropertyValueSpecification","valueRequired":true,"valueName":"search_term_string"}}],"inLanguage":"fr-FR"},{"@type":"Organization","@id":"https:\/\/www.ecosolucionesquimicas.es\/fr\/#organization","name":"Ecosoluciones Qu\u00edmicas","url":"https:\/\/www.ecosolucionesquimicas.es\/fr\/","logo":{"@type":"ImageObject","inLanguage":"fr-FR","@id":"https:\/\/www.ecosolucionesquimicas.es\/fr\/#\/schema\/logo\/image\/","url":"https:\/\/www.ecosolucionesquimicas.es\/wp-content\/uploads\/2024\/08\/LOGO-EQM-NUEVO-.png","contentUrl":"https:\/\/www.ecosolucionesquimicas.es\/wp-content\/uploads\/2024\/08\/LOGO-EQM-NUEVO-.png","width":1060,"height":456,"caption":"Ecosoluciones Qu\u00edmicas"},"image":{"@id":"https:\/\/www.ecosolucionesquimicas.es\/fr\/#\/schema\/logo\/image\/"},"sameAs":["https:\/\/www.facebook.com\/ecosolucionesquimicasmadrid\/","https:\/\/www.instagram.com\/ecosolucionesquimicas\/"],"hasMerchantReturnPolicy":{"@type":"MerchantReturnPolicy","merchantReturnLink":"https:\/\/www.ecosolucionesquimicas.es\/refund_returns\/"}}]},"product_brand":"EQM","og_availability":"instock","product_availability":"instock","product_retailer_item_id":"ECO-904","product_condition":"new"},"_links":{"self":[{"href":"https:\/\/www.ecosolucionesquimicas.es\/fr\/wp-json\/wp\/v2\/product\/11776","targetHints":{"allow":["GET"]}}],"collection":[{"href":"https:\/\/www.ecosolucionesquimicas.es\/fr\/wp-json\/wp\/v2\/product"}],"about":[{"href":"https:\/\/www.ecosolucionesquimicas.es\/fr\/wp-json\/wp\/v2\/types\/product"}],"wp:featuredmedia":[{"embeddable":true,"href":"https:\/\/www.ecosolucionesquimicas.es\/fr\/wp-json\/wp\/v2\/media\/11780"}],"wp:attachment":[{"href":"https:\/\/www.ecosolucionesquimicas.es\/fr\/wp-json\/wp\/v2\/media?parent=11776"}],"wp:term":[{"taxonomy":"product_brand","embeddable":true,"href":"https:\/\/www.ecosolucionesquimicas.es\/fr\/wp-json\/wp\/v2\/product_brand?post=11776"},{"taxonomy":"product_cat","embeddable":true,"href":"https:\/\/www.ecosolucionesquimicas.es\/fr\/wp-json\/wp\/v2\/product_cat?post=11776"},{"taxonomy":"product_tag","embeddable":true,"href":"https:\/\/www.ecosolucionesquimicas.es\/fr\/wp-json\/wp\/v2\/product_tag?post=11776"}],"curies":[{"name":"wp","href":"https:\/\/api.w.org\/{rel}","templated":true}]}}