{"id":11756,"date":"2024-02-22T13:39:56","date_gmt":"2024-02-22T12:39:56","guid":{"rendered":"https:\/\/www.ecosolucionesquimicas.es\/producto\/limpiador-hidroalcoholico-textil\/"},"modified":"2025-11-20T16:56:25","modified_gmt":"2025-11-20T15:56:25","slug":"limpiador-hidroalcoholico-textil","status":"publish","type":"product","link":"https:\/\/www.ecosolucionesquimicas.es\/fr\/producto\/limpiador-hidroalcoholico-textil\/","title":{"rendered":"Nettoyant hydroalcoolique pour textiles"},"content":{"rendered":"<p><img fetchpriority=\"high\" decoding=\"async\" class=\"alignnone wp-image-2153\" src=\"https:\/\/www.ecosolucionesquimicas.es\/wp-content\/uploads\/2024\/02\/LIMPIADOR-HIDRfoto-descripcion.jpg\" alt=\"\" width=\"550\" height=\"317\"><\/p>\n<p><strong>MODE D&rsquo;EMPLOI<\/strong><\/p>\n<p><strong>Pr\u00e9paration :<\/strong> S&rsquo;assurer que la surface est exempte de poussi\u00e8re.<br \/>\n\ud83d\udd18 <strong>Application :<\/strong> Vaporiser ECO-903 uniform\u00e9ment \u00e0 une distance de 20 \u00e0 30 cm, en couvrant toute la surface.<br \/>\n\ud83d\udd18 <strong>Temps d&rsquo;action :<\/strong> Laisser le produit agir pendant quelques secondes.<br \/>\n\ud83d\udd18 <strong>S\u00e9chage :<\/strong> S\u00e8che rapidement ; il n&rsquo;est pas n\u00e9cessaire de rincer ou de s\u00e9cher manuellement.<\/p>\n<p><strong>Recommandations :<\/strong><\/p>\n<p>\u2757Avite une utilisation excessive pour \u00e9viter de tacher ou d&rsquo;endommager les tissus.<br \/>\n\u2757Utiliser le produit dans un endroit bien ventil\u00e9. \u00c9vite tout contact direct avec les yeux et la peau. En cas de contact, rincer abondamment \u00e0 l&rsquo;eau.  <\/p>\n","protected":false},"excerpt":{"rendered":"<p><strong>FORMUL\u00c9 AVEC 70 % D&rsquo;ALCOOL ET DE L&rsquo;AMMONIUM QUATERNAIRE<\/strong>. Garantit un nettoyage et une d\u00e9sinfection en profondeur, en \u00e9liminant la salet\u00e9 et en pr\u00e9venant les germes et les bact\u00e9ries, en maintenant des normes d&rsquo;hygi\u00e8ne \u00e9lev\u00e9es. <\/p>\n<p>\u2705 <strong>S\u00c8CHE RAPIDEMENT SANS LAISSER DE TACHES<\/strong>. Laisse les v\u00eatements frais et sans odeur, avec un nettoyage efficace qui ne laisse aucun r\u00e9sidu visible et assure une hygi\u00e8ne compl\u00e8te. <\/p>\n<p><strong>CONVIENT \u00c0 UNE GRANDE VARI\u00c9T\u00c9 DE TEXTILES<\/strong>. Id\u00e9al pour les v\u00eatements, les chaussures, les rideaux, les canap\u00e9s, les coussins, les couettes et les tapis, adapt\u00e9 aux v\u00eatements blancs et color\u00e9s, assurant un nettoyage efficace sans ab\u00eemer les tissus. <\/p>\n<p><strong>PARFAIT POUR UNE UTILISATION QUOTIDIENNE OU R\u00c9GULI\u00c8RE<\/strong>. Maintient les textiles dans un \u00e9tat de propret\u00e9 et d&rsquo;hygi\u00e8ne optimal sans affecter leur durabilit\u00e9, ce qui garantit des performances constantes et durables. <\/p>\n<p><strong>FORMATS DE 750 ML, 5 ET 20 LITRES.<\/strong><\/p>\n<p><strong>R\u00e9f\u00e9rence : ECO-903<\/strong><\/p>\n","protected":false},"featured_media":11760,"template":"","meta":[],"product_brand":[225],"product_cat":[502,501],"product_tag":[510,414,533],"class_list":{"0":"post-11756","1":"product","2":"type-product","3":"status-publish","4":"has-post-thumbnail","6":"product_brand-eqm","7":"product_cat-alcoholes-y-soluciones-hidroalcoholicas","8":"product_cat-limpiezas-de-superficies-con-accion-reforzada","9":"product_tag-hidroalcoholico","10":"product_tag-limpiador","11":"product_tag-textil","13":"first","14":"instock","15":"taxable","16":"shipping-taxable","17":"purchasable","18":"product-type-variable"},"acf":[],"yoast_head":"<!-- This site is optimized with the Yoast SEO Premium plugin v27.1 (Yoast SEO v27.4) - https:\/\/yoast.com\/product\/yoast-seo-premium-wordpress\/ -->\n<title>Nettoyant hydroalcoolique pour textiles - Ecosoluciones Qu\u00edmicas<\/title>\n<meta name=\"robots\" content=\"index, follow, max-snippet:-1, max-image-preview:large, max-video-preview:-1\" \/>\n<link rel=\"canonical\" href=\"https:\/\/www.ecosolucionesquimicas.es\/fr\/producto\/limpiador-hidroalcoholico-textil\/\" \/>\n<meta property=\"og:locale\" content=\"fr_FR\" \/>\n<meta property=\"og:type\" content=\"article\" \/>\n<meta property=\"og:title\" content=\"Nettoyant hydroalcoolique pour textiles\" \/>\n<meta property=\"og:description\" content=\"FORMUL\u00c9 AVEC 70 % D&#039;ALCOOL ET DE L&#039;AMMONIUM QUATERNAIRE. Garantit un nettoyage et une d\u00e9sinfection en profondeur, en \u00e9liminant la salet\u00e9 et en pr\u00e9venant les germes et les bact\u00e9ries, en maintenant des normes d&#039;hygi\u00e8ne \u00e9lev\u00e9es.  \u2705 S\u00c8CHE RAPIDEMENT SANS LAISSER DE TACHES. Laisse les v\u00eatements frais et sans odeur, avec un nettoyage efficace qui ne laisse aucun r\u00e9sidu visible et assure une hygi\u00e8ne compl\u00e8te.  CONVIENT \u00c0 UNE GRANDE VARI\u00c9T\u00c9 DE TEXTILES. Id\u00e9al pour les v\u00eatements, les chaussures, les rideaux, les canap\u00e9s, les coussins, les couettes et les tapis, adapt\u00e9 aux v\u00eatements blancs et color\u00e9s, assurant un nettoyage efficace sans ab\u00eemer les tissus.  PARFAIT POUR UNE UTILISATION QUOTIDIENNE OU R\u00c9GULI\u00c8RE. Maintient les textiles dans un \u00e9tat de propret\u00e9 et d&#039;hygi\u00e8ne optimal sans affecter leur durabilit\u00e9, ce qui garantit des performances constantes et durables.  FORMATS DE 750 ML, 5 ET 20 LITRES. R\u00e9f\u00e9rence : ECO-903\" \/>\n<meta property=\"og:url\" content=\"https:\/\/www.ecosolucionesquimicas.es\/fr\/producto\/limpiador-hidroalcoholico-textil\/\" \/>\n<meta property=\"og:site_name\" content=\"Ecosoluciones Qu\u00edmicas\" \/>\n<meta property=\"article:publisher\" content=\"https:\/\/www.facebook.com\/ecosolucionesquimicasmadrid\/\" \/>\n<meta property=\"article:modified_time\" content=\"2025-11-20T15:56:25+00:00\" \/>\n<meta property=\"og:image\" content=\"https:\/\/www.ecosolucionesquimicas.es\/wp-content\/uploads\/2024\/02\/ECO-903-5L-scaled.jpg\" \/>\n\t<meta property=\"og:image:width\" content=\"2350\" \/>\n\t<meta property=\"og:image:height\" content=\"2560\" \/>\n\t<meta property=\"og:image:type\" content=\"image\/jpeg\" \/>\n<meta name=\"twitter:card\" content=\"summary_large_image\" \/>\n<meta name=\"twitter:label1\" content=\"Disponibilit\u00e9\" \/>\n\t<meta name=\"twitter:data1\" content=\"En stock\" \/>\n<script type=\"application\/ld+json\" class=\"yoast-schema-graph\">{\"@context\":\"https:\\\/\\\/schema.org\",\"@graph\":[{\"@type\":\"WebPage\",\"@id\":\"https:\\\/\\\/www.ecosolucionesquimicas.es\\\/fr\\\/producto\\\/limpiador-hidroalcoholico-textil\\\/\",\"url\":\"https:\\\/\\\/www.ecosolucionesquimicas.es\\\/fr\\\/producto\\\/limpiador-hidroalcoholico-textil\\\/\",\"name\":\"Nettoyant hydroalcoolique pour textiles - Ecosoluciones Qu\u00edmicas\",\"isPartOf\":{\"@id\":\"https:\\\/\\\/www.ecosolucionesquimicas.es\\\/fr\\\/#website\"},\"primaryImageOfPage\":{\"@id\":\"https:\\\/\\\/www.ecosolucionesquimicas.es\\\/fr\\\/producto\\\/limpiador-hidroalcoholico-textil\\\/#primaryimage\"},\"image\":{\"@id\":\"https:\\\/\\\/www.ecosolucionesquimicas.es\\\/fr\\\/producto\\\/limpiador-hidroalcoholico-textil\\\/#primaryimage\"},\"thumbnailUrl\":\"https:\\\/\\\/www.ecosolucionesquimicas.es\\\/wp-content\\\/uploads\\\/2024\\\/02\\\/ECO-903-5L-scaled.jpg\",\"datePublished\":\"2024-02-22T12:39:56+00:00\",\"dateModified\":\"2025-11-20T15:56:25+00:00\",\"breadcrumb\":{\"@id\":\"https:\\\/\\\/www.ecosolucionesquimicas.es\\\/fr\\\/producto\\\/limpiador-hidroalcoholico-textil\\\/#breadcrumb\"},\"inLanguage\":\"fr-FR\",\"potentialAction\":[{\"@type\":\"ReadAction\",\"target\":[\"https:\\\/\\\/www.ecosolucionesquimicas.es\\\/fr\\\/producto\\\/limpiador-hidroalcoholico-textil\\\/\"]}]},{\"@type\":\"ImageObject\",\"inLanguage\":\"fr-FR\",\"@id\":\"https:\\\/\\\/www.ecosolucionesquimicas.es\\\/fr\\\/producto\\\/limpiador-hidroalcoholico-textil\\\/#primaryimage\",\"url\":\"https:\\\/\\\/www.ecosolucionesquimicas.es\\\/wp-content\\\/uploads\\\/2024\\\/02\\\/ECO-903-5L-scaled.jpg\",\"contentUrl\":\"https:\\\/\\\/www.ecosolucionesquimicas.es\\\/wp-content\\\/uploads\\\/2024\\\/02\\\/ECO-903-5L-scaled.jpg\",\"width\":2350,\"height\":2560},{\"@type\":\"BreadcrumbList\",\"@id\":\"https:\\\/\\\/www.ecosolucionesquimicas.es\\\/fr\\\/producto\\\/limpiador-hidroalcoholico-textil\\\/#breadcrumb\",\"itemListElement\":[{\"@type\":\"ListItem\",\"position\":1,\"name\":\"Portada\",\"item\":\"https:\\\/\\\/www.ecosolucionesquimicas.es\\\/fr\\\/home\\\/\"},{\"@type\":\"ListItem\",\"position\":2,\"name\":\"Nettoyant hydroalcoolique pour textiles\"}]},{\"@type\":\"WebSite\",\"@id\":\"https:\\\/\\\/www.ecosolucionesquimicas.es\\\/fr\\\/#website\",\"url\":\"https:\\\/\\\/www.ecosolucionesquimicas.es\\\/fr\\\/\",\"name\":\"Ecosoluciones Qu\u00edmicas\",\"description\":\"Achetez en ligne des produits d'entretien et des produits chimiques fabriqu\u00e9s par nos soins.\",\"publisher\":{\"@id\":\"https:\\\/\\\/www.ecosolucionesquimicas.es\\\/fr\\\/#organization\"},\"alternateName\":\"EQM\",\"potentialAction\":[{\"@type\":\"SearchAction\",\"target\":{\"@type\":\"EntryPoint\",\"urlTemplate\":\"https:\\\/\\\/www.ecosolucionesquimicas.es\\\/fr\\\/?s={search_term_string}\"},\"query-input\":{\"@type\":\"PropertyValueSpecification\",\"valueRequired\":true,\"valueName\":\"search_term_string\"}}],\"inLanguage\":\"fr-FR\"},{\"@type\":\"Organization\",\"@id\":\"https:\\\/\\\/www.ecosolucionesquimicas.es\\\/fr\\\/#organization\",\"name\":\"Ecosoluciones Qu\u00edmicas\",\"url\":\"https:\\\/\\\/www.ecosolucionesquimicas.es\\\/fr\\\/\",\"logo\":{\"@type\":\"ImageObject\",\"inLanguage\":\"fr-FR\",\"@id\":\"https:\\\/\\\/www.ecosolucionesquimicas.es\\\/fr\\\/#\\\/schema\\\/logo\\\/image\\\/\",\"url\":\"https:\\\/\\\/www.ecosolucionesquimicas.es\\\/wp-content\\\/uploads\\\/2024\\\/08\\\/LOGO-EQM-NUEVO-.png\",\"contentUrl\":\"https:\\\/\\\/www.ecosolucionesquimicas.es\\\/wp-content\\\/uploads\\\/2024\\\/08\\\/LOGO-EQM-NUEVO-.png\",\"width\":1060,\"height\":456,\"caption\":\"Ecosoluciones Qu\u00edmicas\"},\"image\":{\"@id\":\"https:\\\/\\\/www.ecosolucionesquimicas.es\\\/fr\\\/#\\\/schema\\\/logo\\\/image\\\/\"},\"sameAs\":[\"https:\\\/\\\/www.facebook.com\\\/ecosolucionesquimicasmadrid\\\/\",\"https:\\\/\\\/www.instagram.com\\\/ecosolucionesquimicas\\\/\"],\"hasMerchantReturnPolicy\":{\"@type\":\"MerchantReturnPolicy\",\"merchantReturnLink\":\"https:\\\/\\\/www.ecosolucionesquimicas.es\\\/refund_returns\\\/\"}}]}<\/script>\n<meta property=\"product:brand\" content=\"EQM\" \/>\n<meta property=\"og:availability\" content=\"instock\" \/>\n<meta property=\"product:availability\" content=\"instock\" \/>\n<meta property=\"product:retailer_item_id\" content=\"ECO-903\" \/>\n<meta property=\"product:condition\" content=\"new\" \/>\n<!-- \/ Yoast SEO Premium plugin. -->","yoast_head_json":{"title":"Nettoyant hydroalcoolique pour textiles - Ecosoluciones Qu\u00edmicas","robots":{"index":"index","follow":"follow","max-snippet":"max-snippet:-1","max-image-preview":"max-image-preview:large","max-video-preview":"max-video-preview:-1"},"canonical":"https:\/\/www.ecosolucionesquimicas.es\/fr\/producto\/limpiador-hidroalcoholico-textil\/","og_locale":"fr_FR","og_type":"article","og_title":"Nettoyant hydroalcoolique pour textiles","og_description":"FORMUL\u00c9 AVEC 70 % D'ALCOOL ET DE L'AMMONIUM QUATERNAIRE. Garantit un nettoyage et une d\u00e9sinfection en profondeur, en \u00e9liminant la salet\u00e9 et en pr\u00e9venant les germes et les bact\u00e9ries, en maintenant des normes d'hygi\u00e8ne \u00e9lev\u00e9es.  \u2705 S\u00c8CHE RAPIDEMENT SANS LAISSER DE TACHES. Laisse les v\u00eatements frais et sans odeur, avec un nettoyage efficace qui ne laisse aucun r\u00e9sidu visible et assure une hygi\u00e8ne compl\u00e8te.  CONVIENT \u00c0 UNE GRANDE VARI\u00c9T\u00c9 DE TEXTILES. Id\u00e9al pour les v\u00eatements, les chaussures, les rideaux, les canap\u00e9s, les coussins, les couettes et les tapis, adapt\u00e9 aux v\u00eatements blancs et color\u00e9s, assurant un nettoyage efficace sans ab\u00eemer les tissus.  PARFAIT POUR UNE UTILISATION QUOTIDIENNE OU R\u00c9GULI\u00c8RE. Maintient les textiles dans un \u00e9tat de propret\u00e9 et d'hygi\u00e8ne optimal sans affecter leur durabilit\u00e9, ce qui garantit des performances constantes et durables.  FORMATS DE 750 ML, 5 ET 20 LITRES. R\u00e9f\u00e9rence : ECO-903","og_url":"https:\/\/www.ecosolucionesquimicas.es\/fr\/producto\/limpiador-hidroalcoholico-textil\/","og_site_name":"Ecosoluciones Qu\u00edmicas","article_publisher":"https:\/\/www.facebook.com\/ecosolucionesquimicasmadrid\/","article_modified_time":"2025-11-20T15:56:25+00:00","og_image":[{"width":2350,"height":2560,"url":"https:\/\/www.ecosolucionesquimicas.es\/wp-content\/uploads\/2024\/02\/ECO-903-5L-scaled.jpg","type":"image\/jpeg"}],"twitter_card":"summary_large_image","twitter_misc":{"Disponibilit\u00e9":"En stock"},"schema":{"@context":"https:\/\/schema.org","@graph":[{"@type":"WebPage","@id":"https:\/\/www.ecosolucionesquimicas.es\/fr\/producto\/limpiador-hidroalcoholico-textil\/","url":"https:\/\/www.ecosolucionesquimicas.es\/fr\/producto\/limpiador-hidroalcoholico-textil\/","name":"Nettoyant hydroalcoolique pour textiles - Ecosoluciones Qu\u00edmicas","isPartOf":{"@id":"https:\/\/www.ecosolucionesquimicas.es\/fr\/#website"},"primaryImageOfPage":{"@id":"https:\/\/www.ecosolucionesquimicas.es\/fr\/producto\/limpiador-hidroalcoholico-textil\/#primaryimage"},"image":{"@id":"https:\/\/www.ecosolucionesquimicas.es\/fr\/producto\/limpiador-hidroalcoholico-textil\/#primaryimage"},"thumbnailUrl":"https:\/\/www.ecosolucionesquimicas.es\/wp-content\/uploads\/2024\/02\/ECO-903-5L-scaled.jpg","datePublished":"2024-02-22T12:39:56+00:00","dateModified":"2025-11-20T15:56:25+00:00","breadcrumb":{"@id":"https:\/\/www.ecosolucionesquimicas.es\/fr\/producto\/limpiador-hidroalcoholico-textil\/#breadcrumb"},"inLanguage":"fr-FR","potentialAction":[{"@type":"ReadAction","target":["https:\/\/www.ecosolucionesquimicas.es\/fr\/producto\/limpiador-hidroalcoholico-textil\/"]}]},{"@type":"ImageObject","inLanguage":"fr-FR","@id":"https:\/\/www.ecosolucionesquimicas.es\/fr\/producto\/limpiador-hidroalcoholico-textil\/#primaryimage","url":"https:\/\/www.ecosolucionesquimicas.es\/wp-content\/uploads\/2024\/02\/ECO-903-5L-scaled.jpg","contentUrl":"https:\/\/www.ecosolucionesquimicas.es\/wp-content\/uploads\/2024\/02\/ECO-903-5L-scaled.jpg","width":2350,"height":2560},{"@type":"BreadcrumbList","@id":"https:\/\/www.ecosolucionesquimicas.es\/fr\/producto\/limpiador-hidroalcoholico-textil\/#breadcrumb","itemListElement":[{"@type":"ListItem","position":1,"name":"Portada","item":"https:\/\/www.ecosolucionesquimicas.es\/fr\/home\/"},{"@type":"ListItem","position":2,"name":"Nettoyant hydroalcoolique pour textiles"}]},{"@type":"WebSite","@id":"https:\/\/www.ecosolucionesquimicas.es\/fr\/#website","url":"https:\/\/www.ecosolucionesquimicas.es\/fr\/","name":"Ecosoluciones Qu\u00edmicas","description":"Achetez en ligne des produits d'entretien et des produits chimiques fabriqu\u00e9s par nos soins.","publisher":{"@id":"https:\/\/www.ecosolucionesquimicas.es\/fr\/#organization"},"alternateName":"EQM","potentialAction":[{"@type":"SearchAction","target":{"@type":"EntryPoint","urlTemplate":"https:\/\/www.ecosolucionesquimicas.es\/fr\/?s={search_term_string}"},"query-input":{"@type":"PropertyValueSpecification","valueRequired":true,"valueName":"search_term_string"}}],"inLanguage":"fr-FR"},{"@type":"Organization","@id":"https:\/\/www.ecosolucionesquimicas.es\/fr\/#organization","name":"Ecosoluciones Qu\u00edmicas","url":"https:\/\/www.ecosolucionesquimicas.es\/fr\/","logo":{"@type":"ImageObject","inLanguage":"fr-FR","@id":"https:\/\/www.ecosolucionesquimicas.es\/fr\/#\/schema\/logo\/image\/","url":"https:\/\/www.ecosolucionesquimicas.es\/wp-content\/uploads\/2024\/08\/LOGO-EQM-NUEVO-.png","contentUrl":"https:\/\/www.ecosolucionesquimicas.es\/wp-content\/uploads\/2024\/08\/LOGO-EQM-NUEVO-.png","width":1060,"height":456,"caption":"Ecosoluciones Qu\u00edmicas"},"image":{"@id":"https:\/\/www.ecosolucionesquimicas.es\/fr\/#\/schema\/logo\/image\/"},"sameAs":["https:\/\/www.facebook.com\/ecosolucionesquimicasmadrid\/","https:\/\/www.instagram.com\/ecosolucionesquimicas\/"],"hasMerchantReturnPolicy":{"@type":"MerchantReturnPolicy","merchantReturnLink":"https:\/\/www.ecosolucionesquimicas.es\/refund_returns\/"}}]},"product_brand":"EQM","og_availability":"instock","product_availability":"instock","product_retailer_item_id":"ECO-903","product_condition":"new"},"_links":{"self":[{"href":"https:\/\/www.ecosolucionesquimicas.es\/fr\/wp-json\/wp\/v2\/product\/11756","targetHints":{"allow":["GET"]}}],"collection":[{"href":"https:\/\/www.ecosolucionesquimicas.es\/fr\/wp-json\/wp\/v2\/product"}],"about":[{"href":"https:\/\/www.ecosolucionesquimicas.es\/fr\/wp-json\/wp\/v2\/types\/product"}],"wp:featuredmedia":[{"embeddable":true,"href":"https:\/\/www.ecosolucionesquimicas.es\/fr\/wp-json\/wp\/v2\/media\/11760"}],"wp:attachment":[{"href":"https:\/\/www.ecosolucionesquimicas.es\/fr\/wp-json\/wp\/v2\/media?parent=11756"}],"wp:term":[{"taxonomy":"product_brand","embeddable":true,"href":"https:\/\/www.ecosolucionesquimicas.es\/fr\/wp-json\/wp\/v2\/product_brand?post=11756"},{"taxonomy":"product_cat","embeddable":true,"href":"https:\/\/www.ecosolucionesquimicas.es\/fr\/wp-json\/wp\/v2\/product_cat?post=11756"},{"taxonomy":"product_tag","embeddable":true,"href":"https:\/\/www.ecosolucionesquimicas.es\/fr\/wp-json\/wp\/v2\/product_tag?post=11756"}],"curies":[{"name":"wp","href":"https:\/\/api.w.org\/{rel}","templated":true}]}}