{"id":11733,"date":"2024-02-22T13:39:56","date_gmt":"2024-02-22T12:39:56","guid":{"rendered":"https:\/\/www.ecosolucionesquimicas.es\/producto\/limpiador-hidroalcoholico-para-superficies-limon\/"},"modified":"2025-11-20T16:56:05","modified_gmt":"2025-11-20T15:56:05","slug":"limpiador-hidroalcoholico-para-superficies-limon","status":"publish","type":"product","link":"https:\/\/www.ecosolucionesquimicas.es\/fr\/producto\/limpiador-hidroalcoholico-para-superficies-limon\/","title":{"rendered":"Nettoyant hydroalcoolique de surface Citron"},"content":{"rendered":"<p><img fetchpriority=\"high\" decoding=\"async\" class=\"alignnone wp-image-3981\" src=\"https:\/\/www.ecosolucionesquimicas.es\/wp-content\/uploads\/2024\/02\/ECO-902-300x218.jpg\" alt=\"\" width=\"550\" height=\"399\" srcset=\"https:\/\/www.ecosolucionesquimicas.es\/wp-content\/uploads\/2024\/02\/ECO-902-300x218.jpg 300w, https:\/\/www.ecosolucionesquimicas.es\/wp-content\/uploads\/2024\/02\/ECO-902-1024x743.jpg 1024w, https:\/\/www.ecosolucionesquimicas.es\/wp-content\/uploads\/2024\/02\/ECO-902-768x557.jpg 768w, https:\/\/www.ecosolucionesquimicas.es\/wp-content\/uploads\/2024\/02\/ECO-902-1536x1114.jpg 1536w, https:\/\/www.ecosolucionesquimicas.es\/wp-content\/uploads\/2024\/02\/ECO-902-2048x1486.jpg 2048w, https:\/\/www.ecosolucionesquimicas.es\/wp-content\/uploads\/2024\/02\/ECO-902-600x435.jpg 600w\" sizes=\"(max-width: 550px) 100vw, 550px\" \/><\/p>\n<p><strong>CANDIDATURES<\/strong><\/p>\n<p><strong>Environnements professionnels<\/strong>: Nettoyage des bureaux, des t\u00e9l\u00e9phones, des surfaces dans les cliniques et les h\u00f4pitaux, et des \u00e9quipements dans les restaurants.<br \/>\n\u2714 <strong>Industrie et ateliers<\/strong>: Nettoyage des machines, des outils et des surfaces de travail.<br \/>\n\u2714 <strong>Environnements \u00e9ducatifs<\/strong>: Nettoyage des bureaux et des surfaces dans les \u00e9coles et les universit\u00e9s.<br \/>\n\u2714 <strong>M\u00e9nages<\/strong>: Nettoyage des plans de travail et des appareils de cuisine, et d\u00e9sinfection des salles de bains.<br \/>\n\u2714 <strong>Espaces publics<\/strong>: Nettoyage dans les transports publics, les salles de sport et les centres sportifs.<br \/>\n\u2714 <strong>Espaces commerciaux<\/strong>: Nettoyage des comptoirs et des vitrines dans les magasins et les centres commerciaux.<br \/>\n\u2714 <strong>Espaces de service \u00e0 la client\u00e8le<\/strong>: Nettoyage des comptoirs et des chaises dans les espaces d&rsquo;accueil et de service.<\/p>\n","protected":false},"excerpt":{"rendered":"<p><strong>L&rsquo;ECO-902L EST FORMUL\u00c9 AVEC 70 % D&rsquo;ALCOOL ET DE L&rsquo;AMMONIUM QUATERNAIRE<\/strong>. Cela garantit un nettoyage approfondi et efficace, \u00e9liminant la salet\u00e9 et maintenant des normes d&rsquo;hygi\u00e8ne \u00e9lev\u00e9es dans n&rsquo;importe quel environnement. <\/p>\n<p><strong>CE NETTOYANT CONVIENT \u00c0 UNE GRANDE VARI\u00c9T\u00c9 DE SURFACES<\/strong>. Y compris les outils, l&rsquo;\u00e9quipement et d&rsquo;autres zones. Sa formule avanc\u00e9e permet un nettoyage sans r\u00e9sidus, id\u00e9al pour maintenir un environnement propre et sans contaminants.  <\/p>\n<p><strong>L&rsquo;ECO-902L OFFRE UNE ACTION DE NETTOYAGE RAPIDE ET EFFICACE AVEC UN S\u00c9CHAGE IMM\u00c9DIAT<\/strong>. Permettant une hygi\u00e8ne compl\u00e8te en quelques secondes, parfait pour les environnements de travail qui n\u00e9cessitent un nettoyage rapide sans longs temps d&rsquo;attente. <\/p>\n<p><strong>\u2705 FORMAT DE 5 ET 20 LITRES.<\/strong><\/p>\n<p><strong>\u26ab<\/strong><strong> N\u00b0 de r\u00e9f. : ECO-902L ( ar\u00f4me de citron )<\/strong><\/p>\n","protected":false},"featured_media":11734,"template":"","meta":[],"product_brand":[225],"product_cat":[502,501],"product_tag":[510,414,531],"class_list":{"0":"post-11733","1":"product","2":"type-product","3":"status-publish","4":"has-post-thumbnail","6":"product_brand-eqm","7":"product_cat-alcoholes-y-soluciones-hidroalcoholicas","8":"product_cat-limpiezas-de-superficies-con-accion-reforzada","9":"product_tag-hidroalcoholico","10":"product_tag-limpiador","11":"product_tag-mamparas","13":"first","14":"instock","15":"taxable","16":"shipping-taxable","17":"purchasable","18":"product-type-variable"},"acf":[],"yoast_head":"<!-- This site is optimized with the Yoast SEO Premium plugin v27.1 (Yoast SEO v27.4) - https:\/\/yoast.com\/product\/yoast-seo-premium-wordpress\/ -->\n<title>Nettoyant hydroalcoolique de surface Citron - Ecosoluciones Qu\u00edmicas<\/title>\n<meta name=\"robots\" content=\"index, follow, max-snippet:-1, max-image-preview:large, max-video-preview:-1\" \/>\n<link rel=\"canonical\" href=\"https:\/\/www.ecosolucionesquimicas.es\/fr\/producto\/limpiador-hidroalcoholico-para-superficies-limon\/\" \/>\n<meta property=\"og:locale\" content=\"fr_FR\" \/>\n<meta property=\"og:type\" content=\"article\" \/>\n<meta property=\"og:title\" content=\"Nettoyant hydroalcoolique de surface Citron\" \/>\n<meta property=\"og:description\" content=\"L&#039;ECO-902L EST FORMUL\u00c9 AVEC 70 % D&#039;ALCOOL ET DE L&#039;AMMONIUM QUATERNAIRE. Cela garantit un nettoyage approfondi et efficace, \u00e9liminant la salet\u00e9 et maintenant des normes d&#039;hygi\u00e8ne \u00e9lev\u00e9es dans n&#039;importe quel environnement.  CE NETTOYANT CONVIENT \u00c0 UNE GRANDE VARI\u00c9T\u00c9 DE SURFACES. Y compris les outils, l&#039;\u00e9quipement et d&#039;autres zones. Sa formule avanc\u00e9e permet un nettoyage sans r\u00e9sidus, id\u00e9al pour maintenir un environnement propre et sans contaminants.  L&#039;ECO-902L OFFRE UNE ACTION DE NETTOYAGE RAPIDE ET EFFICACE AVEC UN S\u00c9CHAGE IMM\u00c9DIAT. Permettant une hygi\u00e8ne compl\u00e8te en quelques secondes, parfait pour les environnements de travail qui n\u00e9cessitent un nettoyage rapide sans longs temps d&#039;attente.  \u2705 FORMAT DE 5 ET 20 LITRES. \u26ab N\u00b0 de r\u00e9f. : ECO-902L ( ar\u00f4me de citron )\" \/>\n<meta property=\"og:url\" content=\"https:\/\/www.ecosolucionesquimicas.es\/fr\/producto\/limpiador-hidroalcoholico-para-superficies-limon\/\" \/>\n<meta property=\"og:site_name\" content=\"Ecosoluciones Qu\u00edmicas\" \/>\n<meta property=\"article:publisher\" content=\"https:\/\/www.facebook.com\/ecosolucionesquimicasmadrid\/\" \/>\n<meta property=\"article:modified_time\" content=\"2025-11-20T15:56:05+00:00\" \/>\n<meta property=\"og:image\" content=\"https:\/\/www.ecosolucionesquimicas.es\/wp-content\/uploads\/2024\/02\/ECO-902L-5L-scaled.jpg\" \/>\n\t<meta property=\"og:image:width\" content=\"2350\" \/>\n\t<meta property=\"og:image:height\" content=\"2560\" \/>\n\t<meta property=\"og:image:type\" content=\"image\/jpeg\" \/>\n<meta name=\"twitter:card\" content=\"summary_large_image\" \/>\n<meta name=\"twitter:label1\" content=\"Disponibilit\u00e9\" \/>\n\t<meta name=\"twitter:data1\" content=\"En stock\" \/>\n<script type=\"application\/ld+json\" class=\"yoast-schema-graph\">{\"@context\":\"https:\\\/\\\/schema.org\",\"@graph\":[{\"@type\":\"WebPage\",\"@id\":\"https:\\\/\\\/www.ecosolucionesquimicas.es\\\/fr\\\/producto\\\/limpiador-hidroalcoholico-para-superficies-limon\\\/\",\"url\":\"https:\\\/\\\/www.ecosolucionesquimicas.es\\\/fr\\\/producto\\\/limpiador-hidroalcoholico-para-superficies-limon\\\/\",\"name\":\"Nettoyant hydroalcoolique de surface Citron - Ecosoluciones Qu\u00edmicas\",\"isPartOf\":{\"@id\":\"https:\\\/\\\/www.ecosolucionesquimicas.es\\\/fr\\\/#website\"},\"primaryImageOfPage\":{\"@id\":\"https:\\\/\\\/www.ecosolucionesquimicas.es\\\/fr\\\/producto\\\/limpiador-hidroalcoholico-para-superficies-limon\\\/#primaryimage\"},\"image\":{\"@id\":\"https:\\\/\\\/www.ecosolucionesquimicas.es\\\/fr\\\/producto\\\/limpiador-hidroalcoholico-para-superficies-limon\\\/#primaryimage\"},\"thumbnailUrl\":\"https:\\\/\\\/www.ecosolucionesquimicas.es\\\/wp-content\\\/uploads\\\/2024\\\/02\\\/ECO-902L-5L-scaled.jpg\",\"datePublished\":\"2024-02-22T12:39:56+00:00\",\"dateModified\":\"2025-11-20T15:56:05+00:00\",\"breadcrumb\":{\"@id\":\"https:\\\/\\\/www.ecosolucionesquimicas.es\\\/fr\\\/producto\\\/limpiador-hidroalcoholico-para-superficies-limon\\\/#breadcrumb\"},\"inLanguage\":\"fr-FR\",\"potentialAction\":[{\"@type\":\"ReadAction\",\"target\":[\"https:\\\/\\\/www.ecosolucionesquimicas.es\\\/fr\\\/producto\\\/limpiador-hidroalcoholico-para-superficies-limon\\\/\"]}]},{\"@type\":\"ImageObject\",\"inLanguage\":\"fr-FR\",\"@id\":\"https:\\\/\\\/www.ecosolucionesquimicas.es\\\/fr\\\/producto\\\/limpiador-hidroalcoholico-para-superficies-limon\\\/#primaryimage\",\"url\":\"https:\\\/\\\/www.ecosolucionesquimicas.es\\\/wp-content\\\/uploads\\\/2024\\\/02\\\/ECO-902L-5L-scaled.jpg\",\"contentUrl\":\"https:\\\/\\\/www.ecosolucionesquimicas.es\\\/wp-content\\\/uploads\\\/2024\\\/02\\\/ECO-902L-5L-scaled.jpg\",\"width\":2350,\"height\":2560},{\"@type\":\"BreadcrumbList\",\"@id\":\"https:\\\/\\\/www.ecosolucionesquimicas.es\\\/fr\\\/producto\\\/limpiador-hidroalcoholico-para-superficies-limon\\\/#breadcrumb\",\"itemListElement\":[{\"@type\":\"ListItem\",\"position\":1,\"name\":\"Portada\",\"item\":\"https:\\\/\\\/www.ecosolucionesquimicas.es\\\/fr\\\/home\\\/\"},{\"@type\":\"ListItem\",\"position\":2,\"name\":\"Nettoyant hydroalcoolique de surface Citron\"}]},{\"@type\":\"WebSite\",\"@id\":\"https:\\\/\\\/www.ecosolucionesquimicas.es\\\/fr\\\/#website\",\"url\":\"https:\\\/\\\/www.ecosolucionesquimicas.es\\\/fr\\\/\",\"name\":\"Ecosoluciones Qu\u00edmicas\",\"description\":\"Achetez en ligne des produits d'entretien et des produits chimiques fabriqu\u00e9s par nos soins.\",\"publisher\":{\"@id\":\"https:\\\/\\\/www.ecosolucionesquimicas.es\\\/fr\\\/#organization\"},\"alternateName\":\"EQM\",\"potentialAction\":[{\"@type\":\"SearchAction\",\"target\":{\"@type\":\"EntryPoint\",\"urlTemplate\":\"https:\\\/\\\/www.ecosolucionesquimicas.es\\\/fr\\\/?s={search_term_string}\"},\"query-input\":{\"@type\":\"PropertyValueSpecification\",\"valueRequired\":true,\"valueName\":\"search_term_string\"}}],\"inLanguage\":\"fr-FR\"},{\"@type\":\"Organization\",\"@id\":\"https:\\\/\\\/www.ecosolucionesquimicas.es\\\/fr\\\/#organization\",\"name\":\"Ecosoluciones Qu\u00edmicas\",\"url\":\"https:\\\/\\\/www.ecosolucionesquimicas.es\\\/fr\\\/\",\"logo\":{\"@type\":\"ImageObject\",\"inLanguage\":\"fr-FR\",\"@id\":\"https:\\\/\\\/www.ecosolucionesquimicas.es\\\/fr\\\/#\\\/schema\\\/logo\\\/image\\\/\",\"url\":\"https:\\\/\\\/www.ecosolucionesquimicas.es\\\/wp-content\\\/uploads\\\/2024\\\/08\\\/LOGO-EQM-NUEVO-.png\",\"contentUrl\":\"https:\\\/\\\/www.ecosolucionesquimicas.es\\\/wp-content\\\/uploads\\\/2024\\\/08\\\/LOGO-EQM-NUEVO-.png\",\"width\":1060,\"height\":456,\"caption\":\"Ecosoluciones Qu\u00edmicas\"},\"image\":{\"@id\":\"https:\\\/\\\/www.ecosolucionesquimicas.es\\\/fr\\\/#\\\/schema\\\/logo\\\/image\\\/\"},\"sameAs\":[\"https:\\\/\\\/www.facebook.com\\\/ecosolucionesquimicasmadrid\\\/\",\"https:\\\/\\\/www.instagram.com\\\/ecosolucionesquimicas\\\/\"],\"hasMerchantReturnPolicy\":{\"@type\":\"MerchantReturnPolicy\",\"merchantReturnLink\":\"https:\\\/\\\/www.ecosolucionesquimicas.es\\\/refund_returns\\\/\"}}]}<\/script>\n<meta property=\"product:brand\" content=\"EQM\" \/>\n<meta property=\"og:availability\" content=\"instock\" \/>\n<meta property=\"product:availability\" content=\"instock\" \/>\n<meta property=\"product:retailer_item_id\" content=\"ECO-902L\" \/>\n<meta property=\"product:condition\" content=\"new\" \/>\n<!-- \/ Yoast SEO Premium plugin. -->","yoast_head_json":{"title":"Nettoyant hydroalcoolique de surface Citron - Ecosoluciones Qu\u00edmicas","robots":{"index":"index","follow":"follow","max-snippet":"max-snippet:-1","max-image-preview":"max-image-preview:large","max-video-preview":"max-video-preview:-1"},"canonical":"https:\/\/www.ecosolucionesquimicas.es\/fr\/producto\/limpiador-hidroalcoholico-para-superficies-limon\/","og_locale":"fr_FR","og_type":"article","og_title":"Nettoyant hydroalcoolique de surface Citron","og_description":"L'ECO-902L EST FORMUL\u00c9 AVEC 70 % D'ALCOOL ET DE L'AMMONIUM QUATERNAIRE. Cela garantit un nettoyage approfondi et efficace, \u00e9liminant la salet\u00e9 et maintenant des normes d'hygi\u00e8ne \u00e9lev\u00e9es dans n'importe quel environnement.  CE NETTOYANT CONVIENT \u00c0 UNE GRANDE VARI\u00c9T\u00c9 DE SURFACES. Y compris les outils, l'\u00e9quipement et d'autres zones. Sa formule avanc\u00e9e permet un nettoyage sans r\u00e9sidus, id\u00e9al pour maintenir un environnement propre et sans contaminants.  L'ECO-902L OFFRE UNE ACTION DE NETTOYAGE RAPIDE ET EFFICACE AVEC UN S\u00c9CHAGE IMM\u00c9DIAT. Permettant une hygi\u00e8ne compl\u00e8te en quelques secondes, parfait pour les environnements de travail qui n\u00e9cessitent un nettoyage rapide sans longs temps d'attente.  \u2705 FORMAT DE 5 ET 20 LITRES. \u26ab N\u00b0 de r\u00e9f. : ECO-902L ( ar\u00f4me de citron )","og_url":"https:\/\/www.ecosolucionesquimicas.es\/fr\/producto\/limpiador-hidroalcoholico-para-superficies-limon\/","og_site_name":"Ecosoluciones Qu\u00edmicas","article_publisher":"https:\/\/www.facebook.com\/ecosolucionesquimicasmadrid\/","article_modified_time":"2025-11-20T15:56:05+00:00","og_image":[{"width":2350,"height":2560,"url":"https:\/\/www.ecosolucionesquimicas.es\/wp-content\/uploads\/2024\/02\/ECO-902L-5L-scaled.jpg","type":"image\/jpeg"}],"twitter_card":"summary_large_image","twitter_misc":{"Disponibilit\u00e9":"En stock"},"schema":{"@context":"https:\/\/schema.org","@graph":[{"@type":"WebPage","@id":"https:\/\/www.ecosolucionesquimicas.es\/fr\/producto\/limpiador-hidroalcoholico-para-superficies-limon\/","url":"https:\/\/www.ecosolucionesquimicas.es\/fr\/producto\/limpiador-hidroalcoholico-para-superficies-limon\/","name":"Nettoyant hydroalcoolique de surface Citron - Ecosoluciones Qu\u00edmicas","isPartOf":{"@id":"https:\/\/www.ecosolucionesquimicas.es\/fr\/#website"},"primaryImageOfPage":{"@id":"https:\/\/www.ecosolucionesquimicas.es\/fr\/producto\/limpiador-hidroalcoholico-para-superficies-limon\/#primaryimage"},"image":{"@id":"https:\/\/www.ecosolucionesquimicas.es\/fr\/producto\/limpiador-hidroalcoholico-para-superficies-limon\/#primaryimage"},"thumbnailUrl":"https:\/\/www.ecosolucionesquimicas.es\/wp-content\/uploads\/2024\/02\/ECO-902L-5L-scaled.jpg","datePublished":"2024-02-22T12:39:56+00:00","dateModified":"2025-11-20T15:56:05+00:00","breadcrumb":{"@id":"https:\/\/www.ecosolucionesquimicas.es\/fr\/producto\/limpiador-hidroalcoholico-para-superficies-limon\/#breadcrumb"},"inLanguage":"fr-FR","potentialAction":[{"@type":"ReadAction","target":["https:\/\/www.ecosolucionesquimicas.es\/fr\/producto\/limpiador-hidroalcoholico-para-superficies-limon\/"]}]},{"@type":"ImageObject","inLanguage":"fr-FR","@id":"https:\/\/www.ecosolucionesquimicas.es\/fr\/producto\/limpiador-hidroalcoholico-para-superficies-limon\/#primaryimage","url":"https:\/\/www.ecosolucionesquimicas.es\/wp-content\/uploads\/2024\/02\/ECO-902L-5L-scaled.jpg","contentUrl":"https:\/\/www.ecosolucionesquimicas.es\/wp-content\/uploads\/2024\/02\/ECO-902L-5L-scaled.jpg","width":2350,"height":2560},{"@type":"BreadcrumbList","@id":"https:\/\/www.ecosolucionesquimicas.es\/fr\/producto\/limpiador-hidroalcoholico-para-superficies-limon\/#breadcrumb","itemListElement":[{"@type":"ListItem","position":1,"name":"Portada","item":"https:\/\/www.ecosolucionesquimicas.es\/fr\/home\/"},{"@type":"ListItem","position":2,"name":"Nettoyant hydroalcoolique de surface Citron"}]},{"@type":"WebSite","@id":"https:\/\/www.ecosolucionesquimicas.es\/fr\/#website","url":"https:\/\/www.ecosolucionesquimicas.es\/fr\/","name":"Ecosoluciones Qu\u00edmicas","description":"Achetez en ligne des produits d'entretien et des produits chimiques fabriqu\u00e9s par nos soins.","publisher":{"@id":"https:\/\/www.ecosolucionesquimicas.es\/fr\/#organization"},"alternateName":"EQM","potentialAction":[{"@type":"SearchAction","target":{"@type":"EntryPoint","urlTemplate":"https:\/\/www.ecosolucionesquimicas.es\/fr\/?s={search_term_string}"},"query-input":{"@type":"PropertyValueSpecification","valueRequired":true,"valueName":"search_term_string"}}],"inLanguage":"fr-FR"},{"@type":"Organization","@id":"https:\/\/www.ecosolucionesquimicas.es\/fr\/#organization","name":"Ecosoluciones Qu\u00edmicas","url":"https:\/\/www.ecosolucionesquimicas.es\/fr\/","logo":{"@type":"ImageObject","inLanguage":"fr-FR","@id":"https:\/\/www.ecosolucionesquimicas.es\/fr\/#\/schema\/logo\/image\/","url":"https:\/\/www.ecosolucionesquimicas.es\/wp-content\/uploads\/2024\/08\/LOGO-EQM-NUEVO-.png","contentUrl":"https:\/\/www.ecosolucionesquimicas.es\/wp-content\/uploads\/2024\/08\/LOGO-EQM-NUEVO-.png","width":1060,"height":456,"caption":"Ecosoluciones Qu\u00edmicas"},"image":{"@id":"https:\/\/www.ecosolucionesquimicas.es\/fr\/#\/schema\/logo\/image\/"},"sameAs":["https:\/\/www.facebook.com\/ecosolucionesquimicasmadrid\/","https:\/\/www.instagram.com\/ecosolucionesquimicas\/"],"hasMerchantReturnPolicy":{"@type":"MerchantReturnPolicy","merchantReturnLink":"https:\/\/www.ecosolucionesquimicas.es\/refund_returns\/"}}]},"product_brand":"EQM","og_availability":"instock","product_availability":"instock","product_retailer_item_id":"ECO-902L","product_condition":"new"},"_links":{"self":[{"href":"https:\/\/www.ecosolucionesquimicas.es\/fr\/wp-json\/wp\/v2\/product\/11733","targetHints":{"allow":["GET"]}}],"collection":[{"href":"https:\/\/www.ecosolucionesquimicas.es\/fr\/wp-json\/wp\/v2\/product"}],"about":[{"href":"https:\/\/www.ecosolucionesquimicas.es\/fr\/wp-json\/wp\/v2\/types\/product"}],"wp:featuredmedia":[{"embeddable":true,"href":"https:\/\/www.ecosolucionesquimicas.es\/fr\/wp-json\/wp\/v2\/media\/11734"}],"wp:attachment":[{"href":"https:\/\/www.ecosolucionesquimicas.es\/fr\/wp-json\/wp\/v2\/media?parent=11733"}],"wp:term":[{"taxonomy":"product_brand","embeddable":true,"href":"https:\/\/www.ecosolucionesquimicas.es\/fr\/wp-json\/wp\/v2\/product_brand?post=11733"},{"taxonomy":"product_cat","embeddable":true,"href":"https:\/\/www.ecosolucionesquimicas.es\/fr\/wp-json\/wp\/v2\/product_cat?post=11733"},{"taxonomy":"product_tag","embeddable":true,"href":"https:\/\/www.ecosolucionesquimicas.es\/fr\/wp-json\/wp\/v2\/product_tag?post=11733"}],"curies":[{"name":"wp","href":"https:\/\/api.w.org\/{rel}","templated":true}]}}