{"id":11703,"date":"2024-02-22T13:39:58","date_gmt":"2024-02-22T12:39:58","guid":{"rendered":"https:\/\/www.ecosolucionesquimicas.es\/producto\/tratamiento-biologico-fosas-septicas\/"},"modified":"2025-11-20T16:56:04","modified_gmt":"2025-11-20T15:56:04","slug":"tratamiento-biologico-fosas-septicas","status":"publish","type":"product","link":"https:\/\/www.ecosolucionesquimicas.es\/fr\/producto\/tratamiento-biologico-fosas-septicas\/","title":{"rendered":"Traitement biologique Fosses septiques"},"content":{"rendered":"<p><img fetchpriority=\"high\" decoding=\"async\" class=\"alignnone wp-image-2169\" src=\"https:\/\/www.ecosolucionesquimicas.es\/wp-content\/uploads\/2024\/02\/TRATAMIENTO-BIOLOGICO-FOSAS-SEPTICAS-foto-descripcion-300x188.jpg\" alt=\"\" width=\"550\" height=\"344\" srcset=\"https:\/\/www.ecosolucionesquimicas.es\/wp-content\/uploads\/2024\/02\/TRATAMIENTO-BIOLOGICO-FOSAS-SEPTICAS-foto-descripcion-300x188.jpg 300w, https:\/\/www.ecosolucionesquimicas.es\/wp-content\/uploads\/2024\/02\/TRATAMIENTO-BIOLOGICO-FOSAS-SEPTICAS-foto-descripcion-1024x640.jpg 1024w, https:\/\/www.ecosolucionesquimicas.es\/wp-content\/uploads\/2024\/02\/TRATAMIENTO-BIOLOGICO-FOSAS-SEPTICAS-foto-descripcion-768x480.jpg 768w, https:\/\/www.ecosolucionesquimicas.es\/wp-content\/uploads\/2024\/02\/TRATAMIENTO-BIOLOGICO-FOSAS-SEPTICAS-foto-descripcion-600x375.jpg 600w, https:\/\/www.ecosolucionesquimicas.es\/wp-content\/uploads\/2024\/02\/TRATAMIENTO-BIOLOGICO-FOSAS-SEPTICAS-foto-descripcion.jpg 1080w\" sizes=\"(max-width: 550px) 100vw, 550px\" \/><\/p>\n<p><strong>CANDIDATURES<\/strong><\/p>\n<p><strong>Nettoyage des drains<\/strong>: D\u00e9sagr\u00e8ge les mati\u00e8res organiques accumul\u00e9es, \u00e9vitant ainsi les blocages et les mauvaises odeurs.<br \/>\n\u2714 <strong>Traitement des eaux us\u00e9es<\/strong>: Am\u00e9liore le traitement biologique dans les usines, r\u00e9duisant les mati\u00e8res en suspension et am\u00e9liorant la qualit\u00e9 des effluents.<br \/>\n\u2714 <strong>Contr\u00f4le des odeurs<\/strong>: \u00c9limine les mauvaises odeurs dans les installations de traitement des eaux us\u00e9es et dans les zones agricoles ou d&rsquo;\u00e9levage.<br \/>\n\u2714 <strong>\u00c9limination des accumulations dans les drains<\/strong>: D\u00e9sint\u00e8gre les d\u00e9chets organiques qui causent des blocages et des mauvaises odeurs.<br \/>\n<strong>Entretien des fosses septiques<\/strong>: Am\u00e9liore la d\u00e9composition des d\u00e9chets solides, r\u00e9duit la fr\u00e9quence des pompages et maintient la fonctionnalit\u00e9.<br \/>\n\u2714 <strong>D\u00e9sodorisation des urinoirs et des toilettes<\/strong>: \u00c9limine les mauvaises odeurs dans les installations publiques et priv\u00e9es.<br \/>\n\u2714 <strong>Traitement des d\u00e9chets organiques<\/strong>: Facilite la d\u00e9composition des d\u00e9chets organiques dans les syst\u00e8mes de compostage et autres syst\u00e8mes de gestion des d\u00e9chets.<\/p>\n<p><strong>DES INSTRUCTIONS D&rsquo;UTILISATION POUR TOUS LES TYPES D&rsquo;INSTALLATIONS SONT INCLUSES AVEC LE PRODUIT.<\/strong><\/p>\n","protected":false},"excerpt":{"rendered":"<p><strong>ECO-701 EST UN COMPOS\u00c9 BIOLOGIQUE POUR LE NETTOYAGE DES CANALISATIONS ET LE TRAITEMENT DES EAUX US\u00c9ES<\/strong>. Il utilise un syst\u00e8me de spores bact\u00e9riennes stabilis\u00e9es pour un nettoyage efficace. <\/p>\n<p><strong>CONTIENT DES SOUCHES DU GENRE BACILLUS<\/strong>. Ces souches sont efficaces dans le contr\u00f4le des odeurs, l&rsquo;\u00e9limination des accumulations dans les canalisations, l&rsquo;entretien des fosses septiques et la d\u00e9sodorisation des urinoirs et des lavabos. <\/p>\n<p>\u2705 <strong>UNE LONGUE DUR\u00c9E DE CONSERVATION GR\u00c2CE \u00c0 SA FORME DE CULTURE SPORUL\u00c9E<\/strong>. Les spores restent inactives jusqu&rsquo;\u00e0 ce qu&rsquo;elles entrent en contact avec des d\u00e9chets organiques et soient activ\u00e9es pour remplir leur fonction. <\/p>\n<p><strong>PRODUIT \u00c9COLOGIQUE \u00c0 BASE DE MICRO-ORGANISMES<\/strong>. D\u00e9compose les d\u00e9chets de fa\u00e7on naturelle, sans nuire \u00e0 l&rsquo;environnement ni g\u00e9n\u00e9rer de d\u00e9chets toxiques. <\/p>\n<p><strong>FORMAT 25 L.<\/strong> Produit disponible uniquement sur demande. <a href=\"https:\/\/www.ecosolucionesquimicas.es\/fr\/demande-un-devis\/\">Demande un devis<\/a>.<\/p>\n<p><strong>\u26ab<\/strong><strong> N\u00b0 de r\u00e9f. : ECO-701<\/strong><\/p>\n","protected":false},"featured_media":11704,"template":"","meta":[],"product_brand":[225],"product_cat":[525],"product_tag":[526,527,529,528],"class_list":{"0":"post-11703","1":"product","2":"type-product","3":"status-publish","4":"has-post-thumbnail","6":"product_brand-eqm","7":"product_cat-tratamiento-biologico","8":"product_tag-desagues","9":"product_tag-desodorizante","10":"product_tag-fosas-septicas","11":"product_tag-septicas","13":"first","14":"outofstock","15":"taxable","16":"shipping-taxable","17":"purchasable","18":"product-type-simple"},"acf":[],"yoast_head":"<!-- This site is optimized with the Yoast SEO Premium plugin v27.1 (Yoast SEO v27.4) - https:\/\/yoast.com\/product\/yoast-seo-premium-wordpress\/ -->\n<title>Traitement biologique Fosses septiques - Ecosoluciones Qu\u00edmicas<\/title>\n<meta name=\"robots\" content=\"index, follow, max-snippet:-1, max-image-preview:large, max-video-preview:-1\" \/>\n<link rel=\"canonical\" href=\"https:\/\/www.ecosolucionesquimicas.es\/fr\/producto\/tratamiento-biologico-fosas-septicas\/\" \/>\n<meta property=\"og:locale\" content=\"fr_FR\" \/>\n<meta property=\"og:type\" content=\"article\" \/>\n<meta property=\"og:title\" content=\"Traitement biologique Fosses septiques\" \/>\n<meta property=\"og:description\" content=\"ECO-701 EST UN COMPOS\u00c9 BIOLOGIQUE POUR LE NETTOYAGE DES CANALISATIONS ET LE TRAITEMENT DES EAUX US\u00c9ES. Il utilise un syst\u00e8me de spores bact\u00e9riennes stabilis\u00e9es pour un nettoyage efficace.  CONTIENT DES SOUCHES DU GENRE BACILLUS. Ces souches sont efficaces dans le contr\u00f4le des odeurs, l&#039;\u00e9limination des accumulations dans les canalisations, l&#039;entretien des fosses septiques et la d\u00e9sodorisation des urinoirs et des lavabos.  \u2705 UNE LONGUE DUR\u00c9E DE CONSERVATION GR\u00c2CE \u00c0 SA FORME DE CULTURE SPORUL\u00c9E. Les spores restent inactives jusqu&#039;\u00e0 ce qu&#039;elles entrent en contact avec des d\u00e9chets organiques et soient activ\u00e9es pour remplir leur fonction.  PRODUIT \u00c9COLOGIQUE \u00c0 BASE DE MICRO-ORGANISMES. D\u00e9compose les d\u00e9chets de fa\u00e7on naturelle, sans nuire \u00e0 l&#039;environnement ni g\u00e9n\u00e9rer de d\u00e9chets toxiques.  FORMAT 25 L. Produit disponible uniquement sur demande. Demande un devis. \u26ab N\u00b0 de r\u00e9f. : ECO-701\" \/>\n<meta property=\"og:url\" content=\"https:\/\/www.ecosolucionesquimicas.es\/fr\/producto\/tratamiento-biologico-fosas-septicas\/\" \/>\n<meta property=\"og:site_name\" content=\"Ecosoluciones Qu\u00edmicas\" \/>\n<meta property=\"article:publisher\" content=\"https:\/\/www.facebook.com\/ecosolucionesquimicasmadrid\/\" \/>\n<meta property=\"article:modified_time\" content=\"2025-11-20T15:56:04+00:00\" \/>\n<meta property=\"og:image\" content=\"https:\/\/www.ecosolucionesquimicas.es\/wp-content\/uploads\/2024\/02\/ECO-701-25L-ANTIGUA-scaled.jpg\" \/>\n\t<meta property=\"og:image:width\" content=\"2350\" \/>\n\t<meta property=\"og:image:height\" content=\"2560\" \/>\n\t<meta property=\"og:image:type\" content=\"image\/jpeg\" \/>\n<meta name=\"twitter:card\" content=\"summary_large_image\" \/>\n<meta name=\"twitter:label1\" content=\"Prix\" \/>\n\t<meta name=\"twitter:data1\" content=\"3,62&nbsp;&euro; TVA incluse.\" \/>\n\t<meta name=\"twitter:label2\" content=\"Disponibilit\u00e9\" \/>\n\t<meta name=\"twitter:data2\" content=\"Rupture de stock\" \/>\n<script type=\"application\/ld+json\" class=\"yoast-schema-graph\">{\"@context\":\"https:\\\/\\\/schema.org\",\"@graph\":[{\"@type\":\"WebPage\",\"@id\":\"https:\\\/\\\/www.ecosolucionesquimicas.es\\\/fr\\\/producto\\\/tratamiento-biologico-fosas-septicas\\\/\",\"url\":\"https:\\\/\\\/www.ecosolucionesquimicas.es\\\/fr\\\/producto\\\/tratamiento-biologico-fosas-septicas\\\/\",\"name\":\"Traitement biologique Fosses septiques - Ecosoluciones Qu\u00edmicas\",\"isPartOf\":{\"@id\":\"https:\\\/\\\/www.ecosolucionesquimicas.es\\\/fr\\\/#website\"},\"primaryImageOfPage\":{\"@id\":\"https:\\\/\\\/www.ecosolucionesquimicas.es\\\/fr\\\/producto\\\/tratamiento-biologico-fosas-septicas\\\/#primaryimage\"},\"image\":{\"@id\":\"https:\\\/\\\/www.ecosolucionesquimicas.es\\\/fr\\\/producto\\\/tratamiento-biologico-fosas-septicas\\\/#primaryimage\"},\"thumbnailUrl\":\"https:\\\/\\\/www.ecosolucionesquimicas.es\\\/wp-content\\\/uploads\\\/2024\\\/02\\\/ECO-701-25L-ANTIGUA-scaled.jpg\",\"datePublished\":\"2024-02-22T12:39:58+00:00\",\"dateModified\":\"2025-11-20T15:56:04+00:00\",\"breadcrumb\":{\"@id\":\"https:\\\/\\\/www.ecosolucionesquimicas.es\\\/fr\\\/producto\\\/tratamiento-biologico-fosas-septicas\\\/#breadcrumb\"},\"inLanguage\":\"fr-FR\",\"potentialAction\":[{\"@type\":\"ReadAction\",\"target\":[\"https:\\\/\\\/www.ecosolucionesquimicas.es\\\/fr\\\/producto\\\/tratamiento-biologico-fosas-septicas\\\/\"]}]},{\"@type\":\"ImageObject\",\"inLanguage\":\"fr-FR\",\"@id\":\"https:\\\/\\\/www.ecosolucionesquimicas.es\\\/fr\\\/producto\\\/tratamiento-biologico-fosas-septicas\\\/#primaryimage\",\"url\":\"https:\\\/\\\/www.ecosolucionesquimicas.es\\\/wp-content\\\/uploads\\\/2024\\\/02\\\/ECO-701-25L-ANTIGUA-scaled.jpg\",\"contentUrl\":\"https:\\\/\\\/www.ecosolucionesquimicas.es\\\/wp-content\\\/uploads\\\/2024\\\/02\\\/ECO-701-25L-ANTIGUA-scaled.jpg\",\"width\":2350,\"height\":2560},{\"@type\":\"BreadcrumbList\",\"@id\":\"https:\\\/\\\/www.ecosolucionesquimicas.es\\\/fr\\\/producto\\\/tratamiento-biologico-fosas-septicas\\\/#breadcrumb\",\"itemListElement\":[{\"@type\":\"ListItem\",\"position\":1,\"name\":\"Portada\",\"item\":\"https:\\\/\\\/www.ecosolucionesquimicas.es\\\/fr\\\/home\\\/\"},{\"@type\":\"ListItem\",\"position\":2,\"name\":\"Traitement biologique Fosses septiques\"}]},{\"@type\":\"WebSite\",\"@id\":\"https:\\\/\\\/www.ecosolucionesquimicas.es\\\/fr\\\/#website\",\"url\":\"https:\\\/\\\/www.ecosolucionesquimicas.es\\\/fr\\\/\",\"name\":\"Ecosoluciones Qu\u00edmicas\",\"description\":\"Achetez en ligne des produits d'entretien et des produits chimiques fabriqu\u00e9s par nos soins.\",\"publisher\":{\"@id\":\"https:\\\/\\\/www.ecosolucionesquimicas.es\\\/fr\\\/#organization\"},\"alternateName\":\"EQM\",\"potentialAction\":[{\"@type\":\"SearchAction\",\"target\":{\"@type\":\"EntryPoint\",\"urlTemplate\":\"https:\\\/\\\/www.ecosolucionesquimicas.es\\\/fr\\\/?s={search_term_string}\"},\"query-input\":{\"@type\":\"PropertyValueSpecification\",\"valueRequired\":true,\"valueName\":\"search_term_string\"}}],\"inLanguage\":\"fr-FR\"},{\"@type\":\"Organization\",\"@id\":\"https:\\\/\\\/www.ecosolucionesquimicas.es\\\/fr\\\/#organization\",\"name\":\"Ecosoluciones Qu\u00edmicas\",\"url\":\"https:\\\/\\\/www.ecosolucionesquimicas.es\\\/fr\\\/\",\"logo\":{\"@type\":\"ImageObject\",\"inLanguage\":\"fr-FR\",\"@id\":\"https:\\\/\\\/www.ecosolucionesquimicas.es\\\/fr\\\/#\\\/schema\\\/logo\\\/image\\\/\",\"url\":\"https:\\\/\\\/www.ecosolucionesquimicas.es\\\/wp-content\\\/uploads\\\/2024\\\/08\\\/LOGO-EQM-NUEVO-.png\",\"contentUrl\":\"https:\\\/\\\/www.ecosolucionesquimicas.es\\\/wp-content\\\/uploads\\\/2024\\\/08\\\/LOGO-EQM-NUEVO-.png\",\"width\":1060,\"height\":456,\"caption\":\"Ecosoluciones Qu\u00edmicas\"},\"image\":{\"@id\":\"https:\\\/\\\/www.ecosolucionesquimicas.es\\\/fr\\\/#\\\/schema\\\/logo\\\/image\\\/\"},\"sameAs\":[\"https:\\\/\\\/www.facebook.com\\\/ecosolucionesquimicasmadrid\\\/\",\"https:\\\/\\\/www.instagram.com\\\/ecosolucionesquimicas\\\/\"],\"hasMerchantReturnPolicy\":{\"@type\":\"MerchantReturnPolicy\",\"merchantReturnLink\":\"https:\\\/\\\/www.ecosolucionesquimicas.es\\\/refund_returns\\\/\"}}]}<\/script>\n<meta property=\"product:brand\" content=\"EQM\" \/>\n<meta property=\"product:price:amount\" content=\"3.62\" \/>\n<meta property=\"product:price:currency\" content=\"EUR\" \/>\n<meta property=\"og:availability\" content=\"out of stock\" \/>\n<meta property=\"product:availability\" content=\"out of stock\" \/>\n<meta property=\"product:retailer_item_id\" content=\"ECO-701\" \/>\n<meta property=\"product:condition\" content=\"new\" \/>\n<!-- \/ Yoast SEO Premium plugin. -->","yoast_head_json":{"title":"Traitement biologique Fosses septiques - Ecosoluciones Qu\u00edmicas","robots":{"index":"index","follow":"follow","max-snippet":"max-snippet:-1","max-image-preview":"max-image-preview:large","max-video-preview":"max-video-preview:-1"},"canonical":"https:\/\/www.ecosolucionesquimicas.es\/fr\/producto\/tratamiento-biologico-fosas-septicas\/","og_locale":"fr_FR","og_type":"article","og_title":"Traitement biologique Fosses septiques","og_description":"ECO-701 EST UN COMPOS\u00c9 BIOLOGIQUE POUR LE NETTOYAGE DES CANALISATIONS ET LE TRAITEMENT DES EAUX US\u00c9ES. Il utilise un syst\u00e8me de spores bact\u00e9riennes stabilis\u00e9es pour un nettoyage efficace.  CONTIENT DES SOUCHES DU GENRE BACILLUS. Ces souches sont efficaces dans le contr\u00f4le des odeurs, l'\u00e9limination des accumulations dans les canalisations, l'entretien des fosses septiques et la d\u00e9sodorisation des urinoirs et des lavabos.  \u2705 UNE LONGUE DUR\u00c9E DE CONSERVATION GR\u00c2CE \u00c0 SA FORME DE CULTURE SPORUL\u00c9E. Les spores restent inactives jusqu'\u00e0 ce qu'elles entrent en contact avec des d\u00e9chets organiques et soient activ\u00e9es pour remplir leur fonction.  PRODUIT \u00c9COLOGIQUE \u00c0 BASE DE MICRO-ORGANISMES. D\u00e9compose les d\u00e9chets de fa\u00e7on naturelle, sans nuire \u00e0 l'environnement ni g\u00e9n\u00e9rer de d\u00e9chets toxiques.  FORMAT 25 L. Produit disponible uniquement sur demande. Demande un devis. \u26ab N\u00b0 de r\u00e9f. : ECO-701","og_url":"https:\/\/www.ecosolucionesquimicas.es\/fr\/producto\/tratamiento-biologico-fosas-septicas\/","og_site_name":"Ecosoluciones Qu\u00edmicas","article_publisher":"https:\/\/www.facebook.com\/ecosolucionesquimicasmadrid\/","article_modified_time":"2025-11-20T15:56:04+00:00","og_image":[{"width":2350,"height":2560,"url":"https:\/\/www.ecosolucionesquimicas.es\/wp-content\/uploads\/2024\/02\/ECO-701-25L-ANTIGUA-scaled.jpg","type":"image\/jpeg"}],"twitter_card":"summary_large_image","twitter_misc":{"Prix":"3,62&nbsp;&euro; TVA incluse.","Disponibilit\u00e9":"Rupture de stock"},"schema":{"@context":"https:\/\/schema.org","@graph":[{"@type":"WebPage","@id":"https:\/\/www.ecosolucionesquimicas.es\/fr\/producto\/tratamiento-biologico-fosas-septicas\/","url":"https:\/\/www.ecosolucionesquimicas.es\/fr\/producto\/tratamiento-biologico-fosas-septicas\/","name":"Traitement biologique Fosses septiques - Ecosoluciones Qu\u00edmicas","isPartOf":{"@id":"https:\/\/www.ecosolucionesquimicas.es\/fr\/#website"},"primaryImageOfPage":{"@id":"https:\/\/www.ecosolucionesquimicas.es\/fr\/producto\/tratamiento-biologico-fosas-septicas\/#primaryimage"},"image":{"@id":"https:\/\/www.ecosolucionesquimicas.es\/fr\/producto\/tratamiento-biologico-fosas-septicas\/#primaryimage"},"thumbnailUrl":"https:\/\/www.ecosolucionesquimicas.es\/wp-content\/uploads\/2024\/02\/ECO-701-25L-ANTIGUA-scaled.jpg","datePublished":"2024-02-22T12:39:58+00:00","dateModified":"2025-11-20T15:56:04+00:00","breadcrumb":{"@id":"https:\/\/www.ecosolucionesquimicas.es\/fr\/producto\/tratamiento-biologico-fosas-septicas\/#breadcrumb"},"inLanguage":"fr-FR","potentialAction":[{"@type":"ReadAction","target":["https:\/\/www.ecosolucionesquimicas.es\/fr\/producto\/tratamiento-biologico-fosas-septicas\/"]}]},{"@type":"ImageObject","inLanguage":"fr-FR","@id":"https:\/\/www.ecosolucionesquimicas.es\/fr\/producto\/tratamiento-biologico-fosas-septicas\/#primaryimage","url":"https:\/\/www.ecosolucionesquimicas.es\/wp-content\/uploads\/2024\/02\/ECO-701-25L-ANTIGUA-scaled.jpg","contentUrl":"https:\/\/www.ecosolucionesquimicas.es\/wp-content\/uploads\/2024\/02\/ECO-701-25L-ANTIGUA-scaled.jpg","width":2350,"height":2560},{"@type":"BreadcrumbList","@id":"https:\/\/www.ecosolucionesquimicas.es\/fr\/producto\/tratamiento-biologico-fosas-septicas\/#breadcrumb","itemListElement":[{"@type":"ListItem","position":1,"name":"Portada","item":"https:\/\/www.ecosolucionesquimicas.es\/fr\/home\/"},{"@type":"ListItem","position":2,"name":"Traitement biologique Fosses septiques"}]},{"@type":"WebSite","@id":"https:\/\/www.ecosolucionesquimicas.es\/fr\/#website","url":"https:\/\/www.ecosolucionesquimicas.es\/fr\/","name":"Ecosoluciones Qu\u00edmicas","description":"Achetez en ligne des produits d'entretien et des produits chimiques fabriqu\u00e9s par nos soins.","publisher":{"@id":"https:\/\/www.ecosolucionesquimicas.es\/fr\/#organization"},"alternateName":"EQM","potentialAction":[{"@type":"SearchAction","target":{"@type":"EntryPoint","urlTemplate":"https:\/\/www.ecosolucionesquimicas.es\/fr\/?s={search_term_string}"},"query-input":{"@type":"PropertyValueSpecification","valueRequired":true,"valueName":"search_term_string"}}],"inLanguage":"fr-FR"},{"@type":"Organization","@id":"https:\/\/www.ecosolucionesquimicas.es\/fr\/#organization","name":"Ecosoluciones Qu\u00edmicas","url":"https:\/\/www.ecosolucionesquimicas.es\/fr\/","logo":{"@type":"ImageObject","inLanguage":"fr-FR","@id":"https:\/\/www.ecosolucionesquimicas.es\/fr\/#\/schema\/logo\/image\/","url":"https:\/\/www.ecosolucionesquimicas.es\/wp-content\/uploads\/2024\/08\/LOGO-EQM-NUEVO-.png","contentUrl":"https:\/\/www.ecosolucionesquimicas.es\/wp-content\/uploads\/2024\/08\/LOGO-EQM-NUEVO-.png","width":1060,"height":456,"caption":"Ecosoluciones Qu\u00edmicas"},"image":{"@id":"https:\/\/www.ecosolucionesquimicas.es\/fr\/#\/schema\/logo\/image\/"},"sameAs":["https:\/\/www.facebook.com\/ecosolucionesquimicasmadrid\/","https:\/\/www.instagram.com\/ecosolucionesquimicas\/"],"hasMerchantReturnPolicy":{"@type":"MerchantReturnPolicy","merchantReturnLink":"https:\/\/www.ecosolucionesquimicas.es\/refund_returns\/"}}]},"product_brand":"EQM","product_price_amount":"3.62","product_price_currency":"EUR","og_availability":"out of stock","product_availability":"out of stock","product_retailer_item_id":"ECO-701","product_condition":"new"},"_links":{"self":[{"href":"https:\/\/www.ecosolucionesquimicas.es\/fr\/wp-json\/wp\/v2\/product\/11703","targetHints":{"allow":["GET"]}}],"collection":[{"href":"https:\/\/www.ecosolucionesquimicas.es\/fr\/wp-json\/wp\/v2\/product"}],"about":[{"href":"https:\/\/www.ecosolucionesquimicas.es\/fr\/wp-json\/wp\/v2\/types\/product"}],"wp:featuredmedia":[{"embeddable":true,"href":"https:\/\/www.ecosolucionesquimicas.es\/fr\/wp-json\/wp\/v2\/media\/11704"}],"wp:attachment":[{"href":"https:\/\/www.ecosolucionesquimicas.es\/fr\/wp-json\/wp\/v2\/media?parent=11703"}],"wp:term":[{"taxonomy":"product_brand","embeddable":true,"href":"https:\/\/www.ecosolucionesquimicas.es\/fr\/wp-json\/wp\/v2\/product_brand?post=11703"},{"taxonomy":"product_cat","embeddable":true,"href":"https:\/\/www.ecosolucionesquimicas.es\/fr\/wp-json\/wp\/v2\/product_cat?post=11703"},{"taxonomy":"product_tag","embeddable":true,"href":"https:\/\/www.ecosolucionesquimicas.es\/fr\/wp-json\/wp\/v2\/product_tag?post=11703"}],"curies":[{"name":"wp","href":"https:\/\/api.w.org\/{rel}","templated":true}]}}