{"id":11691,"date":"2024-02-22T13:39:58","date_gmt":"2024-02-22T12:39:58","guid":{"rendered":"https:\/\/www.ecosolucionesquimicas.es\/producto\/alcohol-metilico-metanol\/"},"modified":"2026-04-20T17:10:17","modified_gmt":"2026-04-20T15:10:17","slug":"alcohol-metilico-metanol","status":"publish","type":"product","link":"https:\/\/www.ecosolucionesquimicas.es\/fr\/producto\/alcohol-metilico-metanol\/","title":{"rendered":"Alcool m\u00e9thylique \/ M\u00e9thanol"},"content":{"rendered":"<p><img fetchpriority=\"high\" decoding=\"async\" class=\"alignnone wp-image-3877\" src=\"https:\/\/www.ecosolucionesquimicas.es\/wp-content\/uploads\/2024\/02\/methanol-300x200.jpeg\" alt=\"\" width=\"550\" height=\"367\" srcset=\"https:\/\/www.ecosolucionesquimicas.es\/wp-content\/uploads\/2024\/02\/methanol-300x200.jpeg 300w, https:\/\/www.ecosolucionesquimicas.es\/wp-content\/uploads\/2024\/02\/methanol-1024x683.jpeg 1024w, https:\/\/www.ecosolucionesquimicas.es\/wp-content\/uploads\/2024\/02\/methanol-768x512.jpeg 768w, https:\/\/www.ecosolucionesquimicas.es\/wp-content\/uploads\/2024\/02\/methanol-600x400.jpeg 600w, https:\/\/www.ecosolucionesquimicas.es\/wp-content\/uploads\/2024\/02\/methanol.jpeg 1200w\" sizes=\"(max-width: 550px) 100vw, 550px\" \/><\/p>\n<p><strong>CANDIDATURES<\/strong><\/p>\n<p><strong>Carburant :<\/strong> utilis\u00e9 dans les v\u00e9hicules de course et comme combustible pour les barbecues et les chemin\u00e9es.<br \/>\n<strong>Mati\u00e8re premi\u00e8re chimique :<\/strong> utilis\u00e9e dans la production de formald\u00e9hyde, d&rsquo;acide ac\u00e9tique et d&rsquo;autres produits chimiques.<br \/>\n<strong>\u2714 Solvant :<\/strong> Utilis\u00e9 dans la fabrication d&rsquo;encres, d&rsquo;adh\u00e9sifs, de r\u00e9sines et de colorants.<br \/>\n<strong>Biocarburant :<\/strong> dans la production de biodiesel \u00e0 partir d&rsquo;huiles v\u00e9g\u00e9tales.<br \/>\n<strong>Antigel :<\/strong> utilis\u00e9 dans les fluides des v\u00e9hicules et des avions en raison de son faible point de cong\u00e9lation.<br \/>\n<strong>D\u00e9naturant de l&rsquo;\u00e9thanol :<\/strong> ajout\u00e9 \u00e0 l&rsquo;\u00e9thanol pour le rendre impropre \u00e0 la consommation humaine.<br \/>\n<strong>Nettoyage industriel :<\/strong> utilis\u00e9 pour d\u00e9graisser et nettoyer les machines et \u00e9quipements lourds.<\/p>\n<p><strong>Recommandations :<\/strong><\/p>\n<p><strong>Utilise un \u00e9quipement de protection individuelle :<\/strong> Porte toujours des gants, des lunettes et des \u00e9crans faciaux appropri\u00e9s pour \u00e9viter tout contact avec la peau, les yeux et l&rsquo;inhalation des vapeurs.<br \/>\n<strong>Travaille dans des espaces bien ventil\u00e9s :<\/strong> veille \u00e0 effectuer les activit\u00e9s li\u00e9es au m\u00e9thanol dans des espaces o\u00f9 l&rsquo;air circule bien afin de r\u00e9duire la concentration des vapeurs et de minimiser les risques d&rsquo;inhalation.<\/p>\n","protected":false},"excerpt":{"rendered":"<p><strong>LE M\u00c9THANOL, OU ALCOOL M\u00c9THYLIQUE, EST UN LIQUIDE INCOLORE HAUTEMENT INFLAMMABLE ET TOXIQUE<\/strong> <strong>\u00c0 TEMP\u00c9RATURE AMBIANTE.<\/strong> \u00c9galement connu sous le nom d&rsquo;alcool de bois ou d&rsquo;alcool \u00e0 br\u00fbler, il pr\u00e9sente ces caract\u00e9ristiques en raison de sa composition chimique.<\/p>\n<p>\u2705 <strong>FR\u00c9QUEMMENT UTILIS\u00c9 COMME COMBUSTIBLE DOMESTIQUE<\/strong>. Le m\u00e9thanol facilite l&rsquo;allumage des barbecues et des chemin\u00e9es, offrant un d\u00e9marrage rapide et efficace du feu gr\u00e2ce \u00e0 sa grande volatilit\u00e9 et \u00e0 sa capacit\u00e9 d&rsquo;allumage. <\/p>\n<p><strong>ECO-303 EST UN EXCELLENT SOLVANT, D\u00c9GRAISSANT ET NETTOYANT<\/strong>. Il convient aux surfaces, aux objets et aux outils. Sa polyvalence en fait un produit id\u00e9al pour \u00e9liminer efficacement les graisses et nettoyer.  <\/p>\n<p><strong>DANS L&rsquo;INDUSTRIE, L&rsquo;ECO-303 EST UTILIS\u00c9 COMME SOLVANT DANS LA FABRICATION D&rsquo;ENCRES, DE R\u00c9SINES, D&rsquo;ADH\u00c9SIFS ET DE COLORANTS<\/strong>. Il est essentiel dans de nombreux processus de production en raison de son efficacit\u00e9. <\/p>\n<p><strong>\u2705 FORMAT DE 5 ET 25 LITRES.<\/strong><\/p>\n<p><strong>\u26ab<\/strong><strong> N\u00b0 de r\u00e9f. : ECO-303<\/strong><\/p>\n","protected":false},"featured_media":11692,"template":"","meta":[],"product_brand":[225],"product_cat":[502],"product_tag":[503,519],"class_list":{"0":"post-11691","1":"product","2":"type-product","3":"status-publish","4":"has-post-thumbnail","6":"product_brand-eqm","7":"product_cat-alcoholes-y-soluciones-hidroalcoholicas","8":"product_tag-alcohol","9":"product_tag-metanol","11":"first","12":"instock","13":"taxable","14":"shipping-taxable","15":"purchasable","16":"product-type-variable"},"acf":[],"yoast_head":"<!-- This site is optimized with the Yoast SEO Premium plugin v27.1 (Yoast SEO v27.4) - https:\/\/yoast.com\/product\/yoast-seo-premium-wordpress\/ -->\n<title>Alcool m\u00e9thylique \/ M\u00e9thanol - Ecosoluciones Qu\u00edmicas<\/title>\n<meta name=\"robots\" content=\"index, follow, max-snippet:-1, max-image-preview:large, max-video-preview:-1\" \/>\n<link rel=\"canonical\" href=\"https:\/\/www.ecosolucionesquimicas.es\/fr\/producto\/alcohol-metilico-metanol\/\" \/>\n<meta property=\"og:locale\" content=\"fr_FR\" \/>\n<meta property=\"og:type\" content=\"article\" \/>\n<meta property=\"og:title\" content=\"Alcool m\u00e9thylique \/ M\u00e9thanol\" \/>\n<meta property=\"og:description\" content=\"LE M\u00c9THANOL, OU ALCOOL M\u00c9THYLIQUE, EST UN LIQUIDE INCOLORE HAUTEMENT INFLAMMABLE ET TOXIQUE \u00c0 TEMP\u00c9RATURE AMBIANTE. \u00c9galement connu sous le nom d&#039;alcool de bois ou d&#039;alcool \u00e0 br\u00fbler, il pr\u00e9sente ces caract\u00e9ristiques en raison de sa composition chimique. \u2705 FR\u00c9QUEMMENT UTILIS\u00c9 COMME COMBUSTIBLE DOMESTIQUE. Le m\u00e9thanol facilite l&#039;allumage des barbecues et des chemin\u00e9es, offrant un d\u00e9marrage rapide et efficace du feu gr\u00e2ce \u00e0 sa grande volatilit\u00e9 et \u00e0 sa capacit\u00e9 d&#039;allumage.  ECO-303 EST UN EXCELLENT SOLVANT, D\u00c9GRAISSANT ET NETTOYANT. Il convient aux surfaces, aux objets et aux outils. Sa polyvalence en fait un produit id\u00e9al pour \u00e9liminer efficacement les graisses et nettoyer.  DANS L&#039;INDUSTRIE, L&#039;ECO-303 EST UTILIS\u00c9 COMME SOLVANT DANS LA FABRICATION D&#039;ENCRES, DE R\u00c9SINES, D&#039;ADH\u00c9SIFS ET DE COLORANTS. Il est essentiel dans de nombreux processus de production en raison de son efficacit\u00e9.  \u2705 FORMAT DE 5 ET 25 LITRES. \u26ab N\u00b0 de r\u00e9f. : ECO-303\" \/>\n<meta property=\"og:url\" content=\"https:\/\/www.ecosolucionesquimicas.es\/fr\/producto\/alcohol-metilico-metanol\/\" \/>\n<meta property=\"og:site_name\" content=\"Ecosoluciones Qu\u00edmicas\" \/>\n<meta property=\"article:publisher\" content=\"https:\/\/www.facebook.com\/ecosolucionesquimicasmadrid\/\" \/>\n<meta property=\"article:modified_time\" content=\"2026-04-20T15:10:17+00:00\" \/>\n<meta property=\"og:image\" content=\"https:\/\/www.ecosolucionesquimicas.es\/wp-content\/uploads\/2024\/02\/ECO-303-5L-scaled.jpg\" \/>\n\t<meta property=\"og:image:width\" content=\"2350\" \/>\n\t<meta property=\"og:image:height\" content=\"2560\" \/>\n\t<meta property=\"og:image:type\" content=\"image\/jpeg\" \/>\n<meta name=\"twitter:card\" content=\"summary_large_image\" \/>\n<meta name=\"twitter:label1\" content=\"Disponibilit\u00e9\" \/>\n\t<meta name=\"twitter:data1\" content=\"En stock\" \/>\n<script type=\"application\/ld+json\" class=\"yoast-schema-graph\">{\"@context\":\"https:\\\/\\\/schema.org\",\"@graph\":[{\"@type\":\"WebPage\",\"@id\":\"https:\\\/\\\/www.ecosolucionesquimicas.es\\\/fr\\\/producto\\\/alcohol-metilico-metanol\\\/\",\"url\":\"https:\\\/\\\/www.ecosolucionesquimicas.es\\\/fr\\\/producto\\\/alcohol-metilico-metanol\\\/\",\"name\":\"Alcool m\u00e9thylique \\\/ M\u00e9thanol - Ecosoluciones Qu\u00edmicas\",\"isPartOf\":{\"@id\":\"https:\\\/\\\/www.ecosolucionesquimicas.es\\\/fr\\\/#website\"},\"primaryImageOfPage\":{\"@id\":\"https:\\\/\\\/www.ecosolucionesquimicas.es\\\/fr\\\/producto\\\/alcohol-metilico-metanol\\\/#primaryimage\"},\"image\":{\"@id\":\"https:\\\/\\\/www.ecosolucionesquimicas.es\\\/fr\\\/producto\\\/alcohol-metilico-metanol\\\/#primaryimage\"},\"thumbnailUrl\":\"https:\\\/\\\/www.ecosolucionesquimicas.es\\\/wp-content\\\/uploads\\\/2024\\\/02\\\/ECO-303-5L-scaled.jpg\",\"datePublished\":\"2024-02-22T12:39:58+00:00\",\"dateModified\":\"2026-04-20T15:10:17+00:00\",\"breadcrumb\":{\"@id\":\"https:\\\/\\\/www.ecosolucionesquimicas.es\\\/fr\\\/producto\\\/alcohol-metilico-metanol\\\/#breadcrumb\"},\"inLanguage\":\"fr-FR\",\"potentialAction\":[{\"@type\":\"ReadAction\",\"target\":[\"https:\\\/\\\/www.ecosolucionesquimicas.es\\\/fr\\\/producto\\\/alcohol-metilico-metanol\\\/\"]}]},{\"@type\":\"ImageObject\",\"inLanguage\":\"fr-FR\",\"@id\":\"https:\\\/\\\/www.ecosolucionesquimicas.es\\\/fr\\\/producto\\\/alcohol-metilico-metanol\\\/#primaryimage\",\"url\":\"https:\\\/\\\/www.ecosolucionesquimicas.es\\\/wp-content\\\/uploads\\\/2024\\\/02\\\/ECO-303-5L-scaled.jpg\",\"contentUrl\":\"https:\\\/\\\/www.ecosolucionesquimicas.es\\\/wp-content\\\/uploads\\\/2024\\\/02\\\/ECO-303-5L-scaled.jpg\",\"width\":2350,\"height\":2560},{\"@type\":\"BreadcrumbList\",\"@id\":\"https:\\\/\\\/www.ecosolucionesquimicas.es\\\/fr\\\/producto\\\/alcohol-metilico-metanol\\\/#breadcrumb\",\"itemListElement\":[{\"@type\":\"ListItem\",\"position\":1,\"name\":\"Portada\",\"item\":\"https:\\\/\\\/www.ecosolucionesquimicas.es\\\/fr\\\/home\\\/\"},{\"@type\":\"ListItem\",\"position\":2,\"name\":\"Alcool m\u00e9thylique \\\/ M\u00e9thanol\"}]},{\"@type\":\"WebSite\",\"@id\":\"https:\\\/\\\/www.ecosolucionesquimicas.es\\\/fr\\\/#website\",\"url\":\"https:\\\/\\\/www.ecosolucionesquimicas.es\\\/fr\\\/\",\"name\":\"Ecosoluciones Qu\u00edmicas\",\"description\":\"Achetez en ligne des produits d'entretien et des produits chimiques fabriqu\u00e9s par nos soins.\",\"publisher\":{\"@id\":\"https:\\\/\\\/www.ecosolucionesquimicas.es\\\/fr\\\/#organization\"},\"alternateName\":\"EQM\",\"potentialAction\":[{\"@type\":\"SearchAction\",\"target\":{\"@type\":\"EntryPoint\",\"urlTemplate\":\"https:\\\/\\\/www.ecosolucionesquimicas.es\\\/fr\\\/?s={search_term_string}\"},\"query-input\":{\"@type\":\"PropertyValueSpecification\",\"valueRequired\":true,\"valueName\":\"search_term_string\"}}],\"inLanguage\":\"fr-FR\"},{\"@type\":\"Organization\",\"@id\":\"https:\\\/\\\/www.ecosolucionesquimicas.es\\\/fr\\\/#organization\",\"name\":\"Ecosoluciones Qu\u00edmicas\",\"url\":\"https:\\\/\\\/www.ecosolucionesquimicas.es\\\/fr\\\/\",\"logo\":{\"@type\":\"ImageObject\",\"inLanguage\":\"fr-FR\",\"@id\":\"https:\\\/\\\/www.ecosolucionesquimicas.es\\\/fr\\\/#\\\/schema\\\/logo\\\/image\\\/\",\"url\":\"https:\\\/\\\/www.ecosolucionesquimicas.es\\\/wp-content\\\/uploads\\\/2024\\\/08\\\/LOGO-EQM-NUEVO-.png\",\"contentUrl\":\"https:\\\/\\\/www.ecosolucionesquimicas.es\\\/wp-content\\\/uploads\\\/2024\\\/08\\\/LOGO-EQM-NUEVO-.png\",\"width\":1060,\"height\":456,\"caption\":\"Ecosoluciones Qu\u00edmicas\"},\"image\":{\"@id\":\"https:\\\/\\\/www.ecosolucionesquimicas.es\\\/fr\\\/#\\\/schema\\\/logo\\\/image\\\/\"},\"sameAs\":[\"https:\\\/\\\/www.facebook.com\\\/ecosolucionesquimicasmadrid\\\/\",\"https:\\\/\\\/www.instagram.com\\\/ecosolucionesquimicas\\\/\"],\"hasMerchantReturnPolicy\":{\"@type\":\"MerchantReturnPolicy\",\"merchantReturnLink\":\"https:\\\/\\\/www.ecosolucionesquimicas.es\\\/refund_returns\\\/\"}}]}<\/script>\n<meta property=\"product:brand\" content=\"EQM\" \/>\n<meta property=\"og:availability\" content=\"instock\" \/>\n<meta property=\"product:availability\" content=\"instock\" \/>\n<meta property=\"product:retailer_item_id\" content=\"ECO-303\" \/>\n<meta property=\"product:condition\" content=\"new\" \/>\n<!-- \/ Yoast SEO Premium plugin. -->","yoast_head_json":{"title":"Alcool m\u00e9thylique \/ M\u00e9thanol - Ecosoluciones Qu\u00edmicas","robots":{"index":"index","follow":"follow","max-snippet":"max-snippet:-1","max-image-preview":"max-image-preview:large","max-video-preview":"max-video-preview:-1"},"canonical":"https:\/\/www.ecosolucionesquimicas.es\/fr\/producto\/alcohol-metilico-metanol\/","og_locale":"fr_FR","og_type":"article","og_title":"Alcool m\u00e9thylique \/ M\u00e9thanol","og_description":"LE M\u00c9THANOL, OU ALCOOL M\u00c9THYLIQUE, EST UN LIQUIDE INCOLORE HAUTEMENT INFLAMMABLE ET TOXIQUE \u00c0 TEMP\u00c9RATURE AMBIANTE. \u00c9galement connu sous le nom d'alcool de bois ou d'alcool \u00e0 br\u00fbler, il pr\u00e9sente ces caract\u00e9ristiques en raison de sa composition chimique. \u2705 FR\u00c9QUEMMENT UTILIS\u00c9 COMME COMBUSTIBLE DOMESTIQUE. Le m\u00e9thanol facilite l'allumage des barbecues et des chemin\u00e9es, offrant un d\u00e9marrage rapide et efficace du feu gr\u00e2ce \u00e0 sa grande volatilit\u00e9 et \u00e0 sa capacit\u00e9 d'allumage.  ECO-303 EST UN EXCELLENT SOLVANT, D\u00c9GRAISSANT ET NETTOYANT. Il convient aux surfaces, aux objets et aux outils. Sa polyvalence en fait un produit id\u00e9al pour \u00e9liminer efficacement les graisses et nettoyer.  DANS L'INDUSTRIE, L'ECO-303 EST UTILIS\u00c9 COMME SOLVANT DANS LA FABRICATION D'ENCRES, DE R\u00c9SINES, D'ADH\u00c9SIFS ET DE COLORANTS. Il est essentiel dans de nombreux processus de production en raison de son efficacit\u00e9.  \u2705 FORMAT DE 5 ET 25 LITRES. \u26ab N\u00b0 de r\u00e9f. : ECO-303","og_url":"https:\/\/www.ecosolucionesquimicas.es\/fr\/producto\/alcohol-metilico-metanol\/","og_site_name":"Ecosoluciones Qu\u00edmicas","article_publisher":"https:\/\/www.facebook.com\/ecosolucionesquimicasmadrid\/","article_modified_time":"2026-04-20T15:10:17+00:00","og_image":[{"width":2350,"height":2560,"url":"https:\/\/www.ecosolucionesquimicas.es\/wp-content\/uploads\/2024\/02\/ECO-303-5L-scaled.jpg","type":"image\/jpeg"}],"twitter_card":"summary_large_image","twitter_misc":{"Disponibilit\u00e9":"En stock"},"schema":{"@context":"https:\/\/schema.org","@graph":[{"@type":"WebPage","@id":"https:\/\/www.ecosolucionesquimicas.es\/fr\/producto\/alcohol-metilico-metanol\/","url":"https:\/\/www.ecosolucionesquimicas.es\/fr\/producto\/alcohol-metilico-metanol\/","name":"Alcool m\u00e9thylique \/ M\u00e9thanol - Ecosoluciones Qu\u00edmicas","isPartOf":{"@id":"https:\/\/www.ecosolucionesquimicas.es\/fr\/#website"},"primaryImageOfPage":{"@id":"https:\/\/www.ecosolucionesquimicas.es\/fr\/producto\/alcohol-metilico-metanol\/#primaryimage"},"image":{"@id":"https:\/\/www.ecosolucionesquimicas.es\/fr\/producto\/alcohol-metilico-metanol\/#primaryimage"},"thumbnailUrl":"https:\/\/www.ecosolucionesquimicas.es\/wp-content\/uploads\/2024\/02\/ECO-303-5L-scaled.jpg","datePublished":"2024-02-22T12:39:58+00:00","dateModified":"2026-04-20T15:10:17+00:00","breadcrumb":{"@id":"https:\/\/www.ecosolucionesquimicas.es\/fr\/producto\/alcohol-metilico-metanol\/#breadcrumb"},"inLanguage":"fr-FR","potentialAction":[{"@type":"ReadAction","target":["https:\/\/www.ecosolucionesquimicas.es\/fr\/producto\/alcohol-metilico-metanol\/"]}]},{"@type":"ImageObject","inLanguage":"fr-FR","@id":"https:\/\/www.ecosolucionesquimicas.es\/fr\/producto\/alcohol-metilico-metanol\/#primaryimage","url":"https:\/\/www.ecosolucionesquimicas.es\/wp-content\/uploads\/2024\/02\/ECO-303-5L-scaled.jpg","contentUrl":"https:\/\/www.ecosolucionesquimicas.es\/wp-content\/uploads\/2024\/02\/ECO-303-5L-scaled.jpg","width":2350,"height":2560},{"@type":"BreadcrumbList","@id":"https:\/\/www.ecosolucionesquimicas.es\/fr\/producto\/alcohol-metilico-metanol\/#breadcrumb","itemListElement":[{"@type":"ListItem","position":1,"name":"Portada","item":"https:\/\/www.ecosolucionesquimicas.es\/fr\/home\/"},{"@type":"ListItem","position":2,"name":"Alcool m\u00e9thylique \/ M\u00e9thanol"}]},{"@type":"WebSite","@id":"https:\/\/www.ecosolucionesquimicas.es\/fr\/#website","url":"https:\/\/www.ecosolucionesquimicas.es\/fr\/","name":"Ecosoluciones Qu\u00edmicas","description":"Achetez en ligne des produits d'entretien et des produits chimiques fabriqu\u00e9s par nos soins.","publisher":{"@id":"https:\/\/www.ecosolucionesquimicas.es\/fr\/#organization"},"alternateName":"EQM","potentialAction":[{"@type":"SearchAction","target":{"@type":"EntryPoint","urlTemplate":"https:\/\/www.ecosolucionesquimicas.es\/fr\/?s={search_term_string}"},"query-input":{"@type":"PropertyValueSpecification","valueRequired":true,"valueName":"search_term_string"}}],"inLanguage":"fr-FR"},{"@type":"Organization","@id":"https:\/\/www.ecosolucionesquimicas.es\/fr\/#organization","name":"Ecosoluciones Qu\u00edmicas","url":"https:\/\/www.ecosolucionesquimicas.es\/fr\/","logo":{"@type":"ImageObject","inLanguage":"fr-FR","@id":"https:\/\/www.ecosolucionesquimicas.es\/fr\/#\/schema\/logo\/image\/","url":"https:\/\/www.ecosolucionesquimicas.es\/wp-content\/uploads\/2024\/08\/LOGO-EQM-NUEVO-.png","contentUrl":"https:\/\/www.ecosolucionesquimicas.es\/wp-content\/uploads\/2024\/08\/LOGO-EQM-NUEVO-.png","width":1060,"height":456,"caption":"Ecosoluciones Qu\u00edmicas"},"image":{"@id":"https:\/\/www.ecosolucionesquimicas.es\/fr\/#\/schema\/logo\/image\/"},"sameAs":["https:\/\/www.facebook.com\/ecosolucionesquimicasmadrid\/","https:\/\/www.instagram.com\/ecosolucionesquimicas\/"],"hasMerchantReturnPolicy":{"@type":"MerchantReturnPolicy","merchantReturnLink":"https:\/\/www.ecosolucionesquimicas.es\/refund_returns\/"}}]},"product_brand":"EQM","og_availability":"instock","product_availability":"instock","product_retailer_item_id":"ECO-303","product_condition":"new"},"_links":{"self":[{"href":"https:\/\/www.ecosolucionesquimicas.es\/fr\/wp-json\/wp\/v2\/product\/11691","targetHints":{"allow":["GET"]}}],"collection":[{"href":"https:\/\/www.ecosolucionesquimicas.es\/fr\/wp-json\/wp\/v2\/product"}],"about":[{"href":"https:\/\/www.ecosolucionesquimicas.es\/fr\/wp-json\/wp\/v2\/types\/product"}],"wp:featuredmedia":[{"embeddable":true,"href":"https:\/\/www.ecosolucionesquimicas.es\/fr\/wp-json\/wp\/v2\/media\/11692"}],"wp:attachment":[{"href":"https:\/\/www.ecosolucionesquimicas.es\/fr\/wp-json\/wp\/v2\/media?parent=11691"}],"wp:term":[{"taxonomy":"product_brand","embeddable":true,"href":"https:\/\/www.ecosolucionesquimicas.es\/fr\/wp-json\/wp\/v2\/product_brand?post=11691"},{"taxonomy":"product_cat","embeddable":true,"href":"https:\/\/www.ecosolucionesquimicas.es\/fr\/wp-json\/wp\/v2\/product_cat?post=11691"},{"taxonomy":"product_tag","embeddable":true,"href":"https:\/\/www.ecosolucionesquimicas.es\/fr\/wp-json\/wp\/v2\/product_tag?post=11691"}],"curies":[{"name":"wp","href":"https:\/\/api.w.org\/{rel}","templated":true}]}}