{"id":11670,"date":"2024-02-22T13:39:58","date_gmt":"2024-02-22T12:39:58","guid":{"rendered":"https:\/\/www.ecosolucionesquimicas.es\/producto\/eliminador-de-oxido\/"},"modified":"2026-03-30T16:21:10","modified_gmt":"2026-03-30T14:21:10","slug":"eliminador-de-oxido","status":"publish","type":"product","link":"https:\/\/www.ecosolucionesquimicas.es\/fr\/producto\/eliminador-de-oxido\/","title":{"rendered":"D\u00e9rouillant"},"content":{"rendered":"<p><img fetchpriority=\"high\" decoding=\"async\" class=\"alignnone wp-image-3833\" src=\"https:\/\/www.ecosolucionesquimicas.es\/wp-content\/uploads\/2024\/02\/closeup-rusted-metal-bolt-with-texture-300x169.jpg\" alt=\"\" width=\"550\" height=\"309\" srcset=\"https:\/\/www.ecosolucionesquimicas.es\/wp-content\/uploads\/2024\/02\/closeup-rusted-metal-bolt-with-texture-300x169.jpg 300w, https:\/\/www.ecosolucionesquimicas.es\/wp-content\/uploads\/2024\/02\/closeup-rusted-metal-bolt-with-texture-1024x576.jpg 1024w, https:\/\/www.ecosolucionesquimicas.es\/wp-content\/uploads\/2024\/02\/closeup-rusted-metal-bolt-with-texture-768x432.jpg 768w, https:\/\/www.ecosolucionesquimicas.es\/wp-content\/uploads\/2024\/02\/closeup-rusted-metal-bolt-with-texture-1536x864.jpg 1536w, https:\/\/www.ecosolucionesquimicas.es\/wp-content\/uploads\/2024\/02\/closeup-rusted-metal-bolt-with-texture-2048x1152.jpg 2048w, https:\/\/www.ecosolucionesquimicas.es\/wp-content\/uploads\/2024\/02\/closeup-rusted-metal-bolt-with-texture-600x338.jpg 600w\" sizes=\"(max-width: 550px) 100vw, 550px\" \/><\/p>\n<p><strong>MODE D&rsquo;EMPLOI<\/strong><\/p>\n<p><strong>Application :<\/strong> Tremper dans le produit ou appliquer directement en recouvrant la surface.<br \/>\n\ud83d\udd18 <strong>Temps d&rsquo;action :<\/strong> Laisser agir pendant au moins 30 minutes, plus longtemps pour la rouille s\u00e9v\u00e8re.<br \/>\n\ud83d\udd18 <strong>Nettoyage :<\/strong> Rincer \u00e0 l&rsquo;eau pour \u00e9liminer les r\u00e9sidus et la rouille, r\u00e9p\u00e9ter l&rsquo;op\u00e9ration si n\u00e9cessaire.<br \/>\n\ud83d\udd18 <strong>Enl\u00e8vement suppl\u00e9mentaire :<\/strong> Utiliser une brosse en nylon pour la rouille s\u00e9v\u00e8re, en effectuant des mouvements doux.<\/p>\n<p><strong>Recommandations :<\/strong><\/p>\n<p><strong>Protection personnelle<\/strong>: Porte des gants de protection et des lunettes de s\u00e9curit\u00e9 lors de l&rsquo;application du produit afin d&rsquo;\u00e9viter tout contact direct avec la peau et les yeux. Travaille dans un endroit bien ventil\u00e9.<br \/>\n<strong>Entretien de la zone<\/strong>: nettoie et range la brosse en nylon apr\u00e8s utilisation pour \u00e9viter que la rouille ne s&rsquo;accumule sur les poils, ce qui pourrait nuire \u00e0 son efficacit\u00e9 lors d&rsquo;applications ult\u00e9rieures.<\/p>\n","protected":false},"excerpt":{"rendered":"<p><strong> ECO-804 ENLEVE EFFECTIVEMENT LA ROUILLE DU FER<\/strong> ET DE<strong> L&rsquo;ACIER<\/strong> Ce nettoyant est formul\u00e9 pour dissoudre et enlever la couche de rouille sur les objets en fer ou en acier, leur redonnant ainsi leur couleur et leur aspect m\u00e9tallique d&rsquo;origine.<\/p>\n<p><strong> ID\u00c9AL POUR TACHER LA QUINCAILLERIE, LES \u00c9CROUS, LES BOULONS ET AUTRES COMPOSANTS M\u00c9TALLIQUES.<\/strong> Il peut \u00eatre utilis\u00e9 dans les environnements industriels et domestiques, et constitue une solution polyvalente pour toute une s\u00e9rie d&rsquo;applications de nettoyage.<\/p>\n<p><strong> ADAPT\u00c9 \u00c0 TOUT TYPE D&rsquo;ALLIAGE ET EFFICACE CONTRE LA ROUILLE FERRIQUE, LES TACHES OU LES INCRUSTATIONS.<\/strong> Le produit offre des r\u00e9sultats rapides, visibles en quelques minutes, permettant de redonner l&rsquo;\u00e9clat et l&rsquo;aspect d&rsquo;origine aux pi\u00e8ces m\u00e9talliques.<\/p>\n<p><strong> ECO-804 EST CON\u00c7U POUR \u00caTRE S\u00dbR ET MINIMISER LES DOMMAGES.<\/strong> Sa formulation r\u00e9duit le risque d&rsquo;endommager les surfaces m\u00e9talliques et pr\u00e9vient les effets corrosifs suppl\u00e9mentaires, assurant un nettoyage efficace sans compromettre l&rsquo;int\u00e9grit\u00e9 du m\u00e9tal.<\/p>\n<p><strong>FORMATS DE 1, 5 ET 20 LITRES.<\/strong><\/p>\n<p><strong>\u26ab<\/strong><strong> N\u00b0 de r\u00e9f. : ECO-804<\/strong><\/p>\n","protected":false},"featured_media":11671,"template":"","meta":[],"product_brand":[225],"product_cat":[487],"product_tag":[517,516],"class_list":{"0":"post-11670","1":"product","2":"type-product","3":"status-publish","4":"has-post-thumbnail","6":"product_brand-eqm","7":"product_cat-quimicos","8":"product_tag-oxidado","9":"product_tag-oxido","11":"first","12":"instock","13":"sale","14":"taxable","15":"shipping-taxable","16":"purchasable","17":"product-type-variable"},"acf":[],"yoast_head":"<!-- This site is optimized with the Yoast SEO Premium plugin v27.1 (Yoast SEO v27.4) - https:\/\/yoast.com\/product\/yoast-seo-premium-wordpress\/ -->\n<title>D\u00e9rouillant - Ecosoluciones Qu\u00edmicas<\/title>\n<meta name=\"robots\" content=\"index, follow, max-snippet:-1, max-image-preview:large, max-video-preview:-1\" \/>\n<link rel=\"canonical\" href=\"https:\/\/www.ecosolucionesquimicas.es\/fr\/producto\/eliminador-de-oxido\/\" \/>\n<meta property=\"og:locale\" content=\"fr_FR\" \/>\n<meta property=\"og:type\" content=\"article\" \/>\n<meta property=\"og:title\" content=\"D\u00e9rouillant\" \/>\n<meta property=\"og:description\" content=\"ECO-804 ENLEVE EFFECTIVEMENT LA ROUILLE DU FER ET DE L&#039;ACIER Ce nettoyant est formul\u00e9 pour dissoudre et enlever la couche de rouille sur les objets en fer ou en acier, leur redonnant ainsi leur couleur et leur aspect m\u00e9tallique d&#039;origine.  ID\u00c9AL POUR TACHER LA QUINCAILLERIE, LES \u00c9CROUS, LES BOULONS ET AUTRES COMPOSANTS M\u00c9TALLIQUES. Il peut \u00eatre utilis\u00e9 dans les environnements industriels et domestiques, et constitue une solution polyvalente pour toute une s\u00e9rie d&#039;applications de nettoyage.  ADAPT\u00c9 \u00c0 TOUT TYPE D&#039;ALLIAGE ET EFFICACE CONTRE LA ROUILLE FERRIQUE, LES TACHES OU LES INCRUSTATIONS. Le produit offre des r\u00e9sultats rapides, visibles en quelques minutes, permettant de redonner l&#039;\u00e9clat et l&#039;aspect d&#039;origine aux pi\u00e8ces m\u00e9talliques.  ECO-804 EST CON\u00c7U POUR \u00caTRE S\u00dbR ET MINIMISER LES DOMMAGES. Sa formulation r\u00e9duit le risque d&#039;endommager les surfaces m\u00e9talliques et pr\u00e9vient les effets corrosifs suppl\u00e9mentaires, assurant un nettoyage efficace sans compromettre l&#039;int\u00e9grit\u00e9 du m\u00e9tal. FORMATS DE 1, 5 ET 20 LITRES. \u26ab N\u00b0 de r\u00e9f. : ECO-804\" \/>\n<meta property=\"og:url\" content=\"https:\/\/www.ecosolucionesquimicas.es\/fr\/producto\/eliminador-de-oxido\/\" \/>\n<meta property=\"og:site_name\" content=\"Ecosoluciones Qu\u00edmicas\" \/>\n<meta property=\"article:publisher\" content=\"https:\/\/www.facebook.com\/ecosolucionesquimicasmadrid\/\" \/>\n<meta property=\"article:modified_time\" content=\"2026-03-30T14:21:10+00:00\" \/>\n<meta property=\"og:image\" content=\"https:\/\/www.ecosolucionesquimicas.es\/wp-content\/uploads\/2024\/02\/ECO-804-5L-scaled.jpg\" \/>\n\t<meta property=\"og:image:width\" content=\"2350\" \/>\n\t<meta property=\"og:image:height\" content=\"2560\" \/>\n\t<meta property=\"og:image:type\" content=\"image\/jpeg\" \/>\n<meta name=\"twitter:card\" content=\"summary_large_image\" \/>\n<meta name=\"twitter:label1\" content=\"Disponibilit\u00e9\" \/>\n\t<meta name=\"twitter:data1\" content=\"En stock\" \/>\n<script type=\"application\/ld+json\" class=\"yoast-schema-graph\">{\"@context\":\"https:\\\/\\\/schema.org\",\"@graph\":[{\"@type\":\"WebPage\",\"@id\":\"https:\\\/\\\/www.ecosolucionesquimicas.es\\\/fr\\\/producto\\\/eliminador-de-oxido\\\/\",\"url\":\"https:\\\/\\\/www.ecosolucionesquimicas.es\\\/fr\\\/producto\\\/eliminador-de-oxido\\\/\",\"name\":\"D\u00e9rouillant - Ecosoluciones Qu\u00edmicas\",\"isPartOf\":{\"@id\":\"https:\\\/\\\/www.ecosolucionesquimicas.es\\\/fr\\\/#website\"},\"primaryImageOfPage\":{\"@id\":\"https:\\\/\\\/www.ecosolucionesquimicas.es\\\/fr\\\/producto\\\/eliminador-de-oxido\\\/#primaryimage\"},\"image\":{\"@id\":\"https:\\\/\\\/www.ecosolucionesquimicas.es\\\/fr\\\/producto\\\/eliminador-de-oxido\\\/#primaryimage\"},\"thumbnailUrl\":\"https:\\\/\\\/www.ecosolucionesquimicas.es\\\/wp-content\\\/uploads\\\/2024\\\/02\\\/ECO-804-5L-scaled.jpg\",\"datePublished\":\"2024-02-22T12:39:58+00:00\",\"dateModified\":\"2026-03-30T14:21:10+00:00\",\"breadcrumb\":{\"@id\":\"https:\\\/\\\/www.ecosolucionesquimicas.es\\\/fr\\\/producto\\\/eliminador-de-oxido\\\/#breadcrumb\"},\"inLanguage\":\"fr-FR\",\"potentialAction\":[{\"@type\":\"ReadAction\",\"target\":[\"https:\\\/\\\/www.ecosolucionesquimicas.es\\\/fr\\\/producto\\\/eliminador-de-oxido\\\/\"]}]},{\"@type\":\"ImageObject\",\"inLanguage\":\"fr-FR\",\"@id\":\"https:\\\/\\\/www.ecosolucionesquimicas.es\\\/fr\\\/producto\\\/eliminador-de-oxido\\\/#primaryimage\",\"url\":\"https:\\\/\\\/www.ecosolucionesquimicas.es\\\/wp-content\\\/uploads\\\/2024\\\/02\\\/ECO-804-5L-scaled.jpg\",\"contentUrl\":\"https:\\\/\\\/www.ecosolucionesquimicas.es\\\/wp-content\\\/uploads\\\/2024\\\/02\\\/ECO-804-5L-scaled.jpg\",\"width\":2350,\"height\":2560},{\"@type\":\"BreadcrumbList\",\"@id\":\"https:\\\/\\\/www.ecosolucionesquimicas.es\\\/fr\\\/producto\\\/eliminador-de-oxido\\\/#breadcrumb\",\"itemListElement\":[{\"@type\":\"ListItem\",\"position\":1,\"name\":\"Portada\",\"item\":\"https:\\\/\\\/www.ecosolucionesquimicas.es\\\/fr\\\/home\\\/\"},{\"@type\":\"ListItem\",\"position\":2,\"name\":\"D\u00e9rouillant\"}]},{\"@type\":\"WebSite\",\"@id\":\"https:\\\/\\\/www.ecosolucionesquimicas.es\\\/fr\\\/#website\",\"url\":\"https:\\\/\\\/www.ecosolucionesquimicas.es\\\/fr\\\/\",\"name\":\"Ecosoluciones Qu\u00edmicas\",\"description\":\"Achetez en ligne des produits d'entretien et des produits chimiques fabriqu\u00e9s par nos soins.\",\"publisher\":{\"@id\":\"https:\\\/\\\/www.ecosolucionesquimicas.es\\\/fr\\\/#organization\"},\"alternateName\":\"EQM\",\"potentialAction\":[{\"@type\":\"SearchAction\",\"target\":{\"@type\":\"EntryPoint\",\"urlTemplate\":\"https:\\\/\\\/www.ecosolucionesquimicas.es\\\/fr\\\/?s={search_term_string}\"},\"query-input\":{\"@type\":\"PropertyValueSpecification\",\"valueRequired\":true,\"valueName\":\"search_term_string\"}}],\"inLanguage\":\"fr-FR\"},{\"@type\":\"Organization\",\"@id\":\"https:\\\/\\\/www.ecosolucionesquimicas.es\\\/fr\\\/#organization\",\"name\":\"Ecosoluciones Qu\u00edmicas\",\"url\":\"https:\\\/\\\/www.ecosolucionesquimicas.es\\\/fr\\\/\",\"logo\":{\"@type\":\"ImageObject\",\"inLanguage\":\"fr-FR\",\"@id\":\"https:\\\/\\\/www.ecosolucionesquimicas.es\\\/fr\\\/#\\\/schema\\\/logo\\\/image\\\/\",\"url\":\"https:\\\/\\\/www.ecosolucionesquimicas.es\\\/wp-content\\\/uploads\\\/2024\\\/08\\\/LOGO-EQM-NUEVO-.png\",\"contentUrl\":\"https:\\\/\\\/www.ecosolucionesquimicas.es\\\/wp-content\\\/uploads\\\/2024\\\/08\\\/LOGO-EQM-NUEVO-.png\",\"width\":1060,\"height\":456,\"caption\":\"Ecosoluciones Qu\u00edmicas\"},\"image\":{\"@id\":\"https:\\\/\\\/www.ecosolucionesquimicas.es\\\/fr\\\/#\\\/schema\\\/logo\\\/image\\\/\"},\"sameAs\":[\"https:\\\/\\\/www.facebook.com\\\/ecosolucionesquimicasmadrid\\\/\",\"https:\\\/\\\/www.instagram.com\\\/ecosolucionesquimicas\\\/\"],\"hasMerchantReturnPolicy\":{\"@type\":\"MerchantReturnPolicy\",\"merchantReturnLink\":\"https:\\\/\\\/www.ecosolucionesquimicas.es\\\/refund_returns\\\/\"}}]}<\/script>\n<meta property=\"product:brand\" content=\"EQM\" \/>\n<meta property=\"og:availability\" content=\"instock\" \/>\n<meta property=\"product:availability\" content=\"instock\" \/>\n<meta property=\"product:retailer_item_id\" content=\"ECO-804\" \/>\n<meta property=\"product:condition\" content=\"new\" \/>\n<!-- \/ Yoast SEO Premium plugin. -->","yoast_head_json":{"title":"D\u00e9rouillant - Ecosoluciones Qu\u00edmicas","robots":{"index":"index","follow":"follow","max-snippet":"max-snippet:-1","max-image-preview":"max-image-preview:large","max-video-preview":"max-video-preview:-1"},"canonical":"https:\/\/www.ecosolucionesquimicas.es\/fr\/producto\/eliminador-de-oxido\/","og_locale":"fr_FR","og_type":"article","og_title":"D\u00e9rouillant","og_description":"ECO-804 ENLEVE EFFECTIVEMENT LA ROUILLE DU FER ET DE L'ACIER Ce nettoyant est formul\u00e9 pour dissoudre et enlever la couche de rouille sur les objets en fer ou en acier, leur redonnant ainsi leur couleur et leur aspect m\u00e9tallique d'origine.  ID\u00c9AL POUR TACHER LA QUINCAILLERIE, LES \u00c9CROUS, LES BOULONS ET AUTRES COMPOSANTS M\u00c9TALLIQUES. Il peut \u00eatre utilis\u00e9 dans les environnements industriels et domestiques, et constitue une solution polyvalente pour toute une s\u00e9rie d'applications de nettoyage.  ADAPT\u00c9 \u00c0 TOUT TYPE D'ALLIAGE ET EFFICACE CONTRE LA ROUILLE FERRIQUE, LES TACHES OU LES INCRUSTATIONS. Le produit offre des r\u00e9sultats rapides, visibles en quelques minutes, permettant de redonner l'\u00e9clat et l'aspect d'origine aux pi\u00e8ces m\u00e9talliques.  ECO-804 EST CON\u00c7U POUR \u00caTRE S\u00dbR ET MINIMISER LES DOMMAGES. Sa formulation r\u00e9duit le risque d'endommager les surfaces m\u00e9talliques et pr\u00e9vient les effets corrosifs suppl\u00e9mentaires, assurant un nettoyage efficace sans compromettre l'int\u00e9grit\u00e9 du m\u00e9tal. FORMATS DE 1, 5 ET 20 LITRES. \u26ab N\u00b0 de r\u00e9f. : ECO-804","og_url":"https:\/\/www.ecosolucionesquimicas.es\/fr\/producto\/eliminador-de-oxido\/","og_site_name":"Ecosoluciones Qu\u00edmicas","article_publisher":"https:\/\/www.facebook.com\/ecosolucionesquimicasmadrid\/","article_modified_time":"2026-03-30T14:21:10+00:00","og_image":[{"width":2350,"height":2560,"url":"https:\/\/www.ecosolucionesquimicas.es\/wp-content\/uploads\/2024\/02\/ECO-804-5L-scaled.jpg","type":"image\/jpeg"}],"twitter_card":"summary_large_image","twitter_misc":{"Disponibilit\u00e9":"En stock"},"schema":{"@context":"https:\/\/schema.org","@graph":[{"@type":"WebPage","@id":"https:\/\/www.ecosolucionesquimicas.es\/fr\/producto\/eliminador-de-oxido\/","url":"https:\/\/www.ecosolucionesquimicas.es\/fr\/producto\/eliminador-de-oxido\/","name":"D\u00e9rouillant - Ecosoluciones Qu\u00edmicas","isPartOf":{"@id":"https:\/\/www.ecosolucionesquimicas.es\/fr\/#website"},"primaryImageOfPage":{"@id":"https:\/\/www.ecosolucionesquimicas.es\/fr\/producto\/eliminador-de-oxido\/#primaryimage"},"image":{"@id":"https:\/\/www.ecosolucionesquimicas.es\/fr\/producto\/eliminador-de-oxido\/#primaryimage"},"thumbnailUrl":"https:\/\/www.ecosolucionesquimicas.es\/wp-content\/uploads\/2024\/02\/ECO-804-5L-scaled.jpg","datePublished":"2024-02-22T12:39:58+00:00","dateModified":"2026-03-30T14:21:10+00:00","breadcrumb":{"@id":"https:\/\/www.ecosolucionesquimicas.es\/fr\/producto\/eliminador-de-oxido\/#breadcrumb"},"inLanguage":"fr-FR","potentialAction":[{"@type":"ReadAction","target":["https:\/\/www.ecosolucionesquimicas.es\/fr\/producto\/eliminador-de-oxido\/"]}]},{"@type":"ImageObject","inLanguage":"fr-FR","@id":"https:\/\/www.ecosolucionesquimicas.es\/fr\/producto\/eliminador-de-oxido\/#primaryimage","url":"https:\/\/www.ecosolucionesquimicas.es\/wp-content\/uploads\/2024\/02\/ECO-804-5L-scaled.jpg","contentUrl":"https:\/\/www.ecosolucionesquimicas.es\/wp-content\/uploads\/2024\/02\/ECO-804-5L-scaled.jpg","width":2350,"height":2560},{"@type":"BreadcrumbList","@id":"https:\/\/www.ecosolucionesquimicas.es\/fr\/producto\/eliminador-de-oxido\/#breadcrumb","itemListElement":[{"@type":"ListItem","position":1,"name":"Portada","item":"https:\/\/www.ecosolucionesquimicas.es\/fr\/home\/"},{"@type":"ListItem","position":2,"name":"D\u00e9rouillant"}]},{"@type":"WebSite","@id":"https:\/\/www.ecosolucionesquimicas.es\/fr\/#website","url":"https:\/\/www.ecosolucionesquimicas.es\/fr\/","name":"Ecosoluciones Qu\u00edmicas","description":"Achetez en ligne des produits d'entretien et des produits chimiques fabriqu\u00e9s par nos soins.","publisher":{"@id":"https:\/\/www.ecosolucionesquimicas.es\/fr\/#organization"},"alternateName":"EQM","potentialAction":[{"@type":"SearchAction","target":{"@type":"EntryPoint","urlTemplate":"https:\/\/www.ecosolucionesquimicas.es\/fr\/?s={search_term_string}"},"query-input":{"@type":"PropertyValueSpecification","valueRequired":true,"valueName":"search_term_string"}}],"inLanguage":"fr-FR"},{"@type":"Organization","@id":"https:\/\/www.ecosolucionesquimicas.es\/fr\/#organization","name":"Ecosoluciones Qu\u00edmicas","url":"https:\/\/www.ecosolucionesquimicas.es\/fr\/","logo":{"@type":"ImageObject","inLanguage":"fr-FR","@id":"https:\/\/www.ecosolucionesquimicas.es\/fr\/#\/schema\/logo\/image\/","url":"https:\/\/www.ecosolucionesquimicas.es\/wp-content\/uploads\/2024\/08\/LOGO-EQM-NUEVO-.png","contentUrl":"https:\/\/www.ecosolucionesquimicas.es\/wp-content\/uploads\/2024\/08\/LOGO-EQM-NUEVO-.png","width":1060,"height":456,"caption":"Ecosoluciones Qu\u00edmicas"},"image":{"@id":"https:\/\/www.ecosolucionesquimicas.es\/fr\/#\/schema\/logo\/image\/"},"sameAs":["https:\/\/www.facebook.com\/ecosolucionesquimicasmadrid\/","https:\/\/www.instagram.com\/ecosolucionesquimicas\/"],"hasMerchantReturnPolicy":{"@type":"MerchantReturnPolicy","merchantReturnLink":"https:\/\/www.ecosolucionesquimicas.es\/refund_returns\/"}}]},"product_brand":"EQM","og_availability":"instock","product_availability":"instock","product_retailer_item_id":"ECO-804","product_condition":"new"},"_links":{"self":[{"href":"https:\/\/www.ecosolucionesquimicas.es\/fr\/wp-json\/wp\/v2\/product\/11670","targetHints":{"allow":["GET"]}}],"collection":[{"href":"https:\/\/www.ecosolucionesquimicas.es\/fr\/wp-json\/wp\/v2\/product"}],"about":[{"href":"https:\/\/www.ecosolucionesquimicas.es\/fr\/wp-json\/wp\/v2\/types\/product"}],"wp:featuredmedia":[{"embeddable":true,"href":"https:\/\/www.ecosolucionesquimicas.es\/fr\/wp-json\/wp\/v2\/media\/11671"}],"wp:attachment":[{"href":"https:\/\/www.ecosolucionesquimicas.es\/fr\/wp-json\/wp\/v2\/media?parent=11670"}],"wp:term":[{"taxonomy":"product_brand","embeddable":true,"href":"https:\/\/www.ecosolucionesquimicas.es\/fr\/wp-json\/wp\/v2\/product_brand?post=11670"},{"taxonomy":"product_cat","embeddable":true,"href":"https:\/\/www.ecosolucionesquimicas.es\/fr\/wp-json\/wp\/v2\/product_cat?post=11670"},{"taxonomy":"product_tag","embeddable":true,"href":"https:\/\/www.ecosolucionesquimicas.es\/fr\/wp-json\/wp\/v2\/product_tag?post=11670"}],"curies":[{"name":"wp","href":"https:\/\/api.w.org\/{rel}","templated":true}]}}