{"id":11634,"date":"2024-02-22T13:39:58","date_gmt":"2024-02-22T12:39:58","guid":{"rendered":"https:\/\/www.ecosolucionesquimicas.es\/producto\/locion-hidroalcoholica-para-manos\/"},"modified":"2025-11-20T16:56:35","modified_gmt":"2025-11-20T15:56:35","slug":"locion-hidroalcoholica-para-manos","status":"publish","type":"product","link":"https:\/\/www.ecosolucionesquimicas.es\/fr\/producto\/locion-hidroalcoholica-para-manos\/","title":{"rendered":"Lotion hydroalcoolique pour les mains"},"content":{"rendered":"<p><img fetchpriority=\"high\" decoding=\"async\" class=\"alignnone wp-image-3968\" src=\"https:\/\/www.ecosolucionesquimicas.es\/wp-content\/uploads\/2024\/02\/12923353-300x200.jpg\" alt=\"\" width=\"550\" height=\"367\" srcset=\"https:\/\/www.ecosolucionesquimicas.es\/wp-content\/uploads\/2024\/02\/12923353-300x200.jpg 300w, https:\/\/www.ecosolucionesquimicas.es\/wp-content\/uploads\/2024\/02\/12923353-768x512.jpg 768w, https:\/\/www.ecosolucionesquimicas.es\/wp-content\/uploads\/2024\/02\/12923353-600x400.jpg 600w, https:\/\/www.ecosolucionesquimicas.es\/wp-content\/uploads\/2024\/02\/12923353.jpg 1000w\" sizes=\"(max-width: 550px) 100vw, 550px\" \/><\/p>\n<p><strong>CARACT\u00c9RISTIQUES<\/strong><\/p>\n<p><strong>Composition<\/strong>: Formul\u00e9 avec 70% d&rsquo;alcool \u00e9thylique ou isopropylique et de la glyc\u00e9rine pour l&rsquo;hydratation.<br \/>\n\u2714 <strong>Utilisation correcte<\/strong>: Appliquer et frotter les mains \u00e0 sec pour garantir l&rsquo;efficacit\u00e9.<br \/>\n\u2714 <strong>Avantages<\/strong>: Fournit une solution rapide pour le nettoyage des mains sans eau, id\u00e9al lorsque les installations de lavage des mains ne sont pas disponibles.<br \/>\n\u2714 <strong>Hydratation<\/strong>: Comprend de la glyc\u00e9rine pour contrer la s\u00e9cheresse et garder les mains douces.<br \/>\n\u2714 <strong>Dur\u00e9e de l&rsquo;effet<\/strong>: Protection temporaire, recommand\u00e9e pour une utilisation fr\u00e9quente, surtout apr\u00e8s avoir touch\u00e9 des surfaces potentiellement contamin\u00e9es.<br \/>\n\u2714 <strong>Certifications<\/strong>: Certifi\u00e9 en laboratoire pour garantir l&rsquo;efficacit\u00e9 et la s\u00e9curit\u00e9.<\/p>\n<p><strong>Recommandations :  <\/strong><\/p>\n<p>L&rsquo;alcool hydroalcoolique est inflammable et doit \u00eatre conserv\u00e9 \u00e0 l&rsquo;\u00e9cart des sources de chaleur et des flammes. Il peut \u00e9galement provoquer des irritations sur les peaux sensibles, il faut donc l&rsquo;utiliser avec parcimonie et \u00e9viter tout contact avec les yeux. <\/p>\n","protected":false},"excerpt":{"rendered":"<p><strong>ECO-901 EST FORMUL\u00c9 POUR LE NETTOYAGE DES MAINS SANS EAU, ADAPT\u00c9 \u00c0 TOUS LES ENVIRONNEMENTS.<\/strong> Il offre une solution efficace pour assainir \u00e0 tout moment et en tout lieu, ce qui le rend facile \u00e0 utiliser dans diverses situations.<\/p>\n<p>\u2705 <strong>L&rsquo;EFFICACIT\u00c9 DU PRODUIT EST SOUTENUE PAR DES CERTIFICATIONS DE LABORATOIRES R\u00c9PUT\u00c9S.<\/strong> Ces certifications garantissent que le produit r\u00e9pond \u00e0 des normes de qualit\u00e9 \u00e9lev\u00e9es et qu&rsquo;il permet un nettoyage en profondeur et efficace.<\/p>\n<p><strong>Enrichi d&rsquo;un pourcentage \u00e9lev\u00e9 de glyc\u00e9rine, ECO-901 garde les mains hydrat\u00e9es.<\/strong> Sa formule pr\u00e9vient le dess\u00e8chement et le collage, gardant les mains douces et nourries m\u00eame en cas d&rsquo;utilisation fr\u00e9quente <strong>.<\/strong> <\/p>\n<p><strong>AVEC 70 % D&rsquo;ALCOOL, ECO-901 OFFRE UN POUVOIR D&rsquo;ACTION RAPIDE.<\/strong> Il s\u00e8che rapidement, \u00e9vitant l&rsquo;inconfort et procurant une sensation de fra\u00eecheur imm\u00e9diate, garantissant un nettoyage efficace.<\/p>\n<p><strong>\u2705 FORMAT DE 5 ET 20 LITRES.<\/strong><\/p>\n<p><strong>\u26ab<\/strong><strong> N\u00b0 de r\u00e9f. : ECO-901<\/strong><\/p>\n","protected":false},"featured_media":11642,"template":"","meta":[],"product_brand":[225],"product_cat":[502,479],"product_tag":[511,509,510,508],"class_list":{"0":"post-11634","1":"product","2":"type-product","3":"status-publish","4":"has-post-thumbnail","6":"product_brand-eqm","7":"product_cat-alcoholes-y-soluciones-hidroalcoholicas","8":"product_cat-cuidado-personal","9":"product_tag-desinfecta","10":"product_tag-gel","11":"product_tag-hidroalcoholico","12":"product_tag-locion","14":"first","15":"instock","16":"taxable","17":"shipping-taxable","18":"purchasable","19":"product-type-variable"},"acf":[],"yoast_head":"<!-- This site is optimized with the Yoast SEO Premium plugin v27.1 (Yoast SEO v27.4) - https:\/\/yoast.com\/product\/yoast-seo-premium-wordpress\/ -->\n<title>Lotion hydroalcoolique pour les mains - Ecosoluciones Qu\u00edmicas<\/title>\n<meta name=\"robots\" content=\"index, follow, max-snippet:-1, max-image-preview:large, max-video-preview:-1\" \/>\n<link rel=\"canonical\" href=\"https:\/\/www.ecosolucionesquimicas.es\/fr\/producto\/locion-hidroalcoholica-para-manos\/\" \/>\n<meta property=\"og:locale\" content=\"fr_FR\" \/>\n<meta property=\"og:type\" content=\"article\" \/>\n<meta property=\"og:title\" content=\"Lotion hydroalcoolique pour les mains\" \/>\n<meta property=\"og:description\" content=\"ECO-901 EST FORMUL\u00c9 POUR LE NETTOYAGE DES MAINS SANS EAU, ADAPT\u00c9 \u00c0 TOUS LES ENVIRONNEMENTS. Il offre une solution efficace pour assainir \u00e0 tout moment et en tout lieu, ce qui le rend facile \u00e0 utiliser dans diverses situations. \u2705 L&#039;EFFICACIT\u00c9 DU PRODUIT EST SOUTENUE PAR DES CERTIFICATIONS DE LABORATOIRES R\u00c9PUT\u00c9S. Ces certifications garantissent que le produit r\u00e9pond \u00e0 des normes de qualit\u00e9 \u00e9lev\u00e9es et qu&#039;il permet un nettoyage en profondeur et efficace. Enrichi d&#039;un pourcentage \u00e9lev\u00e9 de glyc\u00e9rine, ECO-901 garde les mains hydrat\u00e9es. Sa formule pr\u00e9vient le dess\u00e8chement et le collage, gardant les mains douces et nourries m\u00eame en cas d&#039;utilisation fr\u00e9quente .  AVEC 70 % D&#039;ALCOOL, ECO-901 OFFRE UN POUVOIR D&#039;ACTION RAPIDE. Il s\u00e8che rapidement, \u00e9vitant l&#039;inconfort et procurant une sensation de fra\u00eecheur imm\u00e9diate, garantissant un nettoyage efficace. \u2705 FORMAT DE 5 ET 20 LITRES. \u26ab N\u00b0 de r\u00e9f. : ECO-901\" \/>\n<meta property=\"og:url\" content=\"https:\/\/www.ecosolucionesquimicas.es\/fr\/producto\/locion-hidroalcoholica-para-manos\/\" \/>\n<meta property=\"og:site_name\" content=\"Ecosoluciones Qu\u00edmicas\" \/>\n<meta property=\"article:publisher\" content=\"https:\/\/www.facebook.com\/ecosolucionesquimicasmadrid\/\" \/>\n<meta property=\"article:modified_time\" content=\"2025-11-20T15:56:35+00:00\" \/>\n<meta property=\"og:image\" content=\"https:\/\/www.ecosolucionesquimicas.es\/wp-content\/uploads\/2024\/02\/ECO-90111-scaled.jpg\" \/>\n\t<meta property=\"og:image:width\" content=\"2350\" \/>\n\t<meta property=\"og:image:height\" content=\"2560\" \/>\n\t<meta property=\"og:image:type\" content=\"image\/jpeg\" \/>\n<meta name=\"twitter:card\" content=\"summary_large_image\" \/>\n<meta name=\"twitter:label1\" content=\"Disponibilit\u00e9\" \/>\n\t<meta name=\"twitter:data1\" content=\"En stock\" \/>\n<script type=\"application\/ld+json\" class=\"yoast-schema-graph\">{\"@context\":\"https:\\\/\\\/schema.org\",\"@graph\":[{\"@type\":\"WebPage\",\"@id\":\"https:\\\/\\\/www.ecosolucionesquimicas.es\\\/fr\\\/producto\\\/locion-hidroalcoholica-para-manos\\\/\",\"url\":\"https:\\\/\\\/www.ecosolucionesquimicas.es\\\/fr\\\/producto\\\/locion-hidroalcoholica-para-manos\\\/\",\"name\":\"Lotion hydroalcoolique pour les mains - Ecosoluciones Qu\u00edmicas\",\"isPartOf\":{\"@id\":\"https:\\\/\\\/www.ecosolucionesquimicas.es\\\/fr\\\/#website\"},\"primaryImageOfPage\":{\"@id\":\"https:\\\/\\\/www.ecosolucionesquimicas.es\\\/fr\\\/producto\\\/locion-hidroalcoholica-para-manos\\\/#primaryimage\"},\"image\":{\"@id\":\"https:\\\/\\\/www.ecosolucionesquimicas.es\\\/fr\\\/producto\\\/locion-hidroalcoholica-para-manos\\\/#primaryimage\"},\"thumbnailUrl\":\"https:\\\/\\\/www.ecosolucionesquimicas.es\\\/wp-content\\\/uploads\\\/2024\\\/02\\\/ECO-90111-scaled.jpg\",\"datePublished\":\"2024-02-22T12:39:58+00:00\",\"dateModified\":\"2025-11-20T15:56:35+00:00\",\"breadcrumb\":{\"@id\":\"https:\\\/\\\/www.ecosolucionesquimicas.es\\\/fr\\\/producto\\\/locion-hidroalcoholica-para-manos\\\/#breadcrumb\"},\"inLanguage\":\"fr-FR\",\"potentialAction\":[{\"@type\":\"ReadAction\",\"target\":[\"https:\\\/\\\/www.ecosolucionesquimicas.es\\\/fr\\\/producto\\\/locion-hidroalcoholica-para-manos\\\/\"]}]},{\"@type\":\"ImageObject\",\"inLanguage\":\"fr-FR\",\"@id\":\"https:\\\/\\\/www.ecosolucionesquimicas.es\\\/fr\\\/producto\\\/locion-hidroalcoholica-para-manos\\\/#primaryimage\",\"url\":\"https:\\\/\\\/www.ecosolucionesquimicas.es\\\/wp-content\\\/uploads\\\/2024\\\/02\\\/ECO-90111-scaled.jpg\",\"contentUrl\":\"https:\\\/\\\/www.ecosolucionesquimicas.es\\\/wp-content\\\/uploads\\\/2024\\\/02\\\/ECO-90111-scaled.jpg\",\"width\":2350,\"height\":2560},{\"@type\":\"BreadcrumbList\",\"@id\":\"https:\\\/\\\/www.ecosolucionesquimicas.es\\\/fr\\\/producto\\\/locion-hidroalcoholica-para-manos\\\/#breadcrumb\",\"itemListElement\":[{\"@type\":\"ListItem\",\"position\":1,\"name\":\"Portada\",\"item\":\"https:\\\/\\\/www.ecosolucionesquimicas.es\\\/fr\\\/home\\\/\"},{\"@type\":\"ListItem\",\"position\":2,\"name\":\"Lotion hydroalcoolique pour les mains\"}]},{\"@type\":\"WebSite\",\"@id\":\"https:\\\/\\\/www.ecosolucionesquimicas.es\\\/fr\\\/#website\",\"url\":\"https:\\\/\\\/www.ecosolucionesquimicas.es\\\/fr\\\/\",\"name\":\"Ecosoluciones Qu\u00edmicas\",\"description\":\"Achetez en ligne des produits d'entretien et des produits chimiques fabriqu\u00e9s par nos soins.\",\"publisher\":{\"@id\":\"https:\\\/\\\/www.ecosolucionesquimicas.es\\\/fr\\\/#organization\"},\"alternateName\":\"EQM\",\"potentialAction\":[{\"@type\":\"SearchAction\",\"target\":{\"@type\":\"EntryPoint\",\"urlTemplate\":\"https:\\\/\\\/www.ecosolucionesquimicas.es\\\/fr\\\/?s={search_term_string}\"},\"query-input\":{\"@type\":\"PropertyValueSpecification\",\"valueRequired\":true,\"valueName\":\"search_term_string\"}}],\"inLanguage\":\"fr-FR\"},{\"@type\":\"Organization\",\"@id\":\"https:\\\/\\\/www.ecosolucionesquimicas.es\\\/fr\\\/#organization\",\"name\":\"Ecosoluciones Qu\u00edmicas\",\"url\":\"https:\\\/\\\/www.ecosolucionesquimicas.es\\\/fr\\\/\",\"logo\":{\"@type\":\"ImageObject\",\"inLanguage\":\"fr-FR\",\"@id\":\"https:\\\/\\\/www.ecosolucionesquimicas.es\\\/fr\\\/#\\\/schema\\\/logo\\\/image\\\/\",\"url\":\"https:\\\/\\\/www.ecosolucionesquimicas.es\\\/wp-content\\\/uploads\\\/2024\\\/08\\\/LOGO-EQM-NUEVO-.png\",\"contentUrl\":\"https:\\\/\\\/www.ecosolucionesquimicas.es\\\/wp-content\\\/uploads\\\/2024\\\/08\\\/LOGO-EQM-NUEVO-.png\",\"width\":1060,\"height\":456,\"caption\":\"Ecosoluciones Qu\u00edmicas\"},\"image\":{\"@id\":\"https:\\\/\\\/www.ecosolucionesquimicas.es\\\/fr\\\/#\\\/schema\\\/logo\\\/image\\\/\"},\"sameAs\":[\"https:\\\/\\\/www.facebook.com\\\/ecosolucionesquimicasmadrid\\\/\",\"https:\\\/\\\/www.instagram.com\\\/ecosolucionesquimicas\\\/\"],\"hasMerchantReturnPolicy\":{\"@type\":\"MerchantReturnPolicy\",\"merchantReturnLink\":\"https:\\\/\\\/www.ecosolucionesquimicas.es\\\/refund_returns\\\/\"}}]}<\/script>\n<meta property=\"product:brand\" content=\"EQM\" \/>\n<meta property=\"og:availability\" content=\"instock\" \/>\n<meta property=\"product:availability\" content=\"instock\" \/>\n<meta property=\"product:retailer_item_id\" content=\"ECO-901\" \/>\n<meta property=\"product:condition\" content=\"new\" \/>\n<!-- \/ Yoast SEO Premium plugin. -->","yoast_head_json":{"title":"Lotion hydroalcoolique pour les mains - Ecosoluciones Qu\u00edmicas","robots":{"index":"index","follow":"follow","max-snippet":"max-snippet:-1","max-image-preview":"max-image-preview:large","max-video-preview":"max-video-preview:-1"},"canonical":"https:\/\/www.ecosolucionesquimicas.es\/fr\/producto\/locion-hidroalcoholica-para-manos\/","og_locale":"fr_FR","og_type":"article","og_title":"Lotion hydroalcoolique pour les mains","og_description":"ECO-901 EST FORMUL\u00c9 POUR LE NETTOYAGE DES MAINS SANS EAU, ADAPT\u00c9 \u00c0 TOUS LES ENVIRONNEMENTS. Il offre une solution efficace pour assainir \u00e0 tout moment et en tout lieu, ce qui le rend facile \u00e0 utiliser dans diverses situations. \u2705 L'EFFICACIT\u00c9 DU PRODUIT EST SOUTENUE PAR DES CERTIFICATIONS DE LABORATOIRES R\u00c9PUT\u00c9S. Ces certifications garantissent que le produit r\u00e9pond \u00e0 des normes de qualit\u00e9 \u00e9lev\u00e9es et qu'il permet un nettoyage en profondeur et efficace. Enrichi d'un pourcentage \u00e9lev\u00e9 de glyc\u00e9rine, ECO-901 garde les mains hydrat\u00e9es. Sa formule pr\u00e9vient le dess\u00e8chement et le collage, gardant les mains douces et nourries m\u00eame en cas d'utilisation fr\u00e9quente .  AVEC 70 % D'ALCOOL, ECO-901 OFFRE UN POUVOIR D'ACTION RAPIDE. Il s\u00e8che rapidement, \u00e9vitant l'inconfort et procurant une sensation de fra\u00eecheur imm\u00e9diate, garantissant un nettoyage efficace. \u2705 FORMAT DE 5 ET 20 LITRES. \u26ab N\u00b0 de r\u00e9f. : ECO-901","og_url":"https:\/\/www.ecosolucionesquimicas.es\/fr\/producto\/locion-hidroalcoholica-para-manos\/","og_site_name":"Ecosoluciones Qu\u00edmicas","article_publisher":"https:\/\/www.facebook.com\/ecosolucionesquimicasmadrid\/","article_modified_time":"2025-11-20T15:56:35+00:00","og_image":[{"width":2350,"height":2560,"url":"https:\/\/www.ecosolucionesquimicas.es\/wp-content\/uploads\/2024\/02\/ECO-90111-scaled.jpg","type":"image\/jpeg"}],"twitter_card":"summary_large_image","twitter_misc":{"Disponibilit\u00e9":"En stock"},"schema":{"@context":"https:\/\/schema.org","@graph":[{"@type":"WebPage","@id":"https:\/\/www.ecosolucionesquimicas.es\/fr\/producto\/locion-hidroalcoholica-para-manos\/","url":"https:\/\/www.ecosolucionesquimicas.es\/fr\/producto\/locion-hidroalcoholica-para-manos\/","name":"Lotion hydroalcoolique pour les mains - Ecosoluciones Qu\u00edmicas","isPartOf":{"@id":"https:\/\/www.ecosolucionesquimicas.es\/fr\/#website"},"primaryImageOfPage":{"@id":"https:\/\/www.ecosolucionesquimicas.es\/fr\/producto\/locion-hidroalcoholica-para-manos\/#primaryimage"},"image":{"@id":"https:\/\/www.ecosolucionesquimicas.es\/fr\/producto\/locion-hidroalcoholica-para-manos\/#primaryimage"},"thumbnailUrl":"https:\/\/www.ecosolucionesquimicas.es\/wp-content\/uploads\/2024\/02\/ECO-90111-scaled.jpg","datePublished":"2024-02-22T12:39:58+00:00","dateModified":"2025-11-20T15:56:35+00:00","breadcrumb":{"@id":"https:\/\/www.ecosolucionesquimicas.es\/fr\/producto\/locion-hidroalcoholica-para-manos\/#breadcrumb"},"inLanguage":"fr-FR","potentialAction":[{"@type":"ReadAction","target":["https:\/\/www.ecosolucionesquimicas.es\/fr\/producto\/locion-hidroalcoholica-para-manos\/"]}]},{"@type":"ImageObject","inLanguage":"fr-FR","@id":"https:\/\/www.ecosolucionesquimicas.es\/fr\/producto\/locion-hidroalcoholica-para-manos\/#primaryimage","url":"https:\/\/www.ecosolucionesquimicas.es\/wp-content\/uploads\/2024\/02\/ECO-90111-scaled.jpg","contentUrl":"https:\/\/www.ecosolucionesquimicas.es\/wp-content\/uploads\/2024\/02\/ECO-90111-scaled.jpg","width":2350,"height":2560},{"@type":"BreadcrumbList","@id":"https:\/\/www.ecosolucionesquimicas.es\/fr\/producto\/locion-hidroalcoholica-para-manos\/#breadcrumb","itemListElement":[{"@type":"ListItem","position":1,"name":"Portada","item":"https:\/\/www.ecosolucionesquimicas.es\/fr\/home\/"},{"@type":"ListItem","position":2,"name":"Lotion hydroalcoolique pour les mains"}]},{"@type":"WebSite","@id":"https:\/\/www.ecosolucionesquimicas.es\/fr\/#website","url":"https:\/\/www.ecosolucionesquimicas.es\/fr\/","name":"Ecosoluciones Qu\u00edmicas","description":"Achetez en ligne des produits d'entretien et des produits chimiques fabriqu\u00e9s par nos soins.","publisher":{"@id":"https:\/\/www.ecosolucionesquimicas.es\/fr\/#organization"},"alternateName":"EQM","potentialAction":[{"@type":"SearchAction","target":{"@type":"EntryPoint","urlTemplate":"https:\/\/www.ecosolucionesquimicas.es\/fr\/?s={search_term_string}"},"query-input":{"@type":"PropertyValueSpecification","valueRequired":true,"valueName":"search_term_string"}}],"inLanguage":"fr-FR"},{"@type":"Organization","@id":"https:\/\/www.ecosolucionesquimicas.es\/fr\/#organization","name":"Ecosoluciones Qu\u00edmicas","url":"https:\/\/www.ecosolucionesquimicas.es\/fr\/","logo":{"@type":"ImageObject","inLanguage":"fr-FR","@id":"https:\/\/www.ecosolucionesquimicas.es\/fr\/#\/schema\/logo\/image\/","url":"https:\/\/www.ecosolucionesquimicas.es\/wp-content\/uploads\/2024\/08\/LOGO-EQM-NUEVO-.png","contentUrl":"https:\/\/www.ecosolucionesquimicas.es\/wp-content\/uploads\/2024\/08\/LOGO-EQM-NUEVO-.png","width":1060,"height":456,"caption":"Ecosoluciones Qu\u00edmicas"},"image":{"@id":"https:\/\/www.ecosolucionesquimicas.es\/fr\/#\/schema\/logo\/image\/"},"sameAs":["https:\/\/www.facebook.com\/ecosolucionesquimicasmadrid\/","https:\/\/www.instagram.com\/ecosolucionesquimicas\/"],"hasMerchantReturnPolicy":{"@type":"MerchantReturnPolicy","merchantReturnLink":"https:\/\/www.ecosolucionesquimicas.es\/refund_returns\/"}}]},"product_brand":"EQM","og_availability":"instock","product_availability":"instock","product_retailer_item_id":"ECO-901","product_condition":"new"},"_links":{"self":[{"href":"https:\/\/www.ecosolucionesquimicas.es\/fr\/wp-json\/wp\/v2\/product\/11634","targetHints":{"allow":["GET"]}}],"collection":[{"href":"https:\/\/www.ecosolucionesquimicas.es\/fr\/wp-json\/wp\/v2\/product"}],"about":[{"href":"https:\/\/www.ecosolucionesquimicas.es\/fr\/wp-json\/wp\/v2\/types\/product"}],"wp:featuredmedia":[{"embeddable":true,"href":"https:\/\/www.ecosolucionesquimicas.es\/fr\/wp-json\/wp\/v2\/media\/11642"}],"wp:attachment":[{"href":"https:\/\/www.ecosolucionesquimicas.es\/fr\/wp-json\/wp\/v2\/media?parent=11634"}],"wp:term":[{"taxonomy":"product_brand","embeddable":true,"href":"https:\/\/www.ecosolucionesquimicas.es\/fr\/wp-json\/wp\/v2\/product_brand?post=11634"},{"taxonomy":"product_cat","embeddable":true,"href":"https:\/\/www.ecosolucionesquimicas.es\/fr\/wp-json\/wp\/v2\/product_cat?post=11634"},{"taxonomy":"product_tag","embeddable":true,"href":"https:\/\/www.ecosolucionesquimicas.es\/fr\/wp-json\/wp\/v2\/product_tag?post=11634"}],"curies":[{"name":"wp","href":"https:\/\/api.w.org\/{rel}","templated":true}]}}