{"id":11616,"date":"2024-02-22T13:39:59","date_gmt":"2024-02-22T12:39:59","guid":{"rendered":"https:\/\/www.ecosolucionesquimicas.es\/producto\/monoetilenglicol-meg-puro\/"},"modified":"2025-11-20T16:56:35","modified_gmt":"2025-11-20T15:56:35","slug":"monoetilenglicol-meg-puro","status":"publish","type":"product","link":"https:\/\/www.ecosolucionesquimicas.es\/fr\/producto\/monoetilenglicol-meg-puro\/","title":{"rendered":"Mono\u00e9thyl\u00e8ne glycol (MEG) Pur"},"content":{"rendered":"<p><img fetchpriority=\"high\" decoding=\"async\" class=\"wp-image-3964\" src=\"https:\/\/www.ecosolucionesquimicas.es\/wp-content\/uploads\/2024\/02\/ETILENGLICOL-300x200.jpg\" alt=\"\" width=\"550\" height=\"367\" srcset=\"https:\/\/www.ecosolucionesquimicas.es\/wp-content\/uploads\/2024\/02\/ETILENGLICOL-300x200.jpg 300w, https:\/\/www.ecosolucionesquimicas.es\/wp-content\/uploads\/2024\/02\/ETILENGLICOL-1024x683.jpg 1024w, https:\/\/www.ecosolucionesquimicas.es\/wp-content\/uploads\/2024\/02\/ETILENGLICOL-768x512.jpg 768w, https:\/\/www.ecosolucionesquimicas.es\/wp-content\/uploads\/2024\/02\/ETILENGLICOL-1536x1024.jpg 1536w, https:\/\/www.ecosolucionesquimicas.es\/wp-content\/uploads\/2024\/02\/ETILENGLICOL-2048x1365.jpg 2048w, https:\/\/www.ecosolucionesquimicas.es\/wp-content\/uploads\/2024\/02\/ETILENGLICOL-600x400.jpg 600w\" sizes=\"(max-width: 550px) 100vw, 550px\" \/><\/p>\n<p><strong>APPLICATIONS<\/strong><\/p>\n<p>\u2714 <strong>Syst\u00e8mes de refroidissement<\/strong>: Id\u00e9al pour prot\u00e9ger les syst\u00e8mes industriels et commerciaux contre le gel et la surchauffe.<br \/>\n\u2714 <strong>Syst\u00e8mes de chauffage<\/strong>: Maintient une temp\u00e9rature optimale dans les radiateurs et le chauffage central, emp\u00eachant le gel dans les climats froids.<br \/>\n<strong>Circuits d&rsquo;\u00e9nergie solaire<\/strong>: Prot\u00e8ge les installations solaires thermiques contre les dommages caus\u00e9s par le gel.<br \/>\n\u2714 <strong>Climatisation et ventilation<\/strong>: Am\u00e9liore l&rsquo;efficacit\u00e9 thermique et pr\u00e9vient le gel dans les \u00e9quipements de climatisation.<br \/>\n\u2714 <strong>Processus industriels<\/strong>: Contr\u00f4le la temp\u00e9rature dans les syst\u00e8mes de fluides, emp\u00eachant le gel dans les processus industriels.<\/p>\n","protected":false},"excerpt":{"rendered":"<p>L<strong> &lsquo;ECO-603 EST UN MONO\u00c9THYL\u00c8NE GLYCOL DE HAUTE QUALIT\u00c9<\/strong>. Utilis\u00e9 principalement comme liquide de refroidissement et antigel, il convient aux syst\u00e8mes de refroidissement des moteurs de voiture, des camions, des machines lourdes, ainsi qu&rsquo;aux syst\u00e8mes de r\u00e9frig\u00e9ration industrielle et de chauffage, de ventilation et de climatisation. <\/p>\n<p><strong> ID\u00c9AL POUR PR\u00c9VENIR LA SURCHAUFFE ET LE GEL<\/strong>. Il offre une protection dans les climats chauds et froids, gr\u00e2ce \u00e0 son excellente capacit\u00e9 de transfert de chaleur, qui am\u00e9liore l&rsquo;efficacit\u00e9 des syst\u00e8mes. <\/p>\n<p><strong>\u2705<\/strong><strong> PR\u00c9VIENT LA CORROSION ET LA FORMATION DE TARTRE<\/strong>. Il assure une protection durable, garantissant que l&rsquo;\u00e9quipement ne subit pas de dommages \u00e0 long terme et que le syst\u00e8me fonctionne sans probl\u00e8me. <\/p>\n<p><strong>\u2705<\/strong><strong> PROT\u00c8GE EN CAS DE TEMP\u00c9RATURES EXTR\u00caMES<\/strong>. Elle conserve sa fluidit\u00e9 au froid et r\u00e9siste \u00e0 la chaleur, ce qui garantit des performances optimales dans des conditions d\u00e9favorables. Cela permet de prolonger la dur\u00e9e de vie des appareils et d&rsquo;en assurer la fiabilit\u00e9.  <\/p>\n<p>Tu peux demander un devis pour <strong>20L<\/strong>, 200L ou 1000L dans <a href=\"https:\/\/www.ecosolucionesquimicas.es\/fr\/demande-un-devis\/\">Demande de devis.<\/a><\/p>\n<p><strong>\u26ab<\/strong><strong> N\u00b0 de r\u00e9f. : ECO-603<\/strong><\/p>\n","protected":false},"featured_media":11620,"template":"","meta":[],"product_brand":[225],"product_cat":[464],"product_tag":[507],"class_list":{"0":"post-11616","1":"product","2":"type-product","3":"status-publish","4":"has-post-thumbnail","6":"product_brand-eqm","7":"product_cat-anticongelantes-y-glicoles-puros","8":"product_tag-monoetilenglicol","10":"first","11":"outofstock","12":"taxable","13":"shipping-taxable","14":"purchasable","15":"product-type-variable"},"acf":[],"yoast_head":"<!-- This site is optimized with the Yoast SEO Premium plugin v27.1 (Yoast SEO v27.4) - https:\/\/yoast.com\/product\/yoast-seo-premium-wordpress\/ -->\n<title>Mono\u00e9thyl\u00e8ne glycol (MEG) Pur - Ecosoluciones Qu\u00edmicas<\/title>\n<meta name=\"robots\" content=\"index, follow, max-snippet:-1, max-image-preview:large, max-video-preview:-1\" \/>\n<link rel=\"canonical\" href=\"https:\/\/www.ecosolucionesquimicas.es\/fr\/producto\/monoetilenglicol-meg-puro\/\" \/>\n<meta property=\"og:locale\" content=\"fr_FR\" \/>\n<meta property=\"og:type\" content=\"article\" \/>\n<meta property=\"og:title\" content=\"Mono\u00e9thyl\u00e8ne glycol (MEG) Pur\" \/>\n<meta property=\"og:description\" content=\"L &#039;ECO-603 EST UN MONO\u00c9THYL\u00c8NE GLYCOL DE HAUTE QUALIT\u00c9. Utilis\u00e9 principalement comme liquide de refroidissement et antigel, il convient aux syst\u00e8mes de refroidissement des moteurs de voiture, des camions, des machines lourdes, ainsi qu&#039;aux syst\u00e8mes de r\u00e9frig\u00e9ration industrielle et de chauffage, de ventilation et de climatisation.  ID\u00c9AL POUR PR\u00c9VENIR LA SURCHAUFFE ET LE GEL. Il offre une protection dans les climats chauds et froids, gr\u00e2ce \u00e0 son excellente capacit\u00e9 de transfert de chaleur, qui am\u00e9liore l&#039;efficacit\u00e9 des syst\u00e8mes.  \u2705 PR\u00c9VIENT LA CORROSION ET LA FORMATION DE TARTRE. Il assure une protection durable, garantissant que l&#039;\u00e9quipement ne subit pas de dommages \u00e0 long terme et que le syst\u00e8me fonctionne sans probl\u00e8me.  \u2705 PROT\u00c8GE EN CAS DE TEMP\u00c9RATURES EXTR\u00caMES. Elle conserve sa fluidit\u00e9 au froid et r\u00e9siste \u00e0 la chaleur, ce qui garantit des performances optimales dans des conditions d\u00e9favorables. Cela permet de prolonger la dur\u00e9e de vie des appareils et d&#039;en assurer la fiabilit\u00e9.  Tu peux demander un devis pour 20L, 200L ou 1000L dans Demande de devis. \u26ab N\u00b0 de r\u00e9f. : ECO-603\" \/>\n<meta property=\"og:url\" content=\"https:\/\/www.ecosolucionesquimicas.es\/fr\/producto\/monoetilenglicol-meg-puro\/\" \/>\n<meta property=\"og:site_name\" content=\"Ecosoluciones Qu\u00edmicas\" \/>\n<meta property=\"article:publisher\" content=\"https:\/\/www.facebook.com\/ecosolucionesquimicasmadrid\/\" \/>\n<meta property=\"article:modified_time\" content=\"2025-11-20T15:56:35+00:00\" \/>\n<meta property=\"og:image\" content=\"https:\/\/www.ecosolucionesquimicas.es\/wp-content\/uploads\/2024\/02\/603--scaled.jpg\" \/>\n\t<meta property=\"og:image:width\" content=\"2350\" \/>\n\t<meta property=\"og:image:height\" content=\"2560\" \/>\n\t<meta property=\"og:image:type\" content=\"image\/jpeg\" \/>\n<meta name=\"twitter:card\" content=\"summary_large_image\" \/>\n<meta name=\"twitter:label1\" content=\"Disponibilit\u00e9\" \/>\n\t<meta name=\"twitter:data1\" content=\"Rupture de stock\" \/>\n<script type=\"application\/ld+json\" class=\"yoast-schema-graph\">{\"@context\":\"https:\\\/\\\/schema.org\",\"@graph\":[{\"@type\":\"WebPage\",\"@id\":\"https:\\\/\\\/www.ecosolucionesquimicas.es\\\/fr\\\/producto\\\/monoetilenglicol-meg-puro\\\/\",\"url\":\"https:\\\/\\\/www.ecosolucionesquimicas.es\\\/fr\\\/producto\\\/monoetilenglicol-meg-puro\\\/\",\"name\":\"Mono\u00e9thyl\u00e8ne glycol (MEG) Pur - Ecosoluciones Qu\u00edmicas\",\"isPartOf\":{\"@id\":\"https:\\\/\\\/www.ecosolucionesquimicas.es\\\/fr\\\/#website\"},\"primaryImageOfPage\":{\"@id\":\"https:\\\/\\\/www.ecosolucionesquimicas.es\\\/fr\\\/producto\\\/monoetilenglicol-meg-puro\\\/#primaryimage\"},\"image\":{\"@id\":\"https:\\\/\\\/www.ecosolucionesquimicas.es\\\/fr\\\/producto\\\/monoetilenglicol-meg-puro\\\/#primaryimage\"},\"thumbnailUrl\":\"https:\\\/\\\/www.ecosolucionesquimicas.es\\\/wp-content\\\/uploads\\\/2024\\\/02\\\/603--scaled.jpg\",\"datePublished\":\"2024-02-22T12:39:59+00:00\",\"dateModified\":\"2025-11-20T15:56:35+00:00\",\"breadcrumb\":{\"@id\":\"https:\\\/\\\/www.ecosolucionesquimicas.es\\\/fr\\\/producto\\\/monoetilenglicol-meg-puro\\\/#breadcrumb\"},\"inLanguage\":\"fr-FR\",\"potentialAction\":[{\"@type\":\"ReadAction\",\"target\":[\"https:\\\/\\\/www.ecosolucionesquimicas.es\\\/fr\\\/producto\\\/monoetilenglicol-meg-puro\\\/\"]}]},{\"@type\":\"ImageObject\",\"inLanguage\":\"fr-FR\",\"@id\":\"https:\\\/\\\/www.ecosolucionesquimicas.es\\\/fr\\\/producto\\\/monoetilenglicol-meg-puro\\\/#primaryimage\",\"url\":\"https:\\\/\\\/www.ecosolucionesquimicas.es\\\/wp-content\\\/uploads\\\/2024\\\/02\\\/603--scaled.jpg\",\"contentUrl\":\"https:\\\/\\\/www.ecosolucionesquimicas.es\\\/wp-content\\\/uploads\\\/2024\\\/02\\\/603--scaled.jpg\",\"width\":2350,\"height\":2560},{\"@type\":\"BreadcrumbList\",\"@id\":\"https:\\\/\\\/www.ecosolucionesquimicas.es\\\/fr\\\/producto\\\/monoetilenglicol-meg-puro\\\/#breadcrumb\",\"itemListElement\":[{\"@type\":\"ListItem\",\"position\":1,\"name\":\"Portada\",\"item\":\"https:\\\/\\\/www.ecosolucionesquimicas.es\\\/fr\\\/home\\\/\"},{\"@type\":\"ListItem\",\"position\":2,\"name\":\"Mono\u00e9thyl\u00e8ne glycol (MEG) Pur\"}]},{\"@type\":\"WebSite\",\"@id\":\"https:\\\/\\\/www.ecosolucionesquimicas.es\\\/fr\\\/#website\",\"url\":\"https:\\\/\\\/www.ecosolucionesquimicas.es\\\/fr\\\/\",\"name\":\"Ecosoluciones Qu\u00edmicas\",\"description\":\"Achetez en ligne des produits d'entretien et des produits chimiques fabriqu\u00e9s par nos soins.\",\"publisher\":{\"@id\":\"https:\\\/\\\/www.ecosolucionesquimicas.es\\\/fr\\\/#organization\"},\"alternateName\":\"EQM\",\"potentialAction\":[{\"@type\":\"SearchAction\",\"target\":{\"@type\":\"EntryPoint\",\"urlTemplate\":\"https:\\\/\\\/www.ecosolucionesquimicas.es\\\/fr\\\/?s={search_term_string}\"},\"query-input\":{\"@type\":\"PropertyValueSpecification\",\"valueRequired\":true,\"valueName\":\"search_term_string\"}}],\"inLanguage\":\"fr-FR\"},{\"@type\":\"Organization\",\"@id\":\"https:\\\/\\\/www.ecosolucionesquimicas.es\\\/fr\\\/#organization\",\"name\":\"Ecosoluciones Qu\u00edmicas\",\"url\":\"https:\\\/\\\/www.ecosolucionesquimicas.es\\\/fr\\\/\",\"logo\":{\"@type\":\"ImageObject\",\"inLanguage\":\"fr-FR\",\"@id\":\"https:\\\/\\\/www.ecosolucionesquimicas.es\\\/fr\\\/#\\\/schema\\\/logo\\\/image\\\/\",\"url\":\"https:\\\/\\\/www.ecosolucionesquimicas.es\\\/wp-content\\\/uploads\\\/2024\\\/08\\\/LOGO-EQM-NUEVO-.png\",\"contentUrl\":\"https:\\\/\\\/www.ecosolucionesquimicas.es\\\/wp-content\\\/uploads\\\/2024\\\/08\\\/LOGO-EQM-NUEVO-.png\",\"width\":1060,\"height\":456,\"caption\":\"Ecosoluciones Qu\u00edmicas\"},\"image\":{\"@id\":\"https:\\\/\\\/www.ecosolucionesquimicas.es\\\/fr\\\/#\\\/schema\\\/logo\\\/image\\\/\"},\"sameAs\":[\"https:\\\/\\\/www.facebook.com\\\/ecosolucionesquimicasmadrid\\\/\",\"https:\\\/\\\/www.instagram.com\\\/ecosolucionesquimicas\\\/\"],\"hasMerchantReturnPolicy\":{\"@type\":\"MerchantReturnPolicy\",\"merchantReturnLink\":\"https:\\\/\\\/www.ecosolucionesquimicas.es\\\/refund_returns\\\/\"}}]}<\/script>\n<meta property=\"product:brand\" content=\"EQM\" \/>\n<meta property=\"og:availability\" content=\"out of stock\" \/>\n<meta property=\"product:availability\" content=\"out of stock\" \/>\n<meta property=\"product:retailer_item_id\" content=\"ECO-603\" \/>\n<meta property=\"product:condition\" content=\"new\" \/>\n<!-- \/ Yoast SEO Premium plugin. -->","yoast_head_json":{"title":"Mono\u00e9thyl\u00e8ne glycol (MEG) Pur - Ecosoluciones Qu\u00edmicas","robots":{"index":"index","follow":"follow","max-snippet":"max-snippet:-1","max-image-preview":"max-image-preview:large","max-video-preview":"max-video-preview:-1"},"canonical":"https:\/\/www.ecosolucionesquimicas.es\/fr\/producto\/monoetilenglicol-meg-puro\/","og_locale":"fr_FR","og_type":"article","og_title":"Mono\u00e9thyl\u00e8ne glycol (MEG) Pur","og_description":"L 'ECO-603 EST UN MONO\u00c9THYL\u00c8NE GLYCOL DE HAUTE QUALIT\u00c9. Utilis\u00e9 principalement comme liquide de refroidissement et antigel, il convient aux syst\u00e8mes de refroidissement des moteurs de voiture, des camions, des machines lourdes, ainsi qu'aux syst\u00e8mes de r\u00e9frig\u00e9ration industrielle et de chauffage, de ventilation et de climatisation.  ID\u00c9AL POUR PR\u00c9VENIR LA SURCHAUFFE ET LE GEL. Il offre une protection dans les climats chauds et froids, gr\u00e2ce \u00e0 son excellente capacit\u00e9 de transfert de chaleur, qui am\u00e9liore l'efficacit\u00e9 des syst\u00e8mes.  \u2705 PR\u00c9VIENT LA CORROSION ET LA FORMATION DE TARTRE. Il assure une protection durable, garantissant que l'\u00e9quipement ne subit pas de dommages \u00e0 long terme et que le syst\u00e8me fonctionne sans probl\u00e8me.  \u2705 PROT\u00c8GE EN CAS DE TEMP\u00c9RATURES EXTR\u00caMES. Elle conserve sa fluidit\u00e9 au froid et r\u00e9siste \u00e0 la chaleur, ce qui garantit des performances optimales dans des conditions d\u00e9favorables. Cela permet de prolonger la dur\u00e9e de vie des appareils et d'en assurer la fiabilit\u00e9.  Tu peux demander un devis pour 20L, 200L ou 1000L dans Demande de devis. \u26ab N\u00b0 de r\u00e9f. : ECO-603","og_url":"https:\/\/www.ecosolucionesquimicas.es\/fr\/producto\/monoetilenglicol-meg-puro\/","og_site_name":"Ecosoluciones Qu\u00edmicas","article_publisher":"https:\/\/www.facebook.com\/ecosolucionesquimicasmadrid\/","article_modified_time":"2025-11-20T15:56:35+00:00","og_image":[{"width":2350,"height":2560,"url":"https:\/\/www.ecosolucionesquimicas.es\/wp-content\/uploads\/2024\/02\/603--scaled.jpg","type":"image\/jpeg"}],"twitter_card":"summary_large_image","twitter_misc":{"Disponibilit\u00e9":"Rupture de stock"},"schema":{"@context":"https:\/\/schema.org","@graph":[{"@type":"WebPage","@id":"https:\/\/www.ecosolucionesquimicas.es\/fr\/producto\/monoetilenglicol-meg-puro\/","url":"https:\/\/www.ecosolucionesquimicas.es\/fr\/producto\/monoetilenglicol-meg-puro\/","name":"Mono\u00e9thyl\u00e8ne glycol (MEG) Pur - Ecosoluciones Qu\u00edmicas","isPartOf":{"@id":"https:\/\/www.ecosolucionesquimicas.es\/fr\/#website"},"primaryImageOfPage":{"@id":"https:\/\/www.ecosolucionesquimicas.es\/fr\/producto\/monoetilenglicol-meg-puro\/#primaryimage"},"image":{"@id":"https:\/\/www.ecosolucionesquimicas.es\/fr\/producto\/monoetilenglicol-meg-puro\/#primaryimage"},"thumbnailUrl":"https:\/\/www.ecosolucionesquimicas.es\/wp-content\/uploads\/2024\/02\/603--scaled.jpg","datePublished":"2024-02-22T12:39:59+00:00","dateModified":"2025-11-20T15:56:35+00:00","breadcrumb":{"@id":"https:\/\/www.ecosolucionesquimicas.es\/fr\/producto\/monoetilenglicol-meg-puro\/#breadcrumb"},"inLanguage":"fr-FR","potentialAction":[{"@type":"ReadAction","target":["https:\/\/www.ecosolucionesquimicas.es\/fr\/producto\/monoetilenglicol-meg-puro\/"]}]},{"@type":"ImageObject","inLanguage":"fr-FR","@id":"https:\/\/www.ecosolucionesquimicas.es\/fr\/producto\/monoetilenglicol-meg-puro\/#primaryimage","url":"https:\/\/www.ecosolucionesquimicas.es\/wp-content\/uploads\/2024\/02\/603--scaled.jpg","contentUrl":"https:\/\/www.ecosolucionesquimicas.es\/wp-content\/uploads\/2024\/02\/603--scaled.jpg","width":2350,"height":2560},{"@type":"BreadcrumbList","@id":"https:\/\/www.ecosolucionesquimicas.es\/fr\/producto\/monoetilenglicol-meg-puro\/#breadcrumb","itemListElement":[{"@type":"ListItem","position":1,"name":"Portada","item":"https:\/\/www.ecosolucionesquimicas.es\/fr\/home\/"},{"@type":"ListItem","position":2,"name":"Mono\u00e9thyl\u00e8ne glycol (MEG) Pur"}]},{"@type":"WebSite","@id":"https:\/\/www.ecosolucionesquimicas.es\/fr\/#website","url":"https:\/\/www.ecosolucionesquimicas.es\/fr\/","name":"Ecosoluciones Qu\u00edmicas","description":"Achetez en ligne des produits d'entretien et des produits chimiques fabriqu\u00e9s par nos soins.","publisher":{"@id":"https:\/\/www.ecosolucionesquimicas.es\/fr\/#organization"},"alternateName":"EQM","potentialAction":[{"@type":"SearchAction","target":{"@type":"EntryPoint","urlTemplate":"https:\/\/www.ecosolucionesquimicas.es\/fr\/?s={search_term_string}"},"query-input":{"@type":"PropertyValueSpecification","valueRequired":true,"valueName":"search_term_string"}}],"inLanguage":"fr-FR"},{"@type":"Organization","@id":"https:\/\/www.ecosolucionesquimicas.es\/fr\/#organization","name":"Ecosoluciones Qu\u00edmicas","url":"https:\/\/www.ecosolucionesquimicas.es\/fr\/","logo":{"@type":"ImageObject","inLanguage":"fr-FR","@id":"https:\/\/www.ecosolucionesquimicas.es\/fr\/#\/schema\/logo\/image\/","url":"https:\/\/www.ecosolucionesquimicas.es\/wp-content\/uploads\/2024\/08\/LOGO-EQM-NUEVO-.png","contentUrl":"https:\/\/www.ecosolucionesquimicas.es\/wp-content\/uploads\/2024\/08\/LOGO-EQM-NUEVO-.png","width":1060,"height":456,"caption":"Ecosoluciones Qu\u00edmicas"},"image":{"@id":"https:\/\/www.ecosolucionesquimicas.es\/fr\/#\/schema\/logo\/image\/"},"sameAs":["https:\/\/www.facebook.com\/ecosolucionesquimicasmadrid\/","https:\/\/www.instagram.com\/ecosolucionesquimicas\/"],"hasMerchantReturnPolicy":{"@type":"MerchantReturnPolicy","merchantReturnLink":"https:\/\/www.ecosolucionesquimicas.es\/refund_returns\/"}}]},"product_brand":"EQM","og_availability":"out of stock","product_availability":"out of stock","product_retailer_item_id":"ECO-603","product_condition":"new"},"_links":{"self":[{"href":"https:\/\/www.ecosolucionesquimicas.es\/fr\/wp-json\/wp\/v2\/product\/11616","targetHints":{"allow":["GET"]}}],"collection":[{"href":"https:\/\/www.ecosolucionesquimicas.es\/fr\/wp-json\/wp\/v2\/product"}],"about":[{"href":"https:\/\/www.ecosolucionesquimicas.es\/fr\/wp-json\/wp\/v2\/types\/product"}],"wp:featuredmedia":[{"embeddable":true,"href":"https:\/\/www.ecosolucionesquimicas.es\/fr\/wp-json\/wp\/v2\/media\/11620"}],"wp:attachment":[{"href":"https:\/\/www.ecosolucionesquimicas.es\/fr\/wp-json\/wp\/v2\/media?parent=11616"}],"wp:term":[{"taxonomy":"product_brand","embeddable":true,"href":"https:\/\/www.ecosolucionesquimicas.es\/fr\/wp-json\/wp\/v2\/product_brand?post=11616"},{"taxonomy":"product_cat","embeddable":true,"href":"https:\/\/www.ecosolucionesquimicas.es\/fr\/wp-json\/wp\/v2\/product_cat?post=11616"},{"taxonomy":"product_tag","embeddable":true,"href":"https:\/\/www.ecosolucionesquimicas.es\/fr\/wp-json\/wp\/v2\/product_tag?post=11616"}],"curies":[{"name":"wp","href":"https:\/\/api.w.org\/{rel}","templated":true}]}}