{"id":11601,"date":"2024-02-22T13:39:59","date_gmt":"2024-02-22T12:39:59","guid":{"rendered":"https:\/\/www.ecosolucionesquimicas.es\/producto\/propilenglicol\/"},"modified":"2025-11-20T16:56:05","modified_gmt":"2025-11-20T15:56:05","slug":"propilenglicol","status":"publish","type":"product","link":"https:\/\/www.ecosolucionesquimicas.es\/fr\/producto\/propilenglicol\/","title":{"rendered":"Propyl\u00e8ne glycol"},"content":{"rendered":"<p><img fetchpriority=\"high\" decoding=\"async\" class=\"alignnone wp-image-3960\" src=\"https:\/\/www.ecosolucionesquimicas.es\/wp-content\/uploads\/2024\/02\/82501-300x200.jpg\" alt=\"\" width=\"550\" height=\"367\" srcset=\"https:\/\/www.ecosolucionesquimicas.es\/wp-content\/uploads\/2024\/02\/82501-300x200.jpg 300w, https:\/\/www.ecosolucionesquimicas.es\/wp-content\/uploads\/2024\/02\/82501-768x512.jpg 768w, https:\/\/www.ecosolucionesquimicas.es\/wp-content\/uploads\/2024\/02\/82501-600x400.jpg 600w, https:\/\/www.ecosolucionesquimicas.es\/wp-content\/uploads\/2024\/02\/82501.jpg 1000w\" sizes=\"(max-width: 550px) 100vw, 550px\" \/><\/p>\n<p><strong>APPLICATIONS<\/strong><\/p>\n<p>\u2714 <strong>Syst\u00e8mes de r\u00e9frig\u00e9ration<\/strong>: Prot\u00e8ge contre le gel et la surchauffe dans les applications industrielles et commerciales.<br \/>\n\u2714 <strong>Syst\u00e8mes de chauffage<\/strong>: Assure l&rsquo;efficacit\u00e9 des radiateurs et du chauffage central dans les climats froids.<br \/>\n\u2714 <strong>Installations d&rsquo;\u00e9nergie solaire<\/strong>: Maintient la temp\u00e9rature et pr\u00e9vient les dommages caus\u00e9s par le gel dans les syst\u00e8mes solaires thermiques.<br \/>\n<strong>Traitement des aliments et des produits pharmaceutiques<\/strong>: Sa faible toxicit\u00e9 le rend id\u00e9al pour des applications s\u00fbres dans ces industries.<br \/>\n\u2714 <strong>Syst\u00e8mes de climatisation<\/strong>: Contr\u00f4le la temp\u00e9rature et emp\u00eache le gel dans les \u00e9quipements de climatisation.<br \/>\n\u2714 <strong>Refroidissement des machines<\/strong>: Assure un fonctionnement s\u00fbr et efficace des \u00e9quipements industriels.<\/p>\n","protected":false},"excerpt":{"rendered":"<p>L<strong> &lsquo;ECO-604 EST UN PROPYL\u00c8NE GLYCOL DE HAUTE QUALIT\u00c9<\/strong>. Il offre une excellente protection contre le gel et la surchauffe et convient \u00e0 diverses applications dans les syst\u00e8mes de refroidissement et de chauffage. <\/p>\n<p><strong> UTILISATION COURANTE DES GLYCOLS COMME FLUIDES CALOPORTEURS<\/strong>. Le propyl\u00e8ne glycol et l&rsquo;\u00e9thyl\u00e8ne glycol sont tous deux largement utilis\u00e9s dans la r\u00e9frig\u00e9ration industrielle. ECO-604 est r\u00e9put\u00e9 pour sa capacit\u00e9 \u00e0 prot\u00e9ger contre les temp\u00e9ratures extr\u00eames.  <\/p>\n<p><strong> DU PROPYL\u00c8NE GLYCOL NON TOXIQUE ET SANS DANGER<\/strong>. Contrairement aux autres antigels, le propyl\u00e8ne glycol est un compos\u00e9 non toxique. ECO-604 est un choix s\u00fbr pour les applications n\u00e9cessitant un faible risque de toxicit\u00e9, comme dans l&rsquo;industrie agroalimentaire, et il est respectueux de l&rsquo;environnement.  <\/p>\n<p><strong>\u2705<\/strong><strong> FORMULATION \u00c0 LONGUE STABILIT\u00c9<\/strong>. ECO-604 est con\u00e7u pour rester efficace pendant de longues p\u00e9riodes de stockage sans perdre ses propri\u00e9t\u00e9s, ce qui garantit une performance durable. <\/p>\n<p><strong>\u2705 FORMAT DE 5 ET 20 LITRES.<\/strong><\/p>\n<p><strong>\u26ab<\/strong><strong> N\u00b0 de r\u00e9f. : ECO-604<\/strong><\/p>\n<p>&nbsp;<\/p>\n","protected":false},"featured_media":11606,"template":"","meta":[],"product_brand":[225],"product_cat":[464],"product_tag":[480],"class_list":{"0":"post-11601","1":"product","2":"type-product","3":"status-publish","4":"has-post-thumbnail","6":"product_brand-eqm","7":"product_cat-anticongelantes-y-glicoles-puros","8":"product_tag-propilenglicol","10":"first","11":"instock","12":"taxable","13":"shipping-taxable","14":"purchasable","15":"product-type-variable"},"acf":[],"yoast_head":"<!-- This site is optimized with the Yoast SEO Premium plugin v27.1 (Yoast SEO v27.4) - https:\/\/yoast.com\/product\/yoast-seo-premium-wordpress\/ -->\n<title>Propyl\u00e8ne glycol - Ecosoluciones Qu\u00edmicas<\/title>\n<meta name=\"robots\" content=\"index, follow, max-snippet:-1, max-image-preview:large, max-video-preview:-1\" \/>\n<link rel=\"canonical\" href=\"https:\/\/www.ecosolucionesquimicas.es\/fr\/producto\/propilenglicol\/\" \/>\n<meta property=\"og:locale\" content=\"fr_FR\" \/>\n<meta property=\"og:type\" content=\"article\" \/>\n<meta property=\"og:title\" content=\"Propyl\u00e8ne glycol\" \/>\n<meta property=\"og:description\" content=\"L &#039;ECO-604 EST UN PROPYL\u00c8NE GLYCOL DE HAUTE QUALIT\u00c9. Il offre une excellente protection contre le gel et la surchauffe et convient \u00e0 diverses applications dans les syst\u00e8mes de refroidissement et de chauffage.  UTILISATION COURANTE DES GLYCOLS COMME FLUIDES CALOPORTEURS. Le propyl\u00e8ne glycol et l&#039;\u00e9thyl\u00e8ne glycol sont tous deux largement utilis\u00e9s dans la r\u00e9frig\u00e9ration industrielle. ECO-604 est r\u00e9put\u00e9 pour sa capacit\u00e9 \u00e0 prot\u00e9ger contre les temp\u00e9ratures extr\u00eames.   DU PROPYL\u00c8NE GLYCOL NON TOXIQUE ET SANS DANGER. Contrairement aux autres antigels, le propyl\u00e8ne glycol est un compos\u00e9 non toxique. ECO-604 est un choix s\u00fbr pour les applications n\u00e9cessitant un faible risque de toxicit\u00e9, comme dans l&#039;industrie agroalimentaire, et il est respectueux de l&#039;environnement.  \u2705 FORMULATION \u00c0 LONGUE STABILIT\u00c9. ECO-604 est con\u00e7u pour rester efficace pendant de longues p\u00e9riodes de stockage sans perdre ses propri\u00e9t\u00e9s, ce qui garantit une performance durable.  \u2705 FORMAT DE 5 ET 20 LITRES. \u26ab N\u00b0 de r\u00e9f. : ECO-604 &nbsp;\" \/>\n<meta property=\"og:url\" content=\"https:\/\/www.ecosolucionesquimicas.es\/fr\/producto\/propilenglicol\/\" \/>\n<meta property=\"og:site_name\" content=\"Ecosoluciones Qu\u00edmicas\" \/>\n<meta property=\"article:publisher\" content=\"https:\/\/www.facebook.com\/ecosolucionesquimicasmadrid\/\" \/>\n<meta property=\"article:modified_time\" content=\"2025-11-20T15:56:05+00:00\" \/>\n<meta property=\"og:image\" content=\"https:\/\/www.ecosolucionesquimicas.es\/wp-content\/uploads\/2024\/02\/ECO-604-5L-scaled.jpg\" \/>\n\t<meta property=\"og:image:width\" content=\"2350\" \/>\n\t<meta property=\"og:image:height\" content=\"2560\" \/>\n\t<meta property=\"og:image:type\" content=\"image\/jpeg\" \/>\n<meta name=\"twitter:card\" content=\"summary_large_image\" \/>\n<meta name=\"twitter:label1\" content=\"Disponibilit\u00e9\" \/>\n\t<meta name=\"twitter:data1\" content=\"En stock\" \/>\n<script type=\"application\/ld+json\" class=\"yoast-schema-graph\">{\"@context\":\"https:\\\/\\\/schema.org\",\"@graph\":[{\"@type\":\"WebPage\",\"@id\":\"https:\\\/\\\/www.ecosolucionesquimicas.es\\\/fr\\\/producto\\\/propilenglicol\\\/\",\"url\":\"https:\\\/\\\/www.ecosolucionesquimicas.es\\\/fr\\\/producto\\\/propilenglicol\\\/\",\"name\":\"Propyl\u00e8ne glycol - Ecosoluciones Qu\u00edmicas\",\"isPartOf\":{\"@id\":\"https:\\\/\\\/www.ecosolucionesquimicas.es\\\/fr\\\/#website\"},\"primaryImageOfPage\":{\"@id\":\"https:\\\/\\\/www.ecosolucionesquimicas.es\\\/fr\\\/producto\\\/propilenglicol\\\/#primaryimage\"},\"image\":{\"@id\":\"https:\\\/\\\/www.ecosolucionesquimicas.es\\\/fr\\\/producto\\\/propilenglicol\\\/#primaryimage\"},\"thumbnailUrl\":\"https:\\\/\\\/www.ecosolucionesquimicas.es\\\/wp-content\\\/uploads\\\/2024\\\/02\\\/ECO-604-5L-scaled.jpg\",\"datePublished\":\"2024-02-22T12:39:59+00:00\",\"dateModified\":\"2025-11-20T15:56:05+00:00\",\"breadcrumb\":{\"@id\":\"https:\\\/\\\/www.ecosolucionesquimicas.es\\\/fr\\\/producto\\\/propilenglicol\\\/#breadcrumb\"},\"inLanguage\":\"fr-FR\",\"potentialAction\":[{\"@type\":\"ReadAction\",\"target\":[\"https:\\\/\\\/www.ecosolucionesquimicas.es\\\/fr\\\/producto\\\/propilenglicol\\\/\"]}]},{\"@type\":\"ImageObject\",\"inLanguage\":\"fr-FR\",\"@id\":\"https:\\\/\\\/www.ecosolucionesquimicas.es\\\/fr\\\/producto\\\/propilenglicol\\\/#primaryimage\",\"url\":\"https:\\\/\\\/www.ecosolucionesquimicas.es\\\/wp-content\\\/uploads\\\/2024\\\/02\\\/ECO-604-5L-scaled.jpg\",\"contentUrl\":\"https:\\\/\\\/www.ecosolucionesquimicas.es\\\/wp-content\\\/uploads\\\/2024\\\/02\\\/ECO-604-5L-scaled.jpg\",\"width\":2350,\"height\":2560},{\"@type\":\"BreadcrumbList\",\"@id\":\"https:\\\/\\\/www.ecosolucionesquimicas.es\\\/fr\\\/producto\\\/propilenglicol\\\/#breadcrumb\",\"itemListElement\":[{\"@type\":\"ListItem\",\"position\":1,\"name\":\"Portada\",\"item\":\"https:\\\/\\\/www.ecosolucionesquimicas.es\\\/fr\\\/home\\\/\"},{\"@type\":\"ListItem\",\"position\":2,\"name\":\"Propyl\u00e8ne glycol\"}]},{\"@type\":\"WebSite\",\"@id\":\"https:\\\/\\\/www.ecosolucionesquimicas.es\\\/fr\\\/#website\",\"url\":\"https:\\\/\\\/www.ecosolucionesquimicas.es\\\/fr\\\/\",\"name\":\"Ecosoluciones Qu\u00edmicas\",\"description\":\"Achetez en ligne des produits d'entretien et des produits chimiques fabriqu\u00e9s par nos soins.\",\"publisher\":{\"@id\":\"https:\\\/\\\/www.ecosolucionesquimicas.es\\\/fr\\\/#organization\"},\"alternateName\":\"EQM\",\"potentialAction\":[{\"@type\":\"SearchAction\",\"target\":{\"@type\":\"EntryPoint\",\"urlTemplate\":\"https:\\\/\\\/www.ecosolucionesquimicas.es\\\/fr\\\/?s={search_term_string}\"},\"query-input\":{\"@type\":\"PropertyValueSpecification\",\"valueRequired\":true,\"valueName\":\"search_term_string\"}}],\"inLanguage\":\"fr-FR\"},{\"@type\":\"Organization\",\"@id\":\"https:\\\/\\\/www.ecosolucionesquimicas.es\\\/fr\\\/#organization\",\"name\":\"Ecosoluciones Qu\u00edmicas\",\"url\":\"https:\\\/\\\/www.ecosolucionesquimicas.es\\\/fr\\\/\",\"logo\":{\"@type\":\"ImageObject\",\"inLanguage\":\"fr-FR\",\"@id\":\"https:\\\/\\\/www.ecosolucionesquimicas.es\\\/fr\\\/#\\\/schema\\\/logo\\\/image\\\/\",\"url\":\"https:\\\/\\\/www.ecosolucionesquimicas.es\\\/wp-content\\\/uploads\\\/2024\\\/08\\\/LOGO-EQM-NUEVO-.png\",\"contentUrl\":\"https:\\\/\\\/www.ecosolucionesquimicas.es\\\/wp-content\\\/uploads\\\/2024\\\/08\\\/LOGO-EQM-NUEVO-.png\",\"width\":1060,\"height\":456,\"caption\":\"Ecosoluciones Qu\u00edmicas\"},\"image\":{\"@id\":\"https:\\\/\\\/www.ecosolucionesquimicas.es\\\/fr\\\/#\\\/schema\\\/logo\\\/image\\\/\"},\"sameAs\":[\"https:\\\/\\\/www.facebook.com\\\/ecosolucionesquimicasmadrid\\\/\",\"https:\\\/\\\/www.instagram.com\\\/ecosolucionesquimicas\\\/\"],\"hasMerchantReturnPolicy\":{\"@type\":\"MerchantReturnPolicy\",\"merchantReturnLink\":\"https:\\\/\\\/www.ecosolucionesquimicas.es\\\/refund_returns\\\/\"}}]}<\/script>\n<meta property=\"product:brand\" content=\"EQM\" \/>\n<meta property=\"og:availability\" content=\"instock\" \/>\n<meta property=\"product:availability\" content=\"instock\" \/>\n<meta property=\"product:retailer_item_id\" content=\"ECO-604\" \/>\n<meta property=\"product:condition\" content=\"new\" \/>\n<!-- \/ Yoast SEO Premium plugin. -->","yoast_head_json":{"title":"Propyl\u00e8ne glycol - Ecosoluciones Qu\u00edmicas","robots":{"index":"index","follow":"follow","max-snippet":"max-snippet:-1","max-image-preview":"max-image-preview:large","max-video-preview":"max-video-preview:-1"},"canonical":"https:\/\/www.ecosolucionesquimicas.es\/fr\/producto\/propilenglicol\/","og_locale":"fr_FR","og_type":"article","og_title":"Propyl\u00e8ne glycol","og_description":"L 'ECO-604 EST UN PROPYL\u00c8NE GLYCOL DE HAUTE QUALIT\u00c9. Il offre une excellente protection contre le gel et la surchauffe et convient \u00e0 diverses applications dans les syst\u00e8mes de refroidissement et de chauffage.  UTILISATION COURANTE DES GLYCOLS COMME FLUIDES CALOPORTEURS. Le propyl\u00e8ne glycol et l'\u00e9thyl\u00e8ne glycol sont tous deux largement utilis\u00e9s dans la r\u00e9frig\u00e9ration industrielle. ECO-604 est r\u00e9put\u00e9 pour sa capacit\u00e9 \u00e0 prot\u00e9ger contre les temp\u00e9ratures extr\u00eames.   DU PROPYL\u00c8NE GLYCOL NON TOXIQUE ET SANS DANGER. Contrairement aux autres antigels, le propyl\u00e8ne glycol est un compos\u00e9 non toxique. ECO-604 est un choix s\u00fbr pour les applications n\u00e9cessitant un faible risque de toxicit\u00e9, comme dans l'industrie agroalimentaire, et il est respectueux de l'environnement.  \u2705 FORMULATION \u00c0 LONGUE STABILIT\u00c9. ECO-604 est con\u00e7u pour rester efficace pendant de longues p\u00e9riodes de stockage sans perdre ses propri\u00e9t\u00e9s, ce qui garantit une performance durable.  \u2705 FORMAT DE 5 ET 20 LITRES. \u26ab N\u00b0 de r\u00e9f. : ECO-604 &nbsp;","og_url":"https:\/\/www.ecosolucionesquimicas.es\/fr\/producto\/propilenglicol\/","og_site_name":"Ecosoluciones Qu\u00edmicas","article_publisher":"https:\/\/www.facebook.com\/ecosolucionesquimicasmadrid\/","article_modified_time":"2025-11-20T15:56:05+00:00","og_image":[{"width":2350,"height":2560,"url":"https:\/\/www.ecosolucionesquimicas.es\/wp-content\/uploads\/2024\/02\/ECO-604-5L-scaled.jpg","type":"image\/jpeg"}],"twitter_card":"summary_large_image","twitter_misc":{"Disponibilit\u00e9":"En stock"},"schema":{"@context":"https:\/\/schema.org","@graph":[{"@type":"WebPage","@id":"https:\/\/www.ecosolucionesquimicas.es\/fr\/producto\/propilenglicol\/","url":"https:\/\/www.ecosolucionesquimicas.es\/fr\/producto\/propilenglicol\/","name":"Propyl\u00e8ne glycol - Ecosoluciones Qu\u00edmicas","isPartOf":{"@id":"https:\/\/www.ecosolucionesquimicas.es\/fr\/#website"},"primaryImageOfPage":{"@id":"https:\/\/www.ecosolucionesquimicas.es\/fr\/producto\/propilenglicol\/#primaryimage"},"image":{"@id":"https:\/\/www.ecosolucionesquimicas.es\/fr\/producto\/propilenglicol\/#primaryimage"},"thumbnailUrl":"https:\/\/www.ecosolucionesquimicas.es\/wp-content\/uploads\/2024\/02\/ECO-604-5L-scaled.jpg","datePublished":"2024-02-22T12:39:59+00:00","dateModified":"2025-11-20T15:56:05+00:00","breadcrumb":{"@id":"https:\/\/www.ecosolucionesquimicas.es\/fr\/producto\/propilenglicol\/#breadcrumb"},"inLanguage":"fr-FR","potentialAction":[{"@type":"ReadAction","target":["https:\/\/www.ecosolucionesquimicas.es\/fr\/producto\/propilenglicol\/"]}]},{"@type":"ImageObject","inLanguage":"fr-FR","@id":"https:\/\/www.ecosolucionesquimicas.es\/fr\/producto\/propilenglicol\/#primaryimage","url":"https:\/\/www.ecosolucionesquimicas.es\/wp-content\/uploads\/2024\/02\/ECO-604-5L-scaled.jpg","contentUrl":"https:\/\/www.ecosolucionesquimicas.es\/wp-content\/uploads\/2024\/02\/ECO-604-5L-scaled.jpg","width":2350,"height":2560},{"@type":"BreadcrumbList","@id":"https:\/\/www.ecosolucionesquimicas.es\/fr\/producto\/propilenglicol\/#breadcrumb","itemListElement":[{"@type":"ListItem","position":1,"name":"Portada","item":"https:\/\/www.ecosolucionesquimicas.es\/fr\/home\/"},{"@type":"ListItem","position":2,"name":"Propyl\u00e8ne glycol"}]},{"@type":"WebSite","@id":"https:\/\/www.ecosolucionesquimicas.es\/fr\/#website","url":"https:\/\/www.ecosolucionesquimicas.es\/fr\/","name":"Ecosoluciones Qu\u00edmicas","description":"Achetez en ligne des produits d'entretien et des produits chimiques fabriqu\u00e9s par nos soins.","publisher":{"@id":"https:\/\/www.ecosolucionesquimicas.es\/fr\/#organization"},"alternateName":"EQM","potentialAction":[{"@type":"SearchAction","target":{"@type":"EntryPoint","urlTemplate":"https:\/\/www.ecosolucionesquimicas.es\/fr\/?s={search_term_string}"},"query-input":{"@type":"PropertyValueSpecification","valueRequired":true,"valueName":"search_term_string"}}],"inLanguage":"fr-FR"},{"@type":"Organization","@id":"https:\/\/www.ecosolucionesquimicas.es\/fr\/#organization","name":"Ecosoluciones Qu\u00edmicas","url":"https:\/\/www.ecosolucionesquimicas.es\/fr\/","logo":{"@type":"ImageObject","inLanguage":"fr-FR","@id":"https:\/\/www.ecosolucionesquimicas.es\/fr\/#\/schema\/logo\/image\/","url":"https:\/\/www.ecosolucionesquimicas.es\/wp-content\/uploads\/2024\/08\/LOGO-EQM-NUEVO-.png","contentUrl":"https:\/\/www.ecosolucionesquimicas.es\/wp-content\/uploads\/2024\/08\/LOGO-EQM-NUEVO-.png","width":1060,"height":456,"caption":"Ecosoluciones Qu\u00edmicas"},"image":{"@id":"https:\/\/www.ecosolucionesquimicas.es\/fr\/#\/schema\/logo\/image\/"},"sameAs":["https:\/\/www.facebook.com\/ecosolucionesquimicasmadrid\/","https:\/\/www.instagram.com\/ecosolucionesquimicas\/"],"hasMerchantReturnPolicy":{"@type":"MerchantReturnPolicy","merchantReturnLink":"https:\/\/www.ecosolucionesquimicas.es\/refund_returns\/"}}]},"product_brand":"EQM","og_availability":"instock","product_availability":"instock","product_retailer_item_id":"ECO-604","product_condition":"new"},"_links":{"self":[{"href":"https:\/\/www.ecosolucionesquimicas.es\/fr\/wp-json\/wp\/v2\/product\/11601","targetHints":{"allow":["GET"]}}],"collection":[{"href":"https:\/\/www.ecosolucionesquimicas.es\/fr\/wp-json\/wp\/v2\/product"}],"about":[{"href":"https:\/\/www.ecosolucionesquimicas.es\/fr\/wp-json\/wp\/v2\/types\/product"}],"wp:featuredmedia":[{"embeddable":true,"href":"https:\/\/www.ecosolucionesquimicas.es\/fr\/wp-json\/wp\/v2\/media\/11606"}],"wp:attachment":[{"href":"https:\/\/www.ecosolucionesquimicas.es\/fr\/wp-json\/wp\/v2\/media?parent=11601"}],"wp:term":[{"taxonomy":"product_brand","embeddable":true,"href":"https:\/\/www.ecosolucionesquimicas.es\/fr\/wp-json\/wp\/v2\/product_brand?post=11601"},{"taxonomy":"product_cat","embeddable":true,"href":"https:\/\/www.ecosolucionesquimicas.es\/fr\/wp-json\/wp\/v2\/product_cat?post=11601"},{"taxonomy":"product_tag","embeddable":true,"href":"https:\/\/www.ecosolucionesquimicas.es\/fr\/wp-json\/wp\/v2\/product_tag?post=11601"}],"curies":[{"name":"wp","href":"https:\/\/api.w.org\/{rel}","templated":true}]}}