{"id":11586,"date":"2024-02-22T13:39:59","date_gmt":"2024-02-22T12:39:59","guid":{"rendered":"https:\/\/www.ecosolucionesquimicas.es\/producto\/alcohol-isopropilico-eqm-999-pureza\/"},"modified":"2026-04-07T14:38:43","modified_gmt":"2026-04-07T12:38:43","slug":"alcohol-isopropilico-eqm-999-pureza","status":"publish","type":"product","link":"https:\/\/www.ecosolucionesquimicas.es\/fr\/producto\/alcohol-isopropilico-eqm-999-pureza\/","title":{"rendered":"Alcool isopropylique EQM pur \u00e0 99,9"},"content":{"rendered":"<p><img fetchpriority=\"high\" decoding=\"async\" class=\"alignnone wp-image-3897\" src=\"https:\/\/www.ecosolucionesquimicas.es\/wp-content\/uploads\/2024\/02\/arduino-control-broad-element-assembly-by-human-300x225.jpg\" alt=\"\" width=\"550\" height=\"413\" srcset=\"https:\/\/www.ecosolucionesquimicas.es\/wp-content\/uploads\/2024\/02\/arduino-control-broad-element-assembly-by-human-300x225.jpg 300w, https:\/\/www.ecosolucionesquimicas.es\/wp-content\/uploads\/2024\/02\/arduino-control-broad-element-assembly-by-human-1024x768.jpg 1024w, https:\/\/www.ecosolucionesquimicas.es\/wp-content\/uploads\/2024\/02\/arduino-control-broad-element-assembly-by-human-768x576.jpg 768w, https:\/\/www.ecosolucionesquimicas.es\/wp-content\/uploads\/2024\/02\/arduino-control-broad-element-assembly-by-human-1536x1152.jpg 1536w, https:\/\/www.ecosolucionesquimicas.es\/wp-content\/uploads\/2024\/02\/arduino-control-broad-element-assembly-by-human-2048x1536.jpg 2048w, https:\/\/www.ecosolucionesquimicas.es\/wp-content\/uploads\/2024\/02\/arduino-control-broad-element-assembly-by-human-600x450.jpg 600w\" sizes=\"(max-width: 550px) 100vw, 550px\" \/><\/p>\n<p><strong>CANDIDATURES<\/strong><\/p>\n<div class=\"flex max-w-full flex-col flex-grow\">\n<div class=\"min-h-[20px] text-message flex w-full flex-col items-end gap-2 whitespace-normal break-words [.text-message+&amp;]:mt-5\" dir=\"auto\" data-message-author-role=\"assistant\" data-message-id=\"0c436366-6e00-4346-9faa-496f91c256a3\">\n<div class=\"flex w-full flex-col gap-1 empty:hidden first:pt-[3px]\">\n<div class=\"markdown prose w-full break-words dark:prose-invert light\">\n<p><strong>Nettoyage de l&rsquo;\u00e9lectronique :<\/strong> Pour les composants sensibles, sans r\u00e9sidus ni dommages.<br \/>\n\u2714 <strong>Lentilles et \u00e9crans :<\/strong> Nettoie les lentilles et les \u00e9crans sans traces.<br \/>\n\u2714 <strong>Impression 3D :<\/strong> \u00c9limine les r\u00e9sines non durcies pour des finitions pr\u00e9cises.<br \/>\n\u2714 <strong>Peintures et vernis :<\/strong> Dissout et \u00e9limine les peintures et les adh\u00e9sifs.<br \/>\n\u2714 <strong>Industrie pharmaceutique et cosm\u00e9tique :<\/strong> D\u00e9sinfecte et nettoie avec une grande puret\u00e9.<br \/>\n\u2714 <strong>M\u00e9nage :<\/strong> Pour les vitres, les miroirs et les ustensiles de d\u00e9graissage.<br \/>\n\u2714 <strong>D\u00e9sinfection :<\/strong> Dans les milieux m\u00e9dicaux et les laboratoires.<br \/>\n\u2714 <strong>Automobile :<\/strong> Nettoie et d\u00e9graisse les pi\u00e8ces du moteur et la carrosserie.<\/p>\n<\/div>\n<\/div>\n<\/div>\n<\/div>\n","protected":false},"excerpt":{"rendered":"<p><span class=\"a-list-item\">\u2705 <strong>\u00c9VAPORATION RAPIDE ET ABSENCE DE R\u00c9SIDUS.<\/strong> L&rsquo;alcool isopropylique, \u00e9galement appel\u00e9 isopropanol ou 2-propanol, s&rsquo;\u00e9vapore rapidement sans laisser de taches ou de r\u00e9sidus, ce qui le rend id\u00e9al pour nettoyer les surfaces d\u00e9licates telles que les composants \u00e9lectroniques ou les lentilles. Il ne contient ni colorant ni parfum. <\/span><\/p>\n<p><span class=\"a-list-item\"><strong> INCOLORE.<\/strong> ECO-301 est un alcool incolore, inflammable, \u00e0 l&rsquo;odeur intense et tr\u00e8s miscible avec l&rsquo;eau.<\/span><\/p>\n<p><span class=\"a-list-item\">\u2705 <strong>DE MULTIPLES APPLICATIONS.<\/strong> Id\u00e9al pour nettoyer les appareils \u00e9lectroniques tels que les processeurs, les cartes m\u00e8res, les dissipateurs thermiques, les GPU et les capteurs CCD. Parfait pour nettoyer les lentilles, les objectifs et les \u00e9crans. \u00c9galement utilis\u00e9 pour nettoyer la r\u00e9sine dans l&rsquo;impression 3D, dissoudre les peintures, les vernis et les cires. Ses applications s&rsquo;\u00e9tendent \u00e0 l&rsquo;industrie pharmaceutique et cosm\u00e9tique, ainsi qu&rsquo;\u00e0 son utilisation \u00e0 la maison pour nettoyer le verre et comme d\u00e9graissant.   <\/span><\/p>\n<p><span class=\"a-list-item\"><strong>PURET\u00c9 MAXIMALE.<\/strong> Produit sans additif d&rsquo;une puret\u00e9 sup\u00e9rieure \u00e0 99,9 %, garanti par une certification de laboratoire.<\/span><\/p>\n<p><strong>FORMAT 500ML, 750 ML, 1, 5 ET 20 LITRES <\/strong>Pour les quantit\u00e9s 200L et 1000L tu peux demander un devis <a href=\"https:\/\/www.ecosolucionesquimicas.es\/fr\/demande-un-devis\/\">\u00e0 Demande ton devis.<\/a><\/p>\n<p><strong>\u26ab<\/strong><strong> N\u00b0 de r\u00e9f. : ECO-301<\/strong><\/p>\n","protected":false},"featured_media":11587,"template":"","meta":[],"product_brand":[225],"product_cat":[502,425,501],"product_tag":[503,504,505],"class_list":{"0":"post-11586","1":"product","2":"type-product","3":"status-publish","4":"has-post-thumbnail","6":"product_brand-eqm","7":"product_cat-alcoholes-y-soluciones-hidroalcoholicas","8":"product_cat-especial-bicicletas","9":"product_cat-limpiezas-de-superficies-con-accion-reforzada","10":"product_tag-alcohol","11":"product_tag-isopropilico","12":"product_tag-propanol","14":"first","15":"instock","16":"taxable","17":"shipping-taxable","18":"purchasable","19":"product-type-variable","20":"has-default-attributes"},"acf":[],"yoast_head":"<!-- This site is optimized with the Yoast SEO Premium plugin v27.1 (Yoast SEO v27.4) - https:\/\/yoast.com\/product\/yoast-seo-premium-wordpress\/ -->\n<title>Alcool isopropylique EQM pur \u00e0 99,9 - Ecosoluciones Qu\u00edmicas<\/title>\n<meta name=\"robots\" content=\"index, follow, max-snippet:-1, max-image-preview:large, max-video-preview:-1\" \/>\n<link rel=\"canonical\" href=\"https:\/\/www.ecosolucionesquimicas.es\/fr\/producto\/alcohol-isopropilico-eqm-999-pureza\/\" \/>\n<meta property=\"og:locale\" content=\"fr_FR\" \/>\n<meta property=\"og:type\" content=\"article\" \/>\n<meta property=\"og:title\" content=\"Alcool isopropylique EQM pur \u00e0 99,9\" \/>\n<meta property=\"og:description\" content=\"\u2705 \u00c9VAPORATION RAPIDE ET ABSENCE DE R\u00c9SIDUS. L&#039;alcool isopropylique, \u00e9galement appel\u00e9 isopropanol ou 2-propanol, s&#039;\u00e9vapore rapidement sans laisser de taches ou de r\u00e9sidus, ce qui le rend id\u00e9al pour nettoyer les surfaces d\u00e9licates telles que les composants \u00e9lectroniques ou les lentilles. Il ne contient ni colorant ni parfum.  INCOLORE. ECO-301 est un alcool incolore, inflammable, \u00e0 l&#039;odeur intense et tr\u00e8s miscible avec l&#039;eau. \u2705 DE MULTIPLES APPLICATIONS. Id\u00e9al pour nettoyer les appareils \u00e9lectroniques tels que les processeurs, les cartes m\u00e8res, les dissipateurs thermiques, les GPU et les capteurs CCD. Parfait pour nettoyer les lentilles, les objectifs et les \u00e9crans. \u00c9galement utilis\u00e9 pour nettoyer la r\u00e9sine dans l&#039;impression 3D, dissoudre les peintures, les vernis et les cires. Ses applications s&#039;\u00e9tendent \u00e0 l&#039;industrie pharmaceutique et cosm\u00e9tique, ainsi qu&#039;\u00e0 son utilisation \u00e0 la maison pour nettoyer le verre et comme d\u00e9graissant.   PURET\u00c9 MAXIMALE. Produit sans additif d&#039;une puret\u00e9 sup\u00e9rieure \u00e0 99,9 %, garanti par une certification de laboratoire. FORMAT 500ML, 750 ML, 1, 5 ET 20 LITRES Pour les quantit\u00e9s 200L et 1000L tu peux demander un devis \u00e0 Demande ton devis. \u26ab N\u00b0 de r\u00e9f. : ECO-301\" \/>\n<meta property=\"og:url\" content=\"https:\/\/www.ecosolucionesquimicas.es\/fr\/producto\/alcohol-isopropilico-eqm-999-pureza\/\" \/>\n<meta property=\"og:site_name\" content=\"Ecosoluciones Qu\u00edmicas\" \/>\n<meta property=\"article:publisher\" content=\"https:\/\/www.facebook.com\/ecosolucionesquimicasmadrid\/\" \/>\n<meta property=\"article:modified_time\" content=\"2026-04-07T12:38:43+00:00\" \/>\n<meta property=\"og:image\" content=\"https:\/\/www.ecosolucionesquimicas.es\/wp-content\/uploads\/2024\/02\/ECO-301-500ML-scaled.jpg\" \/>\n\t<meta property=\"og:image:width\" content=\"2350\" \/>\n\t<meta property=\"og:image:height\" content=\"2560\" \/>\n\t<meta property=\"og:image:type\" content=\"image\/jpeg\" \/>\n<meta name=\"twitter:card\" content=\"summary_large_image\" \/>\n<meta name=\"twitter:label1\" content=\"Disponibilit\u00e9\" \/>\n\t<meta name=\"twitter:data1\" content=\"En stock\" \/>\n<script type=\"application\/ld+json\" class=\"yoast-schema-graph\">{\"@context\":\"https:\\\/\\\/schema.org\",\"@graph\":[{\"@type\":\"WebPage\",\"@id\":\"https:\\\/\\\/www.ecosolucionesquimicas.es\\\/fr\\\/producto\\\/alcohol-isopropilico-eqm-999-pureza\\\/\",\"url\":\"https:\\\/\\\/www.ecosolucionesquimicas.es\\\/fr\\\/producto\\\/alcohol-isopropilico-eqm-999-pureza\\\/\",\"name\":\"Alcool isopropylique EQM pur \u00e0 99,9 - Ecosoluciones Qu\u00edmicas\",\"isPartOf\":{\"@id\":\"https:\\\/\\\/www.ecosolucionesquimicas.es\\\/fr\\\/#website\"},\"primaryImageOfPage\":{\"@id\":\"https:\\\/\\\/www.ecosolucionesquimicas.es\\\/fr\\\/producto\\\/alcohol-isopropilico-eqm-999-pureza\\\/#primaryimage\"},\"image\":{\"@id\":\"https:\\\/\\\/www.ecosolucionesquimicas.es\\\/fr\\\/producto\\\/alcohol-isopropilico-eqm-999-pureza\\\/#primaryimage\"},\"thumbnailUrl\":\"https:\\\/\\\/www.ecosolucionesquimicas.es\\\/wp-content\\\/uploads\\\/2024\\\/02\\\/ECO-301-500ML-scaled.jpg\",\"datePublished\":\"2024-02-22T12:39:59+00:00\",\"dateModified\":\"2026-04-07T12:38:43+00:00\",\"breadcrumb\":{\"@id\":\"https:\\\/\\\/www.ecosolucionesquimicas.es\\\/fr\\\/producto\\\/alcohol-isopropilico-eqm-999-pureza\\\/#breadcrumb\"},\"inLanguage\":\"fr-FR\",\"potentialAction\":[{\"@type\":\"ReadAction\",\"target\":[\"https:\\\/\\\/www.ecosolucionesquimicas.es\\\/fr\\\/producto\\\/alcohol-isopropilico-eqm-999-pureza\\\/\"]}]},{\"@type\":\"ImageObject\",\"inLanguage\":\"fr-FR\",\"@id\":\"https:\\\/\\\/www.ecosolucionesquimicas.es\\\/fr\\\/producto\\\/alcohol-isopropilico-eqm-999-pureza\\\/#primaryimage\",\"url\":\"https:\\\/\\\/www.ecosolucionesquimicas.es\\\/wp-content\\\/uploads\\\/2024\\\/02\\\/ECO-301-500ML-scaled.jpg\",\"contentUrl\":\"https:\\\/\\\/www.ecosolucionesquimicas.es\\\/wp-content\\\/uploads\\\/2024\\\/02\\\/ECO-301-500ML-scaled.jpg\",\"width\":2350,\"height\":2560},{\"@type\":\"BreadcrumbList\",\"@id\":\"https:\\\/\\\/www.ecosolucionesquimicas.es\\\/fr\\\/producto\\\/alcohol-isopropilico-eqm-999-pureza\\\/#breadcrumb\",\"itemListElement\":[{\"@type\":\"ListItem\",\"position\":1,\"name\":\"Portada\",\"item\":\"https:\\\/\\\/www.ecosolucionesquimicas.es\\\/fr\\\/home\\\/\"},{\"@type\":\"ListItem\",\"position\":2,\"name\":\"Alcool isopropylique EQM pur \u00e0 99,9\"}]},{\"@type\":\"WebSite\",\"@id\":\"https:\\\/\\\/www.ecosolucionesquimicas.es\\\/fr\\\/#website\",\"url\":\"https:\\\/\\\/www.ecosolucionesquimicas.es\\\/fr\\\/\",\"name\":\"Ecosoluciones Qu\u00edmicas\",\"description\":\"Achetez en ligne des produits d'entretien et des produits chimiques fabriqu\u00e9s par nos soins.\",\"publisher\":{\"@id\":\"https:\\\/\\\/www.ecosolucionesquimicas.es\\\/fr\\\/#organization\"},\"alternateName\":\"EQM\",\"potentialAction\":[{\"@type\":\"SearchAction\",\"target\":{\"@type\":\"EntryPoint\",\"urlTemplate\":\"https:\\\/\\\/www.ecosolucionesquimicas.es\\\/fr\\\/?s={search_term_string}\"},\"query-input\":{\"@type\":\"PropertyValueSpecification\",\"valueRequired\":true,\"valueName\":\"search_term_string\"}}],\"inLanguage\":\"fr-FR\"},{\"@type\":\"Organization\",\"@id\":\"https:\\\/\\\/www.ecosolucionesquimicas.es\\\/fr\\\/#organization\",\"name\":\"Ecosoluciones Qu\u00edmicas\",\"url\":\"https:\\\/\\\/www.ecosolucionesquimicas.es\\\/fr\\\/\",\"logo\":{\"@type\":\"ImageObject\",\"inLanguage\":\"fr-FR\",\"@id\":\"https:\\\/\\\/www.ecosolucionesquimicas.es\\\/fr\\\/#\\\/schema\\\/logo\\\/image\\\/\",\"url\":\"https:\\\/\\\/www.ecosolucionesquimicas.es\\\/wp-content\\\/uploads\\\/2024\\\/08\\\/LOGO-EQM-NUEVO-.png\",\"contentUrl\":\"https:\\\/\\\/www.ecosolucionesquimicas.es\\\/wp-content\\\/uploads\\\/2024\\\/08\\\/LOGO-EQM-NUEVO-.png\",\"width\":1060,\"height\":456,\"caption\":\"Ecosoluciones Qu\u00edmicas\"},\"image\":{\"@id\":\"https:\\\/\\\/www.ecosolucionesquimicas.es\\\/fr\\\/#\\\/schema\\\/logo\\\/image\\\/\"},\"sameAs\":[\"https:\\\/\\\/www.facebook.com\\\/ecosolucionesquimicasmadrid\\\/\",\"https:\\\/\\\/www.instagram.com\\\/ecosolucionesquimicas\\\/\"],\"hasMerchantReturnPolicy\":{\"@type\":\"MerchantReturnPolicy\",\"merchantReturnLink\":\"https:\\\/\\\/www.ecosolucionesquimicas.es\\\/refund_returns\\\/\"}}]}<\/script>\n<meta property=\"product:brand\" content=\"EQM\" \/>\n<meta property=\"og:availability\" content=\"instock\" \/>\n<meta property=\"product:availability\" content=\"instock\" \/>\n<meta property=\"product:retailer_item_id\" content=\"ECO-301\" \/>\n<meta property=\"product:condition\" content=\"new\" \/>\n<!-- \/ Yoast SEO Premium plugin. -->","yoast_head_json":{"title":"Alcool isopropylique EQM pur \u00e0 99,9 - Ecosoluciones Qu\u00edmicas","robots":{"index":"index","follow":"follow","max-snippet":"max-snippet:-1","max-image-preview":"max-image-preview:large","max-video-preview":"max-video-preview:-1"},"canonical":"https:\/\/www.ecosolucionesquimicas.es\/fr\/producto\/alcohol-isopropilico-eqm-999-pureza\/","og_locale":"fr_FR","og_type":"article","og_title":"Alcool isopropylique EQM pur \u00e0 99,9","og_description":"\u2705 \u00c9VAPORATION RAPIDE ET ABSENCE DE R\u00c9SIDUS. L'alcool isopropylique, \u00e9galement appel\u00e9 isopropanol ou 2-propanol, s'\u00e9vapore rapidement sans laisser de taches ou de r\u00e9sidus, ce qui le rend id\u00e9al pour nettoyer les surfaces d\u00e9licates telles que les composants \u00e9lectroniques ou les lentilles. Il ne contient ni colorant ni parfum.  INCOLORE. ECO-301 est un alcool incolore, inflammable, \u00e0 l'odeur intense et tr\u00e8s miscible avec l'eau. \u2705 DE MULTIPLES APPLICATIONS. Id\u00e9al pour nettoyer les appareils \u00e9lectroniques tels que les processeurs, les cartes m\u00e8res, les dissipateurs thermiques, les GPU et les capteurs CCD. Parfait pour nettoyer les lentilles, les objectifs et les \u00e9crans. \u00c9galement utilis\u00e9 pour nettoyer la r\u00e9sine dans l'impression 3D, dissoudre les peintures, les vernis et les cires. Ses applications s'\u00e9tendent \u00e0 l'industrie pharmaceutique et cosm\u00e9tique, ainsi qu'\u00e0 son utilisation \u00e0 la maison pour nettoyer le verre et comme d\u00e9graissant.   PURET\u00c9 MAXIMALE. Produit sans additif d'une puret\u00e9 sup\u00e9rieure \u00e0 99,9 %, garanti par une certification de laboratoire. FORMAT 500ML, 750 ML, 1, 5 ET 20 LITRES Pour les quantit\u00e9s 200L et 1000L tu peux demander un devis \u00e0 Demande ton devis. \u26ab N\u00b0 de r\u00e9f. : ECO-301","og_url":"https:\/\/www.ecosolucionesquimicas.es\/fr\/producto\/alcohol-isopropilico-eqm-999-pureza\/","og_site_name":"Ecosoluciones Qu\u00edmicas","article_publisher":"https:\/\/www.facebook.com\/ecosolucionesquimicasmadrid\/","article_modified_time":"2026-04-07T12:38:43+00:00","og_image":[{"width":2350,"height":2560,"url":"https:\/\/www.ecosolucionesquimicas.es\/wp-content\/uploads\/2024\/02\/ECO-301-500ML-scaled.jpg","type":"image\/jpeg"}],"twitter_card":"summary_large_image","twitter_misc":{"Disponibilit\u00e9":"En stock"},"schema":{"@context":"https:\/\/schema.org","@graph":[{"@type":"WebPage","@id":"https:\/\/www.ecosolucionesquimicas.es\/fr\/producto\/alcohol-isopropilico-eqm-999-pureza\/","url":"https:\/\/www.ecosolucionesquimicas.es\/fr\/producto\/alcohol-isopropilico-eqm-999-pureza\/","name":"Alcool isopropylique EQM pur \u00e0 99,9 - Ecosoluciones Qu\u00edmicas","isPartOf":{"@id":"https:\/\/www.ecosolucionesquimicas.es\/fr\/#website"},"primaryImageOfPage":{"@id":"https:\/\/www.ecosolucionesquimicas.es\/fr\/producto\/alcohol-isopropilico-eqm-999-pureza\/#primaryimage"},"image":{"@id":"https:\/\/www.ecosolucionesquimicas.es\/fr\/producto\/alcohol-isopropilico-eqm-999-pureza\/#primaryimage"},"thumbnailUrl":"https:\/\/www.ecosolucionesquimicas.es\/wp-content\/uploads\/2024\/02\/ECO-301-500ML-scaled.jpg","datePublished":"2024-02-22T12:39:59+00:00","dateModified":"2026-04-07T12:38:43+00:00","breadcrumb":{"@id":"https:\/\/www.ecosolucionesquimicas.es\/fr\/producto\/alcohol-isopropilico-eqm-999-pureza\/#breadcrumb"},"inLanguage":"fr-FR","potentialAction":[{"@type":"ReadAction","target":["https:\/\/www.ecosolucionesquimicas.es\/fr\/producto\/alcohol-isopropilico-eqm-999-pureza\/"]}]},{"@type":"ImageObject","inLanguage":"fr-FR","@id":"https:\/\/www.ecosolucionesquimicas.es\/fr\/producto\/alcohol-isopropilico-eqm-999-pureza\/#primaryimage","url":"https:\/\/www.ecosolucionesquimicas.es\/wp-content\/uploads\/2024\/02\/ECO-301-500ML-scaled.jpg","contentUrl":"https:\/\/www.ecosolucionesquimicas.es\/wp-content\/uploads\/2024\/02\/ECO-301-500ML-scaled.jpg","width":2350,"height":2560},{"@type":"BreadcrumbList","@id":"https:\/\/www.ecosolucionesquimicas.es\/fr\/producto\/alcohol-isopropilico-eqm-999-pureza\/#breadcrumb","itemListElement":[{"@type":"ListItem","position":1,"name":"Portada","item":"https:\/\/www.ecosolucionesquimicas.es\/fr\/home\/"},{"@type":"ListItem","position":2,"name":"Alcool isopropylique EQM pur \u00e0 99,9"}]},{"@type":"WebSite","@id":"https:\/\/www.ecosolucionesquimicas.es\/fr\/#website","url":"https:\/\/www.ecosolucionesquimicas.es\/fr\/","name":"Ecosoluciones Qu\u00edmicas","description":"Achetez en ligne des produits d'entretien et des produits chimiques fabriqu\u00e9s par nos soins.","publisher":{"@id":"https:\/\/www.ecosolucionesquimicas.es\/fr\/#organization"},"alternateName":"EQM","potentialAction":[{"@type":"SearchAction","target":{"@type":"EntryPoint","urlTemplate":"https:\/\/www.ecosolucionesquimicas.es\/fr\/?s={search_term_string}"},"query-input":{"@type":"PropertyValueSpecification","valueRequired":true,"valueName":"search_term_string"}}],"inLanguage":"fr-FR"},{"@type":"Organization","@id":"https:\/\/www.ecosolucionesquimicas.es\/fr\/#organization","name":"Ecosoluciones Qu\u00edmicas","url":"https:\/\/www.ecosolucionesquimicas.es\/fr\/","logo":{"@type":"ImageObject","inLanguage":"fr-FR","@id":"https:\/\/www.ecosolucionesquimicas.es\/fr\/#\/schema\/logo\/image\/","url":"https:\/\/www.ecosolucionesquimicas.es\/wp-content\/uploads\/2024\/08\/LOGO-EQM-NUEVO-.png","contentUrl":"https:\/\/www.ecosolucionesquimicas.es\/wp-content\/uploads\/2024\/08\/LOGO-EQM-NUEVO-.png","width":1060,"height":456,"caption":"Ecosoluciones Qu\u00edmicas"},"image":{"@id":"https:\/\/www.ecosolucionesquimicas.es\/fr\/#\/schema\/logo\/image\/"},"sameAs":["https:\/\/www.facebook.com\/ecosolucionesquimicasmadrid\/","https:\/\/www.instagram.com\/ecosolucionesquimicas\/"],"hasMerchantReturnPolicy":{"@type":"MerchantReturnPolicy","merchantReturnLink":"https:\/\/www.ecosolucionesquimicas.es\/refund_returns\/"}}]},"product_brand":"EQM","og_availability":"instock","product_availability":"instock","product_retailer_item_id":"ECO-301","product_condition":"new"},"_links":{"self":[{"href":"https:\/\/www.ecosolucionesquimicas.es\/fr\/wp-json\/wp\/v2\/product\/11586","targetHints":{"allow":["GET"]}}],"collection":[{"href":"https:\/\/www.ecosolucionesquimicas.es\/fr\/wp-json\/wp\/v2\/product"}],"about":[{"href":"https:\/\/www.ecosolucionesquimicas.es\/fr\/wp-json\/wp\/v2\/types\/product"}],"wp:featuredmedia":[{"embeddable":true,"href":"https:\/\/www.ecosolucionesquimicas.es\/fr\/wp-json\/wp\/v2\/media\/11587"}],"wp:attachment":[{"href":"https:\/\/www.ecosolucionesquimicas.es\/fr\/wp-json\/wp\/v2\/media?parent=11586"}],"wp:term":[{"taxonomy":"product_brand","embeddable":true,"href":"https:\/\/www.ecosolucionesquimicas.es\/fr\/wp-json\/wp\/v2\/product_brand?post=11586"},{"taxonomy":"product_cat","embeddable":true,"href":"https:\/\/www.ecosolucionesquimicas.es\/fr\/wp-json\/wp\/v2\/product_cat?post=11586"},{"taxonomy":"product_tag","embeddable":true,"href":"https:\/\/www.ecosolucionesquimicas.es\/fr\/wp-json\/wp\/v2\/product_tag?post=11586"}],"curies":[{"name":"wp","href":"https:\/\/api.w.org\/{rel}","templated":true}]}}