{"id":11574,"date":"2024-02-22T13:40:01","date_gmt":"2024-02-22T12:40:01","guid":{"rendered":"https:\/\/www.ecosolucionesquimicas.es\/producto\/limpia-llantas-neutro\/"},"modified":"2025-11-20T16:56:22","modified_gmt":"2025-11-20T15:56:22","slug":"limpia-llantas-neutro","status":"publish","type":"product","link":"https:\/\/www.ecosolucionesquimicas.es\/fr\/producto\/limpia-llantas-neutro\/","title":{"rendered":"Nettoyant neutre pour jantes"},"content":{"rendered":"<p><img fetchpriority=\"high\" decoding=\"async\" class=\"alignnone wp-image-3623\" src=\"https:\/\/www.ecosolucionesquimicas.es\/wp-content\/uploads\/2024\/02\/Captura-de-pantalla-2024-08-31-a-las-18.56.13-300x207.png\" alt=\"\" width=\"550\" height=\"380\" srcset=\"https:\/\/www.ecosolucionesquimicas.es\/wp-content\/uploads\/2024\/02\/Captura-de-pantalla-2024-08-31-a-las-18.56.13-300x207.png 300w, https:\/\/www.ecosolucionesquimicas.es\/wp-content\/uploads\/2024\/02\/Captura-de-pantalla-2024-08-31-a-las-18.56.13-1024x708.png 1024w, https:\/\/www.ecosolucionesquimicas.es\/wp-content\/uploads\/2024\/02\/Captura-de-pantalla-2024-08-31-a-las-18.56.13-768x531.png 768w, https:\/\/www.ecosolucionesquimicas.es\/wp-content\/uploads\/2024\/02\/Captura-de-pantalla-2024-08-31-a-las-18.56.13-1536x1061.png 1536w, https:\/\/www.ecosolucionesquimicas.es\/wp-content\/uploads\/2024\/02\/Captura-de-pantalla-2024-08-31-a-las-18.56.13-600x415.png 600w, https:\/\/www.ecosolucionesquimicas.es\/wp-content\/uploads\/2024\/02\/Captura-de-pantalla-2024-08-31-a-las-18.56.13.png 1566w\" sizes=\"(max-width: 550px) 100vw, 550px\" \/><\/p>\n<p><strong>MODE D&rsquo;EMPLOI<\/strong><\/p>\n<div class=\"flex max-w-full flex-col flex-grow\">\n<div class=\"min-h-[20px] text-message flex w-full flex-col items-end gap-2 whitespace-normal break-words [.text-message+&amp;]:mt-5\" dir=\"auto\" data-message-author-role=\"assistant\" data-message-id=\"0f9828b1-e62f-40dc-8086-80742f708461\">\n<div class=\"flex w-full flex-col gap-1 empty:hidden first:pt-[3px]\">\n<div class=\"markdown prose w-full break-words dark:prose-invert light\">\n<p><strong>Pr\u00e9lavage<\/strong>: Pr\u00e9lavage au jet ou \u00e0 l&rsquo;eau sous pression pour \u00e9liminer les salet\u00e9s de surface. Laisse l&rsquo;exc\u00e9dent d&rsquo;eau s&rsquo;\u00e9couler.<x id=\"gid_1\"><\/x>\ud83d\udd18 <g id=\"gid_2\">Agiter<\/g>: Agite bien le produit avant de l&rsquo;utiliser. Vaporise uniform\u00e9ment sur toute la surface de la jante.<x id=\"gid_3\"><\/x>\ud83d\udd18 <g id=\"gid_4\">Temps d&rsquo;attente<\/g>: Laisse agir le produit pendant 3 \u00e0 5 minutes, pour \u00e9viter qu&rsquo;il ne s\u00e8che.<x id=\"gid_5\"><\/x>\ud83d\udd18 <g id=\"gid_6\">Rincer<\/g>: Rince la jante avec de l&rsquo;eau sous pression pour \u00e9liminer le produit et la salet\u00e9. Essuie-le \u00e0 l&rsquo;aide d&rsquo;un chiffon propre et sec.   <\/p>\n<\/div>\n<\/div>\n<\/div>\n<\/div>\n<p><strong>Recommandations :<\/strong><\/p>\n<p>N&rsquo;applique pas le produit en plein soleil ou sur des surfaces chaudes, car cela pourrait nuire \u00e0 son efficacit\u00e9.<\/p>\n","protected":false},"excerpt":{"rendered":"<p><strong>FORMULE NEUTRE ET SANS ACIDE<\/strong>. Sp\u00e9cialement con\u00e7u pour \u00eatre sans danger sur tous les types de roues, y compris les roues en alliage et en acier. Sa formule n&rsquo;endommage pas les plaquettes de frein ni le chrome, ce qui garantit un nettoyage efficace sans compromettre les mat\u00e9riaux d\u00e9licats du v\u00e9hicule.  <\/p>\n<p>\u2705 <strong>REDONNE \u00c0 LA VOITURE UN ASPECT COMME NEUF<\/strong>. Gr\u00e2ce \u00e0 sa puissante formule de nettoyage, ECO-101 \u00e9limine rapidement les poussi\u00e8res de frein les plus tenaces, les r\u00e9sidus ferreux, les d\u00e9p\u00f4ts de carbone, le calcaire et les salet\u00e9s s\u00e8ches en seulement quelques minutes. Le nettoyage est si efficace qu&rsquo;aucun frottement intensif n&rsquo;est n\u00e9cessaire pour obtenir des r\u00e9sultats visibles.  <\/p>\n<p><strong>PR\u00c9VIENT L&rsquo;ACCUMULATION DE SALET\u00c9S TENACES<\/strong>. ECO-101 ne se contente pas d&rsquo;\u00e9liminer la salet\u00e9 tenace, il aide aussi \u00e0 pr\u00e9venir toute accumulation future. Il est id\u00e9al pour d\u00e9graisser et nettoyer rapidement et sans effort les jantes et les garnitures de tous types de mat\u00e9riaux, notamment le fer, l&rsquo;aluminium, le chrome et le plastique.  <\/p>\n<p><strong>FORMATS DE 750 ML, 5 ET 20 LITRES.<\/strong><\/p>\n<p><strong>R\u00e9f\u00e9rence : ECO-101<\/strong><\/p>\n","protected":false},"featured_media":11575,"template":"","meta":[],"product_brand":[225],"product_cat":[424,243],"product_tag":[451,492,476],"class_list":{"0":"post-11574","1":"product","2":"type-product","3":"status-publish","4":"has-post-thumbnail","6":"product_brand-eqm","7":"product_cat-automocion","8":"product_cat-non-categorise","9":"product_tag-coche","10":"product_tag-embellecedores","11":"product_tag-llanta","13":"first","14":"instock","15":"taxable","16":"shipping-taxable","17":"purchasable","18":"product-type-variable"},"acf":[],"yoast_head":"<!-- This site is optimized with the Yoast SEO Premium plugin v27.1 (Yoast SEO v27.4) - https:\/\/yoast.com\/product\/yoast-seo-premium-wordpress\/ -->\n<title>Nettoyant neutre pour jantes - Ecosoluciones Qu\u00edmicas<\/title>\n<meta name=\"robots\" content=\"index, follow, max-snippet:-1, max-image-preview:large, max-video-preview:-1\" \/>\n<link rel=\"canonical\" href=\"https:\/\/www.ecosolucionesquimicas.es\/fr\/producto\/limpia-llantas-neutro\/\" \/>\n<meta property=\"og:locale\" content=\"fr_FR\" \/>\n<meta property=\"og:type\" content=\"article\" \/>\n<meta property=\"og:title\" content=\"Nettoyant neutre pour jantes\" \/>\n<meta property=\"og:description\" content=\"FORMULE NEUTRE ET SANS ACIDE. Sp\u00e9cialement con\u00e7u pour \u00eatre sans danger sur tous les types de roues, y compris les roues en alliage et en acier. Sa formule n&#039;endommage pas les plaquettes de frein ni le chrome, ce qui garantit un nettoyage efficace sans compromettre les mat\u00e9riaux d\u00e9licats du v\u00e9hicule.  \u2705 REDONNE \u00c0 LA VOITURE UN ASPECT COMME NEUF. Gr\u00e2ce \u00e0 sa puissante formule de nettoyage, ECO-101 \u00e9limine rapidement les poussi\u00e8res de frein les plus tenaces, les r\u00e9sidus ferreux, les d\u00e9p\u00f4ts de carbone, le calcaire et les salet\u00e9s s\u00e8ches en seulement quelques minutes. Le nettoyage est si efficace qu&#039;aucun frottement intensif n&#039;est n\u00e9cessaire pour obtenir des r\u00e9sultats visibles.  PR\u00c9VIENT L&#039;ACCUMULATION DE SALET\u00c9S TENACES. ECO-101 ne se contente pas d&#039;\u00e9liminer la salet\u00e9 tenace, il aide aussi \u00e0 pr\u00e9venir toute accumulation future. Il est id\u00e9al pour d\u00e9graisser et nettoyer rapidement et sans effort les jantes et les garnitures de tous types de mat\u00e9riaux, notamment le fer, l&#039;aluminium, le chrome et le plastique.  FORMATS DE 750 ML, 5 ET 20 LITRES. R\u00e9f\u00e9rence : ECO-101\" \/>\n<meta property=\"og:url\" content=\"https:\/\/www.ecosolucionesquimicas.es\/fr\/producto\/limpia-llantas-neutro\/\" \/>\n<meta property=\"og:site_name\" content=\"Ecosoluciones Qu\u00edmicas\" \/>\n<meta property=\"article:publisher\" content=\"https:\/\/www.facebook.com\/ecosolucionesquimicasmadrid\/\" \/>\n<meta property=\"article:modified_time\" content=\"2025-11-20T15:56:22+00:00\" \/>\n<meta property=\"og:image\" content=\"https:\/\/www.ecosolucionesquimicas.es\/wp-content\/uploads\/2024\/02\/ECO-101-750ML-scaled.jpg\" \/>\n\t<meta property=\"og:image:width\" content=\"2350\" \/>\n\t<meta property=\"og:image:height\" content=\"2560\" \/>\n\t<meta property=\"og:image:type\" content=\"image\/jpeg\" \/>\n<meta name=\"twitter:card\" content=\"summary_large_image\" \/>\n<meta name=\"twitter:label1\" content=\"Disponibilit\u00e9\" \/>\n\t<meta name=\"twitter:data1\" content=\"En stock\" \/>\n<script type=\"application\/ld+json\" class=\"yoast-schema-graph\">{\"@context\":\"https:\\\/\\\/schema.org\",\"@graph\":[{\"@type\":\"WebPage\",\"@id\":\"https:\\\/\\\/www.ecosolucionesquimicas.es\\\/fr\\\/producto\\\/limpia-llantas-neutro\\\/\",\"url\":\"https:\\\/\\\/www.ecosolucionesquimicas.es\\\/fr\\\/producto\\\/limpia-llantas-neutro\\\/\",\"name\":\"Nettoyant neutre pour jantes - Ecosoluciones Qu\u00edmicas\",\"isPartOf\":{\"@id\":\"https:\\\/\\\/www.ecosolucionesquimicas.es\\\/fr\\\/#website\"},\"primaryImageOfPage\":{\"@id\":\"https:\\\/\\\/www.ecosolucionesquimicas.es\\\/fr\\\/producto\\\/limpia-llantas-neutro\\\/#primaryimage\"},\"image\":{\"@id\":\"https:\\\/\\\/www.ecosolucionesquimicas.es\\\/fr\\\/producto\\\/limpia-llantas-neutro\\\/#primaryimage\"},\"thumbnailUrl\":\"https:\\\/\\\/www.ecosolucionesquimicas.es\\\/wp-content\\\/uploads\\\/2024\\\/02\\\/ECO-101-750ML-scaled.jpg\",\"datePublished\":\"2024-02-22T12:40:01+00:00\",\"dateModified\":\"2025-11-20T15:56:22+00:00\",\"breadcrumb\":{\"@id\":\"https:\\\/\\\/www.ecosolucionesquimicas.es\\\/fr\\\/producto\\\/limpia-llantas-neutro\\\/#breadcrumb\"},\"inLanguage\":\"fr-FR\",\"potentialAction\":[{\"@type\":\"ReadAction\",\"target\":[\"https:\\\/\\\/www.ecosolucionesquimicas.es\\\/fr\\\/producto\\\/limpia-llantas-neutro\\\/\"]}]},{\"@type\":\"ImageObject\",\"inLanguage\":\"fr-FR\",\"@id\":\"https:\\\/\\\/www.ecosolucionesquimicas.es\\\/fr\\\/producto\\\/limpia-llantas-neutro\\\/#primaryimage\",\"url\":\"https:\\\/\\\/www.ecosolucionesquimicas.es\\\/wp-content\\\/uploads\\\/2024\\\/02\\\/ECO-101-750ML-scaled.jpg\",\"contentUrl\":\"https:\\\/\\\/www.ecosolucionesquimicas.es\\\/wp-content\\\/uploads\\\/2024\\\/02\\\/ECO-101-750ML-scaled.jpg\",\"width\":2350,\"height\":2560},{\"@type\":\"BreadcrumbList\",\"@id\":\"https:\\\/\\\/www.ecosolucionesquimicas.es\\\/fr\\\/producto\\\/limpia-llantas-neutro\\\/#breadcrumb\",\"itemListElement\":[{\"@type\":\"ListItem\",\"position\":1,\"name\":\"Portada\",\"item\":\"https:\\\/\\\/www.ecosolucionesquimicas.es\\\/fr\\\/home\\\/\"},{\"@type\":\"ListItem\",\"position\":2,\"name\":\"Nettoyant neutre pour jantes\"}]},{\"@type\":\"WebSite\",\"@id\":\"https:\\\/\\\/www.ecosolucionesquimicas.es\\\/fr\\\/#website\",\"url\":\"https:\\\/\\\/www.ecosolucionesquimicas.es\\\/fr\\\/\",\"name\":\"Ecosoluciones Qu\u00edmicas\",\"description\":\"Achetez en ligne des produits d'entretien et des produits chimiques fabriqu\u00e9s par nos soins.\",\"publisher\":{\"@id\":\"https:\\\/\\\/www.ecosolucionesquimicas.es\\\/fr\\\/#organization\"},\"alternateName\":\"EQM\",\"potentialAction\":[{\"@type\":\"SearchAction\",\"target\":{\"@type\":\"EntryPoint\",\"urlTemplate\":\"https:\\\/\\\/www.ecosolucionesquimicas.es\\\/fr\\\/?s={search_term_string}\"},\"query-input\":{\"@type\":\"PropertyValueSpecification\",\"valueRequired\":true,\"valueName\":\"search_term_string\"}}],\"inLanguage\":\"fr-FR\"},{\"@type\":\"Organization\",\"@id\":\"https:\\\/\\\/www.ecosolucionesquimicas.es\\\/fr\\\/#organization\",\"name\":\"Ecosoluciones Qu\u00edmicas\",\"url\":\"https:\\\/\\\/www.ecosolucionesquimicas.es\\\/fr\\\/\",\"logo\":{\"@type\":\"ImageObject\",\"inLanguage\":\"fr-FR\",\"@id\":\"https:\\\/\\\/www.ecosolucionesquimicas.es\\\/fr\\\/#\\\/schema\\\/logo\\\/image\\\/\",\"url\":\"https:\\\/\\\/www.ecosolucionesquimicas.es\\\/wp-content\\\/uploads\\\/2024\\\/08\\\/LOGO-EQM-NUEVO-.png\",\"contentUrl\":\"https:\\\/\\\/www.ecosolucionesquimicas.es\\\/wp-content\\\/uploads\\\/2024\\\/08\\\/LOGO-EQM-NUEVO-.png\",\"width\":1060,\"height\":456,\"caption\":\"Ecosoluciones Qu\u00edmicas\"},\"image\":{\"@id\":\"https:\\\/\\\/www.ecosolucionesquimicas.es\\\/fr\\\/#\\\/schema\\\/logo\\\/image\\\/\"},\"sameAs\":[\"https:\\\/\\\/www.facebook.com\\\/ecosolucionesquimicasmadrid\\\/\",\"https:\\\/\\\/www.instagram.com\\\/ecosolucionesquimicas\\\/\"],\"hasMerchantReturnPolicy\":{\"@type\":\"MerchantReturnPolicy\",\"merchantReturnLink\":\"https:\\\/\\\/www.ecosolucionesquimicas.es\\\/refund_returns\\\/\"}}]}<\/script>\n<meta property=\"product:brand\" content=\"EQM\" \/>\n<meta property=\"og:availability\" content=\"instock\" \/>\n<meta property=\"product:availability\" content=\"instock\" \/>\n<meta property=\"product:retailer_item_id\" content=\"ECO-101\" \/>\n<meta property=\"product:condition\" content=\"new\" \/>\n<!-- \/ Yoast SEO Premium plugin. -->","yoast_head_json":{"title":"Nettoyant neutre pour jantes - Ecosoluciones Qu\u00edmicas","robots":{"index":"index","follow":"follow","max-snippet":"max-snippet:-1","max-image-preview":"max-image-preview:large","max-video-preview":"max-video-preview:-1"},"canonical":"https:\/\/www.ecosolucionesquimicas.es\/fr\/producto\/limpia-llantas-neutro\/","og_locale":"fr_FR","og_type":"article","og_title":"Nettoyant neutre pour jantes","og_description":"FORMULE NEUTRE ET SANS ACIDE. Sp\u00e9cialement con\u00e7u pour \u00eatre sans danger sur tous les types de roues, y compris les roues en alliage et en acier. Sa formule n'endommage pas les plaquettes de frein ni le chrome, ce qui garantit un nettoyage efficace sans compromettre les mat\u00e9riaux d\u00e9licats du v\u00e9hicule.  \u2705 REDONNE \u00c0 LA VOITURE UN ASPECT COMME NEUF. Gr\u00e2ce \u00e0 sa puissante formule de nettoyage, ECO-101 \u00e9limine rapidement les poussi\u00e8res de frein les plus tenaces, les r\u00e9sidus ferreux, les d\u00e9p\u00f4ts de carbone, le calcaire et les salet\u00e9s s\u00e8ches en seulement quelques minutes. Le nettoyage est si efficace qu'aucun frottement intensif n'est n\u00e9cessaire pour obtenir des r\u00e9sultats visibles.  PR\u00c9VIENT L'ACCUMULATION DE SALET\u00c9S TENACES. ECO-101 ne se contente pas d'\u00e9liminer la salet\u00e9 tenace, il aide aussi \u00e0 pr\u00e9venir toute accumulation future. Il est id\u00e9al pour d\u00e9graisser et nettoyer rapidement et sans effort les jantes et les garnitures de tous types de mat\u00e9riaux, notamment le fer, l'aluminium, le chrome et le plastique.  FORMATS DE 750 ML, 5 ET 20 LITRES. R\u00e9f\u00e9rence : ECO-101","og_url":"https:\/\/www.ecosolucionesquimicas.es\/fr\/producto\/limpia-llantas-neutro\/","og_site_name":"Ecosoluciones Qu\u00edmicas","article_publisher":"https:\/\/www.facebook.com\/ecosolucionesquimicasmadrid\/","article_modified_time":"2025-11-20T15:56:22+00:00","og_image":[{"width":2350,"height":2560,"url":"https:\/\/www.ecosolucionesquimicas.es\/wp-content\/uploads\/2024\/02\/ECO-101-750ML-scaled.jpg","type":"image\/jpeg"}],"twitter_card":"summary_large_image","twitter_misc":{"Disponibilit\u00e9":"En stock"},"schema":{"@context":"https:\/\/schema.org","@graph":[{"@type":"WebPage","@id":"https:\/\/www.ecosolucionesquimicas.es\/fr\/producto\/limpia-llantas-neutro\/","url":"https:\/\/www.ecosolucionesquimicas.es\/fr\/producto\/limpia-llantas-neutro\/","name":"Nettoyant neutre pour jantes - Ecosoluciones Qu\u00edmicas","isPartOf":{"@id":"https:\/\/www.ecosolucionesquimicas.es\/fr\/#website"},"primaryImageOfPage":{"@id":"https:\/\/www.ecosolucionesquimicas.es\/fr\/producto\/limpia-llantas-neutro\/#primaryimage"},"image":{"@id":"https:\/\/www.ecosolucionesquimicas.es\/fr\/producto\/limpia-llantas-neutro\/#primaryimage"},"thumbnailUrl":"https:\/\/www.ecosolucionesquimicas.es\/wp-content\/uploads\/2024\/02\/ECO-101-750ML-scaled.jpg","datePublished":"2024-02-22T12:40:01+00:00","dateModified":"2025-11-20T15:56:22+00:00","breadcrumb":{"@id":"https:\/\/www.ecosolucionesquimicas.es\/fr\/producto\/limpia-llantas-neutro\/#breadcrumb"},"inLanguage":"fr-FR","potentialAction":[{"@type":"ReadAction","target":["https:\/\/www.ecosolucionesquimicas.es\/fr\/producto\/limpia-llantas-neutro\/"]}]},{"@type":"ImageObject","inLanguage":"fr-FR","@id":"https:\/\/www.ecosolucionesquimicas.es\/fr\/producto\/limpia-llantas-neutro\/#primaryimage","url":"https:\/\/www.ecosolucionesquimicas.es\/wp-content\/uploads\/2024\/02\/ECO-101-750ML-scaled.jpg","contentUrl":"https:\/\/www.ecosolucionesquimicas.es\/wp-content\/uploads\/2024\/02\/ECO-101-750ML-scaled.jpg","width":2350,"height":2560},{"@type":"BreadcrumbList","@id":"https:\/\/www.ecosolucionesquimicas.es\/fr\/producto\/limpia-llantas-neutro\/#breadcrumb","itemListElement":[{"@type":"ListItem","position":1,"name":"Portada","item":"https:\/\/www.ecosolucionesquimicas.es\/fr\/home\/"},{"@type":"ListItem","position":2,"name":"Nettoyant neutre pour jantes"}]},{"@type":"WebSite","@id":"https:\/\/www.ecosolucionesquimicas.es\/fr\/#website","url":"https:\/\/www.ecosolucionesquimicas.es\/fr\/","name":"Ecosoluciones Qu\u00edmicas","description":"Achetez en ligne des produits d'entretien et des produits chimiques fabriqu\u00e9s par nos soins.","publisher":{"@id":"https:\/\/www.ecosolucionesquimicas.es\/fr\/#organization"},"alternateName":"EQM","potentialAction":[{"@type":"SearchAction","target":{"@type":"EntryPoint","urlTemplate":"https:\/\/www.ecosolucionesquimicas.es\/fr\/?s={search_term_string}"},"query-input":{"@type":"PropertyValueSpecification","valueRequired":true,"valueName":"search_term_string"}}],"inLanguage":"fr-FR"},{"@type":"Organization","@id":"https:\/\/www.ecosolucionesquimicas.es\/fr\/#organization","name":"Ecosoluciones Qu\u00edmicas","url":"https:\/\/www.ecosolucionesquimicas.es\/fr\/","logo":{"@type":"ImageObject","inLanguage":"fr-FR","@id":"https:\/\/www.ecosolucionesquimicas.es\/fr\/#\/schema\/logo\/image\/","url":"https:\/\/www.ecosolucionesquimicas.es\/wp-content\/uploads\/2024\/08\/LOGO-EQM-NUEVO-.png","contentUrl":"https:\/\/www.ecosolucionesquimicas.es\/wp-content\/uploads\/2024\/08\/LOGO-EQM-NUEVO-.png","width":1060,"height":456,"caption":"Ecosoluciones Qu\u00edmicas"},"image":{"@id":"https:\/\/www.ecosolucionesquimicas.es\/fr\/#\/schema\/logo\/image\/"},"sameAs":["https:\/\/www.facebook.com\/ecosolucionesquimicasmadrid\/","https:\/\/www.instagram.com\/ecosolucionesquimicas\/"],"hasMerchantReturnPolicy":{"@type":"MerchantReturnPolicy","merchantReturnLink":"https:\/\/www.ecosolucionesquimicas.es\/refund_returns\/"}}]},"product_brand":"EQM","og_availability":"instock","product_availability":"instock","product_retailer_item_id":"ECO-101","product_condition":"new"},"_links":{"self":[{"href":"https:\/\/www.ecosolucionesquimicas.es\/fr\/wp-json\/wp\/v2\/product\/11574","targetHints":{"allow":["GET"]}}],"collection":[{"href":"https:\/\/www.ecosolucionesquimicas.es\/fr\/wp-json\/wp\/v2\/product"}],"about":[{"href":"https:\/\/www.ecosolucionesquimicas.es\/fr\/wp-json\/wp\/v2\/types\/product"}],"wp:featuredmedia":[{"embeddable":true,"href":"https:\/\/www.ecosolucionesquimicas.es\/fr\/wp-json\/wp\/v2\/media\/11575"}],"wp:attachment":[{"href":"https:\/\/www.ecosolucionesquimicas.es\/fr\/wp-json\/wp\/v2\/media?parent=11574"}],"wp:term":[{"taxonomy":"product_brand","embeddable":true,"href":"https:\/\/www.ecosolucionesquimicas.es\/fr\/wp-json\/wp\/v2\/product_brand?post=11574"},{"taxonomy":"product_cat","embeddable":true,"href":"https:\/\/www.ecosolucionesquimicas.es\/fr\/wp-json\/wp\/v2\/product_cat?post=11574"},{"taxonomy":"product_tag","embeddable":true,"href":"https:\/\/www.ecosolucionesquimicas.es\/fr\/wp-json\/wp\/v2\/product_tag?post=11574"}],"curies":[{"name":"wp","href":"https:\/\/api.w.org\/{rel}","templated":true}]}}