{"id":11565,"date":"2024-02-22T13:40:01","date_gmt":"2024-02-22T12:40:01","guid":{"rendered":"https:\/\/www.ecosolucionesquimicas.es\/producto\/limpiador-acido-desincrustante-de-cemento\/"},"modified":"2025-11-20T16:56:05","modified_gmt":"2025-11-20T15:56:05","slug":"limpiador-acido-desincrustante-de-cemento","status":"publish","type":"product","link":"https:\/\/www.ecosolucionesquimicas.es\/fr\/producto\/limpiador-acido-desincrustante-de-cemento\/","title":{"rendered":"Nettoyant acide. D\u00e9tartreur de ciment"},"content":{"rendered":"<p><img fetchpriority=\"high\" decoding=\"async\" class=\"alignnone wp-image-3790\" src=\"https:\/\/www.ecosolucionesquimicas.es\/wp-content\/uploads\/2024\/02\/construction-worker-meticulously-laying-tiles-300x200.jpg\" alt=\"\" width=\"550\" height=\"367\" srcset=\"https:\/\/www.ecosolucionesquimicas.es\/wp-content\/uploads\/2024\/02\/construction-worker-meticulously-laying-tiles-300x200.jpg 300w, https:\/\/www.ecosolucionesquimicas.es\/wp-content\/uploads\/2024\/02\/construction-worker-meticulously-laying-tiles-1024x683.jpg 1024w, https:\/\/www.ecosolucionesquimicas.es\/wp-content\/uploads\/2024\/02\/construction-worker-meticulously-laying-tiles-768x512.jpg 768w, https:\/\/www.ecosolucionesquimicas.es\/wp-content\/uploads\/2024\/02\/construction-worker-meticulously-laying-tiles-1536x1024.jpg 1536w, https:\/\/www.ecosolucionesquimicas.es\/wp-content\/uploads\/2024\/02\/construction-worker-meticulously-laying-tiles-2048x1366.jpg 2048w, https:\/\/www.ecosolucionesquimicas.es\/wp-content\/uploads\/2024\/02\/construction-worker-meticulously-laying-tiles-600x400.jpg 600w\" sizes=\"(max-width: 550px) 100vw, 550px\" \/><\/p>\n<article class=\"w-full text-token-text-primary focus-visible:outline-2 focus-visible:outline-offset-[-4px]\" dir=\"auto\" data-testid=\"conversation-turn-27\" data-scroll-anchor=\"true\">\n<div class=\"text-base py-[18px] px-3 md:px-4 m-auto w-full md:px-5 lg:px-1 xl:px-5\">\n<div class=\"mx-auto flex flex-1 gap-4 text-base md:gap-5 lg:gap-6 md:max-w-3xl lg:max-w-[40rem] xl:max-w-[48rem]\">\n<div class=\"group\/conversation-turn relative flex w-full min-w-0 flex-col agent-turn\">\n<div class=\"flex-col gap-1 md:gap-3\">\n<div class=\"flex max-w-full flex-col flex-grow\">\n<div class=\"min-h-[20px] text-message flex w-full flex-col items-end gap-2 break-words [.text-message+&amp;]:mt-5 overflow-x-auto whitespace-normal\" dir=\"auto\" data-message-author-role=\"assistant\" data-message-id=\"16b05cc1-7133-466e-a8b3-c5b564ead872\">\n<div class=\"flex w-full flex-col gap-1 empty:hidden first:pt-[3px]\">\n<div class=\"markdown prose w-full break-words dark:prose-invert light\"><strong>MODE D&rsquo;EMPLOI<\/strong><\/div>\n<div><\/div>\n<div class=\"markdown prose w-full break-words dark:prose-invert light\">\ud83d\udd18 <strong>Pr\u00e9paration :<\/strong> A\u00e9rer la zone et porter un \u00e9quipement de protection.<br \/>\n\ud83d\udd18 <strong>Application :<\/strong> Appliquer le nettoyant au pinceau, au rouleau ou \u00e0 l&rsquo;\u00e9ponge.<br \/>\n\ud83d\udd18 <strong>Temps d&rsquo;action :<\/strong> Laisser agir 5 \u00e0 10 minutes, ne pas d\u00e9passer le temps.<br \/>\n\ud83d\udd18 <strong>Frotter et rincer :<\/strong> Frotter et rincer \u00e0 l&rsquo;eau pour \u00e9liminer les r\u00e9sidus.<br \/>\n\ud83d\udd18 <strong>Nettoyage :<\/strong> Laver imm\u00e9diatement les outils pour \u00e9viter la corrosion.<\/div>\n<div><\/div>\n<div class=\"markdown prose w-full break-words dark:prose-invert light\"><strong>Dilutions indicatives<\/strong>:<\/div>\n<div class=\"markdown prose w-full break-words dark:prose-invert light\">\u2714 Pour les cas extr\u00eamement sales, il pourrait \u00eatre appliqu\u00e9 pur.<br \/>\nNettoyage des r\u00e9sidus de mortier sur les carreaux de terrazzo : diluer 1:2 \u00e0 1:3 avec de l&rsquo;eau.<br \/>\nNettoyage des efflorescences sur les briques de parement : diluer 1:2 dans de l&rsquo;eau.<br \/>\nNettoyage du mortier et du ciment dans les b\u00e9tonni\u00e8res : Diluer 1:1 \u00e0 1:2 avec de l&rsquo;eau.<br \/>\nNettoyage du granit et des pierres naturelles et\/ou artificielles : Diluer 1:3 \u00e0 1:5 avec de l&rsquo;eau en fonction de la porosit\u00e9 et du type de pierre (plus de porosit\u00e9, plus de dilution).<br \/>\nSurfaces en pierre polie (marbre, c\u00e9ramique, etc.) : Diluer 1:5 \u00e0 1:6 avec de l&rsquo;eau.<br \/>\nNettoyage des r\u00e9sidus d&rsquo;huile et autres agents de d\u00e9moulage sur le b\u00e9ton lisse : Diluer 1:2 avec de l&rsquo;eau.<\/div>\n<p><strong>Recommandations :<\/strong><\/p>\n<div class=\"markdown prose w-full break-words dark:prose-invert light\">\n<p><strong>Ne pas m\u00e9langer avec d&rsquo;autres produits<\/strong>: \u00c9vite de m\u00e9langer le nettoyant acide avec d&rsquo;autres produits de nettoyage, en particulier ceux qui contiennent de l&rsquo;ammoniaque, car cela peut g\u00e9n\u00e9rer des fum\u00e9es toxiques dangereuses.<br \/>\n<strong>\u2757Manipulation sans danger<\/strong>: Si le produit entre en contact avec la peau ou les yeux, rince imm\u00e9diatement et abondamment avec de l&rsquo;eau et consulte un m\u00e9decin si n\u00e9cessaire.<\/p>\n<\/div>\n<\/div>\n<\/div>\n<\/div>\n<\/div>\n<\/div>\n<\/div>\n<\/div>\n<\/article>\n","protected":false},"excerpt":{"rendered":"<p><strong> ECO-803 \u00c9LIMINE EFFICACEMENT LES R\u00c9SIDUS DE CIMENT ET DE MIN\u00c9RAUX.<\/strong> Con\u00e7u pour dissoudre et \u00e9liminer les r\u00e9sidus de ciment, le mortier et les incrustations min\u00e9rales, laissant les surfaces propres et sans r\u00e9sidus.<\/p>\n<p><strong> CONVIENT \u00c0 UNE GRANDE VARI\u00c9T\u00c9 DE SURFACES TELLES QUE LES CARREAUX, LES BRIQUES, LES PAV\u00c9S ET LES OUTILS DE CONSTRUCTION.<\/strong> Il facilite le nettoyage dans les nouveaux projets de construction comme dans les r\u00e9novations, ce qui le rend id\u00e9al pour diff\u00e9rents types de travaux.<\/p>\n<p><strong> FORMULE ACIDE \u00c0 ACTION RAPIDE.<\/strong> Sa formule d\u00e9compose efficacement les d\u00e9p\u00f4ts durs, ce qui r\u00e9duit le temps et les efforts consacr\u00e9s au nettoyage des surfaces pr\u00e9sentant des accumulations tenaces.<\/p>\n<p><strong> HAUTEMENT CORROSIF, N\u00c9CESSITE UNE PROTECTION.<\/strong> Il est indispensable de porter des gants, des lunettes et un masque, de travailler dans des endroits ventil\u00e9s et de rincer abondamment apr\u00e8s utilisation pour \u00e9viter tout dommage.<\/p>\n<p>\u2705 <strong>FORMAT DE 5 ET 20 LITRES.<\/strong><\/p>\n<p><strong>\u26ab<\/strong><strong> N\u00b0 de r\u00e9f. : ECO-803<\/strong><\/p>\n","protected":false},"featured_media":11566,"template":"","meta":[],"product_brand":[225],"product_cat":[487],"product_tag":[490,489,488],"class_list":{"0":"post-11565","1":"product","2":"type-product","3":"status-publish","4":"has-post-thumbnail","6":"product_brand-eqm","7":"product_cat-quimicos","8":"product_tag-calcareo","9":"product_tag-cemento","10":"product_tag-desincrustante","12":"first","13":"instock","14":"taxable","15":"shipping-taxable","16":"purchasable","17":"product-type-variable"},"acf":[],"yoast_head":"<!-- This site is optimized with the Yoast SEO Premium plugin v27.1 (Yoast SEO v27.4) - https:\/\/yoast.com\/product\/yoast-seo-premium-wordpress\/ -->\n<title>Nettoyant acide. D\u00e9tartreur de ciment - Ecosoluciones Qu\u00edmicas<\/title>\n<meta name=\"robots\" content=\"index, follow, max-snippet:-1, max-image-preview:large, max-video-preview:-1\" \/>\n<link rel=\"canonical\" href=\"https:\/\/www.ecosolucionesquimicas.es\/fr\/producto\/limpiador-acido-desincrustante-de-cemento\/\" \/>\n<meta property=\"og:locale\" content=\"fr_FR\" \/>\n<meta property=\"og:type\" content=\"article\" \/>\n<meta property=\"og:title\" content=\"Nettoyant acide. D\u00e9tartreur de ciment\" \/>\n<meta property=\"og:description\" content=\"ECO-803 \u00c9LIMINE EFFICACEMENT LES R\u00c9SIDUS DE CIMENT ET DE MIN\u00c9RAUX. Con\u00e7u pour dissoudre et \u00e9liminer les r\u00e9sidus de ciment, le mortier et les incrustations min\u00e9rales, laissant les surfaces propres et sans r\u00e9sidus.  CONVIENT \u00c0 UNE GRANDE VARI\u00c9T\u00c9 DE SURFACES TELLES QUE LES CARREAUX, LES BRIQUES, LES PAV\u00c9S ET LES OUTILS DE CONSTRUCTION. Il facilite le nettoyage dans les nouveaux projets de construction comme dans les r\u00e9novations, ce qui le rend id\u00e9al pour diff\u00e9rents types de travaux.  FORMULE ACIDE \u00c0 ACTION RAPIDE. Sa formule d\u00e9compose efficacement les d\u00e9p\u00f4ts durs, ce qui r\u00e9duit le temps et les efforts consacr\u00e9s au nettoyage des surfaces pr\u00e9sentant des accumulations tenaces.  HAUTEMENT CORROSIF, N\u00c9CESSITE UNE PROTECTION. Il est indispensable de porter des gants, des lunettes et un masque, de travailler dans des endroits ventil\u00e9s et de rincer abondamment apr\u00e8s utilisation pour \u00e9viter tout dommage. \u2705 FORMAT DE 5 ET 20 LITRES. \u26ab N\u00b0 de r\u00e9f. : ECO-803\" \/>\n<meta property=\"og:url\" content=\"https:\/\/www.ecosolucionesquimicas.es\/fr\/producto\/limpiador-acido-desincrustante-de-cemento\/\" \/>\n<meta property=\"og:site_name\" content=\"Ecosoluciones Qu\u00edmicas\" \/>\n<meta property=\"article:publisher\" content=\"https:\/\/www.facebook.com\/ecosolucionesquimicasmadrid\/\" \/>\n<meta property=\"article:modified_time\" content=\"2025-11-20T15:56:05+00:00\" \/>\n<meta property=\"og:image\" content=\"https:\/\/www.ecosolucionesquimicas.es\/wp-content\/uploads\/2024\/02\/ECO-803-5L-scaled.jpg\" \/>\n\t<meta property=\"og:image:width\" content=\"2350\" \/>\n\t<meta property=\"og:image:height\" content=\"2560\" \/>\n\t<meta property=\"og:image:type\" content=\"image\/jpeg\" \/>\n<meta name=\"twitter:card\" content=\"summary_large_image\" \/>\n<meta name=\"twitter:label1\" content=\"Disponibilit\u00e9\" \/>\n\t<meta name=\"twitter:data1\" content=\"En stock\" \/>\n<script type=\"application\/ld+json\" class=\"yoast-schema-graph\">{\"@context\":\"https:\\\/\\\/schema.org\",\"@graph\":[{\"@type\":\"WebPage\",\"@id\":\"https:\\\/\\\/www.ecosolucionesquimicas.es\\\/fr\\\/producto\\\/limpiador-acido-desincrustante-de-cemento\\\/\",\"url\":\"https:\\\/\\\/www.ecosolucionesquimicas.es\\\/fr\\\/producto\\\/limpiador-acido-desincrustante-de-cemento\\\/\",\"name\":\"Nettoyant acide. D\u00e9tartreur de ciment - Ecosoluciones Qu\u00edmicas\",\"isPartOf\":{\"@id\":\"https:\\\/\\\/www.ecosolucionesquimicas.es\\\/fr\\\/#website\"},\"primaryImageOfPage\":{\"@id\":\"https:\\\/\\\/www.ecosolucionesquimicas.es\\\/fr\\\/producto\\\/limpiador-acido-desincrustante-de-cemento\\\/#primaryimage\"},\"image\":{\"@id\":\"https:\\\/\\\/www.ecosolucionesquimicas.es\\\/fr\\\/producto\\\/limpiador-acido-desincrustante-de-cemento\\\/#primaryimage\"},\"thumbnailUrl\":\"https:\\\/\\\/www.ecosolucionesquimicas.es\\\/wp-content\\\/uploads\\\/2024\\\/02\\\/ECO-803-5L-scaled.jpg\",\"datePublished\":\"2024-02-22T12:40:01+00:00\",\"dateModified\":\"2025-11-20T15:56:05+00:00\",\"breadcrumb\":{\"@id\":\"https:\\\/\\\/www.ecosolucionesquimicas.es\\\/fr\\\/producto\\\/limpiador-acido-desincrustante-de-cemento\\\/#breadcrumb\"},\"inLanguage\":\"fr-FR\",\"potentialAction\":[{\"@type\":\"ReadAction\",\"target\":[\"https:\\\/\\\/www.ecosolucionesquimicas.es\\\/fr\\\/producto\\\/limpiador-acido-desincrustante-de-cemento\\\/\"]}]},{\"@type\":\"ImageObject\",\"inLanguage\":\"fr-FR\",\"@id\":\"https:\\\/\\\/www.ecosolucionesquimicas.es\\\/fr\\\/producto\\\/limpiador-acido-desincrustante-de-cemento\\\/#primaryimage\",\"url\":\"https:\\\/\\\/www.ecosolucionesquimicas.es\\\/wp-content\\\/uploads\\\/2024\\\/02\\\/ECO-803-5L-scaled.jpg\",\"contentUrl\":\"https:\\\/\\\/www.ecosolucionesquimicas.es\\\/wp-content\\\/uploads\\\/2024\\\/02\\\/ECO-803-5L-scaled.jpg\",\"width\":2350,\"height\":2560},{\"@type\":\"BreadcrumbList\",\"@id\":\"https:\\\/\\\/www.ecosolucionesquimicas.es\\\/fr\\\/producto\\\/limpiador-acido-desincrustante-de-cemento\\\/#breadcrumb\",\"itemListElement\":[{\"@type\":\"ListItem\",\"position\":1,\"name\":\"Portada\",\"item\":\"https:\\\/\\\/www.ecosolucionesquimicas.es\\\/fr\\\/home\\\/\"},{\"@type\":\"ListItem\",\"position\":2,\"name\":\"Nettoyant acide. D\u00e9tartreur de ciment\"}]},{\"@type\":\"WebSite\",\"@id\":\"https:\\\/\\\/www.ecosolucionesquimicas.es\\\/fr\\\/#website\",\"url\":\"https:\\\/\\\/www.ecosolucionesquimicas.es\\\/fr\\\/\",\"name\":\"Ecosoluciones Qu\u00edmicas\",\"description\":\"Achetez en ligne des produits d'entretien et des produits chimiques fabriqu\u00e9s par nos soins.\",\"publisher\":{\"@id\":\"https:\\\/\\\/www.ecosolucionesquimicas.es\\\/fr\\\/#organization\"},\"alternateName\":\"EQM\",\"potentialAction\":[{\"@type\":\"SearchAction\",\"target\":{\"@type\":\"EntryPoint\",\"urlTemplate\":\"https:\\\/\\\/www.ecosolucionesquimicas.es\\\/fr\\\/?s={search_term_string}\"},\"query-input\":{\"@type\":\"PropertyValueSpecification\",\"valueRequired\":true,\"valueName\":\"search_term_string\"}}],\"inLanguage\":\"fr-FR\"},{\"@type\":\"Organization\",\"@id\":\"https:\\\/\\\/www.ecosolucionesquimicas.es\\\/fr\\\/#organization\",\"name\":\"Ecosoluciones Qu\u00edmicas\",\"url\":\"https:\\\/\\\/www.ecosolucionesquimicas.es\\\/fr\\\/\",\"logo\":{\"@type\":\"ImageObject\",\"inLanguage\":\"fr-FR\",\"@id\":\"https:\\\/\\\/www.ecosolucionesquimicas.es\\\/fr\\\/#\\\/schema\\\/logo\\\/image\\\/\",\"url\":\"https:\\\/\\\/www.ecosolucionesquimicas.es\\\/wp-content\\\/uploads\\\/2024\\\/08\\\/LOGO-EQM-NUEVO-.png\",\"contentUrl\":\"https:\\\/\\\/www.ecosolucionesquimicas.es\\\/wp-content\\\/uploads\\\/2024\\\/08\\\/LOGO-EQM-NUEVO-.png\",\"width\":1060,\"height\":456,\"caption\":\"Ecosoluciones Qu\u00edmicas\"},\"image\":{\"@id\":\"https:\\\/\\\/www.ecosolucionesquimicas.es\\\/fr\\\/#\\\/schema\\\/logo\\\/image\\\/\"},\"sameAs\":[\"https:\\\/\\\/www.facebook.com\\\/ecosolucionesquimicasmadrid\\\/\",\"https:\\\/\\\/www.instagram.com\\\/ecosolucionesquimicas\\\/\"],\"hasMerchantReturnPolicy\":{\"@type\":\"MerchantReturnPolicy\",\"merchantReturnLink\":\"https:\\\/\\\/www.ecosolucionesquimicas.es\\\/refund_returns\\\/\"}}]}<\/script>\n<meta property=\"product:brand\" content=\"EQM\" \/>\n<meta property=\"og:availability\" content=\"instock\" \/>\n<meta property=\"product:availability\" content=\"instock\" \/>\n<meta property=\"product:retailer_item_id\" content=\"ECO-803\" \/>\n<meta property=\"product:condition\" content=\"new\" \/>\n<!-- \/ Yoast SEO Premium plugin. -->","yoast_head_json":{"title":"Nettoyant acide. D\u00e9tartreur de ciment - Ecosoluciones Qu\u00edmicas","robots":{"index":"index","follow":"follow","max-snippet":"max-snippet:-1","max-image-preview":"max-image-preview:large","max-video-preview":"max-video-preview:-1"},"canonical":"https:\/\/www.ecosolucionesquimicas.es\/fr\/producto\/limpiador-acido-desincrustante-de-cemento\/","og_locale":"fr_FR","og_type":"article","og_title":"Nettoyant acide. D\u00e9tartreur de ciment","og_description":"ECO-803 \u00c9LIMINE EFFICACEMENT LES R\u00c9SIDUS DE CIMENT ET DE MIN\u00c9RAUX. Con\u00e7u pour dissoudre et \u00e9liminer les r\u00e9sidus de ciment, le mortier et les incrustations min\u00e9rales, laissant les surfaces propres et sans r\u00e9sidus.  CONVIENT \u00c0 UNE GRANDE VARI\u00c9T\u00c9 DE SURFACES TELLES QUE LES CARREAUX, LES BRIQUES, LES PAV\u00c9S ET LES OUTILS DE CONSTRUCTION. Il facilite le nettoyage dans les nouveaux projets de construction comme dans les r\u00e9novations, ce qui le rend id\u00e9al pour diff\u00e9rents types de travaux.  FORMULE ACIDE \u00c0 ACTION RAPIDE. Sa formule d\u00e9compose efficacement les d\u00e9p\u00f4ts durs, ce qui r\u00e9duit le temps et les efforts consacr\u00e9s au nettoyage des surfaces pr\u00e9sentant des accumulations tenaces.  HAUTEMENT CORROSIF, N\u00c9CESSITE UNE PROTECTION. Il est indispensable de porter des gants, des lunettes et un masque, de travailler dans des endroits ventil\u00e9s et de rincer abondamment apr\u00e8s utilisation pour \u00e9viter tout dommage. \u2705 FORMAT DE 5 ET 20 LITRES. \u26ab N\u00b0 de r\u00e9f. : ECO-803","og_url":"https:\/\/www.ecosolucionesquimicas.es\/fr\/producto\/limpiador-acido-desincrustante-de-cemento\/","og_site_name":"Ecosoluciones Qu\u00edmicas","article_publisher":"https:\/\/www.facebook.com\/ecosolucionesquimicasmadrid\/","article_modified_time":"2025-11-20T15:56:05+00:00","og_image":[{"width":2350,"height":2560,"url":"https:\/\/www.ecosolucionesquimicas.es\/wp-content\/uploads\/2024\/02\/ECO-803-5L-scaled.jpg","type":"image\/jpeg"}],"twitter_card":"summary_large_image","twitter_misc":{"Disponibilit\u00e9":"En stock"},"schema":{"@context":"https:\/\/schema.org","@graph":[{"@type":"WebPage","@id":"https:\/\/www.ecosolucionesquimicas.es\/fr\/producto\/limpiador-acido-desincrustante-de-cemento\/","url":"https:\/\/www.ecosolucionesquimicas.es\/fr\/producto\/limpiador-acido-desincrustante-de-cemento\/","name":"Nettoyant acide. D\u00e9tartreur de ciment - Ecosoluciones Qu\u00edmicas","isPartOf":{"@id":"https:\/\/www.ecosolucionesquimicas.es\/fr\/#website"},"primaryImageOfPage":{"@id":"https:\/\/www.ecosolucionesquimicas.es\/fr\/producto\/limpiador-acido-desincrustante-de-cemento\/#primaryimage"},"image":{"@id":"https:\/\/www.ecosolucionesquimicas.es\/fr\/producto\/limpiador-acido-desincrustante-de-cemento\/#primaryimage"},"thumbnailUrl":"https:\/\/www.ecosolucionesquimicas.es\/wp-content\/uploads\/2024\/02\/ECO-803-5L-scaled.jpg","datePublished":"2024-02-22T12:40:01+00:00","dateModified":"2025-11-20T15:56:05+00:00","breadcrumb":{"@id":"https:\/\/www.ecosolucionesquimicas.es\/fr\/producto\/limpiador-acido-desincrustante-de-cemento\/#breadcrumb"},"inLanguage":"fr-FR","potentialAction":[{"@type":"ReadAction","target":["https:\/\/www.ecosolucionesquimicas.es\/fr\/producto\/limpiador-acido-desincrustante-de-cemento\/"]}]},{"@type":"ImageObject","inLanguage":"fr-FR","@id":"https:\/\/www.ecosolucionesquimicas.es\/fr\/producto\/limpiador-acido-desincrustante-de-cemento\/#primaryimage","url":"https:\/\/www.ecosolucionesquimicas.es\/wp-content\/uploads\/2024\/02\/ECO-803-5L-scaled.jpg","contentUrl":"https:\/\/www.ecosolucionesquimicas.es\/wp-content\/uploads\/2024\/02\/ECO-803-5L-scaled.jpg","width":2350,"height":2560},{"@type":"BreadcrumbList","@id":"https:\/\/www.ecosolucionesquimicas.es\/fr\/producto\/limpiador-acido-desincrustante-de-cemento\/#breadcrumb","itemListElement":[{"@type":"ListItem","position":1,"name":"Portada","item":"https:\/\/www.ecosolucionesquimicas.es\/fr\/home\/"},{"@type":"ListItem","position":2,"name":"Nettoyant acide. D\u00e9tartreur de ciment"}]},{"@type":"WebSite","@id":"https:\/\/www.ecosolucionesquimicas.es\/fr\/#website","url":"https:\/\/www.ecosolucionesquimicas.es\/fr\/","name":"Ecosoluciones Qu\u00edmicas","description":"Achetez en ligne des produits d'entretien et des produits chimiques fabriqu\u00e9s par nos soins.","publisher":{"@id":"https:\/\/www.ecosolucionesquimicas.es\/fr\/#organization"},"alternateName":"EQM","potentialAction":[{"@type":"SearchAction","target":{"@type":"EntryPoint","urlTemplate":"https:\/\/www.ecosolucionesquimicas.es\/fr\/?s={search_term_string}"},"query-input":{"@type":"PropertyValueSpecification","valueRequired":true,"valueName":"search_term_string"}}],"inLanguage":"fr-FR"},{"@type":"Organization","@id":"https:\/\/www.ecosolucionesquimicas.es\/fr\/#organization","name":"Ecosoluciones Qu\u00edmicas","url":"https:\/\/www.ecosolucionesquimicas.es\/fr\/","logo":{"@type":"ImageObject","inLanguage":"fr-FR","@id":"https:\/\/www.ecosolucionesquimicas.es\/fr\/#\/schema\/logo\/image\/","url":"https:\/\/www.ecosolucionesquimicas.es\/wp-content\/uploads\/2024\/08\/LOGO-EQM-NUEVO-.png","contentUrl":"https:\/\/www.ecosolucionesquimicas.es\/wp-content\/uploads\/2024\/08\/LOGO-EQM-NUEVO-.png","width":1060,"height":456,"caption":"Ecosoluciones Qu\u00edmicas"},"image":{"@id":"https:\/\/www.ecosolucionesquimicas.es\/fr\/#\/schema\/logo\/image\/"},"sameAs":["https:\/\/www.facebook.com\/ecosolucionesquimicasmadrid\/","https:\/\/www.instagram.com\/ecosolucionesquimicas\/"],"hasMerchantReturnPolicy":{"@type":"MerchantReturnPolicy","merchantReturnLink":"https:\/\/www.ecosolucionesquimicas.es\/refund_returns\/"}}]},"product_brand":"EQM","og_availability":"instock","product_availability":"instock","product_retailer_item_id":"ECO-803","product_condition":"new"},"_links":{"self":[{"href":"https:\/\/www.ecosolucionesquimicas.es\/fr\/wp-json\/wp\/v2\/product\/11565","targetHints":{"allow":["GET"]}}],"collection":[{"href":"https:\/\/www.ecosolucionesquimicas.es\/fr\/wp-json\/wp\/v2\/product"}],"about":[{"href":"https:\/\/www.ecosolucionesquimicas.es\/fr\/wp-json\/wp\/v2\/types\/product"}],"wp:featuredmedia":[{"embeddable":true,"href":"https:\/\/www.ecosolucionesquimicas.es\/fr\/wp-json\/wp\/v2\/media\/11566"}],"wp:attachment":[{"href":"https:\/\/www.ecosolucionesquimicas.es\/fr\/wp-json\/wp\/v2\/media?parent=11565"}],"wp:term":[{"taxonomy":"product_brand","embeddable":true,"href":"https:\/\/www.ecosolucionesquimicas.es\/fr\/wp-json\/wp\/v2\/product_brand?post=11565"},{"taxonomy":"product_cat","embeddable":true,"href":"https:\/\/www.ecosolucionesquimicas.es\/fr\/wp-json\/wp\/v2\/product_cat?post=11565"},{"taxonomy":"product_tag","embeddable":true,"href":"https:\/\/www.ecosolucionesquimicas.es\/fr\/wp-json\/wp\/v2\/product_tag?post=11565"}],"curies":[{"name":"wp","href":"https:\/\/api.w.org\/{rel}","templated":true}]}}