{"id":11547,"date":"2024-02-22T13:40:01","date_gmt":"2024-02-22T12:40:01","guid":{"rendered":"https:\/\/www.ecosolucionesquimicas.es\/producto\/abrillantador-de-neumaticos\/"},"modified":"2025-11-20T16:56:36","modified_gmt":"2025-11-20T15:56:36","slug":"abrillantador-de-neumaticos","status":"publish","type":"product","link":"https:\/\/www.ecosolucionesquimicas.es\/fr\/producto\/abrillantador-de-neumaticos\/","title":{"rendered":"Polisseuse de pneus"},"content":{"rendered":"<p><img fetchpriority=\"high\" decoding=\"async\" class=\"alignnone wp-image-2113\" src=\"https:\/\/www.ecosolucionesquimicas.es\/wp-content\/uploads\/2024\/02\/Abrillantador-neumaticos-foto-descripcion-300x198.png\" alt=\"\" width=\"550\" height=\"363\" srcset=\"https:\/\/www.ecosolucionesquimicas.es\/wp-content\/uploads\/2024\/02\/Abrillantador-neumaticos-foto-descripcion-300x198.png 300w, https:\/\/www.ecosolucionesquimicas.es\/wp-content\/uploads\/2024\/02\/Abrillantador-neumaticos-foto-descripcion-768x507.png 768w, https:\/\/www.ecosolucionesquimicas.es\/wp-content\/uploads\/2024\/02\/Abrillantador-neumaticos-foto-descripcion-600x396.png 600w, https:\/\/www.ecosolucionesquimicas.es\/wp-content\/uploads\/2024\/02\/Abrillantador-neumaticos-foto-descripcion.png 966w\" sizes=\"(max-width: 550px) 100vw, 550px\" \/><\/p>\n<p><strong>MODE D&rsquo;EMPLOI<\/strong><\/p>\n<p><strong>Pr\u00e9-nettoyage<\/strong>: S&rsquo;assurer que la surface est propre et s\u00e8che.<br \/>\n\ud83d\udd18 <strong>Appliquer le produit<\/strong>: D\u00e9poser une petite quantit\u00e9 sur une \u00e9ponge ou un chiffon.<br \/>\n\ud83d\udd18 <strong>R\u00e9partir : \u00c9tendre<\/strong> le produit uniform\u00e9ment sur les plastiques ou les caoutchoucs.<br \/>\n\ud83d\udd18 <strong>S\u00e9chage<\/strong>: Laisser absorber et s\u00e9cher sans rincer. Appliquer une deuxi\u00e8me couche si l&rsquo;on souhaite plus de brillance. <\/p>\n<p><strong>Recommandations :<\/strong><\/p>\n<div class=\"group\/conversation-turn relative flex w-full min-w-0 flex-col agent-turn\">\n<div class=\"flex-col gap-1 md:gap-3\">\n<div class=\"flex max-w-full flex-col flex-grow\">\n<div class=\"min-h-[20px] text-message flex w-full flex-col items-end gap-2 whitespace-normal break-words [.text-message+&amp;]:mt-5\" dir=\"auto\" data-message-author-role=\"assistant\" data-message-id=\"aabfb1f0-c09a-45ae-b24e-23cfd3f9c12a\">\n<div class=\"flex w-full flex-col gap-1 empty:hidden first:pt-[3px]\">\n<div class=\"markdown prose w-full break-words dark:prose-invert light\">\n<p>\u2757 <strong>N&rsquo;en fais pas trop :<\/strong> N&rsquo;utilise que la quantit\u00e9 n\u00e9cessaire ; une application excessive peut prolonger le s\u00e9chage.<br \/>\n\u2757 <strong>Prot\u00e8ge contre les agents ext\u00e9rieurs :<\/strong> ECO-110 prot\u00e8ge les v\u00e9hicules contre les dommages caus\u00e9s par le soleil, la pluie et les intemp\u00e9ries.<\/p>\n<\/div>\n<\/div>\n<\/div>\n<\/div>\n<\/div>\n<\/div>\n","protected":false},"excerpt":{"rendered":"<p><strong>ECO-110 offre une protection sup\u00e9rieure aux joints d&rsquo;\u00e9tanch\u00e9it\u00e9, aux plastiques et aux caoutchoucs<\/strong> des <strong>v\u00e9hicules, leur<\/strong> permettant de conserver leur souplesse et leur \u00e9lasticit\u00e9. Il est id\u00e9al pour les pneus et les plastiques ext\u00e9rieurs, offrant un soin complet et durable. Cela permet de s&rsquo;assurer que les pi\u00e8ces ne se d\u00e9t\u00e9riorent pas au fil du temps ou de l&rsquo;utilisation.  <\/p>\n<p><strong>RESTAURE ET REVITALISE LES PLASTIQUES ET LES CAOUTCHOUCS<\/strong>. En leur redonnant leur aspect d&rsquo;origine, \u00e0 l&rsquo;int\u00e9rieur comme \u00e0 l&rsquo;ext\u00e9rieur de la voiture ou de la moto. En vieillissant, ces mat\u00e9riaux ont tendance \u00e0 se d\u00e9colorer et \u00e0 s&rsquo;user. ECO-110 leur redonne de l&rsquo;\u00e9clat, prolongeant ainsi leur dur\u00e9e de vie.   <\/p>\n<p><strong>NE LAISSE AUCUN R\u00c9SIDU NI AUCUNE TACHE APR\u00c8S L&rsquo;APPLICATION<\/strong>. Gr\u00e2ce \u00e0 sa texture particuli\u00e8re. Elle est ainsi facile \u00e0 utiliser et assure une finition impeccable. En outre, il forme une barri\u00e8re protectrice contre les facteurs environnementaux et le s\u00e9chage, ce qui permet de conserver les mat\u00e9riaux en parfait \u00e9tat.   <\/p>\n<p><strong>FORMATS DE 750 ML, 5 ET 20 LITRES.<\/strong><\/p>\n<p><strong>\u26ab<\/strong><strong> N\u00b0 de r\u00e9f. : ECO-110<\/strong><\/p>\n","protected":false},"featured_media":11548,"template":"","meta":[],"product_brand":[225],"product_cat":[424],"product_tag":[438,451,476,475],"class_list":{"0":"post-11547","1":"product","2":"type-product","3":"status-publish","4":"has-post-thumbnail","6":"product_brand-eqm","7":"product_cat-automocion","8":"product_tag-abrillantador","9":"product_tag-coche","10":"product_tag-llanta","11":"product_tag-neumatico","13":"first","14":"instock","15":"taxable","16":"shipping-taxable","17":"purchasable","18":"product-type-variable"},"acf":[],"yoast_head":"<!-- This site is optimized with the Yoast SEO Premium plugin v27.1 (Yoast SEO v27.4) - https:\/\/yoast.com\/product\/yoast-seo-premium-wordpress\/ -->\n<title>Polisseuse de pneus - Ecosoluciones Qu\u00edmicas<\/title>\n<meta name=\"robots\" content=\"index, follow, max-snippet:-1, max-image-preview:large, max-video-preview:-1\" \/>\n<link rel=\"canonical\" href=\"https:\/\/www.ecosolucionesquimicas.es\/fr\/producto\/abrillantador-de-neumaticos\/\" \/>\n<meta property=\"og:locale\" content=\"fr_FR\" \/>\n<meta property=\"og:type\" content=\"article\" \/>\n<meta property=\"og:title\" content=\"Polisseuse de pneus\" \/>\n<meta property=\"og:description\" content=\"ECO-110 offre une protection sup\u00e9rieure aux joints d&#039;\u00e9tanch\u00e9it\u00e9, aux plastiques et aux caoutchoucs des v\u00e9hicules, leur permettant de conserver leur souplesse et leur \u00e9lasticit\u00e9. Il est id\u00e9al pour les pneus et les plastiques ext\u00e9rieurs, offrant un soin complet et durable. Cela permet de s&#039;assurer que les pi\u00e8ces ne se d\u00e9t\u00e9riorent pas au fil du temps ou de l&#039;utilisation.  RESTAURE ET REVITALISE LES PLASTIQUES ET LES CAOUTCHOUCS. En leur redonnant leur aspect d&#039;origine, \u00e0 l&#039;int\u00e9rieur comme \u00e0 l&#039;ext\u00e9rieur de la voiture ou de la moto. En vieillissant, ces mat\u00e9riaux ont tendance \u00e0 se d\u00e9colorer et \u00e0 s&#039;user. ECO-110 leur redonne de l&#039;\u00e9clat, prolongeant ainsi leur dur\u00e9e de vie.   NE LAISSE AUCUN R\u00c9SIDU NI AUCUNE TACHE APR\u00c8S L&#039;APPLICATION. Gr\u00e2ce \u00e0 sa texture particuli\u00e8re. Elle est ainsi facile \u00e0 utiliser et assure une finition impeccable. En outre, il forme une barri\u00e8re protectrice contre les facteurs environnementaux et le s\u00e9chage, ce qui permet de conserver les mat\u00e9riaux en parfait \u00e9tat.   FORMATS DE 750 ML, 5 ET 20 LITRES. \u26ab N\u00b0 de r\u00e9f. : ECO-110\" \/>\n<meta property=\"og:url\" content=\"https:\/\/www.ecosolucionesquimicas.es\/fr\/producto\/abrillantador-de-neumaticos\/\" \/>\n<meta property=\"og:site_name\" content=\"Ecosoluciones Qu\u00edmicas\" \/>\n<meta property=\"article:publisher\" content=\"https:\/\/www.facebook.com\/ecosolucionesquimicasmadrid\/\" \/>\n<meta property=\"article:modified_time\" content=\"2025-11-20T15:56:36+00:00\" \/>\n<meta property=\"og:image\" content=\"https:\/\/www.ecosolucionesquimicas.es\/wp-content\/uploads\/2024\/02\/ECO-110-750ML-scaled.jpg\" \/>\n\t<meta property=\"og:image:width\" content=\"2350\" \/>\n\t<meta property=\"og:image:height\" content=\"2560\" \/>\n\t<meta property=\"og:image:type\" content=\"image\/jpeg\" \/>\n<meta name=\"twitter:card\" content=\"summary_large_image\" \/>\n<meta name=\"twitter:label1\" content=\"Disponibilit\u00e9\" \/>\n\t<meta name=\"twitter:data1\" content=\"En stock\" \/>\n<script type=\"application\/ld+json\" class=\"yoast-schema-graph\">{\"@context\":\"https:\\\/\\\/schema.org\",\"@graph\":[{\"@type\":\"WebPage\",\"@id\":\"https:\\\/\\\/www.ecosolucionesquimicas.es\\\/fr\\\/producto\\\/abrillantador-de-neumaticos\\\/\",\"url\":\"https:\\\/\\\/www.ecosolucionesquimicas.es\\\/fr\\\/producto\\\/abrillantador-de-neumaticos\\\/\",\"name\":\"Polisseuse de pneus - Ecosoluciones Qu\u00edmicas\",\"isPartOf\":{\"@id\":\"https:\\\/\\\/www.ecosolucionesquimicas.es\\\/fr\\\/#website\"},\"primaryImageOfPage\":{\"@id\":\"https:\\\/\\\/www.ecosolucionesquimicas.es\\\/fr\\\/producto\\\/abrillantador-de-neumaticos\\\/#primaryimage\"},\"image\":{\"@id\":\"https:\\\/\\\/www.ecosolucionesquimicas.es\\\/fr\\\/producto\\\/abrillantador-de-neumaticos\\\/#primaryimage\"},\"thumbnailUrl\":\"https:\\\/\\\/www.ecosolucionesquimicas.es\\\/wp-content\\\/uploads\\\/2024\\\/02\\\/ECO-110-750ML-scaled.jpg\",\"datePublished\":\"2024-02-22T12:40:01+00:00\",\"dateModified\":\"2025-11-20T15:56:36+00:00\",\"breadcrumb\":{\"@id\":\"https:\\\/\\\/www.ecosolucionesquimicas.es\\\/fr\\\/producto\\\/abrillantador-de-neumaticos\\\/#breadcrumb\"},\"inLanguage\":\"fr-FR\",\"potentialAction\":[{\"@type\":\"ReadAction\",\"target\":[\"https:\\\/\\\/www.ecosolucionesquimicas.es\\\/fr\\\/producto\\\/abrillantador-de-neumaticos\\\/\"]}]},{\"@type\":\"ImageObject\",\"inLanguage\":\"fr-FR\",\"@id\":\"https:\\\/\\\/www.ecosolucionesquimicas.es\\\/fr\\\/producto\\\/abrillantador-de-neumaticos\\\/#primaryimage\",\"url\":\"https:\\\/\\\/www.ecosolucionesquimicas.es\\\/wp-content\\\/uploads\\\/2024\\\/02\\\/ECO-110-750ML-scaled.jpg\",\"contentUrl\":\"https:\\\/\\\/www.ecosolucionesquimicas.es\\\/wp-content\\\/uploads\\\/2024\\\/02\\\/ECO-110-750ML-scaled.jpg\",\"width\":2350,\"height\":2560},{\"@type\":\"BreadcrumbList\",\"@id\":\"https:\\\/\\\/www.ecosolucionesquimicas.es\\\/fr\\\/producto\\\/abrillantador-de-neumaticos\\\/#breadcrumb\",\"itemListElement\":[{\"@type\":\"ListItem\",\"position\":1,\"name\":\"Portada\",\"item\":\"https:\\\/\\\/www.ecosolucionesquimicas.es\\\/fr\\\/home\\\/\"},{\"@type\":\"ListItem\",\"position\":2,\"name\":\"Polisseuse de pneus\"}]},{\"@type\":\"WebSite\",\"@id\":\"https:\\\/\\\/www.ecosolucionesquimicas.es\\\/fr\\\/#website\",\"url\":\"https:\\\/\\\/www.ecosolucionesquimicas.es\\\/fr\\\/\",\"name\":\"Ecosoluciones Qu\u00edmicas\",\"description\":\"Achetez en ligne des produits d'entretien et des produits chimiques fabriqu\u00e9s par nos soins.\",\"publisher\":{\"@id\":\"https:\\\/\\\/www.ecosolucionesquimicas.es\\\/fr\\\/#organization\"},\"alternateName\":\"EQM\",\"potentialAction\":[{\"@type\":\"SearchAction\",\"target\":{\"@type\":\"EntryPoint\",\"urlTemplate\":\"https:\\\/\\\/www.ecosolucionesquimicas.es\\\/fr\\\/?s={search_term_string}\"},\"query-input\":{\"@type\":\"PropertyValueSpecification\",\"valueRequired\":true,\"valueName\":\"search_term_string\"}}],\"inLanguage\":\"fr-FR\"},{\"@type\":\"Organization\",\"@id\":\"https:\\\/\\\/www.ecosolucionesquimicas.es\\\/fr\\\/#organization\",\"name\":\"Ecosoluciones Qu\u00edmicas\",\"url\":\"https:\\\/\\\/www.ecosolucionesquimicas.es\\\/fr\\\/\",\"logo\":{\"@type\":\"ImageObject\",\"inLanguage\":\"fr-FR\",\"@id\":\"https:\\\/\\\/www.ecosolucionesquimicas.es\\\/fr\\\/#\\\/schema\\\/logo\\\/image\\\/\",\"url\":\"https:\\\/\\\/www.ecosolucionesquimicas.es\\\/wp-content\\\/uploads\\\/2024\\\/08\\\/LOGO-EQM-NUEVO-.png\",\"contentUrl\":\"https:\\\/\\\/www.ecosolucionesquimicas.es\\\/wp-content\\\/uploads\\\/2024\\\/08\\\/LOGO-EQM-NUEVO-.png\",\"width\":1060,\"height\":456,\"caption\":\"Ecosoluciones Qu\u00edmicas\"},\"image\":{\"@id\":\"https:\\\/\\\/www.ecosolucionesquimicas.es\\\/fr\\\/#\\\/schema\\\/logo\\\/image\\\/\"},\"sameAs\":[\"https:\\\/\\\/www.facebook.com\\\/ecosolucionesquimicasmadrid\\\/\",\"https:\\\/\\\/www.instagram.com\\\/ecosolucionesquimicas\\\/\"],\"hasMerchantReturnPolicy\":{\"@type\":\"MerchantReturnPolicy\",\"merchantReturnLink\":\"https:\\\/\\\/www.ecosolucionesquimicas.es\\\/refund_returns\\\/\"}}]}<\/script>\n<meta property=\"product:brand\" content=\"EQM\" \/>\n<meta property=\"og:availability\" content=\"instock\" \/>\n<meta property=\"product:availability\" content=\"instock\" \/>\n<meta property=\"product:retailer_item_id\" content=\"ECO-110\" \/>\n<meta property=\"product:condition\" content=\"new\" \/>\n<!-- \/ Yoast SEO Premium plugin. -->","yoast_head_json":{"title":"Polisseuse de pneus - Ecosoluciones Qu\u00edmicas","robots":{"index":"index","follow":"follow","max-snippet":"max-snippet:-1","max-image-preview":"max-image-preview:large","max-video-preview":"max-video-preview:-1"},"canonical":"https:\/\/www.ecosolucionesquimicas.es\/fr\/producto\/abrillantador-de-neumaticos\/","og_locale":"fr_FR","og_type":"article","og_title":"Polisseuse de pneus","og_description":"ECO-110 offre une protection sup\u00e9rieure aux joints d'\u00e9tanch\u00e9it\u00e9, aux plastiques et aux caoutchoucs des v\u00e9hicules, leur permettant de conserver leur souplesse et leur \u00e9lasticit\u00e9. Il est id\u00e9al pour les pneus et les plastiques ext\u00e9rieurs, offrant un soin complet et durable. Cela permet de s'assurer que les pi\u00e8ces ne se d\u00e9t\u00e9riorent pas au fil du temps ou de l'utilisation.  RESTAURE ET REVITALISE LES PLASTIQUES ET LES CAOUTCHOUCS. En leur redonnant leur aspect d'origine, \u00e0 l'int\u00e9rieur comme \u00e0 l'ext\u00e9rieur de la voiture ou de la moto. En vieillissant, ces mat\u00e9riaux ont tendance \u00e0 se d\u00e9colorer et \u00e0 s'user. ECO-110 leur redonne de l'\u00e9clat, prolongeant ainsi leur dur\u00e9e de vie.   NE LAISSE AUCUN R\u00c9SIDU NI AUCUNE TACHE APR\u00c8S L'APPLICATION. Gr\u00e2ce \u00e0 sa texture particuli\u00e8re. Elle est ainsi facile \u00e0 utiliser et assure une finition impeccable. En outre, il forme une barri\u00e8re protectrice contre les facteurs environnementaux et le s\u00e9chage, ce qui permet de conserver les mat\u00e9riaux en parfait \u00e9tat.   FORMATS DE 750 ML, 5 ET 20 LITRES. \u26ab N\u00b0 de r\u00e9f. : ECO-110","og_url":"https:\/\/www.ecosolucionesquimicas.es\/fr\/producto\/abrillantador-de-neumaticos\/","og_site_name":"Ecosoluciones Qu\u00edmicas","article_publisher":"https:\/\/www.facebook.com\/ecosolucionesquimicasmadrid\/","article_modified_time":"2025-11-20T15:56:36+00:00","og_image":[{"width":2350,"height":2560,"url":"https:\/\/www.ecosolucionesquimicas.es\/wp-content\/uploads\/2024\/02\/ECO-110-750ML-scaled.jpg","type":"image\/jpeg"}],"twitter_card":"summary_large_image","twitter_misc":{"Disponibilit\u00e9":"En stock"},"schema":{"@context":"https:\/\/schema.org","@graph":[{"@type":"WebPage","@id":"https:\/\/www.ecosolucionesquimicas.es\/fr\/producto\/abrillantador-de-neumaticos\/","url":"https:\/\/www.ecosolucionesquimicas.es\/fr\/producto\/abrillantador-de-neumaticos\/","name":"Polisseuse de pneus - Ecosoluciones Qu\u00edmicas","isPartOf":{"@id":"https:\/\/www.ecosolucionesquimicas.es\/fr\/#website"},"primaryImageOfPage":{"@id":"https:\/\/www.ecosolucionesquimicas.es\/fr\/producto\/abrillantador-de-neumaticos\/#primaryimage"},"image":{"@id":"https:\/\/www.ecosolucionesquimicas.es\/fr\/producto\/abrillantador-de-neumaticos\/#primaryimage"},"thumbnailUrl":"https:\/\/www.ecosolucionesquimicas.es\/wp-content\/uploads\/2024\/02\/ECO-110-750ML-scaled.jpg","datePublished":"2024-02-22T12:40:01+00:00","dateModified":"2025-11-20T15:56:36+00:00","breadcrumb":{"@id":"https:\/\/www.ecosolucionesquimicas.es\/fr\/producto\/abrillantador-de-neumaticos\/#breadcrumb"},"inLanguage":"fr-FR","potentialAction":[{"@type":"ReadAction","target":["https:\/\/www.ecosolucionesquimicas.es\/fr\/producto\/abrillantador-de-neumaticos\/"]}]},{"@type":"ImageObject","inLanguage":"fr-FR","@id":"https:\/\/www.ecosolucionesquimicas.es\/fr\/producto\/abrillantador-de-neumaticos\/#primaryimage","url":"https:\/\/www.ecosolucionesquimicas.es\/wp-content\/uploads\/2024\/02\/ECO-110-750ML-scaled.jpg","contentUrl":"https:\/\/www.ecosolucionesquimicas.es\/wp-content\/uploads\/2024\/02\/ECO-110-750ML-scaled.jpg","width":2350,"height":2560},{"@type":"BreadcrumbList","@id":"https:\/\/www.ecosolucionesquimicas.es\/fr\/producto\/abrillantador-de-neumaticos\/#breadcrumb","itemListElement":[{"@type":"ListItem","position":1,"name":"Portada","item":"https:\/\/www.ecosolucionesquimicas.es\/fr\/home\/"},{"@type":"ListItem","position":2,"name":"Polisseuse de pneus"}]},{"@type":"WebSite","@id":"https:\/\/www.ecosolucionesquimicas.es\/fr\/#website","url":"https:\/\/www.ecosolucionesquimicas.es\/fr\/","name":"Ecosoluciones Qu\u00edmicas","description":"Achetez en ligne des produits d'entretien et des produits chimiques fabriqu\u00e9s par nos soins.","publisher":{"@id":"https:\/\/www.ecosolucionesquimicas.es\/fr\/#organization"},"alternateName":"EQM","potentialAction":[{"@type":"SearchAction","target":{"@type":"EntryPoint","urlTemplate":"https:\/\/www.ecosolucionesquimicas.es\/fr\/?s={search_term_string}"},"query-input":{"@type":"PropertyValueSpecification","valueRequired":true,"valueName":"search_term_string"}}],"inLanguage":"fr-FR"},{"@type":"Organization","@id":"https:\/\/www.ecosolucionesquimicas.es\/fr\/#organization","name":"Ecosoluciones Qu\u00edmicas","url":"https:\/\/www.ecosolucionesquimicas.es\/fr\/","logo":{"@type":"ImageObject","inLanguage":"fr-FR","@id":"https:\/\/www.ecosolucionesquimicas.es\/fr\/#\/schema\/logo\/image\/","url":"https:\/\/www.ecosolucionesquimicas.es\/wp-content\/uploads\/2024\/08\/LOGO-EQM-NUEVO-.png","contentUrl":"https:\/\/www.ecosolucionesquimicas.es\/wp-content\/uploads\/2024\/08\/LOGO-EQM-NUEVO-.png","width":1060,"height":456,"caption":"Ecosoluciones Qu\u00edmicas"},"image":{"@id":"https:\/\/www.ecosolucionesquimicas.es\/fr\/#\/schema\/logo\/image\/"},"sameAs":["https:\/\/www.facebook.com\/ecosolucionesquimicasmadrid\/","https:\/\/www.instagram.com\/ecosolucionesquimicas\/"],"hasMerchantReturnPolicy":{"@type":"MerchantReturnPolicy","merchantReturnLink":"https:\/\/www.ecosolucionesquimicas.es\/refund_returns\/"}}]},"product_brand":"EQM","og_availability":"instock","product_availability":"instock","product_retailer_item_id":"ECO-110","product_condition":"new"},"_links":{"self":[{"href":"https:\/\/www.ecosolucionesquimicas.es\/fr\/wp-json\/wp\/v2\/product\/11547","targetHints":{"allow":["GET"]}}],"collection":[{"href":"https:\/\/www.ecosolucionesquimicas.es\/fr\/wp-json\/wp\/v2\/product"}],"about":[{"href":"https:\/\/www.ecosolucionesquimicas.es\/fr\/wp-json\/wp\/v2\/types\/product"}],"wp:featuredmedia":[{"embeddable":true,"href":"https:\/\/www.ecosolucionesquimicas.es\/fr\/wp-json\/wp\/v2\/media\/11548"}],"wp:attachment":[{"href":"https:\/\/www.ecosolucionesquimicas.es\/fr\/wp-json\/wp\/v2\/media?parent=11547"}],"wp:term":[{"taxonomy":"product_brand","embeddable":true,"href":"https:\/\/www.ecosolucionesquimicas.es\/fr\/wp-json\/wp\/v2\/product_brand?post=11547"},{"taxonomy":"product_cat","embeddable":true,"href":"https:\/\/www.ecosolucionesquimicas.es\/fr\/wp-json\/wp\/v2\/product_cat?post=11547"},{"taxonomy":"product_tag","embeddable":true,"href":"https:\/\/www.ecosolucionesquimicas.es\/fr\/wp-json\/wp\/v2\/product_tag?post=11547"}],"curies":[{"name":"wp","href":"https:\/\/api.w.org\/{rel}","templated":true}]}}