{"id":11538,"date":"2024-02-22T13:40:01","date_gmt":"2024-02-22T12:40:01","guid":{"rendered":"https:\/\/www.ecosolucionesquimicas.es\/producto\/desengrasante-multiusos-neutro\/"},"modified":"2025-12-15T19:20:38","modified_gmt":"2025-12-15T18:20:38","slug":"desengrasante-multiusos-neutro","status":"publish","type":"product","link":"https:\/\/www.ecosolucionesquimicas.es\/fr\/producto\/desengrasante-multiusos-neutro\/","title":{"rendered":"D\u00e9graissant neutre multi-usages"},"content":{"rendered":"<p><img fetchpriority=\"high\" decoding=\"async\" class=\"alignnone wp-image-3075\" src=\"https:\/\/www.ecosolucionesquimicas.es\/wp-content\/uploads\/2024\/02\/A_sparkling_clean_kitchen_with_modern_appliances_a-1-300x171.jpg\" alt=\"\" width=\"550\" height=\"314\" srcset=\"https:\/\/www.ecosolucionesquimicas.es\/wp-content\/uploads\/2024\/02\/A_sparkling_clean_kitchen_with_modern_appliances_a-1-300x171.jpg 300w, https:\/\/www.ecosolucionesquimicas.es\/wp-content\/uploads\/2024\/02\/A_sparkling_clean_kitchen_with_modern_appliances_a-1-1024x585.jpg 1024w, https:\/\/www.ecosolucionesquimicas.es\/wp-content\/uploads\/2024\/02\/A_sparkling_clean_kitchen_with_modern_appliances_a-1-768x439.jpg 768w, https:\/\/www.ecosolucionesquimicas.es\/wp-content\/uploads\/2024\/02\/A_sparkling_clean_kitchen_with_modern_appliances_a-1-1536x878.jpg 1536w, https:\/\/www.ecosolucionesquimicas.es\/wp-content\/uploads\/2024\/02\/A_sparkling_clean_kitchen_with_modern_appliances_a-1-600x343.jpg 600w, https:\/\/www.ecosolucionesquimicas.es\/wp-content\/uploads\/2024\/02\/A_sparkling_clean_kitchen_with_modern_appliances_a-1.jpg 1792w\" sizes=\"(max-width: 550px) 100vw, 550px\" \/><\/p>\n<p><strong>MODE D&rsquo;EMPLOI<\/strong><\/p>\n<p><strong>Application :<\/strong> appliquer le d\u00e9graissant non dilu\u00e9 sur la surface.<br \/>\n\ud83d\udd18 <strong>Temps d&rsquo;action :<\/strong> laisser agir quelques minutes pour d\u00e9composer la salet\u00e9.<br \/>\n\ud83d\udd18 <strong>Rin\u00e7age :<\/strong> enlever le produit avec un chiffon humide, en veillant \u00e0 le nettoyer en profondeur.<\/p>\n<p><strong>Applications courantes :<\/strong> Ce d\u00e9graissant neutre est polyvalent et peut \u00eatre utilis\u00e9 sans danger sur diverses surfaces :<br \/>\n\u2714 <strong>M\u00e9taux :<\/strong> Id\u00e9al pour les outils et les machines, n&rsquo;endommage pas et ne corrode pas.<br \/>\n\u2714 <strong>B\u00e9ton :<\/strong> Nettoie sans affecter la durabilit\u00e9 des sols et des structures.<br \/>\n\u2714 <strong>Verre et porcelaine :<\/strong> Laisse les surfaces propres et sans traces.<br \/>\n\u2714 <strong>Bois et plastiques :<\/strong> Sans danger pour le bois et les plastiques, sans les d\u00e9colorer ni les ab\u00eemer.<\/p>\n","protected":false},"excerpt":{"rendered":"<p><strong>D\u00c9GRAISSANT NEUTRE, EXEMPT DE PRODUITS CAUSTIQUES AGRESSIFS.<\/strong> Cela en fait un choix s\u00fbr et efficace pour nettoyer n&rsquo;importe quelle surface sans risquer de l&rsquo;endommager. Sa composition pr\u00e9vient la corrosion ou l&rsquo;usure, ce qui permet de l&rsquo;utiliser sur une large gamme de mat\u00e9riaux. <\/p>\n<p><strong>ECO-111 \u00c9LIMINE LA GRAISSE ET LA SALET\u00c9 GR\u00c2CE \u00c0 SON FORT POUVOIR MOUILLANT, \u00c9MULSIFIANT ET SOLVANT.<\/strong> Il laisse les surfaces compl\u00e8tement propres. Son action en profondeur assure une \u00e9limination efficace des r\u00e9sidus tenaces, ce qui permet d&rsquo;obtenir une finition impeccable. <\/p>\n<p>\u2705 <strong>EST ID\u00c9AL POUR LE NETTOYAGE COMPLET DES CUISINES.<\/strong> Y compris les plans de travail, les plaques de cuisson, les hottes aspirantes et les fours, ainsi que les placards et les appareils tels que les friteuses. Sa polyvalence permet un nettoyage en profondeur dans tous les coins de l&rsquo;espace culinaire. <\/p>\n<p>\u2705 <strong>EST PARFAIT POUR LE NETTOYAGE COMPLET DE LA MAISON.<\/strong> Il permet de garder les stores, les climatiseurs, les radiateurs, les meubles de jardin et les barbecues en parfait \u00e9tat. ECO-111 garantit l&rsquo;\u00e9limination de la salet\u00e9, de la poussi\u00e8re et de la graisse, assurant une finition propre et brillante sur tous les types de surfaces. <\/p>\n<p><strong>\u2705<\/strong><strong> FORMAT DE <\/strong><strong>5 ET 20 LITRES.<\/strong><\/p>\n<p><strong>R\u00e9f\u00e9rence : ECO-111<\/strong><\/p>\n","protected":false},"featured_media":11539,"template":"","meta":[],"product_brand":[225],"product_cat":[413],"product_tag":[415,472,471],"class_list":{"0":"post-11538","1":"product","2":"type-product","3":"status-publish","4":"has-post-thumbnail","6":"product_brand-eqm","7":"product_cat-limpieza-profesional","8":"product_tag-desengrasante","9":"product_tag-limpieza","10":"product_tag-multiusos","12":"first","13":"instock","14":"taxable","15":"shipping-taxable","16":"purchasable","17":"product-type-variable"},"acf":[],"yoast_head":"<!-- This site is optimized with the Yoast SEO Premium plugin v27.1 (Yoast SEO v27.4) - https:\/\/yoast.com\/product\/yoast-seo-premium-wordpress\/ -->\n<title>D\u00e9graissant neutre multi-usages - Ecosoluciones Qu\u00edmicas<\/title>\n<meta name=\"robots\" content=\"index, follow, max-snippet:-1, max-image-preview:large, max-video-preview:-1\" \/>\n<link rel=\"canonical\" href=\"https:\/\/www.ecosolucionesquimicas.es\/fr\/producto\/desengrasante-multiusos-neutro\/\" \/>\n<meta property=\"og:locale\" content=\"fr_FR\" \/>\n<meta property=\"og:type\" content=\"article\" \/>\n<meta property=\"og:title\" content=\"D\u00e9graissant neutre multi-usages\" \/>\n<meta property=\"og:description\" content=\"D\u00c9GRAISSANT NEUTRE, EXEMPT DE PRODUITS CAUSTIQUES AGRESSIFS. Cela en fait un choix s\u00fbr et efficace pour nettoyer n&#039;importe quelle surface sans risquer de l&#039;endommager. Sa composition pr\u00e9vient la corrosion ou l&#039;usure, ce qui permet de l&#039;utiliser sur une large gamme de mat\u00e9riaux.  ECO-111 \u00c9LIMINE LA GRAISSE ET LA SALET\u00c9 GR\u00c2CE \u00c0 SON FORT POUVOIR MOUILLANT, \u00c9MULSIFIANT ET SOLVANT. Il laisse les surfaces compl\u00e8tement propres. Son action en profondeur assure une \u00e9limination efficace des r\u00e9sidus tenaces, ce qui permet d&#039;obtenir une finition impeccable.  \u2705 EST ID\u00c9AL POUR LE NETTOYAGE COMPLET DES CUISINES. Y compris les plans de travail, les plaques de cuisson, les hottes aspirantes et les fours, ainsi que les placards et les appareils tels que les friteuses. Sa polyvalence permet un nettoyage en profondeur dans tous les coins de l&#039;espace culinaire.  \u2705 EST PARFAIT POUR LE NETTOYAGE COMPLET DE LA MAISON. Il permet de garder les stores, les climatiseurs, les radiateurs, les meubles de jardin et les barbecues en parfait \u00e9tat. ECO-111 garantit l&#039;\u00e9limination de la salet\u00e9, de la poussi\u00e8re et de la graisse, assurant une finition propre et brillante sur tous les types de surfaces.  \u2705 FORMAT DE 5 ET 20 LITRES. R\u00e9f\u00e9rence : ECO-111\" \/>\n<meta property=\"og:url\" content=\"https:\/\/www.ecosolucionesquimicas.es\/fr\/producto\/desengrasante-multiusos-neutro\/\" \/>\n<meta property=\"og:site_name\" content=\"Ecosoluciones Qu\u00edmicas\" \/>\n<meta property=\"article:publisher\" content=\"https:\/\/www.facebook.com\/ecosolucionesquimicasmadrid\/\" \/>\n<meta property=\"article:modified_time\" content=\"2025-12-15T18:20:38+00:00\" \/>\n<meta property=\"og:image\" content=\"https:\/\/www.ecosolucionesquimicas.es\/wp-content\/uploads\/2024\/02\/ECO-111-5L-scaled.jpg\" \/>\n\t<meta property=\"og:image:width\" content=\"2350\" \/>\n\t<meta property=\"og:image:height\" content=\"2560\" \/>\n\t<meta property=\"og:image:type\" content=\"image\/jpeg\" \/>\n<meta name=\"twitter:card\" content=\"summary_large_image\" \/>\n<meta name=\"twitter:label1\" content=\"Disponibilit\u00e9\" \/>\n\t<meta name=\"twitter:data1\" content=\"En stock\" \/>\n<script type=\"application\/ld+json\" class=\"yoast-schema-graph\">{\"@context\":\"https:\\\/\\\/schema.org\",\"@graph\":[{\"@type\":\"WebPage\",\"@id\":\"https:\\\/\\\/www.ecosolucionesquimicas.es\\\/fr\\\/producto\\\/desengrasante-multiusos-neutro\\\/\",\"url\":\"https:\\\/\\\/www.ecosolucionesquimicas.es\\\/fr\\\/producto\\\/desengrasante-multiusos-neutro\\\/\",\"name\":\"D\u00e9graissant neutre multi-usages - Ecosoluciones Qu\u00edmicas\",\"isPartOf\":{\"@id\":\"https:\\\/\\\/www.ecosolucionesquimicas.es\\\/fr\\\/#website\"},\"primaryImageOfPage\":{\"@id\":\"https:\\\/\\\/www.ecosolucionesquimicas.es\\\/fr\\\/producto\\\/desengrasante-multiusos-neutro\\\/#primaryimage\"},\"image\":{\"@id\":\"https:\\\/\\\/www.ecosolucionesquimicas.es\\\/fr\\\/producto\\\/desengrasante-multiusos-neutro\\\/#primaryimage\"},\"thumbnailUrl\":\"https:\\\/\\\/www.ecosolucionesquimicas.es\\\/wp-content\\\/uploads\\\/2024\\\/02\\\/ECO-111-5L-scaled.jpg\",\"datePublished\":\"2024-02-22T12:40:01+00:00\",\"dateModified\":\"2025-12-15T18:20:38+00:00\",\"breadcrumb\":{\"@id\":\"https:\\\/\\\/www.ecosolucionesquimicas.es\\\/fr\\\/producto\\\/desengrasante-multiusos-neutro\\\/#breadcrumb\"},\"inLanguage\":\"fr-FR\",\"potentialAction\":[{\"@type\":\"ReadAction\",\"target\":[\"https:\\\/\\\/www.ecosolucionesquimicas.es\\\/fr\\\/producto\\\/desengrasante-multiusos-neutro\\\/\"]}]},{\"@type\":\"ImageObject\",\"inLanguage\":\"fr-FR\",\"@id\":\"https:\\\/\\\/www.ecosolucionesquimicas.es\\\/fr\\\/producto\\\/desengrasante-multiusos-neutro\\\/#primaryimage\",\"url\":\"https:\\\/\\\/www.ecosolucionesquimicas.es\\\/wp-content\\\/uploads\\\/2024\\\/02\\\/ECO-111-5L-scaled.jpg\",\"contentUrl\":\"https:\\\/\\\/www.ecosolucionesquimicas.es\\\/wp-content\\\/uploads\\\/2024\\\/02\\\/ECO-111-5L-scaled.jpg\",\"width\":2350,\"height\":2560},{\"@type\":\"BreadcrumbList\",\"@id\":\"https:\\\/\\\/www.ecosolucionesquimicas.es\\\/fr\\\/producto\\\/desengrasante-multiusos-neutro\\\/#breadcrumb\",\"itemListElement\":[{\"@type\":\"ListItem\",\"position\":1,\"name\":\"Portada\",\"item\":\"https:\\\/\\\/www.ecosolucionesquimicas.es\\\/fr\\\/home\\\/\"},{\"@type\":\"ListItem\",\"position\":2,\"name\":\"D\u00e9graissant neutre multi-usages\"}]},{\"@type\":\"WebSite\",\"@id\":\"https:\\\/\\\/www.ecosolucionesquimicas.es\\\/fr\\\/#website\",\"url\":\"https:\\\/\\\/www.ecosolucionesquimicas.es\\\/fr\\\/\",\"name\":\"Ecosoluciones Qu\u00edmicas\",\"description\":\"Achetez en ligne des produits d'entretien et des produits chimiques fabriqu\u00e9s par nos soins.\",\"publisher\":{\"@id\":\"https:\\\/\\\/www.ecosolucionesquimicas.es\\\/fr\\\/#organization\"},\"alternateName\":\"EQM\",\"potentialAction\":[{\"@type\":\"SearchAction\",\"target\":{\"@type\":\"EntryPoint\",\"urlTemplate\":\"https:\\\/\\\/www.ecosolucionesquimicas.es\\\/fr\\\/?s={search_term_string}\"},\"query-input\":{\"@type\":\"PropertyValueSpecification\",\"valueRequired\":true,\"valueName\":\"search_term_string\"}}],\"inLanguage\":\"fr-FR\"},{\"@type\":\"Organization\",\"@id\":\"https:\\\/\\\/www.ecosolucionesquimicas.es\\\/fr\\\/#organization\",\"name\":\"Ecosoluciones Qu\u00edmicas\",\"url\":\"https:\\\/\\\/www.ecosolucionesquimicas.es\\\/fr\\\/\",\"logo\":{\"@type\":\"ImageObject\",\"inLanguage\":\"fr-FR\",\"@id\":\"https:\\\/\\\/www.ecosolucionesquimicas.es\\\/fr\\\/#\\\/schema\\\/logo\\\/image\\\/\",\"url\":\"https:\\\/\\\/www.ecosolucionesquimicas.es\\\/wp-content\\\/uploads\\\/2024\\\/08\\\/LOGO-EQM-NUEVO-.png\",\"contentUrl\":\"https:\\\/\\\/www.ecosolucionesquimicas.es\\\/wp-content\\\/uploads\\\/2024\\\/08\\\/LOGO-EQM-NUEVO-.png\",\"width\":1060,\"height\":456,\"caption\":\"Ecosoluciones Qu\u00edmicas\"},\"image\":{\"@id\":\"https:\\\/\\\/www.ecosolucionesquimicas.es\\\/fr\\\/#\\\/schema\\\/logo\\\/image\\\/\"},\"sameAs\":[\"https:\\\/\\\/www.facebook.com\\\/ecosolucionesquimicasmadrid\\\/\",\"https:\\\/\\\/www.instagram.com\\\/ecosolucionesquimicas\\\/\"],\"hasMerchantReturnPolicy\":{\"@type\":\"MerchantReturnPolicy\",\"merchantReturnLink\":\"https:\\\/\\\/www.ecosolucionesquimicas.es\\\/refund_returns\\\/\"}}]}<\/script>\n<meta property=\"product:brand\" content=\"EQM\" \/>\n<meta property=\"og:availability\" content=\"instock\" \/>\n<meta property=\"product:availability\" content=\"instock\" \/>\n<meta property=\"product:retailer_item_id\" content=\"ECO-111\" \/>\n<meta property=\"product:condition\" content=\"new\" \/>\n<!-- \/ Yoast SEO Premium plugin. -->","yoast_head_json":{"title":"D\u00e9graissant neutre multi-usages - Ecosoluciones Qu\u00edmicas","robots":{"index":"index","follow":"follow","max-snippet":"max-snippet:-1","max-image-preview":"max-image-preview:large","max-video-preview":"max-video-preview:-1"},"canonical":"https:\/\/www.ecosolucionesquimicas.es\/fr\/producto\/desengrasante-multiusos-neutro\/","og_locale":"fr_FR","og_type":"article","og_title":"D\u00e9graissant neutre multi-usages","og_description":"D\u00c9GRAISSANT NEUTRE, EXEMPT DE PRODUITS CAUSTIQUES AGRESSIFS. Cela en fait un choix s\u00fbr et efficace pour nettoyer n'importe quelle surface sans risquer de l'endommager. Sa composition pr\u00e9vient la corrosion ou l'usure, ce qui permet de l'utiliser sur une large gamme de mat\u00e9riaux.  ECO-111 \u00c9LIMINE LA GRAISSE ET LA SALET\u00c9 GR\u00c2CE \u00c0 SON FORT POUVOIR MOUILLANT, \u00c9MULSIFIANT ET SOLVANT. Il laisse les surfaces compl\u00e8tement propres. Son action en profondeur assure une \u00e9limination efficace des r\u00e9sidus tenaces, ce qui permet d'obtenir une finition impeccable.  \u2705 EST ID\u00c9AL POUR LE NETTOYAGE COMPLET DES CUISINES. Y compris les plans de travail, les plaques de cuisson, les hottes aspirantes et les fours, ainsi que les placards et les appareils tels que les friteuses. Sa polyvalence permet un nettoyage en profondeur dans tous les coins de l'espace culinaire.  \u2705 EST PARFAIT POUR LE NETTOYAGE COMPLET DE LA MAISON. Il permet de garder les stores, les climatiseurs, les radiateurs, les meubles de jardin et les barbecues en parfait \u00e9tat. ECO-111 garantit l'\u00e9limination de la salet\u00e9, de la poussi\u00e8re et de la graisse, assurant une finition propre et brillante sur tous les types de surfaces.  \u2705 FORMAT DE 5 ET 20 LITRES. R\u00e9f\u00e9rence : ECO-111","og_url":"https:\/\/www.ecosolucionesquimicas.es\/fr\/producto\/desengrasante-multiusos-neutro\/","og_site_name":"Ecosoluciones Qu\u00edmicas","article_publisher":"https:\/\/www.facebook.com\/ecosolucionesquimicasmadrid\/","article_modified_time":"2025-12-15T18:20:38+00:00","og_image":[{"width":2350,"height":2560,"url":"https:\/\/www.ecosolucionesquimicas.es\/wp-content\/uploads\/2024\/02\/ECO-111-5L-scaled.jpg","type":"image\/jpeg"}],"twitter_card":"summary_large_image","twitter_misc":{"Disponibilit\u00e9":"En stock"},"schema":{"@context":"https:\/\/schema.org","@graph":[{"@type":"WebPage","@id":"https:\/\/www.ecosolucionesquimicas.es\/fr\/producto\/desengrasante-multiusos-neutro\/","url":"https:\/\/www.ecosolucionesquimicas.es\/fr\/producto\/desengrasante-multiusos-neutro\/","name":"D\u00e9graissant neutre multi-usages - Ecosoluciones Qu\u00edmicas","isPartOf":{"@id":"https:\/\/www.ecosolucionesquimicas.es\/fr\/#website"},"primaryImageOfPage":{"@id":"https:\/\/www.ecosolucionesquimicas.es\/fr\/producto\/desengrasante-multiusos-neutro\/#primaryimage"},"image":{"@id":"https:\/\/www.ecosolucionesquimicas.es\/fr\/producto\/desengrasante-multiusos-neutro\/#primaryimage"},"thumbnailUrl":"https:\/\/www.ecosolucionesquimicas.es\/wp-content\/uploads\/2024\/02\/ECO-111-5L-scaled.jpg","datePublished":"2024-02-22T12:40:01+00:00","dateModified":"2025-12-15T18:20:38+00:00","breadcrumb":{"@id":"https:\/\/www.ecosolucionesquimicas.es\/fr\/producto\/desengrasante-multiusos-neutro\/#breadcrumb"},"inLanguage":"fr-FR","potentialAction":[{"@type":"ReadAction","target":["https:\/\/www.ecosolucionesquimicas.es\/fr\/producto\/desengrasante-multiusos-neutro\/"]}]},{"@type":"ImageObject","inLanguage":"fr-FR","@id":"https:\/\/www.ecosolucionesquimicas.es\/fr\/producto\/desengrasante-multiusos-neutro\/#primaryimage","url":"https:\/\/www.ecosolucionesquimicas.es\/wp-content\/uploads\/2024\/02\/ECO-111-5L-scaled.jpg","contentUrl":"https:\/\/www.ecosolucionesquimicas.es\/wp-content\/uploads\/2024\/02\/ECO-111-5L-scaled.jpg","width":2350,"height":2560},{"@type":"BreadcrumbList","@id":"https:\/\/www.ecosolucionesquimicas.es\/fr\/producto\/desengrasante-multiusos-neutro\/#breadcrumb","itemListElement":[{"@type":"ListItem","position":1,"name":"Portada","item":"https:\/\/www.ecosolucionesquimicas.es\/fr\/home\/"},{"@type":"ListItem","position":2,"name":"D\u00e9graissant neutre multi-usages"}]},{"@type":"WebSite","@id":"https:\/\/www.ecosolucionesquimicas.es\/fr\/#website","url":"https:\/\/www.ecosolucionesquimicas.es\/fr\/","name":"Ecosoluciones Qu\u00edmicas","description":"Achetez en ligne des produits d'entretien et des produits chimiques fabriqu\u00e9s par nos soins.","publisher":{"@id":"https:\/\/www.ecosolucionesquimicas.es\/fr\/#organization"},"alternateName":"EQM","potentialAction":[{"@type":"SearchAction","target":{"@type":"EntryPoint","urlTemplate":"https:\/\/www.ecosolucionesquimicas.es\/fr\/?s={search_term_string}"},"query-input":{"@type":"PropertyValueSpecification","valueRequired":true,"valueName":"search_term_string"}}],"inLanguage":"fr-FR"},{"@type":"Organization","@id":"https:\/\/www.ecosolucionesquimicas.es\/fr\/#organization","name":"Ecosoluciones Qu\u00edmicas","url":"https:\/\/www.ecosolucionesquimicas.es\/fr\/","logo":{"@type":"ImageObject","inLanguage":"fr-FR","@id":"https:\/\/www.ecosolucionesquimicas.es\/fr\/#\/schema\/logo\/image\/","url":"https:\/\/www.ecosolucionesquimicas.es\/wp-content\/uploads\/2024\/08\/LOGO-EQM-NUEVO-.png","contentUrl":"https:\/\/www.ecosolucionesquimicas.es\/wp-content\/uploads\/2024\/08\/LOGO-EQM-NUEVO-.png","width":1060,"height":456,"caption":"Ecosoluciones Qu\u00edmicas"},"image":{"@id":"https:\/\/www.ecosolucionesquimicas.es\/fr\/#\/schema\/logo\/image\/"},"sameAs":["https:\/\/www.facebook.com\/ecosolucionesquimicasmadrid\/","https:\/\/www.instagram.com\/ecosolucionesquimicas\/"],"hasMerchantReturnPolicy":{"@type":"MerchantReturnPolicy","merchantReturnLink":"https:\/\/www.ecosolucionesquimicas.es\/refund_returns\/"}}]},"product_brand":"EQM","og_availability":"instock","product_availability":"instock","product_retailer_item_id":"ECO-111","product_condition":"new"},"_links":{"self":[{"href":"https:\/\/www.ecosolucionesquimicas.es\/fr\/wp-json\/wp\/v2\/product\/11538","targetHints":{"allow":["GET"]}}],"collection":[{"href":"https:\/\/www.ecosolucionesquimicas.es\/fr\/wp-json\/wp\/v2\/product"}],"about":[{"href":"https:\/\/www.ecosolucionesquimicas.es\/fr\/wp-json\/wp\/v2\/types\/product"}],"wp:featuredmedia":[{"embeddable":true,"href":"https:\/\/www.ecosolucionesquimicas.es\/fr\/wp-json\/wp\/v2\/media\/11539"}],"wp:attachment":[{"href":"https:\/\/www.ecosolucionesquimicas.es\/fr\/wp-json\/wp\/v2\/media?parent=11538"}],"wp:term":[{"taxonomy":"product_brand","embeddable":true,"href":"https:\/\/www.ecosolucionesquimicas.es\/fr\/wp-json\/wp\/v2\/product_brand?post=11538"},{"taxonomy":"product_cat","embeddable":true,"href":"https:\/\/www.ecosolucionesquimicas.es\/fr\/wp-json\/wp\/v2\/product_cat?post=11538"},{"taxonomy":"product_tag","embeddable":true,"href":"https:\/\/www.ecosolucionesquimicas.es\/fr\/wp-json\/wp\/v2\/product_tag?post=11538"}],"curies":[{"name":"wp","href":"https:\/\/api.w.org\/{rel}","templated":true}]}}