{"id":11530,"date":"2024-02-22T13:40:01","date_gmt":"2024-02-22T12:40:01","guid":{"rendered":"https:\/\/www.ecosolucionesquimicas.es\/producto\/anticongelante-refrigerante-circuito-energia-solar\/"},"modified":"2025-11-20T16:56:09","modified_gmt":"2025-11-20T15:56:09","slug":"anticongelante-refrigerante-circuito-energia-solar","status":"publish","type":"product","link":"https:\/\/www.ecosolucionesquimicas.es\/fr\/producto\/anticongelante-refrigerante-circuito-energia-solar\/","title":{"rendered":"Circuit d&rsquo;\u00e9nergie solaire antigel et r\u00e9frig\u00e9rant"},"content":{"rendered":"<p><img fetchpriority=\"high\" decoding=\"async\" class=\"alignnone wp-image-2104\" src=\"https:\/\/www.ecosolucionesquimicas.es\/wp-content\/uploads\/2024\/02\/ANTICONGELANTE-REFRIGERANTE-PLACAS-SOLARES-foto-descripcion-300x214.jpg\" alt=\"\" width=\"550\" height=\"393\" srcset=\"https:\/\/www.ecosolucionesquimicas.es\/wp-content\/uploads\/2024\/02\/ANTICONGELANTE-REFRIGERANTE-PLACAS-SOLARES-foto-descripcion-300x214.jpg 300w, https:\/\/www.ecosolucionesquimicas.es\/wp-content\/uploads\/2024\/02\/ANTICONGELANTE-REFRIGERANTE-PLACAS-SOLARES-foto-descripcion-600x429.jpg 600w, https:\/\/www.ecosolucionesquimicas.es\/wp-content\/uploads\/2024\/02\/ANTICONGELANTE-REFRIGERANTE-PLACAS-SOLARES-foto-descripcion.jpg 700w\" sizes=\"(max-width: 550px) 100vw, 550px\" \/><\/p>\n<p><strong>MODE D&rsquo;EMPLOI<\/strong><\/p>\n<div class=\"flex max-w-full flex-col flex-grow\">\n<div class=\"min-h-[20px] text-message flex w-full flex-col items-end gap-2 whitespace-normal break-words [.text-message+&amp;]:mt-5\" dir=\"auto\" data-message-author-role=\"assistant\" data-message-id=\"268195ea-ca7d-4efa-9a44-f5115b9363f6\">\n<div class=\"flex w-full flex-col gap-1 empty:hidden first:pt-[3px]\">\n<div class=\"markdown prose w-full break-words dark:prose-invert light\">\n<p>\ud83d\udd18 <strong>Pr\u00e9paration<\/strong>: Nettoyer le syst\u00e8me avant d&rsquo;ajouter l&rsquo;ECO-601.<br \/>\n\ud83d\udd18 <strong>M\u00e9langer<\/strong>: Pr\u00eat \u00e0 l&#8217;emploi sans dilution, en maintenant la concentration \u00e0 40 %.<br \/>\n\ud83d\udd18 <strong>Ajouter<\/strong>: Verser le produit directement dans le circuit, en utilisant un entonnoir si n\u00e9cessaire.<br \/>\n\ud83d\udd18 <strong>Purger<\/strong>: \u00c9liminer les bulles d&rsquo;air pour une distribution uniforme.<br \/>\n\ud83d\udd18 <strong>V\u00e9rifier<\/strong>: V\u00e9rifier qu&rsquo;il n&rsquo;y a pas de fuites et que les niveaux sont corrects.<br \/>\n\ud83d\udd18 <strong>Entretenir<\/strong>: Effectuer des v\u00e9rifications p\u00e9riodiques du syst\u00e8me.<\/p>\n<\/div>\n<\/div>\n<\/div>\n<\/div>\n","protected":false},"excerpt":{"rendered":"<p><strong> ANTIGEL \u00c0 USAGE DIRECT, NON TOXIQUE, \u00c0 BASE DE PROPYL\u00c8NE GLYCOL<\/strong><strong>.<\/strong> Ce produit est con\u00e7u pour les installations d&rsquo;\u00e9nergie solaire et les circuits n\u00e9cessitant une faible toxicit\u00e9. Avec une concentration de propyl\u00e8ne glycol de 40 %, il offre une protection sur une plage de temp\u00e9rature de -24\u00b0C \u00e0 130\u00b0C.  <\/p>\n<p><strong>\u2705<\/strong><strong> PR\u00c9VIENT LA FORMATION DE D\u00c9P\u00d4TS DE CALCAIRE<\/strong>. Formul\u00e9 avec des additifs sp\u00e9ciaux, il emp\u00eache l&rsquo;accumulation de calcaire dans les circuits de refroidissement, assurant ainsi un transfert de chaleur optimal. En outre, il prot\u00e8ge les pi\u00e8ces m\u00e9talliques du syst\u00e8me contre la corrosion.  <\/p>\n<p><strong> HAUTE STABILIT\u00c9 POUR UN STOCKAGE PROLONG\u00c9<\/strong> Sa stabilit\u00e9 lui permet d&rsquo;\u00eatre stock\u00e9 pendant plus de deux ans sans perdre ses propri\u00e9t\u00e9s, \u00e0 condition qu&rsquo;il soit conserv\u00e9 dans ses r\u00e9cipients d&rsquo;origine, herm\u00e9tiquement ferm\u00e9s<strong>.<\/strong> <\/p>\n<p><strong> COULEUR JAUNE POUR FACILITER LA D\u00c9TECTION DES FUITES<\/strong>. La couleur distinctive du produit permet de rep\u00e9rer d&rsquo;\u00e9ventuelles fuites dans le circuit. Il est totalement inoffensif, non toxique pour la sant\u00e9 humaine et biod\u00e9gradable, ce qui garantit la s\u00e9curit\u00e9 d&rsquo;utilisation.  <\/p>\n<p>Pour les quantit\u00e9s de 200L et <strong>1000L<\/strong>, demande un devis \u00e0 <a href=\"https:\/\/www.ecosolucionesquimicas.es\/fr\/demande-un-devis\/\">Demande ton devis.<\/a><\/p>\n<p><strong>\u26ab<\/strong><strong> N\u00b0 de r\u00e9f. : ECO-601<\/strong><\/p>\n","protected":false},"featured_media":11531,"template":"","meta":[],"product_brand":[225],"product_cat":[464,465],"product_tag":[466,467,468],"class_list":{"0":"post-11530","1":"product","2":"type-product","3":"status-publish","4":"has-post-thumbnail","6":"product_brand-eqm","7":"product_cat-anticongelantes-y-glicoles-puros","8":"product_cat-ofertas","9":"product_tag-anticongelante","10":"product_tag-placa","11":"product_tag-solar","13":"first","14":"instock","15":"taxable","16":"shipping-taxable","17":"purchasable","18":"product-type-variable"},"acf":[],"yoast_head":"<!-- This site is optimized with the Yoast SEO Premium plugin v27.1 (Yoast SEO v27.4) - https:\/\/yoast.com\/product\/yoast-seo-premium-wordpress\/ -->\n<title>Circuit d&#039;\u00e9nergie solaire antigel et r\u00e9frig\u00e9rant - Ecosoluciones Qu\u00edmicas<\/title>\n<meta name=\"robots\" content=\"index, follow, max-snippet:-1, max-image-preview:large, max-video-preview:-1\" \/>\n<link rel=\"canonical\" href=\"https:\/\/www.ecosolucionesquimicas.es\/fr\/producto\/anticongelante-refrigerante-circuito-energia-solar\/\" \/>\n<meta property=\"og:locale\" content=\"fr_FR\" \/>\n<meta property=\"og:type\" content=\"article\" \/>\n<meta property=\"og:title\" content=\"Circuit d&#039;\u00e9nergie solaire antigel et r\u00e9frig\u00e9rant\" \/>\n<meta property=\"og:description\" content=\"ANTIGEL \u00c0 USAGE DIRECT, NON TOXIQUE, \u00c0 BASE DE PROPYL\u00c8NE GLYCOL. Ce produit est con\u00e7u pour les installations d&#039;\u00e9nergie solaire et les circuits n\u00e9cessitant une faible toxicit\u00e9. Avec une concentration de propyl\u00e8ne glycol de 40 %, il offre une protection sur une plage de temp\u00e9rature de -24\u00b0C \u00e0 130\u00b0C.  \u2705 PR\u00c9VIENT LA FORMATION DE D\u00c9P\u00d4TS DE CALCAIRE. Formul\u00e9 avec des additifs sp\u00e9ciaux, il emp\u00eache l&#039;accumulation de calcaire dans les circuits de refroidissement, assurant ainsi un transfert de chaleur optimal. En outre, il prot\u00e8ge les pi\u00e8ces m\u00e9talliques du syst\u00e8me contre la corrosion.   HAUTE STABILIT\u00c9 POUR UN STOCKAGE PROLONG\u00c9 Sa stabilit\u00e9 lui permet d&#039;\u00eatre stock\u00e9 pendant plus de deux ans sans perdre ses propri\u00e9t\u00e9s, \u00e0 condition qu&#039;il soit conserv\u00e9 dans ses r\u00e9cipients d&#039;origine, herm\u00e9tiquement ferm\u00e9s.  COULEUR JAUNE POUR FACILITER LA D\u00c9TECTION DES FUITES. La couleur distinctive du produit permet de rep\u00e9rer d&#039;\u00e9ventuelles fuites dans le circuit. Il est totalement inoffensif, non toxique pour la sant\u00e9 humaine et biod\u00e9gradable, ce qui garantit la s\u00e9curit\u00e9 d&#039;utilisation.  Pour les quantit\u00e9s de 200L et 1000L, demande un devis \u00e0 Demande ton devis. \u26ab N\u00b0 de r\u00e9f. : ECO-601\" \/>\n<meta property=\"og:url\" content=\"https:\/\/www.ecosolucionesquimicas.es\/fr\/producto\/anticongelante-refrigerante-circuito-energia-solar\/\" \/>\n<meta property=\"og:site_name\" content=\"Ecosoluciones Qu\u00edmicas\" \/>\n<meta property=\"article:publisher\" content=\"https:\/\/www.facebook.com\/ecosolucionesquimicasmadrid\/\" \/>\n<meta property=\"article:modified_time\" content=\"2025-11-20T15:56:09+00:00\" \/>\n<meta property=\"og:image\" content=\"https:\/\/www.ecosolucionesquimicas.es\/wp-content\/uploads\/2024\/02\/ECO-601-5L-scaled.jpg\" \/>\n\t<meta property=\"og:image:width\" content=\"2350\" \/>\n\t<meta property=\"og:image:height\" content=\"2560\" \/>\n\t<meta property=\"og:image:type\" content=\"image\/jpeg\" \/>\n<meta name=\"twitter:card\" content=\"summary_large_image\" \/>\n<meta name=\"twitter:label1\" content=\"Disponibilit\u00e9\" \/>\n\t<meta name=\"twitter:data1\" content=\"En stock\" \/>\n<script type=\"application\/ld+json\" class=\"yoast-schema-graph\">{\"@context\":\"https:\\\/\\\/schema.org\",\"@graph\":[{\"@type\":\"WebPage\",\"@id\":\"https:\\\/\\\/www.ecosolucionesquimicas.es\\\/fr\\\/producto\\\/anticongelante-refrigerante-circuito-energia-solar\\\/\",\"url\":\"https:\\\/\\\/www.ecosolucionesquimicas.es\\\/fr\\\/producto\\\/anticongelante-refrigerante-circuito-energia-solar\\\/\",\"name\":\"Circuit d'\u00e9nergie solaire antigel et r\u00e9frig\u00e9rant - Ecosoluciones Qu\u00edmicas\",\"isPartOf\":{\"@id\":\"https:\\\/\\\/www.ecosolucionesquimicas.es\\\/fr\\\/#website\"},\"primaryImageOfPage\":{\"@id\":\"https:\\\/\\\/www.ecosolucionesquimicas.es\\\/fr\\\/producto\\\/anticongelante-refrigerante-circuito-energia-solar\\\/#primaryimage\"},\"image\":{\"@id\":\"https:\\\/\\\/www.ecosolucionesquimicas.es\\\/fr\\\/producto\\\/anticongelante-refrigerante-circuito-energia-solar\\\/#primaryimage\"},\"thumbnailUrl\":\"https:\\\/\\\/www.ecosolucionesquimicas.es\\\/wp-content\\\/uploads\\\/2024\\\/02\\\/ECO-601-5L-scaled.jpg\",\"datePublished\":\"2024-02-22T12:40:01+00:00\",\"dateModified\":\"2025-11-20T15:56:09+00:00\",\"breadcrumb\":{\"@id\":\"https:\\\/\\\/www.ecosolucionesquimicas.es\\\/fr\\\/producto\\\/anticongelante-refrigerante-circuito-energia-solar\\\/#breadcrumb\"},\"inLanguage\":\"fr-FR\",\"potentialAction\":[{\"@type\":\"ReadAction\",\"target\":[\"https:\\\/\\\/www.ecosolucionesquimicas.es\\\/fr\\\/producto\\\/anticongelante-refrigerante-circuito-energia-solar\\\/\"]}]},{\"@type\":\"ImageObject\",\"inLanguage\":\"fr-FR\",\"@id\":\"https:\\\/\\\/www.ecosolucionesquimicas.es\\\/fr\\\/producto\\\/anticongelante-refrigerante-circuito-energia-solar\\\/#primaryimage\",\"url\":\"https:\\\/\\\/www.ecosolucionesquimicas.es\\\/wp-content\\\/uploads\\\/2024\\\/02\\\/ECO-601-5L-scaled.jpg\",\"contentUrl\":\"https:\\\/\\\/www.ecosolucionesquimicas.es\\\/wp-content\\\/uploads\\\/2024\\\/02\\\/ECO-601-5L-scaled.jpg\",\"width\":2350,\"height\":2560},{\"@type\":\"BreadcrumbList\",\"@id\":\"https:\\\/\\\/www.ecosolucionesquimicas.es\\\/fr\\\/producto\\\/anticongelante-refrigerante-circuito-energia-solar\\\/#breadcrumb\",\"itemListElement\":[{\"@type\":\"ListItem\",\"position\":1,\"name\":\"Portada\",\"item\":\"https:\\\/\\\/www.ecosolucionesquimicas.es\\\/fr\\\/home\\\/\"},{\"@type\":\"ListItem\",\"position\":2,\"name\":\"Circuit d&#8217;\u00e9nergie solaire antigel et r\u00e9frig\u00e9rant\"}]},{\"@type\":\"WebSite\",\"@id\":\"https:\\\/\\\/www.ecosolucionesquimicas.es\\\/fr\\\/#website\",\"url\":\"https:\\\/\\\/www.ecosolucionesquimicas.es\\\/fr\\\/\",\"name\":\"Ecosoluciones Qu\u00edmicas\",\"description\":\"Achetez en ligne des produits d'entretien et des produits chimiques fabriqu\u00e9s par nos soins.\",\"publisher\":{\"@id\":\"https:\\\/\\\/www.ecosolucionesquimicas.es\\\/fr\\\/#organization\"},\"alternateName\":\"EQM\",\"potentialAction\":[{\"@type\":\"SearchAction\",\"target\":{\"@type\":\"EntryPoint\",\"urlTemplate\":\"https:\\\/\\\/www.ecosolucionesquimicas.es\\\/fr\\\/?s={search_term_string}\"},\"query-input\":{\"@type\":\"PropertyValueSpecification\",\"valueRequired\":true,\"valueName\":\"search_term_string\"}}],\"inLanguage\":\"fr-FR\"},{\"@type\":\"Organization\",\"@id\":\"https:\\\/\\\/www.ecosolucionesquimicas.es\\\/fr\\\/#organization\",\"name\":\"Ecosoluciones Qu\u00edmicas\",\"url\":\"https:\\\/\\\/www.ecosolucionesquimicas.es\\\/fr\\\/\",\"logo\":{\"@type\":\"ImageObject\",\"inLanguage\":\"fr-FR\",\"@id\":\"https:\\\/\\\/www.ecosolucionesquimicas.es\\\/fr\\\/#\\\/schema\\\/logo\\\/image\\\/\",\"url\":\"https:\\\/\\\/www.ecosolucionesquimicas.es\\\/wp-content\\\/uploads\\\/2024\\\/08\\\/LOGO-EQM-NUEVO-.png\",\"contentUrl\":\"https:\\\/\\\/www.ecosolucionesquimicas.es\\\/wp-content\\\/uploads\\\/2024\\\/08\\\/LOGO-EQM-NUEVO-.png\",\"width\":1060,\"height\":456,\"caption\":\"Ecosoluciones Qu\u00edmicas\"},\"image\":{\"@id\":\"https:\\\/\\\/www.ecosolucionesquimicas.es\\\/fr\\\/#\\\/schema\\\/logo\\\/image\\\/\"},\"sameAs\":[\"https:\\\/\\\/www.facebook.com\\\/ecosolucionesquimicasmadrid\\\/\",\"https:\\\/\\\/www.instagram.com\\\/ecosolucionesquimicas\\\/\"],\"hasMerchantReturnPolicy\":{\"@type\":\"MerchantReturnPolicy\",\"merchantReturnLink\":\"https:\\\/\\\/www.ecosolucionesquimicas.es\\\/refund_returns\\\/\"}}]}<\/script>\n<meta property=\"product:brand\" content=\"EQM\" \/>\n<meta property=\"og:availability\" content=\"instock\" \/>\n<meta property=\"product:availability\" content=\"instock\" \/>\n<meta property=\"product:retailer_item_id\" content=\"ECO-601\" \/>\n<meta property=\"product:condition\" content=\"new\" \/>\n<!-- \/ Yoast SEO Premium plugin. -->","yoast_head_json":{"title":"Circuit d'\u00e9nergie solaire antigel et r\u00e9frig\u00e9rant - Ecosoluciones Qu\u00edmicas","robots":{"index":"index","follow":"follow","max-snippet":"max-snippet:-1","max-image-preview":"max-image-preview:large","max-video-preview":"max-video-preview:-1"},"canonical":"https:\/\/www.ecosolucionesquimicas.es\/fr\/producto\/anticongelante-refrigerante-circuito-energia-solar\/","og_locale":"fr_FR","og_type":"article","og_title":"Circuit d'\u00e9nergie solaire antigel et r\u00e9frig\u00e9rant","og_description":"ANTIGEL \u00c0 USAGE DIRECT, NON TOXIQUE, \u00c0 BASE DE PROPYL\u00c8NE GLYCOL. Ce produit est con\u00e7u pour les installations d'\u00e9nergie solaire et les circuits n\u00e9cessitant une faible toxicit\u00e9. Avec une concentration de propyl\u00e8ne glycol de 40 %, il offre une protection sur une plage de temp\u00e9rature de -24\u00b0C \u00e0 130\u00b0C.  \u2705 PR\u00c9VIENT LA FORMATION DE D\u00c9P\u00d4TS DE CALCAIRE. Formul\u00e9 avec des additifs sp\u00e9ciaux, il emp\u00eache l'accumulation de calcaire dans les circuits de refroidissement, assurant ainsi un transfert de chaleur optimal. En outre, il prot\u00e8ge les pi\u00e8ces m\u00e9talliques du syst\u00e8me contre la corrosion.   HAUTE STABILIT\u00c9 POUR UN STOCKAGE PROLONG\u00c9 Sa stabilit\u00e9 lui permet d'\u00eatre stock\u00e9 pendant plus de deux ans sans perdre ses propri\u00e9t\u00e9s, \u00e0 condition qu'il soit conserv\u00e9 dans ses r\u00e9cipients d'origine, herm\u00e9tiquement ferm\u00e9s.  COULEUR JAUNE POUR FACILITER LA D\u00c9TECTION DES FUITES. La couleur distinctive du produit permet de rep\u00e9rer d'\u00e9ventuelles fuites dans le circuit. Il est totalement inoffensif, non toxique pour la sant\u00e9 humaine et biod\u00e9gradable, ce qui garantit la s\u00e9curit\u00e9 d'utilisation.  Pour les quantit\u00e9s de 200L et 1000L, demande un devis \u00e0 Demande ton devis. \u26ab N\u00b0 de r\u00e9f. : ECO-601","og_url":"https:\/\/www.ecosolucionesquimicas.es\/fr\/producto\/anticongelante-refrigerante-circuito-energia-solar\/","og_site_name":"Ecosoluciones Qu\u00edmicas","article_publisher":"https:\/\/www.facebook.com\/ecosolucionesquimicasmadrid\/","article_modified_time":"2025-11-20T15:56:09+00:00","og_image":[{"width":2350,"height":2560,"url":"https:\/\/www.ecosolucionesquimicas.es\/wp-content\/uploads\/2024\/02\/ECO-601-5L-scaled.jpg","type":"image\/jpeg"}],"twitter_card":"summary_large_image","twitter_misc":{"Disponibilit\u00e9":"En stock"},"schema":{"@context":"https:\/\/schema.org","@graph":[{"@type":"WebPage","@id":"https:\/\/www.ecosolucionesquimicas.es\/fr\/producto\/anticongelante-refrigerante-circuito-energia-solar\/","url":"https:\/\/www.ecosolucionesquimicas.es\/fr\/producto\/anticongelante-refrigerante-circuito-energia-solar\/","name":"Circuit d'\u00e9nergie solaire antigel et r\u00e9frig\u00e9rant - Ecosoluciones Qu\u00edmicas","isPartOf":{"@id":"https:\/\/www.ecosolucionesquimicas.es\/fr\/#website"},"primaryImageOfPage":{"@id":"https:\/\/www.ecosolucionesquimicas.es\/fr\/producto\/anticongelante-refrigerante-circuito-energia-solar\/#primaryimage"},"image":{"@id":"https:\/\/www.ecosolucionesquimicas.es\/fr\/producto\/anticongelante-refrigerante-circuito-energia-solar\/#primaryimage"},"thumbnailUrl":"https:\/\/www.ecosolucionesquimicas.es\/wp-content\/uploads\/2024\/02\/ECO-601-5L-scaled.jpg","datePublished":"2024-02-22T12:40:01+00:00","dateModified":"2025-11-20T15:56:09+00:00","breadcrumb":{"@id":"https:\/\/www.ecosolucionesquimicas.es\/fr\/producto\/anticongelante-refrigerante-circuito-energia-solar\/#breadcrumb"},"inLanguage":"fr-FR","potentialAction":[{"@type":"ReadAction","target":["https:\/\/www.ecosolucionesquimicas.es\/fr\/producto\/anticongelante-refrigerante-circuito-energia-solar\/"]}]},{"@type":"ImageObject","inLanguage":"fr-FR","@id":"https:\/\/www.ecosolucionesquimicas.es\/fr\/producto\/anticongelante-refrigerante-circuito-energia-solar\/#primaryimage","url":"https:\/\/www.ecosolucionesquimicas.es\/wp-content\/uploads\/2024\/02\/ECO-601-5L-scaled.jpg","contentUrl":"https:\/\/www.ecosolucionesquimicas.es\/wp-content\/uploads\/2024\/02\/ECO-601-5L-scaled.jpg","width":2350,"height":2560},{"@type":"BreadcrumbList","@id":"https:\/\/www.ecosolucionesquimicas.es\/fr\/producto\/anticongelante-refrigerante-circuito-energia-solar\/#breadcrumb","itemListElement":[{"@type":"ListItem","position":1,"name":"Portada","item":"https:\/\/www.ecosolucionesquimicas.es\/fr\/home\/"},{"@type":"ListItem","position":2,"name":"Circuit d&#8217;\u00e9nergie solaire antigel et r\u00e9frig\u00e9rant"}]},{"@type":"WebSite","@id":"https:\/\/www.ecosolucionesquimicas.es\/fr\/#website","url":"https:\/\/www.ecosolucionesquimicas.es\/fr\/","name":"Ecosoluciones Qu\u00edmicas","description":"Achetez en ligne des produits d'entretien et des produits chimiques fabriqu\u00e9s par nos soins.","publisher":{"@id":"https:\/\/www.ecosolucionesquimicas.es\/fr\/#organization"},"alternateName":"EQM","potentialAction":[{"@type":"SearchAction","target":{"@type":"EntryPoint","urlTemplate":"https:\/\/www.ecosolucionesquimicas.es\/fr\/?s={search_term_string}"},"query-input":{"@type":"PropertyValueSpecification","valueRequired":true,"valueName":"search_term_string"}}],"inLanguage":"fr-FR"},{"@type":"Organization","@id":"https:\/\/www.ecosolucionesquimicas.es\/fr\/#organization","name":"Ecosoluciones Qu\u00edmicas","url":"https:\/\/www.ecosolucionesquimicas.es\/fr\/","logo":{"@type":"ImageObject","inLanguage":"fr-FR","@id":"https:\/\/www.ecosolucionesquimicas.es\/fr\/#\/schema\/logo\/image\/","url":"https:\/\/www.ecosolucionesquimicas.es\/wp-content\/uploads\/2024\/08\/LOGO-EQM-NUEVO-.png","contentUrl":"https:\/\/www.ecosolucionesquimicas.es\/wp-content\/uploads\/2024\/08\/LOGO-EQM-NUEVO-.png","width":1060,"height":456,"caption":"Ecosoluciones Qu\u00edmicas"},"image":{"@id":"https:\/\/www.ecosolucionesquimicas.es\/fr\/#\/schema\/logo\/image\/"},"sameAs":["https:\/\/www.facebook.com\/ecosolucionesquimicasmadrid\/","https:\/\/www.instagram.com\/ecosolucionesquimicas\/"],"hasMerchantReturnPolicy":{"@type":"MerchantReturnPolicy","merchantReturnLink":"https:\/\/www.ecosolucionesquimicas.es\/refund_returns\/"}}]},"product_brand":"EQM","og_availability":"instock","product_availability":"instock","product_retailer_item_id":"ECO-601","product_condition":"new"},"_links":{"self":[{"href":"https:\/\/www.ecosolucionesquimicas.es\/fr\/wp-json\/wp\/v2\/product\/11530","targetHints":{"allow":["GET"]}}],"collection":[{"href":"https:\/\/www.ecosolucionesquimicas.es\/fr\/wp-json\/wp\/v2\/product"}],"about":[{"href":"https:\/\/www.ecosolucionesquimicas.es\/fr\/wp-json\/wp\/v2\/types\/product"}],"wp:featuredmedia":[{"embeddable":true,"href":"https:\/\/www.ecosolucionesquimicas.es\/fr\/wp-json\/wp\/v2\/media\/11531"}],"wp:attachment":[{"href":"https:\/\/www.ecosolucionesquimicas.es\/fr\/wp-json\/wp\/v2\/media?parent=11530"}],"wp:term":[{"taxonomy":"product_brand","embeddable":true,"href":"https:\/\/www.ecosolucionesquimicas.es\/fr\/wp-json\/wp\/v2\/product_brand?post=11530"},{"taxonomy":"product_cat","embeddable":true,"href":"https:\/\/www.ecosolucionesquimicas.es\/fr\/wp-json\/wp\/v2\/product_cat?post=11530"},{"taxonomy":"product_tag","embeddable":true,"href":"https:\/\/www.ecosolucionesquimicas.es\/fr\/wp-json\/wp\/v2\/product_tag?post=11530"}],"curies":[{"name":"wp","href":"https:\/\/api.w.org\/{rel}","templated":true}]}}