{"id":11521,"date":"2024-02-22T13:40:04","date_gmt":"2024-02-22T12:40:04","guid":{"rendered":"https:\/\/www.ecosolucionesquimicas.es\/producto\/eliminador-de-insectos\/"},"modified":"2025-11-20T16:56:09","modified_gmt":"2025-11-20T15:56:09","slug":"eliminador-de-insectos","status":"publish","type":"product","link":"https:\/\/www.ecosolucionesquimicas.es\/fr\/producto\/eliminador-de-insectos\/","title":{"rendered":"\u00c9liminateur d&rsquo;insectes"},"content":{"rendered":"<p><img fetchpriority=\"high\" decoding=\"async\" class=\"alignnone wp-image-3909\" src=\"https:\/\/www.ecosolucionesquimicas.es\/wp-content\/uploads\/2024\/02\/77293591_l_opt-300x200.jpg\" alt=\"\" width=\"550\" height=\"367\" srcset=\"https:\/\/www.ecosolucionesquimicas.es\/wp-content\/uploads\/2024\/02\/77293591_l_opt-300x200.jpg 300w, https:\/\/www.ecosolucionesquimicas.es\/wp-content\/uploads\/2024\/02\/77293591_l_opt-600x400.jpg 600w, https:\/\/www.ecosolucionesquimicas.es\/wp-content\/uploads\/2024\/02\/77293591_l_opt.jpg 720w\" sizes=\"(max-width: 550px) 100vw, 550px\" \/><\/p>\n<p><strong>MODE D&rsquo;EMPLOI<\/strong><\/p>\n<p><strong>\ud83d\udd18 Application :<\/strong> vaporiser le nettoyant directement sur les insectes incrust\u00e9s dans la surface de la voiture, en respectant une distance de 10 \u00e0 15 cm.<br \/>\n<strong>\ud83d\udd18 Temps d&rsquo;action :<\/strong> laisser agir le produit pendant 1 minute pour permettre aux insectes de se dissoudre correctement.<br \/>\n<strong>Rin\u00e7age :<\/strong> rincer \u00e0 l&rsquo;eau sous pression pour \u00e9liminer les r\u00e9sidus d&rsquo;insectes et de produit.<\/p>\n<p><strong>Recommandations :<\/strong><\/p>\n<p>\u2757Ne pas appliquer le produit sur des surfaces chaudes ou directement expos\u00e9es au soleil.<br \/>\n\u2757Dans le cas o\u00f9 les insectes sont tr\u00e8s adh\u00e9rents, une brosse douce peut \u00eatre utilis\u00e9e pour faciliter le nettoyage.<\/p>\n","protected":false},"excerpt":{"rendered":"<p><strong>ECO-103 EST SP\u00c9CIALEMENT CON\u00c7U POUR NETTOYER LES INSECTES INCRUST\u00c9S DANS LES PARE-BRISE, LES PARE-CHOCS, LES MIROIRS, ETC.<\/strong>  Son action rapide est essentielle pour \u00e9viter les marques sur la carrosserie de la voiture.<\/p>\n<p><strong>DISSOUT RAPIDEMENT LES INSECTES, M\u00caME SECS, SANS FROTTER<\/strong>. Sur les pi\u00e8ces en plastique, les films et les pare-brise. Redonne imm\u00e9diatement aux surfaces trait\u00e9es leur transparence et leur \u00e9clat d&rsquo;origine.  <\/p>\n<p><strong>EMP\u00caCHE LES TRACES D&rsquo;INSECTES SUR LES PARE-CHOCS, LES MIROIRS ET LES VITRES<\/strong>. Il est recommand\u00e9 pour un usage occasionnel ainsi que pendant le pr\u00e9lavage. <\/p>\n<p><strong>PH-NEUTRE, PROT\u00c8GE TOUS LES MAT\u00c9RIAUX DU V\u00c9HICULE SANS LES ENDOMMAGER.  <\/strong>Son pH neutre assure un nettoyage efficace sans endommager la peinture, le plastique et le verre du v\u00e9hicule, pr\u00e9servant ainsi son int\u00e9grit\u00e9 et son apparence d&rsquo;origine.<\/p>\n<p><strong>FORMATS DE 750 ML, 5 ET 20 LITRES.<\/strong><\/p>\n<p><strong>R\u00e9f\u00e9rence : ECO-103<\/strong><\/p>\n","protected":false},"featured_media":11522,"template":"","meta":[],"product_brand":[225],"product_cat":[424],"product_tag":[451,454,452,453],"class_list":{"0":"post-11521","1":"product","2":"type-product","3":"status-publish","4":"has-post-thumbnail","6":"product_brand-eqm","7":"product_cat-automocion","8":"product_tag-coche","9":"product_tag-eliminador-insectos","10":"product_tag-insectos","11":"product_tag-motor","13":"first","14":"instock","15":"taxable","16":"shipping-taxable","17":"purchasable","18":"product-type-variable"},"acf":[],"yoast_head":"<!-- This site is optimized with the Yoast SEO Premium plugin v27.1 (Yoast SEO v27.4) - https:\/\/yoast.com\/product\/yoast-seo-premium-wordpress\/ -->\n<title>\u00c9liminateur d&#039;insectes - Ecosoluciones Qu\u00edmicas<\/title>\n<meta name=\"robots\" content=\"index, follow, max-snippet:-1, max-image-preview:large, max-video-preview:-1\" \/>\n<link rel=\"canonical\" href=\"https:\/\/www.ecosolucionesquimicas.es\/fr\/producto\/eliminador-de-insectos\/\" \/>\n<meta property=\"og:locale\" content=\"fr_FR\" \/>\n<meta property=\"og:type\" content=\"article\" \/>\n<meta property=\"og:title\" content=\"\u00c9liminateur d&#039;insectes\" \/>\n<meta property=\"og:description\" content=\"ECO-103 EST SP\u00c9CIALEMENT CON\u00c7U POUR NETTOYER LES INSECTES INCRUST\u00c9S DANS LES PARE-BRISE, LES PARE-CHOCS, LES MIROIRS, ETC. Son action rapide est essentielle pour \u00e9viter les marques sur la carrosserie de la voiture. DISSOUT RAPIDEMENT LES INSECTES, M\u00caME SECS, SANS FROTTER. Sur les pi\u00e8ces en plastique, les films et les pare-brise. Redonne imm\u00e9diatement aux surfaces trait\u00e9es leur transparence et leur \u00e9clat d&#039;origine.  EMP\u00caCHE LES TRACES D&#039;INSECTES SUR LES PARE-CHOCS, LES MIROIRS ET LES VITRES. Il est recommand\u00e9 pour un usage occasionnel ainsi que pendant le pr\u00e9lavage.  PH-NEUTRE, PROT\u00c8GE TOUS LES MAT\u00c9RIAUX DU V\u00c9HICULE SANS LES ENDOMMAGER. Son pH neutre assure un nettoyage efficace sans endommager la peinture, le plastique et le verre du v\u00e9hicule, pr\u00e9servant ainsi son int\u00e9grit\u00e9 et son apparence d&#039;origine. FORMATS DE 750 ML, 5 ET 20 LITRES. R\u00e9f\u00e9rence : ECO-103\" \/>\n<meta property=\"og:url\" content=\"https:\/\/www.ecosolucionesquimicas.es\/fr\/producto\/eliminador-de-insectos\/\" \/>\n<meta property=\"og:site_name\" content=\"Ecosoluciones Qu\u00edmicas\" \/>\n<meta property=\"article:publisher\" content=\"https:\/\/www.facebook.com\/ecosolucionesquimicasmadrid\/\" \/>\n<meta property=\"article:modified_time\" content=\"2025-11-20T15:56:09+00:00\" \/>\n<meta property=\"og:image\" content=\"https:\/\/www.ecosolucionesquimicas.es\/wp-content\/uploads\/2024\/02\/ECO-103-750ML-scaled.jpg\" \/>\n\t<meta property=\"og:image:width\" content=\"2350\" \/>\n\t<meta property=\"og:image:height\" content=\"2560\" \/>\n\t<meta property=\"og:image:type\" content=\"image\/jpeg\" \/>\n<meta name=\"twitter:card\" content=\"summary_large_image\" \/>\n<meta name=\"twitter:label1\" content=\"Disponibilit\u00e9\" \/>\n\t<meta name=\"twitter:data1\" content=\"En stock\" \/>\n<script type=\"application\/ld+json\" class=\"yoast-schema-graph\">{\"@context\":\"https:\\\/\\\/schema.org\",\"@graph\":[{\"@type\":\"WebPage\",\"@id\":\"https:\\\/\\\/www.ecosolucionesquimicas.es\\\/fr\\\/producto\\\/eliminador-de-insectos\\\/\",\"url\":\"https:\\\/\\\/www.ecosolucionesquimicas.es\\\/fr\\\/producto\\\/eliminador-de-insectos\\\/\",\"name\":\"\u00c9liminateur d'insectes - Ecosoluciones Qu\u00edmicas\",\"isPartOf\":{\"@id\":\"https:\\\/\\\/www.ecosolucionesquimicas.es\\\/fr\\\/#website\"},\"primaryImageOfPage\":{\"@id\":\"https:\\\/\\\/www.ecosolucionesquimicas.es\\\/fr\\\/producto\\\/eliminador-de-insectos\\\/#primaryimage\"},\"image\":{\"@id\":\"https:\\\/\\\/www.ecosolucionesquimicas.es\\\/fr\\\/producto\\\/eliminador-de-insectos\\\/#primaryimage\"},\"thumbnailUrl\":\"https:\\\/\\\/www.ecosolucionesquimicas.es\\\/wp-content\\\/uploads\\\/2024\\\/02\\\/ECO-103-750ML-scaled.jpg\",\"datePublished\":\"2024-02-22T12:40:04+00:00\",\"dateModified\":\"2025-11-20T15:56:09+00:00\",\"breadcrumb\":{\"@id\":\"https:\\\/\\\/www.ecosolucionesquimicas.es\\\/fr\\\/producto\\\/eliminador-de-insectos\\\/#breadcrumb\"},\"inLanguage\":\"fr-FR\",\"potentialAction\":[{\"@type\":\"ReadAction\",\"target\":[\"https:\\\/\\\/www.ecosolucionesquimicas.es\\\/fr\\\/producto\\\/eliminador-de-insectos\\\/\"]}]},{\"@type\":\"ImageObject\",\"inLanguage\":\"fr-FR\",\"@id\":\"https:\\\/\\\/www.ecosolucionesquimicas.es\\\/fr\\\/producto\\\/eliminador-de-insectos\\\/#primaryimage\",\"url\":\"https:\\\/\\\/www.ecosolucionesquimicas.es\\\/wp-content\\\/uploads\\\/2024\\\/02\\\/ECO-103-750ML-scaled.jpg\",\"contentUrl\":\"https:\\\/\\\/www.ecosolucionesquimicas.es\\\/wp-content\\\/uploads\\\/2024\\\/02\\\/ECO-103-750ML-scaled.jpg\",\"width\":2350,\"height\":2560},{\"@type\":\"BreadcrumbList\",\"@id\":\"https:\\\/\\\/www.ecosolucionesquimicas.es\\\/fr\\\/producto\\\/eliminador-de-insectos\\\/#breadcrumb\",\"itemListElement\":[{\"@type\":\"ListItem\",\"position\":1,\"name\":\"Portada\",\"item\":\"https:\\\/\\\/www.ecosolucionesquimicas.es\\\/fr\\\/home\\\/\"},{\"@type\":\"ListItem\",\"position\":2,\"name\":\"\u00c9liminateur d&#8217;insectes\"}]},{\"@type\":\"WebSite\",\"@id\":\"https:\\\/\\\/www.ecosolucionesquimicas.es\\\/fr\\\/#website\",\"url\":\"https:\\\/\\\/www.ecosolucionesquimicas.es\\\/fr\\\/\",\"name\":\"Ecosoluciones Qu\u00edmicas\",\"description\":\"Achetez en ligne des produits d'entretien et des produits chimiques fabriqu\u00e9s par nos soins.\",\"publisher\":{\"@id\":\"https:\\\/\\\/www.ecosolucionesquimicas.es\\\/fr\\\/#organization\"},\"alternateName\":\"EQM\",\"potentialAction\":[{\"@type\":\"SearchAction\",\"target\":{\"@type\":\"EntryPoint\",\"urlTemplate\":\"https:\\\/\\\/www.ecosolucionesquimicas.es\\\/fr\\\/?s={search_term_string}\"},\"query-input\":{\"@type\":\"PropertyValueSpecification\",\"valueRequired\":true,\"valueName\":\"search_term_string\"}}],\"inLanguage\":\"fr-FR\"},{\"@type\":\"Organization\",\"@id\":\"https:\\\/\\\/www.ecosolucionesquimicas.es\\\/fr\\\/#organization\",\"name\":\"Ecosoluciones Qu\u00edmicas\",\"url\":\"https:\\\/\\\/www.ecosolucionesquimicas.es\\\/fr\\\/\",\"logo\":{\"@type\":\"ImageObject\",\"inLanguage\":\"fr-FR\",\"@id\":\"https:\\\/\\\/www.ecosolucionesquimicas.es\\\/fr\\\/#\\\/schema\\\/logo\\\/image\\\/\",\"url\":\"https:\\\/\\\/www.ecosolucionesquimicas.es\\\/wp-content\\\/uploads\\\/2024\\\/08\\\/LOGO-EQM-NUEVO-.png\",\"contentUrl\":\"https:\\\/\\\/www.ecosolucionesquimicas.es\\\/wp-content\\\/uploads\\\/2024\\\/08\\\/LOGO-EQM-NUEVO-.png\",\"width\":1060,\"height\":456,\"caption\":\"Ecosoluciones Qu\u00edmicas\"},\"image\":{\"@id\":\"https:\\\/\\\/www.ecosolucionesquimicas.es\\\/fr\\\/#\\\/schema\\\/logo\\\/image\\\/\"},\"sameAs\":[\"https:\\\/\\\/www.facebook.com\\\/ecosolucionesquimicasmadrid\\\/\",\"https:\\\/\\\/www.instagram.com\\\/ecosolucionesquimicas\\\/\"],\"hasMerchantReturnPolicy\":{\"@type\":\"MerchantReturnPolicy\",\"merchantReturnLink\":\"https:\\\/\\\/www.ecosolucionesquimicas.es\\\/refund_returns\\\/\"}}]}<\/script>\n<meta property=\"product:brand\" content=\"EQM\" \/>\n<meta property=\"og:availability\" content=\"instock\" \/>\n<meta property=\"product:availability\" content=\"instock\" \/>\n<meta property=\"product:retailer_item_id\" content=\"ECO-103\" \/>\n<meta property=\"product:condition\" content=\"new\" \/>\n<!-- \/ Yoast SEO Premium plugin. -->","yoast_head_json":{"title":"\u00c9liminateur d'insectes - Ecosoluciones Qu\u00edmicas","robots":{"index":"index","follow":"follow","max-snippet":"max-snippet:-1","max-image-preview":"max-image-preview:large","max-video-preview":"max-video-preview:-1"},"canonical":"https:\/\/www.ecosolucionesquimicas.es\/fr\/producto\/eliminador-de-insectos\/","og_locale":"fr_FR","og_type":"article","og_title":"\u00c9liminateur d'insectes","og_description":"ECO-103 EST SP\u00c9CIALEMENT CON\u00c7U POUR NETTOYER LES INSECTES INCRUST\u00c9S DANS LES PARE-BRISE, LES PARE-CHOCS, LES MIROIRS, ETC. Son action rapide est essentielle pour \u00e9viter les marques sur la carrosserie de la voiture. DISSOUT RAPIDEMENT LES INSECTES, M\u00caME SECS, SANS FROTTER. Sur les pi\u00e8ces en plastique, les films et les pare-brise. Redonne imm\u00e9diatement aux surfaces trait\u00e9es leur transparence et leur \u00e9clat d'origine.  EMP\u00caCHE LES TRACES D'INSECTES SUR LES PARE-CHOCS, LES MIROIRS ET LES VITRES. Il est recommand\u00e9 pour un usage occasionnel ainsi que pendant le pr\u00e9lavage.  PH-NEUTRE, PROT\u00c8GE TOUS LES MAT\u00c9RIAUX DU V\u00c9HICULE SANS LES ENDOMMAGER. Son pH neutre assure un nettoyage efficace sans endommager la peinture, le plastique et le verre du v\u00e9hicule, pr\u00e9servant ainsi son int\u00e9grit\u00e9 et son apparence d'origine. FORMATS DE 750 ML, 5 ET 20 LITRES. R\u00e9f\u00e9rence : ECO-103","og_url":"https:\/\/www.ecosolucionesquimicas.es\/fr\/producto\/eliminador-de-insectos\/","og_site_name":"Ecosoluciones Qu\u00edmicas","article_publisher":"https:\/\/www.facebook.com\/ecosolucionesquimicasmadrid\/","article_modified_time":"2025-11-20T15:56:09+00:00","og_image":[{"width":2350,"height":2560,"url":"https:\/\/www.ecosolucionesquimicas.es\/wp-content\/uploads\/2024\/02\/ECO-103-750ML-scaled.jpg","type":"image\/jpeg"}],"twitter_card":"summary_large_image","twitter_misc":{"Disponibilit\u00e9":"En stock"},"schema":{"@context":"https:\/\/schema.org","@graph":[{"@type":"WebPage","@id":"https:\/\/www.ecosolucionesquimicas.es\/fr\/producto\/eliminador-de-insectos\/","url":"https:\/\/www.ecosolucionesquimicas.es\/fr\/producto\/eliminador-de-insectos\/","name":"\u00c9liminateur d'insectes - Ecosoluciones Qu\u00edmicas","isPartOf":{"@id":"https:\/\/www.ecosolucionesquimicas.es\/fr\/#website"},"primaryImageOfPage":{"@id":"https:\/\/www.ecosolucionesquimicas.es\/fr\/producto\/eliminador-de-insectos\/#primaryimage"},"image":{"@id":"https:\/\/www.ecosolucionesquimicas.es\/fr\/producto\/eliminador-de-insectos\/#primaryimage"},"thumbnailUrl":"https:\/\/www.ecosolucionesquimicas.es\/wp-content\/uploads\/2024\/02\/ECO-103-750ML-scaled.jpg","datePublished":"2024-02-22T12:40:04+00:00","dateModified":"2025-11-20T15:56:09+00:00","breadcrumb":{"@id":"https:\/\/www.ecosolucionesquimicas.es\/fr\/producto\/eliminador-de-insectos\/#breadcrumb"},"inLanguage":"fr-FR","potentialAction":[{"@type":"ReadAction","target":["https:\/\/www.ecosolucionesquimicas.es\/fr\/producto\/eliminador-de-insectos\/"]}]},{"@type":"ImageObject","inLanguage":"fr-FR","@id":"https:\/\/www.ecosolucionesquimicas.es\/fr\/producto\/eliminador-de-insectos\/#primaryimage","url":"https:\/\/www.ecosolucionesquimicas.es\/wp-content\/uploads\/2024\/02\/ECO-103-750ML-scaled.jpg","contentUrl":"https:\/\/www.ecosolucionesquimicas.es\/wp-content\/uploads\/2024\/02\/ECO-103-750ML-scaled.jpg","width":2350,"height":2560},{"@type":"BreadcrumbList","@id":"https:\/\/www.ecosolucionesquimicas.es\/fr\/producto\/eliminador-de-insectos\/#breadcrumb","itemListElement":[{"@type":"ListItem","position":1,"name":"Portada","item":"https:\/\/www.ecosolucionesquimicas.es\/fr\/home\/"},{"@type":"ListItem","position":2,"name":"\u00c9liminateur d&#8217;insectes"}]},{"@type":"WebSite","@id":"https:\/\/www.ecosolucionesquimicas.es\/fr\/#website","url":"https:\/\/www.ecosolucionesquimicas.es\/fr\/","name":"Ecosoluciones Qu\u00edmicas","description":"Achetez en ligne des produits d'entretien et des produits chimiques fabriqu\u00e9s par nos soins.","publisher":{"@id":"https:\/\/www.ecosolucionesquimicas.es\/fr\/#organization"},"alternateName":"EQM","potentialAction":[{"@type":"SearchAction","target":{"@type":"EntryPoint","urlTemplate":"https:\/\/www.ecosolucionesquimicas.es\/fr\/?s={search_term_string}"},"query-input":{"@type":"PropertyValueSpecification","valueRequired":true,"valueName":"search_term_string"}}],"inLanguage":"fr-FR"},{"@type":"Organization","@id":"https:\/\/www.ecosolucionesquimicas.es\/fr\/#organization","name":"Ecosoluciones Qu\u00edmicas","url":"https:\/\/www.ecosolucionesquimicas.es\/fr\/","logo":{"@type":"ImageObject","inLanguage":"fr-FR","@id":"https:\/\/www.ecosolucionesquimicas.es\/fr\/#\/schema\/logo\/image\/","url":"https:\/\/www.ecosolucionesquimicas.es\/wp-content\/uploads\/2024\/08\/LOGO-EQM-NUEVO-.png","contentUrl":"https:\/\/www.ecosolucionesquimicas.es\/wp-content\/uploads\/2024\/08\/LOGO-EQM-NUEVO-.png","width":1060,"height":456,"caption":"Ecosoluciones Qu\u00edmicas"},"image":{"@id":"https:\/\/www.ecosolucionesquimicas.es\/fr\/#\/schema\/logo\/image\/"},"sameAs":["https:\/\/www.facebook.com\/ecosolucionesquimicasmadrid\/","https:\/\/www.instagram.com\/ecosolucionesquimicas\/"],"hasMerchantReturnPolicy":{"@type":"MerchantReturnPolicy","merchantReturnLink":"https:\/\/www.ecosolucionesquimicas.es\/refund_returns\/"}}]},"product_brand":"EQM","og_availability":"instock","product_availability":"instock","product_retailer_item_id":"ECO-103","product_condition":"new"},"_links":{"self":[{"href":"https:\/\/www.ecosolucionesquimicas.es\/fr\/wp-json\/wp\/v2\/product\/11521","targetHints":{"allow":["GET"]}}],"collection":[{"href":"https:\/\/www.ecosolucionesquimicas.es\/fr\/wp-json\/wp\/v2\/product"}],"about":[{"href":"https:\/\/www.ecosolucionesquimicas.es\/fr\/wp-json\/wp\/v2\/types\/product"}],"wp:featuredmedia":[{"embeddable":true,"href":"https:\/\/www.ecosolucionesquimicas.es\/fr\/wp-json\/wp\/v2\/media\/11522"}],"wp:attachment":[{"href":"https:\/\/www.ecosolucionesquimicas.es\/fr\/wp-json\/wp\/v2\/media?parent=11521"}],"wp:term":[{"taxonomy":"product_brand","embeddable":true,"href":"https:\/\/www.ecosolucionesquimicas.es\/fr\/wp-json\/wp\/v2\/product_brand?post=11521"},{"taxonomy":"product_cat","embeddable":true,"href":"https:\/\/www.ecosolucionesquimicas.es\/fr\/wp-json\/wp\/v2\/product_cat?post=11521"},{"taxonomy":"product_tag","embeddable":true,"href":"https:\/\/www.ecosolucionesquimicas.es\/fr\/wp-json\/wp\/v2\/product_tag?post=11521"}],"curies":[{"name":"wp","href":"https:\/\/api.w.org\/{rel}","templated":true}]}}