{"id":11512,"date":"2024-02-22T13:40:05","date_gmt":"2024-02-22T12:40:05","guid":{"rendered":"https:\/\/www.ecosolucionesquimicas.es\/producto\/lavaparabrisas\/"},"modified":"2025-11-20T16:56:06","modified_gmt":"2025-11-20T15:56:06","slug":"lavaparabrisas","status":"publish","type":"product","link":"https:\/\/www.ecosolucionesquimicas.es\/fr\/producto\/lavaparabrisas\/","title":{"rendered":"Lave-glace"},"content":{"rendered":"<p><img fetchpriority=\"high\" decoding=\"async\" class=\"alignnone wp-image-3628\" src=\"https:\/\/www.ecosolucionesquimicas.es\/wp-content\/uploads\/2024\/02\/rainy-weather-vehicles-concept-close-up-windshield-wiper-wet-car-glass-300x200.jpg\" alt=\"\" width=\"550\" height=\"367\" srcset=\"https:\/\/www.ecosolucionesquimicas.es\/wp-content\/uploads\/2024\/02\/rainy-weather-vehicles-concept-close-up-windshield-wiper-wet-car-glass-300x200.jpg 300w, https:\/\/www.ecosolucionesquimicas.es\/wp-content\/uploads\/2024\/02\/rainy-weather-vehicles-concept-close-up-windshield-wiper-wet-car-glass-1024x683.jpg 1024w, https:\/\/www.ecosolucionesquimicas.es\/wp-content\/uploads\/2024\/02\/rainy-weather-vehicles-concept-close-up-windshield-wiper-wet-car-glass-768x512.jpg 768w, https:\/\/www.ecosolucionesquimicas.es\/wp-content\/uploads\/2024\/02\/rainy-weather-vehicles-concept-close-up-windshield-wiper-wet-car-glass-1536x1024.jpg 1536w, https:\/\/www.ecosolucionesquimicas.es\/wp-content\/uploads\/2024\/02\/rainy-weather-vehicles-concept-close-up-windshield-wiper-wet-car-glass-2048x1365.jpg 2048w, https:\/\/www.ecosolucionesquimicas.es\/wp-content\/uploads\/2024\/02\/rainy-weather-vehicles-concept-close-up-windshield-wiper-wet-car-glass-600x400.jpg 600w\" sizes=\"(max-width: 550px) 100vw, 550px\" \/><\/p>\n<p><strong>MODE D&rsquo;EMPLOI<\/strong><\/p>\n<p><strong>Domaines d&rsquo;application<\/strong>: Convient pour les pare-brise, les fen\u00eatres, les r\u00e9troviseurs, les phares et les surfaces \u00e9maill\u00e9es. La formule ne dess\u00e8che pas les caoutchoucs des balais d&rsquo;essuie-glace et n&rsquo;endommage pas la peinture des v\u00e9hicules.<br \/>\n\ud83d\udd18 <strong>Pr\u00e9paration du produit<\/strong>: Pr\u00eat \u00e0 l&#8217;emploi, aucune dilution n&rsquo;est n\u00e9cessaire.<br \/>\n\ud83d\udd18 <strong>Mode d&#8217;emploi<\/strong>: Verser le liquide dans le r\u00e9servoir du lave-glace lorsqu&rsquo;il est vide ou que le niveau de liquide est bas et bien refermer le bouchon.<br \/>\n<strong>Caract\u00e9ristiques suppl\u00e9mentaires<\/strong>:<br \/>\n\u2714 S\u00e9chage rapide, ne marque pas.<br \/>\n\u2714 Pas de mousse, assure une vision claire.<br \/>\n\u2714 Haute r\u00e9sistance au gel, id\u00e9al pour les climats froids. <\/p>\n<p><strong>Recommandations<\/strong>:<\/p>\n<p>\u2757 Utilise r\u00e9guli\u00e8rement le lave-glace pour garder le pare-brise et les autres surfaces propres, ce qui am\u00e9liore la visibilit\u00e9 et la s\u00e9curit\u00e9 de la conduite.<br \/>\nV\u00e9rifie p\u00e9riodiquement le niveau du liquide dans le r\u00e9servoir et fais l&rsquo;appoint si n\u00e9cessaire.<\/p>\n","protected":false},"excerpt":{"rendered":"<p><strong>ECO-102 EST UN ESSUIE-GLACE PARFUM\u00c9 \u00c0 LA FORMULATION AVANC\u00c9E<\/strong>. Con\u00e7u pour \u00e9liminer la graisse, la boue, les insectes et autres impuret\u00e9s tenaces. Garantit une visibilit\u00e9 cristalline.  <\/p>\n<p><strong>\u00c9limine<\/strong> les d\u00e9bris, am\u00e9liore la visibilit\u00e9, la s\u00e9curit\u00e9 et le confort de conduite. <\/p>\n<p><strong>\u00c9LIMINE COMPL\u00c8TEMENT LA SALET\u00c9 SANS LAISSER DE R\u00c9SIDUS<\/strong>. Il garantit un pare-brise propre et laisse un parfum agr\u00e9able qui am\u00e9liore l&rsquo;atmosph\u00e8re \u00e0 l&rsquo;int\u00e9rieur du v\u00e9hicule. <\/p>\n<p><strong>SANS M\u00c9THANOL ET CONFORME AU R\u00c8GLEMENT DE L&rsquo;UE 2018\/589<\/strong>. Il offre une option s\u00fbre et efficace qui prot\u00e8ge la sant\u00e9 et l&rsquo;environnement. <\/p>\n<p><strong>\u2705 FORMAT DE 5 ET 20 LITRES.<\/strong><\/p>\n<p><span style=\"color: #000000;\"><strong>R\u00e9f\u00e9rence : ECO-102<\/strong><\/span><\/p>\n","protected":false},"featured_media":11513,"template":"","meta":[],"product_brand":[225],"product_cat":[424],"product_tag":[446,445,444],"class_list":{"0":"post-11512","1":"product","2":"type-product","3":"status-publish","4":"has-post-thumbnail","6":"product_brand-eqm","7":"product_cat-automocion","8":"product_tag-limpiaparabrisas","9":"product_tag-lunas","10":"product_tag-parabrisas","12":"first","13":"instock","14":"taxable","15":"shipping-taxable","16":"purchasable","17":"product-type-variable"},"acf":[],"yoast_head":"<!-- This site is optimized with the Yoast SEO Premium plugin v27.1 (Yoast SEO v27.4) - https:\/\/yoast.com\/product\/yoast-seo-premium-wordpress\/ -->\n<title>Lave-glace - Ecosoluciones Qu\u00edmicas<\/title>\n<meta name=\"robots\" content=\"index, follow, max-snippet:-1, max-image-preview:large, max-video-preview:-1\" \/>\n<link rel=\"canonical\" href=\"https:\/\/www.ecosolucionesquimicas.es\/fr\/producto\/lavaparabrisas\/\" \/>\n<meta property=\"og:locale\" content=\"fr_FR\" \/>\n<meta property=\"og:type\" content=\"article\" \/>\n<meta property=\"og:title\" content=\"Lave-glace\" \/>\n<meta property=\"og:description\" content=\"ECO-102 EST UN ESSUIE-GLACE PARFUM\u00c9 \u00c0 LA FORMULATION AVANC\u00c9E. Con\u00e7u pour \u00e9liminer la graisse, la boue, les insectes et autres impuret\u00e9s tenaces. Garantit une visibilit\u00e9 cristalline.  \u00c9limine les d\u00e9bris, am\u00e9liore la visibilit\u00e9, la s\u00e9curit\u00e9 et le confort de conduite.  \u00c9LIMINE COMPL\u00c8TEMENT LA SALET\u00c9 SANS LAISSER DE R\u00c9SIDUS. Il garantit un pare-brise propre et laisse un parfum agr\u00e9able qui am\u00e9liore l&#039;atmosph\u00e8re \u00e0 l&#039;int\u00e9rieur du v\u00e9hicule.  SANS M\u00c9THANOL ET CONFORME AU R\u00c8GLEMENT DE L&#039;UE 2018\/589. Il offre une option s\u00fbre et efficace qui prot\u00e8ge la sant\u00e9 et l&#039;environnement.  \u2705 FORMAT DE 5 ET 20 LITRES. R\u00e9f\u00e9rence : ECO-102\" \/>\n<meta property=\"og:url\" content=\"https:\/\/www.ecosolucionesquimicas.es\/fr\/producto\/lavaparabrisas\/\" \/>\n<meta property=\"og:site_name\" content=\"Ecosoluciones Qu\u00edmicas\" \/>\n<meta property=\"article:publisher\" content=\"https:\/\/www.facebook.com\/ecosolucionesquimicasmadrid\/\" \/>\n<meta property=\"article:modified_time\" content=\"2025-11-20T15:56:06+00:00\" \/>\n<meta property=\"og:image\" content=\"https:\/\/www.ecosolucionesquimicas.es\/wp-content\/uploads\/2024\/02\/ECO-102222-scaled.jpg\" \/>\n\t<meta property=\"og:image:width\" content=\"2350\" \/>\n\t<meta property=\"og:image:height\" content=\"2560\" \/>\n\t<meta property=\"og:image:type\" content=\"image\/jpeg\" \/>\n<meta name=\"twitter:card\" content=\"summary_large_image\" \/>\n<meta name=\"twitter:label1\" content=\"Disponibilit\u00e9\" \/>\n\t<meta name=\"twitter:data1\" content=\"En stock\" \/>\n<script type=\"application\/ld+json\" class=\"yoast-schema-graph\">{\"@context\":\"https:\\\/\\\/schema.org\",\"@graph\":[{\"@type\":\"WebPage\",\"@id\":\"https:\\\/\\\/www.ecosolucionesquimicas.es\\\/fr\\\/producto\\\/lavaparabrisas\\\/\",\"url\":\"https:\\\/\\\/www.ecosolucionesquimicas.es\\\/fr\\\/producto\\\/lavaparabrisas\\\/\",\"name\":\"Lave-glace - Ecosoluciones Qu\u00edmicas\",\"isPartOf\":{\"@id\":\"https:\\\/\\\/www.ecosolucionesquimicas.es\\\/fr\\\/#website\"},\"primaryImageOfPage\":{\"@id\":\"https:\\\/\\\/www.ecosolucionesquimicas.es\\\/fr\\\/producto\\\/lavaparabrisas\\\/#primaryimage\"},\"image\":{\"@id\":\"https:\\\/\\\/www.ecosolucionesquimicas.es\\\/fr\\\/producto\\\/lavaparabrisas\\\/#primaryimage\"},\"thumbnailUrl\":\"https:\\\/\\\/www.ecosolucionesquimicas.es\\\/wp-content\\\/uploads\\\/2024\\\/02\\\/ECO-102222-scaled.jpg\",\"datePublished\":\"2024-02-22T12:40:05+00:00\",\"dateModified\":\"2025-11-20T15:56:06+00:00\",\"breadcrumb\":{\"@id\":\"https:\\\/\\\/www.ecosolucionesquimicas.es\\\/fr\\\/producto\\\/lavaparabrisas\\\/#breadcrumb\"},\"inLanguage\":\"fr-FR\",\"potentialAction\":[{\"@type\":\"ReadAction\",\"target\":[\"https:\\\/\\\/www.ecosolucionesquimicas.es\\\/fr\\\/producto\\\/lavaparabrisas\\\/\"]}]},{\"@type\":\"ImageObject\",\"inLanguage\":\"fr-FR\",\"@id\":\"https:\\\/\\\/www.ecosolucionesquimicas.es\\\/fr\\\/producto\\\/lavaparabrisas\\\/#primaryimage\",\"url\":\"https:\\\/\\\/www.ecosolucionesquimicas.es\\\/wp-content\\\/uploads\\\/2024\\\/02\\\/ECO-102222-scaled.jpg\",\"contentUrl\":\"https:\\\/\\\/www.ecosolucionesquimicas.es\\\/wp-content\\\/uploads\\\/2024\\\/02\\\/ECO-102222-scaled.jpg\",\"width\":2350,\"height\":2560},{\"@type\":\"BreadcrumbList\",\"@id\":\"https:\\\/\\\/www.ecosolucionesquimicas.es\\\/fr\\\/producto\\\/lavaparabrisas\\\/#breadcrumb\",\"itemListElement\":[{\"@type\":\"ListItem\",\"position\":1,\"name\":\"Portada\",\"item\":\"https:\\\/\\\/www.ecosolucionesquimicas.es\\\/fr\\\/home\\\/\"},{\"@type\":\"ListItem\",\"position\":2,\"name\":\"Lave-glace\"}]},{\"@type\":\"WebSite\",\"@id\":\"https:\\\/\\\/www.ecosolucionesquimicas.es\\\/fr\\\/#website\",\"url\":\"https:\\\/\\\/www.ecosolucionesquimicas.es\\\/fr\\\/\",\"name\":\"Ecosoluciones Qu\u00edmicas\",\"description\":\"Achetez en ligne des produits d'entretien et des produits chimiques fabriqu\u00e9s par nos soins.\",\"publisher\":{\"@id\":\"https:\\\/\\\/www.ecosolucionesquimicas.es\\\/fr\\\/#organization\"},\"alternateName\":\"EQM\",\"potentialAction\":[{\"@type\":\"SearchAction\",\"target\":{\"@type\":\"EntryPoint\",\"urlTemplate\":\"https:\\\/\\\/www.ecosolucionesquimicas.es\\\/fr\\\/?s={search_term_string}\"},\"query-input\":{\"@type\":\"PropertyValueSpecification\",\"valueRequired\":true,\"valueName\":\"search_term_string\"}}],\"inLanguage\":\"fr-FR\"},{\"@type\":\"Organization\",\"@id\":\"https:\\\/\\\/www.ecosolucionesquimicas.es\\\/fr\\\/#organization\",\"name\":\"Ecosoluciones Qu\u00edmicas\",\"url\":\"https:\\\/\\\/www.ecosolucionesquimicas.es\\\/fr\\\/\",\"logo\":{\"@type\":\"ImageObject\",\"inLanguage\":\"fr-FR\",\"@id\":\"https:\\\/\\\/www.ecosolucionesquimicas.es\\\/fr\\\/#\\\/schema\\\/logo\\\/image\\\/\",\"url\":\"https:\\\/\\\/www.ecosolucionesquimicas.es\\\/wp-content\\\/uploads\\\/2024\\\/08\\\/LOGO-EQM-NUEVO-.png\",\"contentUrl\":\"https:\\\/\\\/www.ecosolucionesquimicas.es\\\/wp-content\\\/uploads\\\/2024\\\/08\\\/LOGO-EQM-NUEVO-.png\",\"width\":1060,\"height\":456,\"caption\":\"Ecosoluciones Qu\u00edmicas\"},\"image\":{\"@id\":\"https:\\\/\\\/www.ecosolucionesquimicas.es\\\/fr\\\/#\\\/schema\\\/logo\\\/image\\\/\"},\"sameAs\":[\"https:\\\/\\\/www.facebook.com\\\/ecosolucionesquimicasmadrid\\\/\",\"https:\\\/\\\/www.instagram.com\\\/ecosolucionesquimicas\\\/\"],\"hasMerchantReturnPolicy\":{\"@type\":\"MerchantReturnPolicy\",\"merchantReturnLink\":\"https:\\\/\\\/www.ecosolucionesquimicas.es\\\/refund_returns\\\/\"}}]}<\/script>\n<meta property=\"product:brand\" content=\"EQM\" \/>\n<meta property=\"og:availability\" content=\"instock\" \/>\n<meta property=\"product:availability\" content=\"instock\" \/>\n<meta property=\"product:retailer_item_id\" content=\"ECO-102\" \/>\n<meta property=\"product:condition\" content=\"new\" \/>\n<!-- \/ Yoast SEO Premium plugin. -->","yoast_head_json":{"title":"Lave-glace - Ecosoluciones Qu\u00edmicas","robots":{"index":"index","follow":"follow","max-snippet":"max-snippet:-1","max-image-preview":"max-image-preview:large","max-video-preview":"max-video-preview:-1"},"canonical":"https:\/\/www.ecosolucionesquimicas.es\/fr\/producto\/lavaparabrisas\/","og_locale":"fr_FR","og_type":"article","og_title":"Lave-glace","og_description":"ECO-102 EST UN ESSUIE-GLACE PARFUM\u00c9 \u00c0 LA FORMULATION AVANC\u00c9E. Con\u00e7u pour \u00e9liminer la graisse, la boue, les insectes et autres impuret\u00e9s tenaces. Garantit une visibilit\u00e9 cristalline.  \u00c9limine les d\u00e9bris, am\u00e9liore la visibilit\u00e9, la s\u00e9curit\u00e9 et le confort de conduite.  \u00c9LIMINE COMPL\u00c8TEMENT LA SALET\u00c9 SANS LAISSER DE R\u00c9SIDUS. Il garantit un pare-brise propre et laisse un parfum agr\u00e9able qui am\u00e9liore l'atmosph\u00e8re \u00e0 l'int\u00e9rieur du v\u00e9hicule.  SANS M\u00c9THANOL ET CONFORME AU R\u00c8GLEMENT DE L'UE 2018\/589. Il offre une option s\u00fbre et efficace qui prot\u00e8ge la sant\u00e9 et l'environnement.  \u2705 FORMAT DE 5 ET 20 LITRES. R\u00e9f\u00e9rence : ECO-102","og_url":"https:\/\/www.ecosolucionesquimicas.es\/fr\/producto\/lavaparabrisas\/","og_site_name":"Ecosoluciones Qu\u00edmicas","article_publisher":"https:\/\/www.facebook.com\/ecosolucionesquimicasmadrid\/","article_modified_time":"2025-11-20T15:56:06+00:00","og_image":[{"width":2350,"height":2560,"url":"https:\/\/www.ecosolucionesquimicas.es\/wp-content\/uploads\/2024\/02\/ECO-102222-scaled.jpg","type":"image\/jpeg"}],"twitter_card":"summary_large_image","twitter_misc":{"Disponibilit\u00e9":"En stock"},"schema":{"@context":"https:\/\/schema.org","@graph":[{"@type":"WebPage","@id":"https:\/\/www.ecosolucionesquimicas.es\/fr\/producto\/lavaparabrisas\/","url":"https:\/\/www.ecosolucionesquimicas.es\/fr\/producto\/lavaparabrisas\/","name":"Lave-glace - Ecosoluciones Qu\u00edmicas","isPartOf":{"@id":"https:\/\/www.ecosolucionesquimicas.es\/fr\/#website"},"primaryImageOfPage":{"@id":"https:\/\/www.ecosolucionesquimicas.es\/fr\/producto\/lavaparabrisas\/#primaryimage"},"image":{"@id":"https:\/\/www.ecosolucionesquimicas.es\/fr\/producto\/lavaparabrisas\/#primaryimage"},"thumbnailUrl":"https:\/\/www.ecosolucionesquimicas.es\/wp-content\/uploads\/2024\/02\/ECO-102222-scaled.jpg","datePublished":"2024-02-22T12:40:05+00:00","dateModified":"2025-11-20T15:56:06+00:00","breadcrumb":{"@id":"https:\/\/www.ecosolucionesquimicas.es\/fr\/producto\/lavaparabrisas\/#breadcrumb"},"inLanguage":"fr-FR","potentialAction":[{"@type":"ReadAction","target":["https:\/\/www.ecosolucionesquimicas.es\/fr\/producto\/lavaparabrisas\/"]}]},{"@type":"ImageObject","inLanguage":"fr-FR","@id":"https:\/\/www.ecosolucionesquimicas.es\/fr\/producto\/lavaparabrisas\/#primaryimage","url":"https:\/\/www.ecosolucionesquimicas.es\/wp-content\/uploads\/2024\/02\/ECO-102222-scaled.jpg","contentUrl":"https:\/\/www.ecosolucionesquimicas.es\/wp-content\/uploads\/2024\/02\/ECO-102222-scaled.jpg","width":2350,"height":2560},{"@type":"BreadcrumbList","@id":"https:\/\/www.ecosolucionesquimicas.es\/fr\/producto\/lavaparabrisas\/#breadcrumb","itemListElement":[{"@type":"ListItem","position":1,"name":"Portada","item":"https:\/\/www.ecosolucionesquimicas.es\/fr\/home\/"},{"@type":"ListItem","position":2,"name":"Lave-glace"}]},{"@type":"WebSite","@id":"https:\/\/www.ecosolucionesquimicas.es\/fr\/#website","url":"https:\/\/www.ecosolucionesquimicas.es\/fr\/","name":"Ecosoluciones Qu\u00edmicas","description":"Achetez en ligne des produits d'entretien et des produits chimiques fabriqu\u00e9s par nos soins.","publisher":{"@id":"https:\/\/www.ecosolucionesquimicas.es\/fr\/#organization"},"alternateName":"EQM","potentialAction":[{"@type":"SearchAction","target":{"@type":"EntryPoint","urlTemplate":"https:\/\/www.ecosolucionesquimicas.es\/fr\/?s={search_term_string}"},"query-input":{"@type":"PropertyValueSpecification","valueRequired":true,"valueName":"search_term_string"}}],"inLanguage":"fr-FR"},{"@type":"Organization","@id":"https:\/\/www.ecosolucionesquimicas.es\/fr\/#organization","name":"Ecosoluciones Qu\u00edmicas","url":"https:\/\/www.ecosolucionesquimicas.es\/fr\/","logo":{"@type":"ImageObject","inLanguage":"fr-FR","@id":"https:\/\/www.ecosolucionesquimicas.es\/fr\/#\/schema\/logo\/image\/","url":"https:\/\/www.ecosolucionesquimicas.es\/wp-content\/uploads\/2024\/08\/LOGO-EQM-NUEVO-.png","contentUrl":"https:\/\/www.ecosolucionesquimicas.es\/wp-content\/uploads\/2024\/08\/LOGO-EQM-NUEVO-.png","width":1060,"height":456,"caption":"Ecosoluciones Qu\u00edmicas"},"image":{"@id":"https:\/\/www.ecosolucionesquimicas.es\/fr\/#\/schema\/logo\/image\/"},"sameAs":["https:\/\/www.facebook.com\/ecosolucionesquimicasmadrid\/","https:\/\/www.instagram.com\/ecosolucionesquimicas\/"],"hasMerchantReturnPolicy":{"@type":"MerchantReturnPolicy","merchantReturnLink":"https:\/\/www.ecosolucionesquimicas.es\/refund_returns\/"}}]},"product_brand":"EQM","og_availability":"instock","product_availability":"instock","product_retailer_item_id":"ECO-102","product_condition":"new"},"_links":{"self":[{"href":"https:\/\/www.ecosolucionesquimicas.es\/fr\/wp-json\/wp\/v2\/product\/11512","targetHints":{"allow":["GET"]}}],"collection":[{"href":"https:\/\/www.ecosolucionesquimicas.es\/fr\/wp-json\/wp\/v2\/product"}],"about":[{"href":"https:\/\/www.ecosolucionesquimicas.es\/fr\/wp-json\/wp\/v2\/types\/product"}],"wp:featuredmedia":[{"embeddable":true,"href":"https:\/\/www.ecosolucionesquimicas.es\/fr\/wp-json\/wp\/v2\/media\/11513"}],"wp:attachment":[{"href":"https:\/\/www.ecosolucionesquimicas.es\/fr\/wp-json\/wp\/v2\/media?parent=11512"}],"wp:term":[{"taxonomy":"product_brand","embeddable":true,"href":"https:\/\/www.ecosolucionesquimicas.es\/fr\/wp-json\/wp\/v2\/product_brand?post=11512"},{"taxonomy":"product_cat","embeddable":true,"href":"https:\/\/www.ecosolucionesquimicas.es\/fr\/wp-json\/wp\/v2\/product_cat?post=11512"},{"taxonomy":"product_tag","embeddable":true,"href":"https:\/\/www.ecosolucionesquimicas.es\/fr\/wp-json\/wp\/v2\/product_tag?post=11512"}],"curies":[{"name":"wp","href":"https:\/\/api.w.org\/{rel}","templated":true}]}}