{"id":11503,"date":"2024-02-22T13:40:05","date_gmt":"2024-02-22T12:40:05","guid":{"rendered":"https:\/\/www.ecosolucionesquimicas.es\/producto\/limpiacristales-multiusos-perfumado\/"},"modified":"2026-01-30T23:39:51","modified_gmt":"2026-01-30T22:39:51","slug":"limpiacristales-multiusos-perfumado","status":"publish","type":"product","link":"https:\/\/www.ecosolucionesquimicas.es\/fr\/producto\/limpiacristales-multiusos-perfumado\/","title":{"rendered":"Nettoyant \u00e0 vitres multi-usages parfum\u00e9"},"content":{"rendered":"<p><img fetchpriority=\"high\" decoding=\"async\" class=\"alignnone wp-image-3105\" src=\"https:\/\/www.ecosolucionesquimicas.es\/wp-content\/uploads\/2024\/02\/new_penultimate_person_cleaning_a_window_in_a_home-300x171.jpg\" alt=\"\" width=\"550\" height=\"314\" srcset=\"https:\/\/www.ecosolucionesquimicas.es\/wp-content\/uploads\/2024\/02\/new_penultimate_person_cleaning_a_window_in_a_home-300x171.jpg 300w, https:\/\/www.ecosolucionesquimicas.es\/wp-content\/uploads\/2024\/02\/new_penultimate_person_cleaning_a_window_in_a_home-1024x585.jpg 1024w, https:\/\/www.ecosolucionesquimicas.es\/wp-content\/uploads\/2024\/02\/new_penultimate_person_cleaning_a_window_in_a_home-768x439.jpg 768w, https:\/\/www.ecosolucionesquimicas.es\/wp-content\/uploads\/2024\/02\/new_penultimate_person_cleaning_a_window_in_a_home-1536x878.jpg 1536w, https:\/\/www.ecosolucionesquimicas.es\/wp-content\/uploads\/2024\/02\/new_penultimate_person_cleaning_a_window_in_a_home-600x343.jpg 600w, https:\/\/www.ecosolucionesquimicas.es\/wp-content\/uploads\/2024\/02\/new_penultimate_person_cleaning_a_window_in_a_home.jpg 1792w\" sizes=\"(max-width: 550px) 100vw, 550px\" \/><\/p>\n<p><strong>MODE D&rsquo;EMPLOI<\/strong><\/p>\n<p>\ud83d\udd18 <strong>Pr\u00e9paration :<\/strong> Utiliser le nettoyant pour vitres non dilu\u00e9 pour le nettoyage r\u00e9gulier et les taches tenaces.<br \/>\n\ud83d\udd18 <strong>Application :<\/strong> Vaporiser directement sur la surface et couvrir uniform\u00e9ment, en travaillant par sections si elle est grande.<br \/>\n\ud83d\udd18 <strong>Nettoyage :<\/strong> Essuyer avec un chiffon sec en faisant des mouvements circulaires pour enlever la salet\u00e9 et l&rsquo;exc\u00e8s de produit sans laisser de traces.<br \/>\n\ud83d\udd18 <strong>S\u00e9chage :<\/strong> Pas n\u00e9cessaire, le nettoyant pour vitres laisse la vitre impeccable en un seul essuyage.<\/p>\n","protected":false},"excerpt":{"rendered":"<p><strong>NETTOYANT ET POLISH HAUTE PERFORMANCE.<\/strong> ECO-204 permet un nettoyage en profondeur et une brillance durable sans laisser de traces visibles, id\u00e9al pour les fen\u00eatres et les surfaces lisses, les gardant impeccables plus longtemps.<\/p>\n<p><strong>MULTI-USAGES POUR UNE VARI\u00c9T\u00c9 DE SURFACES.<\/strong> En plus de nettoyer les vitres, ECO-204 est parfait pour les \u00e9crans, les meubles, les m\u00e9taux, les chromes, les carreaux, les plastiques, les miroirs et les phares, laissant une finition impeccable et une brillance exceptionnelle \u00e0 chaque utilisation.<\/p>\n<p><strong>FORMULE AVANC\u00c9E \u00c0 S\u00c9CHAGE RAPIDE.<\/strong> Elle s\u00e8che rapidement sans n\u00e9cessiter de s\u00e9chage suppl\u00e9mentaire, et l&rsquo;absence de compos\u00e9s non volatils assure un nettoyage efficace sans laisser de traces, ce qui r\u00e9duit le temps de travail.<\/p>\n<p><strong>PARTICULI\u00c8REMENT ADAPT\u00c9 AUX SURFACES LISSES ET BRILLANTES.<\/strong> ECO-204 garantit des r\u00e9sultats optimaux et une finition professionnelle dans une grande vari\u00e9t\u00e9 d&rsquo;environnements et de surfaces.<\/p>\n<p><strong>\u2705<\/strong><strong> FORMATS DE 750 ML, 5 ET 20 LITRES.<\/strong><\/p>\n<p><strong> R\u00e9f\u00e9rence : ECO-204<\/strong><\/p>\n","protected":false},"featured_media":11504,"template":"","meta":[],"product_brand":[225],"product_cat":[413],"product_tag":[438,439,440],"class_list":{"0":"post-11503","1":"product","2":"type-product","3":"status-publish","4":"has-post-thumbnail","6":"product_brand-eqm","7":"product_cat-limpieza-profesional","8":"product_tag-abrillantador","9":"product_tag-limpiacristales","10":"product_tag-mampara","12":"first","13":"instock","14":"taxable","15":"shipping-taxable","16":"purchasable","17":"product-type-variable"},"acf":[],"yoast_head":"<!-- This site is optimized with the Yoast SEO Premium plugin v27.1 (Yoast SEO v27.4) - https:\/\/yoast.com\/product\/yoast-seo-premium-wordpress\/ -->\n<title>Nettoyant \u00e0 vitres multi-usages parfum\u00e9 - Ecosoluciones Qu\u00edmicas<\/title>\n<meta name=\"robots\" content=\"index, follow, max-snippet:-1, max-image-preview:large, max-video-preview:-1\" \/>\n<link rel=\"canonical\" href=\"https:\/\/www.ecosolucionesquimicas.es\/fr\/producto\/limpiacristales-multiusos-perfumado\/\" \/>\n<meta property=\"og:locale\" content=\"fr_FR\" \/>\n<meta property=\"og:type\" content=\"article\" \/>\n<meta property=\"og:title\" content=\"Nettoyant \u00e0 vitres multi-usages parfum\u00e9\" \/>\n<meta property=\"og:description\" content=\"NETTOYANT ET POLISH HAUTE PERFORMANCE. ECO-204 permet un nettoyage en profondeur et une brillance durable sans laisser de traces visibles, id\u00e9al pour les fen\u00eatres et les surfaces lisses, les gardant impeccables plus longtemps. MULTI-USAGES POUR UNE VARI\u00c9T\u00c9 DE SURFACES. En plus de nettoyer les vitres, ECO-204 est parfait pour les \u00e9crans, les meubles, les m\u00e9taux, les chromes, les carreaux, les plastiques, les miroirs et les phares, laissant une finition impeccable et une brillance exceptionnelle \u00e0 chaque utilisation. FORMULE AVANC\u00c9E \u00c0 S\u00c9CHAGE RAPIDE. Elle s\u00e8che rapidement sans n\u00e9cessiter de s\u00e9chage suppl\u00e9mentaire, et l&#039;absence de compos\u00e9s non volatils assure un nettoyage efficace sans laisser de traces, ce qui r\u00e9duit le temps de travail. PARTICULI\u00c8REMENT ADAPT\u00c9 AUX SURFACES LISSES ET BRILLANTES. ECO-204 garantit des r\u00e9sultats optimaux et une finition professionnelle dans une grande vari\u00e9t\u00e9 d&#039;environnements et de surfaces. \u2705 FORMATS DE 750 ML, 5 ET 20 LITRES.  R\u00e9f\u00e9rence : ECO-204\" \/>\n<meta property=\"og:url\" content=\"https:\/\/www.ecosolucionesquimicas.es\/fr\/producto\/limpiacristales-multiusos-perfumado\/\" \/>\n<meta property=\"og:site_name\" content=\"Ecosoluciones Qu\u00edmicas\" \/>\n<meta property=\"article:publisher\" content=\"https:\/\/www.facebook.com\/ecosolucionesquimicasmadrid\/\" \/>\n<meta property=\"article:modified_time\" content=\"2026-01-30T22:39:51+00:00\" \/>\n<meta property=\"og:image\" content=\"https:\/\/www.ecosolucionesquimicas.es\/wp-content\/uploads\/2025\/04\/ECO-204-750ML-scaled.jpg\" \/>\n\t<meta property=\"og:image:width\" content=\"2350\" \/>\n\t<meta property=\"og:image:height\" content=\"2560\" \/>\n\t<meta property=\"og:image:type\" content=\"image\/jpeg\" \/>\n<meta name=\"twitter:card\" content=\"summary_large_image\" \/>\n<meta name=\"twitter:label1\" content=\"Disponibilit\u00e9\" \/>\n\t<meta name=\"twitter:data1\" content=\"En stock\" \/>\n<script type=\"application\/ld+json\" class=\"yoast-schema-graph\">{\"@context\":\"https:\\\/\\\/schema.org\",\"@graph\":[{\"@type\":\"WebPage\",\"@id\":\"https:\\\/\\\/www.ecosolucionesquimicas.es\\\/fr\\\/producto\\\/limpiacristales-multiusos-perfumado\\\/\",\"url\":\"https:\\\/\\\/www.ecosolucionesquimicas.es\\\/fr\\\/producto\\\/limpiacristales-multiusos-perfumado\\\/\",\"name\":\"Nettoyant \u00e0 vitres multi-usages parfum\u00e9 - Ecosoluciones Qu\u00edmicas\",\"isPartOf\":{\"@id\":\"https:\\\/\\\/www.ecosolucionesquimicas.es\\\/fr\\\/#website\"},\"primaryImageOfPage\":{\"@id\":\"https:\\\/\\\/www.ecosolucionesquimicas.es\\\/fr\\\/producto\\\/limpiacristales-multiusos-perfumado\\\/#primaryimage\"},\"image\":{\"@id\":\"https:\\\/\\\/www.ecosolucionesquimicas.es\\\/fr\\\/producto\\\/limpiacristales-multiusos-perfumado\\\/#primaryimage\"},\"thumbnailUrl\":\"https:\\\/\\\/www.ecosolucionesquimicas.es\\\/wp-content\\\/uploads\\\/2025\\\/04\\\/ECO-204-750ML-scaled.jpg\",\"datePublished\":\"2024-02-22T12:40:05+00:00\",\"dateModified\":\"2026-01-30T22:39:51+00:00\",\"breadcrumb\":{\"@id\":\"https:\\\/\\\/www.ecosolucionesquimicas.es\\\/fr\\\/producto\\\/limpiacristales-multiusos-perfumado\\\/#breadcrumb\"},\"inLanguage\":\"fr-FR\",\"potentialAction\":[{\"@type\":\"ReadAction\",\"target\":[\"https:\\\/\\\/www.ecosolucionesquimicas.es\\\/fr\\\/producto\\\/limpiacristales-multiusos-perfumado\\\/\"]}]},{\"@type\":\"ImageObject\",\"inLanguage\":\"fr-FR\",\"@id\":\"https:\\\/\\\/www.ecosolucionesquimicas.es\\\/fr\\\/producto\\\/limpiacristales-multiusos-perfumado\\\/#primaryimage\",\"url\":\"https:\\\/\\\/www.ecosolucionesquimicas.es\\\/wp-content\\\/uploads\\\/2025\\\/04\\\/ECO-204-750ML-scaled.jpg\",\"contentUrl\":\"https:\\\/\\\/www.ecosolucionesquimicas.es\\\/wp-content\\\/uploads\\\/2025\\\/04\\\/ECO-204-750ML-scaled.jpg\",\"width\":2350,\"height\":2560},{\"@type\":\"BreadcrumbList\",\"@id\":\"https:\\\/\\\/www.ecosolucionesquimicas.es\\\/fr\\\/producto\\\/limpiacristales-multiusos-perfumado\\\/#breadcrumb\",\"itemListElement\":[{\"@type\":\"ListItem\",\"position\":1,\"name\":\"Portada\",\"item\":\"https:\\\/\\\/www.ecosolucionesquimicas.es\\\/fr\\\/home\\\/\"},{\"@type\":\"ListItem\",\"position\":2,\"name\":\"Nettoyant \u00e0 vitres multi-usages parfum\u00e9\"}]},{\"@type\":\"WebSite\",\"@id\":\"https:\\\/\\\/www.ecosolucionesquimicas.es\\\/fr\\\/#website\",\"url\":\"https:\\\/\\\/www.ecosolucionesquimicas.es\\\/fr\\\/\",\"name\":\"Ecosoluciones Qu\u00edmicas\",\"description\":\"Achetez en ligne des produits d'entretien et des produits chimiques fabriqu\u00e9s par nos soins.\",\"publisher\":{\"@id\":\"https:\\\/\\\/www.ecosolucionesquimicas.es\\\/fr\\\/#organization\"},\"alternateName\":\"EQM\",\"potentialAction\":[{\"@type\":\"SearchAction\",\"target\":{\"@type\":\"EntryPoint\",\"urlTemplate\":\"https:\\\/\\\/www.ecosolucionesquimicas.es\\\/fr\\\/?s={search_term_string}\"},\"query-input\":{\"@type\":\"PropertyValueSpecification\",\"valueRequired\":true,\"valueName\":\"search_term_string\"}}],\"inLanguage\":\"fr-FR\"},{\"@type\":\"Organization\",\"@id\":\"https:\\\/\\\/www.ecosolucionesquimicas.es\\\/fr\\\/#organization\",\"name\":\"Ecosoluciones Qu\u00edmicas\",\"url\":\"https:\\\/\\\/www.ecosolucionesquimicas.es\\\/fr\\\/\",\"logo\":{\"@type\":\"ImageObject\",\"inLanguage\":\"fr-FR\",\"@id\":\"https:\\\/\\\/www.ecosolucionesquimicas.es\\\/fr\\\/#\\\/schema\\\/logo\\\/image\\\/\",\"url\":\"https:\\\/\\\/www.ecosolucionesquimicas.es\\\/wp-content\\\/uploads\\\/2024\\\/08\\\/LOGO-EQM-NUEVO-.png\",\"contentUrl\":\"https:\\\/\\\/www.ecosolucionesquimicas.es\\\/wp-content\\\/uploads\\\/2024\\\/08\\\/LOGO-EQM-NUEVO-.png\",\"width\":1060,\"height\":456,\"caption\":\"Ecosoluciones Qu\u00edmicas\"},\"image\":{\"@id\":\"https:\\\/\\\/www.ecosolucionesquimicas.es\\\/fr\\\/#\\\/schema\\\/logo\\\/image\\\/\"},\"sameAs\":[\"https:\\\/\\\/www.facebook.com\\\/ecosolucionesquimicasmadrid\\\/\",\"https:\\\/\\\/www.instagram.com\\\/ecosolucionesquimicas\\\/\"],\"hasMerchantReturnPolicy\":{\"@type\":\"MerchantReturnPolicy\",\"merchantReturnLink\":\"https:\\\/\\\/www.ecosolucionesquimicas.es\\\/refund_returns\\\/\"}}]}<\/script>\n<meta property=\"product:brand\" content=\"EQM\" \/>\n<meta property=\"og:availability\" content=\"instock\" \/>\n<meta property=\"product:availability\" content=\"instock\" \/>\n<meta property=\"product:retailer_item_id\" content=\"ECO-204\" \/>\n<meta property=\"product:condition\" content=\"new\" \/>\n<!-- \/ Yoast SEO Premium plugin. -->","yoast_head_json":{"title":"Nettoyant \u00e0 vitres multi-usages parfum\u00e9 - Ecosoluciones Qu\u00edmicas","robots":{"index":"index","follow":"follow","max-snippet":"max-snippet:-1","max-image-preview":"max-image-preview:large","max-video-preview":"max-video-preview:-1"},"canonical":"https:\/\/www.ecosolucionesquimicas.es\/fr\/producto\/limpiacristales-multiusos-perfumado\/","og_locale":"fr_FR","og_type":"article","og_title":"Nettoyant \u00e0 vitres multi-usages parfum\u00e9","og_description":"NETTOYANT ET POLISH HAUTE PERFORMANCE. ECO-204 permet un nettoyage en profondeur et une brillance durable sans laisser de traces visibles, id\u00e9al pour les fen\u00eatres et les surfaces lisses, les gardant impeccables plus longtemps. MULTI-USAGES POUR UNE VARI\u00c9T\u00c9 DE SURFACES. En plus de nettoyer les vitres, ECO-204 est parfait pour les \u00e9crans, les meubles, les m\u00e9taux, les chromes, les carreaux, les plastiques, les miroirs et les phares, laissant une finition impeccable et une brillance exceptionnelle \u00e0 chaque utilisation. FORMULE AVANC\u00c9E \u00c0 S\u00c9CHAGE RAPIDE. Elle s\u00e8che rapidement sans n\u00e9cessiter de s\u00e9chage suppl\u00e9mentaire, et l'absence de compos\u00e9s non volatils assure un nettoyage efficace sans laisser de traces, ce qui r\u00e9duit le temps de travail. PARTICULI\u00c8REMENT ADAPT\u00c9 AUX SURFACES LISSES ET BRILLANTES. ECO-204 garantit des r\u00e9sultats optimaux et une finition professionnelle dans une grande vari\u00e9t\u00e9 d'environnements et de surfaces. \u2705 FORMATS DE 750 ML, 5 ET 20 LITRES.  R\u00e9f\u00e9rence : ECO-204","og_url":"https:\/\/www.ecosolucionesquimicas.es\/fr\/producto\/limpiacristales-multiusos-perfumado\/","og_site_name":"Ecosoluciones Qu\u00edmicas","article_publisher":"https:\/\/www.facebook.com\/ecosolucionesquimicasmadrid\/","article_modified_time":"2026-01-30T22:39:51+00:00","og_image":[{"width":2350,"height":2560,"url":"https:\/\/www.ecosolucionesquimicas.es\/wp-content\/uploads\/2025\/04\/ECO-204-750ML-scaled.jpg","type":"image\/jpeg"}],"twitter_card":"summary_large_image","twitter_misc":{"Disponibilit\u00e9":"En stock"},"schema":{"@context":"https:\/\/schema.org","@graph":[{"@type":"WebPage","@id":"https:\/\/www.ecosolucionesquimicas.es\/fr\/producto\/limpiacristales-multiusos-perfumado\/","url":"https:\/\/www.ecosolucionesquimicas.es\/fr\/producto\/limpiacristales-multiusos-perfumado\/","name":"Nettoyant \u00e0 vitres multi-usages parfum\u00e9 - Ecosoluciones Qu\u00edmicas","isPartOf":{"@id":"https:\/\/www.ecosolucionesquimicas.es\/fr\/#website"},"primaryImageOfPage":{"@id":"https:\/\/www.ecosolucionesquimicas.es\/fr\/producto\/limpiacristales-multiusos-perfumado\/#primaryimage"},"image":{"@id":"https:\/\/www.ecosolucionesquimicas.es\/fr\/producto\/limpiacristales-multiusos-perfumado\/#primaryimage"},"thumbnailUrl":"https:\/\/www.ecosolucionesquimicas.es\/wp-content\/uploads\/2025\/04\/ECO-204-750ML-scaled.jpg","datePublished":"2024-02-22T12:40:05+00:00","dateModified":"2026-01-30T22:39:51+00:00","breadcrumb":{"@id":"https:\/\/www.ecosolucionesquimicas.es\/fr\/producto\/limpiacristales-multiusos-perfumado\/#breadcrumb"},"inLanguage":"fr-FR","potentialAction":[{"@type":"ReadAction","target":["https:\/\/www.ecosolucionesquimicas.es\/fr\/producto\/limpiacristales-multiusos-perfumado\/"]}]},{"@type":"ImageObject","inLanguage":"fr-FR","@id":"https:\/\/www.ecosolucionesquimicas.es\/fr\/producto\/limpiacristales-multiusos-perfumado\/#primaryimage","url":"https:\/\/www.ecosolucionesquimicas.es\/wp-content\/uploads\/2025\/04\/ECO-204-750ML-scaled.jpg","contentUrl":"https:\/\/www.ecosolucionesquimicas.es\/wp-content\/uploads\/2025\/04\/ECO-204-750ML-scaled.jpg","width":2350,"height":2560},{"@type":"BreadcrumbList","@id":"https:\/\/www.ecosolucionesquimicas.es\/fr\/producto\/limpiacristales-multiusos-perfumado\/#breadcrumb","itemListElement":[{"@type":"ListItem","position":1,"name":"Portada","item":"https:\/\/www.ecosolucionesquimicas.es\/fr\/home\/"},{"@type":"ListItem","position":2,"name":"Nettoyant \u00e0 vitres multi-usages parfum\u00e9"}]},{"@type":"WebSite","@id":"https:\/\/www.ecosolucionesquimicas.es\/fr\/#website","url":"https:\/\/www.ecosolucionesquimicas.es\/fr\/","name":"Ecosoluciones Qu\u00edmicas","description":"Achetez en ligne des produits d'entretien et des produits chimiques fabriqu\u00e9s par nos soins.","publisher":{"@id":"https:\/\/www.ecosolucionesquimicas.es\/fr\/#organization"},"alternateName":"EQM","potentialAction":[{"@type":"SearchAction","target":{"@type":"EntryPoint","urlTemplate":"https:\/\/www.ecosolucionesquimicas.es\/fr\/?s={search_term_string}"},"query-input":{"@type":"PropertyValueSpecification","valueRequired":true,"valueName":"search_term_string"}}],"inLanguage":"fr-FR"},{"@type":"Organization","@id":"https:\/\/www.ecosolucionesquimicas.es\/fr\/#organization","name":"Ecosoluciones Qu\u00edmicas","url":"https:\/\/www.ecosolucionesquimicas.es\/fr\/","logo":{"@type":"ImageObject","inLanguage":"fr-FR","@id":"https:\/\/www.ecosolucionesquimicas.es\/fr\/#\/schema\/logo\/image\/","url":"https:\/\/www.ecosolucionesquimicas.es\/wp-content\/uploads\/2024\/08\/LOGO-EQM-NUEVO-.png","contentUrl":"https:\/\/www.ecosolucionesquimicas.es\/wp-content\/uploads\/2024\/08\/LOGO-EQM-NUEVO-.png","width":1060,"height":456,"caption":"Ecosoluciones Qu\u00edmicas"},"image":{"@id":"https:\/\/www.ecosolucionesquimicas.es\/fr\/#\/schema\/logo\/image\/"},"sameAs":["https:\/\/www.facebook.com\/ecosolucionesquimicasmadrid\/","https:\/\/www.instagram.com\/ecosolucionesquimicas\/"],"hasMerchantReturnPolicy":{"@type":"MerchantReturnPolicy","merchantReturnLink":"https:\/\/www.ecosolucionesquimicas.es\/refund_returns\/"}}]},"product_brand":"EQM","og_availability":"instock","product_availability":"instock","product_retailer_item_id":"ECO-204","product_condition":"new"},"_links":{"self":[{"href":"https:\/\/www.ecosolucionesquimicas.es\/fr\/wp-json\/wp\/v2\/product\/11503","targetHints":{"allow":["GET"]}}],"collection":[{"href":"https:\/\/www.ecosolucionesquimicas.es\/fr\/wp-json\/wp\/v2\/product"}],"about":[{"href":"https:\/\/www.ecosolucionesquimicas.es\/fr\/wp-json\/wp\/v2\/types\/product"}],"wp:featuredmedia":[{"embeddable":true,"href":"https:\/\/www.ecosolucionesquimicas.es\/fr\/wp-json\/wp\/v2\/media\/11504"}],"wp:attachment":[{"href":"https:\/\/www.ecosolucionesquimicas.es\/fr\/wp-json\/wp\/v2\/media?parent=11503"}],"wp:term":[{"taxonomy":"product_brand","embeddable":true,"href":"https:\/\/www.ecosolucionesquimicas.es\/fr\/wp-json\/wp\/v2\/product_brand?post=11503"},{"taxonomy":"product_cat","embeddable":true,"href":"https:\/\/www.ecosolucionesquimicas.es\/fr\/wp-json\/wp\/v2\/product_cat?post=11503"},{"taxonomy":"product_tag","embeddable":true,"href":"https:\/\/www.ecosolucionesquimicas.es\/fr\/wp-json\/wp\/v2\/product_tag?post=11503"}],"curies":[{"name":"wp","href":"https:\/\/api.w.org\/{rel}","templated":true}]}}