{"id":11486,"date":"2024-02-22T13:40:05","date_gmt":"2024-02-22T12:40:05","guid":{"rendered":"https:\/\/www.ecosolucionesquimicas.es\/producto\/desengrasante-concentrado\/"},"modified":"2026-03-10T19:55:07","modified_gmt":"2026-03-10T18:55:07","slug":"desengrasante-concentrado","status":"publish","type":"product","link":"https:\/\/www.ecosolucionesquimicas.es\/fr\/producto\/desengrasante-concentrado\/","title":{"rendered":"D\u00e9graissant concentr\u00e9"},"content":{"rendered":"<h6><img fetchpriority=\"high\" decoding=\"async\" class=\"alignnone wp-image-3071\" src=\"https:\/\/www.ecosolucionesquimicas.es\/wp-content\/uploads\/2024\/02\/DALL%C2%B7E-2024-08-01-23.07.45-oven-with-moderate-dirt-and-visible-grease-integrated-into-a-kitchen.-A-person-is-cleaning-the-oven-using-a-sponge-and-cleaning-solution.-Th-300x300.webp\" alt=\"\" width=\"550\" height=\"550\"><\/h6>\n<p><strong>MODE D&rsquo;EMPLOI<\/strong><\/p>\n<p><strong>Application g\u00e9n\u00e9rale :<\/strong> Vaporiser le d\u00e9graissant sur la surface, laisser agir 10 \u00e0 15 minutes et rincer \u00e0 l&rsquo;eau.<br \/>\n\ud83d\udd18 <strong>Nettoyage de machines ou de surfaces peintes :<\/strong> Diluer 1:15, appliquer, laisser agir et rincer.<br \/>\n<strong>Nettoyage des sols industriels :<\/strong> Diluer 1:10, vaporiser, laisser agir et rincer.<br \/>\n\ud83d\udd18 <strong>Salissure selon l&rsquo;intensit\u00e9 : <\/strong><span style=\"text-decoration: underline;\">L\u00e9g\u00e8re :<\/span> Diluer 1:20 <span style=\"text-decoration: underline;\">Mod\u00e9r\u00e9e<\/span>: Diluer 1:10 <span style=\"text-decoration: underline;\">Forte :<\/span> Diluer 1:5.<br \/>\n\ud83d\udd18 <strong>Surfaces en aluminium :<\/strong> Diluer 1:15.<\/p>\n","protected":false},"excerpt":{"rendered":"<div class=\"flex-shrink-0 flex flex-col relative items-end\">\n<div class=\"pt-0\">\n<div class=\"gizmo-bot-avatar flex h-8 w-8 items-center justify-center overflow-hidden rounded-full\">\n<div class=\"relative p-1 rounded-sm flex items-center justify-center bg-token-main-surface-primary text-token-text-primary h-8 w-8\">\n<p><strong>ECO-109 EST ID\u00c9AL POUR UNE GRANDE VARI\u00c9T\u00c9 DE SURFACES. Comme les cuisines, les fours, les grilles, les hottes aspirantes, les carrelages, les r\u00e9frig\u00e9rateurs, les salles de bain, les v\u00eatements, les tissus d&rsquo;ameublement, le bois, les machines, les moteurs, les filtres et les sols industriels. <\/strong><\/p>\n<p><strong>D\u00c9GRAISSANT TR\u00c8S CONCENTR\u00c9 \u00c0 BASE DE TENSIOACTIFS, D&rsquo;ALCOOLS ET D&rsquo;AGENTS ALCALINS.<\/strong>  Ils dissolvent la graisse, l&rsquo;huile, la cire et les adh\u00e9sifs, ce qui facilite le nettoyage des surfaces dures et r\u00e9duit les efforts personnels.<\/p>\n<p><strong>HAUT POUVOIR D\u00c9GRAISSANT, PARFAIT POUR NETTOYER LES ENDROITS EXTR\u00caMEMENT SALES<\/strong>. Dissout rapidement les graisses d&rsquo;origine v\u00e9g\u00e9tale, animale ou min\u00e9rale, garantissant un nettoyage imm\u00e9diat. <\/p>\n<p><strong>\u2705 CON\u00c7U POUR UN USAGE INDUSTRIEL ET DOMESTIQUE.<\/strong>  Fournir des r\u00e9sultats efficaces dans tout type d&rsquo;environnement, des grandes installations \u00e0 la maison.<\/p>\n<\/div>\n<\/div>\n<\/div>\n<\/div>\n<p><strong>\u2705<\/strong><strong> FORMAT DE 5 ET 20 LITRES.<\/strong><\/p>\n<p><strong>R\u00e9f\u00e9rence : ECO-109<\/strong><\/p>\n","protected":false},"featured_media":11487,"template":"","meta":[],"product_brand":[225],"product_cat":[413],"product_tag":[415,414,416],"class_list":{"0":"post-11486","1":"product","2":"type-product","3":"status-publish","4":"has-post-thumbnail","6":"product_brand-eqm","7":"product_cat-limpieza-profesional","8":"product_tag-desengrasante","9":"product_tag-limpiador","10":"product_tag-suciedad","12":"first","13":"instock","14":"taxable","15":"shipping-taxable","16":"purchasable","17":"product-type-variable"},"acf":[],"yoast_head":"<!-- This site is optimized with the Yoast SEO Premium plugin v27.1 (Yoast SEO v27.4) - https:\/\/yoast.com\/product\/yoast-seo-premium-wordpress\/ -->\n<title>D\u00e9graissant concentr\u00e9 - Ecosoluciones Qu\u00edmicas<\/title>\n<meta name=\"robots\" content=\"index, follow, max-snippet:-1, max-image-preview:large, max-video-preview:-1\" \/>\n<link rel=\"canonical\" href=\"https:\/\/www.ecosolucionesquimicas.es\/fr\/producto\/desengrasante-concentrado\/\" \/>\n<meta property=\"og:locale\" content=\"fr_FR\" \/>\n<meta property=\"og:type\" content=\"article\" \/>\n<meta property=\"og:title\" content=\"D\u00e9graissant concentr\u00e9\" \/>\n<meta property=\"og:description\" content=\"ECO-109 EST ID\u00c9AL POUR UNE GRANDE VARI\u00c9T\u00c9 DE SURFACES. Comme les cuisines, les fours, les grilles, les hottes aspirantes, les carrelages, les r\u00e9frig\u00e9rateurs, les salles de bain, les v\u00eatements, les tissus d&#039;ameublement, le bois, les machines, les moteurs, les filtres et les sols industriels.  D\u00c9GRAISSANT TR\u00c8S CONCENTR\u00c9 \u00c0 BASE DE TENSIOACTIFS, D&#039;ALCOOLS ET D&#039;AGENTS ALCALINS. Ils dissolvent la graisse, l&#039;huile, la cire et les adh\u00e9sifs, ce qui facilite le nettoyage des surfaces dures et r\u00e9duit les efforts personnels. HAUT POUVOIR D\u00c9GRAISSANT, PARFAIT POUR NETTOYER LES ENDROITS EXTR\u00caMEMENT SALES. Dissout rapidement les graisses d&#039;origine v\u00e9g\u00e9tale, animale ou min\u00e9rale, garantissant un nettoyage imm\u00e9diat.  \u2705 CON\u00c7U POUR UN USAGE INDUSTRIEL ET DOMESTIQUE. Fournir des r\u00e9sultats efficaces dans tout type d&#039;environnement, des grandes installations \u00e0 la maison.   \u2705 FORMAT DE 5 ET 20 LITRES. R\u00e9f\u00e9rence : ECO-109\" \/>\n<meta property=\"og:url\" content=\"https:\/\/www.ecosolucionesquimicas.es\/fr\/producto\/desengrasante-concentrado\/\" \/>\n<meta property=\"og:site_name\" content=\"Ecosoluciones Qu\u00edmicas\" \/>\n<meta property=\"article:publisher\" content=\"https:\/\/www.facebook.com\/ecosolucionesquimicasmadrid\/\" \/>\n<meta property=\"article:modified_time\" content=\"2026-03-10T18:55:07+00:00\" \/>\n<meta property=\"og:image\" content=\"https:\/\/www.ecosolucionesquimicas.es\/wp-content\/uploads\/2024\/02\/ECO-109-5L-scaled.jpg\" \/>\n\t<meta property=\"og:image:width\" content=\"2350\" \/>\n\t<meta property=\"og:image:height\" content=\"2560\" \/>\n\t<meta property=\"og:image:type\" content=\"image\/jpeg\" \/>\n<meta name=\"twitter:card\" content=\"summary_large_image\" \/>\n<meta name=\"twitter:label1\" content=\"Disponibilit\u00e9\" \/>\n\t<meta name=\"twitter:data1\" content=\"En stock\" \/>\n<script type=\"application\/ld+json\" class=\"yoast-schema-graph\">{\"@context\":\"https:\\\/\\\/schema.org\",\"@graph\":[{\"@type\":\"WebPage\",\"@id\":\"https:\\\/\\\/www.ecosolucionesquimicas.es\\\/fr\\\/producto\\\/desengrasante-concentrado\\\/\",\"url\":\"https:\\\/\\\/www.ecosolucionesquimicas.es\\\/fr\\\/producto\\\/desengrasante-concentrado\\\/\",\"name\":\"D\u00e9graissant concentr\u00e9 - Ecosoluciones Qu\u00edmicas\",\"isPartOf\":{\"@id\":\"https:\\\/\\\/www.ecosolucionesquimicas.es\\\/fr\\\/#website\"},\"primaryImageOfPage\":{\"@id\":\"https:\\\/\\\/www.ecosolucionesquimicas.es\\\/fr\\\/producto\\\/desengrasante-concentrado\\\/#primaryimage\"},\"image\":{\"@id\":\"https:\\\/\\\/www.ecosolucionesquimicas.es\\\/fr\\\/producto\\\/desengrasante-concentrado\\\/#primaryimage\"},\"thumbnailUrl\":\"https:\\\/\\\/www.ecosolucionesquimicas.es\\\/wp-content\\\/uploads\\\/2024\\\/02\\\/ECO-109-5L-scaled.jpg\",\"datePublished\":\"2024-02-22T12:40:05+00:00\",\"dateModified\":\"2026-03-10T18:55:07+00:00\",\"breadcrumb\":{\"@id\":\"https:\\\/\\\/www.ecosolucionesquimicas.es\\\/fr\\\/producto\\\/desengrasante-concentrado\\\/#breadcrumb\"},\"inLanguage\":\"fr-FR\",\"potentialAction\":[{\"@type\":\"ReadAction\",\"target\":[\"https:\\\/\\\/www.ecosolucionesquimicas.es\\\/fr\\\/producto\\\/desengrasante-concentrado\\\/\"]}]},{\"@type\":\"ImageObject\",\"inLanguage\":\"fr-FR\",\"@id\":\"https:\\\/\\\/www.ecosolucionesquimicas.es\\\/fr\\\/producto\\\/desengrasante-concentrado\\\/#primaryimage\",\"url\":\"https:\\\/\\\/www.ecosolucionesquimicas.es\\\/wp-content\\\/uploads\\\/2024\\\/02\\\/ECO-109-5L-scaled.jpg\",\"contentUrl\":\"https:\\\/\\\/www.ecosolucionesquimicas.es\\\/wp-content\\\/uploads\\\/2024\\\/02\\\/ECO-109-5L-scaled.jpg\",\"width\":2350,\"height\":2560},{\"@type\":\"BreadcrumbList\",\"@id\":\"https:\\\/\\\/www.ecosolucionesquimicas.es\\\/fr\\\/producto\\\/desengrasante-concentrado\\\/#breadcrumb\",\"itemListElement\":[{\"@type\":\"ListItem\",\"position\":1,\"name\":\"Portada\",\"item\":\"https:\\\/\\\/www.ecosolucionesquimicas.es\\\/fr\\\/home\\\/\"},{\"@type\":\"ListItem\",\"position\":2,\"name\":\"D\u00e9graissant concentr\u00e9\"}]},{\"@type\":\"WebSite\",\"@id\":\"https:\\\/\\\/www.ecosolucionesquimicas.es\\\/fr\\\/#website\",\"url\":\"https:\\\/\\\/www.ecosolucionesquimicas.es\\\/fr\\\/\",\"name\":\"Ecosoluciones Qu\u00edmicas\",\"description\":\"Achetez en ligne des produits d'entretien et des produits chimiques fabriqu\u00e9s par nos soins.\",\"publisher\":{\"@id\":\"https:\\\/\\\/www.ecosolucionesquimicas.es\\\/fr\\\/#organization\"},\"alternateName\":\"EQM\",\"potentialAction\":[{\"@type\":\"SearchAction\",\"target\":{\"@type\":\"EntryPoint\",\"urlTemplate\":\"https:\\\/\\\/www.ecosolucionesquimicas.es\\\/fr\\\/?s={search_term_string}\"},\"query-input\":{\"@type\":\"PropertyValueSpecification\",\"valueRequired\":true,\"valueName\":\"search_term_string\"}}],\"inLanguage\":\"fr-FR\"},{\"@type\":\"Organization\",\"@id\":\"https:\\\/\\\/www.ecosolucionesquimicas.es\\\/fr\\\/#organization\",\"name\":\"Ecosoluciones Qu\u00edmicas\",\"url\":\"https:\\\/\\\/www.ecosolucionesquimicas.es\\\/fr\\\/\",\"logo\":{\"@type\":\"ImageObject\",\"inLanguage\":\"fr-FR\",\"@id\":\"https:\\\/\\\/www.ecosolucionesquimicas.es\\\/fr\\\/#\\\/schema\\\/logo\\\/image\\\/\",\"url\":\"https:\\\/\\\/www.ecosolucionesquimicas.es\\\/wp-content\\\/uploads\\\/2024\\\/08\\\/LOGO-EQM-NUEVO-.png\",\"contentUrl\":\"https:\\\/\\\/www.ecosolucionesquimicas.es\\\/wp-content\\\/uploads\\\/2024\\\/08\\\/LOGO-EQM-NUEVO-.png\",\"width\":1060,\"height\":456,\"caption\":\"Ecosoluciones Qu\u00edmicas\"},\"image\":{\"@id\":\"https:\\\/\\\/www.ecosolucionesquimicas.es\\\/fr\\\/#\\\/schema\\\/logo\\\/image\\\/\"},\"sameAs\":[\"https:\\\/\\\/www.facebook.com\\\/ecosolucionesquimicasmadrid\\\/\",\"https:\\\/\\\/www.instagram.com\\\/ecosolucionesquimicas\\\/\"],\"hasMerchantReturnPolicy\":{\"@type\":\"MerchantReturnPolicy\",\"merchantReturnLink\":\"https:\\\/\\\/www.ecosolucionesquimicas.es\\\/refund_returns\\\/\"}}]}<\/script>\n<meta property=\"product:brand\" content=\"EQM\" \/>\n<meta property=\"og:availability\" content=\"instock\" \/>\n<meta property=\"product:availability\" content=\"instock\" \/>\n<meta property=\"product:retailer_item_id\" content=\"ECO-109\" \/>\n<meta property=\"product:condition\" content=\"new\" \/>\n<!-- \/ Yoast SEO Premium plugin. -->","yoast_head_json":{"title":"D\u00e9graissant concentr\u00e9 - Ecosoluciones Qu\u00edmicas","robots":{"index":"index","follow":"follow","max-snippet":"max-snippet:-1","max-image-preview":"max-image-preview:large","max-video-preview":"max-video-preview:-1"},"canonical":"https:\/\/www.ecosolucionesquimicas.es\/fr\/producto\/desengrasante-concentrado\/","og_locale":"fr_FR","og_type":"article","og_title":"D\u00e9graissant concentr\u00e9","og_description":"ECO-109 EST ID\u00c9AL POUR UNE GRANDE VARI\u00c9T\u00c9 DE SURFACES. Comme les cuisines, les fours, les grilles, les hottes aspirantes, les carrelages, les r\u00e9frig\u00e9rateurs, les salles de bain, les v\u00eatements, les tissus d'ameublement, le bois, les machines, les moteurs, les filtres et les sols industriels.  D\u00c9GRAISSANT TR\u00c8S CONCENTR\u00c9 \u00c0 BASE DE TENSIOACTIFS, D'ALCOOLS ET D'AGENTS ALCALINS. Ils dissolvent la graisse, l'huile, la cire et les adh\u00e9sifs, ce qui facilite le nettoyage des surfaces dures et r\u00e9duit les efforts personnels. HAUT POUVOIR D\u00c9GRAISSANT, PARFAIT POUR NETTOYER LES ENDROITS EXTR\u00caMEMENT SALES. Dissout rapidement les graisses d'origine v\u00e9g\u00e9tale, animale ou min\u00e9rale, garantissant un nettoyage imm\u00e9diat.  \u2705 CON\u00c7U POUR UN USAGE INDUSTRIEL ET DOMESTIQUE. Fournir des r\u00e9sultats efficaces dans tout type d'environnement, des grandes installations \u00e0 la maison.   \u2705 FORMAT DE 5 ET 20 LITRES. R\u00e9f\u00e9rence : ECO-109","og_url":"https:\/\/www.ecosolucionesquimicas.es\/fr\/producto\/desengrasante-concentrado\/","og_site_name":"Ecosoluciones Qu\u00edmicas","article_publisher":"https:\/\/www.facebook.com\/ecosolucionesquimicasmadrid\/","article_modified_time":"2026-03-10T18:55:07+00:00","og_image":[{"width":2350,"height":2560,"url":"https:\/\/www.ecosolucionesquimicas.es\/wp-content\/uploads\/2024\/02\/ECO-109-5L-scaled.jpg","type":"image\/jpeg"}],"twitter_card":"summary_large_image","twitter_misc":{"Disponibilit\u00e9":"En stock"},"schema":{"@context":"https:\/\/schema.org","@graph":[{"@type":"WebPage","@id":"https:\/\/www.ecosolucionesquimicas.es\/fr\/producto\/desengrasante-concentrado\/","url":"https:\/\/www.ecosolucionesquimicas.es\/fr\/producto\/desengrasante-concentrado\/","name":"D\u00e9graissant concentr\u00e9 - Ecosoluciones Qu\u00edmicas","isPartOf":{"@id":"https:\/\/www.ecosolucionesquimicas.es\/fr\/#website"},"primaryImageOfPage":{"@id":"https:\/\/www.ecosolucionesquimicas.es\/fr\/producto\/desengrasante-concentrado\/#primaryimage"},"image":{"@id":"https:\/\/www.ecosolucionesquimicas.es\/fr\/producto\/desengrasante-concentrado\/#primaryimage"},"thumbnailUrl":"https:\/\/www.ecosolucionesquimicas.es\/wp-content\/uploads\/2024\/02\/ECO-109-5L-scaled.jpg","datePublished":"2024-02-22T12:40:05+00:00","dateModified":"2026-03-10T18:55:07+00:00","breadcrumb":{"@id":"https:\/\/www.ecosolucionesquimicas.es\/fr\/producto\/desengrasante-concentrado\/#breadcrumb"},"inLanguage":"fr-FR","potentialAction":[{"@type":"ReadAction","target":["https:\/\/www.ecosolucionesquimicas.es\/fr\/producto\/desengrasante-concentrado\/"]}]},{"@type":"ImageObject","inLanguage":"fr-FR","@id":"https:\/\/www.ecosolucionesquimicas.es\/fr\/producto\/desengrasante-concentrado\/#primaryimage","url":"https:\/\/www.ecosolucionesquimicas.es\/wp-content\/uploads\/2024\/02\/ECO-109-5L-scaled.jpg","contentUrl":"https:\/\/www.ecosolucionesquimicas.es\/wp-content\/uploads\/2024\/02\/ECO-109-5L-scaled.jpg","width":2350,"height":2560},{"@type":"BreadcrumbList","@id":"https:\/\/www.ecosolucionesquimicas.es\/fr\/producto\/desengrasante-concentrado\/#breadcrumb","itemListElement":[{"@type":"ListItem","position":1,"name":"Portada","item":"https:\/\/www.ecosolucionesquimicas.es\/fr\/home\/"},{"@type":"ListItem","position":2,"name":"D\u00e9graissant concentr\u00e9"}]},{"@type":"WebSite","@id":"https:\/\/www.ecosolucionesquimicas.es\/fr\/#website","url":"https:\/\/www.ecosolucionesquimicas.es\/fr\/","name":"Ecosoluciones Qu\u00edmicas","description":"Achetez en ligne des produits d'entretien et des produits chimiques fabriqu\u00e9s par nos soins.","publisher":{"@id":"https:\/\/www.ecosolucionesquimicas.es\/fr\/#organization"},"alternateName":"EQM","potentialAction":[{"@type":"SearchAction","target":{"@type":"EntryPoint","urlTemplate":"https:\/\/www.ecosolucionesquimicas.es\/fr\/?s={search_term_string}"},"query-input":{"@type":"PropertyValueSpecification","valueRequired":true,"valueName":"search_term_string"}}],"inLanguage":"fr-FR"},{"@type":"Organization","@id":"https:\/\/www.ecosolucionesquimicas.es\/fr\/#organization","name":"Ecosoluciones Qu\u00edmicas","url":"https:\/\/www.ecosolucionesquimicas.es\/fr\/","logo":{"@type":"ImageObject","inLanguage":"fr-FR","@id":"https:\/\/www.ecosolucionesquimicas.es\/fr\/#\/schema\/logo\/image\/","url":"https:\/\/www.ecosolucionesquimicas.es\/wp-content\/uploads\/2024\/08\/LOGO-EQM-NUEVO-.png","contentUrl":"https:\/\/www.ecosolucionesquimicas.es\/wp-content\/uploads\/2024\/08\/LOGO-EQM-NUEVO-.png","width":1060,"height":456,"caption":"Ecosoluciones Qu\u00edmicas"},"image":{"@id":"https:\/\/www.ecosolucionesquimicas.es\/fr\/#\/schema\/logo\/image\/"},"sameAs":["https:\/\/www.facebook.com\/ecosolucionesquimicasmadrid\/","https:\/\/www.instagram.com\/ecosolucionesquimicas\/"],"hasMerchantReturnPolicy":{"@type":"MerchantReturnPolicy","merchantReturnLink":"https:\/\/www.ecosolucionesquimicas.es\/refund_returns\/"}}]},"product_brand":"EQM","og_availability":"instock","product_availability":"instock","product_retailer_item_id":"ECO-109","product_condition":"new"},"_links":{"self":[{"href":"https:\/\/www.ecosolucionesquimicas.es\/fr\/wp-json\/wp\/v2\/product\/11486","targetHints":{"allow":["GET"]}}],"collection":[{"href":"https:\/\/www.ecosolucionesquimicas.es\/fr\/wp-json\/wp\/v2\/product"}],"about":[{"href":"https:\/\/www.ecosolucionesquimicas.es\/fr\/wp-json\/wp\/v2\/types\/product"}],"wp:featuredmedia":[{"embeddable":true,"href":"https:\/\/www.ecosolucionesquimicas.es\/fr\/wp-json\/wp\/v2\/media\/11487"}],"wp:attachment":[{"href":"https:\/\/www.ecosolucionesquimicas.es\/fr\/wp-json\/wp\/v2\/media?parent=11486"}],"wp:term":[{"taxonomy":"product_brand","embeddable":true,"href":"https:\/\/www.ecosolucionesquimicas.es\/fr\/wp-json\/wp\/v2\/product_brand?post=11486"},{"taxonomy":"product_cat","embeddable":true,"href":"https:\/\/www.ecosolucionesquimicas.es\/fr\/wp-json\/wp\/v2\/product_cat?post=11486"},{"taxonomy":"product_tag","embeddable":true,"href":"https:\/\/www.ecosolucionesquimicas.es\/fr\/wp-json\/wp\/v2\/product_tag?post=11486"}],"curies":[{"name":"wp","href":"https:\/\/api.w.org\/{rel}","templated":true}]}}