{"id":11478,"date":"2024-02-22T13:40:05","date_gmt":"2024-02-22T12:40:05","guid":{"rendered":"https:\/\/www.ecosolucionesquimicas.es\/producto\/agua-desionizada\/"},"modified":"2025-11-20T16:56:23","modified_gmt":"2025-11-20T15:56:23","slug":"agua-desionizada","status":"publish","type":"product","link":"https:\/\/www.ecosolucionesquimicas.es\/fr\/producto\/agua-desionizada\/","title":{"rendered":"Eau d\u00e9ionis\u00e9e"},"content":{"rendered":"<p><img fetchpriority=\"high\" decoding=\"async\" class=\"alignnone wp-image-3756\" src=\"https:\/\/www.ecosolucionesquimicas.es\/wp-content\/uploads\/2024\/02\/radiador-300x233.jpg\" alt=\"\" width=\"550\" height=\"427\" srcset=\"https:\/\/www.ecosolucionesquimicas.es\/wp-content\/uploads\/2024\/02\/radiador-300x233.jpg 300w, https:\/\/www.ecosolucionesquimicas.es\/wp-content\/uploads\/2024\/02\/radiador-1024x796.jpg 1024w, https:\/\/www.ecosolucionesquimicas.es\/wp-content\/uploads\/2024\/02\/radiador-768x597.jpg 768w, https:\/\/www.ecosolucionesquimicas.es\/wp-content\/uploads\/2024\/02\/radiador-600x466.jpg 600w, https:\/\/www.ecosolucionesquimicas.es\/wp-content\/uploads\/2024\/02\/radiador.jpg 1459w\" sizes=\"(max-width: 550px) 100vw, 550px\" \/><\/p>\n<p><strong>CANDIDATURES<\/strong><\/p>\n<p><strong>Fers \u00e0 vapeur :<\/strong> \u00e9vite l&rsquo;encrassement et les taches en utilisant de l&rsquo;eau d\u00e9min\u00e9ralis\u00e9e.<br \/>\n<strong>Verre :<\/strong> nettoie sans tacher ; efficace lorsqu&rsquo;il est m\u00e9lang\u00e9 \u00e0 de l&rsquo;ammoniaque ou du vinaigre.<br \/>\n<strong>Aquariums :<\/strong> Garde l&rsquo;eau propre, en r\u00e9duisant les produits chimiques.<br \/>\n<strong>Entretien des plantes :<\/strong> id\u00e9al pour arroser et favoriser une croissance saine.<br \/>\n<strong>Industrie :<\/strong> emp\u00eache l&rsquo;entartrage des chaudi\u00e8res et est utilis\u00e9 comme solvant.<br \/>\n<strong>Laboratoires et h\u00f4pitaux :<\/strong> garantit des conditions d&rsquo;hygi\u00e8ne gr\u00e2ce \u00e0 sa puret\u00e9.<br \/>\n<strong>Beaut\u00e9 :<\/strong> id\u00e9al pour les lavages de visage et pour am\u00e9liorer le nettoyage de la peau.<br \/>\n<strong>Sant\u00e9 :<\/strong> Utile dans les cataplasmes et les traitements th\u00e9rapeutiques gr\u00e2ce \u00e0 sa grande puret\u00e9.<br \/>\n<strong>Automobile :<\/strong> pr\u00e9vient la corrosion et am\u00e9liore le syst\u00e8me de refroidissement du radiateur.<br \/>\n<strong>Autres utilisations :<\/strong> convient aux machines \u00e0 caf\u00e9, aux st\u00e9rilisateurs et aux humidificateurs.<\/p>\n","protected":false},"excerpt":{"rendered":"<div class=\"flex-shrink-0 flex flex-col relative items-end\">\n<div class=\"pt-0\">\n<div class=\"gizmo-bot-avatar flex h-8 w-8 items-center justify-center overflow-hidden rounded-full\">\n<div class=\"relative p-1 rounded-sm flex items-center justify-center bg-token-main-surface-primary text-token-text-primary h-8 w-8\">\n<p><strong>ECO-112 EST UNE EAU D\u00c9IONIS\u00c9E DE GRANDE PURET\u00c9<\/strong>. Trait\u00e9e par \u00e9change d&rsquo;ions pour garantir une eau sans min\u00e9raux, id\u00e9ale pour les applications exigeantes. <\/p>\n<p><strong>CONDUCTIVIT\u00c9 EXTR\u00caMEMENT FAIBLE<\/strong>. Ne convient pas \u00e0 la consommation humaine en raison de l&rsquo;absence de min\u00e9raux essentiels. <\/p>\n<p>\u2705 <strong>PR\u00c9VIENT LA FORMATION DE CALCAIRE<\/strong>. Id\u00e9al pour les fers \u00e0 vapeur, les machines \u00e0 caf\u00e9 et l&rsquo;entretien des plantes d&rsquo;int\u00e9rieur, r\u00e9duisant ainsi les efforts de nettoyage. <\/p>\n<p>\u2705 <strong>\u00c0 UTILISER DANS PLUSIEURS SYST\u00c8MES<\/strong>. Parfait pour le refroidissement des voitures, les batteries de d\u00e9marrage, les aquariums, les syst\u00e8mes de chauffage et les humidificateurs. <\/p>\n<\/div>\n<\/div>\n<\/div>\n<\/div>\n<p><strong>\u2705 FORMAT DE 5 ET 25 LITRES.<\/strong><\/p>\n<p><strong>\u26ab<\/strong><strong> N\u00b0 de r\u00e9f. : ECO-112<\/strong><\/p>\n","protected":false},"featured_media":11479,"template":"","meta":[],"product_brand":[225],"product_cat":[424,425],"product_tag":[428,426,427],"class_list":{"0":"post-11478","1":"product","2":"type-product","3":"status-publish","4":"has-post-thumbnail","6":"product_brand-eqm","7":"product_cat-automocion","8":"product_cat-especial-bicicletas","9":"product_tag-agua-desionizada","10":"product_tag-desionizada","11":"product_tag-desmineralizada","13":"first","14":"instock","15":"taxable","16":"shipping-taxable","17":"purchasable","18":"product-type-variable"},"acf":[],"yoast_head":"<!-- This site is optimized with the Yoast SEO Premium plugin v27.1 (Yoast SEO v27.4) - https:\/\/yoast.com\/product\/yoast-seo-premium-wordpress\/ -->\n<title>Eau d\u00e9ionis\u00e9e - Ecosoluciones Qu\u00edmicas<\/title>\n<meta name=\"robots\" content=\"index, follow, max-snippet:-1, max-image-preview:large, max-video-preview:-1\" \/>\n<link rel=\"canonical\" href=\"https:\/\/www.ecosolucionesquimicas.es\/fr\/producto\/agua-desionizada\/\" \/>\n<meta property=\"og:locale\" content=\"fr_FR\" \/>\n<meta property=\"og:type\" content=\"article\" \/>\n<meta property=\"og:title\" content=\"Eau d\u00e9ionis\u00e9e\" \/>\n<meta property=\"og:description\" content=\"ECO-112 EST UNE EAU D\u00c9IONIS\u00c9E DE GRANDE PURET\u00c9. Trait\u00e9e par \u00e9change d&#039;ions pour garantir une eau sans min\u00e9raux, id\u00e9ale pour les applications exigeantes.  CONDUCTIVIT\u00c9 EXTR\u00caMEMENT FAIBLE. Ne convient pas \u00e0 la consommation humaine en raison de l&#039;absence de min\u00e9raux essentiels.  \u2705 PR\u00c9VIENT LA FORMATION DE CALCAIRE. Id\u00e9al pour les fers \u00e0 vapeur, les machines \u00e0 caf\u00e9 et l&#039;entretien des plantes d&#039;int\u00e9rieur, r\u00e9duisant ainsi les efforts de nettoyage.  \u2705 \u00c0 UTILISER DANS PLUSIEURS SYST\u00c8MES. Parfait pour le refroidissement des voitures, les batteries de d\u00e9marrage, les aquariums, les syst\u00e8mes de chauffage et les humidificateurs.    \u2705 FORMAT DE 5 ET 25 LITRES. \u26ab N\u00b0 de r\u00e9f. : ECO-112\" \/>\n<meta property=\"og:url\" content=\"https:\/\/www.ecosolucionesquimicas.es\/fr\/producto\/agua-desionizada\/\" \/>\n<meta property=\"og:site_name\" content=\"Ecosoluciones Qu\u00edmicas\" \/>\n<meta property=\"article:publisher\" content=\"https:\/\/www.facebook.com\/ecosolucionesquimicasmadrid\/\" \/>\n<meta property=\"article:modified_time\" content=\"2025-11-20T15:56:23+00:00\" \/>\n<meta property=\"og:image\" content=\"https:\/\/www.ecosolucionesquimicas.es\/wp-content\/uploads\/2024\/02\/ECO-112-5L-scaled.jpg\" \/>\n\t<meta property=\"og:image:width\" content=\"2350\" \/>\n\t<meta property=\"og:image:height\" content=\"2560\" \/>\n\t<meta property=\"og:image:type\" content=\"image\/jpeg\" \/>\n<meta name=\"twitter:card\" content=\"summary_large_image\" \/>\n<meta name=\"twitter:label1\" content=\"Disponibilit\u00e9\" \/>\n\t<meta name=\"twitter:data1\" content=\"En stock\" \/>\n<script type=\"application\/ld+json\" class=\"yoast-schema-graph\">{\"@context\":\"https:\\\/\\\/schema.org\",\"@graph\":[{\"@type\":\"WebPage\",\"@id\":\"https:\\\/\\\/www.ecosolucionesquimicas.es\\\/fr\\\/producto\\\/agua-desionizada\\\/\",\"url\":\"https:\\\/\\\/www.ecosolucionesquimicas.es\\\/fr\\\/producto\\\/agua-desionizada\\\/\",\"name\":\"Eau d\u00e9ionis\u00e9e - Ecosoluciones Qu\u00edmicas\",\"isPartOf\":{\"@id\":\"https:\\\/\\\/www.ecosolucionesquimicas.es\\\/fr\\\/#website\"},\"primaryImageOfPage\":{\"@id\":\"https:\\\/\\\/www.ecosolucionesquimicas.es\\\/fr\\\/producto\\\/agua-desionizada\\\/#primaryimage\"},\"image\":{\"@id\":\"https:\\\/\\\/www.ecosolucionesquimicas.es\\\/fr\\\/producto\\\/agua-desionizada\\\/#primaryimage\"},\"thumbnailUrl\":\"https:\\\/\\\/www.ecosolucionesquimicas.es\\\/wp-content\\\/uploads\\\/2024\\\/02\\\/ECO-112-5L-scaled.jpg\",\"datePublished\":\"2024-02-22T12:40:05+00:00\",\"dateModified\":\"2025-11-20T15:56:23+00:00\",\"breadcrumb\":{\"@id\":\"https:\\\/\\\/www.ecosolucionesquimicas.es\\\/fr\\\/producto\\\/agua-desionizada\\\/#breadcrumb\"},\"inLanguage\":\"fr-FR\",\"potentialAction\":[{\"@type\":\"ReadAction\",\"target\":[\"https:\\\/\\\/www.ecosolucionesquimicas.es\\\/fr\\\/producto\\\/agua-desionizada\\\/\"]}]},{\"@type\":\"ImageObject\",\"inLanguage\":\"fr-FR\",\"@id\":\"https:\\\/\\\/www.ecosolucionesquimicas.es\\\/fr\\\/producto\\\/agua-desionizada\\\/#primaryimage\",\"url\":\"https:\\\/\\\/www.ecosolucionesquimicas.es\\\/wp-content\\\/uploads\\\/2024\\\/02\\\/ECO-112-5L-scaled.jpg\",\"contentUrl\":\"https:\\\/\\\/www.ecosolucionesquimicas.es\\\/wp-content\\\/uploads\\\/2024\\\/02\\\/ECO-112-5L-scaled.jpg\",\"width\":2350,\"height\":2560},{\"@type\":\"BreadcrumbList\",\"@id\":\"https:\\\/\\\/www.ecosolucionesquimicas.es\\\/fr\\\/producto\\\/agua-desionizada\\\/#breadcrumb\",\"itemListElement\":[{\"@type\":\"ListItem\",\"position\":1,\"name\":\"Portada\",\"item\":\"https:\\\/\\\/www.ecosolucionesquimicas.es\\\/fr\\\/home\\\/\"},{\"@type\":\"ListItem\",\"position\":2,\"name\":\"Eau d\u00e9ionis\u00e9e\"}]},{\"@type\":\"WebSite\",\"@id\":\"https:\\\/\\\/www.ecosolucionesquimicas.es\\\/fr\\\/#website\",\"url\":\"https:\\\/\\\/www.ecosolucionesquimicas.es\\\/fr\\\/\",\"name\":\"Ecosoluciones Qu\u00edmicas\",\"description\":\"Achetez en ligne des produits d'entretien et des produits chimiques fabriqu\u00e9s par nos soins.\",\"publisher\":{\"@id\":\"https:\\\/\\\/www.ecosolucionesquimicas.es\\\/fr\\\/#organization\"},\"alternateName\":\"EQM\",\"potentialAction\":[{\"@type\":\"SearchAction\",\"target\":{\"@type\":\"EntryPoint\",\"urlTemplate\":\"https:\\\/\\\/www.ecosolucionesquimicas.es\\\/fr\\\/?s={search_term_string}\"},\"query-input\":{\"@type\":\"PropertyValueSpecification\",\"valueRequired\":true,\"valueName\":\"search_term_string\"}}],\"inLanguage\":\"fr-FR\"},{\"@type\":\"Organization\",\"@id\":\"https:\\\/\\\/www.ecosolucionesquimicas.es\\\/fr\\\/#organization\",\"name\":\"Ecosoluciones Qu\u00edmicas\",\"url\":\"https:\\\/\\\/www.ecosolucionesquimicas.es\\\/fr\\\/\",\"logo\":{\"@type\":\"ImageObject\",\"inLanguage\":\"fr-FR\",\"@id\":\"https:\\\/\\\/www.ecosolucionesquimicas.es\\\/fr\\\/#\\\/schema\\\/logo\\\/image\\\/\",\"url\":\"https:\\\/\\\/www.ecosolucionesquimicas.es\\\/wp-content\\\/uploads\\\/2024\\\/08\\\/LOGO-EQM-NUEVO-.png\",\"contentUrl\":\"https:\\\/\\\/www.ecosolucionesquimicas.es\\\/wp-content\\\/uploads\\\/2024\\\/08\\\/LOGO-EQM-NUEVO-.png\",\"width\":1060,\"height\":456,\"caption\":\"Ecosoluciones Qu\u00edmicas\"},\"image\":{\"@id\":\"https:\\\/\\\/www.ecosolucionesquimicas.es\\\/fr\\\/#\\\/schema\\\/logo\\\/image\\\/\"},\"sameAs\":[\"https:\\\/\\\/www.facebook.com\\\/ecosolucionesquimicasmadrid\\\/\",\"https:\\\/\\\/www.instagram.com\\\/ecosolucionesquimicas\\\/\"],\"hasMerchantReturnPolicy\":{\"@type\":\"MerchantReturnPolicy\",\"merchantReturnLink\":\"https:\\\/\\\/www.ecosolucionesquimicas.es\\\/refund_returns\\\/\"}}]}<\/script>\n<meta property=\"product:brand\" content=\"EQM\" \/>\n<meta property=\"og:availability\" content=\"instock\" \/>\n<meta property=\"product:availability\" content=\"instock\" \/>\n<meta property=\"product:retailer_item_id\" content=\"ECO-112\" \/>\n<meta property=\"product:condition\" content=\"new\" \/>\n<!-- \/ Yoast SEO Premium plugin. -->","yoast_head_json":{"title":"Eau d\u00e9ionis\u00e9e - Ecosoluciones Qu\u00edmicas","robots":{"index":"index","follow":"follow","max-snippet":"max-snippet:-1","max-image-preview":"max-image-preview:large","max-video-preview":"max-video-preview:-1"},"canonical":"https:\/\/www.ecosolucionesquimicas.es\/fr\/producto\/agua-desionizada\/","og_locale":"fr_FR","og_type":"article","og_title":"Eau d\u00e9ionis\u00e9e","og_description":"ECO-112 EST UNE EAU D\u00c9IONIS\u00c9E DE GRANDE PURET\u00c9. Trait\u00e9e par \u00e9change d'ions pour garantir une eau sans min\u00e9raux, id\u00e9ale pour les applications exigeantes.  CONDUCTIVIT\u00c9 EXTR\u00caMEMENT FAIBLE. Ne convient pas \u00e0 la consommation humaine en raison de l'absence de min\u00e9raux essentiels.  \u2705 PR\u00c9VIENT LA FORMATION DE CALCAIRE. Id\u00e9al pour les fers \u00e0 vapeur, les machines \u00e0 caf\u00e9 et l'entretien des plantes d'int\u00e9rieur, r\u00e9duisant ainsi les efforts de nettoyage.  \u2705 \u00c0 UTILISER DANS PLUSIEURS SYST\u00c8MES. Parfait pour le refroidissement des voitures, les batteries de d\u00e9marrage, les aquariums, les syst\u00e8mes de chauffage et les humidificateurs.    \u2705 FORMAT DE 5 ET 25 LITRES. \u26ab N\u00b0 de r\u00e9f. : ECO-112","og_url":"https:\/\/www.ecosolucionesquimicas.es\/fr\/producto\/agua-desionizada\/","og_site_name":"Ecosoluciones Qu\u00edmicas","article_publisher":"https:\/\/www.facebook.com\/ecosolucionesquimicasmadrid\/","article_modified_time":"2025-11-20T15:56:23+00:00","og_image":[{"width":2350,"height":2560,"url":"https:\/\/www.ecosolucionesquimicas.es\/wp-content\/uploads\/2024\/02\/ECO-112-5L-scaled.jpg","type":"image\/jpeg"}],"twitter_card":"summary_large_image","twitter_misc":{"Disponibilit\u00e9":"En stock"},"schema":{"@context":"https:\/\/schema.org","@graph":[{"@type":"WebPage","@id":"https:\/\/www.ecosolucionesquimicas.es\/fr\/producto\/agua-desionizada\/","url":"https:\/\/www.ecosolucionesquimicas.es\/fr\/producto\/agua-desionizada\/","name":"Eau d\u00e9ionis\u00e9e - Ecosoluciones Qu\u00edmicas","isPartOf":{"@id":"https:\/\/www.ecosolucionesquimicas.es\/fr\/#website"},"primaryImageOfPage":{"@id":"https:\/\/www.ecosolucionesquimicas.es\/fr\/producto\/agua-desionizada\/#primaryimage"},"image":{"@id":"https:\/\/www.ecosolucionesquimicas.es\/fr\/producto\/agua-desionizada\/#primaryimage"},"thumbnailUrl":"https:\/\/www.ecosolucionesquimicas.es\/wp-content\/uploads\/2024\/02\/ECO-112-5L-scaled.jpg","datePublished":"2024-02-22T12:40:05+00:00","dateModified":"2025-11-20T15:56:23+00:00","breadcrumb":{"@id":"https:\/\/www.ecosolucionesquimicas.es\/fr\/producto\/agua-desionizada\/#breadcrumb"},"inLanguage":"fr-FR","potentialAction":[{"@type":"ReadAction","target":["https:\/\/www.ecosolucionesquimicas.es\/fr\/producto\/agua-desionizada\/"]}]},{"@type":"ImageObject","inLanguage":"fr-FR","@id":"https:\/\/www.ecosolucionesquimicas.es\/fr\/producto\/agua-desionizada\/#primaryimage","url":"https:\/\/www.ecosolucionesquimicas.es\/wp-content\/uploads\/2024\/02\/ECO-112-5L-scaled.jpg","contentUrl":"https:\/\/www.ecosolucionesquimicas.es\/wp-content\/uploads\/2024\/02\/ECO-112-5L-scaled.jpg","width":2350,"height":2560},{"@type":"BreadcrumbList","@id":"https:\/\/www.ecosolucionesquimicas.es\/fr\/producto\/agua-desionizada\/#breadcrumb","itemListElement":[{"@type":"ListItem","position":1,"name":"Portada","item":"https:\/\/www.ecosolucionesquimicas.es\/fr\/home\/"},{"@type":"ListItem","position":2,"name":"Eau d\u00e9ionis\u00e9e"}]},{"@type":"WebSite","@id":"https:\/\/www.ecosolucionesquimicas.es\/fr\/#website","url":"https:\/\/www.ecosolucionesquimicas.es\/fr\/","name":"Ecosoluciones Qu\u00edmicas","description":"Achetez en ligne des produits d'entretien et des produits chimiques fabriqu\u00e9s par nos soins.","publisher":{"@id":"https:\/\/www.ecosolucionesquimicas.es\/fr\/#organization"},"alternateName":"EQM","potentialAction":[{"@type":"SearchAction","target":{"@type":"EntryPoint","urlTemplate":"https:\/\/www.ecosolucionesquimicas.es\/fr\/?s={search_term_string}"},"query-input":{"@type":"PropertyValueSpecification","valueRequired":true,"valueName":"search_term_string"}}],"inLanguage":"fr-FR"},{"@type":"Organization","@id":"https:\/\/www.ecosolucionesquimicas.es\/fr\/#organization","name":"Ecosoluciones Qu\u00edmicas","url":"https:\/\/www.ecosolucionesquimicas.es\/fr\/","logo":{"@type":"ImageObject","inLanguage":"fr-FR","@id":"https:\/\/www.ecosolucionesquimicas.es\/fr\/#\/schema\/logo\/image\/","url":"https:\/\/www.ecosolucionesquimicas.es\/wp-content\/uploads\/2024\/08\/LOGO-EQM-NUEVO-.png","contentUrl":"https:\/\/www.ecosolucionesquimicas.es\/wp-content\/uploads\/2024\/08\/LOGO-EQM-NUEVO-.png","width":1060,"height":456,"caption":"Ecosoluciones Qu\u00edmicas"},"image":{"@id":"https:\/\/www.ecosolucionesquimicas.es\/fr\/#\/schema\/logo\/image\/"},"sameAs":["https:\/\/www.facebook.com\/ecosolucionesquimicasmadrid\/","https:\/\/www.instagram.com\/ecosolucionesquimicas\/"],"hasMerchantReturnPolicy":{"@type":"MerchantReturnPolicy","merchantReturnLink":"https:\/\/www.ecosolucionesquimicas.es\/refund_returns\/"}}]},"product_brand":"EQM","og_availability":"instock","product_availability":"instock","product_retailer_item_id":"ECO-112","product_condition":"new"},"_links":{"self":[{"href":"https:\/\/www.ecosolucionesquimicas.es\/fr\/wp-json\/wp\/v2\/product\/11478","targetHints":{"allow":["GET"]}}],"collection":[{"href":"https:\/\/www.ecosolucionesquimicas.es\/fr\/wp-json\/wp\/v2\/product"}],"about":[{"href":"https:\/\/www.ecosolucionesquimicas.es\/fr\/wp-json\/wp\/v2\/types\/product"}],"wp:featuredmedia":[{"embeddable":true,"href":"https:\/\/www.ecosolucionesquimicas.es\/fr\/wp-json\/wp\/v2\/media\/11479"}],"wp:attachment":[{"href":"https:\/\/www.ecosolucionesquimicas.es\/fr\/wp-json\/wp\/v2\/media?parent=11478"}],"wp:term":[{"taxonomy":"product_brand","embeddable":true,"href":"https:\/\/www.ecosolucionesquimicas.es\/fr\/wp-json\/wp\/v2\/product_brand?post=11478"},{"taxonomy":"product_cat","embeddable":true,"href":"https:\/\/www.ecosolucionesquimicas.es\/fr\/wp-json\/wp\/v2\/product_cat?post=11478"},{"taxonomy":"product_tag","embeddable":true,"href":"https:\/\/www.ecosolucionesquimicas.es\/fr\/wp-json\/wp\/v2\/product_tag?post=11478"}],"curies":[{"name":"wp","href":"https:\/\/api.w.org\/{rel}","templated":true}]}}