{"id":11470,"date":"2024-02-22T13:40:05","date_gmt":"2024-02-22T12:40:05","guid":{"rendered":"https:\/\/www.ecosolucionesquimicas.es\/producto\/desengrasante-extra-fuerte\/"},"modified":"2025-11-20T16:43:25","modified_gmt":"2025-11-20T15:43:25","slug":"desengrasante-extra-fuerte","status":"publish","type":"product","link":"https:\/\/www.ecosolucionesquimicas.es\/fr\/producto\/desengrasante-extra-fuerte\/","title":{"rendered":"D\u00e9graissant extra fort"},"content":{"rendered":"<p><img fetchpriority=\"high\" decoding=\"async\" class=\"alignnone wp-image-3068\" src=\"https:\/\/www.ecosolucionesquimicas.es\/wp-content\/uploads\/2024\/02\/dirty_mechanic_workshop-300x171.jpg\" alt=\"\" width=\"550\" height=\"314\" srcset=\"https:\/\/www.ecosolucionesquimicas.es\/wp-content\/uploads\/2024\/02\/dirty_mechanic_workshop-300x171.jpg 300w, https:\/\/www.ecosolucionesquimicas.es\/wp-content\/uploads\/2024\/02\/dirty_mechanic_workshop-1024x585.jpg 1024w, https:\/\/www.ecosolucionesquimicas.es\/wp-content\/uploads\/2024\/02\/dirty_mechanic_workshop-768x439.jpg 768w, https:\/\/www.ecosolucionesquimicas.es\/wp-content\/uploads\/2024\/02\/dirty_mechanic_workshop-1536x878.jpg 1536w, https:\/\/www.ecosolucionesquimicas.es\/wp-content\/uploads\/2024\/02\/dirty_mechanic_workshop-600x343.jpg 600w, https:\/\/www.ecosolucionesquimicas.es\/wp-content\/uploads\/2024\/02\/dirty_mechanic_workshop.jpg 1792w\" sizes=\"(max-width: 550px) 100vw, 550px\" \/><\/p>\n<p><strong>MODE D&rsquo;EMPLOI<\/strong><\/p>\n<p>\ud83d\udd18 <strong>Dilution :<\/strong><br \/>\n\u2714 <span style=\"text-decoration: underline;\">Sols industriels<strong>:<\/strong><\/span> 1:10<br \/>\n\u2714<span style=\"text-decoration: underline;\"> Salissures l\u00e9g\u00e8res<\/span>: 1:20<br \/>\n\u2714 <span style=\"text-decoration: underline;\">Salissures importantes :<\/span> 1:5.<\/p>\n<p>\ud83d\udd18 <strong>Applications :<\/strong><br \/>\n\u2714 <span style=\"text-decoration: underline;\">Sols industriels :<\/span> \u00c9limine la graisse et la salet\u00e9 accumul\u00e9es.<br \/>\n\u2714 <span style=\"text-decoration: underline;\">Machines et \u00e9quipements :<\/span> Am\u00e9liore les performances en \u00e9liminant les r\u00e9sidus.<br \/>\n\u2714 <span style=\"text-decoration: underline;\">Centres logistiques :<\/span> Nettoie les zones \u00e0 forte accumulation de graisse et de salet\u00e9, am\u00e9liorant ainsi la s\u00e9curit\u00e9.<\/p>\n<p><strong>Recommandations :<\/strong><\/p>\n<p>\u00c9vite les surfaces endommag\u00e9es ou d\u00e9licates lorsque tu utilises le produit non dilu\u00e9.<\/p>\n<p><strong>  <\/strong><\/p>\n","protected":false},"excerpt":{"rendered":"<p><strong>LE D\u00c9GRAISSANT ECO-108 EST CON\u00c7U POUR NETTOYER LES FORTES ACCUMULATIONS DE GRAISSE ET DE SALET\u00c9.<\/strong> Il est id\u00e9al pour les surfaces expos\u00e9es \u00e0 des mouvements constants et \u00e0 des activit\u00e9s intenses, comme les sols industriels, les cha\u00eenes de transport et les centres logistiques.<\/p>\n<p>\u2705 <strong>SON CAPACIT\u00c9 DE MOUILLAGE LUI PERMET DE PLONGER PROFOND\u00c9MENT DANS LA SALUBRIT\u00c9. <\/strong>Il d\u00e9colle et \u00e9limine efficacement la graisse, la boue, les huiles, les cires et les adh\u00e9sifs, m\u00eame lorsqu&rsquo;ils sont fortement incrust\u00e9s.<\/p>\n<p>\u2705 <strong>IL EST PARTICULI\u00c8REMENT ADAPT\u00c9 AUX SOLS DES ATELIERS, DES ESPACES INDUSTRIELS ET DES MACHINES AGRICOLES.<\/strong> Sa formulation permet de maintenir les surfaces propres, ce qui am\u00e9liore la s\u00e9curit\u00e9 et le rendement de l&rsquo;\u00e9quipement.<\/p>\n<p><strong>\u2705<\/strong><strong> FORMAT 5 et 20 LITRE.<\/strong><\/p>\n<p><strong>\u26ab R\u00e9f\u00e9rence : ECO-108.<\/strong><\/p>\n","protected":false},"featured_media":11471,"template":"","meta":[],"product_brand":[225],"product_cat":[413],"product_tag":[415,414,416],"class_list":{"0":"post-11470","1":"product","2":"type-product","3":"status-publish","4":"has-post-thumbnail","6":"product_brand-eqm","7":"product_cat-limpieza-profesional","8":"product_tag-desengrasante","9":"product_tag-limpiador","10":"product_tag-suciedad","12":"first","13":"instock","14":"taxable","15":"shipping-taxable","16":"purchasable","17":"product-type-variable"},"acf":[],"yoast_head":"<!-- This site is optimized with the Yoast SEO Premium plugin v27.1 (Yoast SEO v27.4) - https:\/\/yoast.com\/product\/yoast-seo-premium-wordpress\/ -->\n<title>D\u00e9graissant extra fort - Ecosoluciones Qu\u00edmicas<\/title>\n<meta name=\"robots\" content=\"index, follow, max-snippet:-1, max-image-preview:large, max-video-preview:-1\" \/>\n<link rel=\"canonical\" href=\"https:\/\/www.ecosolucionesquimicas.es\/fr\/producto\/desengrasante-extra-fuerte\/\" \/>\n<meta property=\"og:locale\" content=\"fr_FR\" \/>\n<meta property=\"og:type\" content=\"article\" \/>\n<meta property=\"og:title\" content=\"D\u00e9graissant extra fort\" \/>\n<meta property=\"og:description\" content=\"LE D\u00c9GRAISSANT ECO-108 EST CON\u00c7U POUR NETTOYER LES FORTES ACCUMULATIONS DE GRAISSE ET DE SALET\u00c9. Il est id\u00e9al pour les surfaces expos\u00e9es \u00e0 des mouvements constants et \u00e0 des activit\u00e9s intenses, comme les sols industriels, les cha\u00eenes de transport et les centres logistiques. \u2705 SON CAPACIT\u00c9 DE MOUILLAGE LUI PERMET DE PLONGER PROFOND\u00c9MENT DANS LA SALUBRIT\u00c9. Il d\u00e9colle et \u00e9limine efficacement la graisse, la boue, les huiles, les cires et les adh\u00e9sifs, m\u00eame lorsqu&#039;ils sont fortement incrust\u00e9s. \u2705 IL EST PARTICULI\u00c8REMENT ADAPT\u00c9 AUX SOLS DES ATELIERS, DES ESPACES INDUSTRIELS ET DES MACHINES AGRICOLES. Sa formulation permet de maintenir les surfaces propres, ce qui am\u00e9liore la s\u00e9curit\u00e9 et le rendement de l&#039;\u00e9quipement. \u2705 FORMAT 5 et 20 LITRE. \u26ab R\u00e9f\u00e9rence : ECO-108.\" \/>\n<meta property=\"og:url\" content=\"https:\/\/www.ecosolucionesquimicas.es\/fr\/producto\/desengrasante-extra-fuerte\/\" \/>\n<meta property=\"og:site_name\" content=\"Ecosoluciones Qu\u00edmicas\" \/>\n<meta property=\"article:publisher\" content=\"https:\/\/www.facebook.com\/ecosolucionesquimicasmadrid\/\" \/>\n<meta property=\"article:modified_time\" content=\"2025-11-20T15:43:25+00:00\" \/>\n<meta property=\"og:image\" content=\"https:\/\/www.ecosolucionesquimicas.es\/wp-content\/uploads\/2024\/02\/ECO-108-5L-scaled.jpg\" \/>\n\t<meta property=\"og:image:width\" content=\"2350\" \/>\n\t<meta property=\"og:image:height\" content=\"2560\" \/>\n\t<meta property=\"og:image:type\" content=\"image\/jpeg\" \/>\n<meta name=\"twitter:card\" content=\"summary_large_image\" \/>\n<meta name=\"twitter:label1\" content=\"Disponibilit\u00e9\" \/>\n\t<meta name=\"twitter:data1\" content=\"En stock\" \/>\n<script type=\"application\/ld+json\" class=\"yoast-schema-graph\">{\"@context\":\"https:\\\/\\\/schema.org\",\"@graph\":[{\"@type\":\"WebPage\",\"@id\":\"https:\\\/\\\/www.ecosolucionesquimicas.es\\\/fr\\\/producto\\\/desengrasante-extra-fuerte\\\/\",\"url\":\"https:\\\/\\\/www.ecosolucionesquimicas.es\\\/fr\\\/producto\\\/desengrasante-extra-fuerte\\\/\",\"name\":\"D\u00e9graissant extra fort - Ecosoluciones Qu\u00edmicas\",\"isPartOf\":{\"@id\":\"https:\\\/\\\/www.ecosolucionesquimicas.es\\\/fr\\\/#website\"},\"primaryImageOfPage\":{\"@id\":\"https:\\\/\\\/www.ecosolucionesquimicas.es\\\/fr\\\/producto\\\/desengrasante-extra-fuerte\\\/#primaryimage\"},\"image\":{\"@id\":\"https:\\\/\\\/www.ecosolucionesquimicas.es\\\/fr\\\/producto\\\/desengrasante-extra-fuerte\\\/#primaryimage\"},\"thumbnailUrl\":\"https:\\\/\\\/www.ecosolucionesquimicas.es\\\/wp-content\\\/uploads\\\/2024\\\/02\\\/ECO-108-5L-scaled.jpg\",\"datePublished\":\"2024-02-22T12:40:05+00:00\",\"dateModified\":\"2025-11-20T15:43:25+00:00\",\"breadcrumb\":{\"@id\":\"https:\\\/\\\/www.ecosolucionesquimicas.es\\\/fr\\\/producto\\\/desengrasante-extra-fuerte\\\/#breadcrumb\"},\"inLanguage\":\"fr-FR\",\"potentialAction\":[{\"@type\":\"ReadAction\",\"target\":[\"https:\\\/\\\/www.ecosolucionesquimicas.es\\\/fr\\\/producto\\\/desengrasante-extra-fuerte\\\/\"]}]},{\"@type\":\"ImageObject\",\"inLanguage\":\"fr-FR\",\"@id\":\"https:\\\/\\\/www.ecosolucionesquimicas.es\\\/fr\\\/producto\\\/desengrasante-extra-fuerte\\\/#primaryimage\",\"url\":\"https:\\\/\\\/www.ecosolucionesquimicas.es\\\/wp-content\\\/uploads\\\/2024\\\/02\\\/ECO-108-5L-scaled.jpg\",\"contentUrl\":\"https:\\\/\\\/www.ecosolucionesquimicas.es\\\/wp-content\\\/uploads\\\/2024\\\/02\\\/ECO-108-5L-scaled.jpg\",\"width\":2350,\"height\":2560},{\"@type\":\"BreadcrumbList\",\"@id\":\"https:\\\/\\\/www.ecosolucionesquimicas.es\\\/fr\\\/producto\\\/desengrasante-extra-fuerte\\\/#breadcrumb\",\"itemListElement\":[{\"@type\":\"ListItem\",\"position\":1,\"name\":\"Portada\",\"item\":\"https:\\\/\\\/www.ecosolucionesquimicas.es\\\/fr\\\/home\\\/\"},{\"@type\":\"ListItem\",\"position\":2,\"name\":\"D\u00e9graissant extra fort\"}]},{\"@type\":\"WebSite\",\"@id\":\"https:\\\/\\\/www.ecosolucionesquimicas.es\\\/fr\\\/#website\",\"url\":\"https:\\\/\\\/www.ecosolucionesquimicas.es\\\/fr\\\/\",\"name\":\"Ecosoluciones Qu\u00edmicas\",\"description\":\"Achetez en ligne des produits d'entretien et des produits chimiques fabriqu\u00e9s par nos soins.\",\"publisher\":{\"@id\":\"https:\\\/\\\/www.ecosolucionesquimicas.es\\\/fr\\\/#organization\"},\"alternateName\":\"EQM\",\"potentialAction\":[{\"@type\":\"SearchAction\",\"target\":{\"@type\":\"EntryPoint\",\"urlTemplate\":\"https:\\\/\\\/www.ecosolucionesquimicas.es\\\/fr\\\/?s={search_term_string}\"},\"query-input\":{\"@type\":\"PropertyValueSpecification\",\"valueRequired\":true,\"valueName\":\"search_term_string\"}}],\"inLanguage\":\"fr-FR\"},{\"@type\":\"Organization\",\"@id\":\"https:\\\/\\\/www.ecosolucionesquimicas.es\\\/fr\\\/#organization\",\"name\":\"Ecosoluciones Qu\u00edmicas\",\"url\":\"https:\\\/\\\/www.ecosolucionesquimicas.es\\\/fr\\\/\",\"logo\":{\"@type\":\"ImageObject\",\"inLanguage\":\"fr-FR\",\"@id\":\"https:\\\/\\\/www.ecosolucionesquimicas.es\\\/fr\\\/#\\\/schema\\\/logo\\\/image\\\/\",\"url\":\"https:\\\/\\\/www.ecosolucionesquimicas.es\\\/wp-content\\\/uploads\\\/2024\\\/08\\\/LOGO-EQM-NUEVO-.png\",\"contentUrl\":\"https:\\\/\\\/www.ecosolucionesquimicas.es\\\/wp-content\\\/uploads\\\/2024\\\/08\\\/LOGO-EQM-NUEVO-.png\",\"width\":1060,\"height\":456,\"caption\":\"Ecosoluciones Qu\u00edmicas\"},\"image\":{\"@id\":\"https:\\\/\\\/www.ecosolucionesquimicas.es\\\/fr\\\/#\\\/schema\\\/logo\\\/image\\\/\"},\"sameAs\":[\"https:\\\/\\\/www.facebook.com\\\/ecosolucionesquimicasmadrid\\\/\",\"https:\\\/\\\/www.instagram.com\\\/ecosolucionesquimicas\\\/\"],\"hasMerchantReturnPolicy\":{\"@type\":\"MerchantReturnPolicy\",\"merchantReturnLink\":\"https:\\\/\\\/www.ecosolucionesquimicas.es\\\/refund_returns\\\/\"}}]}<\/script>\n<meta property=\"product:brand\" content=\"EQM\" \/>\n<meta property=\"og:availability\" content=\"instock\" \/>\n<meta property=\"product:availability\" content=\"instock\" \/>\n<meta property=\"product:retailer_item_id\" content=\"ECO-108\" \/>\n<meta property=\"product:condition\" content=\"new\" \/>\n<!-- \/ Yoast SEO Premium plugin. -->","yoast_head_json":{"title":"D\u00e9graissant extra fort - Ecosoluciones Qu\u00edmicas","robots":{"index":"index","follow":"follow","max-snippet":"max-snippet:-1","max-image-preview":"max-image-preview:large","max-video-preview":"max-video-preview:-1"},"canonical":"https:\/\/www.ecosolucionesquimicas.es\/fr\/producto\/desengrasante-extra-fuerte\/","og_locale":"fr_FR","og_type":"article","og_title":"D\u00e9graissant extra fort","og_description":"LE D\u00c9GRAISSANT ECO-108 EST CON\u00c7U POUR NETTOYER LES FORTES ACCUMULATIONS DE GRAISSE ET DE SALET\u00c9. Il est id\u00e9al pour les surfaces expos\u00e9es \u00e0 des mouvements constants et \u00e0 des activit\u00e9s intenses, comme les sols industriels, les cha\u00eenes de transport et les centres logistiques. \u2705 SON CAPACIT\u00c9 DE MOUILLAGE LUI PERMET DE PLONGER PROFOND\u00c9MENT DANS LA SALUBRIT\u00c9. Il d\u00e9colle et \u00e9limine efficacement la graisse, la boue, les huiles, les cires et les adh\u00e9sifs, m\u00eame lorsqu'ils sont fortement incrust\u00e9s. \u2705 IL EST PARTICULI\u00c8REMENT ADAPT\u00c9 AUX SOLS DES ATELIERS, DES ESPACES INDUSTRIELS ET DES MACHINES AGRICOLES. Sa formulation permet de maintenir les surfaces propres, ce qui am\u00e9liore la s\u00e9curit\u00e9 et le rendement de l'\u00e9quipement. \u2705 FORMAT 5 et 20 LITRE. \u26ab R\u00e9f\u00e9rence : ECO-108.","og_url":"https:\/\/www.ecosolucionesquimicas.es\/fr\/producto\/desengrasante-extra-fuerte\/","og_site_name":"Ecosoluciones Qu\u00edmicas","article_publisher":"https:\/\/www.facebook.com\/ecosolucionesquimicasmadrid\/","article_modified_time":"2025-11-20T15:43:25+00:00","og_image":[{"width":2350,"height":2560,"url":"https:\/\/www.ecosolucionesquimicas.es\/wp-content\/uploads\/2024\/02\/ECO-108-5L-scaled.jpg","type":"image\/jpeg"}],"twitter_card":"summary_large_image","twitter_misc":{"Disponibilit\u00e9":"En stock"},"schema":{"@context":"https:\/\/schema.org","@graph":[{"@type":"WebPage","@id":"https:\/\/www.ecosolucionesquimicas.es\/fr\/producto\/desengrasante-extra-fuerte\/","url":"https:\/\/www.ecosolucionesquimicas.es\/fr\/producto\/desengrasante-extra-fuerte\/","name":"D\u00e9graissant extra fort - Ecosoluciones Qu\u00edmicas","isPartOf":{"@id":"https:\/\/www.ecosolucionesquimicas.es\/fr\/#website"},"primaryImageOfPage":{"@id":"https:\/\/www.ecosolucionesquimicas.es\/fr\/producto\/desengrasante-extra-fuerte\/#primaryimage"},"image":{"@id":"https:\/\/www.ecosolucionesquimicas.es\/fr\/producto\/desengrasante-extra-fuerte\/#primaryimage"},"thumbnailUrl":"https:\/\/www.ecosolucionesquimicas.es\/wp-content\/uploads\/2024\/02\/ECO-108-5L-scaled.jpg","datePublished":"2024-02-22T12:40:05+00:00","dateModified":"2025-11-20T15:43:25+00:00","breadcrumb":{"@id":"https:\/\/www.ecosolucionesquimicas.es\/fr\/producto\/desengrasante-extra-fuerte\/#breadcrumb"},"inLanguage":"fr-FR","potentialAction":[{"@type":"ReadAction","target":["https:\/\/www.ecosolucionesquimicas.es\/fr\/producto\/desengrasante-extra-fuerte\/"]}]},{"@type":"ImageObject","inLanguage":"fr-FR","@id":"https:\/\/www.ecosolucionesquimicas.es\/fr\/producto\/desengrasante-extra-fuerte\/#primaryimage","url":"https:\/\/www.ecosolucionesquimicas.es\/wp-content\/uploads\/2024\/02\/ECO-108-5L-scaled.jpg","contentUrl":"https:\/\/www.ecosolucionesquimicas.es\/wp-content\/uploads\/2024\/02\/ECO-108-5L-scaled.jpg","width":2350,"height":2560},{"@type":"BreadcrumbList","@id":"https:\/\/www.ecosolucionesquimicas.es\/fr\/producto\/desengrasante-extra-fuerte\/#breadcrumb","itemListElement":[{"@type":"ListItem","position":1,"name":"Portada","item":"https:\/\/www.ecosolucionesquimicas.es\/fr\/home\/"},{"@type":"ListItem","position":2,"name":"D\u00e9graissant extra fort"}]},{"@type":"WebSite","@id":"https:\/\/www.ecosolucionesquimicas.es\/fr\/#website","url":"https:\/\/www.ecosolucionesquimicas.es\/fr\/","name":"Ecosoluciones Qu\u00edmicas","description":"Achetez en ligne des produits d'entretien et des produits chimiques fabriqu\u00e9s par nos soins.","publisher":{"@id":"https:\/\/www.ecosolucionesquimicas.es\/fr\/#organization"},"alternateName":"EQM","potentialAction":[{"@type":"SearchAction","target":{"@type":"EntryPoint","urlTemplate":"https:\/\/www.ecosolucionesquimicas.es\/fr\/?s={search_term_string}"},"query-input":{"@type":"PropertyValueSpecification","valueRequired":true,"valueName":"search_term_string"}}],"inLanguage":"fr-FR"},{"@type":"Organization","@id":"https:\/\/www.ecosolucionesquimicas.es\/fr\/#organization","name":"Ecosoluciones Qu\u00edmicas","url":"https:\/\/www.ecosolucionesquimicas.es\/fr\/","logo":{"@type":"ImageObject","inLanguage":"fr-FR","@id":"https:\/\/www.ecosolucionesquimicas.es\/fr\/#\/schema\/logo\/image\/","url":"https:\/\/www.ecosolucionesquimicas.es\/wp-content\/uploads\/2024\/08\/LOGO-EQM-NUEVO-.png","contentUrl":"https:\/\/www.ecosolucionesquimicas.es\/wp-content\/uploads\/2024\/08\/LOGO-EQM-NUEVO-.png","width":1060,"height":456,"caption":"Ecosoluciones Qu\u00edmicas"},"image":{"@id":"https:\/\/www.ecosolucionesquimicas.es\/fr\/#\/schema\/logo\/image\/"},"sameAs":["https:\/\/www.facebook.com\/ecosolucionesquimicasmadrid\/","https:\/\/www.instagram.com\/ecosolucionesquimicas\/"],"hasMerchantReturnPolicy":{"@type":"MerchantReturnPolicy","merchantReturnLink":"https:\/\/www.ecosolucionesquimicas.es\/refund_returns\/"}}]},"product_brand":"EQM","og_availability":"instock","product_availability":"instock","product_retailer_item_id":"ECO-108","product_condition":"new"},"_links":{"self":[{"href":"https:\/\/www.ecosolucionesquimicas.es\/fr\/wp-json\/wp\/v2\/product\/11470","targetHints":{"allow":["GET"]}}],"collection":[{"href":"https:\/\/www.ecosolucionesquimicas.es\/fr\/wp-json\/wp\/v2\/product"}],"about":[{"href":"https:\/\/www.ecosolucionesquimicas.es\/fr\/wp-json\/wp\/v2\/types\/product"}],"wp:featuredmedia":[{"embeddable":true,"href":"https:\/\/www.ecosolucionesquimicas.es\/fr\/wp-json\/wp\/v2\/media\/11471"}],"wp:attachment":[{"href":"https:\/\/www.ecosolucionesquimicas.es\/fr\/wp-json\/wp\/v2\/media?parent=11470"}],"wp:term":[{"taxonomy":"product_brand","embeddable":true,"href":"https:\/\/www.ecosolucionesquimicas.es\/fr\/wp-json\/wp\/v2\/product_brand?post=11470"},{"taxonomy":"product_cat","embeddable":true,"href":"https:\/\/www.ecosolucionesquimicas.es\/fr\/wp-json\/wp\/v2\/product_cat?post=11470"},{"taxonomy":"product_tag","embeddable":true,"href":"https:\/\/www.ecosolucionesquimicas.es\/fr\/wp-json\/wp\/v2\/product_tag?post=11470"}],"curies":[{"name":"wp","href":"https:\/\/api.w.org\/{rel}","templated":true}]}}