{"id":12463,"date":"2024-05-28T10:09:33","date_gmt":"2024-05-28T08:09:33","guid":{"rendered":"https:\/\/www.ecosolucionesquimicas.es\/conditions-generales-dutilisation\/"},"modified":"2025-11-22T20:56:38","modified_gmt":"2025-11-22T19:56:38","slug":"conditions-generales-dutilisation","status":"publish","type":"page","link":"https:\/\/www.ecosolucionesquimicas.es\/fr\/conditions-generales-dutilisation\/","title":{"rendered":"Conditions g\u00e9n\u00e9rales d&rsquo;utilisation"},"content":{"rendered":"\t\t<div data-elementor-type=\"wp-post\" data-elementor-id=\"12463\" class=\"elementor elementor-12463 elementor-2078\" data-elementor-post-type=\"page\">\n\t\t\t\t\t\t<section class=\"elementor-section elementor-top-section elementor-element elementor-element-e6cd928 elementor-section-boxed elementor-section-height-default elementor-section-height-default\" data-id=\"e6cd928\" data-element_type=\"section\" data-e-type=\"section\" data-settings=\"{&quot;jet_parallax_layout_list&quot;:[{&quot;jet_parallax_layout_image&quot;:{&quot;url&quot;:&quot;&quot;,&quot;id&quot;:&quot;&quot;,&quot;size&quot;:&quot;&quot;},&quot;_id&quot;:&quot;7219af7&quot;,&quot;jet_parallax_layout_image_tablet&quot;:{&quot;url&quot;:&quot;&quot;,&quot;id&quot;:&quot;&quot;,&quot;size&quot;:&quot;&quot;},&quot;jet_parallax_layout_image_mobile&quot;:{&quot;url&quot;:&quot;&quot;,&quot;id&quot;:&quot;&quot;,&quot;size&quot;:&quot;&quot;},&quot;jet_parallax_layout_speed&quot;:{&quot;unit&quot;:&quot;%&quot;,&quot;size&quot;:50,&quot;sizes&quot;:[]},&quot;jet_parallax_layout_type&quot;:&quot;scroll&quot;,&quot;jet_parallax_layout_direction&quot;:&quot;1&quot;,&quot;jet_parallax_layout_fx_direction&quot;:null,&quot;jet_parallax_layout_z_index&quot;:&quot;&quot;,&quot;jet_parallax_layout_bg_x&quot;:50,&quot;jet_parallax_layout_bg_x_tablet&quot;:&quot;&quot;,&quot;jet_parallax_layout_bg_x_mobile&quot;:&quot;&quot;,&quot;jet_parallax_layout_bg_y&quot;:50,&quot;jet_parallax_layout_bg_y_tablet&quot;:&quot;&quot;,&quot;jet_parallax_layout_bg_y_mobile&quot;:&quot;&quot;,&quot;jet_parallax_layout_bg_size&quot;:&quot;auto&quot;,&quot;jet_parallax_layout_bg_size_tablet&quot;:&quot;&quot;,&quot;jet_parallax_layout_bg_size_mobile&quot;:&quot;&quot;,&quot;jet_parallax_layout_animation_prop&quot;:&quot;transform&quot;,&quot;jet_parallax_layout_on&quot;:[&quot;desktop&quot;,&quot;tablet&quot;]}]}\">\n\t\t\t\t\t\t<div class=\"elementor-container elementor-column-gap-default\">\n\t\t\t\t\t<div class=\"elementor-column elementor-col-100 elementor-top-column elementor-element elementor-element-2b1f9df\" data-id=\"2b1f9df\" data-element_type=\"column\" data-e-type=\"column\">\n\t\t\t<div class=\"elementor-widget-wrap elementor-element-populated\">\n\t\t\t\t\t\t<div class=\"elementor-element elementor-element-dab5472 elementor-widget elementor-widget-text-editor\" data-id=\"dab5472\" data-element_type=\"widget\" data-e-type=\"widget\" data-widget_type=\"text-editor.default\">\n\t\t\t\t<div class=\"elementor-widget-container\">\n\t\t\t\t\t\t\t\t\t<p><span style=\"font-weight: 400;\">Ces conditions sont applicables \u00e0 l&rsquo;achat\/vente en ligne des produits propos\u00e9s par ECOSOLUCIONES QU\u00cdMICAS \u00e0 travers son site web www.ecosolucionesquimicas.es. Le terme \u00ab\u00a0Client\u00a0\u00bb d\u00e9signe les destinataires des produits propos\u00e9s sur le Web et qui les ach\u00e8tent. Le Client, par le fait de contracter \/ passer une commande, accepte tous les termes et conditions \u00e9nonc\u00e9s dans cette section, et d\u00e9clare conna\u00eetre et accepter les informations contenues dans les mentions l\u00e9gales et la politique de confidentialit\u00e9.  <\/span><\/p><p><b>PROCESSUS D&rsquo;ACHAT<\/b><\/p><p><span style=\"font-weight: 400;\">Pour effectuer des achats sur notre site Internet, tu peux le faire en tant qu&rsquo;utilisateur enregistr\u00e9. Tu peux t&rsquo;enregistrer en remplissant le formulaire suivant, afin que le syst\u00e8me se souvienne de toi lors de ton prochain achat et acc\u00e9l\u00e8re le processus d&rsquo;achat. S\u00e9lectionne tes produits et ajoute-les au panier, appuie sur le bouton processus d&rsquo;ordre pour v\u00e9rifier ton achat et proc\u00e8de au paiement de ce dernier pour le finaliser. Une fois le paiement v\u00e9rifi\u00e9, Ecosoluciones qu\u00edmicas proc\u00e9dera \u00e0 la gestion de l&rsquo;exp\u00e9dition de ta commande.   <\/span><\/p><p><b>PRIX<\/b><\/p><p><span style=\"font-weight: 400;\">Les prix indiqu\u00e9s sont en euros et comprennent les taxes.<\/span><\/p><p><b>EXP\u00c9DITION<\/b><\/p><p><span style=\"font-weight: 400;\">Le client pourra choisir parmi les transporteurs disponibles au moment de l&rsquo;achat. Le d\u00e9lai de livraison sera compris entre 24 et 72 heures. Pour les envois vers les \u00eeles Bal\u00e9ares, consulte les conditions d&rsquo;exp\u00e9dition. Nous ne livrons pas aux \u00eeles Canaries.   <\/span><\/p><p><b>M\u00c9THODES DE PAIEMENT<\/b><\/p><p><span style=\"font-weight: 400;\">Sur www.ecosolucionesqu\u00edmicas.es, tu peux payer ton achat de l&rsquo;une des mani\u00e8res suivantes. 1. carte de cr\u00e9dit 2. bizum 3. paypal 4. virement bancaire Note : Ecosoluciones qu\u00edmicas n&rsquo;a pas acc\u00e8s aux donn\u00e9es des cartes ou des comptes pay pal, ces donn\u00e9es sont stock\u00e9es sur les serveurs Servired et\/ou Paypal. Les offres figurant sur la page sont soumises au respect des conditions qui y sont indiqu\u00e9es et \u00e0 la disponibilit\u00e9 du produit propos\u00e9.     <\/span><\/p><p><b>D\u00c9LAIS DE LIVRAISON<\/b><\/p><p><span style=\"font-weight: 400;\">Le d\u00e9lai de livraison pour les destinations continentales est de 24 \u00e0 72 heures apr\u00e8s la r\u00e9alisation compl\u00e8te de ta commande. Pour les \u00eeles Bal\u00e9ares, le d\u00e9lai de livraison de la marchandise est de 3 \u00e0 4 jours ouvrables apr\u00e8s l&rsquo;envoi de ta commande. Le temps de confirmation du paiement peut \u00eatre retard\u00e9 jusqu&rsquo;\u00e0 48 heures pour les achats effectu\u00e9s par virement bancaire. Les d\u00e9lais de livraison indiqu\u00e9s peuvent \u00eatre retard\u00e9s, bien que Ecosoluciones qu\u00edmicas s&rsquo;efforce de les respecter. La livraison est r\u00e9put\u00e9e effectu\u00e9e d\u00e8s lors que le produit est mis \u00e0 la disposition du Client par le transporteur et que le destinataire signe pour r\u00e9ception de la livraison. Il appartient au destinataire de v\u00e9rifier les produits \u00e0 la r\u00e9ception et de pr\u00e9senter toutes r\u00e9serves et r\u00e9clamations justifi\u00e9es. Si les produits livr\u00e9s ne sont pas conformes en nature ou en quantit\u00e9 \u00e0 ceux sp\u00e9cifi\u00e9s sur le bon de livraison, le Client doit formuler une r\u00e9clamation dans les quatorze (14) jours suivant la livraison. Les livraisons seront effectu\u00e9es aux frais du Client, \u00e9tant entendu qu&rsquo;aucune circonstance n&rsquo;implique la gratuit\u00e9 des livraisons. Si, pour une raison quelconque, nous ne pouvons pas respecter la date de livraison pr\u00e9vue, nous t&rsquo;informerons de cette circonstance et te donnerons la possibilit\u00e9 soit de proc\u00e9der \u00e0 l&rsquo;achat en fixant une nouvelle date de livraison, soit d&rsquo;annuler la commande avec un remboursement int\u00e9gral du prix pay\u00e9. Note que nous ne livrons pas les samedis et les dimanches.         <\/span><\/p><p><b>RETOUR DES PRODUITS D\u00c9FECTUEUX<\/b><\/p><p><span style=\"font-weight: 400;\">Si le client re\u00e7oit un produit d\u00e9fectueux, tu peux proc\u00e9der au retour de celui-ci, en communiquant \u00e0 Ecosoluciones qu\u00edmicas cet incident par t\u00e9l\u00e9phone au 919 29 22 03 ou par courriel \u00e0 info@ecosolucionesquimicas.es dans les 14 jours calendaires suivant la r\u00e9ception de ta commande. Nous t&rsquo;indiquerons alors comment retourner le produit. En cas de produit d\u00e9fectueux, le vendeur proc\u00e9dera, selon le cas, \u00e0 la r\u00e9paration, au remplacement, \u00e0 la r\u00e9duction du prix ou \u00e0 la r\u00e9siliation du contrat, qui sera gratuite pour le consommateur et l&rsquo;utilisateur. Dans le cas o\u00f9 il n&rsquo;est pas possible de remplacer le(s) produit(s), les montants pay\u00e9s pour ces produits qui sont retourn\u00e9s, en raison d&rsquo;un d\u00e9faut ou d&rsquo;un vice, lorsqu&rsquo;il existe r\u00e9ellement, seront rembours\u00e9s int\u00e9gralement, y compris les frais de livraison engag\u00e9s pour livrer l&rsquo;article et les frais que tu aurais engag\u00e9s pour nous le renvoyer. Les retours et les annulations partielles donneront lieu \u00e0 des remboursements partiels, de la totalit\u00e9 des sommes vers\u00e9es pour l&rsquo;ensemble de la commande. Le remboursement sera effectu\u00e9 sur la m\u00eame carte de cr\u00e9dit qui a \u00e9t\u00e9 utilis\u00e9e pour payer l&rsquo;achat, par virement bancaire sur un compte dont le titulaire est la personne qui a pass\u00e9 la commande, ou par le biais d&rsquo;un bon de r\u00e9duction pour un achat futur. Une fois que Ecosoluciones qu\u00edmicas aura re\u00e7u le produit d\u00e9fectueux et l&rsquo;aura examin\u00e9, le produit sera remplac\u00e9.      <\/span><\/p><p><b>GARANTIES DES PRODUITS<\/b><\/p><p><span style=\"font-weight: 400;\">En cas de produit d\u00e9fectueux, le vendeur doit proc\u00e9der, selon le cas, \u00e0 la r\u00e9paration, au remplacement, \u00e0 la r\u00e9duction du prix ou \u00e0 la r\u00e9siliation du contrat, d\u00e9marches qui seront gratuites pour le consommateur et l&rsquo;utilisateur Ecosoluciones qu\u00edmicas r\u00e9pond aux d\u00e9fauts de conformit\u00e9 qui se manifestent dans un d\u00e9lai de deux ans \u00e0 compter de la livraison. Le consommateur et l&rsquo;utilisateur doivent signaler le d\u00e9faut de conformit\u00e9 dans un d\u00e9lai de deux mois \u00e0 compter de la date \u00e0 laquelle ils en ont eu connaissance, par \u00e9crit \u00e0 info@ecosolucionesquimicas.es. <\/span><\/p><p><b>MODIFICATION DE CES CONDITIONS<\/b><\/p><p><span style=\"font-weight: 400;\">Ecosoluciones qu\u00edmicas pourra modifier les pr\u00e9sentes conditions pour ce que la lecture des m\u00eames est recommand\u00e9e au client\/utilisateur dans chaque processus d&rsquo;achat ou de visite sur le Web. Les modifications n&rsquo;auront pas d&rsquo;effets r\u00e9troactifs sur les contrats ou les commandes d\u00e9j\u00e0 pass\u00e9es. <\/span><\/p><p><b>LOI APPLICABLE<\/b><\/p><p><span style=\"font-weight: 400;\">Les pr\u00e9sentes conditions g\u00e9n\u00e9rales sont r\u00e9gies par la loi espagnole. Les parties se soumettent, \u00e0 leur choix, aux cours et tribunaux du domicile de l&rsquo;utilisateur pour la r\u00e9solution des litiges, en renon\u00e7ant \u00e0 toute autre juridiction. De m\u00eame, en tant que membre de Confianza Online et selon les termes de son code \u00e9thique, en cas de litiges relatifs aux contrats et \u00e0 la publicit\u00e9 en ligne, \u00e0 la protection des donn\u00e9es et \u00e0 la protection des mineurs, l&rsquo;utilisateur peut recourir au syst\u00e8me de r\u00e9solution extrajudiciaire des litiges de Confianza Online (www.confianzaonline.es).  <\/span><\/p>\t\t\t\t\t\t\t\t<\/div>\n\t\t\t\t<\/div>\n\t\t\t\t\t<\/div>\n\t\t<\/div>\n\t\t\t\t\t<\/div>\n\t\t<\/section>\n\t\t\t\t<\/div>\n\t\t","protected":false},"excerpt":{"rendered":"<p>Ces conditions sont applicables \u00e0 l&rsquo;achat\/vente en ligne des produits propos\u00e9s par ECOSOLUCIONES QU\u00cdMICAS \u00e0 travers son site web www.ecosolucionesquimicas.es. Le terme \u00ab\u00a0Client\u00a0\u00bb d\u00e9signe les destinataires des produits propos\u00e9s sur le Web et qui les ach\u00e8tent. Le Client, par le fait de contracter \/ passer une commande, accepte tous les termes et conditions \u00e9nonc\u00e9s dans [&hellip;]<\/p>\n","protected":false},"author":1,"featured_media":0,"parent":0,"menu_order":0,"comment_status":"closed","ping_status":"closed","template":"elementor_header_footer","meta":{"footnotes":""},"class_list":["post-12463","page","type-page","status-publish","hentry"],"acf":[],"yoast_head":"<!-- This site is optimized with the Yoast SEO Premium plugin v27.1 (Yoast SEO v27.4) - https:\/\/yoast.com\/product\/yoast-seo-premium-wordpress\/ -->\n<title>Boutique de mode - Jupiter X Templates<\/title>\n<meta name=\"description\" content=\"De quoi ton magasin de mode a-t-il vraiment besoin pour se d\u00e9marquer ? Un mod\u00e8le de site web de boutique de mode vougish avec une mise en page simple mais classe pour attirer les amoureux de la mode. Le th\u00e8me WP Jupiter X t&#039;en fournit un magnifique !\" \/>\n<meta name=\"robots\" content=\"index, follow, max-snippet:-1, max-image-preview:large, max-video-preview:-1\" \/>\n<link rel=\"canonical\" href=\"https:\/\/www.ecosolucionesquimicas.es\/fr\/conditions-generales-dutilisation\/\" \/>\n<meta property=\"og:locale\" content=\"fr_FR\" \/>\n<meta property=\"og:type\" content=\"article\" \/>\n<meta property=\"og:title\" content=\"Conditions g\u00e9n\u00e9rales d&#039;utilisation - Ecosoluciones Qu\u00edmicas\" \/>\n<meta property=\"og:description\" content=\"En EQM somos fabricantes de productos qu\u00edmicos. Comercializamos productos preparados para limpieza de hogar, autom\u00f3vil, industrial, alcoholes\" \/>\n<meta property=\"og:url\" content=\"https:\/\/www.ecosolucionesquimicas.es\/fr\/conditions-generales-dutilisation\/\" \/>\n<meta property=\"og:site_name\" content=\"Ecosoluciones Qu\u00edmicas\" \/>\n<meta property=\"article:publisher\" content=\"https:\/\/www.facebook.com\/ecosolucionesquimicasmadrid\/\" \/>\n<meta property=\"article:modified_time\" content=\"2025-11-22T19:56:38+00:00\" \/>\n<meta property=\"og:image\" content=\"https:\/\/www.ecosolucionesquimicas.es\/wp-content\/uploads\/2024\/08\/LOGO-EQM-NUEVO-.png\" \/>\n\t<meta property=\"og:image:width\" content=\"1060\" \/>\n\t<meta property=\"og:image:height\" content=\"456\" \/>\n\t<meta property=\"og:image:type\" content=\"image\/png\" \/>\n<meta name=\"twitter:card\" content=\"summary_large_image\" \/>\n<meta name=\"twitter:label1\" content=\"Dur\u00e9e de lecture estim\u00e9e\" \/>\n\t<meta name=\"twitter:data1\" content=\"5 minutes\" \/>\n<script type=\"application\/ld+json\" class=\"yoast-schema-graph\">{\"@context\":\"https:\\\/\\\/schema.org\",\"@graph\":[{\"@type\":\"WebPage\",\"@id\":\"https:\\\/\\\/www.ecosolucionesquimicas.es\\\/fr\\\/conditions-generales-dutilisation\\\/\",\"url\":\"https:\\\/\\\/www.ecosolucionesquimicas.es\\\/fr\\\/conditions-generales-dutilisation\\\/\",\"name\":\"Boutique de mode - Jupiter X Templates\",\"isPartOf\":{\"@id\":\"https:\\\/\\\/www.ecosolucionesquimicas.es\\\/fr\\\/#website\"},\"datePublished\":\"2024-05-28T08:09:33+00:00\",\"dateModified\":\"2025-11-22T19:56:38+00:00\",\"description\":\"De quoi ton magasin de mode a-t-il vraiment besoin pour se d\u00e9marquer ? Un mod\u00e8le de site web de boutique de mode vougish avec une mise en page simple mais classe pour attirer les amoureux de la mode. Le th\u00e8me WP Jupiter X t'en fournit un magnifique !\",\"breadcrumb\":{\"@id\":\"https:\\\/\\\/www.ecosolucionesquimicas.es\\\/fr\\\/conditions-generales-dutilisation\\\/#breadcrumb\"},\"inLanguage\":\"fr-FR\",\"potentialAction\":[{\"@type\":\"ReadAction\",\"target\":[\"https:\\\/\\\/www.ecosolucionesquimicas.es\\\/fr\\\/conditions-generales-dutilisation\\\/\"]}]},{\"@type\":\"BreadcrumbList\",\"@id\":\"https:\\\/\\\/www.ecosolucionesquimicas.es\\\/fr\\\/conditions-generales-dutilisation\\\/#breadcrumb\",\"itemListElement\":[{\"@type\":\"ListItem\",\"position\":1,\"name\":\"Portada\",\"item\":\"https:\\\/\\\/www.ecosolucionesquimicas.es\\\/fr\\\/home\\\/\"},{\"@type\":\"ListItem\",\"position\":2,\"name\":\"Conditions g\u00e9n\u00e9rales d&#8217;utilisation\"}]},{\"@type\":\"WebSite\",\"@id\":\"https:\\\/\\\/www.ecosolucionesquimicas.es\\\/fr\\\/#website\",\"url\":\"https:\\\/\\\/www.ecosolucionesquimicas.es\\\/fr\\\/\",\"name\":\"Ecosoluciones Qu\u00edmicas\",\"description\":\"Achetez en ligne des produits d'entretien et des produits chimiques fabriqu\u00e9s par nos soins.\",\"publisher\":{\"@id\":\"https:\\\/\\\/www.ecosolucionesquimicas.es\\\/fr\\\/#organization\"},\"alternateName\":\"EQM\",\"potentialAction\":[{\"@type\":\"SearchAction\",\"target\":{\"@type\":\"EntryPoint\",\"urlTemplate\":\"https:\\\/\\\/www.ecosolucionesquimicas.es\\\/fr\\\/?s={search_term_string}\"},\"query-input\":{\"@type\":\"PropertyValueSpecification\",\"valueRequired\":true,\"valueName\":\"search_term_string\"}}],\"inLanguage\":\"fr-FR\"},{\"@type\":\"Organization\",\"@id\":\"https:\\\/\\\/www.ecosolucionesquimicas.es\\\/fr\\\/#organization\",\"name\":\"Ecosoluciones Qu\u00edmicas\",\"url\":\"https:\\\/\\\/www.ecosolucionesquimicas.es\\\/fr\\\/\",\"logo\":{\"@type\":\"ImageObject\",\"inLanguage\":\"fr-FR\",\"@id\":\"https:\\\/\\\/www.ecosolucionesquimicas.es\\\/fr\\\/#\\\/schema\\\/logo\\\/image\\\/\",\"url\":\"https:\\\/\\\/www.ecosolucionesquimicas.es\\\/wp-content\\\/uploads\\\/2024\\\/08\\\/LOGO-EQM-NUEVO-.png\",\"contentUrl\":\"https:\\\/\\\/www.ecosolucionesquimicas.es\\\/wp-content\\\/uploads\\\/2024\\\/08\\\/LOGO-EQM-NUEVO-.png\",\"width\":1060,\"height\":456,\"caption\":\"Ecosoluciones Qu\u00edmicas\"},\"image\":{\"@id\":\"https:\\\/\\\/www.ecosolucionesquimicas.es\\\/fr\\\/#\\\/schema\\\/logo\\\/image\\\/\"},\"sameAs\":[\"https:\\\/\\\/www.facebook.com\\\/ecosolucionesquimicasmadrid\\\/\",\"https:\\\/\\\/www.instagram.com\\\/ecosolucionesquimicas\\\/\"],\"hasMerchantReturnPolicy\":{\"@type\":\"MerchantReturnPolicy\",\"merchantReturnLink\":\"https:\\\/\\\/www.ecosolucionesquimicas.es\\\/refund_returns\\\/\"}}]}<\/script>\n<!-- \/ Yoast SEO Premium plugin. -->","yoast_head_json":{"title":"Boutique de mode - Jupiter X Templates","description":"De quoi ton magasin de mode a-t-il vraiment besoin pour se d\u00e9marquer ? Un mod\u00e8le de site web de boutique de mode vougish avec une mise en page simple mais classe pour attirer les amoureux de la mode. Le th\u00e8me WP Jupiter X t'en fournit un magnifique !","robots":{"index":"index","follow":"follow","max-snippet":"max-snippet:-1","max-image-preview":"max-image-preview:large","max-video-preview":"max-video-preview:-1"},"canonical":"https:\/\/www.ecosolucionesquimicas.es\/fr\/conditions-generales-dutilisation\/","og_locale":"fr_FR","og_type":"article","og_title":"Conditions g\u00e9n\u00e9rales d'utilisation - Ecosoluciones Qu\u00edmicas","og_description":"En EQM somos fabricantes de productos qu\u00edmicos. Comercializamos productos preparados para limpieza de hogar, autom\u00f3vil, industrial, alcoholes","og_url":"https:\/\/www.ecosolucionesquimicas.es\/fr\/conditions-generales-dutilisation\/","og_site_name":"Ecosoluciones Qu\u00edmicas","article_publisher":"https:\/\/www.facebook.com\/ecosolucionesquimicasmadrid\/","article_modified_time":"2025-11-22T19:56:38+00:00","og_image":[{"width":1060,"height":456,"url":"https:\/\/www.ecosolucionesquimicas.es\/wp-content\/uploads\/2024\/08\/LOGO-EQM-NUEVO-.png","type":"image\/png"}],"twitter_card":"summary_large_image","twitter_misc":{"Dur\u00e9e de lecture estim\u00e9e":"5 minutes"},"schema":{"@context":"https:\/\/schema.org","@graph":[{"@type":"WebPage","@id":"https:\/\/www.ecosolucionesquimicas.es\/fr\/conditions-generales-dutilisation\/","url":"https:\/\/www.ecosolucionesquimicas.es\/fr\/conditions-generales-dutilisation\/","name":"Boutique de mode - Jupiter X Templates","isPartOf":{"@id":"https:\/\/www.ecosolucionesquimicas.es\/fr\/#website"},"datePublished":"2024-05-28T08:09:33+00:00","dateModified":"2025-11-22T19:56:38+00:00","description":"De quoi ton magasin de mode a-t-il vraiment besoin pour se d\u00e9marquer ? Un mod\u00e8le de site web de boutique de mode vougish avec une mise en page simple mais classe pour attirer les amoureux de la mode. Le th\u00e8me WP Jupiter X t'en fournit un magnifique !","breadcrumb":{"@id":"https:\/\/www.ecosolucionesquimicas.es\/fr\/conditions-generales-dutilisation\/#breadcrumb"},"inLanguage":"fr-FR","potentialAction":[{"@type":"ReadAction","target":["https:\/\/www.ecosolucionesquimicas.es\/fr\/conditions-generales-dutilisation\/"]}]},{"@type":"BreadcrumbList","@id":"https:\/\/www.ecosolucionesquimicas.es\/fr\/conditions-generales-dutilisation\/#breadcrumb","itemListElement":[{"@type":"ListItem","position":1,"name":"Portada","item":"https:\/\/www.ecosolucionesquimicas.es\/fr\/home\/"},{"@type":"ListItem","position":2,"name":"Conditions g\u00e9n\u00e9rales d&#8217;utilisation"}]},{"@type":"WebSite","@id":"https:\/\/www.ecosolucionesquimicas.es\/fr\/#website","url":"https:\/\/www.ecosolucionesquimicas.es\/fr\/","name":"Ecosoluciones Qu\u00edmicas","description":"Achetez en ligne des produits d'entretien et des produits chimiques fabriqu\u00e9s par nos soins.","publisher":{"@id":"https:\/\/www.ecosolucionesquimicas.es\/fr\/#organization"},"alternateName":"EQM","potentialAction":[{"@type":"SearchAction","target":{"@type":"EntryPoint","urlTemplate":"https:\/\/www.ecosolucionesquimicas.es\/fr\/?s={search_term_string}"},"query-input":{"@type":"PropertyValueSpecification","valueRequired":true,"valueName":"search_term_string"}}],"inLanguage":"fr-FR"},{"@type":"Organization","@id":"https:\/\/www.ecosolucionesquimicas.es\/fr\/#organization","name":"Ecosoluciones Qu\u00edmicas","url":"https:\/\/www.ecosolucionesquimicas.es\/fr\/","logo":{"@type":"ImageObject","inLanguage":"fr-FR","@id":"https:\/\/www.ecosolucionesquimicas.es\/fr\/#\/schema\/logo\/image\/","url":"https:\/\/www.ecosolucionesquimicas.es\/wp-content\/uploads\/2024\/08\/LOGO-EQM-NUEVO-.png","contentUrl":"https:\/\/www.ecosolucionesquimicas.es\/wp-content\/uploads\/2024\/08\/LOGO-EQM-NUEVO-.png","width":1060,"height":456,"caption":"Ecosoluciones Qu\u00edmicas"},"image":{"@id":"https:\/\/www.ecosolucionesquimicas.es\/fr\/#\/schema\/logo\/image\/"},"sameAs":["https:\/\/www.facebook.com\/ecosolucionesquimicasmadrid\/","https:\/\/www.instagram.com\/ecosolucionesquimicas\/"],"hasMerchantReturnPolicy":{"@type":"MerchantReturnPolicy","merchantReturnLink":"https:\/\/www.ecosolucionesquimicas.es\/refund_returns\/"}}]}},"_links":{"self":[{"href":"https:\/\/www.ecosolucionesquimicas.es\/fr\/wp-json\/wp\/v2\/pages\/12463","targetHints":{"allow":["GET"]}}],"collection":[{"href":"https:\/\/www.ecosolucionesquimicas.es\/fr\/wp-json\/wp\/v2\/pages"}],"about":[{"href":"https:\/\/www.ecosolucionesquimicas.es\/fr\/wp-json\/wp\/v2\/types\/page"}],"author":[{"embeddable":true,"href":"https:\/\/www.ecosolucionesquimicas.es\/fr\/wp-json\/wp\/v2\/users\/1"}],"replies":[{"embeddable":true,"href":"https:\/\/www.ecosolucionesquimicas.es\/fr\/wp-json\/wp\/v2\/comments?post=12463"}],"version-history":[{"count":3,"href":"https:\/\/www.ecosolucionesquimicas.es\/fr\/wp-json\/wp\/v2\/pages\/12463\/revisions"}],"predecessor-version":[{"id":12471,"href":"https:\/\/www.ecosolucionesquimicas.es\/fr\/wp-json\/wp\/v2\/pages\/12463\/revisions\/12471"}],"wp:attachment":[{"href":"https:\/\/www.ecosolucionesquimicas.es\/fr\/wp-json\/wp\/v2\/media?parent=12463"}],"curies":[{"name":"wp","href":"https:\/\/api.w.org\/{rel}","templated":true}]}}