{"id":11188,"date":"2024-02-22T23:49:08","date_gmt":"2024-02-22T22:49:08","guid":{"rendered":"https:\/\/www.ecosolucionesquimicas.es\/politique-de-confidentialite\/"},"modified":"2025-11-22T20:56:24","modified_gmt":"2025-11-22T19:56:24","slug":"politique-de-confidentialite","status":"publish","type":"page","link":"https:\/\/www.ecosolucionesquimicas.es\/fr\/politique-de-confidentialite\/","title":{"rendered":"Politique de confidentialit\u00e9"},"content":{"rendered":"\t\t<div data-elementor-type=\"wp-post\" data-elementor-id=\"11188\" class=\"elementor elementor-11188 elementor-88\" data-elementor-post-type=\"page\">\n\t\t\t\t\t\t<section class=\"elementor-section elementor-top-section elementor-element elementor-element-e6cd928 elementor-section-boxed elementor-section-height-default elementor-section-height-default\" data-id=\"e6cd928\" data-element_type=\"section\" data-e-type=\"section\" data-settings=\"{&quot;jet_parallax_layout_list&quot;:[{&quot;jet_parallax_layout_image&quot;:{&quot;url&quot;:&quot;&quot;,&quot;id&quot;:&quot;&quot;,&quot;size&quot;:&quot;&quot;},&quot;_id&quot;:&quot;7219af7&quot;,&quot;jet_parallax_layout_image_tablet&quot;:{&quot;url&quot;:&quot;&quot;,&quot;id&quot;:&quot;&quot;,&quot;size&quot;:&quot;&quot;},&quot;jet_parallax_layout_image_mobile&quot;:{&quot;url&quot;:&quot;&quot;,&quot;id&quot;:&quot;&quot;,&quot;size&quot;:&quot;&quot;},&quot;jet_parallax_layout_speed&quot;:{&quot;unit&quot;:&quot;%&quot;,&quot;size&quot;:50,&quot;sizes&quot;:[]},&quot;jet_parallax_layout_type&quot;:&quot;scroll&quot;,&quot;jet_parallax_layout_direction&quot;:&quot;1&quot;,&quot;jet_parallax_layout_fx_direction&quot;:null,&quot;jet_parallax_layout_z_index&quot;:&quot;&quot;,&quot;jet_parallax_layout_bg_x&quot;:50,&quot;jet_parallax_layout_bg_x_tablet&quot;:&quot;&quot;,&quot;jet_parallax_layout_bg_x_mobile&quot;:&quot;&quot;,&quot;jet_parallax_layout_bg_y&quot;:50,&quot;jet_parallax_layout_bg_y_tablet&quot;:&quot;&quot;,&quot;jet_parallax_layout_bg_y_mobile&quot;:&quot;&quot;,&quot;jet_parallax_layout_bg_size&quot;:&quot;auto&quot;,&quot;jet_parallax_layout_bg_size_tablet&quot;:&quot;&quot;,&quot;jet_parallax_layout_bg_size_mobile&quot;:&quot;&quot;,&quot;jet_parallax_layout_animation_prop&quot;:&quot;transform&quot;,&quot;jet_parallax_layout_on&quot;:[&quot;desktop&quot;,&quot;tablet&quot;]}]}\">\n\t\t\t\t\t\t<div class=\"elementor-container elementor-column-gap-default\">\n\t\t\t\t\t<div class=\"elementor-column elementor-col-100 elementor-top-column elementor-element elementor-element-2b1f9df\" data-id=\"2b1f9df\" data-element_type=\"column\" data-e-type=\"column\">\n\t\t\t<div class=\"elementor-widget-wrap elementor-element-populated\">\n\t\t\t\t\t\t<div class=\"elementor-element elementor-element-dab5472 elementor-widget elementor-widget-text-editor\" data-id=\"dab5472\" data-element_type=\"widget\" data-e-type=\"widget\" data-widget_type=\"text-editor.default\">\n\t\t\t\t<div class=\"elementor-widget-container\">\n\t\t\t\t\t\t\t\t\t<p><strong>Qui est responsable de vos donn\u00e9es&nbsp;?<\/strong><\/p><p><strong>Titulaire<\/strong>&nbsp;: ECOSOLUCIONES QUIMICAS SL<\/p><p><strong>CIF<\/strong>&nbsp;: B88270244<\/p><p><strong>Si\u00e8ge social<\/strong>&nbsp;: CALLE VIOLETA, 7, &#8211; Humanes de Madrid (Madrid &#8211; 28970)<\/p><p><strong>Num\u00e9ro de t\u00e9l\u00e9phone<\/strong>&nbsp;: 919292203 | 669006712<\/p><p><strong>Adresse e-mail&nbsp;:<\/strong> info@ecosolucionesquimicas.es<\/p><p>Veuillez noter que la pr\u00e9sente politique de confidentialit\u00e9 ne traite pas de la confidentialit\u00e9, des informations ou autres pratiques de tiers, quels qu\u2019ils soient, et que nous n\u2019en serons pas responsables, y compris celles de toute partie exploitant un portail vers lequel ces portails contiennent un lien. L\u2019inclusion d\u2019un lien dans les portails n\u2019implique pas une approbation du portail li\u00e9 par nous ou par nos filiales. <\/p><p><strong>Lic\u00e9it\u00e9 du traitement des donn\u00e9es<\/strong><\/p><p>Nous respectons votre vie priv\u00e9e. Par cons\u00e9quent, nous ne traitons vos donn\u00e9es personnelles que lorsque nous y sommes autoris\u00e9s. Vous pouvez nous donner votre consentement pour le traitement de vos donn\u00e9es personnelles, lorsque le traitement l\u2019exige. Dans d\u2019autres cas, si vous utilisez des services de notre site web qui n\u00e9cessitent vos donn\u00e9es pour pouvoir \u00eatre r\u00e9alis\u00e9s, nous serons autoris\u00e9s \u00e0 traiter vos donn\u00e9es pour l\u2019ex\u00e9cution de cette activit\u00e9. Un exemple en est l\u2019enregistrement des entr\u00e9es que nous collectons pour garantir, par exemple, que notre page web fonctionne sans erreur (y compris la maintenance technique de la page web). Dans tous les cas, nous vous informerons sur le traitement des donn\u00e9es personnelles qui est effectu\u00e9, et bien s\u00fbr, vos droits et int\u00e9r\u00eats seront toujours pris en compte. Si vous avez des questions sur vos donn\u00e9es personnelles, vous trouverez vos droits de protection des donn\u00e9es plus loin sur cette m\u00eame page.      <\/p><p><strong>Finalit\u00e9 du traitement des donn\u00e9es<\/strong><\/p><p>Nous ne rendrons pas publiques les informations personnelles sans consentement. Nous ne vendons ni ne partageons les informations personnelles volontairement. <\/p><p>ECOSOLUCIONES QUIMICAS SL traitera vos donn\u00e9es en tant qu\u2019utilisateur, de mani\u00e8re manuelle et\/ou automatis\u00e9e, aux fins sp\u00e9cifiques suivantes&nbsp;:<\/p><ul><li>R\u00e9aliser des rapports statistiques anonymes concernant les habitudes d\u2019acc\u00e8s et l\u2019activit\u00e9 d\u00e9velopp\u00e9e par les utilisateurs sur le web.<\/li><li>Mener \u00e0 bien les actions n\u00e9cessaires pour prot\u00e9ger les int\u00e9r\u00eats des clients lorsque cela est n\u00e9cessaire, ou le respect des d\u00e9cisions judiciaires et des mesures qui y sont convenues.<\/li><li>Envoyer des communications \u00e9lectroniques avec des offres, des promotions et des nouvelles li\u00e9es \u00e0 notre activit\u00e9, uniquement dans le cas o\u00f9 vous, en tant que client, l\u2019avez consenti ou ne vous y \u00eates pas oppos\u00e9 express\u00e9ment.<\/li><li>Si vous d\u00e9cidez de nous contacter en dehors d\u2019une relation contractuelle ou sans vous inscrire, vous pourrez le faire via la page web ou l\u2019e-mail de contact.<\/li><\/ul><p>Afin de pouvoir traiter correctement votre demande lorsque vous nous contactez, nous pourrons vous demander de nous fournir des donn\u00e9es personnelles telles que votre nom, votre adresse e-mail et toute autre information li\u00e9e \u00e0 votre demande et \u00e0 votre message. De mani\u00e8re facultative, vous pouvez fournir votre adresse postale et\/ou votre num\u00e9ro de t\u00e9l\u00e9phone. Nous collectons les informations demand\u00e9es dans le but exclusif de g\u00e9rer correctement votre demande. Les donn\u00e9es ne seront utilis\u00e9es \u00e0 aucune fin suppl\u00e9mentaire ni ne seront communiqu\u00e9es \u00e0 des tiers sans votre consentement expr\u00e8s, sauf si nous y sommes autoris\u00e9s par la loi. S\u2019il n\u2019est pas obligatoire par la loi de conserver vos donn\u00e9es personnelles, celles-ci seront supprim\u00e9es une fois votre demande trait\u00e9e.    <\/p><ul><li>Pour des raisons techniques, chaque fois que votre navigateur acc\u00e8de \u00e0 notre site web, des informations sont automatiquement envoy\u00e9es \u00e0 notre serveur (par exemple, des donn\u00e9es de navigation). Une partie de ces informations est stock\u00e9e dans des fichiers de registre, tels que&nbsp;: <ul><li>date d\u2019acc\u00e8s<\/li><li>heure d\u2019acc\u00e8s<\/li><li>URL de la page<\/li><li>version du protocole HTTP<\/li><li>fichiers auxquels on acc\u00e8de<\/li><li>volume de donn\u00e9es transf\u00e9r\u00e9es<\/li><li>type de navigateur internet et sa version<\/li><li>type de syst\u00e8me d\u2019exploitation<\/li><li>adresse IP (anonymis\u00e9e)<\/li><\/ul><\/li><\/ul><p>Les donn\u00e9es de navigation n\u2019incluent pas de donn\u00e9es personnelles. Nous analysons uniquement les donn\u00e9es de navigation lorsque cela est n\u00e9cessaire, notamment pour r\u00e9soudre les erreurs de fonctionnement de notre site web ou pour r\u00e9soudre les incidents de s\u00e9curit\u00e9. Nous stockons ces donn\u00e9es de mani\u00e8re ind\u00e9finie  <\/p><p>Destinataires de la cession de donn\u00e9es<\/p><p>Vos donn\u00e9es personnelles pourront \u00eatre c\u00e9d\u00e9es \u00e0 des tiers, entreprises collaboratrices, \u00e0 condition que leur intervention soit n\u00e9cessaire \u00e0 l\u2019ex\u00e9cution du contrat ou \u00e0 la prestation du service qui nous a \u00e9t\u00e9 confi\u00e9, \u00e9tant un exemple de ces entreprises collaboratrices des entreprises de distribution ou des entit\u00e9s bancaires.<\/p><p>Le responsable du traitement et ces entreprises collaboratrices souscrivent le contrat pertinent de responsable du traitement, assurant que celui-ci sera effectu\u00e9 dans les conditions impos\u00e9es par le responsable du traitement et garantissant les niveaux de confidentialit\u00e9 appropri\u00e9s<\/p><p><span style=\"color: var( --e-global-color-text ); font-family: var( --e-global-typography-text-font-family ), Sans-serif;\">Nous pouvons \u00e9galement nous trouver dans la situation de devoir c\u00e9der les donn\u00e9es personnelles lorsque cela est n\u00e9cessaire pour fournir le service ou r\u00e9pondre \u00e0 la consultation qui a \u00e9t\u00e9 demand\u00e9e, ainsi que l\u2019administration fiscale ou judiciaire ou les forces et corps de s\u00e9curit\u00e9, dans les cas pr\u00e9vus par la loi.<\/span><\/p><p><strong>D\u00e9lai de conservation des donn\u00e9es personnelles<\/strong><\/p><p>ECOSOLUCIONES QUIMICAS SL conservera vos donn\u00e9es personnelles, en tant qu\u2019utilisateur, uniquement pendant le temps n\u00e9cessaire \u00e0 la r\u00e9alisation des finalit\u00e9s pour lesquelles elles ont \u00e9t\u00e9 collect\u00e9es, tant que vous ne r\u00e9voquez pas les consentements accord\u00e9s. Par la suite, en cas de besoin, elle conservera les informations bloqu\u00e9es pendant les d\u00e9lais l\u00e9galement \u00e9tablis, dans tous les cas, pendant 5 ans, ou le d\u00e9lai \u00e9tabli par la loi pour toute action pouvant d\u00e9couler du traitement. <\/p><p><strong>Droits des utilisateurs<\/strong><\/p><p>Vous pouvez nous envoyer un courrier \u00e0 ECOSOLUCIONES QUIMICAS SL, CALLE VIOLETA, 7, &#8211; Humanes de Madrid (Madrid &#8211; 28970) ou nous envoyer un e-mail \u00e0 ELVIRAPEREZ@ECOSOLUCIONESQUIMICAS.ES, pour r\u00e9aliser l\u2019une des actions suivantes&nbsp;:<\/p><ul><li>R\u00e9voquer les consentements accord\u00e9s.<\/li><li>Obtenir la confirmation de savoir si ECOSOLUCIONES QUIMICAS SL traite ou non des donn\u00e9es personnelles vous concernant.<\/li><li>Acc\u00e9der \u00e0 vos donn\u00e9es personnelles.<\/li><li>Rectifier les donn\u00e9es inexactes ou incompl\u00e8tes.<\/li><li>Demander la suppression de vos donn\u00e9es lorsque, entre autres raisons, les donn\u00e9es ne sont plus n\u00e9cessaires aux fins pour lesquelles elles ont \u00e9t\u00e9 collect\u00e9es.<\/li><li>Obtenir d\u2019ECOSOLUCIONES QUIMICAS SL la limitation du traitement des donn\u00e9es lorsque l\u2019une des conditions pr\u00e9vues dans la r\u00e9glementation en mati\u00e8re de protection des donn\u00e9es est remplie.<\/li><li>Dans certaines circonstances et pour des raisons li\u00e9es \u00e0 votre situation particuli\u00e8re au traitement de vos donn\u00e9es, les personnes int\u00e9ress\u00e9es pourront s\u2019opposer au traitement de leurs donn\u00e9es. ECOSOLUCIONES QUIMICAS SL cessera de traiter les donn\u00e9es, sauf pour des motifs l\u00e9gitimes imp\u00e9rieux, ou l\u2019exercice ou la d\u00e9fense d\u2019\u00e9ventuelles r\u00e9clamations. <\/li><li>Obtenir une intervention humaine, \u00e0 exprimer son point de vue et \u00e0 contester les d\u00e9cisions automatis\u00e9es adopt\u00e9es.<\/li><li>Demander la portabilit\u00e9 de vos donn\u00e9es.<\/li><li>R\u00e9clamer aupr\u00e8s de l\u2019Agence Espagnole de Protection des Donn\u00e9es <a href=\"https:\/\/www.aepd.es\/\">https:\/\/www.aepd.es\/<\/a> lorsque la personne int\u00e9ress\u00e9e consid\u00e8re qu\u2019ECOSOLUCIONES QUIMICAS SL a viol\u00e9 les droits qui lui sont reconnus par la r\u00e9glementation applicable en mati\u00e8re de protection des donn\u00e9es.<\/li><\/ul><p><a href=\"https:\/\/www.aepd.es\/derechos-y-deberes\/conoce-tus-derechos\">https:\/\/www.aepd.es\/derechos-y-deberes\/conoce-tus-derechos<\/a><\/p><p> <\/p><p>Version mise \u00e0 jour Janvier&nbsp;2024.<\/p>\t\t\t\t\t\t\t\t<\/div>\n\t\t\t\t<\/div>\n\t\t\t\t\t<\/div>\n\t\t<\/div>\n\t\t\t\t\t<\/div>\n\t\t<\/section>\n\t\t\t\t<\/div>\n\t\t","protected":false},"excerpt":{"rendered":"<p>Qui est responsable de vos donn\u00e9es&nbsp;? Titulaire&nbsp;: ECOSOLUCIONES QUIMICAS SL CIF&nbsp;: B88270244 Si\u00e8ge social&nbsp;: CALLE VIOLETA, 7, &#8211; Humanes de Madrid (Madrid &#8211; 28970) Num\u00e9ro de t\u00e9l\u00e9phone&nbsp;: 919292203 | 669006712 Adresse e-mail&nbsp;: info@ecosolucionesquimicas.es Veuillez noter que la pr\u00e9sente politique de confidentialit\u00e9 ne traite pas de la confidentialit\u00e9, des informations ou autres pratiques de tiers, quels [&hellip;]<\/p>\n","protected":false},"author":1,"featured_media":0,"parent":0,"menu_order":0,"comment_status":"closed","ping_status":"closed","template":"elementor_header_footer","meta":{"footnotes":""},"class_list":["post-11188","page","type-page","status-publish","hentry"],"acf":[],"yoast_head":"<!-- This site is optimized with the Yoast SEO Premium plugin v27.1 (Yoast SEO v27.4) - https:\/\/yoast.com\/product\/yoast-seo-premium-wordpress\/ -->\n<title>Boutique de mode - Jupiter X Templates<\/title>\n<meta name=\"description\" content=\"De quoi ton magasin de mode a-t-il vraiment besoin pour se d\u00e9marquer ? Un mod\u00e8le de site web de boutique de mode vougish avec une mise en page simple mais classe pour attirer les amoureux de la mode. Le th\u00e8me WP Jupiter X t&#039;en fournit un magnifique !\" \/>\n<meta name=\"robots\" content=\"index, follow, max-snippet:-1, max-image-preview:large, max-video-preview:-1\" \/>\n<link rel=\"canonical\" href=\"https:\/\/www.ecosolucionesquimicas.es\/fr\/politique-de-confidentialite\/\" \/>\n<meta property=\"og:locale\" content=\"fr_FR\" \/>\n<meta property=\"og:type\" content=\"article\" \/>\n<meta property=\"og:title\" content=\"Politique de confidentialit\u00e9 - Ecosoluciones Qu\u00edmicas\" \/>\n<meta property=\"og:description\" content=\"En EQM somos fabricantes de productos qu\u00edmicos. Comercializamos productos preparados para limpieza de hogar, autom\u00f3vil, industrial, alcoholes\" \/>\n<meta property=\"og:url\" content=\"https:\/\/www.ecosolucionesquimicas.es\/fr\/politique-de-confidentialite\/\" \/>\n<meta property=\"og:site_name\" content=\"Ecosoluciones Qu\u00edmicas\" \/>\n<meta property=\"article:publisher\" content=\"https:\/\/www.facebook.com\/ecosolucionesquimicasmadrid\/\" \/>\n<meta property=\"article:modified_time\" content=\"2025-11-22T19:56:24+00:00\" \/>\n<meta property=\"og:image\" content=\"https:\/\/www.ecosolucionesquimicas.es\/wp-content\/uploads\/2024\/08\/LOGO-EQM-NUEVO-.png\" \/>\n\t<meta property=\"og:image:width\" content=\"1060\" \/>\n\t<meta property=\"og:image:height\" content=\"456\" \/>\n\t<meta property=\"og:image:type\" content=\"image\/png\" \/>\n<meta name=\"twitter:card\" content=\"summary_large_image\" \/>\n<meta name=\"twitter:label1\" content=\"Dur\u00e9e de lecture estim\u00e9e\" \/>\n\t<meta name=\"twitter:data1\" content=\"6 minutes\" \/>\n<script type=\"application\/ld+json\" class=\"yoast-schema-graph\">{\"@context\":\"https:\\\/\\\/schema.org\",\"@graph\":[{\"@type\":\"WebPage\",\"@id\":\"https:\\\/\\\/www.ecosolucionesquimicas.es\\\/fr\\\/politique-de-confidentialite\\\/\",\"url\":\"https:\\\/\\\/www.ecosolucionesquimicas.es\\\/fr\\\/politique-de-confidentialite\\\/\",\"name\":\"Boutique de mode - Jupiter X Templates\",\"isPartOf\":{\"@id\":\"https:\\\/\\\/www.ecosolucionesquimicas.es\\\/fr\\\/#website\"},\"datePublished\":\"2024-02-22T22:49:08+00:00\",\"dateModified\":\"2025-11-22T19:56:24+00:00\",\"description\":\"De quoi ton magasin de mode a-t-il vraiment besoin pour se d\u00e9marquer ? Un mod\u00e8le de site web de boutique de mode vougish avec une mise en page simple mais classe pour attirer les amoureux de la mode. Le th\u00e8me WP Jupiter X t'en fournit un magnifique !\",\"breadcrumb\":{\"@id\":\"https:\\\/\\\/www.ecosolucionesquimicas.es\\\/fr\\\/politique-de-confidentialite\\\/#breadcrumb\"},\"inLanguage\":\"fr-FR\",\"potentialAction\":[{\"@type\":\"ReadAction\",\"target\":[\"https:\\\/\\\/www.ecosolucionesquimicas.es\\\/fr\\\/politique-de-confidentialite\\\/\"]}]},{\"@type\":\"BreadcrumbList\",\"@id\":\"https:\\\/\\\/www.ecosolucionesquimicas.es\\\/fr\\\/politique-de-confidentialite\\\/#breadcrumb\",\"itemListElement\":[{\"@type\":\"ListItem\",\"position\":1,\"name\":\"Portada\",\"item\":\"https:\\\/\\\/www.ecosolucionesquimicas.es\\\/fr\\\/home\\\/\"},{\"@type\":\"ListItem\",\"position\":2,\"name\":\"Politique de confidentialit\u00e9\"}]},{\"@type\":\"WebSite\",\"@id\":\"https:\\\/\\\/www.ecosolucionesquimicas.es\\\/fr\\\/#website\",\"url\":\"https:\\\/\\\/www.ecosolucionesquimicas.es\\\/fr\\\/\",\"name\":\"Ecosoluciones Qu\u00edmicas\",\"description\":\"Achetez en ligne des produits d'entretien et des produits chimiques fabriqu\u00e9s par nos soins.\",\"publisher\":{\"@id\":\"https:\\\/\\\/www.ecosolucionesquimicas.es\\\/fr\\\/#organization\"},\"alternateName\":\"EQM\",\"potentialAction\":[{\"@type\":\"SearchAction\",\"target\":{\"@type\":\"EntryPoint\",\"urlTemplate\":\"https:\\\/\\\/www.ecosolucionesquimicas.es\\\/fr\\\/?s={search_term_string}\"},\"query-input\":{\"@type\":\"PropertyValueSpecification\",\"valueRequired\":true,\"valueName\":\"search_term_string\"}}],\"inLanguage\":\"fr-FR\"},{\"@type\":\"Organization\",\"@id\":\"https:\\\/\\\/www.ecosolucionesquimicas.es\\\/fr\\\/#organization\",\"name\":\"Ecosoluciones Qu\u00edmicas\",\"url\":\"https:\\\/\\\/www.ecosolucionesquimicas.es\\\/fr\\\/\",\"logo\":{\"@type\":\"ImageObject\",\"inLanguage\":\"fr-FR\",\"@id\":\"https:\\\/\\\/www.ecosolucionesquimicas.es\\\/fr\\\/#\\\/schema\\\/logo\\\/image\\\/\",\"url\":\"https:\\\/\\\/www.ecosolucionesquimicas.es\\\/wp-content\\\/uploads\\\/2024\\\/08\\\/LOGO-EQM-NUEVO-.png\",\"contentUrl\":\"https:\\\/\\\/www.ecosolucionesquimicas.es\\\/wp-content\\\/uploads\\\/2024\\\/08\\\/LOGO-EQM-NUEVO-.png\",\"width\":1060,\"height\":456,\"caption\":\"Ecosoluciones Qu\u00edmicas\"},\"image\":{\"@id\":\"https:\\\/\\\/www.ecosolucionesquimicas.es\\\/fr\\\/#\\\/schema\\\/logo\\\/image\\\/\"},\"sameAs\":[\"https:\\\/\\\/www.facebook.com\\\/ecosolucionesquimicasmadrid\\\/\",\"https:\\\/\\\/www.instagram.com\\\/ecosolucionesquimicas\\\/\"],\"hasMerchantReturnPolicy\":{\"@type\":\"MerchantReturnPolicy\",\"merchantReturnLink\":\"https:\\\/\\\/www.ecosolucionesquimicas.es\\\/refund_returns\\\/\"}}]}<\/script>\n<!-- \/ Yoast SEO Premium plugin. -->","yoast_head_json":{"title":"Boutique de mode - Jupiter X Templates","description":"De quoi ton magasin de mode a-t-il vraiment besoin pour se d\u00e9marquer ? Un mod\u00e8le de site web de boutique de mode vougish avec une mise en page simple mais classe pour attirer les amoureux de la mode. Le th\u00e8me WP Jupiter X t'en fournit un magnifique !","robots":{"index":"index","follow":"follow","max-snippet":"max-snippet:-1","max-image-preview":"max-image-preview:large","max-video-preview":"max-video-preview:-1"},"canonical":"https:\/\/www.ecosolucionesquimicas.es\/fr\/politique-de-confidentialite\/","og_locale":"fr_FR","og_type":"article","og_title":"Politique de confidentialit\u00e9 - Ecosoluciones Qu\u00edmicas","og_description":"En EQM somos fabricantes de productos qu\u00edmicos. Comercializamos productos preparados para limpieza de hogar, autom\u00f3vil, industrial, alcoholes","og_url":"https:\/\/www.ecosolucionesquimicas.es\/fr\/politique-de-confidentialite\/","og_site_name":"Ecosoluciones Qu\u00edmicas","article_publisher":"https:\/\/www.facebook.com\/ecosolucionesquimicasmadrid\/","article_modified_time":"2025-11-22T19:56:24+00:00","og_image":[{"width":1060,"height":456,"url":"https:\/\/www.ecosolucionesquimicas.es\/wp-content\/uploads\/2024\/08\/LOGO-EQM-NUEVO-.png","type":"image\/png"}],"twitter_card":"summary_large_image","twitter_misc":{"Dur\u00e9e de lecture estim\u00e9e":"6 minutes"},"schema":{"@context":"https:\/\/schema.org","@graph":[{"@type":"WebPage","@id":"https:\/\/www.ecosolucionesquimicas.es\/fr\/politique-de-confidentialite\/","url":"https:\/\/www.ecosolucionesquimicas.es\/fr\/politique-de-confidentialite\/","name":"Boutique de mode - Jupiter X Templates","isPartOf":{"@id":"https:\/\/www.ecosolucionesquimicas.es\/fr\/#website"},"datePublished":"2024-02-22T22:49:08+00:00","dateModified":"2025-11-22T19:56:24+00:00","description":"De quoi ton magasin de mode a-t-il vraiment besoin pour se d\u00e9marquer ? Un mod\u00e8le de site web de boutique de mode vougish avec une mise en page simple mais classe pour attirer les amoureux de la mode. Le th\u00e8me WP Jupiter X t'en fournit un magnifique !","breadcrumb":{"@id":"https:\/\/www.ecosolucionesquimicas.es\/fr\/politique-de-confidentialite\/#breadcrumb"},"inLanguage":"fr-FR","potentialAction":[{"@type":"ReadAction","target":["https:\/\/www.ecosolucionesquimicas.es\/fr\/politique-de-confidentialite\/"]}]},{"@type":"BreadcrumbList","@id":"https:\/\/www.ecosolucionesquimicas.es\/fr\/politique-de-confidentialite\/#breadcrumb","itemListElement":[{"@type":"ListItem","position":1,"name":"Portada","item":"https:\/\/www.ecosolucionesquimicas.es\/fr\/home\/"},{"@type":"ListItem","position":2,"name":"Politique de confidentialit\u00e9"}]},{"@type":"WebSite","@id":"https:\/\/www.ecosolucionesquimicas.es\/fr\/#website","url":"https:\/\/www.ecosolucionesquimicas.es\/fr\/","name":"Ecosoluciones Qu\u00edmicas","description":"Achetez en ligne des produits d'entretien et des produits chimiques fabriqu\u00e9s par nos soins.","publisher":{"@id":"https:\/\/www.ecosolucionesquimicas.es\/fr\/#organization"},"alternateName":"EQM","potentialAction":[{"@type":"SearchAction","target":{"@type":"EntryPoint","urlTemplate":"https:\/\/www.ecosolucionesquimicas.es\/fr\/?s={search_term_string}"},"query-input":{"@type":"PropertyValueSpecification","valueRequired":true,"valueName":"search_term_string"}}],"inLanguage":"fr-FR"},{"@type":"Organization","@id":"https:\/\/www.ecosolucionesquimicas.es\/fr\/#organization","name":"Ecosoluciones Qu\u00edmicas","url":"https:\/\/www.ecosolucionesquimicas.es\/fr\/","logo":{"@type":"ImageObject","inLanguage":"fr-FR","@id":"https:\/\/www.ecosolucionesquimicas.es\/fr\/#\/schema\/logo\/image\/","url":"https:\/\/www.ecosolucionesquimicas.es\/wp-content\/uploads\/2024\/08\/LOGO-EQM-NUEVO-.png","contentUrl":"https:\/\/www.ecosolucionesquimicas.es\/wp-content\/uploads\/2024\/08\/LOGO-EQM-NUEVO-.png","width":1060,"height":456,"caption":"Ecosoluciones Qu\u00edmicas"},"image":{"@id":"https:\/\/www.ecosolucionesquimicas.es\/fr\/#\/schema\/logo\/image\/"},"sameAs":["https:\/\/www.facebook.com\/ecosolucionesquimicasmadrid\/","https:\/\/www.instagram.com\/ecosolucionesquimicas\/"],"hasMerchantReturnPolicy":{"@type":"MerchantReturnPolicy","merchantReturnLink":"https:\/\/www.ecosolucionesquimicas.es\/refund_returns\/"}}]}},"_links":{"self":[{"href":"https:\/\/www.ecosolucionesquimicas.es\/fr\/wp-json\/wp\/v2\/pages\/11188","targetHints":{"allow":["GET"]}}],"collection":[{"href":"https:\/\/www.ecosolucionesquimicas.es\/fr\/wp-json\/wp\/v2\/pages"}],"about":[{"href":"https:\/\/www.ecosolucionesquimicas.es\/fr\/wp-json\/wp\/v2\/types\/page"}],"author":[{"embeddable":true,"href":"https:\/\/www.ecosolucionesquimicas.es\/fr\/wp-json\/wp\/v2\/users\/1"}],"replies":[{"embeddable":true,"href":"https:\/\/www.ecosolucionesquimicas.es\/fr\/wp-json\/wp\/v2\/comments?post=11188"}],"version-history":[{"count":1,"href":"https:\/\/www.ecosolucionesquimicas.es\/fr\/wp-json\/wp\/v2\/pages\/11188\/revisions"}],"predecessor-version":[{"id":11189,"href":"https:\/\/www.ecosolucionesquimicas.es\/fr\/wp-json\/wp\/v2\/pages\/11188\/revisions\/11189"}],"wp:attachment":[{"href":"https:\/\/www.ecosolucionesquimicas.es\/fr\/wp-json\/wp\/v2\/media?parent=11188"}],"curies":[{"name":"wp","href":"https:\/\/api.w.org\/{rel}","templated":true}]}}