{"id":12735,"date":"2024-02-22T11:57:59","date_gmt":"2024-02-22T10:57:59","guid":{"rendered":"https:\/\/www.ecosolucionesquimicas.es\/cookie-policy\/"},"modified":"2025-11-22T20:56:25","modified_gmt":"2025-11-22T19:56:25","slug":"cookie-policy","status":"publish","type":"page","link":"https:\/\/www.ecosolucionesquimicas.es\/en\/cookie-policy\/","title":{"rendered":"Cookie Policy"},"content":{"rendered":"\t\t<div data-elementor-type=\"wp-post\" data-elementor-id=\"12735\" class=\"elementor elementor-12735 elementor-1490\" data-elementor-post-type=\"page\">\n\t\t\t\t\t\t<section class=\"elementor-section elementor-top-section elementor-element elementor-element-e6cd928 elementor-section-boxed elementor-section-height-default elementor-section-height-default\" data-id=\"e6cd928\" data-element_type=\"section\" data-e-type=\"section\" data-settings=\"{&quot;jet_parallax_layout_list&quot;:[{&quot;jet_parallax_layout_image&quot;:{&quot;url&quot;:&quot;&quot;,&quot;id&quot;:&quot;&quot;,&quot;size&quot;:&quot;&quot;},&quot;_id&quot;:&quot;7219af7&quot;,&quot;jet_parallax_layout_image_tablet&quot;:{&quot;url&quot;:&quot;&quot;,&quot;id&quot;:&quot;&quot;,&quot;size&quot;:&quot;&quot;},&quot;jet_parallax_layout_image_mobile&quot;:{&quot;url&quot;:&quot;&quot;,&quot;id&quot;:&quot;&quot;,&quot;size&quot;:&quot;&quot;},&quot;jet_parallax_layout_speed&quot;:{&quot;unit&quot;:&quot;%&quot;,&quot;size&quot;:50,&quot;sizes&quot;:[]},&quot;jet_parallax_layout_type&quot;:&quot;scroll&quot;,&quot;jet_parallax_layout_direction&quot;:&quot;1&quot;,&quot;jet_parallax_layout_fx_direction&quot;:null,&quot;jet_parallax_layout_z_index&quot;:&quot;&quot;,&quot;jet_parallax_layout_bg_x&quot;:50,&quot;jet_parallax_layout_bg_x_tablet&quot;:&quot;&quot;,&quot;jet_parallax_layout_bg_x_mobile&quot;:&quot;&quot;,&quot;jet_parallax_layout_bg_y&quot;:50,&quot;jet_parallax_layout_bg_y_tablet&quot;:&quot;&quot;,&quot;jet_parallax_layout_bg_y_mobile&quot;:&quot;&quot;,&quot;jet_parallax_layout_bg_size&quot;:&quot;auto&quot;,&quot;jet_parallax_layout_bg_size_tablet&quot;:&quot;&quot;,&quot;jet_parallax_layout_bg_size_mobile&quot;:&quot;&quot;,&quot;jet_parallax_layout_animation_prop&quot;:&quot;transform&quot;,&quot;jet_parallax_layout_on&quot;:[&quot;desktop&quot;,&quot;tablet&quot;]}]}\">\n\t\t\t\t\t\t<div class=\"elementor-container elementor-column-gap-default\">\n\t\t\t\t\t<div class=\"elementor-column elementor-col-100 elementor-top-column elementor-element elementor-element-2b1f9df\" data-id=\"2b1f9df\" data-element_type=\"column\" data-e-type=\"column\">\n\t\t\t<div class=\"elementor-widget-wrap elementor-element-populated\">\n\t\t\t\t\t\t<div class=\"elementor-element elementor-element-dab5472 elementor-widget elementor-widget-text-editor\" data-id=\"dab5472\" data-element_type=\"widget\" data-e-type=\"widget\" data-widget_type=\"text-editor.default\">\n\t\t\t\t<div class=\"elementor-widget-container\">\n\t\t\t\t\t\t\t\t\t<p><strong>What are cookies?<\/strong><\/p><p>Cookies are files containing small amounts of information that are downloaded to the user&#8217;s device when visiting a web page, associated only with an anonymous user and his or her computer and do not provide evidence that would allow access to the user&#8217;s personal data.<\/p><p>You can also view our website without cookies. Internet browsers are regularly set to accept cookies. To prevent the use of cookies in your Internet browser, you can deactivate the use of cookies through your Internet browser settings and delete cookies already set. The help functions of your Internet browser tell you how to disable and delete cookies from your browser. Please note that disabling\/deleting cookies may cause individual functions of our website to no longer work as expected. In addition, disabling\/deleting cookies only affects the Internet browser you are currently using. For other Internet browsers, the deactivation\/deletion of cookies must be performed again. Cookies, which may be necessary for certain functions of our website, are shown below.       <\/p><p><strong>Why do we use cookies?<\/strong><\/p><p>We use cookies not only for our own interest, but also to improve the functioning of our website and to be able to offer you the best browsing experience.<\/p><p>Specifically, the Holder is using Cookies for the purposes described below. If in the future the Owner uses other Cookies for the purpose of providing more and better services, the user will be informed of this. The installation of these cookies on the user&#8217;s device will always occur after the collection of consent and \/ or configuration of these.  <\/p><p><strong>Types of cookies used<\/strong><\/p><p><strong>Cookies according to the time it remains active<\/strong><\/p><p><strong>Session Cookies<\/strong><\/p><p>For the proper functioning of our websites, we use session cookies that we store on your device when you visit our website &#8211; regardless of whether or not you accept cookies in the banner &#8211; and that are always automatically deleted when you close your Internet browser (i.e. when you close the program). This allows us to offer you various functions on our website using the information from the cookies. <\/p><p>We use the following session cookies for the following purposes:<\/p><ul><li>to ensure flawless playback of video or audio content;<\/li><li>temporarily store certain user entries;<\/li><li>improve ease of use and statistical measurement.<\/li><\/ul><p>Session cookies in which we process personal data:<\/p><p>Those used to temporarily identify or authenticate a user (e.g., using a session ID to temporarily save the contents of the shopping cart).<\/p><p>Session cookies are automatically deleted after the Internet browser is closed, or at the latest at the end of the lifetime of the corresponding cookie.<\/p><p><strong>Persistent Cookies<\/strong><\/p><p>Persistent cookies are cookies that remain stored on your device even after you have closed your Internet browser. We use the information contained in these cookies to provide you with convenient functions on our website (e.g. to save certain user preferences or for search or language settings), but also to collect your usage behavior on our website and use this information to improve our website (e.g. to detect errors) and to customize the advertising we show you. <\/p><p>Persistent cookies with personal data to collect your usage behavior are only processed with your consent, which you can give us the first time you visit our website via the banner we show you. You can revoke your consent to process your usage behavior at any time by deleting all cookies set in your Internet browser. <\/p><p><strong>Cookies according to the entity that manages them<\/strong><\/p><p><strong>Own Cookies<\/strong><\/p><p>They are those that are sent to the user&#8217;s terminal equipment from a computer or domain managed by the editor itself and from which the service requested by the user is provided.<\/p><p><strong>Third party cookies<\/strong><\/p><p>Cookies are those that are sent to the user&#8217;s terminal equipment from a computer or domain that is not managed by the editor, but by another entity that processes the data obtained through the cookies.<\/p><p><strong>Cookies by purpose<\/strong><\/p><p><strong>Technical Cookies<\/strong><\/p><p>They are those that allow the user to navigate through a website, platform or application and the use of the different options or services that exist in it, including those that the publisher uses to enable the management and operation of the website and enable its functions and services, such as, for example, control traffic and data communication, identify the session, access restricted parts, remember the elements that make up an order, carry out the purchase process of an order, manage the payment, control fraud linked to the security of the service, make the application for registration or participation in an event, use security features during navigation, store content for broadcasting videos or sound, enable dynamic content (for example, animation of loading a text or image) or share content through social networks. Also belonging to this category, due to their technical nature, are those cookies that allow the management, in the most effective way possible, of the advertising spaces that, as another element of design or &#8220;layout&#8221; of the service offered to the user, the editor has included in a web page, application or platform based on criteria such as the edited content, without collecting information from users for other purposes, such as customizing that advertising content or other content. Technical cookies will be exempt from compliance with the obligations set forth in Article 22.2 of the LSSI when they allow the service requested by the user to be provided, as in the case of the cookies listed in the preceding paragraphs. However, if these cookies are also used for non-exempt purposes (for example, for behavioral advertising purposes), they will be subject to these obligations.   <\/p><p><strong>Preference or personalization cookies<\/strong><\/p><p>They are those that allow remembering information for the user to access the service with certain features that can differentiate their experience from that of other users, such as, for example, the language, the number of results to display when the user performs a search, the appearance or content of the service depending on the type of browser through which the user accesses the service or the region from which you access the service, etc.. If it is the user himself who chooses these characteristics (for example, if he selects the language of a website by clicking on the icon of the flag of the corresponding country), the cookies will be exempt from the obligations of article 22.2 of the LSSI as it is considered a service expressly requested by the user, and this provided that the cookies obey exclusively to the selected purpose. <\/p><p><strong>Analysis or measurement cookies<\/strong><\/p><p>They are those that allow the responsible for them to monitor and analyze the behavior of users of the websites to which they are linked, including the quantification of the impacts of advertisements. The information collected through this type of cookies is used in the measurement of the activity of the websites, application or platform, in order to make improvements based on the analysis of the usage data made by users of the service. <\/p><p><strong>Behavioral advertising cookies<\/strong><\/p><p>They are those that store information on user behavior obtained through the continuous observation of their browsing habits, which allows the development of a specific profile to display advertising based on the same. In any case, it should be noted that these typologies are offered as a guideline because they are the most common. Publishers and third parties may make the categorizations they consider best suited to the purposes of the cookies they use, so that the principle of transparency towards users is respected.  <\/p><p>Below, we explain in detail which technologies and providers we use to analyze your user behavior:<\/p><table><tbody><tr><td width=\"566\"><p> <\/p><\/td><\/tr><\/tbody><\/table><p> <\/p><p><strong>How to avoid cookies?<\/strong><\/p><p>Information is made available to users to enable them to configure their Internet browser\/browsers to maintain their privacy and security in relation to Cookies. Therefore, information and links to the official support sites of the main browsers are provided so that each user can decide whether or not to accept the use of Cookies. <\/p><p>Thus, it is possible to block Cookies through the configuration tools of the browser, or each user can configure his browser to warn him when a server wants to save a Cookie:<\/p><ul><li>If you use Microsoft Internet Explorer, you will find the option in the menu Tools &gt; Internet Options &gt; Privacy &gt; Settings. To learn more visit this link: <a href=\"http:\/\/windows.microsoft.com\/es-es\/windows-vista\/block-or-allow-Cookies\">http:\/\/windows.microsoft.com\/es-es\/windows-vista\/block-or-allow-Cookiesy<\/a> <a href=\"http:\/\/windows.microsoft.com\/es-es\/windows7\/how-to-manage-Cookies-in-internet-explorer-9\">http:\/\/windows.microsoft.com\/es-es\/windows7\/how-to-manage-Cookies-in-internet-explorer-9.<\/a> <\/li><li>If you use Firefox, you will find the option in the menu Tools &gt; Options &gt; Privacy &gt; Cookies. To learn more visit this link: <a href=\"http:\/\/support.mozilla.org\/es\/kb\/habilitar-y-deshabilitar-Cookies-que-los-sitios-we\">http:\/\/support.mozilla.org\/es\/kb\/habilitar-y-deshabilitar-Cookies-que-los-sitios-we.<\/a> <\/li><li>If you use Chrome, in the Options section &gt; Advanced Options &gt; Privacy. To learn more visit this link: <a href=\"https:\/\/support.google.com\/accounts\/answer\/61416?hl=es\">https:\/\/support.google.com\/accounts\/answer\/61416?hl=es.<\/a> <\/li><li>If you use Opera, in the Security and Privacy option, you can configure the browser. To learn more visit: this link: <a href=\"http:\/\/help.opera.com\/Windows\/11.50\/es-ES\/cookies.html\">http:\/\/help.opera.com\/Windows\/11.50\/es-ES\/cookies.html<\/a> <\/li><li>If you use Safari you will find the option in the Preferences\/Privacy menu. To learn more visit: this link: <a href=\"http:\/\/support.apple.com\/kb\/HT1677?viewlocale=es_ES\">http:\/\/support.apple.com\/kb\/HT1677?viewlocale=es_ES<\/a> <\/li><\/ul><p><strong>Can the Cookies Policy be modified?<\/strong><\/p><p>This Cookies Policy may be modified according to legislative or regulatory requirements, or in order to adapt this policy to the instructions issued by the Spanish Data Protection Agency, so users are advised to visit it periodically. When significant changes occur in this Cookies Policy, they will be communicated to users either through this website or via email. <\/p><p><em>Updated version January 2024.<\/em><\/p>\t\t\t\t\t\t\t\t<\/div>\n\t\t\t\t<\/div>\n\t\t\t\t\t<\/div>\n\t\t<\/div>\n\t\t\t\t\t<\/div>\n\t\t<\/section>\n\t\t\t\t<\/div>\n\t\t","protected":false},"excerpt":{"rendered":"<p>What are cookies? Cookies are files containing small amounts of information that are downloaded to the user&#8217;s device when visiting a web page, associated only with an anonymous user and his or her computer and do not provide evidence that would allow access to the user&#8217;s personal data. You can also view our website without [&hellip;]<\/p>\n","protected":false},"author":1,"featured_media":0,"parent":0,"menu_order":0,"comment_status":"closed","ping_status":"closed","template":"elementor_header_footer","meta":{"footnotes":""},"class_list":["post-12735","page","type-page","status-publish","hentry"],"acf":[],"yoast_head":"<!-- This site is optimized with the Yoast SEO Premium plugin v27.1 (Yoast SEO v27.4) - https:\/\/yoast.com\/product\/yoast-seo-premium-wordpress\/ -->\n<title>Fashion Shop - Jupiter X Templates<\/title>\n<meta name=\"description\" content=\"What does your fashion shop really need to stand out? A vougish fashion shop website template with a simple but classy layout to attract fashion lovers. Jupiter X WP Theme provides you with a beautiful one!\" \/>\n<meta name=\"robots\" content=\"index, follow, max-snippet:-1, max-image-preview:large, max-video-preview:-1\" \/>\n<link rel=\"canonical\" href=\"https:\/\/www.ecosolucionesquimicas.es\/en\/cookie-policy\/\" \/>\n<meta property=\"og:locale\" content=\"en_US\" \/>\n<meta property=\"og:type\" content=\"article\" \/>\n<meta property=\"og:title\" content=\"Cookie Policy - Ecosoluciones Qu\u00edmicas\" \/>\n<meta property=\"og:description\" content=\"En EQM somos fabricantes de productos qu\u00edmicos. Comercializamos productos preparados para limpieza de hogar, autom\u00f3vil, industrial, alcoholes\" \/>\n<meta property=\"og:url\" content=\"https:\/\/www.ecosolucionesquimicas.es\/en\/cookie-policy\/\" \/>\n<meta property=\"og:site_name\" content=\"Ecosoluciones Qu\u00edmicas\" \/>\n<meta property=\"article:publisher\" content=\"https:\/\/www.facebook.com\/ecosolucionesquimicasmadrid\/\" \/>\n<meta property=\"article:modified_time\" content=\"2025-11-22T19:56:25+00:00\" \/>\n<meta property=\"og:image\" content=\"https:\/\/www.ecosolucionesquimicas.es\/wp-content\/uploads\/2024\/08\/LOGO-EQM-NUEVO-.png\" \/>\n\t<meta property=\"og:image:width\" content=\"1060\" \/>\n\t<meta property=\"og:image:height\" content=\"456\" \/>\n\t<meta property=\"og:image:type\" content=\"image\/png\" \/>\n<meta name=\"twitter:card\" content=\"summary_large_image\" \/>\n<meta name=\"twitter:label1\" content=\"Est. reading time\" \/>\n\t<meta name=\"twitter:data1\" content=\"8 minutes\" \/>\n<script type=\"application\/ld+json\" class=\"yoast-schema-graph\">{\"@context\":\"https:\\\/\\\/schema.org\",\"@graph\":[{\"@type\":\"WebPage\",\"@id\":\"https:\\\/\\\/www.ecosolucionesquimicas.es\\\/en\\\/cookie-policy\\\/\",\"url\":\"https:\\\/\\\/www.ecosolucionesquimicas.es\\\/en\\\/cookie-policy\\\/\",\"name\":\"Fashion Shop - Jupiter X Templates\",\"isPartOf\":{\"@id\":\"https:\\\/\\\/www.ecosolucionesquimicas.es\\\/en\\\/#website\"},\"datePublished\":\"2024-02-22T10:57:59+00:00\",\"dateModified\":\"2025-11-22T19:56:25+00:00\",\"description\":\"What does your fashion shop really need to stand out? A vougish fashion shop website template with a simple but classy layout to attract fashion lovers. Jupiter X WP Theme provides you with a beautiful one!\",\"breadcrumb\":{\"@id\":\"https:\\\/\\\/www.ecosolucionesquimicas.es\\\/en\\\/cookie-policy\\\/#breadcrumb\"},\"inLanguage\":\"en-US\",\"potentialAction\":[{\"@type\":\"ReadAction\",\"target\":[\"https:\\\/\\\/www.ecosolucionesquimicas.es\\\/en\\\/cookie-policy\\\/\"]}]},{\"@type\":\"BreadcrumbList\",\"@id\":\"https:\\\/\\\/www.ecosolucionesquimicas.es\\\/en\\\/cookie-policy\\\/#breadcrumb\",\"itemListElement\":[{\"@type\":\"ListItem\",\"position\":1,\"name\":\"Portada\",\"item\":\"https:\\\/\\\/www.ecosolucionesquimicas.es\\\/en\\\/home\\\/\"},{\"@type\":\"ListItem\",\"position\":2,\"name\":\"Cookie Policy\"}]},{\"@type\":\"WebSite\",\"@id\":\"https:\\\/\\\/www.ecosolucionesquimicas.es\\\/en\\\/#website\",\"url\":\"https:\\\/\\\/www.ecosolucionesquimicas.es\\\/en\\\/\",\"name\":\"Ecosoluciones Qu\u00edmicas\",\"description\":\"Purchase cleaning products and chemicals, manufactured in-house, online.\",\"publisher\":{\"@id\":\"https:\\\/\\\/www.ecosolucionesquimicas.es\\\/en\\\/#organization\"},\"alternateName\":\"EQM\",\"potentialAction\":[{\"@type\":\"SearchAction\",\"target\":{\"@type\":\"EntryPoint\",\"urlTemplate\":\"https:\\\/\\\/www.ecosolucionesquimicas.es\\\/en\\\/?s={search_term_string}\"},\"query-input\":{\"@type\":\"PropertyValueSpecification\",\"valueRequired\":true,\"valueName\":\"search_term_string\"}}],\"inLanguage\":\"en-US\"},{\"@type\":\"Organization\",\"@id\":\"https:\\\/\\\/www.ecosolucionesquimicas.es\\\/en\\\/#organization\",\"name\":\"Ecosoluciones Qu\u00edmicas\",\"url\":\"https:\\\/\\\/www.ecosolucionesquimicas.es\\\/en\\\/\",\"logo\":{\"@type\":\"ImageObject\",\"inLanguage\":\"en-US\",\"@id\":\"https:\\\/\\\/www.ecosolucionesquimicas.es\\\/en\\\/#\\\/schema\\\/logo\\\/image\\\/\",\"url\":\"https:\\\/\\\/www.ecosolucionesquimicas.es\\\/wp-content\\\/uploads\\\/2024\\\/08\\\/LOGO-EQM-NUEVO-.png\",\"contentUrl\":\"https:\\\/\\\/www.ecosolucionesquimicas.es\\\/wp-content\\\/uploads\\\/2024\\\/08\\\/LOGO-EQM-NUEVO-.png\",\"width\":1060,\"height\":456,\"caption\":\"Ecosoluciones Qu\u00edmicas\"},\"image\":{\"@id\":\"https:\\\/\\\/www.ecosolucionesquimicas.es\\\/en\\\/#\\\/schema\\\/logo\\\/image\\\/\"},\"sameAs\":[\"https:\\\/\\\/www.facebook.com\\\/ecosolucionesquimicasmadrid\\\/\",\"https:\\\/\\\/www.instagram.com\\\/ecosolucionesquimicas\\\/\"],\"hasMerchantReturnPolicy\":{\"@type\":\"MerchantReturnPolicy\",\"merchantReturnLink\":\"https:\\\/\\\/www.ecosolucionesquimicas.es\\\/refund_returns\\\/\"}}]}<\/script>\n<!-- \/ Yoast SEO Premium plugin. -->","yoast_head_json":{"title":"Fashion Shop - Jupiter X Templates","description":"What does your fashion shop really need to stand out? A vougish fashion shop website template with a simple but classy layout to attract fashion lovers. Jupiter X WP Theme provides you with a beautiful one!","robots":{"index":"index","follow":"follow","max-snippet":"max-snippet:-1","max-image-preview":"max-image-preview:large","max-video-preview":"max-video-preview:-1"},"canonical":"https:\/\/www.ecosolucionesquimicas.es\/en\/cookie-policy\/","og_locale":"en_US","og_type":"article","og_title":"Cookie Policy - Ecosoluciones Qu\u00edmicas","og_description":"En EQM somos fabricantes de productos qu\u00edmicos. Comercializamos productos preparados para limpieza de hogar, autom\u00f3vil, industrial, alcoholes","og_url":"https:\/\/www.ecosolucionesquimicas.es\/en\/cookie-policy\/","og_site_name":"Ecosoluciones Qu\u00edmicas","article_publisher":"https:\/\/www.facebook.com\/ecosolucionesquimicasmadrid\/","article_modified_time":"2025-11-22T19:56:25+00:00","og_image":[{"width":1060,"height":456,"url":"https:\/\/www.ecosolucionesquimicas.es\/wp-content\/uploads\/2024\/08\/LOGO-EQM-NUEVO-.png","type":"image\/png"}],"twitter_card":"summary_large_image","twitter_misc":{"Est. reading time":"8 minutes"},"schema":{"@context":"https:\/\/schema.org","@graph":[{"@type":"WebPage","@id":"https:\/\/www.ecosolucionesquimicas.es\/en\/cookie-policy\/","url":"https:\/\/www.ecosolucionesquimicas.es\/en\/cookie-policy\/","name":"Fashion Shop - Jupiter X Templates","isPartOf":{"@id":"https:\/\/www.ecosolucionesquimicas.es\/en\/#website"},"datePublished":"2024-02-22T10:57:59+00:00","dateModified":"2025-11-22T19:56:25+00:00","description":"What does your fashion shop really need to stand out? A vougish fashion shop website template with a simple but classy layout to attract fashion lovers. Jupiter X WP Theme provides you with a beautiful one!","breadcrumb":{"@id":"https:\/\/www.ecosolucionesquimicas.es\/en\/cookie-policy\/#breadcrumb"},"inLanguage":"en-US","potentialAction":[{"@type":"ReadAction","target":["https:\/\/www.ecosolucionesquimicas.es\/en\/cookie-policy\/"]}]},{"@type":"BreadcrumbList","@id":"https:\/\/www.ecosolucionesquimicas.es\/en\/cookie-policy\/#breadcrumb","itemListElement":[{"@type":"ListItem","position":1,"name":"Portada","item":"https:\/\/www.ecosolucionesquimicas.es\/en\/home\/"},{"@type":"ListItem","position":2,"name":"Cookie Policy"}]},{"@type":"WebSite","@id":"https:\/\/www.ecosolucionesquimicas.es\/en\/#website","url":"https:\/\/www.ecosolucionesquimicas.es\/en\/","name":"Ecosoluciones Qu\u00edmicas","description":"Purchase cleaning products and chemicals, manufactured in-house, online.","publisher":{"@id":"https:\/\/www.ecosolucionesquimicas.es\/en\/#organization"},"alternateName":"EQM","potentialAction":[{"@type":"SearchAction","target":{"@type":"EntryPoint","urlTemplate":"https:\/\/www.ecosolucionesquimicas.es\/en\/?s={search_term_string}"},"query-input":{"@type":"PropertyValueSpecification","valueRequired":true,"valueName":"search_term_string"}}],"inLanguage":"en-US"},{"@type":"Organization","@id":"https:\/\/www.ecosolucionesquimicas.es\/en\/#organization","name":"Ecosoluciones Qu\u00edmicas","url":"https:\/\/www.ecosolucionesquimicas.es\/en\/","logo":{"@type":"ImageObject","inLanguage":"en-US","@id":"https:\/\/www.ecosolucionesquimicas.es\/en\/#\/schema\/logo\/image\/","url":"https:\/\/www.ecosolucionesquimicas.es\/wp-content\/uploads\/2024\/08\/LOGO-EQM-NUEVO-.png","contentUrl":"https:\/\/www.ecosolucionesquimicas.es\/wp-content\/uploads\/2024\/08\/LOGO-EQM-NUEVO-.png","width":1060,"height":456,"caption":"Ecosoluciones Qu\u00edmicas"},"image":{"@id":"https:\/\/www.ecosolucionesquimicas.es\/en\/#\/schema\/logo\/image\/"},"sameAs":["https:\/\/www.facebook.com\/ecosolucionesquimicasmadrid\/","https:\/\/www.instagram.com\/ecosolucionesquimicas\/"],"hasMerchantReturnPolicy":{"@type":"MerchantReturnPolicy","merchantReturnLink":"https:\/\/www.ecosolucionesquimicas.es\/refund_returns\/"}}]}},"_links":{"self":[{"href":"https:\/\/www.ecosolucionesquimicas.es\/en\/wp-json\/wp\/v2\/pages\/12735","targetHints":{"allow":["GET"]}}],"collection":[{"href":"https:\/\/www.ecosolucionesquimicas.es\/en\/wp-json\/wp\/v2\/pages"}],"about":[{"href":"https:\/\/www.ecosolucionesquimicas.es\/en\/wp-json\/wp\/v2\/types\/page"}],"author":[{"embeddable":true,"href":"https:\/\/www.ecosolucionesquimicas.es\/en\/wp-json\/wp\/v2\/users\/1"}],"replies":[{"embeddable":true,"href":"https:\/\/www.ecosolucionesquimicas.es\/en\/wp-json\/wp\/v2\/comments?post=12735"}],"version-history":[{"count":3,"href":"https:\/\/www.ecosolucionesquimicas.es\/en\/wp-json\/wp\/v2\/pages\/12735\/revisions"}],"predecessor-version":[{"id":12738,"href":"https:\/\/www.ecosolucionesquimicas.es\/en\/wp-json\/wp\/v2\/pages\/12735\/revisions\/12738"}],"wp:attachment":[{"href":"https:\/\/www.ecosolucionesquimicas.es\/en\/wp-json\/wp\/v2\/media?parent=12735"}],"curies":[{"name":"wp","href":"https:\/\/api.w.org\/{rel}","templated":true}]}}